{"id":13746,"date":"2018-07-09T15:45:14","date_gmt":"2018-07-09T13:45:14","guid":{"rendered":"https:\/\/iste.yhello.co\/?post_type=product&#038;p=13746"},"modified":"2024-01-03T13:42:29","modified_gmt":"2024-01-03T13:42:29","slug":"structures-sociales-et-systemes-naturels","status":"publish","type":"product","link":"https:\/\/www.istegroup.com\/fr\/produit\/structures-sociales-et-systemes-naturels\/","title":{"rendered":"Structures sociales et syst\u00e8mes naturels"},"content":{"rendered":"<p>Prise en \u00e9tau entre les causalit\u00e9s caricaturales du d\u00e9terminisme biologique et les abdications sinistres du relativisme sociologique, l&rsquo;interdisciplinarit\u00e9 socio-\u00e9cologique pi\u00e9tine. Elle a perdu de vue l&rsquo;ambition d&rsquo;un programme \u00e0 long terme et ne travaille plus \u00e0 instruire la recherche appliqu\u00e9e sur les pr\u00e9requis concrets d&rsquo;une coop\u00e9ration fiable, en d\u00e9pit de l&rsquo;accumulation des urgences.<\/p>\n<p>La difficult\u00e9 tient au d\u00e9laissement g\u00e9n\u00e9ral et prolong\u00e9 de proc\u00e9dures n\u00e9cessaires, sous l&rsquo;influence de pr\u00e9somptions philosophiques masqu\u00e9es. Au bout du compte, l&rsquo;\u00e9cologie, la sociologie, l&rsquo;histoire, l&rsquo;\u00e9conomie, l&rsquo;agronomie, etc., se r\u00e9v\u00e8lent gravement handicap\u00e9es par l&rsquo;absence d&rsquo;une \u00e9pist\u00e9mologie commune de la pratique comparative, absence entretenue par l&rsquo;\u00e9pist\u00e9mologie dominante elle-m\u00eame.<\/p>\n<p><em>Structures sociales et syst\u00e8mes naturels<\/em>\u00a0s&#8217;emploie \u00e0 montrer \u00e0 partir de l&rsquo;anthropologie sociale et de l&rsquo;\u00e9cologie une compatibilit\u00e9 scientifique de leurs recherches, moyennant des exigences m\u00e9thodologiques qui sont d\u00e9ductibles des conditions d&rsquo;existence de la science elle-m\u00eame. Tout cela se r\u00e9sume \u00e0 un constat : cet ouvrage sera une r\u00e9ussite si, et seulement si, il devient un d\u00e9but.<\/p>\n<p>&nbsp;<\/p>\n<p><strong>La presse en parle<\/strong><\/p>\n<p>(&#8230;) En ressuscitant les perdants magnifiques de l\u2019histoire de l\u2019anthropologie et en leur offrant la mise en perspective qui leur faisait d\u00e9faut, Georges Guille-Escuret pose un jalon d\u00e9terminant pour la pratique de l\u2019interdisciplinarit\u00e9. (&#8230;)\u00a0Il est en tout cas essentiel qu\u2019il soit lu et examin\u00e9 pour ce qu\u2019il est au fond : un grand plaidoyer pour la r\u00e9ouverture de d\u00e9bats fondamentaux. (&#8230;)\u00a0\u00a0<em>L&rsquo;HOMME, <\/em><em>29 juillet 2019<\/em><\/p>\n","protected":false},"excerpt":{"rendered":"<p>Prise en \u00e9tau entre les causalit\u00e9s caricaturales du d\u00e9terminisme biologique et les abdications sinistres du relativisme sociologique, l&rsquo;interdisciplinarit\u00e9 socio-\u00e9cologique pi\u00e9tine. Elle a perdu de vue l&rsquo;ambition d&rsquo;un programme \u00e0 long terme et ne travaille plus \u00e0 instruire la recherche appliqu\u00e9e sur les pr\u00e9requis concrets d&rsquo;une coop\u00e9ration fiable, en d\u00e9pit de l&rsquo;accumulation des urgences. La difficult\u00e9 [&hellip;]<\/p>\n","protected":false},"featured_media":13750,"template":"","meta":{"_acf_changed":false,"_links_to":"","_links_to_target":""},"product_brand":[],"product_cat":[3262],"product_tag":[],"class_list":{"0":"post-13746","1":"product","2":"type-product","3":"status-publish","4":"has-post-thumbnail","6":"product_cat-non-classe","8":"first","9":"instock","10":"sold-individually","11":"shipping-taxable","12":"purchasable","13":"product-type-variable"},"acf":[],"yoast_head":"<!-- This site is optimized with the Yoast SEO plugin v27.2 - https:\/\/yoast.com\/product\/yoast-seo-wordpress\/ -->\n<title>Structures sociales et syst\u00e8mes naturels - ISTE Group<\/title>\n<meta name=\"description\" content=\"Structures sociales et syst\u00e8mes naturels\u00a0s&#039;emploie \u00e0 montrer \u00e0 partir de l&#039;anthropologie sociale et de l&#039;\u00e9cologie une compatibilit\u00e9 scientifique de leurs recherches, moyennant des exigences m\u00e9thodologiques qui sont d\u00e9ductibles des conditions d&#039;existence de la science elle-m\u00eame.\" \/>\n<meta name=\"robots\" content=\"index, follow, max-snippet:-1, max-image-preview:large, max-video-preview:-1\" \/>\n<link rel=\"canonical\" href=\"https:\/\/www.istegroup.com\/en\/produit\/structures-sociales-et-systemes-naturels\/\" \/>\n<meta property=\"og:locale\" content=\"fr_FR\" \/>\n<meta property=\"og:type\" content=\"article\" \/>\n<meta property=\"og:title\" content=\"Structures sociales et syst\u00e8mes naturels - ISTE Group\" \/>\n<meta property=\"og:description\" content=\"Structures sociales et syst\u00e8mes naturels\u00a0s&#039;emploie \u00e0 montrer \u00e0 partir de l&#039;anthropologie sociale et de l&#039;\u00e9cologie une compatibilit\u00e9 scientifique de leurs recherches, moyennant des exigences m\u00e9thodologiques qui sont d\u00e9ductibles des conditions d&#039;existence de la science elle-m\u00eame.\" \/>\n<meta property=\"og:url\" content=\"https:\/\/www.istegroup.com\/en\/produit\/structures-sociales-et-systemes-naturels\/\" \/>\n<meta property=\"og:site_name\" content=\"ISTE Group\" \/>\n<meta property=\"article:modified_time\" content=\"2024-01-03T13:42:29+00:00\" \/>\n<meta property=\"og:image\" content=\"https:\/\/www.istegroup.com\/wp-content\/uploads\/2018\/07\/Guille-Escuret_Front-scaled.jpg\" \/>\n\t<meta property=\"og:image:width\" content=\"1634\" \/>\n\t<meta property=\"og:image:height\" content=\"2560\" \/>\n\t<meta property=\"og:image:type\" content=\"image\/jpeg\" \/>\n<meta name=\"twitter:card\" content=\"summary_large_image\" \/>\n<meta name=\"twitter:label1\" content=\"Est. reading time\" \/>\n\t<meta name=\"twitter:data1\" content=\"1 minute\" \/>\n<script type=\"application\/ld+json\" class=\"yoast-schema-graph\">{\"@context\":\"https:\/\/schema.org\",\"@graph\":[{\"@type\":\"WebPage\",\"@id\":\"https:\/\/www.istegroup.com\/en\/produit\/structures-sociales-et-systemes-naturels\/\",\"url\":\"https:\/\/www.istegroup.com\/en\/produit\/structures-sociales-et-systemes-naturels\/\",\"name\":\"Structures sociales et syst\u00e8mes naturels - ISTE Group\",\"isPartOf\":{\"@id\":\"https:\/\/www.istegroup.com\/#website\"},\"primaryImageOfPage\":{\"@id\":\"https:\/\/www.istegroup.com\/en\/produit\/structures-sociales-et-systemes-naturels\/#primaryimage\"},\"image\":{\"@id\":\"https:\/\/www.istegroup.com\/en\/produit\/structures-sociales-et-systemes-naturels\/#primaryimage\"},\"thumbnailUrl\":\"https:\/\/www.istegroup.com\/wp-content\/uploads\/2018\/07\/Guille-Escuret_Front-scaled.jpg\",\"datePublished\":\"2018-07-09T13:45:14+00:00\",\"dateModified\":\"2024-01-03T13:42:29+00:00\",\"description\":\"Structures sociales et syst\u00e8mes naturels\u00a0s'emploie \u00e0 montrer \u00e0 partir de l'anthropologie sociale et de l'\u00e9cologie une compatibilit\u00e9 scientifique de leurs recherches, moyennant des exigences m\u00e9thodologiques qui sont d\u00e9ductibles des conditions d'existence de la science elle-m\u00eame.\",\"breadcrumb\":{\"@id\":\"https:\/\/www.istegroup.com\/en\/produit\/structures-sociales-et-systemes-naturels\/#breadcrumb\"},\"inLanguage\":\"fr-FR\",\"potentialAction\":[{\"@type\":\"ReadAction\",\"target\":[\"https:\/\/www.istegroup.com\/en\/produit\/structures-sociales-et-systemes-naturels\/\"]}]},{\"@type\":\"ImageObject\",\"inLanguage\":\"fr-FR\",\"@id\":\"https:\/\/www.istegroup.com\/en\/produit\/structures-sociales-et-systemes-naturels\/#primaryimage\",\"url\":\"https:\/\/www.istegroup.com\/wp-content\/uploads\/2018\/07\/Guille-Escuret_Front-scaled.jpg\",\"contentUrl\":\"https:\/\/www.istegroup.com\/wp-content\/uploads\/2018\/07\/Guille-Escuret_Front-scaled.jpg\",\"width\":1634,\"height\":2560,\"caption\":\"L\u2019assemblage scientifique est-il r\u00e9alisable ?\"},{\"@type\":\"BreadcrumbList\",\"@id\":\"https:\/\/www.istegroup.com\/en\/produit\/structures-sociales-et-systemes-naturels\/#breadcrumb\",\"itemListElement\":[{\"@type\":\"ListItem\",\"position\":1,\"name\":\"Home\",\"item\":\"https:\/\/www.istegroup.com\/\"},{\"@type\":\"ListItem\",\"position\":2,\"name\":\"Shop\",\"item\":\"https:\/\/www.istegroup.com\/fr\/nouveautes\/\"},{\"@type\":\"ListItem\",\"position\":3,\"name\":\"Structures sociales et syst\u00e8mes naturels\"}]},{\"@type\":\"WebSite\",\"@id\":\"https:\/\/www.istegroup.com\/#website\",\"url\":\"https:\/\/www.istegroup.com\/\",\"name\":\"ISTE Group\",\"description\":\"\u00c9diteur des Sciences\",\"potentialAction\":[{\"@type\":\"SearchAction\",\"target\":{\"@type\":\"EntryPoint\",\"urlTemplate\":\"https:\/\/www.istegroup.com\/?s={search_term_string}\"},\"query-input\":{\"@type\":\"PropertyValueSpecification\",\"valueRequired\":true,\"valueName\":\"search_term_string\"}}],\"inLanguage\":\"fr-FR\"}]}<\/script>\n<!-- \/ Yoast SEO plugin. -->","yoast_head_json":{"title":"Structures sociales et syst\u00e8mes naturels - ISTE Group","description":"Structures sociales et syst\u00e8mes naturels\u00a0s'emploie \u00e0 montrer \u00e0 partir de l'anthropologie sociale et de l'\u00e9cologie une compatibilit\u00e9 scientifique de leurs recherches, moyennant des exigences m\u00e9thodologiques qui sont d\u00e9ductibles des conditions d'existence de la science elle-m\u00eame.","robots":{"index":"index","follow":"follow","max-snippet":"max-snippet:-1","max-image-preview":"max-image-preview:large","max-video-preview":"max-video-preview:-1"},"canonical":"https:\/\/www.istegroup.com\/en\/produit\/structures-sociales-et-systemes-naturels\/","og_locale":"fr_FR","og_type":"article","og_title":"Structures sociales et syst\u00e8mes naturels - ISTE Group","og_description":"Structures sociales et syst\u00e8mes naturels\u00a0s'emploie \u00e0 montrer \u00e0 partir de l'anthropologie sociale et de l'\u00e9cologie une compatibilit\u00e9 scientifique de leurs recherches, moyennant des exigences m\u00e9thodologiques qui sont d\u00e9ductibles des conditions d'existence de la science elle-m\u00eame.","og_url":"https:\/\/www.istegroup.com\/en\/produit\/structures-sociales-et-systemes-naturels\/","og_site_name":"ISTE Group","article_modified_time":"2024-01-03T13:42:29+00:00","og_image":[{"width":1634,"height":2560,"url":"https:\/\/www.istegroup.com\/wp-content\/uploads\/2018\/07\/Guille-Escuret_Front-scaled.jpg","type":"image\/jpeg"}],"twitter_card":"summary_large_image","twitter_misc":{"Est. reading time":"1 minute"},"schema":{"@context":"https:\/\/schema.org","@graph":[{"@type":"WebPage","@id":"https:\/\/www.istegroup.com\/en\/produit\/structures-sociales-et-systemes-naturels\/","url":"https:\/\/www.istegroup.com\/en\/produit\/structures-sociales-et-systemes-naturels\/","name":"Structures sociales et syst\u00e8mes naturels - ISTE Group","isPartOf":{"@id":"https:\/\/www.istegroup.com\/#website"},"primaryImageOfPage":{"@id":"https:\/\/www.istegroup.com\/en\/produit\/structures-sociales-et-systemes-naturels\/#primaryimage"},"image":{"@id":"https:\/\/www.istegroup.com\/en\/produit\/structures-sociales-et-systemes-naturels\/#primaryimage"},"thumbnailUrl":"https:\/\/www.istegroup.com\/wp-content\/uploads\/2018\/07\/Guille-Escuret_Front-scaled.jpg","datePublished":"2018-07-09T13:45:14+00:00","dateModified":"2024-01-03T13:42:29+00:00","description":"Structures sociales et syst\u00e8mes naturels\u00a0s'emploie \u00e0 montrer \u00e0 partir de l'anthropologie sociale et de l'\u00e9cologie une compatibilit\u00e9 scientifique de leurs recherches, moyennant des exigences m\u00e9thodologiques qui sont d\u00e9ductibles des conditions d'existence de la science elle-m\u00eame.","breadcrumb":{"@id":"https:\/\/www.istegroup.com\/en\/produit\/structures-sociales-et-systemes-naturels\/#breadcrumb"},"inLanguage":"fr-FR","potentialAction":[{"@type":"ReadAction","target":["https:\/\/www.istegroup.com\/en\/produit\/structures-sociales-et-systemes-naturels\/"]}]},{"@type":"ImageObject","inLanguage":"fr-FR","@id":"https:\/\/www.istegroup.com\/en\/produit\/structures-sociales-et-systemes-naturels\/#primaryimage","url":"https:\/\/www.istegroup.com\/wp-content\/uploads\/2018\/07\/Guille-Escuret_Front-scaled.jpg","contentUrl":"https:\/\/www.istegroup.com\/wp-content\/uploads\/2018\/07\/Guille-Escuret_Front-scaled.jpg","width":1634,"height":2560,"caption":"L\u2019assemblage scientifique est-il r\u00e9alisable ?"},{"@type":"BreadcrumbList","@id":"https:\/\/www.istegroup.com\/en\/produit\/structures-sociales-et-systemes-naturels\/#breadcrumb","itemListElement":[{"@type":"ListItem","position":1,"name":"Home","item":"https:\/\/www.istegroup.com\/"},{"@type":"ListItem","position":2,"name":"Shop","item":"https:\/\/www.istegroup.com\/fr\/nouveautes\/"},{"@type":"ListItem","position":3,"name":"Structures sociales et syst\u00e8mes naturels"}]},{"@type":"WebSite","@id":"https:\/\/www.istegroup.com\/#website","url":"https:\/\/www.istegroup.com\/","name":"ISTE Group","description":"\u00c9diteur des Sciences","potentialAction":[{"@type":"SearchAction","target":{"@type":"EntryPoint","urlTemplate":"https:\/\/www.istegroup.com\/?s={search_term_string}"},"query-input":{"@type":"PropertyValueSpecification","valueRequired":true,"valueName":"search_term_string"}}],"inLanguage":"fr-FR"}]}},"_links":{"self":[{"href":"https:\/\/www.istegroup.com\/fr\/wp-json\/wp\/v2\/product\/13746","targetHints":{"allow":["GET"]}}],"collection":[{"href":"https:\/\/www.istegroup.com\/fr\/wp-json\/wp\/v2\/product"}],"about":[{"href":"https:\/\/www.istegroup.com\/fr\/wp-json\/wp\/v2\/types\/product"}],"wp:featuredmedia":[{"embeddable":true,"href":"https:\/\/www.istegroup.com\/fr\/wp-json\/wp\/v2\/media\/13750"}],"wp:attachment":[{"href":"https:\/\/www.istegroup.com\/fr\/wp-json\/wp\/v2\/media?parent=13746"}],"wp:term":[{"taxonomy":"product_brand","embeddable":true,"href":"https:\/\/www.istegroup.com\/fr\/wp-json\/wp\/v2\/product_brand?post=13746"},{"taxonomy":"product_cat","embeddable":true,"href":"https:\/\/www.istegroup.com\/fr\/wp-json\/wp\/v2\/product_cat?post=13746"},{"taxonomy":"product_tag","embeddable":true,"href":"https:\/\/www.istegroup.com\/fr\/wp-json\/wp\/v2\/product_tag?post=13746"}],"curies":[{"name":"wp","href":"https:\/\/api.w.org\/{rel}","templated":true}]}}