{"id":13727,"date":"2018-07-09T15:11:41","date_gmt":"2018-07-09T13:11:41","guid":{"rendered":"https:\/\/iste.yhello.co\/?post_type=product&#038;p=13727"},"modified":"2024-01-03T13:42:29","modified_gmt":"2024-01-03T13:42:29","slug":"strategies-manageriales-et-creation-de-valeur","status":"publish","type":"product","link":"https:\/\/www.istegroup.com\/fr\/produit\/strategies-manageriales-et-creation-de-valeur\/","title":{"rendered":"Strat\u00e9gies manag\u00e9riales et cr\u00e9ation de valeur"},"content":{"rendered":"<p>Partant de probl\u00e9matiques de management strat\u00e9gique et de cas d\u2019\u00e9cole de la r\u00e9flexion manag\u00e9riale,\u00a0<em>Strat\u00e9gies manag\u00e9riales et cr\u00e9ation de valeur<\/em>\u00a0pr\u00e9sente une grille d\u2019analyse originale en s\u2019appuyant sur des concepts de la th\u00e9orie des jeux. Une approche conceptuelle et op\u00e9rationnelle du d\u00e9nouement de ces probl\u00e9matiques concr\u00e8tes est propos\u00e9e. La formulation des concepts se veut p\u00e9dagogique avec une perspective d\u2019utilisation op\u00e9rationnelle.<\/p>\n<p>L\u2019ouvrage analyse \u00e0 la fois les aspects pr\u00e9dictifs et d\u2019aide \u00e0 la d\u00e9cision et la dimension r\u00e9flexive de la th\u00e9orie des jeux. Il permet, gr\u00e2ce aux outils pr\u00e9sent\u00e9s, d\u2019affiner le processus de d\u00e9cision strat\u00e9gique et de comprendre comment se dessine une strat\u00e9gie d\u2019entreprise dans un contexte d\u2019interactions et de concurrence sur les march\u00e9s.<\/p>\n<p>Il s\u2019adresse aussi bien \u00e0 des managers, des cadres d\u2019entreprises priv\u00e9es ou publiques, des intervenants en formation initiale et\/ou continue qu\u2019\u00e0 des \u00e9tudiants qui suivent un cursus \u00e0 l\u2019universit\u00e9 ou dans une grande \u00e9cole (commerce et\/ou ing\u00e9nieurs).<\/p>\n","protected":false},"excerpt":{"rendered":"<p>Partant de probl\u00e9matiques de management strat\u00e9gique et de cas d\u2019\u00e9cole de la r\u00e9flexion manag\u00e9riale,\u00a0Strat\u00e9gies manag\u00e9riales et cr\u00e9ation de valeur\u00a0pr\u00e9sente une grille d\u2019analyse originale en s\u2019appuyant sur des concepts de la th\u00e9orie des jeux. Une approche conceptuelle et op\u00e9rationnelle du d\u00e9nouement de ces probl\u00e9matiques concr\u00e8tes est propos\u00e9e. La formulation des concepts se veut p\u00e9dagogique avec une [&hellip;]<\/p>\n","protected":false},"featured_media":13736,"template":"","meta":{"_acf_changed":false,"_links_to":"","_links_to_target":""},"product_brand":[],"product_cat":[3262],"product_tag":[],"class_list":{"0":"post-13727","1":"product","2":"type-product","3":"status-publish","4":"has-post-thumbnail","6":"product_cat-non-classe","8":"first","9":"instock","10":"shipping-taxable","11":"purchasable","12":"product-type-variable"},"acf":[],"yoast_head":"<!-- This site is optimized with the Yoast SEO plugin v27.2 - https:\/\/yoast.com\/product\/yoast-seo-wordpress\/ -->\n<title>Strat\u00e9gies manag\u00e9riales et cr\u00e9ation de valeur - ISTE Group<\/title>\n<meta name=\"description\" content=\"Partant de probl\u00e9matiques de management strat\u00e9gique et de cas d\u2019\u00e9cole de la r\u00e9flexion manag\u00e9riale,\u00a0Strat\u00e9gies manag\u00e9riales et cr\u00e9ation de valeur\u00a0pr\u00e9sente une grille d\u2019analyse originale en s\u2019appuyant sur des concepts de la th\u00e9orie des jeux.\" \/>\n<meta name=\"robots\" content=\"index, follow, max-snippet:-1, max-image-preview:large, max-video-preview:-1\" \/>\n<link rel=\"canonical\" href=\"https:\/\/www.istegroup.com\/en\/produit\/strategies-manageriales-et-creation-de-valeur\/\" \/>\n<meta property=\"og:locale\" content=\"fr_FR\" \/>\n<meta property=\"og:type\" content=\"article\" \/>\n<meta property=\"og:title\" content=\"Strat\u00e9gies manag\u00e9riales et cr\u00e9ation de valeur - ISTE Group\" \/>\n<meta property=\"og:description\" content=\"Partant de probl\u00e9matiques de management strat\u00e9gique et de cas d\u2019\u00e9cole de la r\u00e9flexion manag\u00e9riale,\u00a0Strat\u00e9gies manag\u00e9riales et cr\u00e9ation de valeur\u00a0pr\u00e9sente une grille d\u2019analyse originale en s\u2019appuyant sur des concepts de la th\u00e9orie des jeux.\" \/>\n<meta property=\"og:url\" content=\"https:\/\/www.istegroup.com\/en\/produit\/strategies-manageriales-et-creation-de-valeur\/\" \/>\n<meta property=\"og:site_name\" content=\"ISTE Group\" \/>\n<meta property=\"article:modified_time\" content=\"2024-01-03T13:42:29+00:00\" \/>\n<meta property=\"og:image\" content=\"https:\/\/www.istegroup.com\/wp-content\/uploads\/2018\/07\/Hammoudi_Front-scaled.jpg\" \/>\n\t<meta property=\"og:image:width\" content=\"1697\" \/>\n\t<meta property=\"og:image:height\" content=\"2560\" \/>\n\t<meta property=\"og:image:type\" content=\"image\/jpeg\" \/>\n<meta name=\"twitter:card\" content=\"summary_large_image\" \/>\n<meta name=\"twitter:label1\" content=\"Est. reading time\" \/>\n\t<meta name=\"twitter:data1\" content=\"1 minute\" \/>\n<script type=\"application\/ld+json\" class=\"yoast-schema-graph\">{\"@context\":\"https:\/\/schema.org\",\"@graph\":[{\"@type\":\"WebPage\",\"@id\":\"https:\/\/www.istegroup.com\/en\/produit\/strategies-manageriales-et-creation-de-valeur\/\",\"url\":\"https:\/\/www.istegroup.com\/en\/produit\/strategies-manageriales-et-creation-de-valeur\/\",\"name\":\"Strat\u00e9gies manag\u00e9riales et cr\u00e9ation de valeur - ISTE Group\",\"isPartOf\":{\"@id\":\"https:\/\/www.istegroup.com\/#website\"},\"primaryImageOfPage\":{\"@id\":\"https:\/\/www.istegroup.com\/en\/produit\/strategies-manageriales-et-creation-de-valeur\/#primaryimage\"},\"image\":{\"@id\":\"https:\/\/www.istegroup.com\/en\/produit\/strategies-manageriales-et-creation-de-valeur\/#primaryimage\"},\"thumbnailUrl\":\"https:\/\/www.istegroup.com\/wp-content\/uploads\/2018\/07\/Hammoudi_Front-scaled.jpg\",\"datePublished\":\"2018-07-09T13:11:41+00:00\",\"dateModified\":\"2024-01-03T13:42:29+00:00\",\"description\":\"Partant de probl\u00e9matiques de management strat\u00e9gique et de cas d\u2019\u00e9cole de la r\u00e9flexion manag\u00e9riale,\u00a0Strat\u00e9gies manag\u00e9riales et cr\u00e9ation de valeur\u00a0pr\u00e9sente une grille d\u2019analyse originale en s\u2019appuyant sur des concepts de la th\u00e9orie des jeux.\",\"breadcrumb\":{\"@id\":\"https:\/\/www.istegroup.com\/en\/produit\/strategies-manageriales-et-creation-de-valeur\/#breadcrumb\"},\"inLanguage\":\"fr-FR\",\"potentialAction\":[{\"@type\":\"ReadAction\",\"target\":[\"https:\/\/www.istegroup.com\/en\/produit\/strategies-manageriales-et-creation-de-valeur\/\"]}]},{\"@type\":\"ImageObject\",\"inLanguage\":\"fr-FR\",\"@id\":\"https:\/\/www.istegroup.com\/en\/produit\/strategies-manageriales-et-creation-de-valeur\/#primaryimage\",\"url\":\"https:\/\/www.istegroup.com\/wp-content\/uploads\/2018\/07\/Hammoudi_Front-scaled.jpg\",\"contentUrl\":\"https:\/\/www.istegroup.com\/wp-content\/uploads\/2018\/07\/Hammoudi_Front-scaled.jpg\",\"width\":1697,\"height\":2560,\"caption\":\"Une approche par la th\u00e9orie des jeux\"},{\"@type\":\"BreadcrumbList\",\"@id\":\"https:\/\/www.istegroup.com\/en\/produit\/strategies-manageriales-et-creation-de-valeur\/#breadcrumb\",\"itemListElement\":[{\"@type\":\"ListItem\",\"position\":1,\"name\":\"Home\",\"item\":\"https:\/\/www.istegroup.com\/\"},{\"@type\":\"ListItem\",\"position\":2,\"name\":\"Shop\",\"item\":\"https:\/\/www.istegroup.com\/fr\/nouveautes\/\"},{\"@type\":\"ListItem\",\"position\":3,\"name\":\"Strat\u00e9gies manag\u00e9riales et cr\u00e9ation de valeur\"}]},{\"@type\":\"WebSite\",\"@id\":\"https:\/\/www.istegroup.com\/#website\",\"url\":\"https:\/\/www.istegroup.com\/\",\"name\":\"ISTE Group\",\"description\":\"\u00c9diteur des Sciences\",\"potentialAction\":[{\"@type\":\"SearchAction\",\"target\":{\"@type\":\"EntryPoint\",\"urlTemplate\":\"https:\/\/www.istegroup.com\/?s={search_term_string}\"},\"query-input\":{\"@type\":\"PropertyValueSpecification\",\"valueRequired\":true,\"valueName\":\"search_term_string\"}}],\"inLanguage\":\"fr-FR\"}]}<\/script>\n<!-- \/ Yoast SEO plugin. -->","yoast_head_json":{"title":"Strat\u00e9gies manag\u00e9riales et cr\u00e9ation de valeur - ISTE Group","description":"Partant de probl\u00e9matiques de management strat\u00e9gique et de cas d\u2019\u00e9cole de la r\u00e9flexion manag\u00e9riale,\u00a0Strat\u00e9gies manag\u00e9riales et cr\u00e9ation de valeur\u00a0pr\u00e9sente une grille d\u2019analyse originale en s\u2019appuyant sur des concepts de la th\u00e9orie des jeux.","robots":{"index":"index","follow":"follow","max-snippet":"max-snippet:-1","max-image-preview":"max-image-preview:large","max-video-preview":"max-video-preview:-1"},"canonical":"https:\/\/www.istegroup.com\/en\/produit\/strategies-manageriales-et-creation-de-valeur\/","og_locale":"fr_FR","og_type":"article","og_title":"Strat\u00e9gies manag\u00e9riales et cr\u00e9ation de valeur - ISTE Group","og_description":"Partant de probl\u00e9matiques de management strat\u00e9gique et de cas d\u2019\u00e9cole de la r\u00e9flexion manag\u00e9riale,\u00a0Strat\u00e9gies manag\u00e9riales et cr\u00e9ation de valeur\u00a0pr\u00e9sente une grille d\u2019analyse originale en s\u2019appuyant sur des concepts de la th\u00e9orie des jeux.","og_url":"https:\/\/www.istegroup.com\/en\/produit\/strategies-manageriales-et-creation-de-valeur\/","og_site_name":"ISTE Group","article_modified_time":"2024-01-03T13:42:29+00:00","og_image":[{"width":1697,"height":2560,"url":"https:\/\/www.istegroup.com\/wp-content\/uploads\/2018\/07\/Hammoudi_Front-scaled.jpg","type":"image\/jpeg"}],"twitter_card":"summary_large_image","twitter_misc":{"Est. reading time":"1 minute"},"schema":{"@context":"https:\/\/schema.org","@graph":[{"@type":"WebPage","@id":"https:\/\/www.istegroup.com\/en\/produit\/strategies-manageriales-et-creation-de-valeur\/","url":"https:\/\/www.istegroup.com\/en\/produit\/strategies-manageriales-et-creation-de-valeur\/","name":"Strat\u00e9gies manag\u00e9riales et cr\u00e9ation de valeur - ISTE Group","isPartOf":{"@id":"https:\/\/www.istegroup.com\/#website"},"primaryImageOfPage":{"@id":"https:\/\/www.istegroup.com\/en\/produit\/strategies-manageriales-et-creation-de-valeur\/#primaryimage"},"image":{"@id":"https:\/\/www.istegroup.com\/en\/produit\/strategies-manageriales-et-creation-de-valeur\/#primaryimage"},"thumbnailUrl":"https:\/\/www.istegroup.com\/wp-content\/uploads\/2018\/07\/Hammoudi_Front-scaled.jpg","datePublished":"2018-07-09T13:11:41+00:00","dateModified":"2024-01-03T13:42:29+00:00","description":"Partant de probl\u00e9matiques de management strat\u00e9gique et de cas d\u2019\u00e9cole de la r\u00e9flexion manag\u00e9riale,\u00a0Strat\u00e9gies manag\u00e9riales et cr\u00e9ation de valeur\u00a0pr\u00e9sente une grille d\u2019analyse originale en s\u2019appuyant sur des concepts de la th\u00e9orie des jeux.","breadcrumb":{"@id":"https:\/\/www.istegroup.com\/en\/produit\/strategies-manageriales-et-creation-de-valeur\/#breadcrumb"},"inLanguage":"fr-FR","potentialAction":[{"@type":"ReadAction","target":["https:\/\/www.istegroup.com\/en\/produit\/strategies-manageriales-et-creation-de-valeur\/"]}]},{"@type":"ImageObject","inLanguage":"fr-FR","@id":"https:\/\/www.istegroup.com\/en\/produit\/strategies-manageriales-et-creation-de-valeur\/#primaryimage","url":"https:\/\/www.istegroup.com\/wp-content\/uploads\/2018\/07\/Hammoudi_Front-scaled.jpg","contentUrl":"https:\/\/www.istegroup.com\/wp-content\/uploads\/2018\/07\/Hammoudi_Front-scaled.jpg","width":1697,"height":2560,"caption":"Une approche par la th\u00e9orie des jeux"},{"@type":"BreadcrumbList","@id":"https:\/\/www.istegroup.com\/en\/produit\/strategies-manageriales-et-creation-de-valeur\/#breadcrumb","itemListElement":[{"@type":"ListItem","position":1,"name":"Home","item":"https:\/\/www.istegroup.com\/"},{"@type":"ListItem","position":2,"name":"Shop","item":"https:\/\/www.istegroup.com\/fr\/nouveautes\/"},{"@type":"ListItem","position":3,"name":"Strat\u00e9gies manag\u00e9riales et cr\u00e9ation de valeur"}]},{"@type":"WebSite","@id":"https:\/\/www.istegroup.com\/#website","url":"https:\/\/www.istegroup.com\/","name":"ISTE Group","description":"\u00c9diteur des Sciences","potentialAction":[{"@type":"SearchAction","target":{"@type":"EntryPoint","urlTemplate":"https:\/\/www.istegroup.com\/?s={search_term_string}"},"query-input":{"@type":"PropertyValueSpecification","valueRequired":true,"valueName":"search_term_string"}}],"inLanguage":"fr-FR"}]}},"_links":{"self":[{"href":"https:\/\/www.istegroup.com\/fr\/wp-json\/wp\/v2\/product\/13727","targetHints":{"allow":["GET"]}}],"collection":[{"href":"https:\/\/www.istegroup.com\/fr\/wp-json\/wp\/v2\/product"}],"about":[{"href":"https:\/\/www.istegroup.com\/fr\/wp-json\/wp\/v2\/types\/product"}],"wp:featuredmedia":[{"embeddable":true,"href":"https:\/\/www.istegroup.com\/fr\/wp-json\/wp\/v2\/media\/13736"}],"wp:attachment":[{"href":"https:\/\/www.istegroup.com\/fr\/wp-json\/wp\/v2\/media?parent=13727"}],"wp:term":[{"taxonomy":"product_brand","embeddable":true,"href":"https:\/\/www.istegroup.com\/fr\/wp-json\/wp\/v2\/product_brand?post=13727"},{"taxonomy":"product_cat","embeddable":true,"href":"https:\/\/www.istegroup.com\/fr\/wp-json\/wp\/v2\/product_cat?post=13727"},{"taxonomy":"product_tag","embeddable":true,"href":"https:\/\/www.istegroup.com\/fr\/wp-json\/wp\/v2\/product_tag?post=13727"}],"curies":[{"name":"wp","href":"https:\/\/api.w.org\/{rel}","templated":true}]}}