{"id":13398,"date":"2018-06-28T13:29:53","date_gmt":"2018-06-28T11:29:53","guid":{"rendered":"https:\/\/iste.yhello.co\/?post_type=product&#038;p=13398"},"modified":"2025-07-03T09:11:24","modified_gmt":"2025-07-03T08:11:24","slug":"inondations-1","status":"publish","type":"product","link":"https:\/\/www.istegroup.com\/fr\/produit\/inondations-1\/","title":{"rendered":"Inondations 1"},"content":{"rendered":"<p>Depuis une trentaine d\u2019ann\u00e9es, la connaissance des inondations s\u2019est d\u00e9multipli\u00e9e ; de la pure science hydrologique et hydraulique, elle s\u2019est ouverte \u00e0 d\u2019autres disciplines comme l\u2019\u00e9conomie ainsi que les sciences humaines et territoriales.<\/p>\n<p><em>Inondations 1 : la connaissance du risque<\/em>\u00a0offre une revue des connaissances actuelles sur le risque inondation dans une d\u00e9marche pluridisciplinaire. Si la connaissance de l\u2019al\u00e9a dans ses pratiques mod\u00e9lisatrices ou approches naturalistes reste essentielle, elle s\u2019enrichit de connaissances en sciences humaines, \u00e9conomiques, g\u00e9ographiques, en psychologie de l\u2019environnement et en histoire.<\/p>\n<p>Partant du constat que les impacts des inondations sont toujours croissants, cet ouvrage analyse les constituants du risque. L\u2019approche int\u00e9gr\u00e9e du risque inondation pr\u00e9sent\u00e9e relativise les conclusions actuelles sur les \u00e9ventuels effets du changement climatique en montrant que les facteurs humains sont essentiels pour appr\u00e9cier les processus de \u00ab production du risque \u00bb.<\/p>\n","protected":false},"excerpt":{"rendered":"<p>Version papier \u00e9puis\u00e9e<\/p>\n","protected":false},"featured_media":13402,"template":"","meta":{"_acf_changed":false,"_links_to":"","_links_to_target":""},"product_brand":[],"product_cat":[3262],"product_tag":[],"class_list":{"0":"post-13398","1":"product","2":"type-product","3":"status-publish","4":"has-post-thumbnail","6":"product_cat-non-classe","8":"first","9":"instock","10":"shipping-taxable","11":"purchasable","12":"product-type-variable"},"acf":[],"yoast_head":"<!-- This site is optimized with the Yoast SEO plugin v27.2 - https:\/\/yoast.com\/product\/yoast-seo-wordpress\/ -->\n<title>Inondations 1 - ISTE Group<\/title>\n<meta name=\"description\" content=\"Inondations 1 : la connaissance du risque\u00a0offre une revue des connaissances actuelles sur le risque inondation dans une d\u00e9marche pluridisciplinaire.\" \/>\n<meta name=\"robots\" content=\"index, follow, max-snippet:-1, max-image-preview:large, max-video-preview:-1\" \/>\n<link rel=\"canonical\" href=\"https:\/\/www.istegroup.com\/produit\/inondations-1\/\" \/>\n<meta property=\"og:locale\" content=\"fr_FR\" \/>\n<meta property=\"og:type\" content=\"article\" \/>\n<meta property=\"og:title\" content=\"Inondations 1 - ISTE Group\" \/>\n<meta property=\"og:description\" content=\"Inondations 1 : la connaissance du risque\u00a0offre une revue des connaissances actuelles sur le risque inondation dans une d\u00e9marche pluridisciplinaire.\" \/>\n<meta property=\"og:url\" content=\"https:\/\/www.istegroup.com\/produit\/inondations-1\/\" \/>\n<meta property=\"og:site_name\" content=\"ISTE Group\" \/>\n<meta property=\"article:modified_time\" content=\"2025-07-03T08:11:24+00:00\" \/>\n<meta property=\"og:image\" content=\"https:\/\/www.istegroup.com\/wp-content\/uploads\/2018\/06\/Vinet-1_Front-scaled.jpg\" \/>\n\t<meta property=\"og:image:width\" content=\"1713\" \/>\n\t<meta property=\"og:image:height\" content=\"2560\" \/>\n\t<meta property=\"og:image:type\" content=\"image\/jpeg\" \/>\n<meta name=\"twitter:card\" content=\"summary_large_image\" \/>\n<meta name=\"twitter:label1\" content=\"Est. reading time\" \/>\n\t<meta name=\"twitter:data1\" content=\"1 minute\" \/>\n<script type=\"application\/ld+json\" class=\"yoast-schema-graph\">{\"@context\":\"https:\/\/schema.org\",\"@graph\":[{\"@type\":\"WebPage\",\"@id\":\"https:\/\/www.istegroup.com\/produit\/inondations-1\/\",\"url\":\"https:\/\/www.istegroup.com\/produit\/inondations-1\/\",\"name\":\"Inondations 1 - ISTE Group\",\"isPartOf\":{\"@id\":\"https:\/\/www.istegroup.com\/#website\"},\"primaryImageOfPage\":{\"@id\":\"https:\/\/www.istegroup.com\/produit\/inondations-1\/#primaryimage\"},\"image\":{\"@id\":\"https:\/\/www.istegroup.com\/produit\/inondations-1\/#primaryimage\"},\"thumbnailUrl\":\"https:\/\/www.istegroup.com\/wp-content\/uploads\/2018\/06\/Vinet-1_Front-scaled.jpg\",\"datePublished\":\"2018-06-28T11:29:53+00:00\",\"dateModified\":\"2025-07-03T08:11:24+00:00\",\"description\":\"Inondations 1 : la connaissance du risque\u00a0offre une revue des connaissances actuelles sur le risque inondation dans une d\u00e9marche pluridisciplinaire.\",\"breadcrumb\":{\"@id\":\"https:\/\/www.istegroup.com\/produit\/inondations-1\/#breadcrumb\"},\"inLanguage\":\"fr-FR\",\"potentialAction\":[{\"@type\":\"ReadAction\",\"target\":[\"https:\/\/www.istegroup.com\/produit\/inondations-1\/\"]}]},{\"@type\":\"ImageObject\",\"inLanguage\":\"fr-FR\",\"@id\":\"https:\/\/www.istegroup.com\/produit\/inondations-1\/#primaryimage\",\"url\":\"https:\/\/www.istegroup.com\/wp-content\/uploads\/2018\/06\/Vinet-1_Front-scaled.jpg\",\"contentUrl\":\"https:\/\/www.istegroup.com\/wp-content\/uploads\/2018\/06\/Vinet-1_Front-scaled.jpg\",\"width\":1713,\"height\":2560,\"caption\":\"La connaissance du risque\"},{\"@type\":\"BreadcrumbList\",\"@id\":\"https:\/\/www.istegroup.com\/produit\/inondations-1\/#breadcrumb\",\"itemListElement\":[{\"@type\":\"ListItem\",\"position\":1,\"name\":\"Home\",\"item\":\"https:\/\/www.istegroup.com\/\"},{\"@type\":\"ListItem\",\"position\":2,\"name\":\"Shop\",\"item\":\"https:\/\/www.istegroup.com\/fr\/nouveautes\/\"},{\"@type\":\"ListItem\",\"position\":3,\"name\":\"Inondations 1\"}]},{\"@type\":\"WebSite\",\"@id\":\"https:\/\/www.istegroup.com\/#website\",\"url\":\"https:\/\/www.istegroup.com\/\",\"name\":\"ISTE Group\",\"description\":\"\u00c9diteur des Sciences\",\"potentialAction\":[{\"@type\":\"SearchAction\",\"target\":{\"@type\":\"EntryPoint\",\"urlTemplate\":\"https:\/\/www.istegroup.com\/?s={search_term_string}\"},\"query-input\":{\"@type\":\"PropertyValueSpecification\",\"valueRequired\":true,\"valueName\":\"search_term_string\"}}],\"inLanguage\":\"fr-FR\"}]}<\/script>\n<!-- \/ Yoast SEO plugin. -->","yoast_head_json":{"title":"Inondations 1 - ISTE Group","description":"Inondations 1 : la connaissance du risque\u00a0offre une revue des connaissances actuelles sur le risque inondation dans une d\u00e9marche pluridisciplinaire.","robots":{"index":"index","follow":"follow","max-snippet":"max-snippet:-1","max-image-preview":"max-image-preview:large","max-video-preview":"max-video-preview:-1"},"canonical":"https:\/\/www.istegroup.com\/produit\/inondations-1\/","og_locale":"fr_FR","og_type":"article","og_title":"Inondations 1 - ISTE Group","og_description":"Inondations 1 : la connaissance du risque\u00a0offre une revue des connaissances actuelles sur le risque inondation dans une d\u00e9marche pluridisciplinaire.","og_url":"https:\/\/www.istegroup.com\/produit\/inondations-1\/","og_site_name":"ISTE Group","article_modified_time":"2025-07-03T08:11:24+00:00","og_image":[{"width":1713,"height":2560,"url":"https:\/\/www.istegroup.com\/wp-content\/uploads\/2018\/06\/Vinet-1_Front-scaled.jpg","type":"image\/jpeg"}],"twitter_card":"summary_large_image","twitter_misc":{"Est. reading time":"1 minute"},"schema":{"@context":"https:\/\/schema.org","@graph":[{"@type":"WebPage","@id":"https:\/\/www.istegroup.com\/produit\/inondations-1\/","url":"https:\/\/www.istegroup.com\/produit\/inondations-1\/","name":"Inondations 1 - ISTE Group","isPartOf":{"@id":"https:\/\/www.istegroup.com\/#website"},"primaryImageOfPage":{"@id":"https:\/\/www.istegroup.com\/produit\/inondations-1\/#primaryimage"},"image":{"@id":"https:\/\/www.istegroup.com\/produit\/inondations-1\/#primaryimage"},"thumbnailUrl":"https:\/\/www.istegroup.com\/wp-content\/uploads\/2018\/06\/Vinet-1_Front-scaled.jpg","datePublished":"2018-06-28T11:29:53+00:00","dateModified":"2025-07-03T08:11:24+00:00","description":"Inondations 1 : la connaissance du risque\u00a0offre une revue des connaissances actuelles sur le risque inondation dans une d\u00e9marche pluridisciplinaire.","breadcrumb":{"@id":"https:\/\/www.istegroup.com\/produit\/inondations-1\/#breadcrumb"},"inLanguage":"fr-FR","potentialAction":[{"@type":"ReadAction","target":["https:\/\/www.istegroup.com\/produit\/inondations-1\/"]}]},{"@type":"ImageObject","inLanguage":"fr-FR","@id":"https:\/\/www.istegroup.com\/produit\/inondations-1\/#primaryimage","url":"https:\/\/www.istegroup.com\/wp-content\/uploads\/2018\/06\/Vinet-1_Front-scaled.jpg","contentUrl":"https:\/\/www.istegroup.com\/wp-content\/uploads\/2018\/06\/Vinet-1_Front-scaled.jpg","width":1713,"height":2560,"caption":"La connaissance du risque"},{"@type":"BreadcrumbList","@id":"https:\/\/www.istegroup.com\/produit\/inondations-1\/#breadcrumb","itemListElement":[{"@type":"ListItem","position":1,"name":"Home","item":"https:\/\/www.istegroup.com\/"},{"@type":"ListItem","position":2,"name":"Shop","item":"https:\/\/www.istegroup.com\/fr\/nouveautes\/"},{"@type":"ListItem","position":3,"name":"Inondations 1"}]},{"@type":"WebSite","@id":"https:\/\/www.istegroup.com\/#website","url":"https:\/\/www.istegroup.com\/","name":"ISTE Group","description":"\u00c9diteur des Sciences","potentialAction":[{"@type":"SearchAction","target":{"@type":"EntryPoint","urlTemplate":"https:\/\/www.istegroup.com\/?s={search_term_string}"},"query-input":{"@type":"PropertyValueSpecification","valueRequired":true,"valueName":"search_term_string"}}],"inLanguage":"fr-FR"}]}},"_links":{"self":[{"href":"https:\/\/www.istegroup.com\/fr\/wp-json\/wp\/v2\/product\/13398","targetHints":{"allow":["GET"]}}],"collection":[{"href":"https:\/\/www.istegroup.com\/fr\/wp-json\/wp\/v2\/product"}],"about":[{"href":"https:\/\/www.istegroup.com\/fr\/wp-json\/wp\/v2\/types\/product"}],"wp:featuredmedia":[{"embeddable":true,"href":"https:\/\/www.istegroup.com\/fr\/wp-json\/wp\/v2\/media\/13402"}],"wp:attachment":[{"href":"https:\/\/www.istegroup.com\/fr\/wp-json\/wp\/v2\/media?parent=13398"}],"wp:term":[{"taxonomy":"product_brand","embeddable":true,"href":"https:\/\/www.istegroup.com\/fr\/wp-json\/wp\/v2\/product_brand?post=13398"},{"taxonomy":"product_cat","embeddable":true,"href":"https:\/\/www.istegroup.com\/fr\/wp-json\/wp\/v2\/product_cat?post=13398"},{"taxonomy":"product_tag","embeddable":true,"href":"https:\/\/www.istegroup.com\/fr\/wp-json\/wp\/v2\/product_tag?post=13398"}],"curies":[{"name":"wp","href":"https:\/\/api.w.org\/{rel}","templated":true}]}}