{"id":13378,"date":"2018-06-28T12:57:50","date_gmt":"2018-06-28T10:57:50","guid":{"rendered":"https:\/\/iste.yhello.co\/?post_type=product&#038;p=13378"},"modified":"2024-01-03T13:42:25","modified_gmt":"2024-01-03T13:42:25","slug":"le-regard-des-hommes-sur-le-soleil","status":"publish","type":"product","link":"https:\/\/www.istegroup.com\/fr\/produit\/le-regard-des-hommes-sur-le-soleil\/","title":{"rendered":"Le regard des hommes sur le Soleil"},"content":{"rendered":"<p>L\u2019int\u00e9r\u00eat port\u00e9 au Soleil a \u00e9volu\u00e9 \u00e0 travers le temps : sans doute d\u2019abord un objet religieux, le Soleil est par la suite devenu un objet de curiosit\u00e9 pour finalement devenir, de nos jours, un objet d\u2019\u00e9tudes.<\/p>\n<p><em>Le regard des hommes sur le Soleil<\/em>\u00a0pr\u00e9sente diff\u00e9rents aspects, des plus mystiques aux plus objectifs, de la relation entre cet astre et les hommes. Il offre d\u2019abord une r\u00e9flexion \u00e9tendue sur la symbolique et la signification de l\u2019astre Soleil telles qu\u2019elles apparaissent dans l\u2019histoire de l\u2019humanit\u00e9. Il analyse des t\u00e9moignages et des documents divers et vari\u00e9s de la mythologie solaire et fait part de l\u2019exp\u00e9rience des historiens. Il traite ensuite des avanc\u00e9es de la physique solaire moderne puis, se tournant vers l\u2019avenir, pr\u00e9sente l\u2019\u00e9nergie solaire et son exploitation future.<\/p>\n<p>&nbsp;<\/p>\n<p><strong>La presse en parle<\/strong><\/p>\n<p>Synth\u00e9tique, tout en \u00e9tant bien complet sur le Soleil, cet ouvrage est vraiment \u00e9clairant pour tous (\u2026)<\/p>\n<p><a style=\"color: #1e9691\" href=\"https:\/\/www.pseudo-sciences.org\/spip.php?article3134\"><em>Association fran\u00e7aise pour l\u2019information scientifique, oct-d\u00e9c 2018<\/em><\/a><\/p>\n","protected":false},"excerpt":{"rendered":"<p>L\u2019int\u00e9r\u00eat port\u00e9 au Soleil a \u00e9volu\u00e9 \u00e0 travers le temps : sans doute d\u2019abord un objet religieux, le Soleil est par la suite devenu un objet de curiosit\u00e9 pour finalement devenir, de nos jours, un objet d\u2019\u00e9tudes. Le regard des hommes sur le Soleil\u00a0pr\u00e9sente diff\u00e9rents aspects, des plus mystiques aux plus objectifs, de la relation [&hellip;]<\/p>\n","protected":false},"featured_media":13382,"template":"","meta":{"_acf_changed":false,"_links_to":"","_links_to_target":""},"product_brand":[],"product_cat":[3262],"product_tag":[],"class_list":{"0":"post-13378","1":"product","2":"type-product","3":"status-publish","4":"has-post-thumbnail","6":"product_cat-non-classe","8":"first","9":"instock","10":"shipping-taxable","11":"purchasable","12":"product-type-variable"},"acf":[],"yoast_head":"<!-- This site is optimized with the Yoast SEO plugin v27.2 - https:\/\/yoast.com\/product\/yoast-seo-wordpress\/ -->\n<title>Le regard des hommes sur le Soleil - ISTE Group<\/title>\n<meta name=\"description\" content=\"Le regard des hommes sur le Soleil\u00a0pr\u00e9sente diff\u00e9rents aspects, des plus mystiques aux plus objectifs, de la relation entre cet astre et les hommes.\" \/>\n<meta name=\"robots\" content=\"index, follow, max-snippet:-1, max-image-preview:large, max-video-preview:-1\" \/>\n<link rel=\"canonical\" href=\"https:\/\/www.istegroup.com\/fr\/produit\/le-regard-des-hommes-sur-le-soleil\/\" \/>\n<meta property=\"og:locale\" content=\"fr_FR\" \/>\n<meta property=\"og:type\" content=\"article\" \/>\n<meta property=\"og:title\" content=\"Le regard des hommes sur le Soleil - ISTE Group\" \/>\n<meta property=\"og:description\" content=\"Le regard des hommes sur le Soleil\u00a0pr\u00e9sente diff\u00e9rents aspects, des plus mystiques aux plus objectifs, de la relation entre cet astre et les hommes.\" \/>\n<meta property=\"og:url\" content=\"https:\/\/www.istegroup.com\/fr\/produit\/le-regard-des-hommes-sur-le-soleil\/\" \/>\n<meta property=\"og:site_name\" content=\"ISTE Group\" \/>\n<meta property=\"article:modified_time\" content=\"2024-01-03T13:42:25+00:00\" \/>\n<meta property=\"og:image\" content=\"https:\/\/www.istegroup.com\/wp-content\/uploads\/2018\/06\/Rochain_Front-scaled.jpg\" \/>\n\t<meta property=\"og:image:width\" content=\"1684\" \/>\n\t<meta property=\"og:image:height\" content=\"2560\" \/>\n\t<meta property=\"og:image:type\" content=\"image\/jpeg\" \/>\n<meta name=\"twitter:card\" content=\"summary_large_image\" \/>\n<meta name=\"twitter:label1\" content=\"Est. reading time\" \/>\n\t<meta name=\"twitter:data1\" content=\"1 minute\" \/>\n<script type=\"application\/ld+json\" class=\"yoast-schema-graph\">{\"@context\":\"https:\/\/schema.org\",\"@graph\":[{\"@type\":\"WebPage\",\"@id\":\"https:\/\/www.istegroup.com\/fr\/produit\/le-regard-des-hommes-sur-le-soleil\/\",\"url\":\"https:\/\/www.istegroup.com\/fr\/produit\/le-regard-des-hommes-sur-le-soleil\/\",\"name\":\"Le regard des hommes sur le Soleil - ISTE Group\",\"isPartOf\":{\"@id\":\"https:\/\/www.istegroup.com\/#website\"},\"primaryImageOfPage\":{\"@id\":\"https:\/\/www.istegroup.com\/fr\/produit\/le-regard-des-hommes-sur-le-soleil\/#primaryimage\"},\"image\":{\"@id\":\"https:\/\/www.istegroup.com\/fr\/produit\/le-regard-des-hommes-sur-le-soleil\/#primaryimage\"},\"thumbnailUrl\":\"https:\/\/www.istegroup.com\/wp-content\/uploads\/2018\/06\/Rochain_Front-scaled.jpg\",\"datePublished\":\"2018-06-28T10:57:50+00:00\",\"dateModified\":\"2024-01-03T13:42:25+00:00\",\"description\":\"Le regard des hommes sur le Soleil\u00a0pr\u00e9sente diff\u00e9rents aspects, des plus mystiques aux plus objectifs, de la relation entre cet astre et les hommes.\",\"breadcrumb\":{\"@id\":\"https:\/\/www.istegroup.com\/fr\/produit\/le-regard-des-hommes-sur-le-soleil\/#breadcrumb\"},\"inLanguage\":\"fr-FR\",\"potentialAction\":[{\"@type\":\"ReadAction\",\"target\":[\"https:\/\/www.istegroup.com\/fr\/produit\/le-regard-des-hommes-sur-le-soleil\/\"]}]},{\"@type\":\"ImageObject\",\"inLanguage\":\"fr-FR\",\"@id\":\"https:\/\/www.istegroup.com\/fr\/produit\/le-regard-des-hommes-sur-le-soleil\/#primaryimage\",\"url\":\"https:\/\/www.istegroup.com\/wp-content\/uploads\/2018\/06\/Rochain_Front-scaled.jpg\",\"contentUrl\":\"https:\/\/www.istegroup.com\/wp-content\/uploads\/2018\/06\/Rochain_Front-scaled.jpg\",\"width\":1684,\"height\":2560,\"caption\":\"Le regard des hommes sur le Soleil ISTE Group\"},{\"@type\":\"BreadcrumbList\",\"@id\":\"https:\/\/www.istegroup.com\/fr\/produit\/le-regard-des-hommes-sur-le-soleil\/#breadcrumb\",\"itemListElement\":[{\"@type\":\"ListItem\",\"position\":1,\"name\":\"Home\",\"item\":\"https:\/\/www.istegroup.com\/\"},{\"@type\":\"ListItem\",\"position\":2,\"name\":\"Shop\",\"item\":\"https:\/\/www.istegroup.com\/fr\/nouveautes\/\"},{\"@type\":\"ListItem\",\"position\":3,\"name\":\"Le regard des hommes sur le Soleil\"}]},{\"@type\":\"WebSite\",\"@id\":\"https:\/\/www.istegroup.com\/#website\",\"url\":\"https:\/\/www.istegroup.com\/\",\"name\":\"ISTE Group\",\"description\":\"\u00c9diteur des Sciences\",\"potentialAction\":[{\"@type\":\"SearchAction\",\"target\":{\"@type\":\"EntryPoint\",\"urlTemplate\":\"https:\/\/www.istegroup.com\/?s={search_term_string}\"},\"query-input\":{\"@type\":\"PropertyValueSpecification\",\"valueRequired\":true,\"valueName\":\"search_term_string\"}}],\"inLanguage\":\"fr-FR\"}]}<\/script>\n<!-- \/ Yoast SEO plugin. -->","yoast_head_json":{"title":"Le regard des hommes sur le Soleil - ISTE Group","description":"Le regard des hommes sur le Soleil\u00a0pr\u00e9sente diff\u00e9rents aspects, des plus mystiques aux plus objectifs, de la relation entre cet astre et les hommes.","robots":{"index":"index","follow":"follow","max-snippet":"max-snippet:-1","max-image-preview":"max-image-preview:large","max-video-preview":"max-video-preview:-1"},"canonical":"https:\/\/www.istegroup.com\/fr\/produit\/le-regard-des-hommes-sur-le-soleil\/","og_locale":"fr_FR","og_type":"article","og_title":"Le regard des hommes sur le Soleil - ISTE Group","og_description":"Le regard des hommes sur le Soleil\u00a0pr\u00e9sente diff\u00e9rents aspects, des plus mystiques aux plus objectifs, de la relation entre cet astre et les hommes.","og_url":"https:\/\/www.istegroup.com\/fr\/produit\/le-regard-des-hommes-sur-le-soleil\/","og_site_name":"ISTE Group","article_modified_time":"2024-01-03T13:42:25+00:00","og_image":[{"width":1684,"height":2560,"url":"https:\/\/www.istegroup.com\/wp-content\/uploads\/2018\/06\/Rochain_Front-scaled.jpg","type":"image\/jpeg"}],"twitter_card":"summary_large_image","twitter_misc":{"Est. reading time":"1 minute"},"schema":{"@context":"https:\/\/schema.org","@graph":[{"@type":"WebPage","@id":"https:\/\/www.istegroup.com\/fr\/produit\/le-regard-des-hommes-sur-le-soleil\/","url":"https:\/\/www.istegroup.com\/fr\/produit\/le-regard-des-hommes-sur-le-soleil\/","name":"Le regard des hommes sur le Soleil - ISTE Group","isPartOf":{"@id":"https:\/\/www.istegroup.com\/#website"},"primaryImageOfPage":{"@id":"https:\/\/www.istegroup.com\/fr\/produit\/le-regard-des-hommes-sur-le-soleil\/#primaryimage"},"image":{"@id":"https:\/\/www.istegroup.com\/fr\/produit\/le-regard-des-hommes-sur-le-soleil\/#primaryimage"},"thumbnailUrl":"https:\/\/www.istegroup.com\/wp-content\/uploads\/2018\/06\/Rochain_Front-scaled.jpg","datePublished":"2018-06-28T10:57:50+00:00","dateModified":"2024-01-03T13:42:25+00:00","description":"Le regard des hommes sur le Soleil\u00a0pr\u00e9sente diff\u00e9rents aspects, des plus mystiques aux plus objectifs, de la relation entre cet astre et les hommes.","breadcrumb":{"@id":"https:\/\/www.istegroup.com\/fr\/produit\/le-regard-des-hommes-sur-le-soleil\/#breadcrumb"},"inLanguage":"fr-FR","potentialAction":[{"@type":"ReadAction","target":["https:\/\/www.istegroup.com\/fr\/produit\/le-regard-des-hommes-sur-le-soleil\/"]}]},{"@type":"ImageObject","inLanguage":"fr-FR","@id":"https:\/\/www.istegroup.com\/fr\/produit\/le-regard-des-hommes-sur-le-soleil\/#primaryimage","url":"https:\/\/www.istegroup.com\/wp-content\/uploads\/2018\/06\/Rochain_Front-scaled.jpg","contentUrl":"https:\/\/www.istegroup.com\/wp-content\/uploads\/2018\/06\/Rochain_Front-scaled.jpg","width":1684,"height":2560,"caption":"Le regard des hommes sur le Soleil ISTE Group"},{"@type":"BreadcrumbList","@id":"https:\/\/www.istegroup.com\/fr\/produit\/le-regard-des-hommes-sur-le-soleil\/#breadcrumb","itemListElement":[{"@type":"ListItem","position":1,"name":"Home","item":"https:\/\/www.istegroup.com\/"},{"@type":"ListItem","position":2,"name":"Shop","item":"https:\/\/www.istegroup.com\/fr\/nouveautes\/"},{"@type":"ListItem","position":3,"name":"Le regard des hommes sur le Soleil"}]},{"@type":"WebSite","@id":"https:\/\/www.istegroup.com\/#website","url":"https:\/\/www.istegroup.com\/","name":"ISTE Group","description":"\u00c9diteur des Sciences","potentialAction":[{"@type":"SearchAction","target":{"@type":"EntryPoint","urlTemplate":"https:\/\/www.istegroup.com\/?s={search_term_string}"},"query-input":{"@type":"PropertyValueSpecification","valueRequired":true,"valueName":"search_term_string"}}],"inLanguage":"fr-FR"}]}},"_links":{"self":[{"href":"https:\/\/www.istegroup.com\/fr\/wp-json\/wp\/v2\/product\/13378","targetHints":{"allow":["GET"]}}],"collection":[{"href":"https:\/\/www.istegroup.com\/fr\/wp-json\/wp\/v2\/product"}],"about":[{"href":"https:\/\/www.istegroup.com\/fr\/wp-json\/wp\/v2\/types\/product"}],"wp:featuredmedia":[{"embeddable":true,"href":"https:\/\/www.istegroup.com\/fr\/wp-json\/wp\/v2\/media\/13382"}],"wp:attachment":[{"href":"https:\/\/www.istegroup.com\/fr\/wp-json\/wp\/v2\/media?parent=13378"}],"wp:term":[{"taxonomy":"product_brand","embeddable":true,"href":"https:\/\/www.istegroup.com\/fr\/wp-json\/wp\/v2\/product_brand?post=13378"},{"taxonomy":"product_cat","embeddable":true,"href":"https:\/\/www.istegroup.com\/fr\/wp-json\/wp\/v2\/product_cat?post=13378"},{"taxonomy":"product_tag","embeddable":true,"href":"https:\/\/www.istegroup.com\/fr\/wp-json\/wp\/v2\/product_tag?post=13378"}],"curies":[{"name":"wp","href":"https:\/\/api.w.org\/{rel}","templated":true}]}}