{"id":13371,"date":"2018-06-28T12:50:43","date_gmt":"2018-06-28T10:50:43","guid":{"rendered":"https:\/\/iste.yhello.co\/?post_type=product&#038;p=13371"},"modified":"2024-01-03T13:42:25","modified_gmt":"2024-01-03T13:42:25","slug":"les-marches-financiers-de-matieres-premieres","status":"publish","type":"product","link":"https:\/\/www.istegroup.com\/fr\/produit\/les-marches-financiers-de-matieres-premieres\/","title":{"rendered":"Les march\u00e9s financiers de mati\u00e8res premi\u00e8res"},"content":{"rendered":"<p>Les mati\u00e8res premi\u00e8res agricoles, \u00e9nerg\u00e9tiques ou min\u00e9rales, font l\u2019objet d\u2019un n\u00e9goce international sur deux cat\u00e9gories de march\u00e9s : les march\u00e9s physiques et les march\u00e9s financiers. Plus pr\u00e9cis\u00e9ment, sur les march\u00e9s financiers sont n\u00e9goci\u00e9s des contrats dont le prix d\u00e9pend du montant d\u2019une mati\u00e8re premi\u00e8re. On appelle ces contrats des produits d\u00e9riv\u00e9s (contrats \u00e0 terme, contrats d\u2019option, swaps).<\/p>\n<p>Cet ouvrage pr\u00e9sente d\u2019une part les caract\u00e9ristiques de ces produits d\u00e9riv\u00e9s et des march\u00e9s sur lesquels ils sont n\u00e9goci\u00e9s, d\u2019autre part les op\u00e9rations qui combinent g\u00e9n\u00e9ralement une action sur le march\u00e9 physique et une op\u00e9ration sur le march\u00e9 financier correspondant.<\/p>\n<p><em>Les march\u00e9s financiers de mati\u00e8res premi\u00e8res<\/em>\u00a0s\u2019appuie principalement sur les ressources de l\u2019analyse \u00e9conomique, plus particuli\u00e8rement de l\u2019\u00e9conomie financi\u00e8re, car le recours \u00e0 cette discipline est indispensable pour comprendre les grandes op\u00e9rations qui sont conduites quotidiennement par les op\u00e9rateurs sur ces march\u00e9s : n\u00e9gociants, producteurs, transformateurs, financiers.<\/p>\n","protected":false},"excerpt":{"rendered":"<p>Les mati\u00e8res premi\u00e8res agricoles, \u00e9nerg\u00e9tiques ou min\u00e9rales, font l\u2019objet d\u2019un n\u00e9goce international sur deux cat\u00e9gories de march\u00e9s : les march\u00e9s physiques et les march\u00e9s financiers. Plus pr\u00e9cis\u00e9ment, sur les march\u00e9s financiers sont n\u00e9goci\u00e9s des contrats dont le prix d\u00e9pend du montant d\u2019une mati\u00e8re premi\u00e8re. On appelle ces contrats des produits d\u00e9riv\u00e9s (contrats \u00e0 terme, contrats [&hellip;]<\/p>\n","protected":false},"featured_media":13377,"template":"","meta":{"_acf_changed":false,"_links_to":"","_links_to_target":""},"product_brand":[],"product_cat":[3262],"product_tag":[],"class_list":{"0":"post-13371","1":"product","2":"type-product","3":"status-publish","4":"has-post-thumbnail","6":"product_cat-non-classe","8":"first","9":"instock","10":"shipping-taxable","11":"purchasable","12":"product-type-variable"},"acf":[],"yoast_head":"<!-- This site is optimized with the Yoast SEO plugin v27.2 - https:\/\/yoast.com\/product\/yoast-seo-wordpress\/ -->\n<title>Les march\u00e9s financiers de mati\u00e8res premi\u00e8res - ISTE Group<\/title>\n<meta name=\"description\" content=\"Les march\u00e9s financiers de mati\u00e8res premi\u00e8res\u00a0s\u2019appuie principalement sur les ressources de l\u2019analyse \u00e9conomique, plus particuli\u00e8rement de l\u2019\u00e9conomie financi\u00e8re, car le recours \u00e0 cette discipline est indispensable pour comprendre les grandes op\u00e9rations qui sont conduites quotidiennement par les op\u00e9rateurs sur ces march\u00e9s : n\u00e9gociants, producteurs, transformateurs, financiers.\" \/>\n<meta name=\"robots\" content=\"index, follow, max-snippet:-1, max-image-preview:large, max-video-preview:-1\" \/>\n<link rel=\"canonical\" href=\"https:\/\/www.istegroup.com\/en\/produit\/les-marches-financiers-de-matieres-premieres\/\" \/>\n<meta property=\"og:locale\" content=\"fr_FR\" \/>\n<meta property=\"og:type\" content=\"article\" \/>\n<meta property=\"og:title\" content=\"Les march\u00e9s financiers de mati\u00e8res premi\u00e8res - ISTE Group\" \/>\n<meta property=\"og:description\" content=\"Les march\u00e9s financiers de mati\u00e8res premi\u00e8res\u00a0s\u2019appuie principalement sur les ressources de l\u2019analyse \u00e9conomique, plus particuli\u00e8rement de l\u2019\u00e9conomie financi\u00e8re, car le recours \u00e0 cette discipline est indispensable pour comprendre les grandes op\u00e9rations qui sont conduites quotidiennement par les op\u00e9rateurs sur ces march\u00e9s : n\u00e9gociants, producteurs, transformateurs, financiers.\" \/>\n<meta property=\"og:url\" content=\"https:\/\/www.istegroup.com\/en\/produit\/les-marches-financiers-de-matieres-premieres\/\" \/>\n<meta property=\"og:site_name\" content=\"ISTE Group\" \/>\n<meta property=\"article:modified_time\" content=\"2024-01-03T13:42:25+00:00\" \/>\n<meta property=\"og:image\" content=\"https:\/\/www.istegroup.com\/wp-content\/uploads\/2018\/06\/Priolon_Front-scaled.jpg\" \/>\n\t<meta property=\"og:image:width\" content=\"1671\" \/>\n\t<meta property=\"og:image:height\" content=\"2560\" \/>\n\t<meta property=\"og:image:type\" content=\"image\/jpeg\" \/>\n<meta name=\"twitter:card\" content=\"summary_large_image\" \/>\n<meta name=\"twitter:label1\" content=\"Est. reading time\" \/>\n\t<meta name=\"twitter:data1\" content=\"1 minute\" \/>\n<script type=\"application\/ld+json\" class=\"yoast-schema-graph\">{\"@context\":\"https:\/\/schema.org\",\"@graph\":[{\"@type\":\"WebPage\",\"@id\":\"https:\/\/www.istegroup.com\/en\/produit\/les-marches-financiers-de-matieres-premieres\/\",\"url\":\"https:\/\/www.istegroup.com\/en\/produit\/les-marches-financiers-de-matieres-premieres\/\",\"name\":\"Les march\u00e9s financiers de mati\u00e8res premi\u00e8res - ISTE Group\",\"isPartOf\":{\"@id\":\"https:\/\/www.istegroup.com\/#website\"},\"primaryImageOfPage\":{\"@id\":\"https:\/\/www.istegroup.com\/en\/produit\/les-marches-financiers-de-matieres-premieres\/#primaryimage\"},\"image\":{\"@id\":\"https:\/\/www.istegroup.com\/en\/produit\/les-marches-financiers-de-matieres-premieres\/#primaryimage\"},\"thumbnailUrl\":\"https:\/\/www.istegroup.com\/wp-content\/uploads\/2018\/06\/Priolon_Front-scaled.jpg\",\"datePublished\":\"2018-06-28T10:50:43+00:00\",\"dateModified\":\"2024-01-03T13:42:25+00:00\",\"description\":\"Les march\u00e9s financiers de mati\u00e8res premi\u00e8res\u00a0s\u2019appuie principalement sur les ressources de l\u2019analyse \u00e9conomique, plus particuli\u00e8rement de l\u2019\u00e9conomie financi\u00e8re, car le recours \u00e0 cette discipline est indispensable pour comprendre les grandes op\u00e9rations qui sont conduites quotidiennement par les op\u00e9rateurs sur ces march\u00e9s : n\u00e9gociants, producteurs, transformateurs, financiers.\",\"breadcrumb\":{\"@id\":\"https:\/\/www.istegroup.com\/en\/produit\/les-marches-financiers-de-matieres-premieres\/#breadcrumb\"},\"inLanguage\":\"fr-FR\",\"potentialAction\":[{\"@type\":\"ReadAction\",\"target\":[\"https:\/\/www.istegroup.com\/en\/produit\/les-marches-financiers-de-matieres-premieres\/\"]}]},{\"@type\":\"ImageObject\",\"inLanguage\":\"fr-FR\",\"@id\":\"https:\/\/www.istegroup.com\/en\/produit\/les-marches-financiers-de-matieres-premieres\/#primaryimage\",\"url\":\"https:\/\/www.istegroup.com\/wp-content\/uploads\/2018\/06\/Priolon_Front-scaled.jpg\",\"contentUrl\":\"https:\/\/www.istegroup.com\/wp-content\/uploads\/2018\/06\/Priolon_Front-scaled.jpg\",\"width\":1671,\"height\":2560,\"caption\":\"Les march\u00e9s financiers de mati\u00e8res premi\u00e8res ISTE Group\"},{\"@type\":\"BreadcrumbList\",\"@id\":\"https:\/\/www.istegroup.com\/en\/produit\/les-marches-financiers-de-matieres-premieres\/#breadcrumb\",\"itemListElement\":[{\"@type\":\"ListItem\",\"position\":1,\"name\":\"Home\",\"item\":\"https:\/\/www.istegroup.com\/\"},{\"@type\":\"ListItem\",\"position\":2,\"name\":\"Shop\",\"item\":\"https:\/\/www.istegroup.com\/fr\/nouveautes\/\"},{\"@type\":\"ListItem\",\"position\":3,\"name\":\"Les march\u00e9s financiers de mati\u00e8res premi\u00e8res\"}]},{\"@type\":\"WebSite\",\"@id\":\"https:\/\/www.istegroup.com\/#website\",\"url\":\"https:\/\/www.istegroup.com\/\",\"name\":\"ISTE Group\",\"description\":\"\u00c9diteur des Sciences\",\"potentialAction\":[{\"@type\":\"SearchAction\",\"target\":{\"@type\":\"EntryPoint\",\"urlTemplate\":\"https:\/\/www.istegroup.com\/?s={search_term_string}\"},\"query-input\":{\"@type\":\"PropertyValueSpecification\",\"valueRequired\":true,\"valueName\":\"search_term_string\"}}],\"inLanguage\":\"fr-FR\"}]}<\/script>\n<!-- \/ Yoast SEO plugin. -->","yoast_head_json":{"title":"Les march\u00e9s financiers de mati\u00e8res premi\u00e8res - ISTE Group","description":"Les march\u00e9s financiers de mati\u00e8res premi\u00e8res\u00a0s\u2019appuie principalement sur les ressources de l\u2019analyse \u00e9conomique, plus particuli\u00e8rement de l\u2019\u00e9conomie financi\u00e8re, car le recours \u00e0 cette discipline est indispensable pour comprendre les grandes op\u00e9rations qui sont conduites quotidiennement par les op\u00e9rateurs sur ces march\u00e9s : n\u00e9gociants, producteurs, transformateurs, financiers.","robots":{"index":"index","follow":"follow","max-snippet":"max-snippet:-1","max-image-preview":"max-image-preview:large","max-video-preview":"max-video-preview:-1"},"canonical":"https:\/\/www.istegroup.com\/en\/produit\/les-marches-financiers-de-matieres-premieres\/","og_locale":"fr_FR","og_type":"article","og_title":"Les march\u00e9s financiers de mati\u00e8res premi\u00e8res - ISTE Group","og_description":"Les march\u00e9s financiers de mati\u00e8res premi\u00e8res\u00a0s\u2019appuie principalement sur les ressources de l\u2019analyse \u00e9conomique, plus particuli\u00e8rement de l\u2019\u00e9conomie financi\u00e8re, car le recours \u00e0 cette discipline est indispensable pour comprendre les grandes op\u00e9rations qui sont conduites quotidiennement par les op\u00e9rateurs sur ces march\u00e9s : n\u00e9gociants, producteurs, transformateurs, financiers.","og_url":"https:\/\/www.istegroup.com\/en\/produit\/les-marches-financiers-de-matieres-premieres\/","og_site_name":"ISTE Group","article_modified_time":"2024-01-03T13:42:25+00:00","og_image":[{"width":1671,"height":2560,"url":"https:\/\/www.istegroup.com\/wp-content\/uploads\/2018\/06\/Priolon_Front-scaled.jpg","type":"image\/jpeg"}],"twitter_card":"summary_large_image","twitter_misc":{"Est. reading time":"1 minute"},"schema":{"@context":"https:\/\/schema.org","@graph":[{"@type":"WebPage","@id":"https:\/\/www.istegroup.com\/en\/produit\/les-marches-financiers-de-matieres-premieres\/","url":"https:\/\/www.istegroup.com\/en\/produit\/les-marches-financiers-de-matieres-premieres\/","name":"Les march\u00e9s financiers de mati\u00e8res premi\u00e8res - ISTE Group","isPartOf":{"@id":"https:\/\/www.istegroup.com\/#website"},"primaryImageOfPage":{"@id":"https:\/\/www.istegroup.com\/en\/produit\/les-marches-financiers-de-matieres-premieres\/#primaryimage"},"image":{"@id":"https:\/\/www.istegroup.com\/en\/produit\/les-marches-financiers-de-matieres-premieres\/#primaryimage"},"thumbnailUrl":"https:\/\/www.istegroup.com\/wp-content\/uploads\/2018\/06\/Priolon_Front-scaled.jpg","datePublished":"2018-06-28T10:50:43+00:00","dateModified":"2024-01-03T13:42:25+00:00","description":"Les march\u00e9s financiers de mati\u00e8res premi\u00e8res\u00a0s\u2019appuie principalement sur les ressources de l\u2019analyse \u00e9conomique, plus particuli\u00e8rement de l\u2019\u00e9conomie financi\u00e8re, car le recours \u00e0 cette discipline est indispensable pour comprendre les grandes op\u00e9rations qui sont conduites quotidiennement par les op\u00e9rateurs sur ces march\u00e9s : n\u00e9gociants, producteurs, transformateurs, financiers.","breadcrumb":{"@id":"https:\/\/www.istegroup.com\/en\/produit\/les-marches-financiers-de-matieres-premieres\/#breadcrumb"},"inLanguage":"fr-FR","potentialAction":[{"@type":"ReadAction","target":["https:\/\/www.istegroup.com\/en\/produit\/les-marches-financiers-de-matieres-premieres\/"]}]},{"@type":"ImageObject","inLanguage":"fr-FR","@id":"https:\/\/www.istegroup.com\/en\/produit\/les-marches-financiers-de-matieres-premieres\/#primaryimage","url":"https:\/\/www.istegroup.com\/wp-content\/uploads\/2018\/06\/Priolon_Front-scaled.jpg","contentUrl":"https:\/\/www.istegroup.com\/wp-content\/uploads\/2018\/06\/Priolon_Front-scaled.jpg","width":1671,"height":2560,"caption":"Les march\u00e9s financiers de mati\u00e8res premi\u00e8res ISTE Group"},{"@type":"BreadcrumbList","@id":"https:\/\/www.istegroup.com\/en\/produit\/les-marches-financiers-de-matieres-premieres\/#breadcrumb","itemListElement":[{"@type":"ListItem","position":1,"name":"Home","item":"https:\/\/www.istegroup.com\/"},{"@type":"ListItem","position":2,"name":"Shop","item":"https:\/\/www.istegroup.com\/fr\/nouveautes\/"},{"@type":"ListItem","position":3,"name":"Les march\u00e9s financiers de mati\u00e8res premi\u00e8res"}]},{"@type":"WebSite","@id":"https:\/\/www.istegroup.com\/#website","url":"https:\/\/www.istegroup.com\/","name":"ISTE Group","description":"\u00c9diteur des Sciences","potentialAction":[{"@type":"SearchAction","target":{"@type":"EntryPoint","urlTemplate":"https:\/\/www.istegroup.com\/?s={search_term_string}"},"query-input":{"@type":"PropertyValueSpecification","valueRequired":true,"valueName":"search_term_string"}}],"inLanguage":"fr-FR"}]}},"_links":{"self":[{"href":"https:\/\/www.istegroup.com\/fr\/wp-json\/wp\/v2\/product\/13371","targetHints":{"allow":["GET"]}}],"collection":[{"href":"https:\/\/www.istegroup.com\/fr\/wp-json\/wp\/v2\/product"}],"about":[{"href":"https:\/\/www.istegroup.com\/fr\/wp-json\/wp\/v2\/types\/product"}],"wp:featuredmedia":[{"embeddable":true,"href":"https:\/\/www.istegroup.com\/fr\/wp-json\/wp\/v2\/media\/13377"}],"wp:attachment":[{"href":"https:\/\/www.istegroup.com\/fr\/wp-json\/wp\/v2\/media?parent=13371"}],"wp:term":[{"taxonomy":"product_brand","embeddable":true,"href":"https:\/\/www.istegroup.com\/fr\/wp-json\/wp\/v2\/product_brand?post=13371"},{"taxonomy":"product_cat","embeddable":true,"href":"https:\/\/www.istegroup.com\/fr\/wp-json\/wp\/v2\/product_cat?post=13371"},{"taxonomy":"product_tag","embeddable":true,"href":"https:\/\/www.istegroup.com\/fr\/wp-json\/wp\/v2\/product_tag?post=13371"}],"curies":[{"name":"wp","href":"https:\/\/api.w.org\/{rel}","templated":true}]}}