{"id":13357,"date":"2018-06-02T12:36:42","date_gmt":"2018-06-02T10:36:42","guid":{"rendered":"https:\/\/iste.yhello.co\/?post_type=product&#038;p=13357"},"modified":"2024-01-03T13:42:24","modified_gmt":"2024-01-03T13:42:24","slug":"les-sols-au-coeur-de-la-zone-critique-2","status":"publish","type":"product","link":"https:\/\/www.istegroup.com\/fr\/produit\/les-sols-au-coeur-de-la-zone-critique-2\/","title":{"rendered":"Les sols au coeur de la zone critique 2"},"content":{"rendered":"<p>Base de la vie v\u00e9g\u00e9tale, support de nos constructions et de nos infrastructures, r\u00e9serve de biodiversit\u00e9, r\u00e9servoir de carbone\u2026 la liste de services rendus par les sols pourrait \u00eatre longue. Leur importance cruciale pour la vie humaine n\u2019est plus \u00e0 d\u00e9montrer. Il n\u2019en reste pas moins que les sols, d\u00e9j\u00e0 fragiles, sont r\u00e9guli\u00e8rement les victimes de nos conflits d\u2019int\u00e9r\u00eats, locaux et globaux, \u00e9conomiques et environnementaux.<\/p>\n<p><em>Les sols au coeur de la zone critique 2<\/em>\u00a0propose un tour d\u2019horizon des enjeux li\u00e9s \u00e0 une meilleure gestion des sols. Plusieurs regards seront convoqu\u00e9s, celui de l\u2019agronome comme du juriste, de l\u2019\u00e9conomiste comme du paysagiste ou du politiste. Ces analyses et r\u00e9flexions permettront de r\u00e9fl\u00e9chir \u00e0 une meilleure prise en compte des sols dans nos soci\u00e9t\u00e9s. Nous examinerons notamment les modalit\u00e9s de gouvernance pertinentes pour g\u00e9rer ces biens pr\u00e9cieux qui nous sont communs.<\/p>\n","protected":false},"excerpt":{"rendered":"<p>Base de la vie v\u00e9g\u00e9tale, support de nos constructions et de nos infrastructures, r\u00e9serve de biodiversit\u00e9, r\u00e9servoir de carbone\u2026 la liste de services rendus par les sols pourrait \u00eatre longue. Leur importance cruciale pour la vie humaine n\u2019est plus \u00e0 d\u00e9montrer. Il n\u2019en reste pas moins que les sols, d\u00e9j\u00e0 fragiles, sont r\u00e9guli\u00e8rement les victimes [&hellip;]<\/p>\n","protected":false},"featured_media":13363,"template":"","meta":{"_acf_changed":false,"_links_to":"","_links_to_target":""},"product_brand":[],"product_cat":[3262],"product_tag":[],"class_list":{"0":"post-13357","1":"product","2":"type-product","3":"status-publish","4":"has-post-thumbnail","6":"product_cat-non-classe","8":"first","9":"instock","10":"shipping-taxable","11":"purchasable","12":"product-type-variable"},"acf":[],"yoast_head":"<!-- This site is optimized with the Yoast SEO plugin v27.2 - https:\/\/yoast.com\/product\/yoast-seo-wordpress\/ -->\n<title>Les sols au coeur de la zone critique 2 - ISTE Group<\/title>\n<meta name=\"description\" content=\"Les sols au coeur de la zone critique 2\u00a0propose un tour d\u2019horizon des enjeux li\u00e9s \u00e0 une meilleure gestion des sols. Plusieurs regards seront convoqu\u00e9s, celui de l\u2019agronome comme du juriste, de l\u2019\u00e9conomiste comme du paysagiste ou du politiste.\" \/>\n<meta name=\"robots\" content=\"index, follow, max-snippet:-1, max-image-preview:large, max-video-preview:-1\" \/>\n<link rel=\"canonical\" href=\"https:\/\/www.istegroup.com\/en\/produit\/les-sols-au-coeur-de-la-zone-critique-2\/\" \/>\n<meta property=\"og:locale\" content=\"fr_FR\" \/>\n<meta property=\"og:type\" content=\"article\" \/>\n<meta property=\"og:title\" content=\"Les sols au coeur de la zone critique 2 - ISTE Group\" \/>\n<meta property=\"og:description\" content=\"Les sols au coeur de la zone critique 2\u00a0propose un tour d\u2019horizon des enjeux li\u00e9s \u00e0 une meilleure gestion des sols. Plusieurs regards seront convoqu\u00e9s, celui de l\u2019agronome comme du juriste, de l\u2019\u00e9conomiste comme du paysagiste ou du politiste.\" \/>\n<meta property=\"og:url\" content=\"https:\/\/www.istegroup.com\/en\/produit\/les-sols-au-coeur-de-la-zone-critique-2\/\" \/>\n<meta property=\"og:site_name\" content=\"ISTE Group\" \/>\n<meta property=\"article:modified_time\" content=\"2024-01-03T13:42:24+00:00\" \/>\n<meta property=\"og:image\" content=\"https:\/\/www.istegroup.com\/wp-content\/uploads\/2018\/06\/Dherissard_Front-scaled.jpg\" \/>\n\t<meta property=\"og:image:width\" content=\"1669\" \/>\n\t<meta property=\"og:image:height\" content=\"2560\" \/>\n\t<meta property=\"og:image:type\" content=\"image\/jpeg\" \/>\n<meta name=\"twitter:card\" content=\"summary_large_image\" \/>\n<meta name=\"twitter:label1\" content=\"Est. reading time\" \/>\n\t<meta name=\"twitter:data1\" content=\"1 minute\" \/>\n<script type=\"application\/ld+json\" class=\"yoast-schema-graph\">{\"@context\":\"https:\/\/schema.org\",\"@graph\":[{\"@type\":\"WebPage\",\"@id\":\"https:\/\/www.istegroup.com\/en\/produit\/les-sols-au-coeur-de-la-zone-critique-2\/\",\"url\":\"https:\/\/www.istegroup.com\/en\/produit\/les-sols-au-coeur-de-la-zone-critique-2\/\",\"name\":\"Les sols au coeur de la zone critique 2 - ISTE Group\",\"isPartOf\":{\"@id\":\"https:\/\/www.istegroup.com\/#website\"},\"primaryImageOfPage\":{\"@id\":\"https:\/\/www.istegroup.com\/en\/produit\/les-sols-au-coeur-de-la-zone-critique-2\/#primaryimage\"},\"image\":{\"@id\":\"https:\/\/www.istegroup.com\/en\/produit\/les-sols-au-coeur-de-la-zone-critique-2\/#primaryimage\"},\"thumbnailUrl\":\"https:\/\/www.istegroup.com\/wp-content\/uploads\/2018\/06\/Dherissard_Front-scaled.jpg\",\"datePublished\":\"2018-06-02T10:36:42+00:00\",\"dateModified\":\"2024-01-03T13:42:24+00:00\",\"description\":\"Les sols au coeur de la zone critique 2\u00a0propose un tour d\u2019horizon des enjeux li\u00e9s \u00e0 une meilleure gestion des sols. Plusieurs regards seront convoqu\u00e9s, celui de l\u2019agronome comme du juriste, de l\u2019\u00e9conomiste comme du paysagiste ou du politiste.\",\"breadcrumb\":{\"@id\":\"https:\/\/www.istegroup.com\/en\/produit\/les-sols-au-coeur-de-la-zone-critique-2\/#breadcrumb\"},\"inLanguage\":\"fr-FR\",\"potentialAction\":[{\"@type\":\"ReadAction\",\"target\":[\"https:\/\/www.istegroup.com\/en\/produit\/les-sols-au-coeur-de-la-zone-critique-2\/\"]}]},{\"@type\":\"ImageObject\",\"inLanguage\":\"fr-FR\",\"@id\":\"https:\/\/www.istegroup.com\/en\/produit\/les-sols-au-coeur-de-la-zone-critique-2\/#primaryimage\",\"url\":\"https:\/\/www.istegroup.com\/wp-content\/uploads\/2018\/06\/Dherissard_Front-scaled.jpg\",\"contentUrl\":\"https:\/\/www.istegroup.com\/wp-content\/uploads\/2018\/06\/Dherissard_Front-scaled.jpg\",\"width\":1669,\"height\":2560,\"caption\":\"Enjeux de soci\u00e9t\u00e9\"},{\"@type\":\"BreadcrumbList\",\"@id\":\"https:\/\/www.istegroup.com\/en\/produit\/les-sols-au-coeur-de-la-zone-critique-2\/#breadcrumb\",\"itemListElement\":[{\"@type\":\"ListItem\",\"position\":1,\"name\":\"Home\",\"item\":\"https:\/\/www.istegroup.com\/\"},{\"@type\":\"ListItem\",\"position\":2,\"name\":\"Shop\",\"item\":\"https:\/\/www.istegroup.com\/fr\/nouveautes\/\"},{\"@type\":\"ListItem\",\"position\":3,\"name\":\"Les sols au coeur de la zone critique 2\"}]},{\"@type\":\"WebSite\",\"@id\":\"https:\/\/www.istegroup.com\/#website\",\"url\":\"https:\/\/www.istegroup.com\/\",\"name\":\"ISTE Group\",\"description\":\"\u00c9diteur des Sciences\",\"potentialAction\":[{\"@type\":\"SearchAction\",\"target\":{\"@type\":\"EntryPoint\",\"urlTemplate\":\"https:\/\/www.istegroup.com\/?s={search_term_string}\"},\"query-input\":{\"@type\":\"PropertyValueSpecification\",\"valueRequired\":true,\"valueName\":\"search_term_string\"}}],\"inLanguage\":\"fr-FR\"}]}<\/script>\n<!-- \/ Yoast SEO plugin. -->","yoast_head_json":{"title":"Les sols au coeur de la zone critique 2 - ISTE Group","description":"Les sols au coeur de la zone critique 2\u00a0propose un tour d\u2019horizon des enjeux li\u00e9s \u00e0 une meilleure gestion des sols. Plusieurs regards seront convoqu\u00e9s, celui de l\u2019agronome comme du juriste, de l\u2019\u00e9conomiste comme du paysagiste ou du politiste.","robots":{"index":"index","follow":"follow","max-snippet":"max-snippet:-1","max-image-preview":"max-image-preview:large","max-video-preview":"max-video-preview:-1"},"canonical":"https:\/\/www.istegroup.com\/en\/produit\/les-sols-au-coeur-de-la-zone-critique-2\/","og_locale":"fr_FR","og_type":"article","og_title":"Les sols au coeur de la zone critique 2 - ISTE Group","og_description":"Les sols au coeur de la zone critique 2\u00a0propose un tour d\u2019horizon des enjeux li\u00e9s \u00e0 une meilleure gestion des sols. Plusieurs regards seront convoqu\u00e9s, celui de l\u2019agronome comme du juriste, de l\u2019\u00e9conomiste comme du paysagiste ou du politiste.","og_url":"https:\/\/www.istegroup.com\/en\/produit\/les-sols-au-coeur-de-la-zone-critique-2\/","og_site_name":"ISTE Group","article_modified_time":"2024-01-03T13:42:24+00:00","og_image":[{"width":1669,"height":2560,"url":"https:\/\/www.istegroup.com\/wp-content\/uploads\/2018\/06\/Dherissard_Front-scaled.jpg","type":"image\/jpeg"}],"twitter_card":"summary_large_image","twitter_misc":{"Est. reading time":"1 minute"},"schema":{"@context":"https:\/\/schema.org","@graph":[{"@type":"WebPage","@id":"https:\/\/www.istegroup.com\/en\/produit\/les-sols-au-coeur-de-la-zone-critique-2\/","url":"https:\/\/www.istegroup.com\/en\/produit\/les-sols-au-coeur-de-la-zone-critique-2\/","name":"Les sols au coeur de la zone critique 2 - ISTE Group","isPartOf":{"@id":"https:\/\/www.istegroup.com\/#website"},"primaryImageOfPage":{"@id":"https:\/\/www.istegroup.com\/en\/produit\/les-sols-au-coeur-de-la-zone-critique-2\/#primaryimage"},"image":{"@id":"https:\/\/www.istegroup.com\/en\/produit\/les-sols-au-coeur-de-la-zone-critique-2\/#primaryimage"},"thumbnailUrl":"https:\/\/www.istegroup.com\/wp-content\/uploads\/2018\/06\/Dherissard_Front-scaled.jpg","datePublished":"2018-06-02T10:36:42+00:00","dateModified":"2024-01-03T13:42:24+00:00","description":"Les sols au coeur de la zone critique 2\u00a0propose un tour d\u2019horizon des enjeux li\u00e9s \u00e0 une meilleure gestion des sols. Plusieurs regards seront convoqu\u00e9s, celui de l\u2019agronome comme du juriste, de l\u2019\u00e9conomiste comme du paysagiste ou du politiste.","breadcrumb":{"@id":"https:\/\/www.istegroup.com\/en\/produit\/les-sols-au-coeur-de-la-zone-critique-2\/#breadcrumb"},"inLanguage":"fr-FR","potentialAction":[{"@type":"ReadAction","target":["https:\/\/www.istegroup.com\/en\/produit\/les-sols-au-coeur-de-la-zone-critique-2\/"]}]},{"@type":"ImageObject","inLanguage":"fr-FR","@id":"https:\/\/www.istegroup.com\/en\/produit\/les-sols-au-coeur-de-la-zone-critique-2\/#primaryimage","url":"https:\/\/www.istegroup.com\/wp-content\/uploads\/2018\/06\/Dherissard_Front-scaled.jpg","contentUrl":"https:\/\/www.istegroup.com\/wp-content\/uploads\/2018\/06\/Dherissard_Front-scaled.jpg","width":1669,"height":2560,"caption":"Enjeux de soci\u00e9t\u00e9"},{"@type":"BreadcrumbList","@id":"https:\/\/www.istegroup.com\/en\/produit\/les-sols-au-coeur-de-la-zone-critique-2\/#breadcrumb","itemListElement":[{"@type":"ListItem","position":1,"name":"Home","item":"https:\/\/www.istegroup.com\/"},{"@type":"ListItem","position":2,"name":"Shop","item":"https:\/\/www.istegroup.com\/fr\/nouveautes\/"},{"@type":"ListItem","position":3,"name":"Les sols au coeur de la zone critique 2"}]},{"@type":"WebSite","@id":"https:\/\/www.istegroup.com\/#website","url":"https:\/\/www.istegroup.com\/","name":"ISTE Group","description":"\u00c9diteur des Sciences","potentialAction":[{"@type":"SearchAction","target":{"@type":"EntryPoint","urlTemplate":"https:\/\/www.istegroup.com\/?s={search_term_string}"},"query-input":{"@type":"PropertyValueSpecification","valueRequired":true,"valueName":"search_term_string"}}],"inLanguage":"fr-FR"}]}},"_links":{"self":[{"href":"https:\/\/www.istegroup.com\/fr\/wp-json\/wp\/v2\/product\/13357","targetHints":{"allow":["GET"]}}],"collection":[{"href":"https:\/\/www.istegroup.com\/fr\/wp-json\/wp\/v2\/product"}],"about":[{"href":"https:\/\/www.istegroup.com\/fr\/wp-json\/wp\/v2\/types\/product"}],"wp:featuredmedia":[{"embeddable":true,"href":"https:\/\/www.istegroup.com\/fr\/wp-json\/wp\/v2\/media\/13363"}],"wp:attachment":[{"href":"https:\/\/www.istegroup.com\/fr\/wp-json\/wp\/v2\/media?parent=13357"}],"wp:term":[{"taxonomy":"product_brand","embeddable":true,"href":"https:\/\/www.istegroup.com\/fr\/wp-json\/wp\/v2\/product_brand?post=13357"},{"taxonomy":"product_cat","embeddable":true,"href":"https:\/\/www.istegroup.com\/fr\/wp-json\/wp\/v2\/product_cat?post=13357"},{"taxonomy":"product_tag","embeddable":true,"href":"https:\/\/www.istegroup.com\/fr\/wp-json\/wp\/v2\/product_tag?post=13357"}],"curies":[{"name":"wp","href":"https:\/\/api.w.org\/{rel}","templated":true}]}}