{"id":13345,"date":"2018-06-04T11:51:20","date_gmt":"2018-06-04T09:51:20","guid":{"rendered":"https:\/\/iste.yhello.co\/?post_type=product&#038;p=13345"},"modified":"2024-01-03T13:42:24","modified_gmt":"2024-01-03T13:42:24","slug":"les-sols-au-coeur-de-la-zone-critique-4","status":"publish","type":"product","link":"https:\/\/www.istegroup.com\/fr\/produit\/les-sols-au-coeur-de-la-zone-critique-4\/","title":{"rendered":"Les sols au coeur de la zone critique 4"},"content":{"rendered":"<p><em>Les sols au coeur de la zone critique 4<\/em>\u00a0examine le r\u00f4le majeur, mais sous-estim\u00e9, que jouent les sols dans l\u2019acquisition de la qualit\u00e9 de l\u2019eau : alimentation en eau potable, irrigation, nutrition des plantes. Tout ceci vient de l\u2019interaction entre les sols et l\u2019eau.<\/p>\n<p>Il traite des transformations de la qualit\u00e9 de l\u2019eau dans les sols qui constituent la face cach\u00e9e de la p\u00e9dogen\u00e8se et influencent les grands cycles biog\u00e9ochimiques \u00e0 l\u2019\u00e9chelle du globe, y compris le cycle du carbone et la composition de l\u2019atmosph\u00e8re.<\/p>\n<p>En traversant les sols, la solution du sol change de composition, se charge de sels dissous et recharge les nappes, ressources d\u2019eau potable. L\u2019ouvrage examine en quoi les sols constituent ainsi un \u00ab syst\u00e8me de transfert \u00bb, et en quoi la gestion int\u00e9gr\u00e9e des bassins versants permet de restaurer la qualit\u00e9 des eaux tout en prot\u00e9geant les sols et ce qu\u2019on appelle aujourd\u2019hui globalement leurs services \u00e9cosyst\u00e9miques.<\/p>\n","protected":false},"excerpt":{"rendered":"<p>Les sols au coeur de la zone critique 4\u00a0examine le r\u00f4le majeur, mais sous-estim\u00e9, que jouent les sols dans l\u2019acquisition de la qualit\u00e9 de l\u2019eau : alimentation en eau potable, irrigation, nutrition des plantes. Tout ceci vient de l\u2019interaction entre les sols et l\u2019eau. Il traite des transformations de la qualit\u00e9 de l\u2019eau dans les [&hellip;]<\/p>\n","protected":false},"featured_media":13351,"template":"","meta":{"_acf_changed":false,"_links_to":"","_links_to_target":""},"product_brand":[],"product_cat":[3262],"product_tag":[],"class_list":{"0":"post-13345","1":"product","2":"type-product","3":"status-publish","4":"has-post-thumbnail","6":"product_cat-non-classe","8":"first","9":"instock","10":"shipping-taxable","11":"purchasable","12":"product-type-variable"},"acf":[],"yoast_head":"<!-- This site is optimized with the Yoast SEO plugin v27.2 - https:\/\/yoast.com\/product\/yoast-seo-wordpress\/ -->\n<title>Les sols au coeur de la zone critique 4 - ISTE Group<\/title>\n<meta name=\"description\" content=\"Les sols au coeur de la zone critique 4\u00a0examine le r\u00f4le majeur, mais sous-estim\u00e9, que jouent les sols dans l\u2019acquisition de la qualit\u00e9 de l\u2019eau : alimentation en eau potable, irrigation, nutrition des plantes.\" \/>\n<meta name=\"robots\" content=\"index, follow, max-snippet:-1, max-image-preview:large, max-video-preview:-1\" \/>\n<link rel=\"canonical\" href=\"https:\/\/www.istegroup.com\/en\/produit\/les-sols-au-coeur-de-la-zone-critique-4\/\" \/>\n<meta property=\"og:locale\" content=\"fr_FR\" \/>\n<meta property=\"og:type\" content=\"article\" \/>\n<meta property=\"og:title\" content=\"Les sols au coeur de la zone critique 4 - ISTE Group\" \/>\n<meta property=\"og:description\" content=\"Les sols au coeur de la zone critique 4\u00a0examine le r\u00f4le majeur, mais sous-estim\u00e9, que jouent les sols dans l\u2019acquisition de la qualit\u00e9 de l\u2019eau : alimentation en eau potable, irrigation, nutrition des plantes.\" \/>\n<meta property=\"og:url\" content=\"https:\/\/www.istegroup.com\/en\/produit\/les-sols-au-coeur-de-la-zone-critique-4\/\" \/>\n<meta property=\"og:site_name\" content=\"ISTE Group\" \/>\n<meta property=\"article:modified_time\" content=\"2024-01-03T13:42:24+00:00\" \/>\n<meta property=\"og:image\" content=\"https:\/\/www.istegroup.com\/wp-content\/uploads\/2018\/06\/Bourrie-2_Front-scaled.jpg\" \/>\n\t<meta property=\"og:image:width\" content=\"1673\" \/>\n\t<meta property=\"og:image:height\" content=\"2560\" \/>\n\t<meta property=\"og:image:type\" content=\"image\/jpeg\" \/>\n<meta name=\"twitter:card\" content=\"summary_large_image\" \/>\n<meta name=\"twitter:label1\" content=\"Est. reading time\" \/>\n\t<meta name=\"twitter:data1\" content=\"1 minute\" \/>\n<script type=\"application\/ld+json\" class=\"yoast-schema-graph\">{\"@context\":\"https:\/\/schema.org\",\"@graph\":[{\"@type\":\"WebPage\",\"@id\":\"https:\/\/www.istegroup.com\/en\/produit\/les-sols-au-coeur-de-la-zone-critique-4\/\",\"url\":\"https:\/\/www.istegroup.com\/en\/produit\/les-sols-au-coeur-de-la-zone-critique-4\/\",\"name\":\"Les sols au coeur de la zone critique 4 - ISTE Group\",\"isPartOf\":{\"@id\":\"https:\/\/www.istegroup.com\/#website\"},\"primaryImageOfPage\":{\"@id\":\"https:\/\/www.istegroup.com\/en\/produit\/les-sols-au-coeur-de-la-zone-critique-4\/#primaryimage\"},\"image\":{\"@id\":\"https:\/\/www.istegroup.com\/en\/produit\/les-sols-au-coeur-de-la-zone-critique-4\/#primaryimage\"},\"thumbnailUrl\":\"https:\/\/www.istegroup.com\/wp-content\/uploads\/2018\/06\/Bourrie-2_Front-scaled.jpg\",\"datePublished\":\"2018-06-04T09:51:20+00:00\",\"dateModified\":\"2024-01-03T13:42:24+00:00\",\"description\":\"Les sols au coeur de la zone critique 4\u00a0examine le r\u00f4le majeur, mais sous-estim\u00e9, que jouent les sols dans l\u2019acquisition de la qualit\u00e9 de l\u2019eau : alimentation en eau potable, irrigation, nutrition des plantes.\",\"breadcrumb\":{\"@id\":\"https:\/\/www.istegroup.com\/en\/produit\/les-sols-au-coeur-de-la-zone-critique-4\/#breadcrumb\"},\"inLanguage\":\"fr-FR\",\"potentialAction\":[{\"@type\":\"ReadAction\",\"target\":[\"https:\/\/www.istegroup.com\/en\/produit\/les-sols-au-coeur-de-la-zone-critique-4\/\"]}]},{\"@type\":\"ImageObject\",\"inLanguage\":\"fr-FR\",\"@id\":\"https:\/\/www.istegroup.com\/en\/produit\/les-sols-au-coeur-de-la-zone-critique-4\/#primaryimage\",\"url\":\"https:\/\/www.istegroup.com\/wp-content\/uploads\/2018\/06\/Bourrie-2_Front-scaled.jpg\",\"contentUrl\":\"https:\/\/www.istegroup.com\/wp-content\/uploads\/2018\/06\/Bourrie-2_Front-scaled.jpg\",\"width\":1673,\"height\":2560,\"caption\":\"Qualit\u00e9 de l\u2019eau\"},{\"@type\":\"BreadcrumbList\",\"@id\":\"https:\/\/www.istegroup.com\/en\/produit\/les-sols-au-coeur-de-la-zone-critique-4\/#breadcrumb\",\"itemListElement\":[{\"@type\":\"ListItem\",\"position\":1,\"name\":\"Home\",\"item\":\"https:\/\/www.istegroup.com\/\"},{\"@type\":\"ListItem\",\"position\":2,\"name\":\"Shop\",\"item\":\"https:\/\/www.istegroup.com\/fr\/nouveautes\/\"},{\"@type\":\"ListItem\",\"position\":3,\"name\":\"Les sols au coeur de la zone critique 4\"}]},{\"@type\":\"WebSite\",\"@id\":\"https:\/\/www.istegroup.com\/#website\",\"url\":\"https:\/\/www.istegroup.com\/\",\"name\":\"ISTE Group\",\"description\":\"\u00c9diteur des Sciences\",\"potentialAction\":[{\"@type\":\"SearchAction\",\"target\":{\"@type\":\"EntryPoint\",\"urlTemplate\":\"https:\/\/www.istegroup.com\/?s={search_term_string}\"},\"query-input\":{\"@type\":\"PropertyValueSpecification\",\"valueRequired\":true,\"valueName\":\"search_term_string\"}}],\"inLanguage\":\"fr-FR\"}]}<\/script>\n<!-- \/ Yoast SEO plugin. -->","yoast_head_json":{"title":"Les sols au coeur de la zone critique 4 - ISTE Group","description":"Les sols au coeur de la zone critique 4\u00a0examine le r\u00f4le majeur, mais sous-estim\u00e9, que jouent les sols dans l\u2019acquisition de la qualit\u00e9 de l\u2019eau : alimentation en eau potable, irrigation, nutrition des plantes.","robots":{"index":"index","follow":"follow","max-snippet":"max-snippet:-1","max-image-preview":"max-image-preview:large","max-video-preview":"max-video-preview:-1"},"canonical":"https:\/\/www.istegroup.com\/en\/produit\/les-sols-au-coeur-de-la-zone-critique-4\/","og_locale":"fr_FR","og_type":"article","og_title":"Les sols au coeur de la zone critique 4 - ISTE Group","og_description":"Les sols au coeur de la zone critique 4\u00a0examine le r\u00f4le majeur, mais sous-estim\u00e9, que jouent les sols dans l\u2019acquisition de la qualit\u00e9 de l\u2019eau : alimentation en eau potable, irrigation, nutrition des plantes.","og_url":"https:\/\/www.istegroup.com\/en\/produit\/les-sols-au-coeur-de-la-zone-critique-4\/","og_site_name":"ISTE Group","article_modified_time":"2024-01-03T13:42:24+00:00","og_image":[{"width":1673,"height":2560,"url":"https:\/\/www.istegroup.com\/wp-content\/uploads\/2018\/06\/Bourrie-2_Front-scaled.jpg","type":"image\/jpeg"}],"twitter_card":"summary_large_image","twitter_misc":{"Est. reading time":"1 minute"},"schema":{"@context":"https:\/\/schema.org","@graph":[{"@type":"WebPage","@id":"https:\/\/www.istegroup.com\/en\/produit\/les-sols-au-coeur-de-la-zone-critique-4\/","url":"https:\/\/www.istegroup.com\/en\/produit\/les-sols-au-coeur-de-la-zone-critique-4\/","name":"Les sols au coeur de la zone critique 4 - ISTE Group","isPartOf":{"@id":"https:\/\/www.istegroup.com\/#website"},"primaryImageOfPage":{"@id":"https:\/\/www.istegroup.com\/en\/produit\/les-sols-au-coeur-de-la-zone-critique-4\/#primaryimage"},"image":{"@id":"https:\/\/www.istegroup.com\/en\/produit\/les-sols-au-coeur-de-la-zone-critique-4\/#primaryimage"},"thumbnailUrl":"https:\/\/www.istegroup.com\/wp-content\/uploads\/2018\/06\/Bourrie-2_Front-scaled.jpg","datePublished":"2018-06-04T09:51:20+00:00","dateModified":"2024-01-03T13:42:24+00:00","description":"Les sols au coeur de la zone critique 4\u00a0examine le r\u00f4le majeur, mais sous-estim\u00e9, que jouent les sols dans l\u2019acquisition de la qualit\u00e9 de l\u2019eau : alimentation en eau potable, irrigation, nutrition des plantes.","breadcrumb":{"@id":"https:\/\/www.istegroup.com\/en\/produit\/les-sols-au-coeur-de-la-zone-critique-4\/#breadcrumb"},"inLanguage":"fr-FR","potentialAction":[{"@type":"ReadAction","target":["https:\/\/www.istegroup.com\/en\/produit\/les-sols-au-coeur-de-la-zone-critique-4\/"]}]},{"@type":"ImageObject","inLanguage":"fr-FR","@id":"https:\/\/www.istegroup.com\/en\/produit\/les-sols-au-coeur-de-la-zone-critique-4\/#primaryimage","url":"https:\/\/www.istegroup.com\/wp-content\/uploads\/2018\/06\/Bourrie-2_Front-scaled.jpg","contentUrl":"https:\/\/www.istegroup.com\/wp-content\/uploads\/2018\/06\/Bourrie-2_Front-scaled.jpg","width":1673,"height":2560,"caption":"Qualit\u00e9 de l\u2019eau"},{"@type":"BreadcrumbList","@id":"https:\/\/www.istegroup.com\/en\/produit\/les-sols-au-coeur-de-la-zone-critique-4\/#breadcrumb","itemListElement":[{"@type":"ListItem","position":1,"name":"Home","item":"https:\/\/www.istegroup.com\/"},{"@type":"ListItem","position":2,"name":"Shop","item":"https:\/\/www.istegroup.com\/fr\/nouveautes\/"},{"@type":"ListItem","position":3,"name":"Les sols au coeur de la zone critique 4"}]},{"@type":"WebSite","@id":"https:\/\/www.istegroup.com\/#website","url":"https:\/\/www.istegroup.com\/","name":"ISTE Group","description":"\u00c9diteur des Sciences","potentialAction":[{"@type":"SearchAction","target":{"@type":"EntryPoint","urlTemplate":"https:\/\/www.istegroup.com\/?s={search_term_string}"},"query-input":{"@type":"PropertyValueSpecification","valueRequired":true,"valueName":"search_term_string"}}],"inLanguage":"fr-FR"}]}},"_links":{"self":[{"href":"https:\/\/www.istegroup.com\/fr\/wp-json\/wp\/v2\/product\/13345","targetHints":{"allow":["GET"]}}],"collection":[{"href":"https:\/\/www.istegroup.com\/fr\/wp-json\/wp\/v2\/product"}],"about":[{"href":"https:\/\/www.istegroup.com\/fr\/wp-json\/wp\/v2\/types\/product"}],"wp:featuredmedia":[{"embeddable":true,"href":"https:\/\/www.istegroup.com\/fr\/wp-json\/wp\/v2\/media\/13351"}],"wp:attachment":[{"href":"https:\/\/www.istegroup.com\/fr\/wp-json\/wp\/v2\/media?parent=13345"}],"wp:term":[{"taxonomy":"product_brand","embeddable":true,"href":"https:\/\/www.istegroup.com\/fr\/wp-json\/wp\/v2\/product_brand?post=13345"},{"taxonomy":"product_cat","embeddable":true,"href":"https:\/\/www.istegroup.com\/fr\/wp-json\/wp\/v2\/product_cat?post=13345"},{"taxonomy":"product_tag","embeddable":true,"href":"https:\/\/www.istegroup.com\/fr\/wp-json\/wp\/v2\/product_tag?post=13345"}],"curies":[{"name":"wp","href":"https:\/\/api.w.org\/{rel}","templated":true}]}}