{"id":13340,"date":"2018-06-06T11:30:50","date_gmt":"2018-06-06T09:30:50","guid":{"rendered":"https:\/\/iste.yhello.co\/?post_type=product&#038;p=13340"},"modified":"2024-01-03T13:42:24","modified_gmt":"2024-01-03T13:42:24","slug":"les-sols-au-coeur-de-la-zone-critique-5","status":"publish","type":"product","link":"https:\/\/www.istegroup.com\/fr\/produit\/les-sols-au-coeur-de-la-zone-critique-5\/","title":{"rendered":"Les sols au coeur de la zone critique 5"},"content":{"rendered":"<p>Un tiers des sols mondiaux est d\u00e9j\u00e0 d\u00e9grad\u00e9 et la pression sur les terres ne cesse d\u2019augmenter sous les urgences d\u2019urbanisation, d\u2019artificialisation, d\u2019exploitations mini\u00e8res et des besoins accrus en terres agricoles : changements des r\u00e9gimes alimentaires, sp\u00e9culation fonci\u00e8re, etc.<\/p>\n<p>L\u2019encro\u00fbtement superficiel constitue le premier processus d\u2019\u00e9rosion hydrique. La salinisation des sols affecte d\u2019immenses surfaces des zones arides et semi-arides, et une partie des zones c\u00f4ti\u00e8res en raison de la subsidence continentale et de l\u2019\u00e9l\u00e9vation du niveau de la mer. Sans oublier l\u2019acidification des sols du fait de retomb\u00e9es des \u00e9missions de soufre et de la fertilisation azot\u00e9e.<\/p>\n<p><em>Les sols au coeur de la zone critique 5<\/em>, rare ouvrage \u00e0 approfondir la question de l\u2019artificialisation des sols, pr\u00e9sente les principaux facteurs de leur d\u00e9gradation, et les diff\u00e9rentes voies de pr\u00e9vention et de r\u00e9habilitation. Cet ouvrage traite \u00e9galement des pollutions m\u00e9talliques et organiques, ainsi que de la gestion des sols urbains dont les r\u00e9sidus peuvent fertiliser les sols cultiv\u00e9s.<\/p>\n","protected":false},"excerpt":{"rendered":"<p>Un tiers des sols mondiaux est d\u00e9j\u00e0 d\u00e9grad\u00e9 et la pression sur les terres ne cesse d\u2019augmenter sous les urgences d\u2019urbanisation, d\u2019artificialisation, d\u2019exploitations mini\u00e8res et des besoins accrus en terres agricoles : changements des r\u00e9gimes alimentaires, sp\u00e9culation fonci\u00e8re, etc. L\u2019encro\u00fbtement superficiel constitue le premier processus d\u2019\u00e9rosion hydrique. La salinisation des sols affecte d\u2019immenses surfaces des [&hellip;]<\/p>\n","protected":false},"featured_media":13344,"template":"","meta":{"_acf_changed":false,"_links_to":"","_links_to_target":""},"product_brand":[],"product_cat":[3262],"product_tag":[],"class_list":{"0":"post-13340","1":"product","2":"type-product","3":"status-publish","4":"has-post-thumbnail","6":"product_cat-non-classe","8":"first","9":"instock","10":"shipping-taxable","11":"purchasable","12":"product-type-variable"},"acf":[],"yoast_head":"<!-- This site is optimized with the Yoast SEO plugin v27.2 - https:\/\/yoast.com\/product\/yoast-seo-wordpress\/ -->\n<title>Les sols au coeur de la zone critique 5 - ISTE Group<\/title>\n<meta name=\"description\" content=\"Les sols au coeur de la zone critique 5, rare ouvrage \u00e0 approfondir la question de l\u2019artificialisation des sols, pr\u00e9sente les principaux facteurs de leur d\u00e9gradation, et les diff\u00e9rentes voies de pr\u00e9vention et de r\u00e9habilitation.\" \/>\n<meta name=\"robots\" content=\"index, follow, max-snippet:-1, max-image-preview:large, max-video-preview:-1\" \/>\n<link rel=\"canonical\" href=\"https:\/\/www.istegroup.com\/fr\/produit\/les-sols-au-coeur-de-la-zone-critique-5\/\" \/>\n<meta property=\"og:locale\" content=\"fr_FR\" \/>\n<meta property=\"og:type\" content=\"article\" \/>\n<meta property=\"og:title\" content=\"Les sols au coeur de la zone critique 5 - ISTE Group\" \/>\n<meta property=\"og:description\" content=\"Les sols au coeur de la zone critique 5, rare ouvrage \u00e0 approfondir la question de l\u2019artificialisation des sols, pr\u00e9sente les principaux facteurs de leur d\u00e9gradation, et les diff\u00e9rentes voies de pr\u00e9vention et de r\u00e9habilitation.\" \/>\n<meta property=\"og:url\" content=\"https:\/\/www.istegroup.com\/fr\/produit\/les-sols-au-coeur-de-la-zone-critique-5\/\" \/>\n<meta property=\"og:site_name\" content=\"ISTE Group\" \/>\n<meta property=\"article:modified_time\" content=\"2024-01-03T13:42:24+00:00\" \/>\n<meta property=\"og:image\" content=\"https:\/\/www.istegroup.com\/wp-content\/uploads\/2018\/06\/Valentin-Front-scaled.jpg\" \/>\n\t<meta property=\"og:image:width\" content=\"1699\" \/>\n\t<meta property=\"og:image:height\" content=\"2560\" \/>\n\t<meta property=\"og:image:type\" content=\"image\/jpeg\" \/>\n<meta name=\"twitter:card\" content=\"summary_large_image\" \/>\n<meta name=\"twitter:label1\" content=\"Est. reading time\" \/>\n\t<meta name=\"twitter:data1\" content=\"1 minute\" \/>\n<script type=\"application\/ld+json\" class=\"yoast-schema-graph\">{\"@context\":\"https:\/\/schema.org\",\"@graph\":[{\"@type\":\"WebPage\",\"@id\":\"https:\/\/www.istegroup.com\/fr\/produit\/les-sols-au-coeur-de-la-zone-critique-5\/\",\"url\":\"https:\/\/www.istegroup.com\/fr\/produit\/les-sols-au-coeur-de-la-zone-critique-5\/\",\"name\":\"Les sols au coeur de la zone critique 5 - ISTE Group\",\"isPartOf\":{\"@id\":\"https:\/\/www.istegroup.com\/#website\"},\"primaryImageOfPage\":{\"@id\":\"https:\/\/www.istegroup.com\/fr\/produit\/les-sols-au-coeur-de-la-zone-critique-5\/#primaryimage\"},\"image\":{\"@id\":\"https:\/\/www.istegroup.com\/fr\/produit\/les-sols-au-coeur-de-la-zone-critique-5\/#primaryimage\"},\"thumbnailUrl\":\"https:\/\/www.istegroup.com\/wp-content\/uploads\/2018\/06\/Valentin-Front-scaled.jpg\",\"datePublished\":\"2018-06-06T09:30:50+00:00\",\"dateModified\":\"2024-01-03T13:42:24+00:00\",\"description\":\"Les sols au coeur de la zone critique 5, rare ouvrage \u00e0 approfondir la question de l\u2019artificialisation des sols, pr\u00e9sente les principaux facteurs de leur d\u00e9gradation, et les diff\u00e9rentes voies de pr\u00e9vention et de r\u00e9habilitation.\",\"breadcrumb\":{\"@id\":\"https:\/\/www.istegroup.com\/fr\/produit\/les-sols-au-coeur-de-la-zone-critique-5\/#breadcrumb\"},\"inLanguage\":\"fr-FR\",\"potentialAction\":[{\"@type\":\"ReadAction\",\"target\":[\"https:\/\/www.istegroup.com\/fr\/produit\/les-sols-au-coeur-de-la-zone-critique-5\/\"]}]},{\"@type\":\"ImageObject\",\"inLanguage\":\"fr-FR\",\"@id\":\"https:\/\/www.istegroup.com\/fr\/produit\/les-sols-au-coeur-de-la-zone-critique-5\/#primaryimage\",\"url\":\"https:\/\/www.istegroup.com\/wp-content\/uploads\/2018\/06\/Valentin-Front-scaled.jpg\",\"contentUrl\":\"https:\/\/www.istegroup.com\/wp-content\/uploads\/2018\/06\/Valentin-Front-scaled.jpg\",\"width\":1699,\"height\":2560,\"caption\":\"D\u00e9gradation et r\u00e9habilitation\"},{\"@type\":\"BreadcrumbList\",\"@id\":\"https:\/\/www.istegroup.com\/fr\/produit\/les-sols-au-coeur-de-la-zone-critique-5\/#breadcrumb\",\"itemListElement\":[{\"@type\":\"ListItem\",\"position\":1,\"name\":\"Home\",\"item\":\"https:\/\/www.istegroup.com\/\"},{\"@type\":\"ListItem\",\"position\":2,\"name\":\"Shop\",\"item\":\"https:\/\/www.istegroup.com\/fr\/nouveautes\/\"},{\"@type\":\"ListItem\",\"position\":3,\"name\":\"Les sols au coeur de la zone critique 5\"}]},{\"@type\":\"WebSite\",\"@id\":\"https:\/\/www.istegroup.com\/#website\",\"url\":\"https:\/\/www.istegroup.com\/\",\"name\":\"ISTE Group\",\"description\":\"\u00c9diteur des Sciences\",\"potentialAction\":[{\"@type\":\"SearchAction\",\"target\":{\"@type\":\"EntryPoint\",\"urlTemplate\":\"https:\/\/www.istegroup.com\/?s={search_term_string}\"},\"query-input\":{\"@type\":\"PropertyValueSpecification\",\"valueRequired\":true,\"valueName\":\"search_term_string\"}}],\"inLanguage\":\"fr-FR\"}]}<\/script>\n<!-- \/ Yoast SEO plugin. -->","yoast_head_json":{"title":"Les sols au coeur de la zone critique 5 - ISTE Group","description":"Les sols au coeur de la zone critique 5, rare ouvrage \u00e0 approfondir la question de l\u2019artificialisation des sols, pr\u00e9sente les principaux facteurs de leur d\u00e9gradation, et les diff\u00e9rentes voies de pr\u00e9vention et de r\u00e9habilitation.","robots":{"index":"index","follow":"follow","max-snippet":"max-snippet:-1","max-image-preview":"max-image-preview:large","max-video-preview":"max-video-preview:-1"},"canonical":"https:\/\/www.istegroup.com\/fr\/produit\/les-sols-au-coeur-de-la-zone-critique-5\/","og_locale":"fr_FR","og_type":"article","og_title":"Les sols au coeur de la zone critique 5 - ISTE Group","og_description":"Les sols au coeur de la zone critique 5, rare ouvrage \u00e0 approfondir la question de l\u2019artificialisation des sols, pr\u00e9sente les principaux facteurs de leur d\u00e9gradation, et les diff\u00e9rentes voies de pr\u00e9vention et de r\u00e9habilitation.","og_url":"https:\/\/www.istegroup.com\/fr\/produit\/les-sols-au-coeur-de-la-zone-critique-5\/","og_site_name":"ISTE Group","article_modified_time":"2024-01-03T13:42:24+00:00","og_image":[{"width":1699,"height":2560,"url":"https:\/\/www.istegroup.com\/wp-content\/uploads\/2018\/06\/Valentin-Front-scaled.jpg","type":"image\/jpeg"}],"twitter_card":"summary_large_image","twitter_misc":{"Est. reading time":"1 minute"},"schema":{"@context":"https:\/\/schema.org","@graph":[{"@type":"WebPage","@id":"https:\/\/www.istegroup.com\/fr\/produit\/les-sols-au-coeur-de-la-zone-critique-5\/","url":"https:\/\/www.istegroup.com\/fr\/produit\/les-sols-au-coeur-de-la-zone-critique-5\/","name":"Les sols au coeur de la zone critique 5 - ISTE Group","isPartOf":{"@id":"https:\/\/www.istegroup.com\/#website"},"primaryImageOfPage":{"@id":"https:\/\/www.istegroup.com\/fr\/produit\/les-sols-au-coeur-de-la-zone-critique-5\/#primaryimage"},"image":{"@id":"https:\/\/www.istegroup.com\/fr\/produit\/les-sols-au-coeur-de-la-zone-critique-5\/#primaryimage"},"thumbnailUrl":"https:\/\/www.istegroup.com\/wp-content\/uploads\/2018\/06\/Valentin-Front-scaled.jpg","datePublished":"2018-06-06T09:30:50+00:00","dateModified":"2024-01-03T13:42:24+00:00","description":"Les sols au coeur de la zone critique 5, rare ouvrage \u00e0 approfondir la question de l\u2019artificialisation des sols, pr\u00e9sente les principaux facteurs de leur d\u00e9gradation, et les diff\u00e9rentes voies de pr\u00e9vention et de r\u00e9habilitation.","breadcrumb":{"@id":"https:\/\/www.istegroup.com\/fr\/produit\/les-sols-au-coeur-de-la-zone-critique-5\/#breadcrumb"},"inLanguage":"fr-FR","potentialAction":[{"@type":"ReadAction","target":["https:\/\/www.istegroup.com\/fr\/produit\/les-sols-au-coeur-de-la-zone-critique-5\/"]}]},{"@type":"ImageObject","inLanguage":"fr-FR","@id":"https:\/\/www.istegroup.com\/fr\/produit\/les-sols-au-coeur-de-la-zone-critique-5\/#primaryimage","url":"https:\/\/www.istegroup.com\/wp-content\/uploads\/2018\/06\/Valentin-Front-scaled.jpg","contentUrl":"https:\/\/www.istegroup.com\/wp-content\/uploads\/2018\/06\/Valentin-Front-scaled.jpg","width":1699,"height":2560,"caption":"D\u00e9gradation et r\u00e9habilitation"},{"@type":"BreadcrumbList","@id":"https:\/\/www.istegroup.com\/fr\/produit\/les-sols-au-coeur-de-la-zone-critique-5\/#breadcrumb","itemListElement":[{"@type":"ListItem","position":1,"name":"Home","item":"https:\/\/www.istegroup.com\/"},{"@type":"ListItem","position":2,"name":"Shop","item":"https:\/\/www.istegroup.com\/fr\/nouveautes\/"},{"@type":"ListItem","position":3,"name":"Les sols au coeur de la zone critique 5"}]},{"@type":"WebSite","@id":"https:\/\/www.istegroup.com\/#website","url":"https:\/\/www.istegroup.com\/","name":"ISTE Group","description":"\u00c9diteur des Sciences","potentialAction":[{"@type":"SearchAction","target":{"@type":"EntryPoint","urlTemplate":"https:\/\/www.istegroup.com\/?s={search_term_string}"},"query-input":{"@type":"PropertyValueSpecification","valueRequired":true,"valueName":"search_term_string"}}],"inLanguage":"fr-FR"}]}},"_links":{"self":[{"href":"https:\/\/www.istegroup.com\/fr\/wp-json\/wp\/v2\/product\/13340","targetHints":{"allow":["GET"]}}],"collection":[{"href":"https:\/\/www.istegroup.com\/fr\/wp-json\/wp\/v2\/product"}],"about":[{"href":"https:\/\/www.istegroup.com\/fr\/wp-json\/wp\/v2\/types\/product"}],"wp:featuredmedia":[{"embeddable":true,"href":"https:\/\/www.istegroup.com\/fr\/wp-json\/wp\/v2\/media\/13344"}],"wp:attachment":[{"href":"https:\/\/www.istegroup.com\/fr\/wp-json\/wp\/v2\/media?parent=13340"}],"wp:term":[{"taxonomy":"product_brand","embeddable":true,"href":"https:\/\/www.istegroup.com\/fr\/wp-json\/wp\/v2\/product_brand?post=13340"},{"taxonomy":"product_cat","embeddable":true,"href":"https:\/\/www.istegroup.com\/fr\/wp-json\/wp\/v2\/product_cat?post=13340"},{"taxonomy":"product_tag","embeddable":true,"href":"https:\/\/www.istegroup.com\/fr\/wp-json\/wp\/v2\/product_tag?post=13340"}],"curies":[{"name":"wp","href":"https:\/\/api.w.org\/{rel}","templated":true}]}}