{"id":13005,"date":"2018-05-05T15:20:56","date_gmt":"2018-05-05T13:20:56","guid":{"rendered":"https:\/\/iste.yhello.co\/?post_type=product&#038;p=13005"},"modified":"2024-01-03T13:42:24","modified_gmt":"2024-01-03T13:42:24","slug":"innovation-ouverte","status":"publish","type":"product","link":"https:\/\/www.istegroup.com\/fr\/produit\/innovation-ouverte\/","title":{"rendered":"Innovation ouverte"},"content":{"rendered":"<p>Dispositif d\u2019innovation ouverte, l\u2019incubateur\u00a0<em>corporate<\/em>\u00a0se d\u00e9veloppe dans les grands groupes pour g\u00e9rer les relations avec les start-up. Toutefois, parce que ces groupes n\u2019ont pas le recul n\u00e9cessaire sur la mani\u00e8re de le mettre en oeuvre, de le d\u00e9velopper et de le piloter, son montage n\u2019a rien d\u2019\u00e9vident et les exp\u00e9rimentations sont encore fr\u00e9quentes.<\/p>\n<p>Ce sujet tr\u00e8s en vogue est souvent trait\u00e9 superficiellement pour son effet m\u00e9diatique. Cet ouvrage offre un double prisme \u2013 le prisme organisationnel et le prisme social \u2013 qui pr\u00e9sente la r\u00e9alit\u00e9 de l\u2019incubateur\u00a0<em>corporate<\/em>\u00a0telle que v\u00e9cue de l\u2019int\u00e9rieur par les manageurs. Il analyse les actions et pratiques qui sont mises en oeuvre par ces de niers, v\u00e9ritables \u00ab architectes d\u2019interactions \u00bb, dont d\u00e9pendent l\u2019adoption et les r\u00e9alisations de l\u2019incubateur\u00a0<em>corporate<\/em>.<\/p>\n","protected":false},"excerpt":{"rendered":"<p>Dispositif d\u2019innovation ouverte, l\u2019incubateur\u00a0corporate\u00a0se d\u00e9veloppe dans les grands groupes pour g\u00e9rer les relations avec les start-up. Toutefois, parce que ces groupes n\u2019ont pas le recul n\u00e9cessaire sur la mani\u00e8re de le mettre en oeuvre, de le d\u00e9velopper et de le piloter, son montage n\u2019a rien d\u2019\u00e9vident et les exp\u00e9rimentations sont encore fr\u00e9quentes. Ce sujet tr\u00e8s [&hellip;]<\/p>\n","protected":false},"featured_media":13011,"template":"","meta":{"_acf_changed":false,"_links_to":"","_links_to_target":""},"product_brand":[],"product_cat":[3262],"product_tag":[],"class_list":{"0":"post-13005","1":"product","2":"type-product","3":"status-publish","4":"has-post-thumbnail","6":"product_cat-non-classe","8":"first","9":"instock","10":"shipping-taxable","11":"purchasable","12":"product-type-variable"},"acf":[],"yoast_head":"<!-- This site is optimized with the Yoast SEO plugin v27.2 - https:\/\/yoast.com\/product\/yoast-seo-wordpress\/ -->\n<title>Innovation ouverte - ISTE Group<\/title>\n<meta name=\"description\" content=\"Dispositif d\u2019innovation ouverte, l\u2019incubateur\u00a0corporate\u00a0se d\u00e9veloppe dans les grands groupes pour g\u00e9rer les relations avec les start-up.\" \/>\n<meta name=\"robots\" content=\"index, follow, max-snippet:-1, max-image-preview:large, max-video-preview:-1\" \/>\n<link rel=\"canonical\" href=\"https:\/\/www.istegroup.com\/en\/produit\/innovation-ouverte\/\" \/>\n<meta property=\"og:locale\" content=\"fr_FR\" \/>\n<meta property=\"og:type\" content=\"article\" \/>\n<meta property=\"og:title\" content=\"Innovation ouverte - ISTE Group\" \/>\n<meta property=\"og:description\" content=\"Dispositif d\u2019innovation ouverte, l\u2019incubateur\u00a0corporate\u00a0se d\u00e9veloppe dans les grands groupes pour g\u00e9rer les relations avec les start-up.\" \/>\n<meta property=\"og:url\" content=\"https:\/\/www.istegroup.com\/en\/produit\/innovation-ouverte\/\" \/>\n<meta property=\"og:site_name\" content=\"ISTE Group\" \/>\n<meta property=\"article:modified_time\" content=\"2024-01-03T13:42:24+00:00\" \/>\n<meta property=\"og:image\" content=\"https:\/\/www.istegroup.com\/wp-content\/uploads\/2018\/06\/Latouche_Front-scaled.jpg\" \/>\n\t<meta property=\"og:image:width\" content=\"1656\" \/>\n\t<meta property=\"og:image:height\" content=\"2560\" \/>\n\t<meta property=\"og:image:type\" content=\"image\/jpeg\" \/>\n<meta name=\"twitter:card\" content=\"summary_large_image\" \/>\n<meta name=\"twitter:label1\" content=\"Est. reading time\" \/>\n\t<meta name=\"twitter:data1\" content=\"1 minute\" \/>\n<script type=\"application\/ld+json\" class=\"yoast-schema-graph\">{\"@context\":\"https:\/\/schema.org\",\"@graph\":[{\"@type\":\"WebPage\",\"@id\":\"https:\/\/www.istegroup.com\/en\/produit\/innovation-ouverte\/\",\"url\":\"https:\/\/www.istegroup.com\/en\/produit\/innovation-ouverte\/\",\"name\":\"Innovation ouverte - ISTE Group\",\"isPartOf\":{\"@id\":\"https:\/\/www.istegroup.com\/#website\"},\"primaryImageOfPage\":{\"@id\":\"https:\/\/www.istegroup.com\/en\/produit\/innovation-ouverte\/#primaryimage\"},\"image\":{\"@id\":\"https:\/\/www.istegroup.com\/en\/produit\/innovation-ouverte\/#primaryimage\"},\"thumbnailUrl\":\"https:\/\/www.istegroup.com\/wp-content\/uploads\/2018\/06\/Latouche_Front-scaled.jpg\",\"datePublished\":\"2018-05-05T13:20:56+00:00\",\"dateModified\":\"2024-01-03T13:42:24+00:00\",\"description\":\"Dispositif d\u2019innovation ouverte, l\u2019incubateur\u00a0corporate\u00a0se d\u00e9veloppe dans les grands groupes pour g\u00e9rer les relations avec les start-up.\",\"breadcrumb\":{\"@id\":\"https:\/\/www.istegroup.com\/en\/produit\/innovation-ouverte\/#breadcrumb\"},\"inLanguage\":\"fr-FR\",\"potentialAction\":[{\"@type\":\"ReadAction\",\"target\":[\"https:\/\/www.istegroup.com\/en\/produit\/innovation-ouverte\/\"]}]},{\"@type\":\"ImageObject\",\"inLanguage\":\"fr-FR\",\"@id\":\"https:\/\/www.istegroup.com\/en\/produit\/innovation-ouverte\/#primaryimage\",\"url\":\"https:\/\/www.istegroup.com\/wp-content\/uploads\/2018\/06\/Latouche_Front-scaled.jpg\",\"contentUrl\":\"https:\/\/www.istegroup.com\/wp-content\/uploads\/2018\/06\/Latouche_Front-scaled.jpg\",\"width\":1656,\"height\":2560,\"caption\":\"L\u2019incubateur corporate\"},{\"@type\":\"BreadcrumbList\",\"@id\":\"https:\/\/www.istegroup.com\/en\/produit\/innovation-ouverte\/#breadcrumb\",\"itemListElement\":[{\"@type\":\"ListItem\",\"position\":1,\"name\":\"Home\",\"item\":\"https:\/\/www.istegroup.com\/\"},{\"@type\":\"ListItem\",\"position\":2,\"name\":\"Shop\",\"item\":\"https:\/\/www.istegroup.com\/fr\/nouveautes\/\"},{\"@type\":\"ListItem\",\"position\":3,\"name\":\"Innovation ouverte\"}]},{\"@type\":\"WebSite\",\"@id\":\"https:\/\/www.istegroup.com\/#website\",\"url\":\"https:\/\/www.istegroup.com\/\",\"name\":\"ISTE Group\",\"description\":\"\u00c9diteur des Sciences\",\"potentialAction\":[{\"@type\":\"SearchAction\",\"target\":{\"@type\":\"EntryPoint\",\"urlTemplate\":\"https:\/\/www.istegroup.com\/?s={search_term_string}\"},\"query-input\":{\"@type\":\"PropertyValueSpecification\",\"valueRequired\":true,\"valueName\":\"search_term_string\"}}],\"inLanguage\":\"fr-FR\"}]}<\/script>\n<!-- \/ Yoast SEO plugin. -->","yoast_head_json":{"title":"Innovation ouverte - ISTE Group","description":"Dispositif d\u2019innovation ouverte, l\u2019incubateur\u00a0corporate\u00a0se d\u00e9veloppe dans les grands groupes pour g\u00e9rer les relations avec les start-up.","robots":{"index":"index","follow":"follow","max-snippet":"max-snippet:-1","max-image-preview":"max-image-preview:large","max-video-preview":"max-video-preview:-1"},"canonical":"https:\/\/www.istegroup.com\/en\/produit\/innovation-ouverte\/","og_locale":"fr_FR","og_type":"article","og_title":"Innovation ouverte - ISTE Group","og_description":"Dispositif d\u2019innovation ouverte, l\u2019incubateur\u00a0corporate\u00a0se d\u00e9veloppe dans les grands groupes pour g\u00e9rer les relations avec les start-up.","og_url":"https:\/\/www.istegroup.com\/en\/produit\/innovation-ouverte\/","og_site_name":"ISTE Group","article_modified_time":"2024-01-03T13:42:24+00:00","og_image":[{"width":1656,"height":2560,"url":"https:\/\/www.istegroup.com\/wp-content\/uploads\/2018\/06\/Latouche_Front-scaled.jpg","type":"image\/jpeg"}],"twitter_card":"summary_large_image","twitter_misc":{"Est. reading time":"1 minute"},"schema":{"@context":"https:\/\/schema.org","@graph":[{"@type":"WebPage","@id":"https:\/\/www.istegroup.com\/en\/produit\/innovation-ouverte\/","url":"https:\/\/www.istegroup.com\/en\/produit\/innovation-ouverte\/","name":"Innovation ouverte - ISTE Group","isPartOf":{"@id":"https:\/\/www.istegroup.com\/#website"},"primaryImageOfPage":{"@id":"https:\/\/www.istegroup.com\/en\/produit\/innovation-ouverte\/#primaryimage"},"image":{"@id":"https:\/\/www.istegroup.com\/en\/produit\/innovation-ouverte\/#primaryimage"},"thumbnailUrl":"https:\/\/www.istegroup.com\/wp-content\/uploads\/2018\/06\/Latouche_Front-scaled.jpg","datePublished":"2018-05-05T13:20:56+00:00","dateModified":"2024-01-03T13:42:24+00:00","description":"Dispositif d\u2019innovation ouverte, l\u2019incubateur\u00a0corporate\u00a0se d\u00e9veloppe dans les grands groupes pour g\u00e9rer les relations avec les start-up.","breadcrumb":{"@id":"https:\/\/www.istegroup.com\/en\/produit\/innovation-ouverte\/#breadcrumb"},"inLanguage":"fr-FR","potentialAction":[{"@type":"ReadAction","target":["https:\/\/www.istegroup.com\/en\/produit\/innovation-ouverte\/"]}]},{"@type":"ImageObject","inLanguage":"fr-FR","@id":"https:\/\/www.istegroup.com\/en\/produit\/innovation-ouverte\/#primaryimage","url":"https:\/\/www.istegroup.com\/wp-content\/uploads\/2018\/06\/Latouche_Front-scaled.jpg","contentUrl":"https:\/\/www.istegroup.com\/wp-content\/uploads\/2018\/06\/Latouche_Front-scaled.jpg","width":1656,"height":2560,"caption":"L\u2019incubateur corporate"},{"@type":"BreadcrumbList","@id":"https:\/\/www.istegroup.com\/en\/produit\/innovation-ouverte\/#breadcrumb","itemListElement":[{"@type":"ListItem","position":1,"name":"Home","item":"https:\/\/www.istegroup.com\/"},{"@type":"ListItem","position":2,"name":"Shop","item":"https:\/\/www.istegroup.com\/fr\/nouveautes\/"},{"@type":"ListItem","position":3,"name":"Innovation ouverte"}]},{"@type":"WebSite","@id":"https:\/\/www.istegroup.com\/#website","url":"https:\/\/www.istegroup.com\/","name":"ISTE Group","description":"\u00c9diteur des Sciences","potentialAction":[{"@type":"SearchAction","target":{"@type":"EntryPoint","urlTemplate":"https:\/\/www.istegroup.com\/?s={search_term_string}"},"query-input":{"@type":"PropertyValueSpecification","valueRequired":true,"valueName":"search_term_string"}}],"inLanguage":"fr-FR"}]}},"_links":{"self":[{"href":"https:\/\/www.istegroup.com\/fr\/wp-json\/wp\/v2\/product\/13005","targetHints":{"allow":["GET"]}}],"collection":[{"href":"https:\/\/www.istegroup.com\/fr\/wp-json\/wp\/v2\/product"}],"about":[{"href":"https:\/\/www.istegroup.com\/fr\/wp-json\/wp\/v2\/types\/product"}],"wp:featuredmedia":[{"embeddable":true,"href":"https:\/\/www.istegroup.com\/fr\/wp-json\/wp\/v2\/media\/13011"}],"wp:attachment":[{"href":"https:\/\/www.istegroup.com\/fr\/wp-json\/wp\/v2\/media?parent=13005"}],"wp:term":[{"taxonomy":"product_brand","embeddable":true,"href":"https:\/\/www.istegroup.com\/fr\/wp-json\/wp\/v2\/product_brand?post=13005"},{"taxonomy":"product_cat","embeddable":true,"href":"https:\/\/www.istegroup.com\/fr\/wp-json\/wp\/v2\/product_cat?post=13005"},{"taxonomy":"product_tag","embeddable":true,"href":"https:\/\/www.istegroup.com\/fr\/wp-json\/wp\/v2\/product_tag?post=13005"}],"curies":[{"name":"wp","href":"https:\/\/api.w.org\/{rel}","templated":true}]}}