{"id":12546,"date":"2018-05-10T10:52:55","date_gmt":"2018-05-10T08:52:55","guid":{"rendered":"https:\/\/iste.yhello.co\/?post_type=product&#038;p=12546"},"modified":"2024-01-03T13:42:19","modified_gmt":"2024-01-03T13:42:19","slug":"methodes-numeriques-avancees-sous-matlab-1","status":"publish","type":"product","link":"https:\/\/www.istegroup.com\/fr\/produit\/methodes-numeriques-avancees-sous-matlab-1\/","title":{"rendered":"M\u00e9thodes num\u00e9riques avanc\u00e9es sous Matlab\u00ae 1"},"content":{"rendered":"<p>La plupart des probl\u00e8mes physiques peuvent \u00eatre \u00e9crits et approxim\u00e9s sous la forme d\u2019\u00e9quations math\u00e9matiques. Les math\u00e9maticiens ont toujours cherch\u00e9 \u00e0 trouver des solutions analytiques aux \u00e9quations rencontr\u00e9es dans les diff\u00e9rentes sciences de l\u2019ing\u00e9nieur. Cependant, ces \u00e9quations sont parfois compliqu\u00e9es et demandent beaucoup d\u2019efforts pour les simplifier.<\/p>\n<p>L\u2019objectif de cet ouvrage est d\u2019introduire et d\u2019\u00e9tudier les m\u00e9thodes num\u00e9riques, de base et avanc\u00e9es, pour pouvoir faire du calcul scientifique. Ce dernier d\u00e9signe la mise en oeuvre des d\u00e9marches adapt\u00e9es au traitement d\u2019un probl\u00e8me scientifique issu de la physique ou de l\u2019ing\u00e9nierie.<\/p>\n<p><em>M\u00e9thodes num\u00e9riques avanc\u00e9es sous Matlab\u00ae 1<\/em>\u00a0traite de l\u2019approximation des fonctions et fournit les diff\u00e9rentes m\u00e9thodes pour r\u00e9soudre les syst\u00e8mes lin\u00e9aires : m\u00e9thode directe, it\u00e9rative, calcul des valeurs propres et vecteurs propres. Chaque chapitre rappelle l\u2019essentiel des diff\u00e9rentes m\u00e9thodes de r\u00e9solution et pr\u00e9sente plusieurs applications au domaine de l\u2019ing\u00e9nieur, de m\u00eame que des programmes d\u00e9velopp\u00e9s sous le logiciel Matlab.<\/p>\n","protected":false},"excerpt":{"rendered":"<p>La plupart des probl\u00e8mes physiques peuvent \u00eatre \u00e9crits et approxim\u00e9s sous la forme d\u2019\u00e9quations math\u00e9matiques. Les math\u00e9maticiens ont toujours cherch\u00e9 \u00e0 trouver des solutions analytiques aux \u00e9quations rencontr\u00e9es dans les diff\u00e9rentes sciences de l\u2019ing\u00e9nieur. Cependant, ces \u00e9quations sont parfois compliqu\u00e9es et demandent beaucoup d\u2019efforts pour les simplifier. L\u2019objectif de cet ouvrage est d\u2019introduire et d\u2019\u00e9tudier [&hellip;]<\/p>\n","protected":false},"featured_media":15665,"template":"","meta":{"_acf_changed":false,"_links_to":"","_links_to_target":""},"product_brand":[],"product_cat":[3262],"product_tag":[],"class_list":{"0":"post-12546","1":"product","2":"type-product","3":"status-publish","4":"has-post-thumbnail","6":"product_cat-non-classe","8":"first","9":"instock","10":"shipping-taxable","11":"purchasable","12":"product-type-variable"},"acf":[],"yoast_head":"<!-- This site is optimized with the Yoast SEO plugin v27.2 - https:\/\/yoast.com\/product\/yoast-seo-wordpress\/ -->\n<title>M\u00e9thodes num\u00e9riques avanc\u00e9es sous Matlab\u00ae 1 - ISTE Group<\/title>\n<meta name=\"description\" content=\"M\u00e9thodes num\u00e9riques avanc\u00e9es sous Matlab\u00ae 1\u00a0traite de l\u2019approximation des fonctions et fournit les diff\u00e9rentes m\u00e9thodes pour r\u00e9soudre les syst\u00e8mes lin\u00e9aires : m\u00e9thode directe, it\u00e9rative, calcul des valeurs propres et vecteurs propres.\" \/>\n<meta name=\"robots\" content=\"index, follow, max-snippet:-1, max-image-preview:large, max-video-preview:-1\" \/>\n<link rel=\"canonical\" href=\"https:\/\/www.istegroup.com\/en\/produit\/methodes-numeriques-avancees-sous-matlab-1\/\" \/>\n<meta property=\"og:locale\" content=\"fr_FR\" \/>\n<meta property=\"og:type\" content=\"article\" \/>\n<meta property=\"og:title\" content=\"M\u00e9thodes num\u00e9riques avanc\u00e9es sous Matlab\u00ae 1 - ISTE Group\" \/>\n<meta property=\"og:description\" content=\"M\u00e9thodes num\u00e9riques avanc\u00e9es sous Matlab\u00ae 1\u00a0traite de l\u2019approximation des fonctions et fournit les diff\u00e9rentes m\u00e9thodes pour r\u00e9soudre les syst\u00e8mes lin\u00e9aires : m\u00e9thode directe, it\u00e9rative, calcul des valeurs propres et vecteurs propres.\" \/>\n<meta property=\"og:url\" content=\"https:\/\/www.istegroup.com\/en\/produit\/methodes-numeriques-avancees-sous-matlab-1\/\" \/>\n<meta property=\"og:site_name\" content=\"ISTE Group\" \/>\n<meta property=\"article:modified_time\" content=\"2024-01-03T13:42:19+00:00\" \/>\n<meta property=\"og:image\" content=\"https:\/\/www.istegroup.com\/wp-content\/uploads\/2018\/11\/Radi-1_Front.Cover_-scaled.jpg\" \/>\n\t<meta property=\"og:image:width\" content=\"1661\" \/>\n\t<meta property=\"og:image:height\" content=\"2560\" \/>\n\t<meta property=\"og:image:type\" content=\"image\/jpeg\" \/>\n<meta name=\"twitter:card\" content=\"summary_large_image\" \/>\n<meta name=\"twitter:label1\" content=\"Est. reading time\" \/>\n\t<meta name=\"twitter:data1\" content=\"1 minute\" \/>\n<script type=\"application\/ld+json\" class=\"yoast-schema-graph\">{\"@context\":\"https:\/\/schema.org\",\"@graph\":[{\"@type\":\"WebPage\",\"@id\":\"https:\/\/www.istegroup.com\/en\/produit\/methodes-numeriques-avancees-sous-matlab-1\/\",\"url\":\"https:\/\/www.istegroup.com\/en\/produit\/methodes-numeriques-avancees-sous-matlab-1\/\",\"name\":\"M\u00e9thodes num\u00e9riques avanc\u00e9es sous Matlab\u00ae 1 - ISTE Group\",\"isPartOf\":{\"@id\":\"https:\/\/www.istegroup.com\/#website\"},\"primaryImageOfPage\":{\"@id\":\"https:\/\/www.istegroup.com\/en\/produit\/methodes-numeriques-avancees-sous-matlab-1\/#primaryimage\"},\"image\":{\"@id\":\"https:\/\/www.istegroup.com\/en\/produit\/methodes-numeriques-avancees-sous-matlab-1\/#primaryimage\"},\"thumbnailUrl\":\"https:\/\/www.istegroup.com\/wp-content\/uploads\/2018\/11\/Radi-1_Front.Cover_-scaled.jpg\",\"datePublished\":\"2018-05-10T08:52:55+00:00\",\"dateModified\":\"2024-01-03T13:42:19+00:00\",\"description\":\"M\u00e9thodes num\u00e9riques avanc\u00e9es sous Matlab\u00ae 1\u00a0traite de l\u2019approximation des fonctions et fournit les diff\u00e9rentes m\u00e9thodes pour r\u00e9soudre les syst\u00e8mes lin\u00e9aires : m\u00e9thode directe, it\u00e9rative, calcul des valeurs propres et vecteurs propres.\",\"breadcrumb\":{\"@id\":\"https:\/\/www.istegroup.com\/en\/produit\/methodes-numeriques-avancees-sous-matlab-1\/#breadcrumb\"},\"inLanguage\":\"fr-FR\",\"potentialAction\":[{\"@type\":\"ReadAction\",\"target\":[\"https:\/\/www.istegroup.com\/en\/produit\/methodes-numeriques-avancees-sous-matlab-1\/\"]}]},{\"@type\":\"ImageObject\",\"inLanguage\":\"fr-FR\",\"@id\":\"https:\/\/www.istegroup.com\/en\/produit\/methodes-numeriques-avancees-sous-matlab-1\/#primaryimage\",\"url\":\"https:\/\/www.istegroup.com\/wp-content\/uploads\/2018\/11\/Radi-1_Front.Cover_-scaled.jpg\",\"contentUrl\":\"https:\/\/www.istegroup.com\/wp-content\/uploads\/2018\/11\/Radi-1_Front.Cover_-scaled.jpg\",\"width\":1661,\"height\":2560,\"caption\":\"Approximation des fonctions et r\u00e9solutions des syst\u00e8mes lin\u00e9aires\"},{\"@type\":\"BreadcrumbList\",\"@id\":\"https:\/\/www.istegroup.com\/en\/produit\/methodes-numeriques-avancees-sous-matlab-1\/#breadcrumb\",\"itemListElement\":[{\"@type\":\"ListItem\",\"position\":1,\"name\":\"Home\",\"item\":\"https:\/\/www.istegroup.com\/\"},{\"@type\":\"ListItem\",\"position\":2,\"name\":\"Shop\",\"item\":\"https:\/\/www.istegroup.com\/fr\/nouveautes\/\"},{\"@type\":\"ListItem\",\"position\":3,\"name\":\"M\u00e9thodes num\u00e9riques avanc\u00e9es sous Matlab\u00ae 1\"}]},{\"@type\":\"WebSite\",\"@id\":\"https:\/\/www.istegroup.com\/#website\",\"url\":\"https:\/\/www.istegroup.com\/\",\"name\":\"ISTE Group\",\"description\":\"\u00c9diteur des Sciences\",\"potentialAction\":[{\"@type\":\"SearchAction\",\"target\":{\"@type\":\"EntryPoint\",\"urlTemplate\":\"https:\/\/www.istegroup.com\/?s={search_term_string}\"},\"query-input\":{\"@type\":\"PropertyValueSpecification\",\"valueRequired\":true,\"valueName\":\"search_term_string\"}}],\"inLanguage\":\"fr-FR\"}]}<\/script>\n<!-- \/ Yoast SEO plugin. -->","yoast_head_json":{"title":"M\u00e9thodes num\u00e9riques avanc\u00e9es sous Matlab\u00ae 1 - ISTE Group","description":"M\u00e9thodes num\u00e9riques avanc\u00e9es sous Matlab\u00ae 1\u00a0traite de l\u2019approximation des fonctions et fournit les diff\u00e9rentes m\u00e9thodes pour r\u00e9soudre les syst\u00e8mes lin\u00e9aires : m\u00e9thode directe, it\u00e9rative, calcul des valeurs propres et vecteurs propres.","robots":{"index":"index","follow":"follow","max-snippet":"max-snippet:-1","max-image-preview":"max-image-preview:large","max-video-preview":"max-video-preview:-1"},"canonical":"https:\/\/www.istegroup.com\/en\/produit\/methodes-numeriques-avancees-sous-matlab-1\/","og_locale":"fr_FR","og_type":"article","og_title":"M\u00e9thodes num\u00e9riques avanc\u00e9es sous Matlab\u00ae 1 - ISTE Group","og_description":"M\u00e9thodes num\u00e9riques avanc\u00e9es sous Matlab\u00ae 1\u00a0traite de l\u2019approximation des fonctions et fournit les diff\u00e9rentes m\u00e9thodes pour r\u00e9soudre les syst\u00e8mes lin\u00e9aires : m\u00e9thode directe, it\u00e9rative, calcul des valeurs propres et vecteurs propres.","og_url":"https:\/\/www.istegroup.com\/en\/produit\/methodes-numeriques-avancees-sous-matlab-1\/","og_site_name":"ISTE Group","article_modified_time":"2024-01-03T13:42:19+00:00","og_image":[{"width":1661,"height":2560,"url":"https:\/\/www.istegroup.com\/wp-content\/uploads\/2018\/11\/Radi-1_Front.Cover_-scaled.jpg","type":"image\/jpeg"}],"twitter_card":"summary_large_image","twitter_misc":{"Est. reading time":"1 minute"},"schema":{"@context":"https:\/\/schema.org","@graph":[{"@type":"WebPage","@id":"https:\/\/www.istegroup.com\/en\/produit\/methodes-numeriques-avancees-sous-matlab-1\/","url":"https:\/\/www.istegroup.com\/en\/produit\/methodes-numeriques-avancees-sous-matlab-1\/","name":"M\u00e9thodes num\u00e9riques avanc\u00e9es sous Matlab\u00ae 1 - ISTE Group","isPartOf":{"@id":"https:\/\/www.istegroup.com\/#website"},"primaryImageOfPage":{"@id":"https:\/\/www.istegroup.com\/en\/produit\/methodes-numeriques-avancees-sous-matlab-1\/#primaryimage"},"image":{"@id":"https:\/\/www.istegroup.com\/en\/produit\/methodes-numeriques-avancees-sous-matlab-1\/#primaryimage"},"thumbnailUrl":"https:\/\/www.istegroup.com\/wp-content\/uploads\/2018\/11\/Radi-1_Front.Cover_-scaled.jpg","datePublished":"2018-05-10T08:52:55+00:00","dateModified":"2024-01-03T13:42:19+00:00","description":"M\u00e9thodes num\u00e9riques avanc\u00e9es sous Matlab\u00ae 1\u00a0traite de l\u2019approximation des fonctions et fournit les diff\u00e9rentes m\u00e9thodes pour r\u00e9soudre les syst\u00e8mes lin\u00e9aires : m\u00e9thode directe, it\u00e9rative, calcul des valeurs propres et vecteurs propres.","breadcrumb":{"@id":"https:\/\/www.istegroup.com\/en\/produit\/methodes-numeriques-avancees-sous-matlab-1\/#breadcrumb"},"inLanguage":"fr-FR","potentialAction":[{"@type":"ReadAction","target":["https:\/\/www.istegroup.com\/en\/produit\/methodes-numeriques-avancees-sous-matlab-1\/"]}]},{"@type":"ImageObject","inLanguage":"fr-FR","@id":"https:\/\/www.istegroup.com\/en\/produit\/methodes-numeriques-avancees-sous-matlab-1\/#primaryimage","url":"https:\/\/www.istegroup.com\/wp-content\/uploads\/2018\/11\/Radi-1_Front.Cover_-scaled.jpg","contentUrl":"https:\/\/www.istegroup.com\/wp-content\/uploads\/2018\/11\/Radi-1_Front.Cover_-scaled.jpg","width":1661,"height":2560,"caption":"Approximation des fonctions et r\u00e9solutions des syst\u00e8mes lin\u00e9aires"},{"@type":"BreadcrumbList","@id":"https:\/\/www.istegroup.com\/en\/produit\/methodes-numeriques-avancees-sous-matlab-1\/#breadcrumb","itemListElement":[{"@type":"ListItem","position":1,"name":"Home","item":"https:\/\/www.istegroup.com\/"},{"@type":"ListItem","position":2,"name":"Shop","item":"https:\/\/www.istegroup.com\/fr\/nouveautes\/"},{"@type":"ListItem","position":3,"name":"M\u00e9thodes num\u00e9riques avanc\u00e9es sous Matlab\u00ae 1"}]},{"@type":"WebSite","@id":"https:\/\/www.istegroup.com\/#website","url":"https:\/\/www.istegroup.com\/","name":"ISTE Group","description":"\u00c9diteur des Sciences","potentialAction":[{"@type":"SearchAction","target":{"@type":"EntryPoint","urlTemplate":"https:\/\/www.istegroup.com\/?s={search_term_string}"},"query-input":{"@type":"PropertyValueSpecification","valueRequired":true,"valueName":"search_term_string"}}],"inLanguage":"fr-FR"}]}},"_links":{"self":[{"href":"https:\/\/www.istegroup.com\/fr\/wp-json\/wp\/v2\/product\/12546","targetHints":{"allow":["GET"]}}],"collection":[{"href":"https:\/\/www.istegroup.com\/fr\/wp-json\/wp\/v2\/product"}],"about":[{"href":"https:\/\/www.istegroup.com\/fr\/wp-json\/wp\/v2\/types\/product"}],"wp:featuredmedia":[{"embeddable":true,"href":"https:\/\/www.istegroup.com\/fr\/wp-json\/wp\/v2\/media\/15665"}],"wp:attachment":[{"href":"https:\/\/www.istegroup.com\/fr\/wp-json\/wp\/v2\/media?parent=12546"}],"wp:term":[{"taxonomy":"product_brand","embeddable":true,"href":"https:\/\/www.istegroup.com\/fr\/wp-json\/wp\/v2\/product_brand?post=12546"},{"taxonomy":"product_cat","embeddable":true,"href":"https:\/\/www.istegroup.com\/fr\/wp-json\/wp\/v2\/product_cat?post=12546"},{"taxonomy":"product_tag","embeddable":true,"href":"https:\/\/www.istegroup.com\/fr\/wp-json\/wp\/v2\/product_tag?post=12546"}],"curies":[{"name":"wp","href":"https:\/\/api.w.org\/{rel}","templated":true}]}}