{"id":12528,"date":"2018-05-22T10:19:11","date_gmt":"2018-05-22T08:19:11","guid":{"rendered":"https:\/\/iste.yhello.co\/?post_type=product&#038;p=12528"},"modified":"2024-01-03T13:42:18","modified_gmt":"2024-01-03T13:42:18","slug":"la-prise-en-charge-des-maladies-chroniques","status":"publish","type":"product","link":"https:\/\/www.istegroup.com\/fr\/produit\/la-prise-en-charge-des-maladies-chroniques\/","title":{"rendered":"La prise en charge des maladies chroniques"},"content":{"rendered":"<p>L\u2019augmentation de la part des maladies chroniques dans la structure de la morbidit\u00e9 et dans celle des d\u00e9penses de sant\u00e9 fait de la prise en charge de ces maladies le principal d\u00e9fi auquel les syst\u00e8mes de sant\u00e9 sont confront\u00e9s. En r\u00e9ponse, de nombreuses analyses et exp\u00e9rimentations cherchent \u00e0 d\u00e9finir des formes d\u2019organisation les mieux adapt\u00e9es \u00e0 ce probl\u00e8me. Mais les recommandations qui en d\u00e9coulent n\u2019explicitent pas toujours les conditions de leur mise en oeuvre.<\/p>\n<p>C\u2019est pourquoi le pr\u00e9sent ouvrage porte une attention particuli\u00e8re aux processus dynamiques de changement capables de promouvoir des formes organisationnelles innovantes. Plus pr\u00e9cis\u00e9ment, il s\u2019efforce de montrer comment certaines combinaisons de conditions de fonctionnement et de financement peuvent soutenir le d\u00e9veloppement endog\u00e8ne de dispositifs efficaces et efficients de prise en charge des maladies chroniques.<\/p>\n<p>En construisant par \u00e9tapes une analyse illustr\u00e9e par des exemples concrets, l\u2019ouvrage vise \u00e0 contribuer \u00e0 l\u2019\u00e9laboration d\u2019options organisationnelles susceptibles d\u2019alimenter utilement le d\u00e9bat.<\/p>\n","protected":false},"excerpt":{"rendered":"<p>L\u2019augmentation de la part des maladies chroniques dans la structure de la morbidit\u00e9 et dans celle des d\u00e9penses de sant\u00e9 fait de la prise en charge de ces maladies le principal d\u00e9fi auquel les syst\u00e8mes de sant\u00e9 sont confront\u00e9s. En r\u00e9ponse, de nombreuses analyses et exp\u00e9rimentations cherchent \u00e0 d\u00e9finir des formes d\u2019organisation les mieux adapt\u00e9es [&hellip;]<\/p>\n","protected":false},"featured_media":12533,"template":"","meta":{"_acf_changed":false,"_links_to":"","_links_to_target":""},"product_brand":[],"product_cat":[3262],"product_tag":[],"class_list":{"0":"post-12528","1":"product","2":"type-product","3":"status-publish","4":"has-post-thumbnail","6":"product_cat-non-classe","8":"first","9":"instock","10":"shipping-taxable","11":"purchasable","12":"product-type-variable"},"acf":[],"yoast_head":"<!-- This site is optimized with the Yoast SEO plugin v27.2 - https:\/\/yoast.com\/product\/yoast-seo-wordpress\/ -->\n<title>La prise en charge des maladies chroniques - ISTE Group<\/title>\n<meta name=\"description\" content=\"Cet ouvrage s\u2019efforce de montrer comment certaines combinaisons de conditions de fonctionnement et de financement peuvent soutenir le d\u00e9veloppement endog\u00e8ne de dispositifs efficaces et efficients de prise en charge des maladies chroniques.\" \/>\n<meta name=\"robots\" content=\"index, follow, max-snippet:-1, max-image-preview:large, max-video-preview:-1\" \/>\n<link rel=\"canonical\" href=\"https:\/\/www.istegroup.com\/fr\/produit\/la-prise-en-charge-des-maladies-chroniques\/\" \/>\n<meta property=\"og:locale\" content=\"fr_FR\" \/>\n<meta property=\"og:type\" content=\"article\" \/>\n<meta property=\"og:title\" content=\"La prise en charge des maladies chroniques - ISTE Group\" \/>\n<meta property=\"og:description\" content=\"Cet ouvrage s\u2019efforce de montrer comment certaines combinaisons de conditions de fonctionnement et de financement peuvent soutenir le d\u00e9veloppement endog\u00e8ne de dispositifs efficaces et efficients de prise en charge des maladies chroniques.\" \/>\n<meta property=\"og:url\" content=\"https:\/\/www.istegroup.com\/fr\/produit\/la-prise-en-charge-des-maladies-chroniques\/\" \/>\n<meta property=\"og:site_name\" content=\"ISTE Group\" \/>\n<meta property=\"article:modified_time\" content=\"2024-01-03T13:42:18+00:00\" \/>\n<meta property=\"og:image\" content=\"https:\/\/www.istegroup.com\/wp-content\/uploads\/2018\/05\/Huard_Front-scaled.jpg\" \/>\n\t<meta property=\"og:image:width\" content=\"1667\" \/>\n\t<meta property=\"og:image:height\" content=\"2560\" \/>\n\t<meta property=\"og:image:type\" content=\"image\/jpeg\" \/>\n<meta name=\"twitter:card\" content=\"summary_large_image\" \/>\n<meta name=\"twitter:label1\" content=\"Est. reading time\" \/>\n\t<meta name=\"twitter:data1\" content=\"1 minute\" \/>\n<script type=\"application\/ld+json\" class=\"yoast-schema-graph\">{\"@context\":\"https:\/\/schema.org\",\"@graph\":[{\"@type\":\"WebPage\",\"@id\":\"https:\/\/www.istegroup.com\/fr\/produit\/la-prise-en-charge-des-maladies-chroniques\/\",\"url\":\"https:\/\/www.istegroup.com\/fr\/produit\/la-prise-en-charge-des-maladies-chroniques\/\",\"name\":\"La prise en charge des maladies chroniques - ISTE Group\",\"isPartOf\":{\"@id\":\"https:\/\/www.istegroup.com\/#website\"},\"primaryImageOfPage\":{\"@id\":\"https:\/\/www.istegroup.com\/fr\/produit\/la-prise-en-charge-des-maladies-chroniques\/#primaryimage\"},\"image\":{\"@id\":\"https:\/\/www.istegroup.com\/fr\/produit\/la-prise-en-charge-des-maladies-chroniques\/#primaryimage\"},\"thumbnailUrl\":\"https:\/\/www.istegroup.com\/wp-content\/uploads\/2018\/05\/Huard_Front-scaled.jpg\",\"datePublished\":\"2018-05-22T08:19:11+00:00\",\"dateModified\":\"2024-01-03T13:42:18+00:00\",\"description\":\"Cet ouvrage s\u2019efforce de montrer comment certaines combinaisons de conditions de fonctionnement et de financement peuvent soutenir le d\u00e9veloppement endog\u00e8ne de dispositifs efficaces et efficients de prise en charge des maladies chroniques.\",\"breadcrumb\":{\"@id\":\"https:\/\/www.istegroup.com\/fr\/produit\/la-prise-en-charge-des-maladies-chroniques\/#breadcrumb\"},\"inLanguage\":\"fr-FR\",\"potentialAction\":[{\"@type\":\"ReadAction\",\"target\":[\"https:\/\/www.istegroup.com\/fr\/produit\/la-prise-en-charge-des-maladies-chroniques\/\"]}]},{\"@type\":\"ImageObject\",\"inLanguage\":\"fr-FR\",\"@id\":\"https:\/\/www.istegroup.com\/fr\/produit\/la-prise-en-charge-des-maladies-chroniques\/#primaryimage\",\"url\":\"https:\/\/www.istegroup.com\/wp-content\/uploads\/2018\/05\/Huard_Front-scaled.jpg\",\"contentUrl\":\"https:\/\/www.istegroup.com\/wp-content\/uploads\/2018\/05\/Huard_Front-scaled.jpg\",\"width\":1667,\"height\":2560,\"caption\":\"Innovations organisationnelles et efficience\"},{\"@type\":\"BreadcrumbList\",\"@id\":\"https:\/\/www.istegroup.com\/fr\/produit\/la-prise-en-charge-des-maladies-chroniques\/#breadcrumb\",\"itemListElement\":[{\"@type\":\"ListItem\",\"position\":1,\"name\":\"Home\",\"item\":\"https:\/\/www.istegroup.com\/\"},{\"@type\":\"ListItem\",\"position\":2,\"name\":\"Shop\",\"item\":\"https:\/\/www.istegroup.com\/fr\/nouveautes\/\"},{\"@type\":\"ListItem\",\"position\":3,\"name\":\"La prise en charge des maladies chroniques\"}]},{\"@type\":\"WebSite\",\"@id\":\"https:\/\/www.istegroup.com\/#website\",\"url\":\"https:\/\/www.istegroup.com\/\",\"name\":\"ISTE Group\",\"description\":\"\u00c9diteur des Sciences\",\"potentialAction\":[{\"@type\":\"SearchAction\",\"target\":{\"@type\":\"EntryPoint\",\"urlTemplate\":\"https:\/\/www.istegroup.com\/?s={search_term_string}\"},\"query-input\":{\"@type\":\"PropertyValueSpecification\",\"valueRequired\":true,\"valueName\":\"search_term_string\"}}],\"inLanguage\":\"fr-FR\"}]}<\/script>\n<!-- \/ Yoast SEO plugin. -->","yoast_head_json":{"title":"La prise en charge des maladies chroniques - ISTE Group","description":"Cet ouvrage s\u2019efforce de montrer comment certaines combinaisons de conditions de fonctionnement et de financement peuvent soutenir le d\u00e9veloppement endog\u00e8ne de dispositifs efficaces et efficients de prise en charge des maladies chroniques.","robots":{"index":"index","follow":"follow","max-snippet":"max-snippet:-1","max-image-preview":"max-image-preview:large","max-video-preview":"max-video-preview:-1"},"canonical":"https:\/\/www.istegroup.com\/fr\/produit\/la-prise-en-charge-des-maladies-chroniques\/","og_locale":"fr_FR","og_type":"article","og_title":"La prise en charge des maladies chroniques - ISTE Group","og_description":"Cet ouvrage s\u2019efforce de montrer comment certaines combinaisons de conditions de fonctionnement et de financement peuvent soutenir le d\u00e9veloppement endog\u00e8ne de dispositifs efficaces et efficients de prise en charge des maladies chroniques.","og_url":"https:\/\/www.istegroup.com\/fr\/produit\/la-prise-en-charge-des-maladies-chroniques\/","og_site_name":"ISTE Group","article_modified_time":"2024-01-03T13:42:18+00:00","og_image":[{"width":1667,"height":2560,"url":"https:\/\/www.istegroup.com\/wp-content\/uploads\/2018\/05\/Huard_Front-scaled.jpg","type":"image\/jpeg"}],"twitter_card":"summary_large_image","twitter_misc":{"Est. reading time":"1 minute"},"schema":{"@context":"https:\/\/schema.org","@graph":[{"@type":"WebPage","@id":"https:\/\/www.istegroup.com\/fr\/produit\/la-prise-en-charge-des-maladies-chroniques\/","url":"https:\/\/www.istegroup.com\/fr\/produit\/la-prise-en-charge-des-maladies-chroniques\/","name":"La prise en charge des maladies chroniques - ISTE Group","isPartOf":{"@id":"https:\/\/www.istegroup.com\/#website"},"primaryImageOfPage":{"@id":"https:\/\/www.istegroup.com\/fr\/produit\/la-prise-en-charge-des-maladies-chroniques\/#primaryimage"},"image":{"@id":"https:\/\/www.istegroup.com\/fr\/produit\/la-prise-en-charge-des-maladies-chroniques\/#primaryimage"},"thumbnailUrl":"https:\/\/www.istegroup.com\/wp-content\/uploads\/2018\/05\/Huard_Front-scaled.jpg","datePublished":"2018-05-22T08:19:11+00:00","dateModified":"2024-01-03T13:42:18+00:00","description":"Cet ouvrage s\u2019efforce de montrer comment certaines combinaisons de conditions de fonctionnement et de financement peuvent soutenir le d\u00e9veloppement endog\u00e8ne de dispositifs efficaces et efficients de prise en charge des maladies chroniques.","breadcrumb":{"@id":"https:\/\/www.istegroup.com\/fr\/produit\/la-prise-en-charge-des-maladies-chroniques\/#breadcrumb"},"inLanguage":"fr-FR","potentialAction":[{"@type":"ReadAction","target":["https:\/\/www.istegroup.com\/fr\/produit\/la-prise-en-charge-des-maladies-chroniques\/"]}]},{"@type":"ImageObject","inLanguage":"fr-FR","@id":"https:\/\/www.istegroup.com\/fr\/produit\/la-prise-en-charge-des-maladies-chroniques\/#primaryimage","url":"https:\/\/www.istegroup.com\/wp-content\/uploads\/2018\/05\/Huard_Front-scaled.jpg","contentUrl":"https:\/\/www.istegroup.com\/wp-content\/uploads\/2018\/05\/Huard_Front-scaled.jpg","width":1667,"height":2560,"caption":"Innovations organisationnelles et efficience"},{"@type":"BreadcrumbList","@id":"https:\/\/www.istegroup.com\/fr\/produit\/la-prise-en-charge-des-maladies-chroniques\/#breadcrumb","itemListElement":[{"@type":"ListItem","position":1,"name":"Home","item":"https:\/\/www.istegroup.com\/"},{"@type":"ListItem","position":2,"name":"Shop","item":"https:\/\/www.istegroup.com\/fr\/nouveautes\/"},{"@type":"ListItem","position":3,"name":"La prise en charge des maladies chroniques"}]},{"@type":"WebSite","@id":"https:\/\/www.istegroup.com\/#website","url":"https:\/\/www.istegroup.com\/","name":"ISTE Group","description":"\u00c9diteur des Sciences","potentialAction":[{"@type":"SearchAction","target":{"@type":"EntryPoint","urlTemplate":"https:\/\/www.istegroup.com\/?s={search_term_string}"},"query-input":{"@type":"PropertyValueSpecification","valueRequired":true,"valueName":"search_term_string"}}],"inLanguage":"fr-FR"}]}},"_links":{"self":[{"href":"https:\/\/www.istegroup.com\/fr\/wp-json\/wp\/v2\/product\/12528","targetHints":{"allow":["GET"]}}],"collection":[{"href":"https:\/\/www.istegroup.com\/fr\/wp-json\/wp\/v2\/product"}],"about":[{"href":"https:\/\/www.istegroup.com\/fr\/wp-json\/wp\/v2\/types\/product"}],"wp:featuredmedia":[{"embeddable":true,"href":"https:\/\/www.istegroup.com\/fr\/wp-json\/wp\/v2\/media\/12533"}],"wp:attachment":[{"href":"https:\/\/www.istegroup.com\/fr\/wp-json\/wp\/v2\/media?parent=12528"}],"wp:term":[{"taxonomy":"product_brand","embeddable":true,"href":"https:\/\/www.istegroup.com\/fr\/wp-json\/wp\/v2\/product_brand?post=12528"},{"taxonomy":"product_cat","embeddable":true,"href":"https:\/\/www.istegroup.com\/fr\/wp-json\/wp\/v2\/product_cat?post=12528"},{"taxonomy":"product_tag","embeddable":true,"href":"https:\/\/www.istegroup.com\/fr\/wp-json\/wp\/v2\/product_tag?post=12528"}],"curies":[{"name":"wp","href":"https:\/\/api.w.org\/{rel}","templated":true}]}}