{"id":12235,"date":"2018-05-04T16:32:13","date_gmt":"2018-05-04T14:32:13","guid":{"rendered":"https:\/\/iste.yhello.co\/?post_type=product&#038;p=12235"},"modified":"2024-01-03T13:42:18","modified_gmt":"2024-01-03T13:42:18","slug":"confiance-et-legitimite-dans-le-champ-de-la-sante","status":"publish","type":"product","link":"https:\/\/www.istegroup.com\/fr\/produit\/confiance-et-legitimite-dans-le-champ-de-la-sante\/","title":{"rendered":"Confiance et l\u00e9gitimit\u00e9 dans le champ de la sant\u00e9"},"content":{"rendered":"<p>La question de la confiance est cruciale dans le domaine de la sant\u00e9. D\u2019abord, parce que la sant\u00e9 est r\u00e9v\u00e9latrice d\u2019enjeux particuli\u00e8rement forts (aux niveaux soci\u00e9tal, institutionnel et individuel), ensuite parce que les fronti\u00e8res entre informations sp\u00e9cialis\u00e9es et valid\u00e9es par des instances l\u00e9gitimes et informations non valid\u00e9es sont devenues perm\u00e9ables.<\/p>\n<p>Les relations entre les acteurs du domaine en sont influenc\u00e9es. La question de la confiance est d\u2019ailleurs le plus souvent trait\u00e9e du point de vue de la relation entre les patients et les professionnels de sant\u00e9 ou entre les usagers et leur syst\u00e8me de sant\u00e9.<\/p>\n<p><em>Confiance et l\u00e9gitimit\u00e9 dans le champ de la sant\u00e9<\/em>, premier volume de la s\u00e9rie \u00ab L\u2019information dans la sant\u00e9 \u00bb coordonn\u00e9e par C\u00e9line Paganelli et Viviane Clavier, analyse la confiance du point de vue des ph\u00e9nom\u00e8nes d\u2019information et de communication dans le secteur de la sant\u00e9, ainsi que le processus de construction de la l\u00e9gitimit\u00e9 des informations de sant\u00e9.<\/p>\n","protected":false},"excerpt":{"rendered":"<p>La question de la confiance est cruciale dans le domaine de la sant\u00e9. D\u2019abord, parce que la sant\u00e9 est r\u00e9v\u00e9latrice d\u2019enjeux particuli\u00e8rement forts (aux niveaux soci\u00e9tal, institutionnel et individuel), ensuite parce que les fronti\u00e8res entre informations sp\u00e9cialis\u00e9es et valid\u00e9es par des instances l\u00e9gitimes et informations non valid\u00e9es sont devenues perm\u00e9ables. Les relations entre les acteurs [&hellip;]<\/p>\n","protected":false},"featured_media":12245,"template":"","meta":{"_acf_changed":false,"_links_to":"","_links_to_target":""},"product_brand":[],"product_cat":[3262],"product_tag":[],"class_list":{"0":"post-12235","1":"product","2":"type-product","3":"status-publish","4":"has-post-thumbnail","6":"product_cat-non-classe","8":"first","9":"instock","10":"shipping-taxable","11":"purchasable","12":"product-type-variable"},"acf":[],"yoast_head":"<!-- This site is optimized with the Yoast SEO plugin v27.2 - https:\/\/yoast.com\/product\/yoast-seo-wordpress\/ -->\n<title>Confiance et l\u00e9gitimit\u00e9 dans le champ de la sant\u00e9 - ISTE Group<\/title>\n<meta name=\"description\" content=\"Confiance et l\u00e9gitimit\u00e9 dans le champ de la sant\u00e9, premier volume de la s\u00e9rie \u00ab L\u2019information dans la sant\u00e9 \u00bb coordonn\u00e9e par C\u00e9line Paganelli et Viviane Clavier, analyse la confiance du point de vue des ph\u00e9nom\u00e8nes d\u2019information et de communication dans le secteur de la sant\u00e9, ainsi que le processus de construction de la l\u00e9gitimit\u00e9 des informations de sant\u00e9.\" \/>\n<meta name=\"robots\" content=\"index, follow, max-snippet:-1, max-image-preview:large, max-video-preview:-1\" \/>\n<link rel=\"canonical\" href=\"https:\/\/www.istegroup.com\/en\/produit\/confiance-et-legitimite-dans-le-champ-de-la-sante\/\" \/>\n<meta property=\"og:locale\" content=\"fr_FR\" \/>\n<meta property=\"og:type\" content=\"article\" \/>\n<meta property=\"og:title\" content=\"Confiance et l\u00e9gitimit\u00e9 dans le champ de la sant\u00e9 - ISTE Group\" \/>\n<meta property=\"og:description\" content=\"Confiance et l\u00e9gitimit\u00e9 dans le champ de la sant\u00e9, premier volume de la s\u00e9rie \u00ab L\u2019information dans la sant\u00e9 \u00bb coordonn\u00e9e par C\u00e9line Paganelli et Viviane Clavier, analyse la confiance du point de vue des ph\u00e9nom\u00e8nes d\u2019information et de communication dans le secteur de la sant\u00e9, ainsi que le processus de construction de la l\u00e9gitimit\u00e9 des informations de sant\u00e9.\" \/>\n<meta property=\"og:url\" content=\"https:\/\/www.istegroup.com\/en\/produit\/confiance-et-legitimite-dans-le-champ-de-la-sante\/\" \/>\n<meta property=\"og:site_name\" content=\"ISTE Group\" \/>\n<meta property=\"article:modified_time\" content=\"2024-01-03T13:42:18+00:00\" \/>\n<meta property=\"og:image\" content=\"https:\/\/www.istegroup.com\/wp-content\/uploads\/2018\/05\/Paganelli_Front-scaled.jpg\" \/>\n\t<meta property=\"og:image:width\" content=\"1706\" \/>\n\t<meta property=\"og:image:height\" content=\"2560\" \/>\n\t<meta property=\"og:image:type\" content=\"image\/jpeg\" \/>\n<meta name=\"twitter:card\" content=\"summary_large_image\" \/>\n<meta name=\"twitter:label1\" content=\"Est. reading time\" \/>\n\t<meta name=\"twitter:data1\" content=\"1 minute\" \/>\n<script type=\"application\/ld+json\" class=\"yoast-schema-graph\">{\"@context\":\"https:\/\/schema.org\",\"@graph\":[{\"@type\":\"WebPage\",\"@id\":\"https:\/\/www.istegroup.com\/en\/produit\/confiance-et-legitimite-dans-le-champ-de-la-sante\/\",\"url\":\"https:\/\/www.istegroup.com\/en\/produit\/confiance-et-legitimite-dans-le-champ-de-la-sante\/\",\"name\":\"Confiance et l\u00e9gitimit\u00e9 dans le champ de la sant\u00e9 - ISTE Group\",\"isPartOf\":{\"@id\":\"https:\/\/www.istegroup.com\/#website\"},\"primaryImageOfPage\":{\"@id\":\"https:\/\/www.istegroup.com\/en\/produit\/confiance-et-legitimite-dans-le-champ-de-la-sante\/#primaryimage\"},\"image\":{\"@id\":\"https:\/\/www.istegroup.com\/en\/produit\/confiance-et-legitimite-dans-le-champ-de-la-sante\/#primaryimage\"},\"thumbnailUrl\":\"https:\/\/www.istegroup.com\/wp-content\/uploads\/2018\/05\/Paganelli_Front-scaled.jpg\",\"datePublished\":\"2018-05-04T14:32:13+00:00\",\"dateModified\":\"2024-01-03T13:42:18+00:00\",\"description\":\"Confiance et l\u00e9gitimit\u00e9 dans le champ de la sant\u00e9, premier volume de la s\u00e9rie \u00ab L\u2019information dans la sant\u00e9 \u00bb coordonn\u00e9e par C\u00e9line Paganelli et Viviane Clavier, analyse la confiance du point de vue des ph\u00e9nom\u00e8nes d\u2019information et de communication dans le secteur de la sant\u00e9, ainsi que le processus de construction de la l\u00e9gitimit\u00e9 des informations de sant\u00e9.\",\"breadcrumb\":{\"@id\":\"https:\/\/www.istegroup.com\/en\/produit\/confiance-et-legitimite-dans-le-champ-de-la-sante\/#breadcrumb\"},\"inLanguage\":\"fr-FR\",\"potentialAction\":[{\"@type\":\"ReadAction\",\"target\":[\"https:\/\/www.istegroup.com\/en\/produit\/confiance-et-legitimite-dans-le-champ-de-la-sante\/\"]}]},{\"@type\":\"ImageObject\",\"inLanguage\":\"fr-FR\",\"@id\":\"https:\/\/www.istegroup.com\/en\/produit\/confiance-et-legitimite-dans-le-champ-de-la-sante\/#primaryimage\",\"url\":\"https:\/\/www.istegroup.com\/wp-content\/uploads\/2018\/05\/Paganelli_Front-scaled.jpg\",\"contentUrl\":\"https:\/\/www.istegroup.com\/wp-content\/uploads\/2018\/05\/Paganelli_Front-scaled.jpg\",\"width\":1706,\"height\":2560,\"caption\":\"Confiance et l\u00e9gitimit\u00e9 dans le champ de la sant\u00e9 - ISTE Group\"},{\"@type\":\"BreadcrumbList\",\"@id\":\"https:\/\/www.istegroup.com\/en\/produit\/confiance-et-legitimite-dans-le-champ-de-la-sante\/#breadcrumb\",\"itemListElement\":[{\"@type\":\"ListItem\",\"position\":1,\"name\":\"Home\",\"item\":\"https:\/\/www.istegroup.com\/\"},{\"@type\":\"ListItem\",\"position\":2,\"name\":\"Shop\",\"item\":\"https:\/\/www.istegroup.com\/fr\/nouveautes\/\"},{\"@type\":\"ListItem\",\"position\":3,\"name\":\"Confiance et l\u00e9gitimit\u00e9 dans le champ de la sant\u00e9\"}]},{\"@type\":\"WebSite\",\"@id\":\"https:\/\/www.istegroup.com\/#website\",\"url\":\"https:\/\/www.istegroup.com\/\",\"name\":\"ISTE Group\",\"description\":\"\u00c9diteur des Sciences\",\"potentialAction\":[{\"@type\":\"SearchAction\",\"target\":{\"@type\":\"EntryPoint\",\"urlTemplate\":\"https:\/\/www.istegroup.com\/?s={search_term_string}\"},\"query-input\":{\"@type\":\"PropertyValueSpecification\",\"valueRequired\":true,\"valueName\":\"search_term_string\"}}],\"inLanguage\":\"fr-FR\"}]}<\/script>\n<!-- \/ Yoast SEO plugin. -->","yoast_head_json":{"title":"Confiance et l\u00e9gitimit\u00e9 dans le champ de la sant\u00e9 - ISTE Group","description":"Confiance et l\u00e9gitimit\u00e9 dans le champ de la sant\u00e9, premier volume de la s\u00e9rie \u00ab L\u2019information dans la sant\u00e9 \u00bb coordonn\u00e9e par C\u00e9line Paganelli et Viviane Clavier, analyse la confiance du point de vue des ph\u00e9nom\u00e8nes d\u2019information et de communication dans le secteur de la sant\u00e9, ainsi que le processus de construction de la l\u00e9gitimit\u00e9 des informations de sant\u00e9.","robots":{"index":"index","follow":"follow","max-snippet":"max-snippet:-1","max-image-preview":"max-image-preview:large","max-video-preview":"max-video-preview:-1"},"canonical":"https:\/\/www.istegroup.com\/en\/produit\/confiance-et-legitimite-dans-le-champ-de-la-sante\/","og_locale":"fr_FR","og_type":"article","og_title":"Confiance et l\u00e9gitimit\u00e9 dans le champ de la sant\u00e9 - ISTE Group","og_description":"Confiance et l\u00e9gitimit\u00e9 dans le champ de la sant\u00e9, premier volume de la s\u00e9rie \u00ab L\u2019information dans la sant\u00e9 \u00bb coordonn\u00e9e par C\u00e9line Paganelli et Viviane Clavier, analyse la confiance du point de vue des ph\u00e9nom\u00e8nes d\u2019information et de communication dans le secteur de la sant\u00e9, ainsi que le processus de construction de la l\u00e9gitimit\u00e9 des informations de sant\u00e9.","og_url":"https:\/\/www.istegroup.com\/en\/produit\/confiance-et-legitimite-dans-le-champ-de-la-sante\/","og_site_name":"ISTE Group","article_modified_time":"2024-01-03T13:42:18+00:00","og_image":[{"width":1706,"height":2560,"url":"https:\/\/www.istegroup.com\/wp-content\/uploads\/2018\/05\/Paganelli_Front-scaled.jpg","type":"image\/jpeg"}],"twitter_card":"summary_large_image","twitter_misc":{"Est. reading time":"1 minute"},"schema":{"@context":"https:\/\/schema.org","@graph":[{"@type":"WebPage","@id":"https:\/\/www.istegroup.com\/en\/produit\/confiance-et-legitimite-dans-le-champ-de-la-sante\/","url":"https:\/\/www.istegroup.com\/en\/produit\/confiance-et-legitimite-dans-le-champ-de-la-sante\/","name":"Confiance et l\u00e9gitimit\u00e9 dans le champ de la sant\u00e9 - ISTE Group","isPartOf":{"@id":"https:\/\/www.istegroup.com\/#website"},"primaryImageOfPage":{"@id":"https:\/\/www.istegroup.com\/en\/produit\/confiance-et-legitimite-dans-le-champ-de-la-sante\/#primaryimage"},"image":{"@id":"https:\/\/www.istegroup.com\/en\/produit\/confiance-et-legitimite-dans-le-champ-de-la-sante\/#primaryimage"},"thumbnailUrl":"https:\/\/www.istegroup.com\/wp-content\/uploads\/2018\/05\/Paganelli_Front-scaled.jpg","datePublished":"2018-05-04T14:32:13+00:00","dateModified":"2024-01-03T13:42:18+00:00","description":"Confiance et l\u00e9gitimit\u00e9 dans le champ de la sant\u00e9, premier volume de la s\u00e9rie \u00ab L\u2019information dans la sant\u00e9 \u00bb coordonn\u00e9e par C\u00e9line Paganelli et Viviane Clavier, analyse la confiance du point de vue des ph\u00e9nom\u00e8nes d\u2019information et de communication dans le secteur de la sant\u00e9, ainsi que le processus de construction de la l\u00e9gitimit\u00e9 des informations de sant\u00e9.","breadcrumb":{"@id":"https:\/\/www.istegroup.com\/en\/produit\/confiance-et-legitimite-dans-le-champ-de-la-sante\/#breadcrumb"},"inLanguage":"fr-FR","potentialAction":[{"@type":"ReadAction","target":["https:\/\/www.istegroup.com\/en\/produit\/confiance-et-legitimite-dans-le-champ-de-la-sante\/"]}]},{"@type":"ImageObject","inLanguage":"fr-FR","@id":"https:\/\/www.istegroup.com\/en\/produit\/confiance-et-legitimite-dans-le-champ-de-la-sante\/#primaryimage","url":"https:\/\/www.istegroup.com\/wp-content\/uploads\/2018\/05\/Paganelli_Front-scaled.jpg","contentUrl":"https:\/\/www.istegroup.com\/wp-content\/uploads\/2018\/05\/Paganelli_Front-scaled.jpg","width":1706,"height":2560,"caption":"Confiance et l\u00e9gitimit\u00e9 dans le champ de la sant\u00e9 - ISTE Group"},{"@type":"BreadcrumbList","@id":"https:\/\/www.istegroup.com\/en\/produit\/confiance-et-legitimite-dans-le-champ-de-la-sante\/#breadcrumb","itemListElement":[{"@type":"ListItem","position":1,"name":"Home","item":"https:\/\/www.istegroup.com\/"},{"@type":"ListItem","position":2,"name":"Shop","item":"https:\/\/www.istegroup.com\/fr\/nouveautes\/"},{"@type":"ListItem","position":3,"name":"Confiance et l\u00e9gitimit\u00e9 dans le champ de la sant\u00e9"}]},{"@type":"WebSite","@id":"https:\/\/www.istegroup.com\/#website","url":"https:\/\/www.istegroup.com\/","name":"ISTE Group","description":"\u00c9diteur des Sciences","potentialAction":[{"@type":"SearchAction","target":{"@type":"EntryPoint","urlTemplate":"https:\/\/www.istegroup.com\/?s={search_term_string}"},"query-input":{"@type":"PropertyValueSpecification","valueRequired":true,"valueName":"search_term_string"}}],"inLanguage":"fr-FR"}]}},"_links":{"self":[{"href":"https:\/\/www.istegroup.com\/fr\/wp-json\/wp\/v2\/product\/12235","targetHints":{"allow":["GET"]}}],"collection":[{"href":"https:\/\/www.istegroup.com\/fr\/wp-json\/wp\/v2\/product"}],"about":[{"href":"https:\/\/www.istegroup.com\/fr\/wp-json\/wp\/v2\/types\/product"}],"wp:featuredmedia":[{"embeddable":true,"href":"https:\/\/www.istegroup.com\/fr\/wp-json\/wp\/v2\/media\/12245"}],"wp:attachment":[{"href":"https:\/\/www.istegroup.com\/fr\/wp-json\/wp\/v2\/media?parent=12235"}],"wp:term":[{"taxonomy":"product_brand","embeddable":true,"href":"https:\/\/www.istegroup.com\/fr\/wp-json\/wp\/v2\/product_brand?post=12235"},{"taxonomy":"product_cat","embeddable":true,"href":"https:\/\/www.istegroup.com\/fr\/wp-json\/wp\/v2\/product_cat?post=12235"},{"taxonomy":"product_tag","embeddable":true,"href":"https:\/\/www.istegroup.com\/fr\/wp-json\/wp\/v2\/product_tag?post=12235"}],"curies":[{"name":"wp","href":"https:\/\/api.w.org\/{rel}","templated":true}]}}