{"id":12219,"date":"2018-05-04T16:20:39","date_gmt":"2018-05-04T14:20:39","guid":{"rendered":"https:\/\/iste.yhello.co\/?post_type=product&#038;p=12219"},"modified":"2024-01-03T13:42:18","modified_gmt":"2024-01-03T13:42:18","slug":"les-mammiferes-cenozoiques","status":"publish","type":"product","link":"https:\/\/www.istegroup.com\/fr\/produit\/les-mammiferes-cenozoiques\/","title":{"rendered":"Les mammif\u00e8res c\u00e9nozo\u00efques"},"content":{"rendered":"<p>Les mammif\u00e8res ont conquis tous les milieux et sont capables de courir, escalader, creuser, nager et m\u00eame voler. Les mammif\u00e8res c\u00e9nozo\u00efques propose une plong\u00e9e dans l\u2019\u00e9volution des mammif\u00e8res pour comprendre les origines de leur succ\u00e8s. Les \u00e9tonnantes adaptations des mammif\u00e8res actuels et l\u2019histoire de leurs anc\u00eatres r\u00e9v\u00e8lent le lien \u00e9troit qui existe entre l\u2019\u00e9volution de notre plan\u00e8te, notamment ses changements climatiques et g\u00e9ographiques, et la diversification rapide des mammif\u00e8res au cours des derniers 65 millions d\u2019ann\u00e9es, depuis la disparition des dinosaures.<\/p>\n<p>Cet ouvrage examine ce qui fait la particularit\u00e9 des mammif\u00e8res actuels, quelles innovations \u00e9volutives leur ont permis de conqu\u00e9rir tous les milieux, l\u2019utilit\u00e9 des mammif\u00e8res fossiles pour reconstruire les climats du pass\u00e9 et les extraordinaires sites fossilif\u00e8res qui continuent aujourd\u2019hui encore \u00e0 nous r\u00e9v\u00e9ler les secrets de leur histoire \u00e9volutive. Ce volume se veut une introduction \u00e0 l\u2019\u00e9volution des mammif\u00e8res et un aper\u00e7u du travail des pal\u00e9ontologues qui tentent de la comprendre.<\/p>\n","protected":false},"excerpt":{"rendered":"<p>Les mammif\u00e8res ont conquis tous les milieux et sont capables de courir, escalader, creuser, nager et m\u00eame voler. Les mammif\u00e8res c\u00e9nozo\u00efques propose une plong\u00e9e dans l\u2019\u00e9volution des mammif\u00e8res pour comprendre les origines de leur succ\u00e8s. Les \u00e9tonnantes adaptations des mammif\u00e8res actuels et l\u2019histoire de leurs anc\u00eatres r\u00e9v\u00e8lent le lien \u00e9troit qui existe entre l\u2019\u00e9volution de [&hellip;]<\/p>\n","protected":false},"featured_media":12228,"template":"","meta":{"_acf_changed":false,"_links_to":"","_links_to_target":""},"product_brand":[],"product_cat":[3262],"product_tag":[],"class_list":{"0":"post-12219","1":"product","2":"type-product","3":"status-publish","4":"has-post-thumbnail","6":"product_cat-non-classe","8":"first","9":"instock","10":"shipping-taxable","11":"purchasable","12":"product-type-variable"},"acf":[],"yoast_head":"<!-- This site is optimized with the Yoast SEO plugin v27.2 - https:\/\/yoast.com\/product\/yoast-seo-wordpress\/ -->\n<title>Les mammif\u00e8res c\u00e9nozo\u00efques - ISTE Group<\/title>\n<meta name=\"description\" content=\"Cet ouvrage examine ce qui fait la particularit\u00e9 des mammif\u00e8res actuels, quelles innovations \u00e9volutives leur ont permis de conqu\u00e9rir tous les milieux, l\u2019utilit\u00e9 des mammif\u00e8res fossiles pour reconstruire les climats du pass\u00e9 et les extraordinaires sites fossilif\u00e8res qui continuent aujourd\u2019hui encore \u00e0 nous r\u00e9v\u00e9ler les secrets de leur histoire \u00e9volutive.\" \/>\n<meta name=\"robots\" content=\"index, follow, max-snippet:-1, max-image-preview:large, max-video-preview:-1\" \/>\n<link rel=\"canonical\" href=\"https:\/\/www.istegroup.com\/fr\/produit\/les-mammiferes-cenozoiques\/\" \/>\n<meta property=\"og:locale\" content=\"fr_FR\" \/>\n<meta property=\"og:type\" content=\"article\" \/>\n<meta property=\"og:title\" content=\"Les mammif\u00e8res c\u00e9nozo\u00efques - ISTE Group\" \/>\n<meta property=\"og:description\" content=\"Cet ouvrage examine ce qui fait la particularit\u00e9 des mammif\u00e8res actuels, quelles innovations \u00e9volutives leur ont permis de conqu\u00e9rir tous les milieux, l\u2019utilit\u00e9 des mammif\u00e8res fossiles pour reconstruire les climats du pass\u00e9 et les extraordinaires sites fossilif\u00e8res qui continuent aujourd\u2019hui encore \u00e0 nous r\u00e9v\u00e9ler les secrets de leur histoire \u00e9volutive.\" \/>\n<meta property=\"og:url\" content=\"https:\/\/www.istegroup.com\/fr\/produit\/les-mammiferes-cenozoiques\/\" \/>\n<meta property=\"og:site_name\" content=\"ISTE Group\" \/>\n<meta property=\"article:modified_time\" content=\"2024-01-03T13:42:18+00:00\" \/>\n<meta property=\"og:image\" content=\"https:\/\/www.istegroup.com\/wp-content\/uploads\/2018\/05\/Costeur_Front-scaled.jpg\" \/>\n\t<meta property=\"og:image:width\" content=\"1700\" \/>\n\t<meta property=\"og:image:height\" content=\"2560\" \/>\n\t<meta property=\"og:image:type\" content=\"image\/jpeg\" \/>\n<meta name=\"twitter:card\" content=\"summary_large_image\" \/>\n<meta name=\"twitter:label1\" content=\"Est. reading time\" \/>\n\t<meta name=\"twitter:data1\" content=\"1 minute\" \/>\n<script type=\"application\/ld+json\" class=\"yoast-schema-graph\">{\"@context\":\"https:\/\/schema.org\",\"@graph\":[{\"@type\":\"WebPage\",\"@id\":\"https:\/\/www.istegroup.com\/fr\/produit\/les-mammiferes-cenozoiques\/\",\"url\":\"https:\/\/www.istegroup.com\/fr\/produit\/les-mammiferes-cenozoiques\/\",\"name\":\"Les mammif\u00e8res c\u00e9nozo\u00efques - ISTE Group\",\"isPartOf\":{\"@id\":\"https:\/\/www.istegroup.com\/#website\"},\"primaryImageOfPage\":{\"@id\":\"https:\/\/www.istegroup.com\/fr\/produit\/les-mammiferes-cenozoiques\/#primaryimage\"},\"image\":{\"@id\":\"https:\/\/www.istegroup.com\/fr\/produit\/les-mammiferes-cenozoiques\/#primaryimage\"},\"thumbnailUrl\":\"https:\/\/www.istegroup.com\/wp-content\/uploads\/2018\/05\/Costeur_Front-scaled.jpg\",\"datePublished\":\"2018-05-04T14:20:39+00:00\",\"dateModified\":\"2024-01-03T13:42:18+00:00\",\"description\":\"Cet ouvrage examine ce qui fait la particularit\u00e9 des mammif\u00e8res actuels, quelles innovations \u00e9volutives leur ont permis de conqu\u00e9rir tous les milieux, l\u2019utilit\u00e9 des mammif\u00e8res fossiles pour reconstruire les climats du pass\u00e9 et les extraordinaires sites fossilif\u00e8res qui continuent aujourd\u2019hui encore \u00e0 nous r\u00e9v\u00e9ler les secrets de leur histoire \u00e9volutive.\",\"breadcrumb\":{\"@id\":\"https:\/\/www.istegroup.com\/fr\/produit\/les-mammiferes-cenozoiques\/#breadcrumb\"},\"inLanguage\":\"fr-FR\",\"potentialAction\":[{\"@type\":\"ReadAction\",\"target\":[\"https:\/\/www.istegroup.com\/fr\/produit\/les-mammiferes-cenozoiques\/\"]}]},{\"@type\":\"ImageObject\",\"inLanguage\":\"fr-FR\",\"@id\":\"https:\/\/www.istegroup.com\/fr\/produit\/les-mammiferes-cenozoiques\/#primaryimage\",\"url\":\"https:\/\/www.istegroup.com\/wp-content\/uploads\/2018\/05\/Costeur_Front-scaled.jpg\",\"contentUrl\":\"https:\/\/www.istegroup.com\/wp-content\/uploads\/2018\/05\/Costeur_Front-scaled.jpg\",\"width\":1700,\"height\":2560,\"caption\":\"Diversifications, adaptations et environnements\"},{\"@type\":\"BreadcrumbList\",\"@id\":\"https:\/\/www.istegroup.com\/fr\/produit\/les-mammiferes-cenozoiques\/#breadcrumb\",\"itemListElement\":[{\"@type\":\"ListItem\",\"position\":1,\"name\":\"Home\",\"item\":\"https:\/\/www.istegroup.com\/\"},{\"@type\":\"ListItem\",\"position\":2,\"name\":\"Shop\",\"item\":\"https:\/\/www.istegroup.com\/fr\/nouveautes\/\"},{\"@type\":\"ListItem\",\"position\":3,\"name\":\"Les mammif\u00e8res c\u00e9nozo\u00efques\"}]},{\"@type\":\"WebSite\",\"@id\":\"https:\/\/www.istegroup.com\/#website\",\"url\":\"https:\/\/www.istegroup.com\/\",\"name\":\"ISTE Group\",\"description\":\"\u00c9diteur des Sciences\",\"potentialAction\":[{\"@type\":\"SearchAction\",\"target\":{\"@type\":\"EntryPoint\",\"urlTemplate\":\"https:\/\/www.istegroup.com\/?s={search_term_string}\"},\"query-input\":{\"@type\":\"PropertyValueSpecification\",\"valueRequired\":true,\"valueName\":\"search_term_string\"}}],\"inLanguage\":\"fr-FR\"}]}<\/script>\n<!-- \/ Yoast SEO plugin. -->","yoast_head_json":{"title":"Les mammif\u00e8res c\u00e9nozo\u00efques - ISTE Group","description":"Cet ouvrage examine ce qui fait la particularit\u00e9 des mammif\u00e8res actuels, quelles innovations \u00e9volutives leur ont permis de conqu\u00e9rir tous les milieux, l\u2019utilit\u00e9 des mammif\u00e8res fossiles pour reconstruire les climats du pass\u00e9 et les extraordinaires sites fossilif\u00e8res qui continuent aujourd\u2019hui encore \u00e0 nous r\u00e9v\u00e9ler les secrets de leur histoire \u00e9volutive.","robots":{"index":"index","follow":"follow","max-snippet":"max-snippet:-1","max-image-preview":"max-image-preview:large","max-video-preview":"max-video-preview:-1"},"canonical":"https:\/\/www.istegroup.com\/fr\/produit\/les-mammiferes-cenozoiques\/","og_locale":"fr_FR","og_type":"article","og_title":"Les mammif\u00e8res c\u00e9nozo\u00efques - ISTE Group","og_description":"Cet ouvrage examine ce qui fait la particularit\u00e9 des mammif\u00e8res actuels, quelles innovations \u00e9volutives leur ont permis de conqu\u00e9rir tous les milieux, l\u2019utilit\u00e9 des mammif\u00e8res fossiles pour reconstruire les climats du pass\u00e9 et les extraordinaires sites fossilif\u00e8res qui continuent aujourd\u2019hui encore \u00e0 nous r\u00e9v\u00e9ler les secrets de leur histoire \u00e9volutive.","og_url":"https:\/\/www.istegroup.com\/fr\/produit\/les-mammiferes-cenozoiques\/","og_site_name":"ISTE Group","article_modified_time":"2024-01-03T13:42:18+00:00","og_image":[{"width":1700,"height":2560,"url":"https:\/\/www.istegroup.com\/wp-content\/uploads\/2018\/05\/Costeur_Front-scaled.jpg","type":"image\/jpeg"}],"twitter_card":"summary_large_image","twitter_misc":{"Est. reading time":"1 minute"},"schema":{"@context":"https:\/\/schema.org","@graph":[{"@type":"WebPage","@id":"https:\/\/www.istegroup.com\/fr\/produit\/les-mammiferes-cenozoiques\/","url":"https:\/\/www.istegroup.com\/fr\/produit\/les-mammiferes-cenozoiques\/","name":"Les mammif\u00e8res c\u00e9nozo\u00efques - ISTE Group","isPartOf":{"@id":"https:\/\/www.istegroup.com\/#website"},"primaryImageOfPage":{"@id":"https:\/\/www.istegroup.com\/fr\/produit\/les-mammiferes-cenozoiques\/#primaryimage"},"image":{"@id":"https:\/\/www.istegroup.com\/fr\/produit\/les-mammiferes-cenozoiques\/#primaryimage"},"thumbnailUrl":"https:\/\/www.istegroup.com\/wp-content\/uploads\/2018\/05\/Costeur_Front-scaled.jpg","datePublished":"2018-05-04T14:20:39+00:00","dateModified":"2024-01-03T13:42:18+00:00","description":"Cet ouvrage examine ce qui fait la particularit\u00e9 des mammif\u00e8res actuels, quelles innovations \u00e9volutives leur ont permis de conqu\u00e9rir tous les milieux, l\u2019utilit\u00e9 des mammif\u00e8res fossiles pour reconstruire les climats du pass\u00e9 et les extraordinaires sites fossilif\u00e8res qui continuent aujourd\u2019hui encore \u00e0 nous r\u00e9v\u00e9ler les secrets de leur histoire \u00e9volutive.","breadcrumb":{"@id":"https:\/\/www.istegroup.com\/fr\/produit\/les-mammiferes-cenozoiques\/#breadcrumb"},"inLanguage":"fr-FR","potentialAction":[{"@type":"ReadAction","target":["https:\/\/www.istegroup.com\/fr\/produit\/les-mammiferes-cenozoiques\/"]}]},{"@type":"ImageObject","inLanguage":"fr-FR","@id":"https:\/\/www.istegroup.com\/fr\/produit\/les-mammiferes-cenozoiques\/#primaryimage","url":"https:\/\/www.istegroup.com\/wp-content\/uploads\/2018\/05\/Costeur_Front-scaled.jpg","contentUrl":"https:\/\/www.istegroup.com\/wp-content\/uploads\/2018\/05\/Costeur_Front-scaled.jpg","width":1700,"height":2560,"caption":"Diversifications, adaptations et environnements"},{"@type":"BreadcrumbList","@id":"https:\/\/www.istegroup.com\/fr\/produit\/les-mammiferes-cenozoiques\/#breadcrumb","itemListElement":[{"@type":"ListItem","position":1,"name":"Home","item":"https:\/\/www.istegroup.com\/"},{"@type":"ListItem","position":2,"name":"Shop","item":"https:\/\/www.istegroup.com\/fr\/nouveautes\/"},{"@type":"ListItem","position":3,"name":"Les mammif\u00e8res c\u00e9nozo\u00efques"}]},{"@type":"WebSite","@id":"https:\/\/www.istegroup.com\/#website","url":"https:\/\/www.istegroup.com\/","name":"ISTE Group","description":"\u00c9diteur des Sciences","potentialAction":[{"@type":"SearchAction","target":{"@type":"EntryPoint","urlTemplate":"https:\/\/www.istegroup.com\/?s={search_term_string}"},"query-input":{"@type":"PropertyValueSpecification","valueRequired":true,"valueName":"search_term_string"}}],"inLanguage":"fr-FR"}]}},"_links":{"self":[{"href":"https:\/\/www.istegroup.com\/fr\/wp-json\/wp\/v2\/product\/12219","targetHints":{"allow":["GET"]}}],"collection":[{"href":"https:\/\/www.istegroup.com\/fr\/wp-json\/wp\/v2\/product"}],"about":[{"href":"https:\/\/www.istegroup.com\/fr\/wp-json\/wp\/v2\/types\/product"}],"wp:featuredmedia":[{"embeddable":true,"href":"https:\/\/www.istegroup.com\/fr\/wp-json\/wp\/v2\/media\/12228"}],"wp:attachment":[{"href":"https:\/\/www.istegroup.com\/fr\/wp-json\/wp\/v2\/media?parent=12219"}],"wp:term":[{"taxonomy":"product_brand","embeddable":true,"href":"https:\/\/www.istegroup.com\/fr\/wp-json\/wp\/v2\/product_brand?post=12219"},{"taxonomy":"product_cat","embeddable":true,"href":"https:\/\/www.istegroup.com\/fr\/wp-json\/wp\/v2\/product_cat?post=12219"},{"taxonomy":"product_tag","embeddable":true,"href":"https:\/\/www.istegroup.com\/fr\/wp-json\/wp\/v2\/product_tag?post=12219"}],"curies":[{"name":"wp","href":"https:\/\/api.w.org\/{rel}","templated":true}]}}