{"id":12209,"date":"2018-05-04T16:02:51","date_gmt":"2018-05-04T14:02:51","guid":{"rendered":"https:\/\/iste.yhello.co\/?post_type=product&#038;p=12209"},"modified":"2024-01-03T13:42:18","modified_gmt":"2024-01-03T13:42:18","slug":"evolution-des-tissus-dentaires-et-paleobiologie-chez-les-selaciens","status":"publish","type":"product","link":"https:\/\/www.istegroup.com\/fr\/produit\/evolution-des-tissus-dentaires-et-paleobiologie-chez-les-selaciens\/","title":{"rendered":"\u00c9volution des tissus dentaires et pal\u00e9obiologie chez les s\u00e9laciens"},"content":{"rendered":"<p>Les chondrichthyens poss\u00e8dent des particularit\u00e9s anatomiques uniques chez les vert\u00e9br\u00e9s actuels, en particulier un squelette enti\u00e8rement cartilagineux et une dentition renouvel\u00e9e en permanence. Ces caract\u00e9ristiques rendent leur fossilisation difficile, et par cons\u00e9quent leur registre fossile est principalement constitu\u00e9 d\u2019un grand nombre de dents isol\u00e9es.<\/p>\n<p>L\u2019\u00e9tude de leur dentition rev\u00eat donc un int\u00e9r\u00eat primordial dans la compr\u00e9hension de l\u2019\u00e9volution du groupe. Au-del\u00e0 de la morphologie dentaire, la structure des tissus composant la dentition s\u2019est r\u00e9v\u00e9l\u00e9e une source importante d\u2019information, parfois difficile \u00e0 interpr\u00e9ter, sur les habitudes alimentaires et la pal\u00e9obiologie de ces animaux.<\/p>\n<p>Cet ouvrage a pour but de passer en revue les th\u00e9ories existantes dans ce domaine d\u2019\u00e9tude, et d\u2019apporter de nouveaux \u00e9l\u00e9ments, bas\u00e9s sur des \u00e9tudes r\u00e9centes, pour tenter d\u2019\u00e9claircir certaines questions demeurant mal r\u00e9solues quant \u00e0 l\u2019utilisation et au potentiel de l\u2019\u00e9tude des tissus dentaires des poissons cartilagineux.<\/p>\n","protected":false},"excerpt":{"rendered":"<p>Les chondrichthyens poss\u00e8dent des particularit\u00e9s anatomiques uniques chez les vert\u00e9br\u00e9s actuels, en particulier un squelette enti\u00e8rement cartilagineux et une dentition renouvel\u00e9e en permanence. Ces caract\u00e9ristiques rendent leur fossilisation difficile, et par cons\u00e9quent leur registre fossile est principalement constitu\u00e9 d\u2019un grand nombre de dents isol\u00e9es. L\u2019\u00e9tude de leur dentition rev\u00eat donc un int\u00e9r\u00eat primordial dans la [&hellip;]<\/p>\n","protected":false},"featured_media":12218,"template":"","meta":{"_acf_changed":false,"_links_to":"","_links_to_target":""},"product_brand":[],"product_cat":[3262],"product_tag":[],"class_list":{"0":"post-12209","1":"product","2":"type-product","3":"status-publish","4":"has-post-thumbnail","6":"product_cat-non-classe","8":"first","9":"instock","10":"shipping-taxable","11":"purchasable","12":"product-type-variable"},"acf":[],"yoast_head":"<!-- This site is optimized with the Yoast SEO plugin v27.2 - https:\/\/yoast.com\/product\/yoast-seo-wordpress\/ -->\n<title>\u00c9volution des tissus dentaires et pal\u00e9obiologie chez les s\u00e9laciens - ISTE Group<\/title>\n<meta name=\"robots\" content=\"index, follow, max-snippet:-1, max-image-preview:large, max-video-preview:-1\" \/>\n<link rel=\"canonical\" href=\"https:\/\/www.istegroup.com\/fr\/produit\/evolution-des-tissus-dentaires-et-paleobiologie-chez-les-selaciens\/\" \/>\n<meta property=\"og:locale\" content=\"fr_FR\" \/>\n<meta property=\"og:type\" content=\"article\" \/>\n<meta property=\"og:title\" content=\"\u00c9volution des tissus dentaires et pal\u00e9obiologie chez les s\u00e9laciens - ISTE Group\" \/>\n<meta property=\"og:description\" content=\"Les chondrichthyens poss\u00e8dent des particularit\u00e9s anatomiques uniques chez les vert\u00e9br\u00e9s actuels, en particulier un squelette enti\u00e8rement cartilagineux et une dentition renouvel\u00e9e en permanence. Ces caract\u00e9ristiques rendent leur fossilisation difficile, et par cons\u00e9quent leur registre fossile est principalement constitu\u00e9 d\u2019un grand nombre de dents isol\u00e9es. L\u2019\u00e9tude de leur dentition rev\u00eat donc un int\u00e9r\u00eat primordial dans la [&hellip;]\" \/>\n<meta property=\"og:url\" content=\"https:\/\/www.istegroup.com\/fr\/produit\/evolution-des-tissus-dentaires-et-paleobiologie-chez-les-selaciens\/\" \/>\n<meta property=\"og:site_name\" content=\"ISTE Group\" \/>\n<meta property=\"article:modified_time\" content=\"2024-01-03T13:42:18+00:00\" \/>\n<meta property=\"og:image\" content=\"https:\/\/www.istegroup.com\/wp-content\/uploads\/2018\/05\/Cuny_Front-scaled.jpg\" \/>\n\t<meta property=\"og:image:width\" content=\"1693\" \/>\n\t<meta property=\"og:image:height\" content=\"2560\" \/>\n\t<meta property=\"og:image:type\" content=\"image\/jpeg\" \/>\n<meta name=\"twitter:card\" content=\"summary_large_image\" \/>\n<meta name=\"twitter:label1\" content=\"Est. reading time\" \/>\n\t<meta name=\"twitter:data1\" content=\"1 minute\" \/>\n<script type=\"application\/ld+json\" class=\"yoast-schema-graph\">{\"@context\":\"https:\/\/schema.org\",\"@graph\":[{\"@type\":\"WebPage\",\"@id\":\"https:\/\/www.istegroup.com\/fr\/produit\/evolution-des-tissus-dentaires-et-paleobiologie-chez-les-selaciens\/\",\"url\":\"https:\/\/www.istegroup.com\/fr\/produit\/evolution-des-tissus-dentaires-et-paleobiologie-chez-les-selaciens\/\",\"name\":\"\u00c9volution des tissus dentaires et pal\u00e9obiologie chez les s\u00e9laciens - ISTE Group\",\"isPartOf\":{\"@id\":\"https:\/\/www.istegroup.com\/#website\"},\"primaryImageOfPage\":{\"@id\":\"https:\/\/www.istegroup.com\/fr\/produit\/evolution-des-tissus-dentaires-et-paleobiologie-chez-les-selaciens\/#primaryimage\"},\"image\":{\"@id\":\"https:\/\/www.istegroup.com\/fr\/produit\/evolution-des-tissus-dentaires-et-paleobiologie-chez-les-selaciens\/#primaryimage\"},\"thumbnailUrl\":\"https:\/\/www.istegroup.com\/wp-content\/uploads\/2018\/05\/Cuny_Front-scaled.jpg\",\"datePublished\":\"2018-05-04T14:02:51+00:00\",\"dateModified\":\"2024-01-03T13:42:18+00:00\",\"breadcrumb\":{\"@id\":\"https:\/\/www.istegroup.com\/fr\/produit\/evolution-des-tissus-dentaires-et-paleobiologie-chez-les-selaciens\/#breadcrumb\"},\"inLanguage\":\"fr-FR\",\"potentialAction\":[{\"@type\":\"ReadAction\",\"target\":[\"https:\/\/www.istegroup.com\/fr\/produit\/evolution-des-tissus-dentaires-et-paleobiologie-chez-les-selaciens\/\"]}]},{\"@type\":\"ImageObject\",\"inLanguage\":\"fr-FR\",\"@id\":\"https:\/\/www.istegroup.com\/fr\/produit\/evolution-des-tissus-dentaires-et-paleobiologie-chez-les-selaciens\/#primaryimage\",\"url\":\"https:\/\/www.istegroup.com\/wp-content\/uploads\/2018\/05\/Cuny_Front-scaled.jpg\",\"contentUrl\":\"https:\/\/www.istegroup.com\/wp-content\/uploads\/2018\/05\/Cuny_Front-scaled.jpg\",\"width\":1693,\"height\":2560,\"caption\":\"\u00c9volution des tissus dentaires et pal\u00e9obiologie chez les s\u00e9laciens ISTE Group\"},{\"@type\":\"BreadcrumbList\",\"@id\":\"https:\/\/www.istegroup.com\/fr\/produit\/evolution-des-tissus-dentaires-et-paleobiologie-chez-les-selaciens\/#breadcrumb\",\"itemListElement\":[{\"@type\":\"ListItem\",\"position\":1,\"name\":\"Home\",\"item\":\"https:\/\/www.istegroup.com\/\"},{\"@type\":\"ListItem\",\"position\":2,\"name\":\"Shop\",\"item\":\"https:\/\/www.istegroup.com\/fr\/nouveautes\/\"},{\"@type\":\"ListItem\",\"position\":3,\"name\":\"\u00c9volution des tissus dentaires et pal\u00e9obiologie chez les s\u00e9laciens\"}]},{\"@type\":\"WebSite\",\"@id\":\"https:\/\/www.istegroup.com\/#website\",\"url\":\"https:\/\/www.istegroup.com\/\",\"name\":\"ISTE Group\",\"description\":\"\u00c9diteur des Sciences\",\"potentialAction\":[{\"@type\":\"SearchAction\",\"target\":{\"@type\":\"EntryPoint\",\"urlTemplate\":\"https:\/\/www.istegroup.com\/?s={search_term_string}\"},\"query-input\":{\"@type\":\"PropertyValueSpecification\",\"valueRequired\":true,\"valueName\":\"search_term_string\"}}],\"inLanguage\":\"fr-FR\"}]}<\/script>\n<!-- \/ Yoast SEO plugin. -->","yoast_head_json":{"title":"\u00c9volution des tissus dentaires et pal\u00e9obiologie chez les s\u00e9laciens - ISTE Group","robots":{"index":"index","follow":"follow","max-snippet":"max-snippet:-1","max-image-preview":"max-image-preview:large","max-video-preview":"max-video-preview:-1"},"canonical":"https:\/\/www.istegroup.com\/fr\/produit\/evolution-des-tissus-dentaires-et-paleobiologie-chez-les-selaciens\/","og_locale":"fr_FR","og_type":"article","og_title":"\u00c9volution des tissus dentaires et pal\u00e9obiologie chez les s\u00e9laciens - ISTE Group","og_description":"Les chondrichthyens poss\u00e8dent des particularit\u00e9s anatomiques uniques chez les vert\u00e9br\u00e9s actuels, en particulier un squelette enti\u00e8rement cartilagineux et une dentition renouvel\u00e9e en permanence. Ces caract\u00e9ristiques rendent leur fossilisation difficile, et par cons\u00e9quent leur registre fossile est principalement constitu\u00e9 d\u2019un grand nombre de dents isol\u00e9es. L\u2019\u00e9tude de leur dentition rev\u00eat donc un int\u00e9r\u00eat primordial dans la [&hellip;]","og_url":"https:\/\/www.istegroup.com\/fr\/produit\/evolution-des-tissus-dentaires-et-paleobiologie-chez-les-selaciens\/","og_site_name":"ISTE Group","article_modified_time":"2024-01-03T13:42:18+00:00","og_image":[{"width":1693,"height":2560,"url":"https:\/\/www.istegroup.com\/wp-content\/uploads\/2018\/05\/Cuny_Front-scaled.jpg","type":"image\/jpeg"}],"twitter_card":"summary_large_image","twitter_misc":{"Est. reading time":"1 minute"},"schema":{"@context":"https:\/\/schema.org","@graph":[{"@type":"WebPage","@id":"https:\/\/www.istegroup.com\/fr\/produit\/evolution-des-tissus-dentaires-et-paleobiologie-chez-les-selaciens\/","url":"https:\/\/www.istegroup.com\/fr\/produit\/evolution-des-tissus-dentaires-et-paleobiologie-chez-les-selaciens\/","name":"\u00c9volution des tissus dentaires et pal\u00e9obiologie chez les s\u00e9laciens - ISTE Group","isPartOf":{"@id":"https:\/\/www.istegroup.com\/#website"},"primaryImageOfPage":{"@id":"https:\/\/www.istegroup.com\/fr\/produit\/evolution-des-tissus-dentaires-et-paleobiologie-chez-les-selaciens\/#primaryimage"},"image":{"@id":"https:\/\/www.istegroup.com\/fr\/produit\/evolution-des-tissus-dentaires-et-paleobiologie-chez-les-selaciens\/#primaryimage"},"thumbnailUrl":"https:\/\/www.istegroup.com\/wp-content\/uploads\/2018\/05\/Cuny_Front-scaled.jpg","datePublished":"2018-05-04T14:02:51+00:00","dateModified":"2024-01-03T13:42:18+00:00","breadcrumb":{"@id":"https:\/\/www.istegroup.com\/fr\/produit\/evolution-des-tissus-dentaires-et-paleobiologie-chez-les-selaciens\/#breadcrumb"},"inLanguage":"fr-FR","potentialAction":[{"@type":"ReadAction","target":["https:\/\/www.istegroup.com\/fr\/produit\/evolution-des-tissus-dentaires-et-paleobiologie-chez-les-selaciens\/"]}]},{"@type":"ImageObject","inLanguage":"fr-FR","@id":"https:\/\/www.istegroup.com\/fr\/produit\/evolution-des-tissus-dentaires-et-paleobiologie-chez-les-selaciens\/#primaryimage","url":"https:\/\/www.istegroup.com\/wp-content\/uploads\/2018\/05\/Cuny_Front-scaled.jpg","contentUrl":"https:\/\/www.istegroup.com\/wp-content\/uploads\/2018\/05\/Cuny_Front-scaled.jpg","width":1693,"height":2560,"caption":"\u00c9volution des tissus dentaires et pal\u00e9obiologie chez les s\u00e9laciens ISTE Group"},{"@type":"BreadcrumbList","@id":"https:\/\/www.istegroup.com\/fr\/produit\/evolution-des-tissus-dentaires-et-paleobiologie-chez-les-selaciens\/#breadcrumb","itemListElement":[{"@type":"ListItem","position":1,"name":"Home","item":"https:\/\/www.istegroup.com\/"},{"@type":"ListItem","position":2,"name":"Shop","item":"https:\/\/www.istegroup.com\/fr\/nouveautes\/"},{"@type":"ListItem","position":3,"name":"\u00c9volution des tissus dentaires et pal\u00e9obiologie chez les s\u00e9laciens"}]},{"@type":"WebSite","@id":"https:\/\/www.istegroup.com\/#website","url":"https:\/\/www.istegroup.com\/","name":"ISTE Group","description":"\u00c9diteur des Sciences","potentialAction":[{"@type":"SearchAction","target":{"@type":"EntryPoint","urlTemplate":"https:\/\/www.istegroup.com\/?s={search_term_string}"},"query-input":{"@type":"PropertyValueSpecification","valueRequired":true,"valueName":"search_term_string"}}],"inLanguage":"fr-FR"}]}},"_links":{"self":[{"href":"https:\/\/www.istegroup.com\/fr\/wp-json\/wp\/v2\/product\/12209","targetHints":{"allow":["GET"]}}],"collection":[{"href":"https:\/\/www.istegroup.com\/fr\/wp-json\/wp\/v2\/product"}],"about":[{"href":"https:\/\/www.istegroup.com\/fr\/wp-json\/wp\/v2\/types\/product"}],"wp:featuredmedia":[{"embeddable":true,"href":"https:\/\/www.istegroup.com\/fr\/wp-json\/wp\/v2\/media\/12218"}],"wp:attachment":[{"href":"https:\/\/www.istegroup.com\/fr\/wp-json\/wp\/v2\/media?parent=12209"}],"wp:term":[{"taxonomy":"product_brand","embeddable":true,"href":"https:\/\/www.istegroup.com\/fr\/wp-json\/wp\/v2\/product_brand?post=12209"},{"taxonomy":"product_cat","embeddable":true,"href":"https:\/\/www.istegroup.com\/fr\/wp-json\/wp\/v2\/product_cat?post=12209"},{"taxonomy":"product_tag","embeddable":true,"href":"https:\/\/www.istegroup.com\/fr\/wp-json\/wp\/v2\/product_tag?post=12209"}],"curies":[{"name":"wp","href":"https:\/\/api.w.org\/{rel}","templated":true}]}}