{"id":12200,"date":"2018-05-04T15:56:27","date_gmt":"2018-05-04T13:56:27","guid":{"rendered":"https:\/\/iste.yhello.co\/?post_type=product&#038;p=12200"},"modified":"2024-01-03T13:42:14","modified_gmt":"2024-01-03T13:42:14","slug":"les-poissons-deau-douce","status":"publish","type":"product","link":"https:\/\/www.istegroup.com\/fr\/produit\/les-poissons-deau-douce\/","title":{"rendered":"Les poissons d\u2019eau douce"},"content":{"rendered":"<p>Avec plus de 15 000 esp\u00e8ces, soit pr\u00e8s d\u2019un quart du nombre total d\u2019esp\u00e8ces de vert\u00e9br\u00e9s, les poissons d\u2019eau douce sont extr\u00eamement diversifi\u00e9s. Parmi eux se trouvent les plus grandes esp\u00e8ces de poissons \u2013 l\u2019esturgeon b\u00e9luga et ses 7 m\u00e8tres de longueur \u2013 et les plus petites, telles que le\u00a0<em>Paedocypris<\/em>\u00a0qui ne mesure que 8 millim\u00e8tres. Certaines esp\u00e8ces d\u2019eau douce, comme les cichlid\u00e9s, \u00e9voluent tr\u00e8s rapidement, alors que d\u2019autres, comme les dipneustes, sont consid\u00e9r\u00e9es comme des \u00ab fossiles vivants \u00bb.<\/p>\n<p>Cet ouvrage retrace 250 millions d\u2019ann\u00e9es d\u2019histoire \u00e9volutive des poissons d\u2019eau douce sur la base des fossiles qu\u2019ils ont laiss\u00e9s. Il analyse les liens qui unissent \u00e9troitement leur \u00e9volution biologique avec les transformations pal\u00e9og\u00e9ographiques et environnementales subies par la Terre, qu\u2019elles soient graduelles ou soudaines.<\/p>\n","protected":false},"excerpt":{"rendered":"<p>Avec plus de 15 000 esp\u00e8ces, soit pr\u00e8s d\u2019un quart du nombre total d\u2019esp\u00e8ces de vert\u00e9br\u00e9s, les poissons d\u2019eau douce sont extr\u00eamement diversifi\u00e9s. Parmi eux se trouvent les plus grandes esp\u00e8ces de poissons \u2013 l\u2019esturgeon b\u00e9luga et ses 7 m\u00e8tres de longueur \u2013 et les plus petites, telles que le\u00a0Paedocypris\u00a0qui ne mesure que 8 millim\u00e8tres. [&hellip;]<\/p>\n","protected":false},"featured_media":12208,"template":"","meta":{"_acf_changed":false,"_links_to":"","_links_to_target":""},"product_brand":[],"product_cat":[3262],"product_tag":[],"class_list":{"0":"post-12200","1":"product","2":"type-product","3":"status-publish","4":"has-post-thumbnail","6":"product_cat-non-classe","8":"first","9":"instock","10":"shipping-taxable","11":"purchasable","12":"product-type-variable"},"acf":[],"yoast_head":"<!-- This site is optimized with the Yoast SEO plugin v27.2 - https:\/\/yoast.com\/product\/yoast-seo-wordpress\/ -->\n<title>Les poissons d\u2019eau douce - ISTE Group<\/title>\n<meta name=\"description\" content=\"Cet ouvrage retrace 250 millions d\u2019ann\u00e9es d\u2019histoire \u00e9volutive des poissons d\u2019eau douce sur la base des fossiles qu\u2019ils ont laiss\u00e9s.\" \/>\n<meta name=\"robots\" content=\"index, follow, max-snippet:-1, max-image-preview:large, max-video-preview:-1\" \/>\n<link rel=\"canonical\" href=\"https:\/\/www.istegroup.com\/en\/produit\/les-poissons-deau-douce\/\" \/>\n<meta property=\"og:locale\" content=\"fr_FR\" \/>\n<meta property=\"og:type\" content=\"article\" \/>\n<meta property=\"og:title\" content=\"Les poissons d\u2019eau douce - ISTE Group\" \/>\n<meta property=\"og:description\" content=\"Cet ouvrage retrace 250 millions d\u2019ann\u00e9es d\u2019histoire \u00e9volutive des poissons d\u2019eau douce sur la base des fossiles qu\u2019ils ont laiss\u00e9s.\" \/>\n<meta property=\"og:url\" content=\"https:\/\/www.istegroup.com\/en\/produit\/les-poissons-deau-douce\/\" \/>\n<meta property=\"og:site_name\" content=\"ISTE Group\" \/>\n<meta property=\"article:modified_time\" content=\"2024-01-03T13:42:14+00:00\" \/>\n<meta property=\"og:image\" content=\"https:\/\/www.istegroup.com\/wp-content\/uploads\/2018\/05\/Cavin-Front-scaled.jpg\" \/>\n\t<meta property=\"og:image:width\" content=\"1671\" \/>\n\t<meta property=\"og:image:height\" content=\"2560\" \/>\n\t<meta property=\"og:image:type\" content=\"image\/jpeg\" \/>\n<meta name=\"twitter:card\" content=\"summary_large_image\" \/>\n<meta name=\"twitter:label1\" content=\"Est. reading time\" \/>\n\t<meta name=\"twitter:data1\" content=\"1 minute\" \/>\n<script type=\"application\/ld+json\" class=\"yoast-schema-graph\">{\"@context\":\"https:\/\/schema.org\",\"@graph\":[{\"@type\":\"WebPage\",\"@id\":\"https:\/\/www.istegroup.com\/en\/produit\/les-poissons-deau-douce\/\",\"url\":\"https:\/\/www.istegroup.com\/en\/produit\/les-poissons-deau-douce\/\",\"name\":\"Les poissons d\u2019eau douce - ISTE Group\",\"isPartOf\":{\"@id\":\"https:\/\/www.istegroup.com\/#website\"},\"primaryImageOfPage\":{\"@id\":\"https:\/\/www.istegroup.com\/en\/produit\/les-poissons-deau-douce\/#primaryimage\"},\"image\":{\"@id\":\"https:\/\/www.istegroup.com\/en\/produit\/les-poissons-deau-douce\/#primaryimage\"},\"thumbnailUrl\":\"https:\/\/www.istegroup.com\/wp-content\/uploads\/2018\/05\/Cavin-Front-scaled.jpg\",\"datePublished\":\"2018-05-04T13:56:27+00:00\",\"dateModified\":\"2024-01-03T13:42:14+00:00\",\"description\":\"Cet ouvrage retrace 250 millions d\u2019ann\u00e9es d\u2019histoire \u00e9volutive des poissons d\u2019eau douce sur la base des fossiles qu\u2019ils ont laiss\u00e9s.\",\"breadcrumb\":{\"@id\":\"https:\/\/www.istegroup.com\/en\/produit\/les-poissons-deau-douce\/#breadcrumb\"},\"inLanguage\":\"fr-FR\",\"potentialAction\":[{\"@type\":\"ReadAction\",\"target\":[\"https:\/\/www.istegroup.com\/en\/produit\/les-poissons-deau-douce\/\"]}]},{\"@type\":\"ImageObject\",\"inLanguage\":\"fr-FR\",\"@id\":\"https:\/\/www.istegroup.com\/en\/produit\/les-poissons-deau-douce\/#primaryimage\",\"url\":\"https:\/\/www.istegroup.com\/wp-content\/uploads\/2018\/05\/Cavin-Front-scaled.jpg\",\"contentUrl\":\"https:\/\/www.istegroup.com\/wp-content\/uploads\/2018\/05\/Cavin-Front-scaled.jpg\",\"width\":1671,\"height\":2560,\"caption\":\"250 millions d\u2019ann\u00e9es d\u2019histoire \u00e9volutive\"},{\"@type\":\"BreadcrumbList\",\"@id\":\"https:\/\/www.istegroup.com\/en\/produit\/les-poissons-deau-douce\/#breadcrumb\",\"itemListElement\":[{\"@type\":\"ListItem\",\"position\":1,\"name\":\"Home\",\"item\":\"https:\/\/www.istegroup.com\/\"},{\"@type\":\"ListItem\",\"position\":2,\"name\":\"Shop\",\"item\":\"https:\/\/www.istegroup.com\/fr\/nouveautes\/\"},{\"@type\":\"ListItem\",\"position\":3,\"name\":\"Les poissons d\u2019eau douce\"}]},{\"@type\":\"WebSite\",\"@id\":\"https:\/\/www.istegroup.com\/#website\",\"url\":\"https:\/\/www.istegroup.com\/\",\"name\":\"ISTE Group\",\"description\":\"\u00c9diteur des Sciences\",\"potentialAction\":[{\"@type\":\"SearchAction\",\"target\":{\"@type\":\"EntryPoint\",\"urlTemplate\":\"https:\/\/www.istegroup.com\/?s={search_term_string}\"},\"query-input\":{\"@type\":\"PropertyValueSpecification\",\"valueRequired\":true,\"valueName\":\"search_term_string\"}}],\"inLanguage\":\"fr-FR\"}]}<\/script>\n<!-- \/ Yoast SEO plugin. -->","yoast_head_json":{"title":"Les poissons d\u2019eau douce - ISTE Group","description":"Cet ouvrage retrace 250 millions d\u2019ann\u00e9es d\u2019histoire \u00e9volutive des poissons d\u2019eau douce sur la base des fossiles qu\u2019ils ont laiss\u00e9s.","robots":{"index":"index","follow":"follow","max-snippet":"max-snippet:-1","max-image-preview":"max-image-preview:large","max-video-preview":"max-video-preview:-1"},"canonical":"https:\/\/www.istegroup.com\/en\/produit\/les-poissons-deau-douce\/","og_locale":"fr_FR","og_type":"article","og_title":"Les poissons d\u2019eau douce - ISTE Group","og_description":"Cet ouvrage retrace 250 millions d\u2019ann\u00e9es d\u2019histoire \u00e9volutive des poissons d\u2019eau douce sur la base des fossiles qu\u2019ils ont laiss\u00e9s.","og_url":"https:\/\/www.istegroup.com\/en\/produit\/les-poissons-deau-douce\/","og_site_name":"ISTE Group","article_modified_time":"2024-01-03T13:42:14+00:00","og_image":[{"width":1671,"height":2560,"url":"https:\/\/www.istegroup.com\/wp-content\/uploads\/2018\/05\/Cavin-Front-scaled.jpg","type":"image\/jpeg"}],"twitter_card":"summary_large_image","twitter_misc":{"Est. reading time":"1 minute"},"schema":{"@context":"https:\/\/schema.org","@graph":[{"@type":"WebPage","@id":"https:\/\/www.istegroup.com\/en\/produit\/les-poissons-deau-douce\/","url":"https:\/\/www.istegroup.com\/en\/produit\/les-poissons-deau-douce\/","name":"Les poissons d\u2019eau douce - ISTE Group","isPartOf":{"@id":"https:\/\/www.istegroup.com\/#website"},"primaryImageOfPage":{"@id":"https:\/\/www.istegroup.com\/en\/produit\/les-poissons-deau-douce\/#primaryimage"},"image":{"@id":"https:\/\/www.istegroup.com\/en\/produit\/les-poissons-deau-douce\/#primaryimage"},"thumbnailUrl":"https:\/\/www.istegroup.com\/wp-content\/uploads\/2018\/05\/Cavin-Front-scaled.jpg","datePublished":"2018-05-04T13:56:27+00:00","dateModified":"2024-01-03T13:42:14+00:00","description":"Cet ouvrage retrace 250 millions d\u2019ann\u00e9es d\u2019histoire \u00e9volutive des poissons d\u2019eau douce sur la base des fossiles qu\u2019ils ont laiss\u00e9s.","breadcrumb":{"@id":"https:\/\/www.istegroup.com\/en\/produit\/les-poissons-deau-douce\/#breadcrumb"},"inLanguage":"fr-FR","potentialAction":[{"@type":"ReadAction","target":["https:\/\/www.istegroup.com\/en\/produit\/les-poissons-deau-douce\/"]}]},{"@type":"ImageObject","inLanguage":"fr-FR","@id":"https:\/\/www.istegroup.com\/en\/produit\/les-poissons-deau-douce\/#primaryimage","url":"https:\/\/www.istegroup.com\/wp-content\/uploads\/2018\/05\/Cavin-Front-scaled.jpg","contentUrl":"https:\/\/www.istegroup.com\/wp-content\/uploads\/2018\/05\/Cavin-Front-scaled.jpg","width":1671,"height":2560,"caption":"250 millions d\u2019ann\u00e9es d\u2019histoire \u00e9volutive"},{"@type":"BreadcrumbList","@id":"https:\/\/www.istegroup.com\/en\/produit\/les-poissons-deau-douce\/#breadcrumb","itemListElement":[{"@type":"ListItem","position":1,"name":"Home","item":"https:\/\/www.istegroup.com\/"},{"@type":"ListItem","position":2,"name":"Shop","item":"https:\/\/www.istegroup.com\/fr\/nouveautes\/"},{"@type":"ListItem","position":3,"name":"Les poissons d\u2019eau douce"}]},{"@type":"WebSite","@id":"https:\/\/www.istegroup.com\/#website","url":"https:\/\/www.istegroup.com\/","name":"ISTE Group","description":"\u00c9diteur des Sciences","potentialAction":[{"@type":"SearchAction","target":{"@type":"EntryPoint","urlTemplate":"https:\/\/www.istegroup.com\/?s={search_term_string}"},"query-input":{"@type":"PropertyValueSpecification","valueRequired":true,"valueName":"search_term_string"}}],"inLanguage":"fr-FR"}]}},"_links":{"self":[{"href":"https:\/\/www.istegroup.com\/fr\/wp-json\/wp\/v2\/product\/12200","targetHints":{"allow":["GET"]}}],"collection":[{"href":"https:\/\/www.istegroup.com\/fr\/wp-json\/wp\/v2\/product"}],"about":[{"href":"https:\/\/www.istegroup.com\/fr\/wp-json\/wp\/v2\/types\/product"}],"wp:featuredmedia":[{"embeddable":true,"href":"https:\/\/www.istegroup.com\/fr\/wp-json\/wp\/v2\/media\/12208"}],"wp:attachment":[{"href":"https:\/\/www.istegroup.com\/fr\/wp-json\/wp\/v2\/media?parent=12200"}],"wp:term":[{"taxonomy":"product_brand","embeddable":true,"href":"https:\/\/www.istegroup.com\/fr\/wp-json\/wp\/v2\/product_brand?post=12200"},{"taxonomy":"product_cat","embeddable":true,"href":"https:\/\/www.istegroup.com\/fr\/wp-json\/wp\/v2\/product_cat?post=12200"},{"taxonomy":"product_tag","embeddable":true,"href":"https:\/\/www.istegroup.com\/fr\/wp-json\/wp\/v2\/product_tag?post=12200"}],"curies":[{"name":"wp","href":"https:\/\/api.w.org\/{rel}","templated":true}]}}