{"id":12193,"date":"2018-05-04T15:48:01","date_gmt":"2018-05-04T13:48:01","guid":{"rendered":"https:\/\/iste.yhello.co\/?post_type=product&#038;p=12193"},"modified":"2024-01-03T13:42:14","modified_gmt":"2024-01-03T13:42:14","slug":"paleobiologie-des-oiseaux-geants-terrestres","status":"publish","type":"product","link":"https:\/\/www.istegroup.com\/fr\/produit\/paleobiologie-des-oiseaux-geants-terrestres\/","title":{"rendered":"Pal\u00e9obiologie des oiseaux g\u00e9ants terrestres"},"content":{"rendered":"<p>Les grands oiseaux terrestres fossiles sont connus depuis plus de 70 millions d\u2019ann\u00e9es dans de nombreuses r\u00e9gions du monde, et pr\u00e9sentent une grande diversit\u00e9 biologique. Les connaissances sur l\u2019ensemble de ces oiseaux sont tr\u00e8s in\u00e9gales. Ceci est d\u00fb au nombre de sp\u00e9cimens disponibles, mais \u00e9galement \u00e0 la diversit\u00e9 des m\u00e9thodes et des \u00e9tudes qui ont \u00e9t\u00e9 men\u00e9es jusqu\u2019\u00e0 pr\u00e9sent.<\/p>\n<p>Cet ouvrage synth\u00e9tise l\u2019ensemble des connaissances actuelles sur la pal\u00e9obiologie de sept groupes de grands oiseaux terrestres fossiles, incluant\u00a0<em>Gargantuavis<\/em>, les Gastornithidae, les Phorusrhacidae, les Brontornithidae, les Dromornithidae, les Dinornithiformes et les Aepyornithiformes.<\/p>\n<p>Le premier chapitre pr\u00e9sente la diversit\u00e9 globale de ces oiseaux, et fait un bilan des outils et m\u00e9thodes utilis\u00e9s pour l\u2019\u00e9tude de leur pal\u00e9obiologie. Les chapitres 2 \u00e0 8 sont chacun d\u00e9di\u00e9s \u00e0 un groupe d\u2019oiseaux. Enfin, le dernier chapitre vise \u00e0 faire une synth\u00e8se globale des informations connues afin d\u2019essayer d\u2019en tirer un mod\u00e8le \u00e9volutif commun.<\/p>\n","protected":false},"excerpt":{"rendered":"<p>Les grands oiseaux terrestres fossiles sont connus depuis plus de 70 millions d\u2019ann\u00e9es dans de nombreuses r\u00e9gions du monde, et pr\u00e9sentent une grande diversit\u00e9 biologique. Les connaissances sur l\u2019ensemble de ces oiseaux sont tr\u00e8s in\u00e9gales. Ceci est d\u00fb au nombre de sp\u00e9cimens disponibles, mais \u00e9galement \u00e0 la diversit\u00e9 des m\u00e9thodes et des \u00e9tudes qui ont [&hellip;]<\/p>\n","protected":false},"featured_media":12199,"template":"","meta":{"_acf_changed":false,"_links_to":"","_links_to_target":""},"product_brand":[],"product_cat":[3262],"product_tag":[],"class_list":{"0":"post-12193","1":"product","2":"type-product","3":"status-publish","4":"has-post-thumbnail","6":"product_cat-non-classe","8":"first","9":"instock","10":"shipping-taxable","11":"purchasable","12":"product-type-variable"},"acf":[],"yoast_head":"<!-- This site is optimized with the Yoast SEO plugin v27.2 - https:\/\/yoast.com\/product\/yoast-seo-wordpress\/ -->\n<title>Pal\u00e9obiologie des oiseaux g\u00e9ants terrestres - ISTE Group<\/title>\n<meta name=\"description\" content=\"Cet ouvrage synth\u00e9tise l\u2019ensemble des connaissances actuelles sur la pal\u00e9obiologie de sept groupes de grands oiseaux terrestres fossiles, incluant\u00a0Gargantuavis, les Gastornithidae, les Phorusrhacidae, les Brontornithidae, les Dromornithidae, les Dinornithiformes et les Aepyornithiformes.\" \/>\n<meta name=\"robots\" content=\"index, follow, max-snippet:-1, max-image-preview:large, max-video-preview:-1\" \/>\n<link rel=\"canonical\" href=\"https:\/\/www.istegroup.com\/en\/produit\/paleobiologie-des-oiseaux-geants-terrestres\/\" \/>\n<meta property=\"og:locale\" content=\"fr_FR\" \/>\n<meta property=\"og:type\" content=\"article\" \/>\n<meta property=\"og:title\" content=\"Pal\u00e9obiologie des oiseaux g\u00e9ants terrestres - ISTE Group\" \/>\n<meta property=\"og:description\" content=\"Cet ouvrage synth\u00e9tise l\u2019ensemble des connaissances actuelles sur la pal\u00e9obiologie de sept groupes de grands oiseaux terrestres fossiles, incluant\u00a0Gargantuavis, les Gastornithidae, les Phorusrhacidae, les Brontornithidae, les Dromornithidae, les Dinornithiformes et les Aepyornithiformes.\" \/>\n<meta property=\"og:url\" content=\"https:\/\/www.istegroup.com\/en\/produit\/paleobiologie-des-oiseaux-geants-terrestres\/\" \/>\n<meta property=\"og:site_name\" content=\"ISTE Group\" \/>\n<meta property=\"article:modified_time\" content=\"2024-01-03T13:42:14+00:00\" \/>\n<meta property=\"og:image\" content=\"https:\/\/www.istegroup.com\/wp-content\/uploads\/2018\/05\/Angst_Front-scaled.jpg\" \/>\n\t<meta property=\"og:image:width\" content=\"1707\" \/>\n\t<meta property=\"og:image:height\" content=\"2560\" \/>\n\t<meta property=\"og:image:type\" content=\"image\/jpeg\" \/>\n<meta name=\"twitter:card\" content=\"summary_large_image\" \/>\n<meta name=\"twitter:label1\" content=\"Est. reading time\" \/>\n\t<meta name=\"twitter:data1\" content=\"1 minute\" \/>\n<script type=\"application\/ld+json\" class=\"yoast-schema-graph\">{\"@context\":\"https:\/\/schema.org\",\"@graph\":[{\"@type\":\"WebPage\",\"@id\":\"https:\/\/www.istegroup.com\/en\/produit\/paleobiologie-des-oiseaux-geants-terrestres\/\",\"url\":\"https:\/\/www.istegroup.com\/en\/produit\/paleobiologie-des-oiseaux-geants-terrestres\/\",\"name\":\"Pal\u00e9obiologie des oiseaux g\u00e9ants terrestres - ISTE Group\",\"isPartOf\":{\"@id\":\"https:\/\/www.istegroup.com\/#website\"},\"primaryImageOfPage\":{\"@id\":\"https:\/\/www.istegroup.com\/en\/produit\/paleobiologie-des-oiseaux-geants-terrestres\/#primaryimage\"},\"image\":{\"@id\":\"https:\/\/www.istegroup.com\/en\/produit\/paleobiologie-des-oiseaux-geants-terrestres\/#primaryimage\"},\"thumbnailUrl\":\"https:\/\/www.istegroup.com\/wp-content\/uploads\/2018\/05\/Angst_Front-scaled.jpg\",\"datePublished\":\"2018-05-04T13:48:01+00:00\",\"dateModified\":\"2024-01-03T13:42:14+00:00\",\"description\":\"Cet ouvrage synth\u00e9tise l\u2019ensemble des connaissances actuelles sur la pal\u00e9obiologie de sept groupes de grands oiseaux terrestres fossiles, incluant\u00a0Gargantuavis, les Gastornithidae, les Phorusrhacidae, les Brontornithidae, les Dromornithidae, les Dinornithiformes et les Aepyornithiformes.\",\"breadcrumb\":{\"@id\":\"https:\/\/www.istegroup.com\/en\/produit\/paleobiologie-des-oiseaux-geants-terrestres\/#breadcrumb\"},\"inLanguage\":\"fr-FR\",\"potentialAction\":[{\"@type\":\"ReadAction\",\"target\":[\"https:\/\/www.istegroup.com\/en\/produit\/paleobiologie-des-oiseaux-geants-terrestres\/\"]}]},{\"@type\":\"ImageObject\",\"inLanguage\":\"fr-FR\",\"@id\":\"https:\/\/www.istegroup.com\/en\/produit\/paleobiologie-des-oiseaux-geants-terrestres\/#primaryimage\",\"url\":\"https:\/\/www.istegroup.com\/wp-content\/uploads\/2018\/05\/Angst_Front-scaled.jpg\",\"contentUrl\":\"https:\/\/www.istegroup.com\/wp-content\/uploads\/2018\/05\/Angst_Front-scaled.jpg\",\"width\":1707,\"height\":2560,\"caption\":\"Pal\u00e9obiologie des oiseaux g\u00e9ants terrestres ISTE Group\"},{\"@type\":\"BreadcrumbList\",\"@id\":\"https:\/\/www.istegroup.com\/en\/produit\/paleobiologie-des-oiseaux-geants-terrestres\/#breadcrumb\",\"itemListElement\":[{\"@type\":\"ListItem\",\"position\":1,\"name\":\"Home\",\"item\":\"https:\/\/www.istegroup.com\/\"},{\"@type\":\"ListItem\",\"position\":2,\"name\":\"Shop\",\"item\":\"https:\/\/www.istegroup.com\/fr\/nouveautes\/\"},{\"@type\":\"ListItem\",\"position\":3,\"name\":\"Pal\u00e9obiologie des oiseaux g\u00e9ants terrestres\"}]},{\"@type\":\"WebSite\",\"@id\":\"https:\/\/www.istegroup.com\/#website\",\"url\":\"https:\/\/www.istegroup.com\/\",\"name\":\"ISTE Group\",\"description\":\"\u00c9diteur des Sciences\",\"potentialAction\":[{\"@type\":\"SearchAction\",\"target\":{\"@type\":\"EntryPoint\",\"urlTemplate\":\"https:\/\/www.istegroup.com\/?s={search_term_string}\"},\"query-input\":{\"@type\":\"PropertyValueSpecification\",\"valueRequired\":true,\"valueName\":\"search_term_string\"}}],\"inLanguage\":\"fr-FR\"}]}<\/script>\n<!-- \/ Yoast SEO plugin. -->","yoast_head_json":{"title":"Pal\u00e9obiologie des oiseaux g\u00e9ants terrestres - ISTE Group","description":"Cet ouvrage synth\u00e9tise l\u2019ensemble des connaissances actuelles sur la pal\u00e9obiologie de sept groupes de grands oiseaux terrestres fossiles, incluant\u00a0Gargantuavis, les Gastornithidae, les Phorusrhacidae, les Brontornithidae, les Dromornithidae, les Dinornithiformes et les Aepyornithiformes.","robots":{"index":"index","follow":"follow","max-snippet":"max-snippet:-1","max-image-preview":"max-image-preview:large","max-video-preview":"max-video-preview:-1"},"canonical":"https:\/\/www.istegroup.com\/en\/produit\/paleobiologie-des-oiseaux-geants-terrestres\/","og_locale":"fr_FR","og_type":"article","og_title":"Pal\u00e9obiologie des oiseaux g\u00e9ants terrestres - ISTE Group","og_description":"Cet ouvrage synth\u00e9tise l\u2019ensemble des connaissances actuelles sur la pal\u00e9obiologie de sept groupes de grands oiseaux terrestres fossiles, incluant\u00a0Gargantuavis, les Gastornithidae, les Phorusrhacidae, les Brontornithidae, les Dromornithidae, les Dinornithiformes et les Aepyornithiformes.","og_url":"https:\/\/www.istegroup.com\/en\/produit\/paleobiologie-des-oiseaux-geants-terrestres\/","og_site_name":"ISTE Group","article_modified_time":"2024-01-03T13:42:14+00:00","og_image":[{"width":1707,"height":2560,"url":"https:\/\/www.istegroup.com\/wp-content\/uploads\/2018\/05\/Angst_Front-scaled.jpg","type":"image\/jpeg"}],"twitter_card":"summary_large_image","twitter_misc":{"Est. reading time":"1 minute"},"schema":{"@context":"https:\/\/schema.org","@graph":[{"@type":"WebPage","@id":"https:\/\/www.istegroup.com\/en\/produit\/paleobiologie-des-oiseaux-geants-terrestres\/","url":"https:\/\/www.istegroup.com\/en\/produit\/paleobiologie-des-oiseaux-geants-terrestres\/","name":"Pal\u00e9obiologie des oiseaux g\u00e9ants terrestres - ISTE Group","isPartOf":{"@id":"https:\/\/www.istegroup.com\/#website"},"primaryImageOfPage":{"@id":"https:\/\/www.istegroup.com\/en\/produit\/paleobiologie-des-oiseaux-geants-terrestres\/#primaryimage"},"image":{"@id":"https:\/\/www.istegroup.com\/en\/produit\/paleobiologie-des-oiseaux-geants-terrestres\/#primaryimage"},"thumbnailUrl":"https:\/\/www.istegroup.com\/wp-content\/uploads\/2018\/05\/Angst_Front-scaled.jpg","datePublished":"2018-05-04T13:48:01+00:00","dateModified":"2024-01-03T13:42:14+00:00","description":"Cet ouvrage synth\u00e9tise l\u2019ensemble des connaissances actuelles sur la pal\u00e9obiologie de sept groupes de grands oiseaux terrestres fossiles, incluant\u00a0Gargantuavis, les Gastornithidae, les Phorusrhacidae, les Brontornithidae, les Dromornithidae, les Dinornithiformes et les Aepyornithiformes.","breadcrumb":{"@id":"https:\/\/www.istegroup.com\/en\/produit\/paleobiologie-des-oiseaux-geants-terrestres\/#breadcrumb"},"inLanguage":"fr-FR","potentialAction":[{"@type":"ReadAction","target":["https:\/\/www.istegroup.com\/en\/produit\/paleobiologie-des-oiseaux-geants-terrestres\/"]}]},{"@type":"ImageObject","inLanguage":"fr-FR","@id":"https:\/\/www.istegroup.com\/en\/produit\/paleobiologie-des-oiseaux-geants-terrestres\/#primaryimage","url":"https:\/\/www.istegroup.com\/wp-content\/uploads\/2018\/05\/Angst_Front-scaled.jpg","contentUrl":"https:\/\/www.istegroup.com\/wp-content\/uploads\/2018\/05\/Angst_Front-scaled.jpg","width":1707,"height":2560,"caption":"Pal\u00e9obiologie des oiseaux g\u00e9ants terrestres ISTE Group"},{"@type":"BreadcrumbList","@id":"https:\/\/www.istegroup.com\/en\/produit\/paleobiologie-des-oiseaux-geants-terrestres\/#breadcrumb","itemListElement":[{"@type":"ListItem","position":1,"name":"Home","item":"https:\/\/www.istegroup.com\/"},{"@type":"ListItem","position":2,"name":"Shop","item":"https:\/\/www.istegroup.com\/fr\/nouveautes\/"},{"@type":"ListItem","position":3,"name":"Pal\u00e9obiologie des oiseaux g\u00e9ants terrestres"}]},{"@type":"WebSite","@id":"https:\/\/www.istegroup.com\/#website","url":"https:\/\/www.istegroup.com\/","name":"ISTE Group","description":"\u00c9diteur des Sciences","potentialAction":[{"@type":"SearchAction","target":{"@type":"EntryPoint","urlTemplate":"https:\/\/www.istegroup.com\/?s={search_term_string}"},"query-input":{"@type":"PropertyValueSpecification","valueRequired":true,"valueName":"search_term_string"}}],"inLanguage":"fr-FR"}]}},"_links":{"self":[{"href":"https:\/\/www.istegroup.com\/fr\/wp-json\/wp\/v2\/product\/12193","targetHints":{"allow":["GET"]}}],"collection":[{"href":"https:\/\/www.istegroup.com\/fr\/wp-json\/wp\/v2\/product"}],"about":[{"href":"https:\/\/www.istegroup.com\/fr\/wp-json\/wp\/v2\/types\/product"}],"wp:featuredmedia":[{"embeddable":true,"href":"https:\/\/www.istegroup.com\/fr\/wp-json\/wp\/v2\/media\/12199"}],"wp:attachment":[{"href":"https:\/\/www.istegroup.com\/fr\/wp-json\/wp\/v2\/media?parent=12193"}],"wp:term":[{"taxonomy":"product_brand","embeddable":true,"href":"https:\/\/www.istegroup.com\/fr\/wp-json\/wp\/v2\/product_brand?post=12193"},{"taxonomy":"product_cat","embeddable":true,"href":"https:\/\/www.istegroup.com\/fr\/wp-json\/wp\/v2\/product_cat?post=12193"},{"taxonomy":"product_tag","embeddable":true,"href":"https:\/\/www.istegroup.com\/fr\/wp-json\/wp\/v2\/product_tag?post=12193"}],"curies":[{"name":"wp","href":"https:\/\/api.w.org\/{rel}","templated":true}]}}