{"id":12183,"date":"2018-05-03T18:06:00","date_gmt":"2018-05-03T16:06:00","guid":{"rendered":"https:\/\/iste.yhello.co\/?post_type=product&#038;p=12183"},"modified":"2025-10-06T12:34:41","modified_gmt":"2025-10-06T11:34:41","slug":"emission-acoustique-et-durabilite-des-composites","status":"publish","type":"product","link":"https:\/\/www.istegroup.com\/fr\/produit\/emission-acoustique-et-durabilite-des-composites\/","title":{"rendered":"\u00c9mission acoustique et durabilit\u00e9 des composites"},"content":{"rendered":"<p>L\u2019un des enjeux en contr\u00f4le de sant\u00e9 des structures est la d\u00e9tection pr\u00e9coce de l\u2019endommagement avant que ce dernier ne conduise \u00e0 la ruine. Dans ce contexte, l\u2019\u00e9mission acoustique est une technique bien adapt\u00e9e afin de suivre, en temps r\u00e9el, l\u2019\u00e9tat de sant\u00e9 d\u2019une structure ou des mat\u00e9riaux qui la constituent. En effet, les m\u00e9canismes d\u2019endommagement s\u2019accompagnent de lib\u00e9ration d\u2019\u00e9nergie sous forme d\u2019ondes acoustiques. Des capteurs dispos\u00e9s \u00e0 la surface de structures ou d\u2019\u00e9prouvettes de laboratoire permettent d\u2019enregistrer les signaux d\u2019EA.<\/p>\n<p>Cet ouvrage est d\u00e9di\u00e9 \u00e0 l\u2019identification de la signature acoustique des diff\u00e9rents m\u00e9canismes d\u2019endommagement se produisant dans les mat\u00e9riaux composites \u00e0 matrice organique, mais aussi dans les mat\u00e9riaux composites \u00e0 matrice c\u00e9ramique. Les apports de cette approche sont pr\u00e9sent\u00e9s, ainsi que les principales difficult\u00e9s et les limites. Aussi, la pr\u00e9vision de la dur\u00e9e de vie \u00e0 l\u2019aide de l\u2019EA pour des essais de longues dur\u00e9es est discut\u00e9e.<\/p>\n","protected":false},"excerpt":{"rendered":"<p>Version papier \u00e9puis\u00e9e<\/p>\n","protected":false},"featured_media":12192,"template":"","meta":{"_acf_changed":false,"_links_to":"","_links_to_target":""},"product_brand":[],"product_cat":[3262],"product_tag":[],"class_list":{"0":"post-12183","1":"product","2":"type-product","3":"status-publish","4":"has-post-thumbnail","6":"product_cat-non-classe","8":"first","9":"instock","10":"shipping-taxable","11":"purchasable","12":"product-type-variable"},"acf":[],"yoast_head":"<!-- This site is optimized with the Yoast SEO plugin v27.2 - https:\/\/yoast.com\/product\/yoast-seo-wordpress\/ -->\n<title>\u00c9mission acoustique et durabilit\u00e9 des composites - ISTE Group<\/title>\n<meta name=\"description\" content=\"Cet ouvrage est d\u00e9di\u00e9 \u00e0 l\u2019identification de la signature acoustique des diff\u00e9rents m\u00e9canismes d\u2019endommagement se produisant dans les mat\u00e9riaux composites \u00e0 matrice organique, mais aussi dans les mat\u00e9riaux composites \u00e0 matrice c\u00e9ramique.\" \/>\n<meta name=\"robots\" content=\"index, follow, max-snippet:-1, max-image-preview:large, max-video-preview:-1\" \/>\n<link rel=\"canonical\" href=\"https:\/\/www.istegroup.com\/produit\/emission-acoustique-et-durabilite-des-composites\/\" \/>\n<meta property=\"og:locale\" content=\"fr_FR\" \/>\n<meta property=\"og:type\" content=\"article\" \/>\n<meta property=\"og:title\" content=\"\u00c9mission acoustique et durabilit\u00e9 des composites - ISTE Group\" \/>\n<meta property=\"og:description\" content=\"Cet ouvrage est d\u00e9di\u00e9 \u00e0 l\u2019identification de la signature acoustique des diff\u00e9rents m\u00e9canismes d\u2019endommagement se produisant dans les mat\u00e9riaux composites \u00e0 matrice organique, mais aussi dans les mat\u00e9riaux composites \u00e0 matrice c\u00e9ramique.\" \/>\n<meta property=\"og:url\" content=\"https:\/\/www.istegroup.com\/produit\/emission-acoustique-et-durabilite-des-composites\/\" \/>\n<meta property=\"og:site_name\" content=\"ISTE Group\" \/>\n<meta property=\"article:modified_time\" content=\"2025-10-06T11:34:41+00:00\" \/>\n<meta property=\"og:image\" content=\"https:\/\/www.istegroup.com\/wp-content\/uploads\/2018\/05\/Godin-Front-scaled.jpg\" \/>\n\t<meta property=\"og:image:width\" content=\"1713\" \/>\n\t<meta property=\"og:image:height\" content=\"2560\" \/>\n\t<meta property=\"og:image:type\" content=\"image\/jpeg\" \/>\n<meta name=\"twitter:card\" content=\"summary_large_image\" \/>\n<meta name=\"twitter:label1\" content=\"Est. reading time\" \/>\n\t<meta name=\"twitter:data1\" content=\"1 minute\" \/>\n<script type=\"application\/ld+json\" class=\"yoast-schema-graph\">{\"@context\":\"https:\/\/schema.org\",\"@graph\":[{\"@type\":\"WebPage\",\"@id\":\"https:\/\/www.istegroup.com\/produit\/emission-acoustique-et-durabilite-des-composites\/\",\"url\":\"https:\/\/www.istegroup.com\/produit\/emission-acoustique-et-durabilite-des-composites\/\",\"name\":\"\u00c9mission acoustique et durabilit\u00e9 des composites - ISTE Group\",\"isPartOf\":{\"@id\":\"https:\/\/www.istegroup.com\/#website\"},\"primaryImageOfPage\":{\"@id\":\"https:\/\/www.istegroup.com\/produit\/emission-acoustique-et-durabilite-des-composites\/#primaryimage\"},\"image\":{\"@id\":\"https:\/\/www.istegroup.com\/produit\/emission-acoustique-et-durabilite-des-composites\/#primaryimage\"},\"thumbnailUrl\":\"https:\/\/www.istegroup.com\/wp-content\/uploads\/2018\/05\/Godin-Front-scaled.jpg\",\"datePublished\":\"2018-05-03T16:06:00+00:00\",\"dateModified\":\"2025-10-06T11:34:41+00:00\",\"description\":\"Cet ouvrage est d\u00e9di\u00e9 \u00e0 l\u2019identification de la signature acoustique des diff\u00e9rents m\u00e9canismes d\u2019endommagement se produisant dans les mat\u00e9riaux composites \u00e0 matrice organique, mais aussi dans les mat\u00e9riaux composites \u00e0 matrice c\u00e9ramique.\",\"breadcrumb\":{\"@id\":\"https:\/\/www.istegroup.com\/produit\/emission-acoustique-et-durabilite-des-composites\/#breadcrumb\"},\"inLanguage\":\"fr-FR\",\"potentialAction\":[{\"@type\":\"ReadAction\",\"target\":[\"https:\/\/www.istegroup.com\/produit\/emission-acoustique-et-durabilite-des-composites\/\"]}]},{\"@type\":\"ImageObject\",\"inLanguage\":\"fr-FR\",\"@id\":\"https:\/\/www.istegroup.com\/produit\/emission-acoustique-et-durabilite-des-composites\/#primaryimage\",\"url\":\"https:\/\/www.istegroup.com\/wp-content\/uploads\/2018\/05\/Godin-Front-scaled.jpg\",\"contentUrl\":\"https:\/\/www.istegroup.com\/wp-content\/uploads\/2018\/05\/Godin-Front-scaled.jpg\",\"width\":1713,\"height\":2560,\"caption\":\"\u00c9mission acoustique et durabilit\u00e9 des composites ISTE Group\"},{\"@type\":\"BreadcrumbList\",\"@id\":\"https:\/\/www.istegroup.com\/produit\/emission-acoustique-et-durabilite-des-composites\/#breadcrumb\",\"itemListElement\":[{\"@type\":\"ListItem\",\"position\":1,\"name\":\"Home\",\"item\":\"https:\/\/www.istegroup.com\/\"},{\"@type\":\"ListItem\",\"position\":2,\"name\":\"Shop\",\"item\":\"https:\/\/www.istegroup.com\/fr\/nouveautes\/\"},{\"@type\":\"ListItem\",\"position\":3,\"name\":\"\u00c9mission acoustique et durabilit\u00e9 des composites\"}]},{\"@type\":\"WebSite\",\"@id\":\"https:\/\/www.istegroup.com\/#website\",\"url\":\"https:\/\/www.istegroup.com\/\",\"name\":\"ISTE Group\",\"description\":\"\u00c9diteur des Sciences\",\"potentialAction\":[{\"@type\":\"SearchAction\",\"target\":{\"@type\":\"EntryPoint\",\"urlTemplate\":\"https:\/\/www.istegroup.com\/?s={search_term_string}\"},\"query-input\":{\"@type\":\"PropertyValueSpecification\",\"valueRequired\":true,\"valueName\":\"search_term_string\"}}],\"inLanguage\":\"fr-FR\"}]}<\/script>\n<!-- \/ Yoast SEO plugin. -->","yoast_head_json":{"title":"\u00c9mission acoustique et durabilit\u00e9 des composites - ISTE Group","description":"Cet ouvrage est d\u00e9di\u00e9 \u00e0 l\u2019identification de la signature acoustique des diff\u00e9rents m\u00e9canismes d\u2019endommagement se produisant dans les mat\u00e9riaux composites \u00e0 matrice organique, mais aussi dans les mat\u00e9riaux composites \u00e0 matrice c\u00e9ramique.","robots":{"index":"index","follow":"follow","max-snippet":"max-snippet:-1","max-image-preview":"max-image-preview:large","max-video-preview":"max-video-preview:-1"},"canonical":"https:\/\/www.istegroup.com\/produit\/emission-acoustique-et-durabilite-des-composites\/","og_locale":"fr_FR","og_type":"article","og_title":"\u00c9mission acoustique et durabilit\u00e9 des composites - ISTE Group","og_description":"Cet ouvrage est d\u00e9di\u00e9 \u00e0 l\u2019identification de la signature acoustique des diff\u00e9rents m\u00e9canismes d\u2019endommagement se produisant dans les mat\u00e9riaux composites \u00e0 matrice organique, mais aussi dans les mat\u00e9riaux composites \u00e0 matrice c\u00e9ramique.","og_url":"https:\/\/www.istegroup.com\/produit\/emission-acoustique-et-durabilite-des-composites\/","og_site_name":"ISTE Group","article_modified_time":"2025-10-06T11:34:41+00:00","og_image":[{"width":1713,"height":2560,"url":"https:\/\/www.istegroup.com\/wp-content\/uploads\/2018\/05\/Godin-Front-scaled.jpg","type":"image\/jpeg"}],"twitter_card":"summary_large_image","twitter_misc":{"Est. reading time":"1 minute"},"schema":{"@context":"https:\/\/schema.org","@graph":[{"@type":"WebPage","@id":"https:\/\/www.istegroup.com\/produit\/emission-acoustique-et-durabilite-des-composites\/","url":"https:\/\/www.istegroup.com\/produit\/emission-acoustique-et-durabilite-des-composites\/","name":"\u00c9mission acoustique et durabilit\u00e9 des composites - ISTE Group","isPartOf":{"@id":"https:\/\/www.istegroup.com\/#website"},"primaryImageOfPage":{"@id":"https:\/\/www.istegroup.com\/produit\/emission-acoustique-et-durabilite-des-composites\/#primaryimage"},"image":{"@id":"https:\/\/www.istegroup.com\/produit\/emission-acoustique-et-durabilite-des-composites\/#primaryimage"},"thumbnailUrl":"https:\/\/www.istegroup.com\/wp-content\/uploads\/2018\/05\/Godin-Front-scaled.jpg","datePublished":"2018-05-03T16:06:00+00:00","dateModified":"2025-10-06T11:34:41+00:00","description":"Cet ouvrage est d\u00e9di\u00e9 \u00e0 l\u2019identification de la signature acoustique des diff\u00e9rents m\u00e9canismes d\u2019endommagement se produisant dans les mat\u00e9riaux composites \u00e0 matrice organique, mais aussi dans les mat\u00e9riaux composites \u00e0 matrice c\u00e9ramique.","breadcrumb":{"@id":"https:\/\/www.istegroup.com\/produit\/emission-acoustique-et-durabilite-des-composites\/#breadcrumb"},"inLanguage":"fr-FR","potentialAction":[{"@type":"ReadAction","target":["https:\/\/www.istegroup.com\/produit\/emission-acoustique-et-durabilite-des-composites\/"]}]},{"@type":"ImageObject","inLanguage":"fr-FR","@id":"https:\/\/www.istegroup.com\/produit\/emission-acoustique-et-durabilite-des-composites\/#primaryimage","url":"https:\/\/www.istegroup.com\/wp-content\/uploads\/2018\/05\/Godin-Front-scaled.jpg","contentUrl":"https:\/\/www.istegroup.com\/wp-content\/uploads\/2018\/05\/Godin-Front-scaled.jpg","width":1713,"height":2560,"caption":"\u00c9mission acoustique et durabilit\u00e9 des composites ISTE Group"},{"@type":"BreadcrumbList","@id":"https:\/\/www.istegroup.com\/produit\/emission-acoustique-et-durabilite-des-composites\/#breadcrumb","itemListElement":[{"@type":"ListItem","position":1,"name":"Home","item":"https:\/\/www.istegroup.com\/"},{"@type":"ListItem","position":2,"name":"Shop","item":"https:\/\/www.istegroup.com\/fr\/nouveautes\/"},{"@type":"ListItem","position":3,"name":"\u00c9mission acoustique et durabilit\u00e9 des composites"}]},{"@type":"WebSite","@id":"https:\/\/www.istegroup.com\/#website","url":"https:\/\/www.istegroup.com\/","name":"ISTE Group","description":"\u00c9diteur des Sciences","potentialAction":[{"@type":"SearchAction","target":{"@type":"EntryPoint","urlTemplate":"https:\/\/www.istegroup.com\/?s={search_term_string}"},"query-input":{"@type":"PropertyValueSpecification","valueRequired":true,"valueName":"search_term_string"}}],"inLanguage":"fr-FR"}]}},"_links":{"self":[{"href":"https:\/\/www.istegroup.com\/fr\/wp-json\/wp\/v2\/product\/12183","targetHints":{"allow":["GET"]}}],"collection":[{"href":"https:\/\/www.istegroup.com\/fr\/wp-json\/wp\/v2\/product"}],"about":[{"href":"https:\/\/www.istegroup.com\/fr\/wp-json\/wp\/v2\/types\/product"}],"wp:featuredmedia":[{"embeddable":true,"href":"https:\/\/www.istegroup.com\/fr\/wp-json\/wp\/v2\/media\/12192"}],"wp:attachment":[{"href":"https:\/\/www.istegroup.com\/fr\/wp-json\/wp\/v2\/media?parent=12183"}],"wp:term":[{"taxonomy":"product_brand","embeddable":true,"href":"https:\/\/www.istegroup.com\/fr\/wp-json\/wp\/v2\/product_brand?post=12183"},{"taxonomy":"product_cat","embeddable":true,"href":"https:\/\/www.istegroup.com\/fr\/wp-json\/wp\/v2\/product_cat?post=12183"},{"taxonomy":"product_tag","embeddable":true,"href":"https:\/\/www.istegroup.com\/fr\/wp-json\/wp\/v2\/product_tag?post=12183"}],"curies":[{"name":"wp","href":"https:\/\/api.w.org\/{rel}","templated":true}]}}