{"id":12169,"date":"2018-04-03T17:41:07","date_gmt":"2018-04-03T15:41:07","guid":{"rendered":"https:\/\/iste.yhello.co\/?post_type=product&#038;p=12169"},"modified":"2024-01-03T13:42:14","modified_gmt":"2024-01-03T13:42:14","slug":"intelligence-artificielle-et-big-data","status":"publish","type":"product","link":"https:\/\/www.istegroup.com\/fr\/produit\/intelligence-artificielle-et-big-data\/","title":{"rendered":"Intelligence artificielle et Big Data"},"content":{"rendered":"<p>La s\u00e9rie\u00a0<a href=\"https:\/\/www.istegroup.com\/fr\/series\/systemes-dinformation-avances\/\"><em>Syst\u00e8mes d\u2019information avanc\u00e9s<\/em><\/a>\u00a0approfondit les nouvelles formes du SI qui est devenu, avec le num\u00e9rique, le v\u00e9ritable syst\u00e8me nerveux de toute organisation.<\/p>\n<p>Les Big Data s\u2019affirment tous les jours un peu plus comme le nouvel \u00ab or noir \u00bb. Les grands acteurs du num\u00e9rique tels que Google, Amazon, Facebook et Apple, mais aussi les grandes entreprises, en ont fait un axe de d\u00e9veloppement important.<\/p>\n<p>Leur exploitation reste encore une affaire d\u2019experts, mais l\u2019\u00e8re des algorithmes arrive \u00e0 grands pas, plus pr\u00e9cis\u00e9ment celle de l\u2019intelligence artificielle, qui est sans doute la r\u00e9ponse la plus prometteuse \u00e0 l\u2019exploitation massive, autoapprenante et autonome de ces Big Data.<\/p>\n<p>Cet ouvrage propose de parcourir la face cach\u00e9e de cette nouvelle \u00e8re et permet de comprendre comment, au travers d\u2019exemples concrets, cette intelligence diff\u00e9rente de la n\u00f4tre va sans doute changer notre perception du monde, nos relations\u2026 Reste \u00e0 savoir jusqu\u2019\u00e0 quel point nous lui d\u00e9l\u00e9guerons nos d\u00e9cisions.<\/p>\n","protected":false},"excerpt":{"rendered":"<p>La s\u00e9rie\u00a0Syst\u00e8mes d\u2019information avanc\u00e9s\u00a0approfondit les nouvelles formes du SI qui est devenu, avec le num\u00e9rique, le v\u00e9ritable syst\u00e8me nerveux de toute organisation. Les Big Data s\u2019affirment tous les jours un peu plus comme le nouvel \u00ab or noir \u00bb. Les grands acteurs du num\u00e9rique tels que Google, Amazon, Facebook et Apple, mais aussi les grandes [&hellip;]<\/p>\n","protected":false},"featured_media":12172,"template":"","meta":{"_acf_changed":false,"_links_to":"","_links_to_target":""},"product_brand":[],"product_cat":[3262],"product_tag":[],"class_list":{"0":"post-12169","1":"product","2":"type-product","3":"status-publish","4":"has-post-thumbnail","6":"product_cat-non-classe","8":"first","9":"instock","10":"shipping-taxable","11":"purchasable","12":"product-type-variable"},"acf":[],"yoast_head":"<!-- This site is optimized with the Yoast SEO plugin v27.2 - https:\/\/yoast.com\/product\/yoast-seo-wordpress\/ -->\n<title>Intelligence artificielle et Big Data - ISTE Group<\/title>\n<meta name=\"description\" content=\"Les Big Data s\u2019affirment tous les jours un peu plus comme le nouvel \u00ab or noir \u00bb. Les grands acteurs du num\u00e9rique tels que Google, Amazon, Facebook et Apple, mais aussi les grandes entreprises, en ont fait un axe de d\u00e9veloppement important.\" \/>\n<meta name=\"robots\" content=\"index, follow, max-snippet:-1, max-image-preview:large, max-video-preview:-1\" \/>\n<link rel=\"canonical\" href=\"https:\/\/www.istegroup.com\/fr\/produit\/intelligence-artificielle-et-big-data\/\" \/>\n<meta property=\"og:locale\" content=\"fr_FR\" \/>\n<meta property=\"og:type\" content=\"article\" \/>\n<meta property=\"og:title\" content=\"Intelligence artificielle et Big Data - ISTE Group\" \/>\n<meta property=\"og:description\" content=\"Les Big Data s\u2019affirment tous les jours un peu plus comme le nouvel \u00ab or noir \u00bb. Les grands acteurs du num\u00e9rique tels que Google, Amazon, Facebook et Apple, mais aussi les grandes entreprises, en ont fait un axe de d\u00e9veloppement important.\" \/>\n<meta property=\"og:url\" content=\"https:\/\/www.istegroup.com\/fr\/produit\/intelligence-artificielle-et-big-data\/\" \/>\n<meta property=\"og:site_name\" content=\"ISTE Group\" \/>\n<meta property=\"article:modified_time\" content=\"2024-01-03T13:42:14+00:00\" \/>\n<meta property=\"og:image\" content=\"https:\/\/www.istegroup.com\/wp-content\/uploads\/2018\/05\/Iafrate-Front-scaled.jpg\" \/>\n\t<meta property=\"og:image:width\" content=\"1706\" \/>\n\t<meta property=\"og:image:height\" content=\"2560\" \/>\n\t<meta property=\"og:image:type\" content=\"image\/jpeg\" \/>\n<meta name=\"twitter:card\" content=\"summary_large_image\" \/>\n<meta name=\"twitter:label1\" content=\"Est. reading time\" \/>\n\t<meta name=\"twitter:data1\" content=\"1 minute\" \/>\n<script type=\"application\/ld+json\" class=\"yoast-schema-graph\">{\"@context\":\"https:\/\/schema.org\",\"@graph\":[{\"@type\":\"WebPage\",\"@id\":\"https:\/\/www.istegroup.com\/fr\/produit\/intelligence-artificielle-et-big-data\/\",\"url\":\"https:\/\/www.istegroup.com\/fr\/produit\/intelligence-artificielle-et-big-data\/\",\"name\":\"Intelligence artificielle et Big Data - ISTE Group\",\"isPartOf\":{\"@id\":\"https:\/\/www.istegroup.com\/#website\"},\"primaryImageOfPage\":{\"@id\":\"https:\/\/www.istegroup.com\/fr\/produit\/intelligence-artificielle-et-big-data\/#primaryimage\"},\"image\":{\"@id\":\"https:\/\/www.istegroup.com\/fr\/produit\/intelligence-artificielle-et-big-data\/#primaryimage\"},\"thumbnailUrl\":\"https:\/\/www.istegroup.com\/wp-content\/uploads\/2018\/05\/Iafrate-Front-scaled.jpg\",\"datePublished\":\"2018-04-03T15:41:07+00:00\",\"dateModified\":\"2024-01-03T13:42:14+00:00\",\"description\":\"Les Big Data s\u2019affirment tous les jours un peu plus comme le nouvel \u00ab or noir \u00bb. Les grands acteurs du num\u00e9rique tels que Google, Amazon, Facebook et Apple, mais aussi les grandes entreprises, en ont fait un axe de d\u00e9veloppement important.\",\"breadcrumb\":{\"@id\":\"https:\/\/www.istegroup.com\/fr\/produit\/intelligence-artificielle-et-big-data\/#breadcrumb\"},\"inLanguage\":\"fr-FR\",\"potentialAction\":[{\"@type\":\"ReadAction\",\"target\":[\"https:\/\/www.istegroup.com\/fr\/produit\/intelligence-artificielle-et-big-data\/\"]}]},{\"@type\":\"ImageObject\",\"inLanguage\":\"fr-FR\",\"@id\":\"https:\/\/www.istegroup.com\/fr\/produit\/intelligence-artificielle-et-big-data\/#primaryimage\",\"url\":\"https:\/\/www.istegroup.com\/wp-content\/uploads\/2018\/05\/Iafrate-Front-scaled.jpg\",\"contentUrl\":\"https:\/\/www.istegroup.com\/wp-content\/uploads\/2018\/05\/Iafrate-Front-scaled.jpg\",\"width\":1706,\"height\":2560,\"caption\":\"Naissance d\u2019une nouvelle intelligence\"},{\"@type\":\"BreadcrumbList\",\"@id\":\"https:\/\/www.istegroup.com\/fr\/produit\/intelligence-artificielle-et-big-data\/#breadcrumb\",\"itemListElement\":[{\"@type\":\"ListItem\",\"position\":1,\"name\":\"Home\",\"item\":\"https:\/\/www.istegroup.com\/\"},{\"@type\":\"ListItem\",\"position\":2,\"name\":\"Shop\",\"item\":\"https:\/\/www.istegroup.com\/fr\/nouveautes\/\"},{\"@type\":\"ListItem\",\"position\":3,\"name\":\"Intelligence artificielle et Big Data\"}]},{\"@type\":\"WebSite\",\"@id\":\"https:\/\/www.istegroup.com\/#website\",\"url\":\"https:\/\/www.istegroup.com\/\",\"name\":\"ISTE Group\",\"description\":\"\u00c9diteur des Sciences\",\"potentialAction\":[{\"@type\":\"SearchAction\",\"target\":{\"@type\":\"EntryPoint\",\"urlTemplate\":\"https:\/\/www.istegroup.com\/?s={search_term_string}\"},\"query-input\":{\"@type\":\"PropertyValueSpecification\",\"valueRequired\":true,\"valueName\":\"search_term_string\"}}],\"inLanguage\":\"fr-FR\"}]}<\/script>\n<!-- \/ Yoast SEO plugin. -->","yoast_head_json":{"title":"Intelligence artificielle et Big Data - ISTE Group","description":"Les Big Data s\u2019affirment tous les jours un peu plus comme le nouvel \u00ab or noir \u00bb. Les grands acteurs du num\u00e9rique tels que Google, Amazon, Facebook et Apple, mais aussi les grandes entreprises, en ont fait un axe de d\u00e9veloppement important.","robots":{"index":"index","follow":"follow","max-snippet":"max-snippet:-1","max-image-preview":"max-image-preview:large","max-video-preview":"max-video-preview:-1"},"canonical":"https:\/\/www.istegroup.com\/fr\/produit\/intelligence-artificielle-et-big-data\/","og_locale":"fr_FR","og_type":"article","og_title":"Intelligence artificielle et Big Data - ISTE Group","og_description":"Les Big Data s\u2019affirment tous les jours un peu plus comme le nouvel \u00ab or noir \u00bb. Les grands acteurs du num\u00e9rique tels que Google, Amazon, Facebook et Apple, mais aussi les grandes entreprises, en ont fait un axe de d\u00e9veloppement important.","og_url":"https:\/\/www.istegroup.com\/fr\/produit\/intelligence-artificielle-et-big-data\/","og_site_name":"ISTE Group","article_modified_time":"2024-01-03T13:42:14+00:00","og_image":[{"width":1706,"height":2560,"url":"https:\/\/www.istegroup.com\/wp-content\/uploads\/2018\/05\/Iafrate-Front-scaled.jpg","type":"image\/jpeg"}],"twitter_card":"summary_large_image","twitter_misc":{"Est. reading time":"1 minute"},"schema":{"@context":"https:\/\/schema.org","@graph":[{"@type":"WebPage","@id":"https:\/\/www.istegroup.com\/fr\/produit\/intelligence-artificielle-et-big-data\/","url":"https:\/\/www.istegroup.com\/fr\/produit\/intelligence-artificielle-et-big-data\/","name":"Intelligence artificielle et Big Data - ISTE Group","isPartOf":{"@id":"https:\/\/www.istegroup.com\/#website"},"primaryImageOfPage":{"@id":"https:\/\/www.istegroup.com\/fr\/produit\/intelligence-artificielle-et-big-data\/#primaryimage"},"image":{"@id":"https:\/\/www.istegroup.com\/fr\/produit\/intelligence-artificielle-et-big-data\/#primaryimage"},"thumbnailUrl":"https:\/\/www.istegroup.com\/wp-content\/uploads\/2018\/05\/Iafrate-Front-scaled.jpg","datePublished":"2018-04-03T15:41:07+00:00","dateModified":"2024-01-03T13:42:14+00:00","description":"Les Big Data s\u2019affirment tous les jours un peu plus comme le nouvel \u00ab or noir \u00bb. Les grands acteurs du num\u00e9rique tels que Google, Amazon, Facebook et Apple, mais aussi les grandes entreprises, en ont fait un axe de d\u00e9veloppement important.","breadcrumb":{"@id":"https:\/\/www.istegroup.com\/fr\/produit\/intelligence-artificielle-et-big-data\/#breadcrumb"},"inLanguage":"fr-FR","potentialAction":[{"@type":"ReadAction","target":["https:\/\/www.istegroup.com\/fr\/produit\/intelligence-artificielle-et-big-data\/"]}]},{"@type":"ImageObject","inLanguage":"fr-FR","@id":"https:\/\/www.istegroup.com\/fr\/produit\/intelligence-artificielle-et-big-data\/#primaryimage","url":"https:\/\/www.istegroup.com\/wp-content\/uploads\/2018\/05\/Iafrate-Front-scaled.jpg","contentUrl":"https:\/\/www.istegroup.com\/wp-content\/uploads\/2018\/05\/Iafrate-Front-scaled.jpg","width":1706,"height":2560,"caption":"Naissance d\u2019une nouvelle intelligence"},{"@type":"BreadcrumbList","@id":"https:\/\/www.istegroup.com\/fr\/produit\/intelligence-artificielle-et-big-data\/#breadcrumb","itemListElement":[{"@type":"ListItem","position":1,"name":"Home","item":"https:\/\/www.istegroup.com\/"},{"@type":"ListItem","position":2,"name":"Shop","item":"https:\/\/www.istegroup.com\/fr\/nouveautes\/"},{"@type":"ListItem","position":3,"name":"Intelligence artificielle et Big Data"}]},{"@type":"WebSite","@id":"https:\/\/www.istegroup.com\/#website","url":"https:\/\/www.istegroup.com\/","name":"ISTE Group","description":"\u00c9diteur des Sciences","potentialAction":[{"@type":"SearchAction","target":{"@type":"EntryPoint","urlTemplate":"https:\/\/www.istegroup.com\/?s={search_term_string}"},"query-input":{"@type":"PropertyValueSpecification","valueRequired":true,"valueName":"search_term_string"}}],"inLanguage":"fr-FR"}]}},"_links":{"self":[{"href":"https:\/\/www.istegroup.com\/fr\/wp-json\/wp\/v2\/product\/12169","targetHints":{"allow":["GET"]}}],"collection":[{"href":"https:\/\/www.istegroup.com\/fr\/wp-json\/wp\/v2\/product"}],"about":[{"href":"https:\/\/www.istegroup.com\/fr\/wp-json\/wp\/v2\/types\/product"}],"wp:featuredmedia":[{"embeddable":true,"href":"https:\/\/www.istegroup.com\/fr\/wp-json\/wp\/v2\/media\/12172"}],"wp:attachment":[{"href":"https:\/\/www.istegroup.com\/fr\/wp-json\/wp\/v2\/media?parent=12169"}],"wp:term":[{"taxonomy":"product_brand","embeddable":true,"href":"https:\/\/www.istegroup.com\/fr\/wp-json\/wp\/v2\/product_brand?post=12169"},{"taxonomy":"product_cat","embeddable":true,"href":"https:\/\/www.istegroup.com\/fr\/wp-json\/wp\/v2\/product_cat?post=12169"},{"taxonomy":"product_tag","embeddable":true,"href":"https:\/\/www.istegroup.com\/fr\/wp-json\/wp\/v2\/product_tag?post=12169"}],"curies":[{"name":"wp","href":"https:\/\/api.w.org\/{rel}","templated":true}]}}