{"id":12165,"date":"2018-05-03T17:37:06","date_gmt":"2018-05-03T15:37:06","guid":{"rendered":"https:\/\/iste.yhello.co\/?post_type=product&#038;p=12165"},"modified":"2024-01-03T13:42:14","modified_gmt":"2024-01-03T13:42:14","slug":"le-code-ethique-algorithmique","status":"publish","type":"product","link":"https:\/\/www.istegroup.com\/fr\/produit\/le-code-ethique-algorithmique\/","title":{"rendered":"Le code \u00e9thique algorithmique"},"content":{"rendered":"<p>Le progr\u00e8s technique laisse appara\u00eetre la possibilit\u00e9 d\u2019un nouveau monde et d\u2019une quatri\u00e8me r\u00e9volution industrielle centr\u00e9e autour des donn\u00e9es num\u00e9riques et de l&rsquo;intelligence artificielle. D\u00e8s lors, l\u2019av\u00e8nement du num\u00e9rique et son omnipr\u00e9sence dans notre soci\u00e9t\u00e9 cr\u00e9ent un besoin grandissant de poser des rep\u00e8res \u00e9thiques face \u00e0 cette nouvelle religion des donn\u00e9es.<\/p>\n<p>Dans ce contexte,\u00a0<em>Le code \u00e9thique algorithmique<\/em>\u00a0s\u2019interroge sur la capacit\u00e9 des nouvelles technologies de l\u2019information et de la communication \u00e0 cr\u00e9er des probl\u00e9matiques \u00e9thiques novatrices ou encore \u00e0 renforcer certains dilemmes moraux classiques, et pose la question des limites, des enjeux et des risques relatifs \u00e0 cette r\u00e9volution num\u00e9rique.<\/p>\n<p>Cet ouvrage analyse en quoi l\u2019instauration de ce nouveau cadre de pens\u00e9e n\u00e9odarwinien doit abandonner une approche normative et contraignante pour aborder une vision \u00e9volutive plus \u00e9thique, adapt\u00e9e et flexible allant dans le sens du progr\u00e8s et de l\u2019innovation. Le respect et la dignit\u00e9 de l\u2019homme passent in\u00e9luctablement par cette nouvelle \u00e9thique du num\u00e9rique.<\/p>\n","protected":false},"excerpt":{"rendered":"<p>Le progr\u00e8s technique laisse appara\u00eetre la possibilit\u00e9 d\u2019un nouveau monde et d\u2019une quatri\u00e8me r\u00e9volution industrielle centr\u00e9e autour des donn\u00e9es num\u00e9riques et de l&rsquo;intelligence artificielle. D\u00e8s lors, l\u2019av\u00e8nement du num\u00e9rique et son omnipr\u00e9sence dans notre soci\u00e9t\u00e9 cr\u00e9ent un besoin grandissant de poser des rep\u00e8res \u00e9thiques face \u00e0 cette nouvelle religion des donn\u00e9es. Dans ce contexte,\u00a0Le code [&hellip;]<\/p>\n","protected":false},"featured_media":12168,"template":"","meta":{"_acf_changed":false,"_links_to":"","_links_to_target":""},"product_brand":[],"product_cat":[3262],"product_tag":[],"class_list":{"0":"post-12165","1":"product","2":"type-product","3":"status-publish","4":"has-post-thumbnail","6":"product_cat-non-classe","8":"first","9":"instock","10":"shipping-taxable","11":"purchasable","12":"product-type-variable"},"acf":[],"yoast_head":"<!-- This site is optimized with the Yoast SEO plugin v27.2 - https:\/\/yoast.com\/product\/yoast-seo-wordpress\/ -->\n<title>Le code \u00e9thique algorithmique - ISTE Group<\/title>\n<meta name=\"description\" content=\"Le code \u00e9thique algorithmique\u00a0s\u2019interroge sur la capacit\u00e9 des nouvelles technologies de l\u2019information et de la communication \u00e0 cr\u00e9er des probl\u00e9matiques \u00e9thiques novatrices ou encore \u00e0 renforcer certains dilemmes moraux classiques, et pose la question des limites, des enjeux et des risques relatifs \u00e0 cette r\u00e9volution num\u00e9rique.\" \/>\n<meta name=\"robots\" content=\"index, follow, max-snippet:-1, max-image-preview:large, max-video-preview:-1\" \/>\n<link rel=\"canonical\" href=\"https:\/\/www.istegroup.com\/en\/produit\/le-code-ethique-algorithmique\/\" \/>\n<meta property=\"og:locale\" content=\"fr_FR\" \/>\n<meta property=\"og:type\" content=\"article\" \/>\n<meta property=\"og:title\" content=\"Le code \u00e9thique algorithmique - ISTE Group\" \/>\n<meta property=\"og:description\" content=\"Le code \u00e9thique algorithmique\u00a0s\u2019interroge sur la capacit\u00e9 des nouvelles technologies de l\u2019information et de la communication \u00e0 cr\u00e9er des probl\u00e9matiques \u00e9thiques novatrices ou encore \u00e0 renforcer certains dilemmes moraux classiques, et pose la question des limites, des enjeux et des risques relatifs \u00e0 cette r\u00e9volution num\u00e9rique.\" \/>\n<meta property=\"og:url\" content=\"https:\/\/www.istegroup.com\/en\/produit\/le-code-ethique-algorithmique\/\" \/>\n<meta property=\"og:site_name\" content=\"ISTE Group\" \/>\n<meta property=\"article:modified_time\" content=\"2024-01-03T13:42:14+00:00\" \/>\n<meta property=\"og:image\" content=\"https:\/\/www.istegroup.com\/wp-content\/uploads\/2018\/05\/Beranger_Front-scaled.jpg\" \/>\n\t<meta property=\"og:image:width\" content=\"1700\" \/>\n\t<meta property=\"og:image:height\" content=\"2560\" \/>\n\t<meta property=\"og:image:type\" content=\"image\/jpeg\" \/>\n<meta name=\"twitter:card\" content=\"summary_large_image\" \/>\n<meta name=\"twitter:label1\" content=\"Est. reading time\" \/>\n\t<meta name=\"twitter:data1\" content=\"1 minute\" \/>\n<script type=\"application\/ld+json\" class=\"yoast-schema-graph\">{\"@context\":\"https:\/\/schema.org\",\"@graph\":[{\"@type\":\"WebPage\",\"@id\":\"https:\/\/www.istegroup.com\/en\/produit\/le-code-ethique-algorithmique\/\",\"url\":\"https:\/\/www.istegroup.com\/en\/produit\/le-code-ethique-algorithmique\/\",\"name\":\"Le code \u00e9thique algorithmique - ISTE Group\",\"isPartOf\":{\"@id\":\"https:\/\/www.istegroup.com\/#website\"},\"primaryImageOfPage\":{\"@id\":\"https:\/\/www.istegroup.com\/en\/produit\/le-code-ethique-algorithmique\/#primaryimage\"},\"image\":{\"@id\":\"https:\/\/www.istegroup.com\/en\/produit\/le-code-ethique-algorithmique\/#primaryimage\"},\"thumbnailUrl\":\"https:\/\/www.istegroup.com\/wp-content\/uploads\/2018\/05\/Beranger_Front-scaled.jpg\",\"datePublished\":\"2018-05-03T15:37:06+00:00\",\"dateModified\":\"2024-01-03T13:42:14+00:00\",\"description\":\"Le code \u00e9thique algorithmique\u00a0s\u2019interroge sur la capacit\u00e9 des nouvelles technologies de l\u2019information et de la communication \u00e0 cr\u00e9er des probl\u00e9matiques \u00e9thiques novatrices ou encore \u00e0 renforcer certains dilemmes moraux classiques, et pose la question des limites, des enjeux et des risques relatifs \u00e0 cette r\u00e9volution num\u00e9rique.\",\"breadcrumb\":{\"@id\":\"https:\/\/www.istegroup.com\/en\/produit\/le-code-ethique-algorithmique\/#breadcrumb\"},\"inLanguage\":\"fr-FR\",\"potentialAction\":[{\"@type\":\"ReadAction\",\"target\":[\"https:\/\/www.istegroup.com\/en\/produit\/le-code-ethique-algorithmique\/\"]}]},{\"@type\":\"ImageObject\",\"inLanguage\":\"fr-FR\",\"@id\":\"https:\/\/www.istegroup.com\/en\/produit\/le-code-ethique-algorithmique\/#primaryimage\",\"url\":\"https:\/\/www.istegroup.com\/wp-content\/uploads\/2018\/05\/Beranger_Front-scaled.jpg\",\"contentUrl\":\"https:\/\/www.istegroup.com\/wp-content\/uploads\/2018\/05\/Beranger_Front-scaled.jpg\",\"width\":1700,\"height\":2560,\"caption\":\"L\u2019\u00e9thique au chevet de la r\u00e9volution num\u00e9rique\"},{\"@type\":\"BreadcrumbList\",\"@id\":\"https:\/\/www.istegroup.com\/en\/produit\/le-code-ethique-algorithmique\/#breadcrumb\",\"itemListElement\":[{\"@type\":\"ListItem\",\"position\":1,\"name\":\"Home\",\"item\":\"https:\/\/www.istegroup.com\/\"},{\"@type\":\"ListItem\",\"position\":2,\"name\":\"Shop\",\"item\":\"https:\/\/www.istegroup.com\/fr\/nouveautes\/\"},{\"@type\":\"ListItem\",\"position\":3,\"name\":\"Le code \u00e9thique algorithmique\"}]},{\"@type\":\"WebSite\",\"@id\":\"https:\/\/www.istegroup.com\/#website\",\"url\":\"https:\/\/www.istegroup.com\/\",\"name\":\"ISTE Group\",\"description\":\"\u00c9diteur des Sciences\",\"potentialAction\":[{\"@type\":\"SearchAction\",\"target\":{\"@type\":\"EntryPoint\",\"urlTemplate\":\"https:\/\/www.istegroup.com\/?s={search_term_string}\"},\"query-input\":{\"@type\":\"PropertyValueSpecification\",\"valueRequired\":true,\"valueName\":\"search_term_string\"}}],\"inLanguage\":\"fr-FR\"}]}<\/script>\n<!-- \/ Yoast SEO plugin. -->","yoast_head_json":{"title":"Le code \u00e9thique algorithmique - ISTE Group","description":"Le code \u00e9thique algorithmique\u00a0s\u2019interroge sur la capacit\u00e9 des nouvelles technologies de l\u2019information et de la communication \u00e0 cr\u00e9er des probl\u00e9matiques \u00e9thiques novatrices ou encore \u00e0 renforcer certains dilemmes moraux classiques, et pose la question des limites, des enjeux et des risques relatifs \u00e0 cette r\u00e9volution num\u00e9rique.","robots":{"index":"index","follow":"follow","max-snippet":"max-snippet:-1","max-image-preview":"max-image-preview:large","max-video-preview":"max-video-preview:-1"},"canonical":"https:\/\/www.istegroup.com\/en\/produit\/le-code-ethique-algorithmique\/","og_locale":"fr_FR","og_type":"article","og_title":"Le code \u00e9thique algorithmique - ISTE Group","og_description":"Le code \u00e9thique algorithmique\u00a0s\u2019interroge sur la capacit\u00e9 des nouvelles technologies de l\u2019information et de la communication \u00e0 cr\u00e9er des probl\u00e9matiques \u00e9thiques novatrices ou encore \u00e0 renforcer certains dilemmes moraux classiques, et pose la question des limites, des enjeux et des risques relatifs \u00e0 cette r\u00e9volution num\u00e9rique.","og_url":"https:\/\/www.istegroup.com\/en\/produit\/le-code-ethique-algorithmique\/","og_site_name":"ISTE Group","article_modified_time":"2024-01-03T13:42:14+00:00","og_image":[{"width":1700,"height":2560,"url":"https:\/\/www.istegroup.com\/wp-content\/uploads\/2018\/05\/Beranger_Front-scaled.jpg","type":"image\/jpeg"}],"twitter_card":"summary_large_image","twitter_misc":{"Est. reading time":"1 minute"},"schema":{"@context":"https:\/\/schema.org","@graph":[{"@type":"WebPage","@id":"https:\/\/www.istegroup.com\/en\/produit\/le-code-ethique-algorithmique\/","url":"https:\/\/www.istegroup.com\/en\/produit\/le-code-ethique-algorithmique\/","name":"Le code \u00e9thique algorithmique - ISTE Group","isPartOf":{"@id":"https:\/\/www.istegroup.com\/#website"},"primaryImageOfPage":{"@id":"https:\/\/www.istegroup.com\/en\/produit\/le-code-ethique-algorithmique\/#primaryimage"},"image":{"@id":"https:\/\/www.istegroup.com\/en\/produit\/le-code-ethique-algorithmique\/#primaryimage"},"thumbnailUrl":"https:\/\/www.istegroup.com\/wp-content\/uploads\/2018\/05\/Beranger_Front-scaled.jpg","datePublished":"2018-05-03T15:37:06+00:00","dateModified":"2024-01-03T13:42:14+00:00","description":"Le code \u00e9thique algorithmique\u00a0s\u2019interroge sur la capacit\u00e9 des nouvelles technologies de l\u2019information et de la communication \u00e0 cr\u00e9er des probl\u00e9matiques \u00e9thiques novatrices ou encore \u00e0 renforcer certains dilemmes moraux classiques, et pose la question des limites, des enjeux et des risques relatifs \u00e0 cette r\u00e9volution num\u00e9rique.","breadcrumb":{"@id":"https:\/\/www.istegroup.com\/en\/produit\/le-code-ethique-algorithmique\/#breadcrumb"},"inLanguage":"fr-FR","potentialAction":[{"@type":"ReadAction","target":["https:\/\/www.istegroup.com\/en\/produit\/le-code-ethique-algorithmique\/"]}]},{"@type":"ImageObject","inLanguage":"fr-FR","@id":"https:\/\/www.istegroup.com\/en\/produit\/le-code-ethique-algorithmique\/#primaryimage","url":"https:\/\/www.istegroup.com\/wp-content\/uploads\/2018\/05\/Beranger_Front-scaled.jpg","contentUrl":"https:\/\/www.istegroup.com\/wp-content\/uploads\/2018\/05\/Beranger_Front-scaled.jpg","width":1700,"height":2560,"caption":"L\u2019\u00e9thique au chevet de la r\u00e9volution num\u00e9rique"},{"@type":"BreadcrumbList","@id":"https:\/\/www.istegroup.com\/en\/produit\/le-code-ethique-algorithmique\/#breadcrumb","itemListElement":[{"@type":"ListItem","position":1,"name":"Home","item":"https:\/\/www.istegroup.com\/"},{"@type":"ListItem","position":2,"name":"Shop","item":"https:\/\/www.istegroup.com\/fr\/nouveautes\/"},{"@type":"ListItem","position":3,"name":"Le code \u00e9thique algorithmique"}]},{"@type":"WebSite","@id":"https:\/\/www.istegroup.com\/#website","url":"https:\/\/www.istegroup.com\/","name":"ISTE Group","description":"\u00c9diteur des Sciences","potentialAction":[{"@type":"SearchAction","target":{"@type":"EntryPoint","urlTemplate":"https:\/\/www.istegroup.com\/?s={search_term_string}"},"query-input":{"@type":"PropertyValueSpecification","valueRequired":true,"valueName":"search_term_string"}}],"inLanguage":"fr-FR"}]}},"_links":{"self":[{"href":"https:\/\/www.istegroup.com\/fr\/wp-json\/wp\/v2\/product\/12165","targetHints":{"allow":["GET"]}}],"collection":[{"href":"https:\/\/www.istegroup.com\/fr\/wp-json\/wp\/v2\/product"}],"about":[{"href":"https:\/\/www.istegroup.com\/fr\/wp-json\/wp\/v2\/types\/product"}],"wp:featuredmedia":[{"embeddable":true,"href":"https:\/\/www.istegroup.com\/fr\/wp-json\/wp\/v2\/media\/12168"}],"wp:attachment":[{"href":"https:\/\/www.istegroup.com\/fr\/wp-json\/wp\/v2\/media?parent=12165"}],"wp:term":[{"taxonomy":"product_brand","embeddable":true,"href":"https:\/\/www.istegroup.com\/fr\/wp-json\/wp\/v2\/product_brand?post=12165"},{"taxonomy":"product_cat","embeddable":true,"href":"https:\/\/www.istegroup.com\/fr\/wp-json\/wp\/v2\/product_cat?post=12165"},{"taxonomy":"product_tag","embeddable":true,"href":"https:\/\/www.istegroup.com\/fr\/wp-json\/wp\/v2\/product_tag?post=12165"}],"curies":[{"name":"wp","href":"https:\/\/api.w.org\/{rel}","templated":true}]}}