{"id":12037,"date":"2018-04-17T16:11:21","date_gmt":"2018-04-17T14:11:21","guid":{"rendered":"https:\/\/iste.yhello.co\/?post_type=product&#038;p=12037"},"modified":"2024-01-03T13:42:14","modified_gmt":"2024-01-03T13:42:14","slug":"imaginaire-scientifique-et-modernite-ordinaire","status":"publish","type":"product","link":"https:\/\/www.istegroup.com\/fr\/produit\/imaginaire-scientifique-et-modernite-ordinaire\/","title":{"rendered":"Imaginaire scientifique et modernit\u00e9 ordinaire"},"content":{"rendered":"<p>Appuyer sur un bouton \u00e9lectrique : ce geste banal ne pose aucun probl\u00e8me sauf \u00e0 s\u2019y attarder de mani\u00e8re r\u00eaveuse. D\u2019abord, la polys\u00e9mie du mot bouton en fait un objet moins sage qu\u2019il n\u2019y para\u00eet \u00e0 premi\u00e8re vue. Ensuite viennent d\u2019autres curiosit\u00e9s, toutes celles que l\u2019on rencontre en suivant les fils qui rattachent ces bouts de plastique familiers aux centrales \u00e9lectriques et aux machines qui animent notre vie quotidienne.<\/p>\n<p>L\u2019aventure de l\u2019\u00e9lectricit\u00e9 n\u2019a que peu \u00e0 voir avec l\u2019histoire aust\u00e8re et lin\u00e9aire du progr\u00e8s technique. Cette ligne se fragmente si l\u2019on tient compte des calculs utilitaires mais aussi des \u00e9merveillements, des raisonnements distanci\u00e9s et des d\u00e9sirs.<\/p>\n<p>D\u00e9rober le feu du ciel et le mettre en bouteille : par sa d\u00e9mesure, l\u2019ambition suscite autant d\u2019enthousiasme que d\u2019inqui\u00e9tude. C\u2019est cet imaginaire de puissance que se propose d\u2019explorer cet ouvrage, d\u00e9montrant ainsi que le voyage de la raison scientifique est aussi fantastique que bien des r\u00e9cits mythologiques.<\/p>\n<p>&nbsp;<\/p>\n<p><strong>La presse en parle<\/strong><\/p>\n<p>Dans un petit livre \u00e0 la fois hilarant et profond, la philosophe et sociologue Anne Salmon envisage toutes les facettes de cet acte d\u2019une affligeante banalit\u00e9. Dans <em>Imaginaire scientifique et modernit\u00e9 \u00adordinaire. Une histoire<\/em>, elle commence par explorer l\u2019immensit\u00e9 polys\u00e9mique du \u00ab\u00a0bouton\u00a0\u00bb, depuis l\u2019abominable furoncle \u00adjusqu\u2019au fameux interrupteur en passant par la petite pi\u00e8ce d\u2019accrochage vestimentaire.<\/p>\n<p><a style=\"color: #1e9691\" href=\"https:\/\/www.lemonde.fr\/idees\/article\/2018\/08\/31\/appuyer-sur-un-bouton-un-geste-pas-si-banal-que-ca_5348378_3232.html\"><em>Le Monde, <\/em><em>31 ao\u00fbt 2018<\/em><\/a><\/p>\n","protected":false},"excerpt":{"rendered":"<p>Appuyer sur un bouton \u00e9lectrique : ce geste banal ne pose aucun probl\u00e8me sauf \u00e0 s\u2019y attarder de mani\u00e8re r\u00eaveuse. D\u2019abord, la polys\u00e9mie du mot bouton en fait un objet moins sage qu\u2019il n\u2019y para\u00eet \u00e0 premi\u00e8re vue. Ensuite viennent d\u2019autres curiosit\u00e9s, toutes celles que l\u2019on rencontre en suivant les fils qui rattachent ces bouts [&hellip;]<\/p>\n","protected":false},"featured_media":12045,"template":"","meta":{"_acf_changed":false,"_links_to":"","_links_to_target":""},"product_brand":[],"product_cat":[3262],"product_tag":[3407,18,19,20,3404,21,22,63,26,27,38,145,28,1253,3406,3405],"class_list":{"0":"post-12037","1":"product","2":"type-product","3":"status-publish","4":"has-post-thumbnail","6":"product_cat-non-classe","7":"product_tag-anne-salmon","8":"product_tag-edition-scientifique","9":"product_tag-editions-francaise","10":"product_tag-editions-technique","11":"product_tag-imaginaire-scientifique-et-modernite-ordinaire","12":"product_tag-iste-group","13":"product_tag-istegroup","14":"product_tag-livre-electronique","15":"product_tag-livre-scientifique-francais","16":"product_tag-livre-technique-francais","17":"product_tag-ouvrage-numerique","18":"product_tag-ouvrage-scientifique","19":"product_tag-ouvrage-scientifique-francais","20":"product_tag-sciences","21":"product_tag-societe-et-nouvelles-technologies","22":"product_tag-une-histoire-delectricite","24":"first","25":"instock","26":"shipping-taxable","27":"purchasable","28":"product-type-variable"},"acf":[],"yoast_head":"<!-- This site is optimized with the Yoast SEO plugin v27.2 - https:\/\/yoast.com\/product\/yoast-seo-wordpress\/ -->\n<title>Imaginaire scientifique et modernit\u00e9 ordinaire - ISTE Group<\/title>\n<meta name=\"description\" content=\"D\u00e9rober le feu du ciel et le mettre en bouteille : par sa d\u00e9mesure, l\u2019ambition suscite autant d\u2019enthousiasme que d\u2019inqui\u00e9tude. C\u2019est cet imaginaire de puissance que se propose d\u2019explorer cet ouvrage, d\u00e9montrant ainsi que le voyage de la raison scientifique est aussi fantastique que bien des r\u00e9cits mythologiques.\" \/>\n<meta name=\"robots\" content=\"index, follow, max-snippet:-1, max-image-preview:large, max-video-preview:-1\" \/>\n<link rel=\"canonical\" href=\"https:\/\/www.istegroup.com\/en\/produit\/imaginaire-scientifique-et-modernite-ordinaire\/\" \/>\n<meta property=\"og:locale\" content=\"fr_FR\" \/>\n<meta property=\"og:type\" content=\"article\" \/>\n<meta property=\"og:title\" content=\"Imaginaire scientifique et modernit\u00e9 ordinaire - ISTE Group\" \/>\n<meta property=\"og:description\" content=\"D\u00e9rober le feu du ciel et le mettre en bouteille : par sa d\u00e9mesure, l\u2019ambition suscite autant d\u2019enthousiasme que d\u2019inqui\u00e9tude. C\u2019est cet imaginaire de puissance que se propose d\u2019explorer cet ouvrage, d\u00e9montrant ainsi que le voyage de la raison scientifique est aussi fantastique que bien des r\u00e9cits mythologiques.\" \/>\n<meta property=\"og:url\" content=\"https:\/\/www.istegroup.com\/en\/produit\/imaginaire-scientifique-et-modernite-ordinaire\/\" \/>\n<meta property=\"og:site_name\" content=\"ISTE Group\" \/>\n<meta property=\"article:modified_time\" content=\"2024-01-03T13:42:14+00:00\" \/>\n<meta property=\"og:image\" content=\"https:\/\/www.istegroup.com\/wp-content\/uploads\/2018\/04\/Salmon_Front-scaled.jpg\" \/>\n\t<meta property=\"og:image:width\" content=\"1582\" \/>\n\t<meta property=\"og:image:height\" content=\"2560\" \/>\n\t<meta property=\"og:image:type\" content=\"image\/jpeg\" \/>\n<meta name=\"twitter:card\" content=\"summary_large_image\" \/>\n<meta name=\"twitter:label1\" content=\"Est. reading time\" \/>\n\t<meta name=\"twitter:data1\" content=\"1 minute\" \/>\n<script type=\"application\/ld+json\" class=\"yoast-schema-graph\">{\"@context\":\"https:\/\/schema.org\",\"@graph\":[{\"@type\":\"WebPage\",\"@id\":\"https:\/\/www.istegroup.com\/en\/produit\/imaginaire-scientifique-et-modernite-ordinaire\/\",\"url\":\"https:\/\/www.istegroup.com\/en\/produit\/imaginaire-scientifique-et-modernite-ordinaire\/\",\"name\":\"Imaginaire scientifique et modernit\u00e9 ordinaire - ISTE Group\",\"isPartOf\":{\"@id\":\"https:\/\/www.istegroup.com\/#website\"},\"primaryImageOfPage\":{\"@id\":\"https:\/\/www.istegroup.com\/en\/produit\/imaginaire-scientifique-et-modernite-ordinaire\/#primaryimage\"},\"image\":{\"@id\":\"https:\/\/www.istegroup.com\/en\/produit\/imaginaire-scientifique-et-modernite-ordinaire\/#primaryimage\"},\"thumbnailUrl\":\"https:\/\/www.istegroup.com\/wp-content\/uploads\/2018\/04\/Salmon_Front-scaled.jpg\",\"datePublished\":\"2018-04-17T14:11:21+00:00\",\"dateModified\":\"2024-01-03T13:42:14+00:00\",\"description\":\"D\u00e9rober le feu du ciel et le mettre en bouteille : par sa d\u00e9mesure, l\u2019ambition suscite autant d\u2019enthousiasme que d\u2019inqui\u00e9tude. C\u2019est cet imaginaire de puissance que se propose d\u2019explorer cet ouvrage, d\u00e9montrant ainsi que le voyage de la raison scientifique est aussi fantastique que bien des r\u00e9cits mythologiques.\",\"breadcrumb\":{\"@id\":\"https:\/\/www.istegroup.com\/en\/produit\/imaginaire-scientifique-et-modernite-ordinaire\/#breadcrumb\"},\"inLanguage\":\"fr-FR\",\"potentialAction\":[{\"@type\":\"ReadAction\",\"target\":[\"https:\/\/www.istegroup.com\/en\/produit\/imaginaire-scientifique-et-modernite-ordinaire\/\"]}]},{\"@type\":\"ImageObject\",\"inLanguage\":\"fr-FR\",\"@id\":\"https:\/\/www.istegroup.com\/en\/produit\/imaginaire-scientifique-et-modernite-ordinaire\/#primaryimage\",\"url\":\"https:\/\/www.istegroup.com\/wp-content\/uploads\/2018\/04\/Salmon_Front-scaled.jpg\",\"contentUrl\":\"https:\/\/www.istegroup.com\/wp-content\/uploads\/2018\/04\/Salmon_Front-scaled.jpg\",\"width\":1582,\"height\":2560,\"caption\":\"Une histoire d\u2019\u00e9lectricit\u00e9\"},{\"@type\":\"BreadcrumbList\",\"@id\":\"https:\/\/www.istegroup.com\/en\/produit\/imaginaire-scientifique-et-modernite-ordinaire\/#breadcrumb\",\"itemListElement\":[{\"@type\":\"ListItem\",\"position\":1,\"name\":\"Home\",\"item\":\"https:\/\/www.istegroup.com\/\"},{\"@type\":\"ListItem\",\"position\":2,\"name\":\"Shop\",\"item\":\"https:\/\/www.istegroup.com\/fr\/nouveautes\/\"},{\"@type\":\"ListItem\",\"position\":3,\"name\":\"Imaginaire scientifique et modernit\u00e9 ordinaire\"}]},{\"@type\":\"WebSite\",\"@id\":\"https:\/\/www.istegroup.com\/#website\",\"url\":\"https:\/\/www.istegroup.com\/\",\"name\":\"ISTE Group\",\"description\":\"\u00c9diteur des Sciences\",\"potentialAction\":[{\"@type\":\"SearchAction\",\"target\":{\"@type\":\"EntryPoint\",\"urlTemplate\":\"https:\/\/www.istegroup.com\/?s={search_term_string}\"},\"query-input\":{\"@type\":\"PropertyValueSpecification\",\"valueRequired\":true,\"valueName\":\"search_term_string\"}}],\"inLanguage\":\"fr-FR\"}]}<\/script>\n<!-- \/ Yoast SEO plugin. -->","yoast_head_json":{"title":"Imaginaire scientifique et modernit\u00e9 ordinaire - ISTE Group","description":"D\u00e9rober le feu du ciel et le mettre en bouteille : par sa d\u00e9mesure, l\u2019ambition suscite autant d\u2019enthousiasme que d\u2019inqui\u00e9tude. C\u2019est cet imaginaire de puissance que se propose d\u2019explorer cet ouvrage, d\u00e9montrant ainsi que le voyage de la raison scientifique est aussi fantastique que bien des r\u00e9cits mythologiques.","robots":{"index":"index","follow":"follow","max-snippet":"max-snippet:-1","max-image-preview":"max-image-preview:large","max-video-preview":"max-video-preview:-1"},"canonical":"https:\/\/www.istegroup.com\/en\/produit\/imaginaire-scientifique-et-modernite-ordinaire\/","og_locale":"fr_FR","og_type":"article","og_title":"Imaginaire scientifique et modernit\u00e9 ordinaire - ISTE Group","og_description":"D\u00e9rober le feu du ciel et le mettre en bouteille : par sa d\u00e9mesure, l\u2019ambition suscite autant d\u2019enthousiasme que d\u2019inqui\u00e9tude. C\u2019est cet imaginaire de puissance que se propose d\u2019explorer cet ouvrage, d\u00e9montrant ainsi que le voyage de la raison scientifique est aussi fantastique que bien des r\u00e9cits mythologiques.","og_url":"https:\/\/www.istegroup.com\/en\/produit\/imaginaire-scientifique-et-modernite-ordinaire\/","og_site_name":"ISTE Group","article_modified_time":"2024-01-03T13:42:14+00:00","og_image":[{"width":1582,"height":2560,"url":"https:\/\/www.istegroup.com\/wp-content\/uploads\/2018\/04\/Salmon_Front-scaled.jpg","type":"image\/jpeg"}],"twitter_card":"summary_large_image","twitter_misc":{"Est. reading time":"1 minute"},"schema":{"@context":"https:\/\/schema.org","@graph":[{"@type":"WebPage","@id":"https:\/\/www.istegroup.com\/en\/produit\/imaginaire-scientifique-et-modernite-ordinaire\/","url":"https:\/\/www.istegroup.com\/en\/produit\/imaginaire-scientifique-et-modernite-ordinaire\/","name":"Imaginaire scientifique et modernit\u00e9 ordinaire - ISTE Group","isPartOf":{"@id":"https:\/\/www.istegroup.com\/#website"},"primaryImageOfPage":{"@id":"https:\/\/www.istegroup.com\/en\/produit\/imaginaire-scientifique-et-modernite-ordinaire\/#primaryimage"},"image":{"@id":"https:\/\/www.istegroup.com\/en\/produit\/imaginaire-scientifique-et-modernite-ordinaire\/#primaryimage"},"thumbnailUrl":"https:\/\/www.istegroup.com\/wp-content\/uploads\/2018\/04\/Salmon_Front-scaled.jpg","datePublished":"2018-04-17T14:11:21+00:00","dateModified":"2024-01-03T13:42:14+00:00","description":"D\u00e9rober le feu du ciel et le mettre en bouteille : par sa d\u00e9mesure, l\u2019ambition suscite autant d\u2019enthousiasme que d\u2019inqui\u00e9tude. C\u2019est cet imaginaire de puissance que se propose d\u2019explorer cet ouvrage, d\u00e9montrant ainsi que le voyage de la raison scientifique est aussi fantastique que bien des r\u00e9cits mythologiques.","breadcrumb":{"@id":"https:\/\/www.istegroup.com\/en\/produit\/imaginaire-scientifique-et-modernite-ordinaire\/#breadcrumb"},"inLanguage":"fr-FR","potentialAction":[{"@type":"ReadAction","target":["https:\/\/www.istegroup.com\/en\/produit\/imaginaire-scientifique-et-modernite-ordinaire\/"]}]},{"@type":"ImageObject","inLanguage":"fr-FR","@id":"https:\/\/www.istegroup.com\/en\/produit\/imaginaire-scientifique-et-modernite-ordinaire\/#primaryimage","url":"https:\/\/www.istegroup.com\/wp-content\/uploads\/2018\/04\/Salmon_Front-scaled.jpg","contentUrl":"https:\/\/www.istegroup.com\/wp-content\/uploads\/2018\/04\/Salmon_Front-scaled.jpg","width":1582,"height":2560,"caption":"Une histoire d\u2019\u00e9lectricit\u00e9"},{"@type":"BreadcrumbList","@id":"https:\/\/www.istegroup.com\/en\/produit\/imaginaire-scientifique-et-modernite-ordinaire\/#breadcrumb","itemListElement":[{"@type":"ListItem","position":1,"name":"Home","item":"https:\/\/www.istegroup.com\/"},{"@type":"ListItem","position":2,"name":"Shop","item":"https:\/\/www.istegroup.com\/fr\/nouveautes\/"},{"@type":"ListItem","position":3,"name":"Imaginaire scientifique et modernit\u00e9 ordinaire"}]},{"@type":"WebSite","@id":"https:\/\/www.istegroup.com\/#website","url":"https:\/\/www.istegroup.com\/","name":"ISTE Group","description":"\u00c9diteur des Sciences","potentialAction":[{"@type":"SearchAction","target":{"@type":"EntryPoint","urlTemplate":"https:\/\/www.istegroup.com\/?s={search_term_string}"},"query-input":{"@type":"PropertyValueSpecification","valueRequired":true,"valueName":"search_term_string"}}],"inLanguage":"fr-FR"}]}},"_links":{"self":[{"href":"https:\/\/www.istegroup.com\/fr\/wp-json\/wp\/v2\/product\/12037","targetHints":{"allow":["GET"]}}],"collection":[{"href":"https:\/\/www.istegroup.com\/fr\/wp-json\/wp\/v2\/product"}],"about":[{"href":"https:\/\/www.istegroup.com\/fr\/wp-json\/wp\/v2\/types\/product"}],"wp:featuredmedia":[{"embeddable":true,"href":"https:\/\/www.istegroup.com\/fr\/wp-json\/wp\/v2\/media\/12045"}],"wp:attachment":[{"href":"https:\/\/www.istegroup.com\/fr\/wp-json\/wp\/v2\/media?parent=12037"}],"wp:term":[{"taxonomy":"product_brand","embeddable":true,"href":"https:\/\/www.istegroup.com\/fr\/wp-json\/wp\/v2\/product_brand?post=12037"},{"taxonomy":"product_cat","embeddable":true,"href":"https:\/\/www.istegroup.com\/fr\/wp-json\/wp\/v2\/product_cat?post=12037"},{"taxonomy":"product_tag","embeddable":true,"href":"https:\/\/www.istegroup.com\/fr\/wp-json\/wp\/v2\/product_tag?post=12037"}],"curies":[{"name":"wp","href":"https:\/\/api.w.org\/{rel}","templated":true}]}}