{"id":12023,"date":"2018-04-17T15:50:18","date_gmt":"2018-04-17T13:50:18","guid":{"rendered":"https:\/\/iste.yhello.co\/?post_type=product&#038;p=12023"},"modified":"2024-01-03T13:42:13","modified_gmt":"2024-01-03T13:42:13","slug":"de-la-fabrication-additive-a-limpression-3d-4d-3","status":"publish","type":"product","link":"https:\/\/www.istegroup.com\/fr\/produit\/de-la-fabrication-additive-a-limpression-3d-4d-3\/","title":{"rendered":"De la fabrication additive \u00e0 l\u2019impression 3D\/4D 3"},"content":{"rendered":"<p>Avec un chiffre d\u2019affaires de plusieurs milliards d\u2019euros par an, le march\u00e9 de la fabrication additive est en fort d\u00e9veloppement. Cette nouvelle forme de ma\u00eetrise de la mati\u00e8re consiste \u00e0 apporter de la mati\u00e8re et\/ou de l\u2019\u00e9nergie localement dans le but de cr\u00e9er des objets physiques tridimensionnels.<\/p>\n<p>Entre promesses extraordinaires et questions \u00e9pist\u00e9mologiques, ce troisi\u00e8me et dernier volume introduit la fabrication additive dans un nouveau futur en rupture, pour autant qu\u2019un certain nombre de verrous conceptuels disparaissent.<\/p>\n<p>\u00c0 la diff\u00e9rence des recherches visant des innovations incr\u00e9mentales (volume 2), il existe dans la d\u00e9marche de\u00a0<em>De la fabrication additive \u00e0 l\u2019impression 3D\/4D 3<\/em>\u00a0des formes d\u2019empirisme, d\u2019heuristique et de gestion de l\u2019incertitude qui entra\u00eenent le lecteur vers un questionnement permanent, \u00e9thique, au regard de tout progr\u00e8s et de toute \u00e9volution radicale.<\/p>\n<p><strong>La presse en parle<\/strong><\/p>\n<p><em><a style=\"color: #1e9691\" href=\"http:\/\/www.primante3d.com\/ouvrage-imprimante-3d-02112020\/\">www.primante3d.com, 26 novembre 2021<\/a><\/em><\/p>","protected":false},"excerpt":{"rendered":"<p>Avec un chiffre d\u2019affaires de plusieurs milliards d\u2019euros par an, le march\u00e9 de la fabrication additive est en fort d\u00e9veloppement. Cette nouvelle forme de ma\u00eetrise de la mati\u00e8re consiste \u00e0 apporter de la mati\u00e8re et\/ou de l\u2019\u00e9nergie localement dans le but de cr\u00e9er des objets physiques tridimensionnels. Entre promesses extraordinaires et questions \u00e9pist\u00e9mologiques, ce troisi\u00e8me [&hellip;]<\/p>\n","protected":false},"featured_media":12027,"template":"","meta":{"_acf_changed":false,"_links_to":"","_links_to_target":""},"product_brand":[],"product_cat":[3262],"product_tag":[3417,18,19,20,3416,21,22,3415,3414,3413,3412,63,26,27,38,145,28,3411],"class_list":{"0":"post-12023","1":"product","2":"type-product","3":"status-publish","4":"has-post-thumbnail","6":"product_cat-non-classe","7":"product_tag-de-la-fabrication-additive-a-limpression-3d-4d-3","8":"product_tag-edition-scientifique","9":"product_tag-editions-francaise","10":"product_tag-editions-technique","11":"product_tag-innovations-de-rupture","12":"product_tag-iste-group","13":"product_tag-istegroup","14":"product_tag-jean-claude-andre","15":"product_tag-le-reengineering","16":"product_tag-les-logiciels","17":"product_tag-les-procedes","18":"product_tag-livre-electronique","19":"product_tag-livre-scientifique-francais","20":"product_tag-livre-technique-francais","21":"product_tag-ouvrage-numerique","22":"product_tag-ouvrage-scientifique","23":"product_tag-ouvrage-scientifique-francais","24":"product_tag-systemes-et-genie-industriel","26":"first","27":"instock","28":"shipping-taxable","29":"purchasable","30":"product-type-variable"},"acf":[],"yoast_head":"<!-- This site is optimized with the Yoast SEO plugin v27.2 - https:\/\/yoast.com\/product\/yoast-seo-wordpress\/ -->\n<title>De la fabrication additive \u00e0 l\u2019impression 3D\/4D 3 - ISTE Group<\/title>\n<meta name=\"description\" content=\"Entre promesses extraordinaires et questions \u00e9pist\u00e9mologiques, ce troisi\u00e8me volume introduit la fabrication additive dans un nouveau futur en rupture, pour autant qu\u2019un certain nombre de verrous conceptuels disparaissent.\" \/>\n<meta name=\"robots\" content=\"index, follow, max-snippet:-1, max-image-preview:large, max-video-preview:-1\" \/>\n<link rel=\"canonical\" href=\"https:\/\/www.istegroup.com\/fr\/produit\/de-la-fabrication-additive-a-limpression-3d-4d-3\/\" \/>\n<meta property=\"og:locale\" content=\"fr_FR\" \/>\n<meta property=\"og:type\" content=\"article\" \/>\n<meta property=\"og:title\" content=\"De la fabrication additive \u00e0 l\u2019impression 3D\/4D 3 - ISTE Group\" \/>\n<meta property=\"og:description\" content=\"Entre promesses extraordinaires et questions \u00e9pist\u00e9mologiques, ce troisi\u00e8me volume introduit la fabrication additive dans un nouveau futur en rupture, pour autant qu\u2019un certain nombre de verrous conceptuels disparaissent.\" \/>\n<meta property=\"og:url\" content=\"https:\/\/www.istegroup.com\/fr\/produit\/de-la-fabrication-additive-a-limpression-3d-4d-3\/\" \/>\n<meta property=\"og:site_name\" content=\"ISTE Group\" \/>\n<meta property=\"article:modified_time\" content=\"2024-01-03T13:42:13+00:00\" \/>\n<meta property=\"og:image\" content=\"https:\/\/www.istegroup.com\/wp-content\/uploads\/2018\/04\/Andre-3_Front-scaled.jpg\" \/>\n\t<meta property=\"og:image:width\" content=\"1700\" \/>\n\t<meta property=\"og:image:height\" content=\"2560\" \/>\n\t<meta property=\"og:image:type\" content=\"image\/jpeg\" \/>\n<meta name=\"twitter:card\" content=\"summary_large_image\" \/>\n<meta name=\"twitter:label1\" content=\"Est. reading time\" \/>\n\t<meta name=\"twitter:data1\" content=\"2 minutes\" \/>\n<script type=\"application\/ld+json\" class=\"yoast-schema-graph\">{\"@context\":\"https:\/\/schema.org\",\"@graph\":[{\"@type\":\"WebPage\",\"@id\":\"https:\/\/www.istegroup.com\/fr\/produit\/de-la-fabrication-additive-a-limpression-3d-4d-3\/\",\"url\":\"https:\/\/www.istegroup.com\/fr\/produit\/de-la-fabrication-additive-a-limpression-3d-4d-3\/\",\"name\":\"De la fabrication additive \u00e0 l\u2019impression 3D\/4D 3 - ISTE Group\",\"isPartOf\":{\"@id\":\"https:\/\/www.istegroup.com\/#website\"},\"primaryImageOfPage\":{\"@id\":\"https:\/\/www.istegroup.com\/fr\/produit\/de-la-fabrication-additive-a-limpression-3d-4d-3\/#primaryimage\"},\"image\":{\"@id\":\"https:\/\/www.istegroup.com\/fr\/produit\/de-la-fabrication-additive-a-limpression-3d-4d-3\/#primaryimage\"},\"thumbnailUrl\":\"https:\/\/www.istegroup.com\/wp-content\/uploads\/2018\/04\/Andre-3_Front-scaled.jpg\",\"datePublished\":\"2018-04-17T13:50:18+00:00\",\"dateModified\":\"2024-01-03T13:42:13+00:00\",\"description\":\"Entre promesses extraordinaires et questions \u00e9pist\u00e9mologiques, ce troisi\u00e8me volume introduit la fabrication additive dans un nouveau futur en rupture, pour autant qu\u2019un certain nombre de verrous conceptuels disparaissent.\",\"breadcrumb\":{\"@id\":\"https:\/\/www.istegroup.com\/fr\/produit\/de-la-fabrication-additive-a-limpression-3d-4d-3\/#breadcrumb\"},\"inLanguage\":\"fr-FR\",\"potentialAction\":[{\"@type\":\"ReadAction\",\"target\":[\"https:\/\/www.istegroup.com\/fr\/produit\/de-la-fabrication-additive-a-limpression-3d-4d-3\/\"]}]},{\"@type\":\"ImageObject\",\"inLanguage\":\"fr-FR\",\"@id\":\"https:\/\/www.istegroup.com\/fr\/produit\/de-la-fabrication-additive-a-limpression-3d-4d-3\/#primaryimage\",\"url\":\"https:\/\/www.istegroup.com\/wp-content\/uploads\/2018\/04\/Andre-3_Front-scaled.jpg\",\"contentUrl\":\"https:\/\/www.istegroup.com\/wp-content\/uploads\/2018\/04\/Andre-3_Front-scaled.jpg\",\"width\":1700,\"height\":2560,\"caption\":\"Innovations de rupture\"},{\"@type\":\"BreadcrumbList\",\"@id\":\"https:\/\/www.istegroup.com\/fr\/produit\/de-la-fabrication-additive-a-limpression-3d-4d-3\/#breadcrumb\",\"itemListElement\":[{\"@type\":\"ListItem\",\"position\":1,\"name\":\"Home\",\"item\":\"https:\/\/www.istegroup.com\/\"},{\"@type\":\"ListItem\",\"position\":2,\"name\":\"Shop\",\"item\":\"https:\/\/www.istegroup.com\/fr\/nouveautes\/\"},{\"@type\":\"ListItem\",\"position\":3,\"name\":\"De la fabrication additive \u00e0 l\u2019impression 3D\/4D 3\"}]},{\"@type\":\"WebSite\",\"@id\":\"https:\/\/www.istegroup.com\/#website\",\"url\":\"https:\/\/www.istegroup.com\/\",\"name\":\"ISTE Group\",\"description\":\"\u00c9diteur des Sciences\",\"potentialAction\":[{\"@type\":\"SearchAction\",\"target\":{\"@type\":\"EntryPoint\",\"urlTemplate\":\"https:\/\/www.istegroup.com\/?s={search_term_string}\"},\"query-input\":{\"@type\":\"PropertyValueSpecification\",\"valueRequired\":true,\"valueName\":\"search_term_string\"}}],\"inLanguage\":\"fr-FR\"}]}<\/script>\n<!-- \/ Yoast SEO plugin. -->","yoast_head_json":{"title":"De la fabrication additive \u00e0 l\u2019impression 3D\/4D 3 - ISTE Group","description":"Entre promesses extraordinaires et questions \u00e9pist\u00e9mologiques, ce troisi\u00e8me volume introduit la fabrication additive dans un nouveau futur en rupture, pour autant qu\u2019un certain nombre de verrous conceptuels disparaissent.","robots":{"index":"index","follow":"follow","max-snippet":"max-snippet:-1","max-image-preview":"max-image-preview:large","max-video-preview":"max-video-preview:-1"},"canonical":"https:\/\/www.istegroup.com\/fr\/produit\/de-la-fabrication-additive-a-limpression-3d-4d-3\/","og_locale":"fr_FR","og_type":"article","og_title":"De la fabrication additive \u00e0 l\u2019impression 3D\/4D 3 - ISTE Group","og_description":"Entre promesses extraordinaires et questions \u00e9pist\u00e9mologiques, ce troisi\u00e8me volume introduit la fabrication additive dans un nouveau futur en rupture, pour autant qu\u2019un certain nombre de verrous conceptuels disparaissent.","og_url":"https:\/\/www.istegroup.com\/fr\/produit\/de-la-fabrication-additive-a-limpression-3d-4d-3\/","og_site_name":"ISTE Group","article_modified_time":"2024-01-03T13:42:13+00:00","og_image":[{"width":1700,"height":2560,"url":"https:\/\/www.istegroup.com\/wp-content\/uploads\/2018\/04\/Andre-3_Front-scaled.jpg","type":"image\/jpeg"}],"twitter_card":"summary_large_image","twitter_misc":{"Est. reading time":"2 minutes"},"schema":{"@context":"https:\/\/schema.org","@graph":[{"@type":"WebPage","@id":"https:\/\/www.istegroup.com\/fr\/produit\/de-la-fabrication-additive-a-limpression-3d-4d-3\/","url":"https:\/\/www.istegroup.com\/fr\/produit\/de-la-fabrication-additive-a-limpression-3d-4d-3\/","name":"De la fabrication additive \u00e0 l\u2019impression 3D\/4D 3 - ISTE Group","isPartOf":{"@id":"https:\/\/www.istegroup.com\/#website"},"primaryImageOfPage":{"@id":"https:\/\/www.istegroup.com\/fr\/produit\/de-la-fabrication-additive-a-limpression-3d-4d-3\/#primaryimage"},"image":{"@id":"https:\/\/www.istegroup.com\/fr\/produit\/de-la-fabrication-additive-a-limpression-3d-4d-3\/#primaryimage"},"thumbnailUrl":"https:\/\/www.istegroup.com\/wp-content\/uploads\/2018\/04\/Andre-3_Front-scaled.jpg","datePublished":"2018-04-17T13:50:18+00:00","dateModified":"2024-01-03T13:42:13+00:00","description":"Entre promesses extraordinaires et questions \u00e9pist\u00e9mologiques, ce troisi\u00e8me volume introduit la fabrication additive dans un nouveau futur en rupture, pour autant qu\u2019un certain nombre de verrous conceptuels disparaissent.","breadcrumb":{"@id":"https:\/\/www.istegroup.com\/fr\/produit\/de-la-fabrication-additive-a-limpression-3d-4d-3\/#breadcrumb"},"inLanguage":"fr-FR","potentialAction":[{"@type":"ReadAction","target":["https:\/\/www.istegroup.com\/fr\/produit\/de-la-fabrication-additive-a-limpression-3d-4d-3\/"]}]},{"@type":"ImageObject","inLanguage":"fr-FR","@id":"https:\/\/www.istegroup.com\/fr\/produit\/de-la-fabrication-additive-a-limpression-3d-4d-3\/#primaryimage","url":"https:\/\/www.istegroup.com\/wp-content\/uploads\/2018\/04\/Andre-3_Front-scaled.jpg","contentUrl":"https:\/\/www.istegroup.com\/wp-content\/uploads\/2018\/04\/Andre-3_Front-scaled.jpg","width":1700,"height":2560,"caption":"Innovations de rupture"},{"@type":"BreadcrumbList","@id":"https:\/\/www.istegroup.com\/fr\/produit\/de-la-fabrication-additive-a-limpression-3d-4d-3\/#breadcrumb","itemListElement":[{"@type":"ListItem","position":1,"name":"Home","item":"https:\/\/www.istegroup.com\/"},{"@type":"ListItem","position":2,"name":"Shop","item":"https:\/\/www.istegroup.com\/fr\/nouveautes\/"},{"@type":"ListItem","position":3,"name":"De la fabrication additive \u00e0 l\u2019impression 3D\/4D 3"}]},{"@type":"WebSite","@id":"https:\/\/www.istegroup.com\/#website","url":"https:\/\/www.istegroup.com\/","name":"ISTE Group","description":"\u00c9diteur des Sciences","potentialAction":[{"@type":"SearchAction","target":{"@type":"EntryPoint","urlTemplate":"https:\/\/www.istegroup.com\/?s={search_term_string}"},"query-input":{"@type":"PropertyValueSpecification","valueRequired":true,"valueName":"search_term_string"}}],"inLanguage":"fr-FR"}]}},"_links":{"self":[{"href":"https:\/\/www.istegroup.com\/fr\/wp-json\/wp\/v2\/product\/12023","targetHints":{"allow":["GET"]}}],"collection":[{"href":"https:\/\/www.istegroup.com\/fr\/wp-json\/wp\/v2\/product"}],"about":[{"href":"https:\/\/www.istegroup.com\/fr\/wp-json\/wp\/v2\/types\/product"}],"wp:featuredmedia":[{"embeddable":true,"href":"https:\/\/www.istegroup.com\/fr\/wp-json\/wp\/v2\/media\/12027"}],"wp:attachment":[{"href":"https:\/\/www.istegroup.com\/fr\/wp-json\/wp\/v2\/media?parent=12023"}],"wp:term":[{"taxonomy":"product_brand","embeddable":true,"href":"https:\/\/www.istegroup.com\/fr\/wp-json\/wp\/v2\/product_brand?post=12023"},{"taxonomy":"product_cat","embeddable":true,"href":"https:\/\/www.istegroup.com\/fr\/wp-json\/wp\/v2\/product_cat?post=12023"},{"taxonomy":"product_tag","embeddable":true,"href":"https:\/\/www.istegroup.com\/fr\/wp-json\/wp\/v2\/product_tag?post=12023"}],"curies":[{"name":"wp","href":"https:\/\/api.w.org\/{rel}","templated":true}]}}