{"id":12016,"date":"2018-04-17T15:32:22","date_gmt":"2018-04-17T13:32:22","guid":{"rendered":"https:\/\/iste.yhello.co\/?post_type=product&#038;p=12016"},"modified":"2024-01-03T13:42:13","modified_gmt":"2024-01-03T13:42:13","slug":"de-la-fabrication-additive-a-limpression-3d-4d-2","status":"publish","type":"product","link":"https:\/\/www.istegroup.com\/fr\/produit\/de-la-fabrication-additive-a-limpression-3d-4d-2\/","title":{"rendered":"De la fabrication additive \u00e0 l\u2019impression 3D\/4D 2"},"content":{"rendered":"<p>Avec un chiffre d\u2019affaires de plusieurs milliards d\u2019euros par an, le march\u00e9 de la fabrication additive est en fort d\u00e9veloppement. Cette nouvelle forme de ma\u00eetrise de la mati\u00e8re consiste \u00e0 apporter de la mati\u00e8re et\/ou de l\u2019\u00e9nergie localement dans le but de cr\u00e9er des objets physiques tridimensionnels. La force du concept permet l\u2019exploration de nouvelles niches applicatives allant du nanom\u00e8tre au d\u00e9cam\u00e8tre, de la m\u00e9canique \u00e0 la sant\u00e9.<\/p>\n<p>Deuxi\u00e8me volume d\u2019une s\u00e9rie de trois ouvrages,\u00a0<em>De la fabrication additive \u00e0 l\u2019impression 3D\/4D 2<\/em>\u00a0traite des innovations incr\u00e9mentales qui concernent les proc\u00e9d\u00e9s, les logiciels, le r\u00e9engineering et les mat\u00e9riaux de la fabrication additive. Il pr\u00e9sente les limites li\u00e9es \u00e0 la qualit\u00e9 des pi\u00e8ces, leur co\u00fbt de fabrication, les aspects multimat\u00e9riaux, les fonctionnalit\u00e9s, les \u00e9tats de surface, etc., et analyse les conditions n\u00e9cessaires \u00e0 la France pour se d\u00e9marquer dans cette comp\u00e9tition mondiale.<\/p>\n<p><strong>La presse en parle<\/strong><\/p>\n<p><em><a style=\"color: #1e9691\" href=\"http:\/\/www.primante3d.com\/ouvrage-imprimante-3d-02112020\/\">www.primante3d.com, 26 novembre 2021<\/a><\/em><\/p>","protected":false},"excerpt":{"rendered":"<p>Avec un chiffre d\u2019affaires de plusieurs milliards d\u2019euros par an, le march\u00e9 de la fabrication additive est en fort d\u00e9veloppement. Cette nouvelle forme de ma\u00eetrise de la mati\u00e8re consiste \u00e0 apporter de la mati\u00e8re et\/ou de l\u2019\u00e9nergie localement dans le but de cr\u00e9er des objets physiques tridimensionnels. La force du concept permet l\u2019exploration de nouvelles [&hellip;]<\/p>\n","protected":false},"featured_media":12022,"template":"","meta":{"_acf_changed":false,"_links_to":"","_links_to_target":""},"product_brand":[],"product_cat":[3262],"product_tag":[3419,3418,18,19,20,21,22,3415,3414,3413,3412,63,26,27,145,28,3411],"class_list":{"0":"post-12016","1":"product","2":"type-product","3":"status-publish","4":"has-post-thumbnail","6":"product_cat-non-classe","7":"product_tag-ameliorations-des-techniques-actuelles-et-leurs-limites","8":"product_tag-de-la-fabrication-additive-a-limpression-3d-4d-2","9":"product_tag-edition-scientifique","10":"product_tag-editions-francaise","11":"product_tag-editions-technique","12":"product_tag-iste-group","13":"product_tag-istegroup","14":"product_tag-jean-claude-andre","15":"product_tag-le-reengineering","16":"product_tag-les-logiciels","17":"product_tag-les-procedes","18":"product_tag-livre-electronique","19":"product_tag-livre-scientifique-francais","20":"product_tag-livre-technique-francais","21":"product_tag-ouvrage-scientifique","22":"product_tag-ouvrage-scientifique-francais","23":"product_tag-systemes-et-genie-industriel","25":"first","26":"instock","27":"shipping-taxable","28":"purchasable","29":"product-type-variable"},"acf":[],"yoast_head":"<!-- This site is optimized with the Yoast SEO plugin v27.2 - https:\/\/yoast.com\/product\/yoast-seo-wordpress\/ -->\n<title>De la fabrication additive \u00e0 l\u2019impression 3D\/4D 2 - ISTE Group<\/title>\n<meta name=\"description\" content=\"De la fabrication additive \u00e0 l\u2019impression 3D\/4D 2\u00a0traite des innovations incr\u00e9mentales qui concernent les proc\u00e9d\u00e9s, les logiciels, le r\u00e9engineering et les mat\u00e9riaux de la fabrication additive.\" \/>\n<meta name=\"robots\" content=\"index, follow, max-snippet:-1, max-image-preview:large, max-video-preview:-1\" \/>\n<link rel=\"canonical\" href=\"https:\/\/www.istegroup.com\/fr\/produit\/de-la-fabrication-additive-a-limpression-3d-4d-2\/\" \/>\n<meta property=\"og:locale\" content=\"fr_FR\" \/>\n<meta property=\"og:type\" content=\"article\" \/>\n<meta property=\"og:title\" content=\"De la fabrication additive \u00e0 l\u2019impression 3D\/4D 2 - ISTE Group\" \/>\n<meta property=\"og:description\" content=\"De la fabrication additive \u00e0 l\u2019impression 3D\/4D 2\u00a0traite des innovations incr\u00e9mentales qui concernent les proc\u00e9d\u00e9s, les logiciels, le r\u00e9engineering et les mat\u00e9riaux de la fabrication additive.\" \/>\n<meta property=\"og:url\" content=\"https:\/\/www.istegroup.com\/fr\/produit\/de-la-fabrication-additive-a-limpression-3d-4d-2\/\" \/>\n<meta property=\"og:site_name\" content=\"ISTE Group\" \/>\n<meta property=\"article:modified_time\" content=\"2024-01-03T13:42:13+00:00\" \/>\n<meta property=\"og:image\" content=\"https:\/\/www.istegroup.com\/wp-content\/uploads\/2018\/04\/Andre-2_Front-scaled.jpg\" \/>\n\t<meta property=\"og:image:width\" content=\"1705\" \/>\n\t<meta property=\"og:image:height\" content=\"2560\" \/>\n\t<meta property=\"og:image:type\" content=\"image\/jpeg\" \/>\n<meta name=\"twitter:card\" content=\"summary_large_image\" \/>\n<meta name=\"twitter:label1\" content=\"Est. reading time\" \/>\n\t<meta name=\"twitter:data1\" content=\"2 minutes\" \/>\n<script type=\"application\/ld+json\" class=\"yoast-schema-graph\">{\"@context\":\"https:\/\/schema.org\",\"@graph\":[{\"@type\":\"WebPage\",\"@id\":\"https:\/\/www.istegroup.com\/fr\/produit\/de-la-fabrication-additive-a-limpression-3d-4d-2\/\",\"url\":\"https:\/\/www.istegroup.com\/fr\/produit\/de-la-fabrication-additive-a-limpression-3d-4d-2\/\",\"name\":\"De la fabrication additive \u00e0 l\u2019impression 3D\/4D 2 - ISTE Group\",\"isPartOf\":{\"@id\":\"https:\/\/www.istegroup.com\/#website\"},\"primaryImageOfPage\":{\"@id\":\"https:\/\/www.istegroup.com\/fr\/produit\/de-la-fabrication-additive-a-limpression-3d-4d-2\/#primaryimage\"},\"image\":{\"@id\":\"https:\/\/www.istegroup.com\/fr\/produit\/de-la-fabrication-additive-a-limpression-3d-4d-2\/#primaryimage\"},\"thumbnailUrl\":\"https:\/\/www.istegroup.com\/wp-content\/uploads\/2018\/04\/Andre-2_Front-scaled.jpg\",\"datePublished\":\"2018-04-17T13:32:22+00:00\",\"dateModified\":\"2024-01-03T13:42:13+00:00\",\"description\":\"De la fabrication additive \u00e0 l\u2019impression 3D\/4D 2\u00a0traite des innovations incr\u00e9mentales qui concernent les proc\u00e9d\u00e9s, les logiciels, le r\u00e9engineering et les mat\u00e9riaux de la fabrication additive.\",\"breadcrumb\":{\"@id\":\"https:\/\/www.istegroup.com\/fr\/produit\/de-la-fabrication-additive-a-limpression-3d-4d-2\/#breadcrumb\"},\"inLanguage\":\"fr-FR\",\"potentialAction\":[{\"@type\":\"ReadAction\",\"target\":[\"https:\/\/www.istegroup.com\/fr\/produit\/de-la-fabrication-additive-a-limpression-3d-4d-2\/\"]}]},{\"@type\":\"ImageObject\",\"inLanguage\":\"fr-FR\",\"@id\":\"https:\/\/www.istegroup.com\/fr\/produit\/de-la-fabrication-additive-a-limpression-3d-4d-2\/#primaryimage\",\"url\":\"https:\/\/www.istegroup.com\/wp-content\/uploads\/2018\/04\/Andre-2_Front-scaled.jpg\",\"contentUrl\":\"https:\/\/www.istegroup.com\/wp-content\/uploads\/2018\/04\/Andre-2_Front-scaled.jpg\",\"width\":1705,\"height\":2560,\"caption\":\"Am\u00e9liorations des techniques actuelles et leurs limites\"},{\"@type\":\"BreadcrumbList\",\"@id\":\"https:\/\/www.istegroup.com\/fr\/produit\/de-la-fabrication-additive-a-limpression-3d-4d-2\/#breadcrumb\",\"itemListElement\":[{\"@type\":\"ListItem\",\"position\":1,\"name\":\"Home\",\"item\":\"https:\/\/www.istegroup.com\/\"},{\"@type\":\"ListItem\",\"position\":2,\"name\":\"Shop\",\"item\":\"https:\/\/www.istegroup.com\/fr\/nouveautes\/\"},{\"@type\":\"ListItem\",\"position\":3,\"name\":\"De la fabrication additive \u00e0 l\u2019impression 3D\/4D 2\"}]},{\"@type\":\"WebSite\",\"@id\":\"https:\/\/www.istegroup.com\/#website\",\"url\":\"https:\/\/www.istegroup.com\/\",\"name\":\"ISTE Group\",\"description\":\"\u00c9diteur des Sciences\",\"potentialAction\":[{\"@type\":\"SearchAction\",\"target\":{\"@type\":\"EntryPoint\",\"urlTemplate\":\"https:\/\/www.istegroup.com\/?s={search_term_string}\"},\"query-input\":{\"@type\":\"PropertyValueSpecification\",\"valueRequired\":true,\"valueName\":\"search_term_string\"}}],\"inLanguage\":\"fr-FR\"}]}<\/script>\n<!-- \/ Yoast SEO plugin. -->","yoast_head_json":{"title":"De la fabrication additive \u00e0 l\u2019impression 3D\/4D 2 - ISTE Group","description":"De la fabrication additive \u00e0 l\u2019impression 3D\/4D 2\u00a0traite des innovations incr\u00e9mentales qui concernent les proc\u00e9d\u00e9s, les logiciels, le r\u00e9engineering et les mat\u00e9riaux de la fabrication additive.","robots":{"index":"index","follow":"follow","max-snippet":"max-snippet:-1","max-image-preview":"max-image-preview:large","max-video-preview":"max-video-preview:-1"},"canonical":"https:\/\/www.istegroup.com\/fr\/produit\/de-la-fabrication-additive-a-limpression-3d-4d-2\/","og_locale":"fr_FR","og_type":"article","og_title":"De la fabrication additive \u00e0 l\u2019impression 3D\/4D 2 - ISTE Group","og_description":"De la fabrication additive \u00e0 l\u2019impression 3D\/4D 2\u00a0traite des innovations incr\u00e9mentales qui concernent les proc\u00e9d\u00e9s, les logiciels, le r\u00e9engineering et les mat\u00e9riaux de la fabrication additive.","og_url":"https:\/\/www.istegroup.com\/fr\/produit\/de-la-fabrication-additive-a-limpression-3d-4d-2\/","og_site_name":"ISTE Group","article_modified_time":"2024-01-03T13:42:13+00:00","og_image":[{"width":1705,"height":2560,"url":"https:\/\/www.istegroup.com\/wp-content\/uploads\/2018\/04\/Andre-2_Front-scaled.jpg","type":"image\/jpeg"}],"twitter_card":"summary_large_image","twitter_misc":{"Est. reading time":"2 minutes"},"schema":{"@context":"https:\/\/schema.org","@graph":[{"@type":"WebPage","@id":"https:\/\/www.istegroup.com\/fr\/produit\/de-la-fabrication-additive-a-limpression-3d-4d-2\/","url":"https:\/\/www.istegroup.com\/fr\/produit\/de-la-fabrication-additive-a-limpression-3d-4d-2\/","name":"De la fabrication additive \u00e0 l\u2019impression 3D\/4D 2 - ISTE Group","isPartOf":{"@id":"https:\/\/www.istegroup.com\/#website"},"primaryImageOfPage":{"@id":"https:\/\/www.istegroup.com\/fr\/produit\/de-la-fabrication-additive-a-limpression-3d-4d-2\/#primaryimage"},"image":{"@id":"https:\/\/www.istegroup.com\/fr\/produit\/de-la-fabrication-additive-a-limpression-3d-4d-2\/#primaryimage"},"thumbnailUrl":"https:\/\/www.istegroup.com\/wp-content\/uploads\/2018\/04\/Andre-2_Front-scaled.jpg","datePublished":"2018-04-17T13:32:22+00:00","dateModified":"2024-01-03T13:42:13+00:00","description":"De la fabrication additive \u00e0 l\u2019impression 3D\/4D 2\u00a0traite des innovations incr\u00e9mentales qui concernent les proc\u00e9d\u00e9s, les logiciels, le r\u00e9engineering et les mat\u00e9riaux de la fabrication additive.","breadcrumb":{"@id":"https:\/\/www.istegroup.com\/fr\/produit\/de-la-fabrication-additive-a-limpression-3d-4d-2\/#breadcrumb"},"inLanguage":"fr-FR","potentialAction":[{"@type":"ReadAction","target":["https:\/\/www.istegroup.com\/fr\/produit\/de-la-fabrication-additive-a-limpression-3d-4d-2\/"]}]},{"@type":"ImageObject","inLanguage":"fr-FR","@id":"https:\/\/www.istegroup.com\/fr\/produit\/de-la-fabrication-additive-a-limpression-3d-4d-2\/#primaryimage","url":"https:\/\/www.istegroup.com\/wp-content\/uploads\/2018\/04\/Andre-2_Front-scaled.jpg","contentUrl":"https:\/\/www.istegroup.com\/wp-content\/uploads\/2018\/04\/Andre-2_Front-scaled.jpg","width":1705,"height":2560,"caption":"Am\u00e9liorations des techniques actuelles et leurs limites"},{"@type":"BreadcrumbList","@id":"https:\/\/www.istegroup.com\/fr\/produit\/de-la-fabrication-additive-a-limpression-3d-4d-2\/#breadcrumb","itemListElement":[{"@type":"ListItem","position":1,"name":"Home","item":"https:\/\/www.istegroup.com\/"},{"@type":"ListItem","position":2,"name":"Shop","item":"https:\/\/www.istegroup.com\/fr\/nouveautes\/"},{"@type":"ListItem","position":3,"name":"De la fabrication additive \u00e0 l\u2019impression 3D\/4D 2"}]},{"@type":"WebSite","@id":"https:\/\/www.istegroup.com\/#website","url":"https:\/\/www.istegroup.com\/","name":"ISTE Group","description":"\u00c9diteur des Sciences","potentialAction":[{"@type":"SearchAction","target":{"@type":"EntryPoint","urlTemplate":"https:\/\/www.istegroup.com\/?s={search_term_string}"},"query-input":{"@type":"PropertyValueSpecification","valueRequired":true,"valueName":"search_term_string"}}],"inLanguage":"fr-FR"}]}},"_links":{"self":[{"href":"https:\/\/www.istegroup.com\/fr\/wp-json\/wp\/v2\/product\/12016","targetHints":{"allow":["GET"]}}],"collection":[{"href":"https:\/\/www.istegroup.com\/fr\/wp-json\/wp\/v2\/product"}],"about":[{"href":"https:\/\/www.istegroup.com\/fr\/wp-json\/wp\/v2\/types\/product"}],"wp:featuredmedia":[{"embeddable":true,"href":"https:\/\/www.istegroup.com\/fr\/wp-json\/wp\/v2\/media\/12022"}],"wp:attachment":[{"href":"https:\/\/www.istegroup.com\/fr\/wp-json\/wp\/v2\/media?parent=12016"}],"wp:term":[{"taxonomy":"product_brand","embeddable":true,"href":"https:\/\/www.istegroup.com\/fr\/wp-json\/wp\/v2\/product_brand?post=12016"},{"taxonomy":"product_cat","embeddable":true,"href":"https:\/\/www.istegroup.com\/fr\/wp-json\/wp\/v2\/product_cat?post=12016"},{"taxonomy":"product_tag","embeddable":true,"href":"https:\/\/www.istegroup.com\/fr\/wp-json\/wp\/v2\/product_tag?post=12016"}],"curies":[{"name":"wp","href":"https:\/\/api.w.org\/{rel}","templated":true}]}}