{"id":12010,"date":"2018-04-17T15:27:35","date_gmt":"2018-04-17T13:27:35","guid":{"rendered":"https:\/\/iste.yhello.co\/?post_type=product&#038;p=12010"},"modified":"2024-01-03T13:42:12","modified_gmt":"2024-01-03T13:42:12","slug":"de-la-fabrication-additive-a-limpression-3d-4d-1","status":"publish","type":"product","link":"https:\/\/www.istegroup.com\/fr\/produit\/de-la-fabrication-additive-a-limpression-3d-4d-1\/","title":{"rendered":"De la fabrication additive \u00e0 l\u2019impression 3D\/4D 1"},"content":{"rendered":"<p>Le march\u00e9 de la fabrication additive repr\u00e9sentait plusieurs milliards d\u2019euros, avec une croissance annuelle de 20 \u00e0 30 %. Cette nouvelle forme de ma\u00eetrise de la mati\u00e8re consiste \u00e0 apporter de la mati\u00e8re et\/ou de l\u2019\u00e9nergie localement dans le but de cr\u00e9er des objets physiques tridimensionnels.<\/p>\n<p>La premi\u00e8re technologie de photopolym\u00e9risation par laser r\u00e9solue dans l\u2019espace, appel\u00e9e st\u00e9r\u00e9olithographie, a servi de fondement aux 6 autres proc\u00e9d\u00e9s qui constituent l\u2019ensemble des techniques de fabrication additive. Diff\u00e9rents proc\u00e9d\u00e9s, mat\u00e9riaux, espaces \u2013 du nanom\u00e8tre au d\u00e9cam\u00e8tre \u2013, ont conduit, en 30 ans, \u00e0 environ 70 000 publications et \u00e0 quelques milliers de brevets.<\/p>\n<p>Premier volume d\u2019une s\u00e9rie de trois ouvrages,\u00a0<em>De la fabrication additive \u00e0 l\u2019impression 3D\/4D 1<\/em>\u00a0pr\u00e9sente les diff\u00e9rentes technologies de fabrication additive. En utilisant des illustrations industrielles, scientifiques et technologiques, il expose les forces des m\u00e9thodes 3D, mais aussi leurs faiblesses et les \u00e9volutions d\u2019innovations incr\u00e9mentales envisag\u00e9es pour les surmonter.<\/p>\n<p><strong>La presse en parle<\/strong><\/p>\n<p><em><a style=\"color: #1e9691\" href=\"http:\/\/www.primante3d.com\/ouvrage-imprimante-3d-02112020\/\">www.primante3d.com, 26 novembre 2021<\/a><\/em><\/p>","protected":false},"excerpt":{"rendered":"<p>Le march\u00e9 de la fabrication additive repr\u00e9sentait plusieurs milliards d\u2019euros, avec une croissance annuelle de 20 \u00e0 30 %. Cette nouvelle forme de ma\u00eetrise de la mati\u00e8re consiste \u00e0 apporter de la mati\u00e8re et\/ou de l\u2019\u00e9nergie localement dans le but de cr\u00e9er des objets physiques tridimensionnels. La premi\u00e8re technologie de photopolym\u00e9risation par laser r\u00e9solue dans [&hellip;]<\/p>\n","protected":false},"featured_media":12015,"template":"","meta":{"_acf_changed":false,"_links_to":"","_links_to_target":""},"product_brand":[],"product_cat":[3262],"product_tag":[3422,3421,18,20,21,22,3415,26,27,38,145,28,3420,3411,262],"class_list":{"0":"post-12010","1":"product","2":"type-product","3":"status-publish","4":"has-post-thumbnail","6":"product_cat-non-classe","7":"product_tag-de-la-fabrication-additive-a-limpression-3d-4d-1","8":"product_tag-des-concepts-aux-realisations-actuelles","9":"product_tag-edition-scientifique","10":"product_tag-editions-technique","11":"product_tag-iste-group","12":"product_tag-istegroup","13":"product_tag-jean-claude-andre","14":"product_tag-livre-scientifique-francais","15":"product_tag-livre-technique-francais","16":"product_tag-ouvrage-numerique","17":"product_tag-ouvrage-scientifique","18":"product_tag-ouvrage-scientifique-francais","19":"product_tag-photopolymerisation","20":"product_tag-systemes-et-genie-industriel","21":"product_tag-technologies","23":"first","24":"instock","25":"shipping-taxable","26":"purchasable","27":"product-type-variable"},"acf":[],"yoast_head":"<!-- This site is optimized with the Yoast SEO plugin v27.2 - https:\/\/yoast.com\/product\/yoast-seo-wordpress\/ -->\n<title>De la fabrication additive \u00e0 l\u2019impression 3D\/4D 1 - ISTE Group<\/title>\n<meta name=\"description\" content=\"De la fabrication additive \u00e0 l\u2019impression 3D\/4D 1\u00a0pr\u00e9sente les diff\u00e9rentes technologies de fabrication additive. En utilisant des illustrations industrielles, scientifiques et technologiques, il expose les forces des m\u00e9thodes 3D, mais aussi leurs faiblesses et les \u00e9volutions d\u2019innovations incr\u00e9mentales envisag\u00e9es pour les surmonter.\" \/>\n<meta name=\"robots\" content=\"index, follow, max-snippet:-1, max-image-preview:large, max-video-preview:-1\" \/>\n<link rel=\"canonical\" href=\"https:\/\/www.istegroup.com\/fr\/produit\/de-la-fabrication-additive-a-limpression-3d-4d-1\/\" \/>\n<meta property=\"og:locale\" content=\"fr_FR\" \/>\n<meta property=\"og:type\" content=\"article\" \/>\n<meta property=\"og:title\" content=\"De la fabrication additive \u00e0 l\u2019impression 3D\/4D 1 - ISTE Group\" \/>\n<meta property=\"og:description\" content=\"De la fabrication additive \u00e0 l\u2019impression 3D\/4D 1\u00a0pr\u00e9sente les diff\u00e9rentes technologies de fabrication additive. En utilisant des illustrations industrielles, scientifiques et technologiques, il expose les forces des m\u00e9thodes 3D, mais aussi leurs faiblesses et les \u00e9volutions d\u2019innovations incr\u00e9mentales envisag\u00e9es pour les surmonter.\" \/>\n<meta property=\"og:url\" content=\"https:\/\/www.istegroup.com\/fr\/produit\/de-la-fabrication-additive-a-limpression-3d-4d-1\/\" \/>\n<meta property=\"og:site_name\" content=\"ISTE Group\" \/>\n<meta property=\"article:modified_time\" content=\"2024-01-03T13:42:12+00:00\" \/>\n<meta property=\"og:image\" content=\"https:\/\/www.istegroup.com\/wp-content\/uploads\/2018\/04\/Andre-1_Front-scaled.jpg\" \/>\n\t<meta property=\"og:image:width\" content=\"1706\" \/>\n\t<meta property=\"og:image:height\" content=\"2560\" \/>\n\t<meta property=\"og:image:type\" content=\"image\/jpeg\" \/>\n<meta name=\"twitter:card\" content=\"summary_large_image\" \/>\n<meta name=\"twitter:label1\" content=\"Est. reading time\" \/>\n\t<meta name=\"twitter:data1\" content=\"2 minutes\" \/>\n<script type=\"application\/ld+json\" class=\"yoast-schema-graph\">{\"@context\":\"https:\/\/schema.org\",\"@graph\":[{\"@type\":\"WebPage\",\"@id\":\"https:\/\/www.istegroup.com\/fr\/produit\/de-la-fabrication-additive-a-limpression-3d-4d-1\/\",\"url\":\"https:\/\/www.istegroup.com\/fr\/produit\/de-la-fabrication-additive-a-limpression-3d-4d-1\/\",\"name\":\"De la fabrication additive \u00e0 l\u2019impression 3D\/4D 1 - ISTE Group\",\"isPartOf\":{\"@id\":\"https:\/\/www.istegroup.com\/#website\"},\"primaryImageOfPage\":{\"@id\":\"https:\/\/www.istegroup.com\/fr\/produit\/de-la-fabrication-additive-a-limpression-3d-4d-1\/#primaryimage\"},\"image\":{\"@id\":\"https:\/\/www.istegroup.com\/fr\/produit\/de-la-fabrication-additive-a-limpression-3d-4d-1\/#primaryimage\"},\"thumbnailUrl\":\"https:\/\/www.istegroup.com\/wp-content\/uploads\/2018\/04\/Andre-1_Front-scaled.jpg\",\"datePublished\":\"2018-04-17T13:27:35+00:00\",\"dateModified\":\"2024-01-03T13:42:12+00:00\",\"description\":\"De la fabrication additive \u00e0 l\u2019impression 3D\/4D 1\u00a0pr\u00e9sente les diff\u00e9rentes technologies de fabrication additive. En utilisant des illustrations industrielles, scientifiques et technologiques, il expose les forces des m\u00e9thodes 3D, mais aussi leurs faiblesses et les \u00e9volutions d\u2019innovations incr\u00e9mentales envisag\u00e9es pour les surmonter.\",\"breadcrumb\":{\"@id\":\"https:\/\/www.istegroup.com\/fr\/produit\/de-la-fabrication-additive-a-limpression-3d-4d-1\/#breadcrumb\"},\"inLanguage\":\"fr-FR\",\"potentialAction\":[{\"@type\":\"ReadAction\",\"target\":[\"https:\/\/www.istegroup.com\/fr\/produit\/de-la-fabrication-additive-a-limpression-3d-4d-1\/\"]}]},{\"@type\":\"ImageObject\",\"inLanguage\":\"fr-FR\",\"@id\":\"https:\/\/www.istegroup.com\/fr\/produit\/de-la-fabrication-additive-a-limpression-3d-4d-1\/#primaryimage\",\"url\":\"https:\/\/www.istegroup.com\/wp-content\/uploads\/2018\/04\/Andre-1_Front-scaled.jpg\",\"contentUrl\":\"https:\/\/www.istegroup.com\/wp-content\/uploads\/2018\/04\/Andre-1_Front-scaled.jpg\",\"width\":1706,\"height\":2560,\"caption\":\"Des concepts aux r\u00e9alisations actuelles\"},{\"@type\":\"BreadcrumbList\",\"@id\":\"https:\/\/www.istegroup.com\/fr\/produit\/de-la-fabrication-additive-a-limpression-3d-4d-1\/#breadcrumb\",\"itemListElement\":[{\"@type\":\"ListItem\",\"position\":1,\"name\":\"Home\",\"item\":\"https:\/\/www.istegroup.com\/\"},{\"@type\":\"ListItem\",\"position\":2,\"name\":\"Shop\",\"item\":\"https:\/\/www.istegroup.com\/fr\/nouveautes\/\"},{\"@type\":\"ListItem\",\"position\":3,\"name\":\"De la fabrication additive \u00e0 l\u2019impression 3D\/4D 1\"}]},{\"@type\":\"WebSite\",\"@id\":\"https:\/\/www.istegroup.com\/#website\",\"url\":\"https:\/\/www.istegroup.com\/\",\"name\":\"ISTE Group\",\"description\":\"\u00c9diteur des Sciences\",\"potentialAction\":[{\"@type\":\"SearchAction\",\"target\":{\"@type\":\"EntryPoint\",\"urlTemplate\":\"https:\/\/www.istegroup.com\/?s={search_term_string}\"},\"query-input\":{\"@type\":\"PropertyValueSpecification\",\"valueRequired\":true,\"valueName\":\"search_term_string\"}}],\"inLanguage\":\"fr-FR\"}]}<\/script>\n<!-- \/ Yoast SEO plugin. -->","yoast_head_json":{"title":"De la fabrication additive \u00e0 l\u2019impression 3D\/4D 1 - ISTE Group","description":"De la fabrication additive \u00e0 l\u2019impression 3D\/4D 1\u00a0pr\u00e9sente les diff\u00e9rentes technologies de fabrication additive. En utilisant des illustrations industrielles, scientifiques et technologiques, il expose les forces des m\u00e9thodes 3D, mais aussi leurs faiblesses et les \u00e9volutions d\u2019innovations incr\u00e9mentales envisag\u00e9es pour les surmonter.","robots":{"index":"index","follow":"follow","max-snippet":"max-snippet:-1","max-image-preview":"max-image-preview:large","max-video-preview":"max-video-preview:-1"},"canonical":"https:\/\/www.istegroup.com\/fr\/produit\/de-la-fabrication-additive-a-limpression-3d-4d-1\/","og_locale":"fr_FR","og_type":"article","og_title":"De la fabrication additive \u00e0 l\u2019impression 3D\/4D 1 - ISTE Group","og_description":"De la fabrication additive \u00e0 l\u2019impression 3D\/4D 1\u00a0pr\u00e9sente les diff\u00e9rentes technologies de fabrication additive. En utilisant des illustrations industrielles, scientifiques et technologiques, il expose les forces des m\u00e9thodes 3D, mais aussi leurs faiblesses et les \u00e9volutions d\u2019innovations incr\u00e9mentales envisag\u00e9es pour les surmonter.","og_url":"https:\/\/www.istegroup.com\/fr\/produit\/de-la-fabrication-additive-a-limpression-3d-4d-1\/","og_site_name":"ISTE Group","article_modified_time":"2024-01-03T13:42:12+00:00","og_image":[{"width":1706,"height":2560,"url":"https:\/\/www.istegroup.com\/wp-content\/uploads\/2018\/04\/Andre-1_Front-scaled.jpg","type":"image\/jpeg"}],"twitter_card":"summary_large_image","twitter_misc":{"Est. reading time":"2 minutes"},"schema":{"@context":"https:\/\/schema.org","@graph":[{"@type":"WebPage","@id":"https:\/\/www.istegroup.com\/fr\/produit\/de-la-fabrication-additive-a-limpression-3d-4d-1\/","url":"https:\/\/www.istegroup.com\/fr\/produit\/de-la-fabrication-additive-a-limpression-3d-4d-1\/","name":"De la fabrication additive \u00e0 l\u2019impression 3D\/4D 1 - ISTE Group","isPartOf":{"@id":"https:\/\/www.istegroup.com\/#website"},"primaryImageOfPage":{"@id":"https:\/\/www.istegroup.com\/fr\/produit\/de-la-fabrication-additive-a-limpression-3d-4d-1\/#primaryimage"},"image":{"@id":"https:\/\/www.istegroup.com\/fr\/produit\/de-la-fabrication-additive-a-limpression-3d-4d-1\/#primaryimage"},"thumbnailUrl":"https:\/\/www.istegroup.com\/wp-content\/uploads\/2018\/04\/Andre-1_Front-scaled.jpg","datePublished":"2018-04-17T13:27:35+00:00","dateModified":"2024-01-03T13:42:12+00:00","description":"De la fabrication additive \u00e0 l\u2019impression 3D\/4D 1\u00a0pr\u00e9sente les diff\u00e9rentes technologies de fabrication additive. En utilisant des illustrations industrielles, scientifiques et technologiques, il expose les forces des m\u00e9thodes 3D, mais aussi leurs faiblesses et les \u00e9volutions d\u2019innovations incr\u00e9mentales envisag\u00e9es pour les surmonter.","breadcrumb":{"@id":"https:\/\/www.istegroup.com\/fr\/produit\/de-la-fabrication-additive-a-limpression-3d-4d-1\/#breadcrumb"},"inLanguage":"fr-FR","potentialAction":[{"@type":"ReadAction","target":["https:\/\/www.istegroup.com\/fr\/produit\/de-la-fabrication-additive-a-limpression-3d-4d-1\/"]}]},{"@type":"ImageObject","inLanguage":"fr-FR","@id":"https:\/\/www.istegroup.com\/fr\/produit\/de-la-fabrication-additive-a-limpression-3d-4d-1\/#primaryimage","url":"https:\/\/www.istegroup.com\/wp-content\/uploads\/2018\/04\/Andre-1_Front-scaled.jpg","contentUrl":"https:\/\/www.istegroup.com\/wp-content\/uploads\/2018\/04\/Andre-1_Front-scaled.jpg","width":1706,"height":2560,"caption":"Des concepts aux r\u00e9alisations actuelles"},{"@type":"BreadcrumbList","@id":"https:\/\/www.istegroup.com\/fr\/produit\/de-la-fabrication-additive-a-limpression-3d-4d-1\/#breadcrumb","itemListElement":[{"@type":"ListItem","position":1,"name":"Home","item":"https:\/\/www.istegroup.com\/"},{"@type":"ListItem","position":2,"name":"Shop","item":"https:\/\/www.istegroup.com\/fr\/nouveautes\/"},{"@type":"ListItem","position":3,"name":"De la fabrication additive \u00e0 l\u2019impression 3D\/4D 1"}]},{"@type":"WebSite","@id":"https:\/\/www.istegroup.com\/#website","url":"https:\/\/www.istegroup.com\/","name":"ISTE Group","description":"\u00c9diteur des Sciences","potentialAction":[{"@type":"SearchAction","target":{"@type":"EntryPoint","urlTemplate":"https:\/\/www.istegroup.com\/?s={search_term_string}"},"query-input":{"@type":"PropertyValueSpecification","valueRequired":true,"valueName":"search_term_string"}}],"inLanguage":"fr-FR"}]}},"_links":{"self":[{"href":"https:\/\/www.istegroup.com\/fr\/wp-json\/wp\/v2\/product\/12010","targetHints":{"allow":["GET"]}}],"collection":[{"href":"https:\/\/www.istegroup.com\/fr\/wp-json\/wp\/v2\/product"}],"about":[{"href":"https:\/\/www.istegroup.com\/fr\/wp-json\/wp\/v2\/types\/product"}],"wp:featuredmedia":[{"embeddable":true,"href":"https:\/\/www.istegroup.com\/fr\/wp-json\/wp\/v2\/media\/12015"}],"wp:attachment":[{"href":"https:\/\/www.istegroup.com\/fr\/wp-json\/wp\/v2\/media?parent=12010"}],"wp:term":[{"taxonomy":"product_brand","embeddable":true,"href":"https:\/\/www.istegroup.com\/fr\/wp-json\/wp\/v2\/product_brand?post=12010"},{"taxonomy":"product_cat","embeddable":true,"href":"https:\/\/www.istegroup.com\/fr\/wp-json\/wp\/v2\/product_cat?post=12010"},{"taxonomy":"product_tag","embeddable":true,"href":"https:\/\/www.istegroup.com\/fr\/wp-json\/wp\/v2\/product_tag?post=12010"}],"curies":[{"name":"wp","href":"https:\/\/api.w.org\/{rel}","templated":true}]}}