{"id":11971,"date":"2018-04-17T14:43:02","date_gmt":"2018-04-17T12:43:02","guid":{"rendered":"https:\/\/iste.yhello.co\/?post_type=product&#038;p=11971"},"modified":"2024-01-03T13:42:08","modified_gmt":"2024-01-03T13:42:08","slug":"biodiversite-et-sante","status":"publish","type":"product","link":"https:\/\/www.istegroup.com\/fr\/produit\/biodiversite-et-sante\/","title":{"rendered":"Biodiversit\u00e9 et sant\u00e9"},"content":{"rendered":"<p><em>Biodiversit\u00e9 et sant\u00e9\u00a0<\/em>comble le foss\u00e9 entre l\u2019\u00e9cologie de la sant\u00e9 et les concepts issus des initiatives internationales comme EcoHealth, One Health ou Planetary Health.<\/p>\n<p>La biodiversit\u00e9 et la sant\u00e9 offrent une occasion unique de montrer comment les sciences \u00e9cologiques, les sciences de l\u2019environnement, les sciences m\u00e9dicales et les sciences sociales peuvent contribuer \u00e0 am\u00e9liorer la sant\u00e9 et le bien-\u00eatre humains en pr\u00e9servant la biodiversit\u00e9 et ses services rendus aux soci\u00e9t\u00e9s.<\/p>\n<p>Cet ouvrage offre un aper\u00e7u g\u00e9n\u00e9ral et int\u00e9gr\u00e9 des disciplines scientifiques contribuant \u00e0 lier la sant\u00e9 \u00e0 la biodiversit\u00e9 : de l\u2019\u00e9cologie \u00e9volutive des maladies infectieuses et non infectieuses \u00e0 l\u2019\u00e9thique, au droit, et aux politiques publiques.<\/p>\n","protected":false},"excerpt":{"rendered":"<p>Biodiversit\u00e9 et sant\u00e9\u00a0comble le foss\u00e9 entre l\u2019\u00e9cologie de la sant\u00e9 et les concepts issus des initiatives internationales comme EcoHealth, One Health ou Planetary Health. La biodiversit\u00e9 et la sant\u00e9 offrent une occasion unique de montrer comment les sciences \u00e9cologiques, les sciences de l\u2019environnement, les sciences m\u00e9dicales et les sciences sociales peuvent contribuer \u00e0 am\u00e9liorer la [&hellip;]<\/p>\n","protected":false},"featured_media":11978,"template":"","meta":{"_acf_changed":false,"_links_to":"","_links_to_target":""},"product_brand":[],"product_cat":[3262],"product_tag":[3446,3445,18,19,20,21,22,3443,3444,63,172,26,27,145,28,3442],"class_list":{"0":"post-11971","1":"product","2":"type-product","3":"status-publish","4":"has-post-thumbnail","6":"product_cat-non-classe","7":"product_tag-biodiversite-et-sante","8":"product_tag-claire-lajaunie","9":"product_tag-edition-scientifique","10":"product_tag-editions-francaise","11":"product_tag-editions-technique","12":"product_tag-iste-group","13":"product_tag-istegroup","14":"product_tag-les-ecosystemes-et-les-societes","15":"product_tag-les-liens-entre-le-vivant","16":"product_tag-livre-electronique","17":"product_tag-livre-scientifique","18":"product_tag-livre-scientifique-francais","19":"product_tag-livre-technique-francais","20":"product_tag-ouvrage-scientifique","21":"product_tag-ouvrage-scientifique-francais","22":"product_tag-serge-morand","24":"first","25":"instock","26":"shipping-taxable","27":"purchasable","28":"product-type-variable"},"acf":[],"yoast_head":"<!-- This site is optimized with the Yoast SEO plugin v27.2 - https:\/\/yoast.com\/product\/yoast-seo-wordpress\/ -->\n<title>Biodiversit\u00e9 et sant\u00e9 - ISTE Group<\/title>\n<meta name=\"description\" content=\"Biodiversit\u00e9 et sant\u00e9\u00a0comble le foss\u00e9 entre l\u2019\u00e9cologie de la sant\u00e9 et les concepts issus des initiatives internationales comme EcoHealth, One Health ou Planetary Health.\" \/>\n<meta name=\"robots\" content=\"index, follow, max-snippet:-1, max-image-preview:large, max-video-preview:-1\" \/>\n<link rel=\"canonical\" href=\"https:\/\/www.istegroup.com\/fr\/produit\/biodiversite-et-sante\/\" \/>\n<meta property=\"og:locale\" content=\"fr_FR\" \/>\n<meta property=\"og:type\" content=\"article\" \/>\n<meta property=\"og:title\" content=\"Biodiversit\u00e9 et sant\u00e9 - ISTE Group\" \/>\n<meta property=\"og:description\" content=\"Biodiversit\u00e9 et sant\u00e9\u00a0comble le foss\u00e9 entre l\u2019\u00e9cologie de la sant\u00e9 et les concepts issus des initiatives internationales comme EcoHealth, One Health ou Planetary Health.\" \/>\n<meta property=\"og:url\" content=\"https:\/\/www.istegroup.com\/fr\/produit\/biodiversite-et-sante\/\" \/>\n<meta property=\"og:site_name\" content=\"ISTE Group\" \/>\n<meta property=\"article:modified_time\" content=\"2024-01-03T13:42:08+00:00\" \/>\n<meta property=\"og:image\" content=\"https:\/\/www.istegroup.com\/wp-content\/uploads\/2018\/04\/Morand_Front-scaled.jpg\" \/>\n\t<meta property=\"og:image:width\" content=\"1703\" \/>\n\t<meta property=\"og:image:height\" content=\"2560\" \/>\n\t<meta property=\"og:image:type\" content=\"image\/jpeg\" \/>\n<meta name=\"twitter:card\" content=\"summary_large_image\" \/>\n<meta name=\"twitter:label1\" content=\"Est. reading time\" \/>\n\t<meta name=\"twitter:data1\" content=\"1 minute\" \/>\n<script type=\"application\/ld+json\" class=\"yoast-schema-graph\">{\"@context\":\"https:\/\/schema.org\",\"@graph\":[{\"@type\":\"WebPage\",\"@id\":\"https:\/\/www.istegroup.com\/fr\/produit\/biodiversite-et-sante\/\",\"url\":\"https:\/\/www.istegroup.com\/fr\/produit\/biodiversite-et-sante\/\",\"name\":\"Biodiversit\u00e9 et sant\u00e9 - ISTE Group\",\"isPartOf\":{\"@id\":\"https:\/\/www.istegroup.com\/#website\"},\"primaryImageOfPage\":{\"@id\":\"https:\/\/www.istegroup.com\/fr\/produit\/biodiversite-et-sante\/#primaryimage\"},\"image\":{\"@id\":\"https:\/\/www.istegroup.com\/fr\/produit\/biodiversite-et-sante\/#primaryimage\"},\"thumbnailUrl\":\"https:\/\/www.istegroup.com\/wp-content\/uploads\/2018\/04\/Morand_Front-scaled.jpg\",\"datePublished\":\"2018-04-17T12:43:02+00:00\",\"dateModified\":\"2024-01-03T13:42:08+00:00\",\"description\":\"Biodiversit\u00e9 et sant\u00e9\u00a0comble le foss\u00e9 entre l\u2019\u00e9cologie de la sant\u00e9 et les concepts issus des initiatives internationales comme EcoHealth, One Health ou Planetary Health.\",\"breadcrumb\":{\"@id\":\"https:\/\/www.istegroup.com\/fr\/produit\/biodiversite-et-sante\/#breadcrumb\"},\"inLanguage\":\"fr-FR\",\"potentialAction\":[{\"@type\":\"ReadAction\",\"target\":[\"https:\/\/www.istegroup.com\/fr\/produit\/biodiversite-et-sante\/\"]}]},{\"@type\":\"ImageObject\",\"inLanguage\":\"fr-FR\",\"@id\":\"https:\/\/www.istegroup.com\/fr\/produit\/biodiversite-et-sante\/#primaryimage\",\"url\":\"https:\/\/www.istegroup.com\/wp-content\/uploads\/2018\/04\/Morand_Front-scaled.jpg\",\"contentUrl\":\"https:\/\/www.istegroup.com\/wp-content\/uploads\/2018\/04\/Morand_Front-scaled.jpg\",\"width\":1703,\"height\":2560,\"caption\":\"Les liens entre le vivant, les \u00e9cosyst\u00e8mes et les soci\u00e9t\u00e9s\"},{\"@type\":\"BreadcrumbList\",\"@id\":\"https:\/\/www.istegroup.com\/fr\/produit\/biodiversite-et-sante\/#breadcrumb\",\"itemListElement\":[{\"@type\":\"ListItem\",\"position\":1,\"name\":\"Home\",\"item\":\"https:\/\/www.istegroup.com\/\"},{\"@type\":\"ListItem\",\"position\":2,\"name\":\"Shop\",\"item\":\"https:\/\/www.istegroup.com\/fr\/nouveautes\/\"},{\"@type\":\"ListItem\",\"position\":3,\"name\":\"Biodiversit\u00e9 et sant\u00e9\"}]},{\"@type\":\"WebSite\",\"@id\":\"https:\/\/www.istegroup.com\/#website\",\"url\":\"https:\/\/www.istegroup.com\/\",\"name\":\"ISTE Group\",\"description\":\"\u00c9diteur des Sciences\",\"potentialAction\":[{\"@type\":\"SearchAction\",\"target\":{\"@type\":\"EntryPoint\",\"urlTemplate\":\"https:\/\/www.istegroup.com\/?s={search_term_string}\"},\"query-input\":{\"@type\":\"PropertyValueSpecification\",\"valueRequired\":true,\"valueName\":\"search_term_string\"}}],\"inLanguage\":\"fr-FR\"}]}<\/script>\n<!-- \/ Yoast SEO plugin. -->","yoast_head_json":{"title":"Biodiversit\u00e9 et sant\u00e9 - ISTE Group","description":"Biodiversit\u00e9 et sant\u00e9\u00a0comble le foss\u00e9 entre l\u2019\u00e9cologie de la sant\u00e9 et les concepts issus des initiatives internationales comme EcoHealth, One Health ou Planetary Health.","robots":{"index":"index","follow":"follow","max-snippet":"max-snippet:-1","max-image-preview":"max-image-preview:large","max-video-preview":"max-video-preview:-1"},"canonical":"https:\/\/www.istegroup.com\/fr\/produit\/biodiversite-et-sante\/","og_locale":"fr_FR","og_type":"article","og_title":"Biodiversit\u00e9 et sant\u00e9 - ISTE Group","og_description":"Biodiversit\u00e9 et sant\u00e9\u00a0comble le foss\u00e9 entre l\u2019\u00e9cologie de la sant\u00e9 et les concepts issus des initiatives internationales comme EcoHealth, One Health ou Planetary Health.","og_url":"https:\/\/www.istegroup.com\/fr\/produit\/biodiversite-et-sante\/","og_site_name":"ISTE Group","article_modified_time":"2024-01-03T13:42:08+00:00","og_image":[{"width":1703,"height":2560,"url":"https:\/\/www.istegroup.com\/wp-content\/uploads\/2018\/04\/Morand_Front-scaled.jpg","type":"image\/jpeg"}],"twitter_card":"summary_large_image","twitter_misc":{"Est. reading time":"1 minute"},"schema":{"@context":"https:\/\/schema.org","@graph":[{"@type":"WebPage","@id":"https:\/\/www.istegroup.com\/fr\/produit\/biodiversite-et-sante\/","url":"https:\/\/www.istegroup.com\/fr\/produit\/biodiversite-et-sante\/","name":"Biodiversit\u00e9 et sant\u00e9 - ISTE Group","isPartOf":{"@id":"https:\/\/www.istegroup.com\/#website"},"primaryImageOfPage":{"@id":"https:\/\/www.istegroup.com\/fr\/produit\/biodiversite-et-sante\/#primaryimage"},"image":{"@id":"https:\/\/www.istegroup.com\/fr\/produit\/biodiversite-et-sante\/#primaryimage"},"thumbnailUrl":"https:\/\/www.istegroup.com\/wp-content\/uploads\/2018\/04\/Morand_Front-scaled.jpg","datePublished":"2018-04-17T12:43:02+00:00","dateModified":"2024-01-03T13:42:08+00:00","description":"Biodiversit\u00e9 et sant\u00e9\u00a0comble le foss\u00e9 entre l\u2019\u00e9cologie de la sant\u00e9 et les concepts issus des initiatives internationales comme EcoHealth, One Health ou Planetary Health.","breadcrumb":{"@id":"https:\/\/www.istegroup.com\/fr\/produit\/biodiversite-et-sante\/#breadcrumb"},"inLanguage":"fr-FR","potentialAction":[{"@type":"ReadAction","target":["https:\/\/www.istegroup.com\/fr\/produit\/biodiversite-et-sante\/"]}]},{"@type":"ImageObject","inLanguage":"fr-FR","@id":"https:\/\/www.istegroup.com\/fr\/produit\/biodiversite-et-sante\/#primaryimage","url":"https:\/\/www.istegroup.com\/wp-content\/uploads\/2018\/04\/Morand_Front-scaled.jpg","contentUrl":"https:\/\/www.istegroup.com\/wp-content\/uploads\/2018\/04\/Morand_Front-scaled.jpg","width":1703,"height":2560,"caption":"Les liens entre le vivant, les \u00e9cosyst\u00e8mes et les soci\u00e9t\u00e9s"},{"@type":"BreadcrumbList","@id":"https:\/\/www.istegroup.com\/fr\/produit\/biodiversite-et-sante\/#breadcrumb","itemListElement":[{"@type":"ListItem","position":1,"name":"Home","item":"https:\/\/www.istegroup.com\/"},{"@type":"ListItem","position":2,"name":"Shop","item":"https:\/\/www.istegroup.com\/fr\/nouveautes\/"},{"@type":"ListItem","position":3,"name":"Biodiversit\u00e9 et sant\u00e9"}]},{"@type":"WebSite","@id":"https:\/\/www.istegroup.com\/#website","url":"https:\/\/www.istegroup.com\/","name":"ISTE Group","description":"\u00c9diteur des Sciences","potentialAction":[{"@type":"SearchAction","target":{"@type":"EntryPoint","urlTemplate":"https:\/\/www.istegroup.com\/?s={search_term_string}"},"query-input":{"@type":"PropertyValueSpecification","valueRequired":true,"valueName":"search_term_string"}}],"inLanguage":"fr-FR"}]}},"_links":{"self":[{"href":"https:\/\/www.istegroup.com\/fr\/wp-json\/wp\/v2\/product\/11971","targetHints":{"allow":["GET"]}}],"collection":[{"href":"https:\/\/www.istegroup.com\/fr\/wp-json\/wp\/v2\/product"}],"about":[{"href":"https:\/\/www.istegroup.com\/fr\/wp-json\/wp\/v2\/types\/product"}],"wp:featuredmedia":[{"embeddable":true,"href":"https:\/\/www.istegroup.com\/fr\/wp-json\/wp\/v2\/media\/11978"}],"wp:attachment":[{"href":"https:\/\/www.istegroup.com\/fr\/wp-json\/wp\/v2\/media?parent=11971"}],"wp:term":[{"taxonomy":"product_brand","embeddable":true,"href":"https:\/\/www.istegroup.com\/fr\/wp-json\/wp\/v2\/product_brand?post=11971"},{"taxonomy":"product_cat","embeddable":true,"href":"https:\/\/www.istegroup.com\/fr\/wp-json\/wp\/v2\/product_cat?post=11971"},{"taxonomy":"product_tag","embeddable":true,"href":"https:\/\/www.istegroup.com\/fr\/wp-json\/wp\/v2\/product_tag?post=11971"}],"curies":[{"name":"wp","href":"https:\/\/api.w.org\/{rel}","templated":true}]}}