{"id":11964,"date":"2018-04-17T14:35:57","date_gmt":"2018-04-17T12:35:57","guid":{"rendered":"https:\/\/iste.yhello.co\/?post_type=product&#038;p=11964"},"modified":"2024-01-03T13:42:08","modified_gmt":"2024-01-03T13:42:08","slug":"introduction-aux-phenomenes-de-transferts-dans-la-pile-a-combustible-pemfc","status":"publish","type":"product","link":"https:\/\/www.istegroup.com\/fr\/produit\/introduction-aux-phenomenes-de-transferts-dans-la-pile-a-combustible-pemfc\/","title":{"rendered":"Introduction aux ph\u00e9nom\u00e8nes de transferts dans la pile \u00e0 combustible PEMFC"},"content":{"rendered":"<p>L&rsquo;hydrog\u00e8ne appara\u00eet comme une alternative int\u00e9ressante aux sources d\u2019\u00e9nergies polluantes et intermittentes. Il est consid\u00e9r\u00e9 comme un vecteur \u00e9nerg\u00e9tique permettant de stocker et de transporter de l\u2019\u00e9nergie sous sa forme chimique.<\/p>\n<p>Bien que la pile \u00e0 combustible PEMFC soit un convertisseur \u00e9lectrochimique fonctionnant selon le principe inverse de l&rsquo;\u00e9lectrolyse de l&rsquo;eau, elle est aussi consid\u00e9r\u00e9e comme l\u2019une des applications les plus courantes de l\u2019hydrog\u00e8ne. L\u2019\u00e9tude et la compr\u00e9hension des ph\u00e9nom\u00e8nes physico-chimiques au coeur d\u2019une cellule de la pile sont indispensables pour la pr\u00e9diction de ses performances et m\u00eame de sa dur\u00e9e de vie.<\/p>\n<p>Cet ouvrage contribue \u00e0 l\u2019\u00e9tude des diff\u00e9rents ph\u00e9nom\u00e8nes de transferts coupl\u00e9s au coeur d\u2019une cellule d\u2019une pile PEM (transferts de charge, de masse et de chaleur). Il est le fruit de plusieurs ann\u00e9es de recherche et de traduction \u00e0 partir des livres et des travaux de th\u00e8se r\u00e9alis\u00e9s au cours des derni\u00e8res ann\u00e9es.<\/p>\n","protected":false},"excerpt":{"rendered":"<p>L&rsquo;hydrog\u00e8ne appara\u00eet comme une alternative int\u00e9ressante aux sources d\u2019\u00e9nergies polluantes et intermittentes. Il est consid\u00e9r\u00e9 comme un vecteur \u00e9nerg\u00e9tique permettant de stocker et de transporter de l\u2019\u00e9nergie sous sa forme chimique. Bien que la pile \u00e0 combustible PEMFC soit un convertisseur \u00e9lectrochimique fonctionnant selon le principe inverse de l&rsquo;\u00e9lectrolyse de l&rsquo;eau, elle est aussi consid\u00e9r\u00e9e [&hellip;]<\/p>\n","protected":false},"featured_media":11970,"template":"","meta":{"_acf_changed":false,"_links_to":"","_links_to_target":""},"product_brand":[],"product_cat":[3262],"product_tag":[3450,2323,3449,18,19,20,3448,3447,21,22,25,26,27,145,28],"class_list":{"0":"post-11964","1":"product","2":"type-product","3":"status-publish","4":"has-post-thumbnail","6":"product_cat-non-classe","7":"product_tag-bilal-abderezzak","8":"product_tag-collection-energie","9":"product_tag-combustible-pemfc","10":"product_tag-edition-scientifique","11":"product_tag-editions-francaise","12":"product_tag-editions-technique","13":"product_tag-hydrogene","14":"product_tag-introduction-aux-phenomenes-de-transferts-dans-la-pile-a-combustible-pemfc","15":"product_tag-iste-group","16":"product_tag-istegroup","17":"product_tag-livre-numerique","18":"product_tag-livre-scientifique-francais","19":"product_tag-livre-technique-francais","20":"product_tag-ouvrage-scientifique","21":"product_tag-ouvrage-scientifique-francais","23":"first","24":"instock","25":"shipping-taxable","26":"purchasable","27":"product-type-variable"},"acf":[],"yoast_head":"<!-- This site is optimized with the Yoast SEO plugin v27.2 - https:\/\/yoast.com\/product\/yoast-seo-wordpress\/ -->\n<title>Introduction aux ph\u00e9nom\u00e8nes de transferts dans la pile \u00e0 combustible PEMFC - ISTE Group<\/title>\n<meta name=\"description\" content=\"Cet ouvrage contribue \u00e0 l\u2019\u00e9tude des diff\u00e9rents ph\u00e9nom\u00e8nes de transferts coupl\u00e9s au coeur d\u2019une cellule d\u2019une pile PEM (transferts de charge, de masse et de chaleur).\" \/>\n<meta name=\"robots\" content=\"index, follow, max-snippet:-1, max-image-preview:large, max-video-preview:-1\" \/>\n<link rel=\"canonical\" href=\"https:\/\/www.istegroup.com\/fr\/produit\/introduction-aux-phenomenes-de-transferts-dans-la-pile-a-combustible-pemfc\/\" \/>\n<meta property=\"og:locale\" content=\"fr_FR\" \/>\n<meta property=\"og:type\" content=\"article\" \/>\n<meta property=\"og:title\" content=\"Introduction aux ph\u00e9nom\u00e8nes de transferts dans la pile \u00e0 combustible PEMFC - ISTE Group\" \/>\n<meta property=\"og:description\" content=\"Cet ouvrage contribue \u00e0 l\u2019\u00e9tude des diff\u00e9rents ph\u00e9nom\u00e8nes de transferts coupl\u00e9s au coeur d\u2019une cellule d\u2019une pile PEM (transferts de charge, de masse et de chaleur).\" \/>\n<meta property=\"og:url\" content=\"https:\/\/www.istegroup.com\/fr\/produit\/introduction-aux-phenomenes-de-transferts-dans-la-pile-a-combustible-pemfc\/\" \/>\n<meta property=\"og:site_name\" content=\"ISTE Group\" \/>\n<meta property=\"article:modified_time\" content=\"2024-01-03T13:42:08+00:00\" \/>\n<meta property=\"og:image\" content=\"https:\/\/www.istegroup.com\/wp-content\/uploads\/2018\/04\/Abderezzak_Front-scaled.jpg\" \/>\n\t<meta property=\"og:image:width\" content=\"1635\" \/>\n\t<meta property=\"og:image:height\" content=\"2560\" \/>\n\t<meta property=\"og:image:type\" content=\"image\/jpeg\" \/>\n<meta name=\"twitter:card\" content=\"summary_large_image\" \/>\n<meta name=\"twitter:label1\" content=\"Est. reading time\" \/>\n\t<meta name=\"twitter:data1\" content=\"1 minute\" \/>\n<script type=\"application\/ld+json\" class=\"yoast-schema-graph\">{\"@context\":\"https:\/\/schema.org\",\"@graph\":[{\"@type\":\"WebPage\",\"@id\":\"https:\/\/www.istegroup.com\/fr\/produit\/introduction-aux-phenomenes-de-transferts-dans-la-pile-a-combustible-pemfc\/\",\"url\":\"https:\/\/www.istegroup.com\/fr\/produit\/introduction-aux-phenomenes-de-transferts-dans-la-pile-a-combustible-pemfc\/\",\"name\":\"Introduction aux ph\u00e9nom\u00e8nes de transferts dans la pile \u00e0 combustible PEMFC - ISTE Group\",\"isPartOf\":{\"@id\":\"https:\/\/www.istegroup.com\/#website\"},\"primaryImageOfPage\":{\"@id\":\"https:\/\/www.istegroup.com\/fr\/produit\/introduction-aux-phenomenes-de-transferts-dans-la-pile-a-combustible-pemfc\/#primaryimage\"},\"image\":{\"@id\":\"https:\/\/www.istegroup.com\/fr\/produit\/introduction-aux-phenomenes-de-transferts-dans-la-pile-a-combustible-pemfc\/#primaryimage\"},\"thumbnailUrl\":\"https:\/\/www.istegroup.com\/wp-content\/uploads\/2018\/04\/Abderezzak_Front-scaled.jpg\",\"datePublished\":\"2018-04-17T12:35:57+00:00\",\"dateModified\":\"2024-01-03T13:42:08+00:00\",\"description\":\"Cet ouvrage contribue \u00e0 l\u2019\u00e9tude des diff\u00e9rents ph\u00e9nom\u00e8nes de transferts coupl\u00e9s au coeur d\u2019une cellule d\u2019une pile PEM (transferts de charge, de masse et de chaleur).\",\"breadcrumb\":{\"@id\":\"https:\/\/www.istegroup.com\/fr\/produit\/introduction-aux-phenomenes-de-transferts-dans-la-pile-a-combustible-pemfc\/#breadcrumb\"},\"inLanguage\":\"fr-FR\",\"potentialAction\":[{\"@type\":\"ReadAction\",\"target\":[\"https:\/\/www.istegroup.com\/fr\/produit\/introduction-aux-phenomenes-de-transferts-dans-la-pile-a-combustible-pemfc\/\"]}]},{\"@type\":\"ImageObject\",\"inLanguage\":\"fr-FR\",\"@id\":\"https:\/\/www.istegroup.com\/fr\/produit\/introduction-aux-phenomenes-de-transferts-dans-la-pile-a-combustible-pemfc\/#primaryimage\",\"url\":\"https:\/\/www.istegroup.com\/wp-content\/uploads\/2018\/04\/Abderezzak_Front-scaled.jpg\",\"contentUrl\":\"https:\/\/www.istegroup.com\/wp-content\/uploads\/2018\/04\/Abderezzak_Front-scaled.jpg\",\"width\":1635,\"height\":2560,\"caption\":\"Introduction aux ph\u00e9nom\u00e8nes de transferts dans la pile \u00e0 combustible PEMFC ISTE Group\"},{\"@type\":\"BreadcrumbList\",\"@id\":\"https:\/\/www.istegroup.com\/fr\/produit\/introduction-aux-phenomenes-de-transferts-dans-la-pile-a-combustible-pemfc\/#breadcrumb\",\"itemListElement\":[{\"@type\":\"ListItem\",\"position\":1,\"name\":\"Home\",\"item\":\"https:\/\/www.istegroup.com\/\"},{\"@type\":\"ListItem\",\"position\":2,\"name\":\"Shop\",\"item\":\"https:\/\/www.istegroup.com\/fr\/nouveautes\/\"},{\"@type\":\"ListItem\",\"position\":3,\"name\":\"Introduction aux ph\u00e9nom\u00e8nes de transferts dans la pile \u00e0 combustible PEMFC\"}]},{\"@type\":\"WebSite\",\"@id\":\"https:\/\/www.istegroup.com\/#website\",\"url\":\"https:\/\/www.istegroup.com\/\",\"name\":\"ISTE Group\",\"description\":\"\u00c9diteur des Sciences\",\"potentialAction\":[{\"@type\":\"SearchAction\",\"target\":{\"@type\":\"EntryPoint\",\"urlTemplate\":\"https:\/\/www.istegroup.com\/?s={search_term_string}\"},\"query-input\":{\"@type\":\"PropertyValueSpecification\",\"valueRequired\":true,\"valueName\":\"search_term_string\"}}],\"inLanguage\":\"fr-FR\"}]}<\/script>\n<!-- \/ Yoast SEO plugin. -->","yoast_head_json":{"title":"Introduction aux ph\u00e9nom\u00e8nes de transferts dans la pile \u00e0 combustible PEMFC - ISTE Group","description":"Cet ouvrage contribue \u00e0 l\u2019\u00e9tude des diff\u00e9rents ph\u00e9nom\u00e8nes de transferts coupl\u00e9s au coeur d\u2019une cellule d\u2019une pile PEM (transferts de charge, de masse et de chaleur).","robots":{"index":"index","follow":"follow","max-snippet":"max-snippet:-1","max-image-preview":"max-image-preview:large","max-video-preview":"max-video-preview:-1"},"canonical":"https:\/\/www.istegroup.com\/fr\/produit\/introduction-aux-phenomenes-de-transferts-dans-la-pile-a-combustible-pemfc\/","og_locale":"fr_FR","og_type":"article","og_title":"Introduction aux ph\u00e9nom\u00e8nes de transferts dans la pile \u00e0 combustible PEMFC - ISTE Group","og_description":"Cet ouvrage contribue \u00e0 l\u2019\u00e9tude des diff\u00e9rents ph\u00e9nom\u00e8nes de transferts coupl\u00e9s au coeur d\u2019une cellule d\u2019une pile PEM (transferts de charge, de masse et de chaleur).","og_url":"https:\/\/www.istegroup.com\/fr\/produit\/introduction-aux-phenomenes-de-transferts-dans-la-pile-a-combustible-pemfc\/","og_site_name":"ISTE Group","article_modified_time":"2024-01-03T13:42:08+00:00","og_image":[{"width":1635,"height":2560,"url":"https:\/\/www.istegroup.com\/wp-content\/uploads\/2018\/04\/Abderezzak_Front-scaled.jpg","type":"image\/jpeg"}],"twitter_card":"summary_large_image","twitter_misc":{"Est. reading time":"1 minute"},"schema":{"@context":"https:\/\/schema.org","@graph":[{"@type":"WebPage","@id":"https:\/\/www.istegroup.com\/fr\/produit\/introduction-aux-phenomenes-de-transferts-dans-la-pile-a-combustible-pemfc\/","url":"https:\/\/www.istegroup.com\/fr\/produit\/introduction-aux-phenomenes-de-transferts-dans-la-pile-a-combustible-pemfc\/","name":"Introduction aux ph\u00e9nom\u00e8nes de transferts dans la pile \u00e0 combustible PEMFC - ISTE Group","isPartOf":{"@id":"https:\/\/www.istegroup.com\/#website"},"primaryImageOfPage":{"@id":"https:\/\/www.istegroup.com\/fr\/produit\/introduction-aux-phenomenes-de-transferts-dans-la-pile-a-combustible-pemfc\/#primaryimage"},"image":{"@id":"https:\/\/www.istegroup.com\/fr\/produit\/introduction-aux-phenomenes-de-transferts-dans-la-pile-a-combustible-pemfc\/#primaryimage"},"thumbnailUrl":"https:\/\/www.istegroup.com\/wp-content\/uploads\/2018\/04\/Abderezzak_Front-scaled.jpg","datePublished":"2018-04-17T12:35:57+00:00","dateModified":"2024-01-03T13:42:08+00:00","description":"Cet ouvrage contribue \u00e0 l\u2019\u00e9tude des diff\u00e9rents ph\u00e9nom\u00e8nes de transferts coupl\u00e9s au coeur d\u2019une cellule d\u2019une pile PEM (transferts de charge, de masse et de chaleur).","breadcrumb":{"@id":"https:\/\/www.istegroup.com\/fr\/produit\/introduction-aux-phenomenes-de-transferts-dans-la-pile-a-combustible-pemfc\/#breadcrumb"},"inLanguage":"fr-FR","potentialAction":[{"@type":"ReadAction","target":["https:\/\/www.istegroup.com\/fr\/produit\/introduction-aux-phenomenes-de-transferts-dans-la-pile-a-combustible-pemfc\/"]}]},{"@type":"ImageObject","inLanguage":"fr-FR","@id":"https:\/\/www.istegroup.com\/fr\/produit\/introduction-aux-phenomenes-de-transferts-dans-la-pile-a-combustible-pemfc\/#primaryimage","url":"https:\/\/www.istegroup.com\/wp-content\/uploads\/2018\/04\/Abderezzak_Front-scaled.jpg","contentUrl":"https:\/\/www.istegroup.com\/wp-content\/uploads\/2018\/04\/Abderezzak_Front-scaled.jpg","width":1635,"height":2560,"caption":"Introduction aux ph\u00e9nom\u00e8nes de transferts dans la pile \u00e0 combustible PEMFC ISTE Group"},{"@type":"BreadcrumbList","@id":"https:\/\/www.istegroup.com\/fr\/produit\/introduction-aux-phenomenes-de-transferts-dans-la-pile-a-combustible-pemfc\/#breadcrumb","itemListElement":[{"@type":"ListItem","position":1,"name":"Home","item":"https:\/\/www.istegroup.com\/"},{"@type":"ListItem","position":2,"name":"Shop","item":"https:\/\/www.istegroup.com\/fr\/nouveautes\/"},{"@type":"ListItem","position":3,"name":"Introduction aux ph\u00e9nom\u00e8nes de transferts dans la pile \u00e0 combustible PEMFC"}]},{"@type":"WebSite","@id":"https:\/\/www.istegroup.com\/#website","url":"https:\/\/www.istegroup.com\/","name":"ISTE Group","description":"\u00c9diteur des Sciences","potentialAction":[{"@type":"SearchAction","target":{"@type":"EntryPoint","urlTemplate":"https:\/\/www.istegroup.com\/?s={search_term_string}"},"query-input":{"@type":"PropertyValueSpecification","valueRequired":true,"valueName":"search_term_string"}}],"inLanguage":"fr-FR"}]}},"_links":{"self":[{"href":"https:\/\/www.istegroup.com\/fr\/wp-json\/wp\/v2\/product\/11964","targetHints":{"allow":["GET"]}}],"collection":[{"href":"https:\/\/www.istegroup.com\/fr\/wp-json\/wp\/v2\/product"}],"about":[{"href":"https:\/\/www.istegroup.com\/fr\/wp-json\/wp\/v2\/types\/product"}],"wp:featuredmedia":[{"embeddable":true,"href":"https:\/\/www.istegroup.com\/fr\/wp-json\/wp\/v2\/media\/11970"}],"wp:attachment":[{"href":"https:\/\/www.istegroup.com\/fr\/wp-json\/wp\/v2\/media?parent=11964"}],"wp:term":[{"taxonomy":"product_brand","embeddable":true,"href":"https:\/\/www.istegroup.com\/fr\/wp-json\/wp\/v2\/product_brand?post=11964"},{"taxonomy":"product_cat","embeddable":true,"href":"https:\/\/www.istegroup.com\/fr\/wp-json\/wp\/v2\/product_cat?post=11964"},{"taxonomy":"product_tag","embeddable":true,"href":"https:\/\/www.istegroup.com\/fr\/wp-json\/wp\/v2\/product_tag?post=11964"}],"curies":[{"name":"wp","href":"https:\/\/api.w.org\/{rel}","templated":true}]}}