{"id":11861,"date":"2018-04-04T15:58:13","date_gmt":"2018-04-04T13:58:13","guid":{"rendered":"https:\/\/iste.yhello.co\/?post_type=product&#038;p=11861"},"modified":"2024-01-03T13:42:07","modified_gmt":"2024-01-03T13:42:07","slug":"lenergie-des-vagues","status":"publish","type":"product","link":"https:\/\/www.istegroup.com\/fr\/produit\/lenergie-des-vagues\/","title":{"rendered":"L\u2019\u00e9nergie des vagues"},"content":{"rendered":"<p>Les vagues qui animent la surface des oc\u00e9ans repr\u00e9sentent un gisement d\u2019\u00e9nergie renouvelable aujourd\u2019hui toujours inexploit\u00e9e. Pourtant, depuis plus de deux cent ans, inventeurs, chercheurs, ing\u00e9nieurs s\u2019\u00e9vertuent \u00e0 imaginer des syst\u00e8mes de r\u00e9cup\u00e9ration de l\u2019\u00e9nergie des vagues. Si tous ces efforts n\u2019ont pas permis de converger vers une solution technologique satisfaisante, il en r\u00e9sulte une litt\u00e9rature scientifique et technique abondante ainsi que des retours d\u2019exp\u00e9riences nombreux et divers.<\/p>\n<p>Afin de faciliter la d\u00e9couverte du sujet, cet ouvrage propose une synth\u00e8se de l\u2019\u00e9tat des connaissances sur le potentiel de l\u2019\u00e9nergie des vagues ainsi que sur les proc\u00e9d\u00e9s et technologies de r\u00e9cup\u00e9ration. Il met notamment l\u2019accent sur la probl\u00e9matique du positionnement de l\u2019\u00e9nergie des vagues sur le march\u00e9 de l\u2019\u00e9lectricit\u00e9, le d\u00e9veloppement des technologies de r\u00e9cup\u00e9ration dans une perspective historique et enfin les performances \u00e9nerg\u00e9tiques des dispositifs.<\/p>\n<p><em>L\u2019\u00e9nergie des vagues<\/em>\u00a0s\u2019adresse donc aux \u00e9tudiants, chercheurs, d\u00e9veloppeurs, industriels et d\u00e9cideurs curieux d\u2019acqu\u00e9rir une vision globale et les clefs de compr\u00e9hension indispensables du domaine.<\/p>\n","protected":false},"excerpt":{"rendered":"<p>Les vagues qui animent la surface des oc\u00e9ans repr\u00e9sentent un gisement d\u2019\u00e9nergie renouvelable aujourd\u2019hui toujours inexploit\u00e9e. Pourtant, depuis plus de deux cent ans, inventeurs, chercheurs, ing\u00e9nieurs s\u2019\u00e9vertuent \u00e0 imaginer des syst\u00e8mes de r\u00e9cup\u00e9ration de l\u2019\u00e9nergie des vagues. Si tous ces efforts n\u2019ont pas permis de converger vers une solution technologique satisfaisante, il en r\u00e9sulte une [&hellip;]<\/p>\n","protected":false},"featured_media":11865,"template":"","meta":{"_acf_changed":false,"_links_to":"","_links_to_target":""},"product_brand":[],"product_cat":[3262],"product_tag":[31,18,19,20,296,1287,21,22,3464,25,26,27,28,1703,3463],"class_list":{"0":"post-11861","1":"product","2":"type-product","3":"status-publish","4":"has-post-thumbnail","6":"product_cat-non-classe","7":"product_tag-ebook","8":"product_tag-edition-scientifique","9":"product_tag-editions-francaise","10":"product_tag-editions-technique","11":"product_tag-energie","12":"product_tag-energie-renouvelable","13":"product_tag-iste-group","14":"product_tag-istegroup","15":"product_tag-lenergie-des-vagues","16":"product_tag-livre-numerique","17":"product_tag-livre-scientifique-francais","18":"product_tag-livre-technique-francais","19":"product_tag-ouvrage-scientifique-francais","20":"product_tag-ressource","21":"product_tag-technologies-et-performance","23":"first","24":"instock","25":"shipping-taxable","26":"purchasable","27":"product-type-variable"},"acf":[],"yoast_head":"<!-- This site is optimized with the Yoast SEO plugin v27.2 - https:\/\/yoast.com\/product\/yoast-seo-wordpress\/ -->\n<title>L\u2019\u00e9nergie des vagues - ISTE Group<\/title>\n<meta name=\"description\" content=\"Cet ouvrage propose une synth\u00e8se de l\u2019\u00e9tat des connaissances sur le potentiel de l\u2019\u00e9nergie des vagues ainsi que sur les proc\u00e9d\u00e9s et technologies de r\u00e9cup\u00e9ration.\" \/>\n<meta name=\"robots\" content=\"index, follow, max-snippet:-1, max-image-preview:large, max-video-preview:-1\" \/>\n<link rel=\"canonical\" href=\"https:\/\/www.istegroup.com\/en\/produit\/lenergie-des-vagues\/\" \/>\n<meta property=\"og:locale\" content=\"fr_FR\" \/>\n<meta property=\"og:type\" content=\"article\" \/>\n<meta property=\"og:title\" content=\"L\u2019\u00e9nergie des vagues - ISTE Group\" \/>\n<meta property=\"og:description\" content=\"Cet ouvrage propose une synth\u00e8se de l\u2019\u00e9tat des connaissances sur le potentiel de l\u2019\u00e9nergie des vagues ainsi que sur les proc\u00e9d\u00e9s et technologies de r\u00e9cup\u00e9ration.\" \/>\n<meta property=\"og:url\" content=\"https:\/\/www.istegroup.com\/en\/produit\/lenergie-des-vagues\/\" \/>\n<meta property=\"og:site_name\" content=\"ISTE Group\" \/>\n<meta property=\"article:modified_time\" content=\"2024-01-03T13:42:07+00:00\" \/>\n<meta property=\"og:image\" content=\"https:\/\/www.istegroup.com\/wp-content\/uploads\/2018\/04\/Babarit_Front-scaled.jpg\" \/>\n\t<meta property=\"og:image:width\" content=\"1682\" \/>\n\t<meta property=\"og:image:height\" content=\"2560\" \/>\n\t<meta property=\"og:image:type\" content=\"image\/jpeg\" \/>\n<meta name=\"twitter:card\" content=\"summary_large_image\" \/>\n<meta name=\"twitter:label1\" content=\"Est. reading time\" \/>\n\t<meta name=\"twitter:data1\" content=\"1 minute\" \/>\n<script type=\"application\/ld+json\" class=\"yoast-schema-graph\">{\"@context\":\"https:\/\/schema.org\",\"@graph\":[{\"@type\":\"WebPage\",\"@id\":\"https:\/\/www.istegroup.com\/en\/produit\/lenergie-des-vagues\/\",\"url\":\"https:\/\/www.istegroup.com\/en\/produit\/lenergie-des-vagues\/\",\"name\":\"L\u2019\u00e9nergie des vagues - ISTE Group\",\"isPartOf\":{\"@id\":\"https:\/\/www.istegroup.com\/#website\"},\"primaryImageOfPage\":{\"@id\":\"https:\/\/www.istegroup.com\/en\/produit\/lenergie-des-vagues\/#primaryimage\"},\"image\":{\"@id\":\"https:\/\/www.istegroup.com\/en\/produit\/lenergie-des-vagues\/#primaryimage\"},\"thumbnailUrl\":\"https:\/\/www.istegroup.com\/wp-content\/uploads\/2018\/04\/Babarit_Front-scaled.jpg\",\"datePublished\":\"2018-04-04T13:58:13+00:00\",\"dateModified\":\"2024-01-03T13:42:07+00:00\",\"description\":\"Cet ouvrage propose une synth\u00e8se de l\u2019\u00e9tat des connaissances sur le potentiel de l\u2019\u00e9nergie des vagues ainsi que sur les proc\u00e9d\u00e9s et technologies de r\u00e9cup\u00e9ration.\",\"breadcrumb\":{\"@id\":\"https:\/\/www.istegroup.com\/en\/produit\/lenergie-des-vagues\/#breadcrumb\"},\"inLanguage\":\"fr-FR\",\"potentialAction\":[{\"@type\":\"ReadAction\",\"target\":[\"https:\/\/www.istegroup.com\/en\/produit\/lenergie-des-vagues\/\"]}]},{\"@type\":\"ImageObject\",\"inLanguage\":\"fr-FR\",\"@id\":\"https:\/\/www.istegroup.com\/en\/produit\/lenergie-des-vagues\/#primaryimage\",\"url\":\"https:\/\/www.istegroup.com\/wp-content\/uploads\/2018\/04\/Babarit_Front-scaled.jpg\",\"contentUrl\":\"https:\/\/www.istegroup.com\/wp-content\/uploads\/2018\/04\/Babarit_Front-scaled.jpg\",\"width\":1682,\"height\":2560,\"caption\":\"Ressource, technologies et performance\"},{\"@type\":\"BreadcrumbList\",\"@id\":\"https:\/\/www.istegroup.com\/en\/produit\/lenergie-des-vagues\/#breadcrumb\",\"itemListElement\":[{\"@type\":\"ListItem\",\"position\":1,\"name\":\"Home\",\"item\":\"https:\/\/www.istegroup.com\/\"},{\"@type\":\"ListItem\",\"position\":2,\"name\":\"Shop\",\"item\":\"https:\/\/www.istegroup.com\/fr\/nouveautes\/\"},{\"@type\":\"ListItem\",\"position\":3,\"name\":\"L\u2019\u00e9nergie des vagues\"}]},{\"@type\":\"WebSite\",\"@id\":\"https:\/\/www.istegroup.com\/#website\",\"url\":\"https:\/\/www.istegroup.com\/\",\"name\":\"ISTE Group\",\"description\":\"\u00c9diteur des Sciences\",\"potentialAction\":[{\"@type\":\"SearchAction\",\"target\":{\"@type\":\"EntryPoint\",\"urlTemplate\":\"https:\/\/www.istegroup.com\/?s={search_term_string}\"},\"query-input\":{\"@type\":\"PropertyValueSpecification\",\"valueRequired\":true,\"valueName\":\"search_term_string\"}}],\"inLanguage\":\"fr-FR\"}]}<\/script>\n<!-- \/ Yoast SEO plugin. -->","yoast_head_json":{"title":"L\u2019\u00e9nergie des vagues - ISTE Group","description":"Cet ouvrage propose une synth\u00e8se de l\u2019\u00e9tat des connaissances sur le potentiel de l\u2019\u00e9nergie des vagues ainsi que sur les proc\u00e9d\u00e9s et technologies de r\u00e9cup\u00e9ration.","robots":{"index":"index","follow":"follow","max-snippet":"max-snippet:-1","max-image-preview":"max-image-preview:large","max-video-preview":"max-video-preview:-1"},"canonical":"https:\/\/www.istegroup.com\/en\/produit\/lenergie-des-vagues\/","og_locale":"fr_FR","og_type":"article","og_title":"L\u2019\u00e9nergie des vagues - ISTE Group","og_description":"Cet ouvrage propose une synth\u00e8se de l\u2019\u00e9tat des connaissances sur le potentiel de l\u2019\u00e9nergie des vagues ainsi que sur les proc\u00e9d\u00e9s et technologies de r\u00e9cup\u00e9ration.","og_url":"https:\/\/www.istegroup.com\/en\/produit\/lenergie-des-vagues\/","og_site_name":"ISTE Group","article_modified_time":"2024-01-03T13:42:07+00:00","og_image":[{"width":1682,"height":2560,"url":"https:\/\/www.istegroup.com\/wp-content\/uploads\/2018\/04\/Babarit_Front-scaled.jpg","type":"image\/jpeg"}],"twitter_card":"summary_large_image","twitter_misc":{"Est. reading time":"1 minute"},"schema":{"@context":"https:\/\/schema.org","@graph":[{"@type":"WebPage","@id":"https:\/\/www.istegroup.com\/en\/produit\/lenergie-des-vagues\/","url":"https:\/\/www.istegroup.com\/en\/produit\/lenergie-des-vagues\/","name":"L\u2019\u00e9nergie des vagues - ISTE Group","isPartOf":{"@id":"https:\/\/www.istegroup.com\/#website"},"primaryImageOfPage":{"@id":"https:\/\/www.istegroup.com\/en\/produit\/lenergie-des-vagues\/#primaryimage"},"image":{"@id":"https:\/\/www.istegroup.com\/en\/produit\/lenergie-des-vagues\/#primaryimage"},"thumbnailUrl":"https:\/\/www.istegroup.com\/wp-content\/uploads\/2018\/04\/Babarit_Front-scaled.jpg","datePublished":"2018-04-04T13:58:13+00:00","dateModified":"2024-01-03T13:42:07+00:00","description":"Cet ouvrage propose une synth\u00e8se de l\u2019\u00e9tat des connaissances sur le potentiel de l\u2019\u00e9nergie des vagues ainsi que sur les proc\u00e9d\u00e9s et technologies de r\u00e9cup\u00e9ration.","breadcrumb":{"@id":"https:\/\/www.istegroup.com\/en\/produit\/lenergie-des-vagues\/#breadcrumb"},"inLanguage":"fr-FR","potentialAction":[{"@type":"ReadAction","target":["https:\/\/www.istegroup.com\/en\/produit\/lenergie-des-vagues\/"]}]},{"@type":"ImageObject","inLanguage":"fr-FR","@id":"https:\/\/www.istegroup.com\/en\/produit\/lenergie-des-vagues\/#primaryimage","url":"https:\/\/www.istegroup.com\/wp-content\/uploads\/2018\/04\/Babarit_Front-scaled.jpg","contentUrl":"https:\/\/www.istegroup.com\/wp-content\/uploads\/2018\/04\/Babarit_Front-scaled.jpg","width":1682,"height":2560,"caption":"Ressource, technologies et performance"},{"@type":"BreadcrumbList","@id":"https:\/\/www.istegroup.com\/en\/produit\/lenergie-des-vagues\/#breadcrumb","itemListElement":[{"@type":"ListItem","position":1,"name":"Home","item":"https:\/\/www.istegroup.com\/"},{"@type":"ListItem","position":2,"name":"Shop","item":"https:\/\/www.istegroup.com\/fr\/nouveautes\/"},{"@type":"ListItem","position":3,"name":"L\u2019\u00e9nergie des vagues"}]},{"@type":"WebSite","@id":"https:\/\/www.istegroup.com\/#website","url":"https:\/\/www.istegroup.com\/","name":"ISTE Group","description":"\u00c9diteur des Sciences","potentialAction":[{"@type":"SearchAction","target":{"@type":"EntryPoint","urlTemplate":"https:\/\/www.istegroup.com\/?s={search_term_string}"},"query-input":{"@type":"PropertyValueSpecification","valueRequired":true,"valueName":"search_term_string"}}],"inLanguage":"fr-FR"}]}},"_links":{"self":[{"href":"https:\/\/www.istegroup.com\/fr\/wp-json\/wp\/v2\/product\/11861","targetHints":{"allow":["GET"]}}],"collection":[{"href":"https:\/\/www.istegroup.com\/fr\/wp-json\/wp\/v2\/product"}],"about":[{"href":"https:\/\/www.istegroup.com\/fr\/wp-json\/wp\/v2\/types\/product"}],"wp:featuredmedia":[{"embeddable":true,"href":"https:\/\/www.istegroup.com\/fr\/wp-json\/wp\/v2\/media\/11865"}],"wp:attachment":[{"href":"https:\/\/www.istegroup.com\/fr\/wp-json\/wp\/v2\/media?parent=11861"}],"wp:term":[{"taxonomy":"product_brand","embeddable":true,"href":"https:\/\/www.istegroup.com\/fr\/wp-json\/wp\/v2\/product_brand?post=11861"},{"taxonomy":"product_cat","embeddable":true,"href":"https:\/\/www.istegroup.com\/fr\/wp-json\/wp\/v2\/product_cat?post=11861"},{"taxonomy":"product_tag","embeddable":true,"href":"https:\/\/www.istegroup.com\/fr\/wp-json\/wp\/v2\/product_tag?post=11861"}],"curies":[{"name":"wp","href":"https:\/\/api.w.org\/{rel}","templated":true}]}}