{"id":11853,"date":"2018-04-04T15:25:37","date_gmt":"2018-04-04T13:25:37","guid":{"rendered":"https:\/\/iste.yhello.co\/?post_type=product&#038;p=11853"},"modified":"2024-01-03T13:42:07","modified_gmt":"2024-01-03T13:42:07","slug":"de-laction-du-discours","status":"publish","type":"product","link":"https:\/\/www.istegroup.com\/fr\/produit\/de-laction-du-discours\/","title":{"rendered":"De l&rsquo;action du discours"},"content":{"rendered":"<p>Nos discours ne servent pas seulement \u00e0 d\u00e9crire le monde, mais aussi et plut\u00f4t \u00e0\u00a0<em>agir<\/em>\u00a0dans le monde. \u00c0 ce titre, le langage est dou\u00e9 d\u2019efficacit\u00e9 : le concept anglo-saxon de\u00a0<em>speech act<\/em>, introduit en philosophie par J.L. Austin dans les ann\u00e9es 1950, sert pr\u00e9cis\u00e9ment \u00e0 en rendre compte. D\u00e9sormais commun en linguistique, il s\u2019est banalis\u00e9 \u00e0 mesure que les enjeux conceptuels du traitement du langage en termes d\u2019actes ont \u00e9t\u00e9 oubli\u00e9s.<\/p>\n<p>C\u2019est en revenant aux sources historiques, culturelles et conceptuelles de l\u2019id\u00e9e d\u2019efficacit\u00e9 du discours que l\u2019on peut mieux comprendre tous les enjeux de cette caract\u00e9risation et pr\u00e9ciser les crit\u00e8res d\u2019identification de ce concept.\u00a0<em>De l\u2019action du discours<\/em>\u00a0retrace l\u2019histoire de cette caract\u00e9risation \u2013 depuis le Moyen-\u00c2ge jusqu\u2019\u00e0 ses usages les plus r\u00e9cents en philosophie, en linguistique ou en logique \u2013 et analyse pr\u00e9cis\u00e9ment ce que le concept de\u00a0<em>speech act<\/em>\u00a0permet de saisir et d\u2019\u00e9clairer \u00e0 propos du fonctionnement du langage.<\/p>\n","protected":false},"excerpt":{"rendered":"<p>Nos discours ne servent pas seulement \u00e0 d\u00e9crire le monde, mais aussi et plut\u00f4t \u00e0\u00a0agir\u00a0dans le monde. \u00c0 ce titre, le langage est dou\u00e9 d\u2019efficacit\u00e9 : le concept anglo-saxon de\u00a0speech act, introduit en philosophie par J.L. Austin dans les ann\u00e9es 1950, sert pr\u00e9cis\u00e9ment \u00e0 en rendre compte. D\u00e9sormais commun en linguistique, il s\u2019est banalis\u00e9 \u00e0 [&hellip;]<\/p>\n","protected":false},"featured_media":11860,"template":"","meta":{"_acf_changed":false,"_links_to":"","_links_to_target":""},"product_brand":[],"product_cat":[3262],"product_tag":[3468,3467,18,19,20,21,22,3466,3465,26,27,38,28],"class_list":{"0":"post-11853","1":"product","2":"type-product","3":"status-publish","4":"has-post-thumbnail","6":"product_cat-non-classe","7":"product_tag-bruno-ambroise","8":"product_tag-de-laction-du-discours","9":"product_tag-edition-scientifique","10":"product_tag-editions-francaise","11":"product_tag-editions-technique","12":"product_tag-iste-group","13":"product_tag-istegroup","14":"product_tag-le-concept-de-speech-act-au-prisme-de-ses-histoires","15":"product_tag-les-concepts-fondateurs-de-la-philosophie-du-langage","16":"product_tag-livre-scientifique-francais","17":"product_tag-livre-technique-francais","18":"product_tag-ouvrage-numerique","19":"product_tag-ouvrage-scientifique-francais","21":"first","22":"instock","23":"shipping-taxable","24":"purchasable","25":"product-type-variable"},"acf":[],"yoast_head":"<!-- This site is optimized with the Yoast SEO plugin v27.2 - https:\/\/yoast.com\/product\/yoast-seo-wordpress\/ -->\n<title>De l&#039;action du discours - ISTE Group<\/title>\n<meta name=\"description\" content=\"De l\u2019action du discours\u00a0retrace l\u2019histoire de cette caract\u00e9risation et analyse pr\u00e9cis\u00e9ment ce que le concept de\u00a0speech act\u00a0permet de saisir et d\u2019\u00e9clairer \u00e0 propos du fonctionnement du langage.\" \/>\n<meta name=\"robots\" content=\"index, follow, max-snippet:-1, max-image-preview:large, max-video-preview:-1\" \/>\n<link rel=\"canonical\" href=\"https:\/\/www.istegroup.com\/en\/produit\/de-laction-du-discours\/\" \/>\n<meta property=\"og:locale\" content=\"fr_FR\" \/>\n<meta property=\"og:type\" content=\"article\" \/>\n<meta property=\"og:title\" content=\"De l&#039;action du discours - ISTE Group\" \/>\n<meta property=\"og:description\" content=\"De l\u2019action du discours\u00a0retrace l\u2019histoire de cette caract\u00e9risation et analyse pr\u00e9cis\u00e9ment ce que le concept de\u00a0speech act\u00a0permet de saisir et d\u2019\u00e9clairer \u00e0 propos du fonctionnement du langage.\" \/>\n<meta property=\"og:url\" content=\"https:\/\/www.istegroup.com\/en\/produit\/de-laction-du-discours\/\" \/>\n<meta property=\"og:site_name\" content=\"ISTE Group\" \/>\n<meta property=\"article:modified_time\" content=\"2024-01-03T13:42:07+00:00\" \/>\n<meta property=\"og:image\" content=\"https:\/\/www.istegroup.com\/wp-content\/uploads\/2018\/04\/Ambroise-_Front-scaled.jpg\" \/>\n\t<meta property=\"og:image:width\" content=\"1706\" \/>\n\t<meta property=\"og:image:height\" content=\"2560\" \/>\n\t<meta property=\"og:image:type\" content=\"image\/jpeg\" \/>\n<meta name=\"twitter:card\" content=\"summary_large_image\" \/>\n<meta name=\"twitter:label1\" content=\"Est. reading time\" \/>\n\t<meta name=\"twitter:data1\" content=\"1 minute\" \/>\n<script type=\"application\/ld+json\" class=\"yoast-schema-graph\">{\"@context\":\"https:\/\/schema.org\",\"@graph\":[{\"@type\":\"WebPage\",\"@id\":\"https:\/\/www.istegroup.com\/en\/produit\/de-laction-du-discours\/\",\"url\":\"https:\/\/www.istegroup.com\/en\/produit\/de-laction-du-discours\/\",\"name\":\"De l'action du discours - ISTE Group\",\"isPartOf\":{\"@id\":\"https:\/\/www.istegroup.com\/#website\"},\"primaryImageOfPage\":{\"@id\":\"https:\/\/www.istegroup.com\/en\/produit\/de-laction-du-discours\/#primaryimage\"},\"image\":{\"@id\":\"https:\/\/www.istegroup.com\/en\/produit\/de-laction-du-discours\/#primaryimage\"},\"thumbnailUrl\":\"https:\/\/www.istegroup.com\/wp-content\/uploads\/2018\/04\/Ambroise-_Front-scaled.jpg\",\"datePublished\":\"2018-04-04T13:25:37+00:00\",\"dateModified\":\"2024-01-03T13:42:07+00:00\",\"description\":\"De l\u2019action du discours\u00a0retrace l\u2019histoire de cette caract\u00e9risation et analyse pr\u00e9cis\u00e9ment ce que le concept de\u00a0speech act\u00a0permet de saisir et d\u2019\u00e9clairer \u00e0 propos du fonctionnement du langage.\",\"breadcrumb\":{\"@id\":\"https:\/\/www.istegroup.com\/en\/produit\/de-laction-du-discours\/#breadcrumb\"},\"inLanguage\":\"fr-FR\",\"potentialAction\":[{\"@type\":\"ReadAction\",\"target\":[\"https:\/\/www.istegroup.com\/en\/produit\/de-laction-du-discours\/\"]}]},{\"@type\":\"ImageObject\",\"inLanguage\":\"fr-FR\",\"@id\":\"https:\/\/www.istegroup.com\/en\/produit\/de-laction-du-discours\/#primaryimage\",\"url\":\"https:\/\/www.istegroup.com\/wp-content\/uploads\/2018\/04\/Ambroise-_Front-scaled.jpg\",\"contentUrl\":\"https:\/\/www.istegroup.com\/wp-content\/uploads\/2018\/04\/Ambroise-_Front-scaled.jpg\",\"width\":1706,\"height\":2560,\"caption\":\"Le concept de speech act au prisme de ses histoires\"},{\"@type\":\"BreadcrumbList\",\"@id\":\"https:\/\/www.istegroup.com\/en\/produit\/de-laction-du-discours\/#breadcrumb\",\"itemListElement\":[{\"@type\":\"ListItem\",\"position\":1,\"name\":\"Home\",\"item\":\"https:\/\/www.istegroup.com\/\"},{\"@type\":\"ListItem\",\"position\":2,\"name\":\"Shop\",\"item\":\"https:\/\/www.istegroup.com\/fr\/nouveautes\/\"},{\"@type\":\"ListItem\",\"position\":3,\"name\":\"De l&#8217;action du discours\"}]},{\"@type\":\"WebSite\",\"@id\":\"https:\/\/www.istegroup.com\/#website\",\"url\":\"https:\/\/www.istegroup.com\/\",\"name\":\"ISTE Group\",\"description\":\"\u00c9diteur des Sciences\",\"potentialAction\":[{\"@type\":\"SearchAction\",\"target\":{\"@type\":\"EntryPoint\",\"urlTemplate\":\"https:\/\/www.istegroup.com\/?s={search_term_string}\"},\"query-input\":{\"@type\":\"PropertyValueSpecification\",\"valueRequired\":true,\"valueName\":\"search_term_string\"}}],\"inLanguage\":\"fr-FR\"}]}<\/script>\n<!-- \/ Yoast SEO plugin. -->","yoast_head_json":{"title":"De l'action du discours - ISTE Group","description":"De l\u2019action du discours\u00a0retrace l\u2019histoire de cette caract\u00e9risation et analyse pr\u00e9cis\u00e9ment ce que le concept de\u00a0speech act\u00a0permet de saisir et d\u2019\u00e9clairer \u00e0 propos du fonctionnement du langage.","robots":{"index":"index","follow":"follow","max-snippet":"max-snippet:-1","max-image-preview":"max-image-preview:large","max-video-preview":"max-video-preview:-1"},"canonical":"https:\/\/www.istegroup.com\/en\/produit\/de-laction-du-discours\/","og_locale":"fr_FR","og_type":"article","og_title":"De l'action du discours - ISTE Group","og_description":"De l\u2019action du discours\u00a0retrace l\u2019histoire de cette caract\u00e9risation et analyse pr\u00e9cis\u00e9ment ce que le concept de\u00a0speech act\u00a0permet de saisir et d\u2019\u00e9clairer \u00e0 propos du fonctionnement du langage.","og_url":"https:\/\/www.istegroup.com\/en\/produit\/de-laction-du-discours\/","og_site_name":"ISTE Group","article_modified_time":"2024-01-03T13:42:07+00:00","og_image":[{"width":1706,"height":2560,"url":"https:\/\/www.istegroup.com\/wp-content\/uploads\/2018\/04\/Ambroise-_Front-scaled.jpg","type":"image\/jpeg"}],"twitter_card":"summary_large_image","twitter_misc":{"Est. reading time":"1 minute"},"schema":{"@context":"https:\/\/schema.org","@graph":[{"@type":"WebPage","@id":"https:\/\/www.istegroup.com\/en\/produit\/de-laction-du-discours\/","url":"https:\/\/www.istegroup.com\/en\/produit\/de-laction-du-discours\/","name":"De l'action du discours - ISTE Group","isPartOf":{"@id":"https:\/\/www.istegroup.com\/#website"},"primaryImageOfPage":{"@id":"https:\/\/www.istegroup.com\/en\/produit\/de-laction-du-discours\/#primaryimage"},"image":{"@id":"https:\/\/www.istegroup.com\/en\/produit\/de-laction-du-discours\/#primaryimage"},"thumbnailUrl":"https:\/\/www.istegroup.com\/wp-content\/uploads\/2018\/04\/Ambroise-_Front-scaled.jpg","datePublished":"2018-04-04T13:25:37+00:00","dateModified":"2024-01-03T13:42:07+00:00","description":"De l\u2019action du discours\u00a0retrace l\u2019histoire de cette caract\u00e9risation et analyse pr\u00e9cis\u00e9ment ce que le concept de\u00a0speech act\u00a0permet de saisir et d\u2019\u00e9clairer \u00e0 propos du fonctionnement du langage.","breadcrumb":{"@id":"https:\/\/www.istegroup.com\/en\/produit\/de-laction-du-discours\/#breadcrumb"},"inLanguage":"fr-FR","potentialAction":[{"@type":"ReadAction","target":["https:\/\/www.istegroup.com\/en\/produit\/de-laction-du-discours\/"]}]},{"@type":"ImageObject","inLanguage":"fr-FR","@id":"https:\/\/www.istegroup.com\/en\/produit\/de-laction-du-discours\/#primaryimage","url":"https:\/\/www.istegroup.com\/wp-content\/uploads\/2018\/04\/Ambroise-_Front-scaled.jpg","contentUrl":"https:\/\/www.istegroup.com\/wp-content\/uploads\/2018\/04\/Ambroise-_Front-scaled.jpg","width":1706,"height":2560,"caption":"Le concept de speech act au prisme de ses histoires"},{"@type":"BreadcrumbList","@id":"https:\/\/www.istegroup.com\/en\/produit\/de-laction-du-discours\/#breadcrumb","itemListElement":[{"@type":"ListItem","position":1,"name":"Home","item":"https:\/\/www.istegroup.com\/"},{"@type":"ListItem","position":2,"name":"Shop","item":"https:\/\/www.istegroup.com\/fr\/nouveautes\/"},{"@type":"ListItem","position":3,"name":"De l&#8217;action du discours"}]},{"@type":"WebSite","@id":"https:\/\/www.istegroup.com\/#website","url":"https:\/\/www.istegroup.com\/","name":"ISTE Group","description":"\u00c9diteur des Sciences","potentialAction":[{"@type":"SearchAction","target":{"@type":"EntryPoint","urlTemplate":"https:\/\/www.istegroup.com\/?s={search_term_string}"},"query-input":{"@type":"PropertyValueSpecification","valueRequired":true,"valueName":"search_term_string"}}],"inLanguage":"fr-FR"}]}},"_links":{"self":[{"href":"https:\/\/www.istegroup.com\/fr\/wp-json\/wp\/v2\/product\/11853","targetHints":{"allow":["GET"]}}],"collection":[{"href":"https:\/\/www.istegroup.com\/fr\/wp-json\/wp\/v2\/product"}],"about":[{"href":"https:\/\/www.istegroup.com\/fr\/wp-json\/wp\/v2\/types\/product"}],"wp:featuredmedia":[{"embeddable":true,"href":"https:\/\/www.istegroup.com\/fr\/wp-json\/wp\/v2\/media\/11860"}],"wp:attachment":[{"href":"https:\/\/www.istegroup.com\/fr\/wp-json\/wp\/v2\/media?parent=11853"}],"wp:term":[{"taxonomy":"product_brand","embeddable":true,"href":"https:\/\/www.istegroup.com\/fr\/wp-json\/wp\/v2\/product_brand?post=11853"},{"taxonomy":"product_cat","embeddable":true,"href":"https:\/\/www.istegroup.com\/fr\/wp-json\/wp\/v2\/product_cat?post=11853"},{"taxonomy":"product_tag","embeddable":true,"href":"https:\/\/www.istegroup.com\/fr\/wp-json\/wp\/v2\/product_tag?post=11853"}],"curies":[{"name":"wp","href":"https:\/\/api.w.org\/{rel}","templated":true}]}}