{"id":11847,"date":"2018-04-15T15:03:35","date_gmt":"2018-04-15T13:03:35","guid":{"rendered":"https:\/\/iste.yhello.co\/?post_type=product&#038;p=11847"},"modified":"2024-01-03T13:42:06","modified_gmt":"2024-01-03T13:42:06","slug":"conception-architecturale-des-systemes-basee-sur-les-modeles-avec-la-methode-arcadia","status":"publish","type":"product","link":"https:\/\/www.istegroup.com\/fr\/produit\/conception-architecturale-des-systemes-basee-sur-les-modeles-avec-la-methode-arcadia\/","title":{"rendered":"Conception architecturale des syst\u00e8mes bas\u00e9e sur les mod\u00e8les avec la m\u00e9thode Arcadia"},"content":{"rendered":"<p>M\u00e9thode d\u2019ing\u00e9nierie syst\u00e8me bas\u00e9e sur l\u2019usage de mod\u00e8les, Arcadia est centr\u00e9e sur la d\u00e9finition, l\u2019\u00e9valuation et l\u2019exploitation collaboratives de son architecture.<\/p>\n<p>Cette m\u00e9thode, con\u00e7ue et valid\u00e9e en contexte op\u00e9rationnel r\u00e9el par ses utilisateurs, soutient l\u2019ing\u00e9nierie de mani\u00e8re tr\u00e8s large et a \u00e9t\u00e9 appliqu\u00e9e avec succ\u00e8s sur des projets de toutes tailles en situation op\u00e9rationnelle.<\/p>\n<p><em>Conception architecturale des syst\u00e8mes bas\u00e9e sur les mod\u00e8les avec la m\u00e9thode Arcadia<\/em>\u00a0pr\u00e9sente les fondements de cette m\u00e9thode et sa contribution aux probl\u00e9matiques d\u2019ing\u00e9nierie telles que la gestion des exigences, la ligne de produit, la supervision syst\u00e8me et l\u2019IVV. Cet ouvrage, qui offre une r\u00e9f\u00e9rence pour le langage de mod\u00e9lisation d\u00e9fini par Arcadia, est illustr\u00e9 par plusieurs exemples de mod\u00e8les repr\u00e9sentatifs qui en constituent un fil conducteur.<\/p>\n","protected":false},"excerpt":{"rendered":"<p>M\u00e9thode d\u2019ing\u00e9nierie syst\u00e8me bas\u00e9e sur l\u2019usage de mod\u00e8les, Arcadia est centr\u00e9e sur la d\u00e9finition, l\u2019\u00e9valuation et l\u2019exploitation collaboratives de son architecture. Cette m\u00e9thode, con\u00e7ue et valid\u00e9e en contexte op\u00e9rationnel r\u00e9el par ses utilisateurs, soutient l\u2019ing\u00e9nierie de mani\u00e8re tr\u00e8s large et a \u00e9t\u00e9 appliqu\u00e9e avec succ\u00e8s sur des projets de toutes tailles en situation op\u00e9rationnelle. Conception [&hellip;]<\/p>\n","protected":false},"featured_media":11851,"template":"","meta":{"_acf_changed":false,"_links_to":"","_links_to_target":""},"product_brand":[],"product_cat":[3262],"product_tag":[3471,1673,3470,18,19,20,21,22,3469,25,172,26,27,3456,28],"class_list":{"0":"post-11847","1":"product","2":"type-product","3":"status-publish","4":"has-post-thumbnail","6":"product_cat-non-classe","7":"product_tag-arcadia","8":"product_tag-architecture","9":"product_tag-conception-architecturale-des-systemes-basee-sur-les-modeles-avec-la-methode-arcadia","10":"product_tag-edition-scientifique","11":"product_tag-editions-francaise","12":"product_tag-editions-technique","13":"product_tag-iste-group","14":"product_tag-istegroup","15":"product_tag-jean-luc-voirin","16":"product_tag-livre-numerique","17":"product_tag-livre-scientifique","18":"product_tag-livre-scientifique-francais","19":"product_tag-livre-technique-francais","20":"product_tag-mise-en-oeuvre-du-model-based-system-engineering","21":"product_tag-ouvrage-scientifique-francais","23":"first","24":"instock","25":"shipping-taxable","26":"purchasable","27":"product-type-variable"},"acf":[],"yoast_head":"<!-- This site is optimized with the Yoast SEO plugin v27.2 - https:\/\/yoast.com\/product\/yoast-seo-wordpress\/ -->\n<title>Conception architecturale des syst\u00e8mes bas\u00e9e sur les mod\u00e8les avec la m\u00e9thode Arcadia - ISTE Group<\/title>\n<meta name=\"description\" content=\"Conception architecturale des syst\u00e8mes bas\u00e9e sur les mod\u00e8les avec la m\u00e9thode Arcadia\u00a0pr\u00e9sente les fondements de cette m\u00e9thode et sa contribution aux probl\u00e9matiques d\u2019ing\u00e9nierie telles que la gestion des exigences, la ligne de produit, la supervision syst\u00e8me et l\u2019IVV.\" \/>\n<meta name=\"robots\" content=\"index, follow, max-snippet:-1, max-image-preview:large, max-video-preview:-1\" \/>\n<link rel=\"canonical\" href=\"https:\/\/www.istegroup.com\/en\/produit\/conception-architecturale-des-systemes-basee-sur-les-modeles-avec-la-methode-arcadia\/\" \/>\n<meta property=\"og:locale\" content=\"fr_FR\" \/>\n<meta property=\"og:type\" content=\"article\" \/>\n<meta property=\"og:title\" content=\"Conception architecturale des syst\u00e8mes bas\u00e9e sur les mod\u00e8les avec la m\u00e9thode Arcadia - ISTE Group\" \/>\n<meta property=\"og:description\" content=\"Conception architecturale des syst\u00e8mes bas\u00e9e sur les mod\u00e8les avec la m\u00e9thode Arcadia\u00a0pr\u00e9sente les fondements de cette m\u00e9thode et sa contribution aux probl\u00e9matiques d\u2019ing\u00e9nierie telles que la gestion des exigences, la ligne de produit, la supervision syst\u00e8me et l\u2019IVV.\" \/>\n<meta property=\"og:url\" content=\"https:\/\/www.istegroup.com\/en\/produit\/conception-architecturale-des-systemes-basee-sur-les-modeles-avec-la-methode-arcadia\/\" \/>\n<meta property=\"og:site_name\" content=\"ISTE Group\" \/>\n<meta property=\"article:modified_time\" content=\"2024-01-03T13:42:06+00:00\" \/>\n<meta property=\"og:image\" content=\"https:\/\/www.istegroup.com\/wp-content\/uploads\/2018\/04\/Voirin_Front-scaled.jpg\" \/>\n\t<meta property=\"og:image:width\" content=\"1708\" \/>\n\t<meta property=\"og:image:height\" content=\"2560\" \/>\n\t<meta property=\"og:image:type\" content=\"image\/jpeg\" \/>\n<meta name=\"twitter:card\" content=\"summary_large_image\" \/>\n<meta name=\"twitter:label1\" content=\"Est. reading time\" \/>\n\t<meta name=\"twitter:data1\" content=\"1 minute\" \/>\n<script type=\"application\/ld+json\" class=\"yoast-schema-graph\">{\"@context\":\"https:\/\/schema.org\",\"@graph\":[{\"@type\":\"WebPage\",\"@id\":\"https:\/\/www.istegroup.com\/en\/produit\/conception-architecturale-des-systemes-basee-sur-les-modeles-avec-la-methode-arcadia\/\",\"url\":\"https:\/\/www.istegroup.com\/en\/produit\/conception-architecturale-des-systemes-basee-sur-les-modeles-avec-la-methode-arcadia\/\",\"name\":\"Conception architecturale des syst\u00e8mes bas\u00e9e sur les mod\u00e8les avec la m\u00e9thode Arcadia - ISTE Group\",\"isPartOf\":{\"@id\":\"https:\/\/www.istegroup.com\/#website\"},\"primaryImageOfPage\":{\"@id\":\"https:\/\/www.istegroup.com\/en\/produit\/conception-architecturale-des-systemes-basee-sur-les-modeles-avec-la-methode-arcadia\/#primaryimage\"},\"image\":{\"@id\":\"https:\/\/www.istegroup.com\/en\/produit\/conception-architecturale-des-systemes-basee-sur-les-modeles-avec-la-methode-arcadia\/#primaryimage\"},\"thumbnailUrl\":\"https:\/\/www.istegroup.com\/wp-content\/uploads\/2018\/04\/Voirin_Front-scaled.jpg\",\"datePublished\":\"2018-04-15T13:03:35+00:00\",\"dateModified\":\"2024-01-03T13:42:06+00:00\",\"description\":\"Conception architecturale des syst\u00e8mes bas\u00e9e sur les mod\u00e8les avec la m\u00e9thode Arcadia\u00a0pr\u00e9sente les fondements de cette m\u00e9thode et sa contribution aux probl\u00e9matiques d\u2019ing\u00e9nierie telles que la gestion des exigences, la ligne de produit, la supervision syst\u00e8me et l\u2019IVV.\",\"breadcrumb\":{\"@id\":\"https:\/\/www.istegroup.com\/en\/produit\/conception-architecturale-des-systemes-basee-sur-les-modeles-avec-la-methode-arcadia\/#breadcrumb\"},\"inLanguage\":\"fr-FR\",\"potentialAction\":[{\"@type\":\"ReadAction\",\"target\":[\"https:\/\/www.istegroup.com\/en\/produit\/conception-architecturale-des-systemes-basee-sur-les-modeles-avec-la-methode-arcadia\/\"]}]},{\"@type\":\"ImageObject\",\"inLanguage\":\"fr-FR\",\"@id\":\"https:\/\/www.istegroup.com\/en\/produit\/conception-architecturale-des-systemes-basee-sur-les-modeles-avec-la-methode-arcadia\/#primaryimage\",\"url\":\"https:\/\/www.istegroup.com\/wp-content\/uploads\/2018\/04\/Voirin_Front-scaled.jpg\",\"contentUrl\":\"https:\/\/www.istegroup.com\/wp-content\/uploads\/2018\/04\/Voirin_Front-scaled.jpg\",\"width\":1708,\"height\":2560,\"caption\":\"Conception architecturale des syst\u00e8mes bas\u00e9e sur les mod\u00e8les avec la m\u00e9thode Arcadia iste group\"},{\"@type\":\"BreadcrumbList\",\"@id\":\"https:\/\/www.istegroup.com\/en\/produit\/conception-architecturale-des-systemes-basee-sur-les-modeles-avec-la-methode-arcadia\/#breadcrumb\",\"itemListElement\":[{\"@type\":\"ListItem\",\"position\":1,\"name\":\"Home\",\"item\":\"https:\/\/www.istegroup.com\/\"},{\"@type\":\"ListItem\",\"position\":2,\"name\":\"Shop\",\"item\":\"https:\/\/www.istegroup.com\/fr\/nouveautes\/\"},{\"@type\":\"ListItem\",\"position\":3,\"name\":\"Conception architecturale des syst\u00e8mes bas\u00e9e sur les mod\u00e8les avec la m\u00e9thode Arcadia\"}]},{\"@type\":\"WebSite\",\"@id\":\"https:\/\/www.istegroup.com\/#website\",\"url\":\"https:\/\/www.istegroup.com\/\",\"name\":\"ISTE Group\",\"description\":\"\u00c9diteur des Sciences\",\"potentialAction\":[{\"@type\":\"SearchAction\",\"target\":{\"@type\":\"EntryPoint\",\"urlTemplate\":\"https:\/\/www.istegroup.com\/?s={search_term_string}\"},\"query-input\":{\"@type\":\"PropertyValueSpecification\",\"valueRequired\":true,\"valueName\":\"search_term_string\"}}],\"inLanguage\":\"fr-FR\"}]}<\/script>\n<!-- \/ Yoast SEO plugin. -->","yoast_head_json":{"title":"Conception architecturale des syst\u00e8mes bas\u00e9e sur les mod\u00e8les avec la m\u00e9thode Arcadia - ISTE Group","description":"Conception architecturale des syst\u00e8mes bas\u00e9e sur les mod\u00e8les avec la m\u00e9thode Arcadia\u00a0pr\u00e9sente les fondements de cette m\u00e9thode et sa contribution aux probl\u00e9matiques d\u2019ing\u00e9nierie telles que la gestion des exigences, la ligne de produit, la supervision syst\u00e8me et l\u2019IVV.","robots":{"index":"index","follow":"follow","max-snippet":"max-snippet:-1","max-image-preview":"max-image-preview:large","max-video-preview":"max-video-preview:-1"},"canonical":"https:\/\/www.istegroup.com\/en\/produit\/conception-architecturale-des-systemes-basee-sur-les-modeles-avec-la-methode-arcadia\/","og_locale":"fr_FR","og_type":"article","og_title":"Conception architecturale des syst\u00e8mes bas\u00e9e sur les mod\u00e8les avec la m\u00e9thode Arcadia - ISTE Group","og_description":"Conception architecturale des syst\u00e8mes bas\u00e9e sur les mod\u00e8les avec la m\u00e9thode Arcadia\u00a0pr\u00e9sente les fondements de cette m\u00e9thode et sa contribution aux probl\u00e9matiques d\u2019ing\u00e9nierie telles que la gestion des exigences, la ligne de produit, la supervision syst\u00e8me et l\u2019IVV.","og_url":"https:\/\/www.istegroup.com\/en\/produit\/conception-architecturale-des-systemes-basee-sur-les-modeles-avec-la-methode-arcadia\/","og_site_name":"ISTE Group","article_modified_time":"2024-01-03T13:42:06+00:00","og_image":[{"width":1708,"height":2560,"url":"https:\/\/www.istegroup.com\/wp-content\/uploads\/2018\/04\/Voirin_Front-scaled.jpg","type":"image\/jpeg"}],"twitter_card":"summary_large_image","twitter_misc":{"Est. reading time":"1 minute"},"schema":{"@context":"https:\/\/schema.org","@graph":[{"@type":"WebPage","@id":"https:\/\/www.istegroup.com\/en\/produit\/conception-architecturale-des-systemes-basee-sur-les-modeles-avec-la-methode-arcadia\/","url":"https:\/\/www.istegroup.com\/en\/produit\/conception-architecturale-des-systemes-basee-sur-les-modeles-avec-la-methode-arcadia\/","name":"Conception architecturale des syst\u00e8mes bas\u00e9e sur les mod\u00e8les avec la m\u00e9thode Arcadia - ISTE Group","isPartOf":{"@id":"https:\/\/www.istegroup.com\/#website"},"primaryImageOfPage":{"@id":"https:\/\/www.istegroup.com\/en\/produit\/conception-architecturale-des-systemes-basee-sur-les-modeles-avec-la-methode-arcadia\/#primaryimage"},"image":{"@id":"https:\/\/www.istegroup.com\/en\/produit\/conception-architecturale-des-systemes-basee-sur-les-modeles-avec-la-methode-arcadia\/#primaryimage"},"thumbnailUrl":"https:\/\/www.istegroup.com\/wp-content\/uploads\/2018\/04\/Voirin_Front-scaled.jpg","datePublished":"2018-04-15T13:03:35+00:00","dateModified":"2024-01-03T13:42:06+00:00","description":"Conception architecturale des syst\u00e8mes bas\u00e9e sur les mod\u00e8les avec la m\u00e9thode Arcadia\u00a0pr\u00e9sente les fondements de cette m\u00e9thode et sa contribution aux probl\u00e9matiques d\u2019ing\u00e9nierie telles que la gestion des exigences, la ligne de produit, la supervision syst\u00e8me et l\u2019IVV.","breadcrumb":{"@id":"https:\/\/www.istegroup.com\/en\/produit\/conception-architecturale-des-systemes-basee-sur-les-modeles-avec-la-methode-arcadia\/#breadcrumb"},"inLanguage":"fr-FR","potentialAction":[{"@type":"ReadAction","target":["https:\/\/www.istegroup.com\/en\/produit\/conception-architecturale-des-systemes-basee-sur-les-modeles-avec-la-methode-arcadia\/"]}]},{"@type":"ImageObject","inLanguage":"fr-FR","@id":"https:\/\/www.istegroup.com\/en\/produit\/conception-architecturale-des-systemes-basee-sur-les-modeles-avec-la-methode-arcadia\/#primaryimage","url":"https:\/\/www.istegroup.com\/wp-content\/uploads\/2018\/04\/Voirin_Front-scaled.jpg","contentUrl":"https:\/\/www.istegroup.com\/wp-content\/uploads\/2018\/04\/Voirin_Front-scaled.jpg","width":1708,"height":2560,"caption":"Conception architecturale des syst\u00e8mes bas\u00e9e sur les mod\u00e8les avec la m\u00e9thode Arcadia iste group"},{"@type":"BreadcrumbList","@id":"https:\/\/www.istegroup.com\/en\/produit\/conception-architecturale-des-systemes-basee-sur-les-modeles-avec-la-methode-arcadia\/#breadcrumb","itemListElement":[{"@type":"ListItem","position":1,"name":"Home","item":"https:\/\/www.istegroup.com\/"},{"@type":"ListItem","position":2,"name":"Shop","item":"https:\/\/www.istegroup.com\/fr\/nouveautes\/"},{"@type":"ListItem","position":3,"name":"Conception architecturale des syst\u00e8mes bas\u00e9e sur les mod\u00e8les avec la m\u00e9thode Arcadia"}]},{"@type":"WebSite","@id":"https:\/\/www.istegroup.com\/#website","url":"https:\/\/www.istegroup.com\/","name":"ISTE Group","description":"\u00c9diteur des Sciences","potentialAction":[{"@type":"SearchAction","target":{"@type":"EntryPoint","urlTemplate":"https:\/\/www.istegroup.com\/?s={search_term_string}"},"query-input":{"@type":"PropertyValueSpecification","valueRequired":true,"valueName":"search_term_string"}}],"inLanguage":"fr-FR"}]}},"_links":{"self":[{"href":"https:\/\/www.istegroup.com\/fr\/wp-json\/wp\/v2\/product\/11847","targetHints":{"allow":["GET"]}}],"collection":[{"href":"https:\/\/www.istegroup.com\/fr\/wp-json\/wp\/v2\/product"}],"about":[{"href":"https:\/\/www.istegroup.com\/fr\/wp-json\/wp\/v2\/types\/product"}],"wp:featuredmedia":[{"embeddable":true,"href":"https:\/\/www.istegroup.com\/fr\/wp-json\/wp\/v2\/media\/11851"}],"wp:attachment":[{"href":"https:\/\/www.istegroup.com\/fr\/wp-json\/wp\/v2\/media?parent=11847"}],"wp:term":[{"taxonomy":"product_brand","embeddable":true,"href":"https:\/\/www.istegroup.com\/fr\/wp-json\/wp\/v2\/product_brand?post=11847"},{"taxonomy":"product_cat","embeddable":true,"href":"https:\/\/www.istegroup.com\/fr\/wp-json\/wp\/v2\/product_cat?post=11847"},{"taxonomy":"product_tag","embeddable":true,"href":"https:\/\/www.istegroup.com\/fr\/wp-json\/wp\/v2\/product_tag?post=11847"}],"curies":[{"name":"wp","href":"https:\/\/api.w.org\/{rel}","templated":true}]}}