{"id":11817,"date":"2018-03-29T11:38:23","date_gmt":"2018-03-29T09:38:23","guid":{"rendered":"https:\/\/iste.yhello.co\/?post_type=product&#038;p=11817"},"modified":"2024-01-03T13:42:05","modified_gmt":"2024-01-03T13:42:05","slug":"une-introduction-aux-lasers-organiques","status":"publish","type":"product","link":"https:\/\/www.istegroup.com\/fr\/produit\/une-introduction-aux-lasers-organiques\/","title":{"rendered":"Une introduction aux lasers organiques"},"content":{"rendered":"<p>Un des plus grands enjeux de l\u2019opto\u00e9lectronique organique est la r\u00e9alisation de la premi\u00e8re diode laser organique (en pompage \u00e9lectrique), qui pr\u00e9sente un tr\u00e8s fort potentiel pour de nombreuses applications.<\/p>\n<p>\u00c0 l\u2019instar de ce qui s\u2019est produit dans le domaine de l\u2019opto\u00e9lectronique inorganique en transformant une LED en une LD, la course est engag\u00e9e pour convertir une OLED en une OLD. Cela passe par le d\u00e9veloppement de solutions innovantes afin de surmonter les difficult\u00e9s inh\u00e9rentes aux mat\u00e9riaux organiques et au pomp\u00e9 \u00e9lectrique.<\/p>\n<p><em>Une introduction aux lasers organiques<\/em>\u00a0pr\u00e9sente les \u00e9l\u00e9ments de physique, les mat\u00e9riaux et les technologies qui permettent de comprendre les bases de ces lasers et de saisir les progr\u00e8s accomplis. Il offre \u00e9galement des pistes pour envisager les \u00e9volutions futures vers la diode laser organique.<\/p>\n","protected":false},"excerpt":{"rendered":"<p>Un des plus grands enjeux de l\u2019opto\u00e9lectronique organique est la r\u00e9alisation de la premi\u00e8re diode laser organique (en pompage \u00e9lectrique), qui pr\u00e9sente un tr\u00e8s fort potentiel pour de nombreuses applications. \u00c0 l\u2019instar de ce qui s\u2019est produit dans le domaine de l\u2019opto\u00e9lectronique inorganique en transformant une LED en une LD, la course est engag\u00e9e pour [&hellip;]<\/p>\n","protected":false},"featured_media":11825,"template":"","meta":{"_acf_changed":false,"_links_to":"","_links_to_target":""},"product_brand":[],"product_cat":[3262],"product_tag":[3487,3486,18,19,20,21,22,3485,25,26,27,3484,28,3483],"class_list":{"0":"post-11817","1":"product","2":"type-product","3":"status-publish","4":"has-post-thumbnail","6":"product_cat-non-classe","7":"product_tag-alexis-fischer","8":"product_tag-azzedine-boudrioua","9":"product_tag-edition-scientifique","10":"product_tag-editions-francaise","11":"product_tag-editions-technique","12":"product_tag-iste-group","13":"product_tag-istegroup","14":"product_tag-lasers-de-nouvelle-generation","15":"product_tag-livre-numerique","16":"product_tag-livre-scientifique-francais","17":"product_tag-livre-technique-francais","18":"product_tag-mahmoud-chakaroun","19":"product_tag-ouvrage-scientifique-francais","20":"product_tag-une-introduction-aux-lasers-organiques","22":"first","23":"instock","24":"shipping-taxable","25":"purchasable","26":"product-type-variable"},"acf":[],"yoast_head":"<!-- This site is optimized with the Yoast SEO plugin v27.2 - https:\/\/yoast.com\/product\/yoast-seo-wordpress\/ -->\n<title>Une introduction aux lasers organiques - ISTE Group<\/title>\n<meta name=\"description\" content=\"Une introduction aux lasers organiques\u00a0pr\u00e9sente les \u00e9l\u00e9ments de physique, les mat\u00e9riaux et les technologies qui permettent de comprendre les bases de ces lasers et de saisir les progr\u00e8s accomplis.\" \/>\n<meta name=\"robots\" content=\"index, follow, max-snippet:-1, max-image-preview:large, max-video-preview:-1\" \/>\n<link rel=\"canonical\" href=\"https:\/\/www.istegroup.com\/en\/produit\/une-introduction-aux-lasers-organiques\/\" \/>\n<meta property=\"og:locale\" content=\"fr_FR\" \/>\n<meta property=\"og:type\" content=\"article\" \/>\n<meta property=\"og:title\" content=\"Une introduction aux lasers organiques - ISTE Group\" \/>\n<meta property=\"og:description\" content=\"Une introduction aux lasers organiques\u00a0pr\u00e9sente les \u00e9l\u00e9ments de physique, les mat\u00e9riaux et les technologies qui permettent de comprendre les bases de ces lasers et de saisir les progr\u00e8s accomplis.\" \/>\n<meta property=\"og:url\" content=\"https:\/\/www.istegroup.com\/en\/produit\/une-introduction-aux-lasers-organiques\/\" \/>\n<meta property=\"og:site_name\" content=\"ISTE Group\" \/>\n<meta property=\"article:modified_time\" content=\"2024-01-03T13:42:05+00:00\" \/>\n<meta property=\"og:image\" content=\"https:\/\/www.istegroup.com\/wp-content\/uploads\/2018\/03\/boudrioua.jpg\" \/>\n\t<meta property=\"og:image:width\" content=\"300\" \/>\n\t<meta property=\"og:image:height\" content=\"450\" \/>\n\t<meta property=\"og:image:type\" content=\"image\/jpeg\" \/>\n<meta name=\"twitter:card\" content=\"summary_large_image\" \/>\n<meta name=\"twitter:label1\" content=\"Est. reading time\" \/>\n\t<meta name=\"twitter:data1\" content=\"1 minute\" \/>\n<script type=\"application\/ld+json\" class=\"yoast-schema-graph\">{\"@context\":\"https:\/\/schema.org\",\"@graph\":[{\"@type\":\"WebPage\",\"@id\":\"https:\/\/www.istegroup.com\/en\/produit\/une-introduction-aux-lasers-organiques\/\",\"url\":\"https:\/\/www.istegroup.com\/en\/produit\/une-introduction-aux-lasers-organiques\/\",\"name\":\"Une introduction aux lasers organiques - ISTE Group\",\"isPartOf\":{\"@id\":\"https:\/\/www.istegroup.com\/#website\"},\"primaryImageOfPage\":{\"@id\":\"https:\/\/www.istegroup.com\/en\/produit\/une-introduction-aux-lasers-organiques\/#primaryimage\"},\"image\":{\"@id\":\"https:\/\/www.istegroup.com\/en\/produit\/une-introduction-aux-lasers-organiques\/#primaryimage\"},\"thumbnailUrl\":\"https:\/\/www.istegroup.com\/wp-content\/uploads\/2018\/03\/boudrioua.jpg\",\"datePublished\":\"2018-03-29T09:38:23+00:00\",\"dateModified\":\"2024-01-03T13:42:05+00:00\",\"description\":\"Une introduction aux lasers organiques\u00a0pr\u00e9sente les \u00e9l\u00e9ments de physique, les mat\u00e9riaux et les technologies qui permettent de comprendre les bases de ces lasers et de saisir les progr\u00e8s accomplis.\",\"breadcrumb\":{\"@id\":\"https:\/\/www.istegroup.com\/en\/produit\/une-introduction-aux-lasers-organiques\/#breadcrumb\"},\"inLanguage\":\"fr-FR\",\"potentialAction\":[{\"@type\":\"ReadAction\",\"target\":[\"https:\/\/www.istegroup.com\/en\/produit\/une-introduction-aux-lasers-organiques\/\"]}]},{\"@type\":\"ImageObject\",\"inLanguage\":\"fr-FR\",\"@id\":\"https:\/\/www.istegroup.com\/en\/produit\/une-introduction-aux-lasers-organiques\/#primaryimage\",\"url\":\"https:\/\/www.istegroup.com\/wp-content\/uploads\/2018\/03\/boudrioua.jpg\",\"contentUrl\":\"https:\/\/www.istegroup.com\/wp-content\/uploads\/2018\/03\/boudrioua.jpg\",\"width\":300,\"height\":450,\"caption\":\"Une introduction aux lasers organiques iste group\"},{\"@type\":\"BreadcrumbList\",\"@id\":\"https:\/\/www.istegroup.com\/en\/produit\/une-introduction-aux-lasers-organiques\/#breadcrumb\",\"itemListElement\":[{\"@type\":\"ListItem\",\"position\":1,\"name\":\"Home\",\"item\":\"https:\/\/www.istegroup.com\/\"},{\"@type\":\"ListItem\",\"position\":2,\"name\":\"Shop\",\"item\":\"https:\/\/www.istegroup.com\/fr\/nouveautes\/\"},{\"@type\":\"ListItem\",\"position\":3,\"name\":\"Une introduction aux lasers organiques\"}]},{\"@type\":\"WebSite\",\"@id\":\"https:\/\/www.istegroup.com\/#website\",\"url\":\"https:\/\/www.istegroup.com\/\",\"name\":\"ISTE Group\",\"description\":\"\u00c9diteur des Sciences\",\"potentialAction\":[{\"@type\":\"SearchAction\",\"target\":{\"@type\":\"EntryPoint\",\"urlTemplate\":\"https:\/\/www.istegroup.com\/?s={search_term_string}\"},\"query-input\":{\"@type\":\"PropertyValueSpecification\",\"valueRequired\":true,\"valueName\":\"search_term_string\"}}],\"inLanguage\":\"fr-FR\"}]}<\/script>\n<!-- \/ Yoast SEO plugin. -->","yoast_head_json":{"title":"Une introduction aux lasers organiques - ISTE Group","description":"Une introduction aux lasers organiques\u00a0pr\u00e9sente les \u00e9l\u00e9ments de physique, les mat\u00e9riaux et les technologies qui permettent de comprendre les bases de ces lasers et de saisir les progr\u00e8s accomplis.","robots":{"index":"index","follow":"follow","max-snippet":"max-snippet:-1","max-image-preview":"max-image-preview:large","max-video-preview":"max-video-preview:-1"},"canonical":"https:\/\/www.istegroup.com\/en\/produit\/une-introduction-aux-lasers-organiques\/","og_locale":"fr_FR","og_type":"article","og_title":"Une introduction aux lasers organiques - ISTE Group","og_description":"Une introduction aux lasers organiques\u00a0pr\u00e9sente les \u00e9l\u00e9ments de physique, les mat\u00e9riaux et les technologies qui permettent de comprendre les bases de ces lasers et de saisir les progr\u00e8s accomplis.","og_url":"https:\/\/www.istegroup.com\/en\/produit\/une-introduction-aux-lasers-organiques\/","og_site_name":"ISTE Group","article_modified_time":"2024-01-03T13:42:05+00:00","og_image":[{"width":300,"height":450,"url":"https:\/\/www.istegroup.com\/wp-content\/uploads\/2018\/03\/boudrioua.jpg","type":"image\/jpeg"}],"twitter_card":"summary_large_image","twitter_misc":{"Est. reading time":"1 minute"},"schema":{"@context":"https:\/\/schema.org","@graph":[{"@type":"WebPage","@id":"https:\/\/www.istegroup.com\/en\/produit\/une-introduction-aux-lasers-organiques\/","url":"https:\/\/www.istegroup.com\/en\/produit\/une-introduction-aux-lasers-organiques\/","name":"Une introduction aux lasers organiques - ISTE Group","isPartOf":{"@id":"https:\/\/www.istegroup.com\/#website"},"primaryImageOfPage":{"@id":"https:\/\/www.istegroup.com\/en\/produit\/une-introduction-aux-lasers-organiques\/#primaryimage"},"image":{"@id":"https:\/\/www.istegroup.com\/en\/produit\/une-introduction-aux-lasers-organiques\/#primaryimage"},"thumbnailUrl":"https:\/\/www.istegroup.com\/wp-content\/uploads\/2018\/03\/boudrioua.jpg","datePublished":"2018-03-29T09:38:23+00:00","dateModified":"2024-01-03T13:42:05+00:00","description":"Une introduction aux lasers organiques\u00a0pr\u00e9sente les \u00e9l\u00e9ments de physique, les mat\u00e9riaux et les technologies qui permettent de comprendre les bases de ces lasers et de saisir les progr\u00e8s accomplis.","breadcrumb":{"@id":"https:\/\/www.istegroup.com\/en\/produit\/une-introduction-aux-lasers-organiques\/#breadcrumb"},"inLanguage":"fr-FR","potentialAction":[{"@type":"ReadAction","target":["https:\/\/www.istegroup.com\/en\/produit\/une-introduction-aux-lasers-organiques\/"]}]},{"@type":"ImageObject","inLanguage":"fr-FR","@id":"https:\/\/www.istegroup.com\/en\/produit\/une-introduction-aux-lasers-organiques\/#primaryimage","url":"https:\/\/www.istegroup.com\/wp-content\/uploads\/2018\/03\/boudrioua.jpg","contentUrl":"https:\/\/www.istegroup.com\/wp-content\/uploads\/2018\/03\/boudrioua.jpg","width":300,"height":450,"caption":"Une introduction aux lasers organiques iste group"},{"@type":"BreadcrumbList","@id":"https:\/\/www.istegroup.com\/en\/produit\/une-introduction-aux-lasers-organiques\/#breadcrumb","itemListElement":[{"@type":"ListItem","position":1,"name":"Home","item":"https:\/\/www.istegroup.com\/"},{"@type":"ListItem","position":2,"name":"Shop","item":"https:\/\/www.istegroup.com\/fr\/nouveautes\/"},{"@type":"ListItem","position":3,"name":"Une introduction aux lasers organiques"}]},{"@type":"WebSite","@id":"https:\/\/www.istegroup.com\/#website","url":"https:\/\/www.istegroup.com\/","name":"ISTE Group","description":"\u00c9diteur des Sciences","potentialAction":[{"@type":"SearchAction","target":{"@type":"EntryPoint","urlTemplate":"https:\/\/www.istegroup.com\/?s={search_term_string}"},"query-input":{"@type":"PropertyValueSpecification","valueRequired":true,"valueName":"search_term_string"}}],"inLanguage":"fr-FR"}]}},"_links":{"self":[{"href":"https:\/\/www.istegroup.com\/fr\/wp-json\/wp\/v2\/product\/11817","targetHints":{"allow":["GET"]}}],"collection":[{"href":"https:\/\/www.istegroup.com\/fr\/wp-json\/wp\/v2\/product"}],"about":[{"href":"https:\/\/www.istegroup.com\/fr\/wp-json\/wp\/v2\/types\/product"}],"wp:featuredmedia":[{"embeddable":true,"href":"https:\/\/www.istegroup.com\/fr\/wp-json\/wp\/v2\/media\/11825"}],"wp:attachment":[{"href":"https:\/\/www.istegroup.com\/fr\/wp-json\/wp\/v2\/media?parent=11817"}],"wp:term":[{"taxonomy":"product_brand","embeddable":true,"href":"https:\/\/www.istegroup.com\/fr\/wp-json\/wp\/v2\/product_brand?post=11817"},{"taxonomy":"product_cat","embeddable":true,"href":"https:\/\/www.istegroup.com\/fr\/wp-json\/wp\/v2\/product_cat?post=11817"},{"taxonomy":"product_tag","embeddable":true,"href":"https:\/\/www.istegroup.com\/fr\/wp-json\/wp\/v2\/product_tag?post=11817"}],"curies":[{"name":"wp","href":"https:\/\/api.w.org\/{rel}","templated":true}]}}