{"id":11807,"date":"2018-03-29T10:55:12","date_gmt":"2018-03-29T08:55:12","guid":{"rendered":"https:\/\/iste.yhello.co\/?post_type=product&#038;p=11807"},"modified":"2024-01-03T13:42:05","modified_gmt":"2024-01-03T13:42:05","slug":"traitement-de-donnees-en-sciences-environnementales","status":"publish","type":"product","link":"https:\/\/www.istegroup.com\/fr\/produit\/traitement-de-donnees-en-sciences-environnementales\/","title":{"rendered":"Traitement de donn\u00e9es en sciences environnementales"},"content":{"rendered":"<p><em>Traitement de donn\u00e9es en sciences environnementales\u00a0<\/em>pr\u00e9sente les m\u00e9thodes d\u2019analyses de tableaux de donn\u00e9es multivari\u00e9es les plus couramment utilis\u00e9es dans les diff\u00e9rentes disciplines des sciences environnementales \u2013 de la g\u00e9ochimie \u00e0 l\u2019\u00e9cologie. Il examine leurs principes, leurs conditions d\u2019application, les moyens de les mettre en oeuvre, via l\u2019utilisation du logiciel R, ainsi que la mani\u00e8re de les interpr\u00e9ter justement.<\/p>\n<p>La vari\u00e9t\u00e9 des analyses expos\u00e9es permet le traitement de petits comme de grands jeux de donn\u00e9es. L\u2019ouvrage pr\u00e9cise les mani\u00e8res d\u2019explorer et de pr\u00e9parer ces donn\u00e9es en amont de l\u2019analyse \u2013 en accord avec les objectifs et la strat\u00e9gie scientifiques de l\u2019\u00e9tude \u2013, de les traiter au pr\u00e9alable, d\u2019\u00e9tablir une structure d\u2019objets (stations\/dates) ou de variables d\u2019int\u00e9r\u00eat et de mettre en avant les param\u00e8tres explicatifs de ces structures (la fa\u00e7on, par exemple, dont la physico-chimie influence la structure biologique obtenue).<\/p>\n","protected":false},"excerpt":{"rendered":"<p>Traitement de donn\u00e9es en sciences environnementales\u00a0pr\u00e9sente les m\u00e9thodes d\u2019analyses de tableaux de donn\u00e9es multivari\u00e9es les plus couramment utilis\u00e9es dans les diff\u00e9rentes disciplines des sciences environnementales \u2013 de la g\u00e9ochimie \u00e0 l\u2019\u00e9cologie. Il examine leurs principes, leurs conditions d\u2019application, les moyens de les mettre en oeuvre, via l\u2019utilisation du logiciel R, ainsi que la mani\u00e8re de [&hellip;]<\/p>\n","protected":false},"featured_media":11811,"template":"","meta":{"_acf_changed":false,"_links_to":"","_links_to_target":""},"product_brand":[],"product_cat":[3262],"product_tag":[474,18,19,20,21,22,25,26,27,28,3491,3490],"class_list":{"0":"post-11807","1":"product","2":"type-product","3":"status-publish","4":"has-post-thumbnail","6":"product_cat-non-classe","7":"product_tag-ecologie","8":"product_tag-edition-scientifique","9":"product_tag-editions-francaise","10":"product_tag-editions-technique","11":"product_tag-iste-group","12":"product_tag-istegroup","13":"product_tag-livre-numerique","14":"product_tag-livre-scientifique-francais","15":"product_tag-livre-technique-francais","16":"product_tag-ouvrage-scientifique-francais","17":"product_tag-traitement-de-donnees-en-sciences-environnementales","18":"product_tag-valerie-david","20":"first","21":"instock","22":"shipping-taxable","23":"purchasable","24":"product-type-variable"},"acf":[],"yoast_head":"<!-- This site is optimized with the Yoast SEO plugin v27.2 - https:\/\/yoast.com\/product\/yoast-seo-wordpress\/ -->\n<title>Traitement de donn\u00e9es en sciences environnementales - ISTE Group<\/title>\n<meta name=\"description\" content=\"Traitement de donn\u00e9es en sciences environnementales pr\u00e9sente les m\u00e9thodes d\u2019analyses de tableaux de donn\u00e9es multivari\u00e9es les plus couramment utilis\u00e9es dans les diff\u00e9rentes disciplines des sciences environnementales \u2013 de la g\u00e9ochimie \u00e0 l\u2019\u00e9cologie.\" \/>\n<meta name=\"robots\" content=\"index, follow, max-snippet:-1, max-image-preview:large, max-video-preview:-1\" \/>\n<link rel=\"canonical\" href=\"https:\/\/www.istegroup.com\/en\/produit\/traitement-de-donnees-en-sciences-environnementales\/\" \/>\n<meta property=\"og:locale\" content=\"fr_FR\" \/>\n<meta property=\"og:type\" content=\"article\" \/>\n<meta property=\"og:title\" content=\"Traitement de donn\u00e9es en sciences environnementales - ISTE Group\" \/>\n<meta property=\"og:description\" content=\"Traitement de donn\u00e9es en sciences environnementales pr\u00e9sente les m\u00e9thodes d\u2019analyses de tableaux de donn\u00e9es multivari\u00e9es les plus couramment utilis\u00e9es dans les diff\u00e9rentes disciplines des sciences environnementales \u2013 de la g\u00e9ochimie \u00e0 l\u2019\u00e9cologie.\" \/>\n<meta property=\"og:url\" content=\"https:\/\/www.istegroup.com\/en\/produit\/traitement-de-donnees-en-sciences-environnementales\/\" \/>\n<meta property=\"og:site_name\" content=\"ISTE Group\" \/>\n<meta property=\"article:modified_time\" content=\"2024-01-03T13:42:05+00:00\" \/>\n<meta property=\"og:image\" content=\"https:\/\/www.istegroup.com\/wp-content\/uploads\/2018\/03\/David_Front.jpg\" \/>\n\t<meta property=\"og:image:width\" content=\"300\" \/>\n\t<meta property=\"og:image:height\" content=\"451\" \/>\n\t<meta property=\"og:image:type\" content=\"image\/jpeg\" \/>\n<meta name=\"twitter:card\" content=\"summary_large_image\" \/>\n<meta name=\"twitter:label1\" content=\"Est. reading time\" \/>\n\t<meta name=\"twitter:data1\" content=\"1 minute\" \/>\n<script type=\"application\/ld+json\" class=\"yoast-schema-graph\">{\"@context\":\"https:\/\/schema.org\",\"@graph\":[{\"@type\":\"WebPage\",\"@id\":\"https:\/\/www.istegroup.com\/en\/produit\/traitement-de-donnees-en-sciences-environnementales\/\",\"url\":\"https:\/\/www.istegroup.com\/en\/produit\/traitement-de-donnees-en-sciences-environnementales\/\",\"name\":\"Traitement de donn\u00e9es en sciences environnementales - ISTE Group\",\"isPartOf\":{\"@id\":\"https:\/\/www.istegroup.com\/#website\"},\"primaryImageOfPage\":{\"@id\":\"https:\/\/www.istegroup.com\/en\/produit\/traitement-de-donnees-en-sciences-environnementales\/#primaryimage\"},\"image\":{\"@id\":\"https:\/\/www.istegroup.com\/en\/produit\/traitement-de-donnees-en-sciences-environnementales\/#primaryimage\"},\"thumbnailUrl\":\"https:\/\/www.istegroup.com\/wp-content\/uploads\/2018\/03\/David_Front.jpg\",\"datePublished\":\"2018-03-29T08:55:12+00:00\",\"dateModified\":\"2024-01-03T13:42:05+00:00\",\"description\":\"Traitement de donn\u00e9es en sciences environnementales pr\u00e9sente les m\u00e9thodes d\u2019analyses de tableaux de donn\u00e9es multivari\u00e9es les plus couramment utilis\u00e9es dans les diff\u00e9rentes disciplines des sciences environnementales \u2013 de la g\u00e9ochimie \u00e0 l\u2019\u00e9cologie.\",\"breadcrumb\":{\"@id\":\"https:\/\/www.istegroup.com\/en\/produit\/traitement-de-donnees-en-sciences-environnementales\/#breadcrumb\"},\"inLanguage\":\"fr-FR\",\"potentialAction\":[{\"@type\":\"ReadAction\",\"target\":[\"https:\/\/www.istegroup.com\/en\/produit\/traitement-de-donnees-en-sciences-environnementales\/\"]}]},{\"@type\":\"ImageObject\",\"inLanguage\":\"fr-FR\",\"@id\":\"https:\/\/www.istegroup.com\/en\/produit\/traitement-de-donnees-en-sciences-environnementales\/#primaryimage\",\"url\":\"https:\/\/www.istegroup.com\/wp-content\/uploads\/2018\/03\/David_Front.jpg\",\"contentUrl\":\"https:\/\/www.istegroup.com\/wp-content\/uploads\/2018\/03\/David_Front.jpg\",\"width\":300,\"height\":451,\"caption\":\"Traitement de donn\u00e9es en sciences environnementales iste group\"},{\"@type\":\"BreadcrumbList\",\"@id\":\"https:\/\/www.istegroup.com\/en\/produit\/traitement-de-donnees-en-sciences-environnementales\/#breadcrumb\",\"itemListElement\":[{\"@type\":\"ListItem\",\"position\":1,\"name\":\"Home\",\"item\":\"https:\/\/www.istegroup.com\/\"},{\"@type\":\"ListItem\",\"position\":2,\"name\":\"Shop\",\"item\":\"https:\/\/www.istegroup.com\/fr\/nouveautes\/\"},{\"@type\":\"ListItem\",\"position\":3,\"name\":\"Traitement de donn\u00e9es en sciences environnementales\"}]},{\"@type\":\"WebSite\",\"@id\":\"https:\/\/www.istegroup.com\/#website\",\"url\":\"https:\/\/www.istegroup.com\/\",\"name\":\"ISTE Group\",\"description\":\"\u00c9diteur des Sciences\",\"potentialAction\":[{\"@type\":\"SearchAction\",\"target\":{\"@type\":\"EntryPoint\",\"urlTemplate\":\"https:\/\/www.istegroup.com\/?s={search_term_string}\"},\"query-input\":{\"@type\":\"PropertyValueSpecification\",\"valueRequired\":true,\"valueName\":\"search_term_string\"}}],\"inLanguage\":\"fr-FR\"}]}<\/script>\n<!-- \/ Yoast SEO plugin. -->","yoast_head_json":{"title":"Traitement de donn\u00e9es en sciences environnementales - ISTE Group","description":"Traitement de donn\u00e9es en sciences environnementales pr\u00e9sente les m\u00e9thodes d\u2019analyses de tableaux de donn\u00e9es multivari\u00e9es les plus couramment utilis\u00e9es dans les diff\u00e9rentes disciplines des sciences environnementales \u2013 de la g\u00e9ochimie \u00e0 l\u2019\u00e9cologie.","robots":{"index":"index","follow":"follow","max-snippet":"max-snippet:-1","max-image-preview":"max-image-preview:large","max-video-preview":"max-video-preview:-1"},"canonical":"https:\/\/www.istegroup.com\/en\/produit\/traitement-de-donnees-en-sciences-environnementales\/","og_locale":"fr_FR","og_type":"article","og_title":"Traitement de donn\u00e9es en sciences environnementales - ISTE Group","og_description":"Traitement de donn\u00e9es en sciences environnementales pr\u00e9sente les m\u00e9thodes d\u2019analyses de tableaux de donn\u00e9es multivari\u00e9es les plus couramment utilis\u00e9es dans les diff\u00e9rentes disciplines des sciences environnementales \u2013 de la g\u00e9ochimie \u00e0 l\u2019\u00e9cologie.","og_url":"https:\/\/www.istegroup.com\/en\/produit\/traitement-de-donnees-en-sciences-environnementales\/","og_site_name":"ISTE Group","article_modified_time":"2024-01-03T13:42:05+00:00","og_image":[{"width":300,"height":451,"url":"https:\/\/www.istegroup.com\/wp-content\/uploads\/2018\/03\/David_Front.jpg","type":"image\/jpeg"}],"twitter_card":"summary_large_image","twitter_misc":{"Est. reading time":"1 minute"},"schema":{"@context":"https:\/\/schema.org","@graph":[{"@type":"WebPage","@id":"https:\/\/www.istegroup.com\/en\/produit\/traitement-de-donnees-en-sciences-environnementales\/","url":"https:\/\/www.istegroup.com\/en\/produit\/traitement-de-donnees-en-sciences-environnementales\/","name":"Traitement de donn\u00e9es en sciences environnementales - ISTE Group","isPartOf":{"@id":"https:\/\/www.istegroup.com\/#website"},"primaryImageOfPage":{"@id":"https:\/\/www.istegroup.com\/en\/produit\/traitement-de-donnees-en-sciences-environnementales\/#primaryimage"},"image":{"@id":"https:\/\/www.istegroup.com\/en\/produit\/traitement-de-donnees-en-sciences-environnementales\/#primaryimage"},"thumbnailUrl":"https:\/\/www.istegroup.com\/wp-content\/uploads\/2018\/03\/David_Front.jpg","datePublished":"2018-03-29T08:55:12+00:00","dateModified":"2024-01-03T13:42:05+00:00","description":"Traitement de donn\u00e9es en sciences environnementales pr\u00e9sente les m\u00e9thodes d\u2019analyses de tableaux de donn\u00e9es multivari\u00e9es les plus couramment utilis\u00e9es dans les diff\u00e9rentes disciplines des sciences environnementales \u2013 de la g\u00e9ochimie \u00e0 l\u2019\u00e9cologie.","breadcrumb":{"@id":"https:\/\/www.istegroup.com\/en\/produit\/traitement-de-donnees-en-sciences-environnementales\/#breadcrumb"},"inLanguage":"fr-FR","potentialAction":[{"@type":"ReadAction","target":["https:\/\/www.istegroup.com\/en\/produit\/traitement-de-donnees-en-sciences-environnementales\/"]}]},{"@type":"ImageObject","inLanguage":"fr-FR","@id":"https:\/\/www.istegroup.com\/en\/produit\/traitement-de-donnees-en-sciences-environnementales\/#primaryimage","url":"https:\/\/www.istegroup.com\/wp-content\/uploads\/2018\/03\/David_Front.jpg","contentUrl":"https:\/\/www.istegroup.com\/wp-content\/uploads\/2018\/03\/David_Front.jpg","width":300,"height":451,"caption":"Traitement de donn\u00e9es en sciences environnementales iste group"},{"@type":"BreadcrumbList","@id":"https:\/\/www.istegroup.com\/en\/produit\/traitement-de-donnees-en-sciences-environnementales\/#breadcrumb","itemListElement":[{"@type":"ListItem","position":1,"name":"Home","item":"https:\/\/www.istegroup.com\/"},{"@type":"ListItem","position":2,"name":"Shop","item":"https:\/\/www.istegroup.com\/fr\/nouveautes\/"},{"@type":"ListItem","position":3,"name":"Traitement de donn\u00e9es en sciences environnementales"}]},{"@type":"WebSite","@id":"https:\/\/www.istegroup.com\/#website","url":"https:\/\/www.istegroup.com\/","name":"ISTE Group","description":"\u00c9diteur des Sciences","potentialAction":[{"@type":"SearchAction","target":{"@type":"EntryPoint","urlTemplate":"https:\/\/www.istegroup.com\/?s={search_term_string}"},"query-input":{"@type":"PropertyValueSpecification","valueRequired":true,"valueName":"search_term_string"}}],"inLanguage":"fr-FR"}]}},"_links":{"self":[{"href":"https:\/\/www.istegroup.com\/fr\/wp-json\/wp\/v2\/product\/11807","targetHints":{"allow":["GET"]}}],"collection":[{"href":"https:\/\/www.istegroup.com\/fr\/wp-json\/wp\/v2\/product"}],"about":[{"href":"https:\/\/www.istegroup.com\/fr\/wp-json\/wp\/v2\/types\/product"}],"wp:featuredmedia":[{"embeddable":true,"href":"https:\/\/www.istegroup.com\/fr\/wp-json\/wp\/v2\/media\/11811"}],"wp:attachment":[{"href":"https:\/\/www.istegroup.com\/fr\/wp-json\/wp\/v2\/media?parent=11807"}],"wp:term":[{"taxonomy":"product_brand","embeddable":true,"href":"https:\/\/www.istegroup.com\/fr\/wp-json\/wp\/v2\/product_brand?post=11807"},{"taxonomy":"product_cat","embeddable":true,"href":"https:\/\/www.istegroup.com\/fr\/wp-json\/wp\/v2\/product_cat?post=11807"},{"taxonomy":"product_tag","embeddable":true,"href":"https:\/\/www.istegroup.com\/fr\/wp-json\/wp\/v2\/product_tag?post=11807"}],"curies":[{"name":"wp","href":"https:\/\/api.w.org\/{rel}","templated":true}]}}