{"id":11801,"date":"2018-03-29T10:46:55","date_gmt":"2018-03-29T08:46:55","guid":{"rendered":"https:\/\/iste.yhello.co\/?post_type=product&#038;p=11801"},"modified":"2024-01-03T13:41:52","modified_gmt":"2024-01-03T13:41:52","slug":"theorie-non-lineaire-des-plaques-elastiques","status":"publish","type":"product","link":"https:\/\/www.istegroup.com\/fr\/produit\/theorie-non-lineaire-des-plaques-elastiques\/","title":{"rendered":"Th\u00e9orie non lin\u00e9aire des plaques \u00e9lastiques"},"content":{"rendered":"<p>Cette introduction \u00e0 la th\u00e9orie des plaques \u00e9lastiques dans le cadre non lin\u00e9aire des transformations finies pr\u00e9sente les mod\u00e8les de Cosserat, de Reissner-Mindlin et de Kirchhoff-Love, dans l&rsquo;ordre de complexit\u00e9 croissante des \u00e9quations.<\/p>\n<p>En plus d\u2019exposer les passerelles entre ces diff\u00e9rents mod\u00e8les,<em>\u00a0Th\u00e9orie non lin\u00e9aire des plaques \u00e9lastiques<\/em>\u00a0met en exergue deux types de r\u00e9sultats : ceux d\u00e9pendant uniquement de l\u2019hypoth\u00e8se cin\u00e9matique propre au mod\u00e8le de plaque, valables donc quel que soit le mat\u00e9riau constitutif, et ceux supposant une loi de comportement hyper\u00e9lastique. L\u2019ouvrage traite \u00e9galement de la question de la lin\u00e9arisation des \u00e9quations de plaques en vue d&rsquo;\u00e9tudier l&rsquo;instabilit\u00e9 ou le flambement.<\/p>\n<p>Contenant des rappels math\u00e9matiques n\u00e9cessaires pour rendre l&rsquo;expos\u00e9 autonome, l\u2019ouvrage s&rsquo;adresse aux \u00e9tudiants de Master et en \u00e9coles d&rsquo;ing\u00e9nieurs, aux chercheurs et aux ing\u00e9nieurs en m\u00e9canique des structures ou en g\u00e9nie civil.<\/p>\n","protected":false},"excerpt":{"rendered":"<p>Cette introduction \u00e0 la th\u00e9orie des plaques \u00e9lastiques dans le cadre non lin\u00e9aire des transformations finies pr\u00e9sente les mod\u00e8les de Cosserat, de Reissner-Mindlin et de Kirchhoff-Love, dans l&rsquo;ordre de complexit\u00e9 croissante des \u00e9quations. En plus d\u2019exposer les passerelles entre ces diff\u00e9rents mod\u00e8les,\u00a0Th\u00e9orie non lin\u00e9aire des plaques \u00e9lastiques\u00a0met en exergue deux types de r\u00e9sultats : ceux [&hellip;]<\/p>\n","protected":false},"featured_media":11806,"template":"","meta":{"_acf_changed":false,"_links_to":"","_links_to_target":""},"product_brand":[],"product_cat":[3262],"product_tag":[3494,18,19,20,3493,21,22,25,26,27,28,3492],"class_list":{"0":"post-11801","1":"product","2":"type-product","3":"status-publish","4":"has-post-thumbnail","6":"product_cat-non-classe","7":"product_tag-anh-le-van","8":"product_tag-edition-scientifique","9":"product_tag-editions-francaise","10":"product_tag-editions-technique","11":"product_tag-genie-mecanique-et-mecanique-des-solides","12":"product_tag-iste-group","13":"product_tag-istegroup","14":"product_tag-livre-numerique","15":"product_tag-livre-scientifique-francais","16":"product_tag-livre-technique-francais","17":"product_tag-ouvrage-scientifique-francais","18":"product_tag-theorie-non-lineaire-des-plaques-elastiques","20":"first","21":"instock","22":"shipping-taxable","23":"purchasable","24":"product-type-variable"},"acf":[],"yoast_head":"<!-- This site is optimized with the Yoast SEO plugin v27.2 - https:\/\/yoast.com\/product\/yoast-seo-wordpress\/ -->\n<title>Th\u00e9orie non lin\u00e9aire des plaques \u00e9lastiques - ISTE Group<\/title>\n<meta name=\"description\" content=\"Cette introduction \u00e0 la th\u00e9orie des plaques \u00e9lastiques dans le cadre non lin\u00e9aire des transformations finies pr\u00e9sente les mod\u00e8les de Cosserat, de Reissner-Mindlin et de Kirchhoff-Love, dans l&#039;ordre de complexit\u00e9 croissante des \u00e9quations.\" \/>\n<meta name=\"robots\" content=\"index, follow, max-snippet:-1, max-image-preview:large, max-video-preview:-1\" \/>\n<link rel=\"canonical\" href=\"https:\/\/www.istegroup.com\/en\/produit\/theorie-non-lineaire-des-plaques-elastiques\/\" \/>\n<meta property=\"og:locale\" content=\"fr_FR\" \/>\n<meta property=\"og:type\" content=\"article\" \/>\n<meta property=\"og:title\" content=\"Th\u00e9orie non lin\u00e9aire des plaques \u00e9lastiques - ISTE Group\" \/>\n<meta property=\"og:description\" content=\"Cette introduction \u00e0 la th\u00e9orie des plaques \u00e9lastiques dans le cadre non lin\u00e9aire des transformations finies pr\u00e9sente les mod\u00e8les de Cosserat, de Reissner-Mindlin et de Kirchhoff-Love, dans l&#039;ordre de complexit\u00e9 croissante des \u00e9quations.\" \/>\n<meta property=\"og:url\" content=\"https:\/\/www.istegroup.com\/en\/produit\/theorie-non-lineaire-des-plaques-elastiques\/\" \/>\n<meta property=\"og:site_name\" content=\"ISTE Group\" \/>\n<meta property=\"article:modified_time\" content=\"2024-01-03T13:41:52+00:00\" \/>\n<meta property=\"og:image\" content=\"https:\/\/www.istegroup.com\/wp-content\/uploads\/2018\/03\/Levan_Front.jpg\" \/>\n\t<meta property=\"og:image:width\" content=\"300\" \/>\n\t<meta property=\"og:image:height\" content=\"452\" \/>\n\t<meta property=\"og:image:type\" content=\"image\/jpeg\" \/>\n<meta name=\"twitter:card\" content=\"summary_large_image\" \/>\n<meta name=\"twitter:label1\" content=\"Est. reading time\" \/>\n\t<meta name=\"twitter:data1\" content=\"1 minute\" \/>\n<script type=\"application\/ld+json\" class=\"yoast-schema-graph\">{\"@context\":\"https:\/\/schema.org\",\"@graph\":[{\"@type\":\"WebPage\",\"@id\":\"https:\/\/www.istegroup.com\/en\/produit\/theorie-non-lineaire-des-plaques-elastiques\/\",\"url\":\"https:\/\/www.istegroup.com\/en\/produit\/theorie-non-lineaire-des-plaques-elastiques\/\",\"name\":\"Th\u00e9orie non lin\u00e9aire des plaques \u00e9lastiques - ISTE Group\",\"isPartOf\":{\"@id\":\"https:\/\/www.istegroup.com\/#website\"},\"primaryImageOfPage\":{\"@id\":\"https:\/\/www.istegroup.com\/en\/produit\/theorie-non-lineaire-des-plaques-elastiques\/#primaryimage\"},\"image\":{\"@id\":\"https:\/\/www.istegroup.com\/en\/produit\/theorie-non-lineaire-des-plaques-elastiques\/#primaryimage\"},\"thumbnailUrl\":\"https:\/\/www.istegroup.com\/wp-content\/uploads\/2018\/03\/Levan_Front.jpg\",\"datePublished\":\"2018-03-29T08:46:55+00:00\",\"dateModified\":\"2024-01-03T13:41:52+00:00\",\"description\":\"Cette introduction \u00e0 la th\u00e9orie des plaques \u00e9lastiques dans le cadre non lin\u00e9aire des transformations finies pr\u00e9sente les mod\u00e8les de Cosserat, de Reissner-Mindlin et de Kirchhoff-Love, dans l'ordre de complexit\u00e9 croissante des \u00e9quations.\",\"breadcrumb\":{\"@id\":\"https:\/\/www.istegroup.com\/en\/produit\/theorie-non-lineaire-des-plaques-elastiques\/#breadcrumb\"},\"inLanguage\":\"fr-FR\",\"potentialAction\":[{\"@type\":\"ReadAction\",\"target\":[\"https:\/\/www.istegroup.com\/en\/produit\/theorie-non-lineaire-des-plaques-elastiques\/\"]}]},{\"@type\":\"ImageObject\",\"inLanguage\":\"fr-FR\",\"@id\":\"https:\/\/www.istegroup.com\/en\/produit\/theorie-non-lineaire-des-plaques-elastiques\/#primaryimage\",\"url\":\"https:\/\/www.istegroup.com\/wp-content\/uploads\/2018\/03\/Levan_Front.jpg\",\"contentUrl\":\"https:\/\/www.istegroup.com\/wp-content\/uploads\/2018\/03\/Levan_Front.jpg\",\"width\":300,\"height\":452,\"caption\":\"Th\u00e9orie non lin\u00e9aire des plaques \u00e9lastiques iste group\"},{\"@type\":\"BreadcrumbList\",\"@id\":\"https:\/\/www.istegroup.com\/en\/produit\/theorie-non-lineaire-des-plaques-elastiques\/#breadcrumb\",\"itemListElement\":[{\"@type\":\"ListItem\",\"position\":1,\"name\":\"Home\",\"item\":\"https:\/\/www.istegroup.com\/\"},{\"@type\":\"ListItem\",\"position\":2,\"name\":\"Shop\",\"item\":\"https:\/\/www.istegroup.com\/fr\/nouveautes\/\"},{\"@type\":\"ListItem\",\"position\":3,\"name\":\"Th\u00e9orie non lin\u00e9aire des plaques \u00e9lastiques\"}]},{\"@type\":\"WebSite\",\"@id\":\"https:\/\/www.istegroup.com\/#website\",\"url\":\"https:\/\/www.istegroup.com\/\",\"name\":\"ISTE Group\",\"description\":\"\u00c9diteur des Sciences\",\"potentialAction\":[{\"@type\":\"SearchAction\",\"target\":{\"@type\":\"EntryPoint\",\"urlTemplate\":\"https:\/\/www.istegroup.com\/?s={search_term_string}\"},\"query-input\":{\"@type\":\"PropertyValueSpecification\",\"valueRequired\":true,\"valueName\":\"search_term_string\"}}],\"inLanguage\":\"fr-FR\"}]}<\/script>\n<!-- \/ Yoast SEO plugin. -->","yoast_head_json":{"title":"Th\u00e9orie non lin\u00e9aire des plaques \u00e9lastiques - ISTE Group","description":"Cette introduction \u00e0 la th\u00e9orie des plaques \u00e9lastiques dans le cadre non lin\u00e9aire des transformations finies pr\u00e9sente les mod\u00e8les de Cosserat, de Reissner-Mindlin et de Kirchhoff-Love, dans l'ordre de complexit\u00e9 croissante des \u00e9quations.","robots":{"index":"index","follow":"follow","max-snippet":"max-snippet:-1","max-image-preview":"max-image-preview:large","max-video-preview":"max-video-preview:-1"},"canonical":"https:\/\/www.istegroup.com\/en\/produit\/theorie-non-lineaire-des-plaques-elastiques\/","og_locale":"fr_FR","og_type":"article","og_title":"Th\u00e9orie non lin\u00e9aire des plaques \u00e9lastiques - ISTE Group","og_description":"Cette introduction \u00e0 la th\u00e9orie des plaques \u00e9lastiques dans le cadre non lin\u00e9aire des transformations finies pr\u00e9sente les mod\u00e8les de Cosserat, de Reissner-Mindlin et de Kirchhoff-Love, dans l'ordre de complexit\u00e9 croissante des \u00e9quations.","og_url":"https:\/\/www.istegroup.com\/en\/produit\/theorie-non-lineaire-des-plaques-elastiques\/","og_site_name":"ISTE Group","article_modified_time":"2024-01-03T13:41:52+00:00","og_image":[{"width":300,"height":452,"url":"https:\/\/www.istegroup.com\/wp-content\/uploads\/2018\/03\/Levan_Front.jpg","type":"image\/jpeg"}],"twitter_card":"summary_large_image","twitter_misc":{"Est. reading time":"1 minute"},"schema":{"@context":"https:\/\/schema.org","@graph":[{"@type":"WebPage","@id":"https:\/\/www.istegroup.com\/en\/produit\/theorie-non-lineaire-des-plaques-elastiques\/","url":"https:\/\/www.istegroup.com\/en\/produit\/theorie-non-lineaire-des-plaques-elastiques\/","name":"Th\u00e9orie non lin\u00e9aire des plaques \u00e9lastiques - ISTE Group","isPartOf":{"@id":"https:\/\/www.istegroup.com\/#website"},"primaryImageOfPage":{"@id":"https:\/\/www.istegroup.com\/en\/produit\/theorie-non-lineaire-des-plaques-elastiques\/#primaryimage"},"image":{"@id":"https:\/\/www.istegroup.com\/en\/produit\/theorie-non-lineaire-des-plaques-elastiques\/#primaryimage"},"thumbnailUrl":"https:\/\/www.istegroup.com\/wp-content\/uploads\/2018\/03\/Levan_Front.jpg","datePublished":"2018-03-29T08:46:55+00:00","dateModified":"2024-01-03T13:41:52+00:00","description":"Cette introduction \u00e0 la th\u00e9orie des plaques \u00e9lastiques dans le cadre non lin\u00e9aire des transformations finies pr\u00e9sente les mod\u00e8les de Cosserat, de Reissner-Mindlin et de Kirchhoff-Love, dans l'ordre de complexit\u00e9 croissante des \u00e9quations.","breadcrumb":{"@id":"https:\/\/www.istegroup.com\/en\/produit\/theorie-non-lineaire-des-plaques-elastiques\/#breadcrumb"},"inLanguage":"fr-FR","potentialAction":[{"@type":"ReadAction","target":["https:\/\/www.istegroup.com\/en\/produit\/theorie-non-lineaire-des-plaques-elastiques\/"]}]},{"@type":"ImageObject","inLanguage":"fr-FR","@id":"https:\/\/www.istegroup.com\/en\/produit\/theorie-non-lineaire-des-plaques-elastiques\/#primaryimage","url":"https:\/\/www.istegroup.com\/wp-content\/uploads\/2018\/03\/Levan_Front.jpg","contentUrl":"https:\/\/www.istegroup.com\/wp-content\/uploads\/2018\/03\/Levan_Front.jpg","width":300,"height":452,"caption":"Th\u00e9orie non lin\u00e9aire des plaques \u00e9lastiques iste group"},{"@type":"BreadcrumbList","@id":"https:\/\/www.istegroup.com\/en\/produit\/theorie-non-lineaire-des-plaques-elastiques\/#breadcrumb","itemListElement":[{"@type":"ListItem","position":1,"name":"Home","item":"https:\/\/www.istegroup.com\/"},{"@type":"ListItem","position":2,"name":"Shop","item":"https:\/\/www.istegroup.com\/fr\/nouveautes\/"},{"@type":"ListItem","position":3,"name":"Th\u00e9orie non lin\u00e9aire des plaques \u00e9lastiques"}]},{"@type":"WebSite","@id":"https:\/\/www.istegroup.com\/#website","url":"https:\/\/www.istegroup.com\/","name":"ISTE Group","description":"\u00c9diteur des Sciences","potentialAction":[{"@type":"SearchAction","target":{"@type":"EntryPoint","urlTemplate":"https:\/\/www.istegroup.com\/?s={search_term_string}"},"query-input":{"@type":"PropertyValueSpecification","valueRequired":true,"valueName":"search_term_string"}}],"inLanguage":"fr-FR"}]}},"_links":{"self":[{"href":"https:\/\/www.istegroup.com\/fr\/wp-json\/wp\/v2\/product\/11801","targetHints":{"allow":["GET"]}}],"collection":[{"href":"https:\/\/www.istegroup.com\/fr\/wp-json\/wp\/v2\/product"}],"about":[{"href":"https:\/\/www.istegroup.com\/fr\/wp-json\/wp\/v2\/types\/product"}],"wp:featuredmedia":[{"embeddable":true,"href":"https:\/\/www.istegroup.com\/fr\/wp-json\/wp\/v2\/media\/11806"}],"wp:attachment":[{"href":"https:\/\/www.istegroup.com\/fr\/wp-json\/wp\/v2\/media?parent=11801"}],"wp:term":[{"taxonomy":"product_brand","embeddable":true,"href":"https:\/\/www.istegroup.com\/fr\/wp-json\/wp\/v2\/product_brand?post=11801"},{"taxonomy":"product_cat","embeddable":true,"href":"https:\/\/www.istegroup.com\/fr\/wp-json\/wp\/v2\/product_cat?post=11801"},{"taxonomy":"product_tag","embeddable":true,"href":"https:\/\/www.istegroup.com\/fr\/wp-json\/wp\/v2\/product_tag?post=11801"}],"curies":[{"name":"wp","href":"https:\/\/api.w.org\/{rel}","templated":true}]}}