{"id":11710,"date":"2018-03-28T15:59:58","date_gmt":"2018-03-28T13:59:58","guid":{"rendered":"https:\/\/iste.yhello.co\/?post_type=product&#038;p=11710"},"modified":"2024-01-03T13:41:50","modified_gmt":"2024-01-03T13:41:50","slug":"permanences-et-evolutions-des-relations-complexes-entre-educations-et-territoires","status":"publish","type":"product","link":"https:\/\/www.istegroup.com\/fr\/produit\/permanences-et-evolutions-des-relations-complexes-entre-educations-et-territoires\/","title":{"rendered":"Permanences et \u00e9volutions des relations complexes entre \u00e9ducations et territoires"},"content":{"rendered":"<p>Interrogeant le couple \u00e9ducation et territoire selon trois grands axes (\u00e9volutions historiques, interactions contemporaines, th\u00e9orisations originales), cet ouvrage expose l\u2019importance de la contextualisation territoriale de l\u2019\u00e9cole : celle-ci n\u2019appara\u00eet donc plus en cette mati\u00e8re comme le point aveugle d\u2019une recherche en sciences de l\u2019\u00e9ducation qui, jusqu\u2019ici, s\u2019occupait surtout des contextualisations sociales et institutionnelles.<\/p>\n<p>Ses quatorze chapitres analysent les nombreuses interactions d\u00e9velopp\u00e9es entre \u00e9ducatif (forme scolaire, p\u00e9dagogie, didactique, orientation, etc.) et territorial (prescrit, v\u00e9cu, r\u00eav\u00e9, int\u00e9rioris\u00e9). En effet, si le territoire peut impacter l\u2019\u00e9ducation en tant que contexte, il peut \u00e9galement jouer un r\u00f4le d\u2019acteur \u00e9ducatif jusqu\u2019\u00e0 se muer en \u00ab territoire apprenant \u00bb. Des questions d\u2019importance sont dans ce cadre examin\u00e9es au fil de l\u2019ouvrage : in\u00e9galit\u00e9s territoriales d\u2019\u00e9ducation et d\u2019orientation, politiques publiques territorialis\u00e9es, et sp\u00e9cificit\u00e9s et points communs des \u00e9coles rurales et urbaines.<\/p>\n","protected":false},"excerpt":{"rendered":"<p>Interrogeant le couple \u00e9ducation et territoire selon trois grands axes (\u00e9volutions historiques, interactions contemporaines, th\u00e9orisations originales), cet ouvrage expose l\u2019importance de la contextualisation territoriale de l\u2019\u00e9cole : celle-ci n\u2019appara\u00eet donc plus en cette mati\u00e8re comme le point aveugle d\u2019une recherche en sciences de l\u2019\u00e9ducation qui, jusqu\u2019ici, s\u2019occupait surtout des contextualisations sociales et institutionnelles. Ses quatorze [&hellip;]<\/p>\n","protected":false},"featured_media":20417,"template":"","meta":{"_acf_changed":false,"_links_to":"","_links_to_target":""},"product_brand":[],"product_cat":[3262],"product_tag":[3550,18,19,20,1135,21,22,25,26,27,28,3549,3548,3547],"class_list":{"0":"post-11710","1":"product","2":"type-product","3":"status-publish","4":"has-post-thumbnail","6":"product_cat-non-classe","7":"product_tag-angela-barthes","8":"product_tag-edition-scientifique","9":"product_tag-editions-francaise","10":"product_tag-editions-technique","11":"product_tag-education","12":"product_tag-iste-group","13":"product_tag-istegroup","14":"product_tag-livre-numerique","15":"product_tag-livre-scientifique-francais","16":"product_tag-livre-technique-francais","17":"product_tag-ouvrage-scientifique-francais","18":"product_tag-permanences-et-evolutions-des-relations-complexes-entre-educations-et-territoires","19":"product_tag-pierre-champollion","20":"product_tag-yves-alpe","22":"first","23":"instock","24":"shipping-taxable","25":"purchasable","26":"product-type-variable"},"acf":[],"yoast_head":"<!-- This site is optimized with the Yoast SEO plugin v27.2 - https:\/\/yoast.com\/product\/yoast-seo-wordpress\/ -->\n<title>Permanences et \u00e9volutions des relations complexes entre \u00e9ducations et territoires - ISTE Group<\/title>\n<meta name=\"robots\" content=\"index, follow, max-snippet:-1, max-image-preview:large, max-video-preview:-1\" \/>\n<link rel=\"canonical\" href=\"https:\/\/www.istegroup.com\/en\/produit\/permanences-et-evolutions-des-relations-complexes-entre-educations-et-territoires\/\" \/>\n<meta property=\"og:locale\" content=\"fr_FR\" \/>\n<meta property=\"og:type\" content=\"article\" \/>\n<meta property=\"og:title\" content=\"Permanences et \u00e9volutions des relations complexes entre \u00e9ducations et territoires - ISTE Group\" \/>\n<meta property=\"og:description\" content=\"Interrogeant le couple \u00e9ducation et territoire selon trois grands axes (\u00e9volutions historiques, interactions contemporaines, th\u00e9orisations originales), cet ouvrage expose l\u2019importance de la contextualisation territoriale de l\u2019\u00e9cole : celle-ci n\u2019appara\u00eet donc plus en cette mati\u00e8re comme le point aveugle d\u2019une recherche en sciences de l\u2019\u00e9ducation qui, jusqu\u2019ici, s\u2019occupait surtout des contextualisations sociales et institutionnelles. Ses quatorze [&hellip;]\" \/>\n<meta property=\"og:url\" content=\"https:\/\/www.istegroup.com\/en\/produit\/permanences-et-evolutions-des-relations-complexes-entre-educations-et-territoires\/\" \/>\n<meta property=\"og:site_name\" content=\"ISTE Group\" \/>\n<meta property=\"article:modified_time\" content=\"2024-01-03T13:41:50+00:00\" \/>\n<meta property=\"og:image\" content=\"https:\/\/www.istegroup.com\/wp-content\/uploads\/2019\/04\/Barthes_Front.jpg\" \/>\n\t<meta property=\"og:image:width\" content=\"300\" \/>\n\t<meta property=\"og:image:height\" content=\"453\" \/>\n\t<meta property=\"og:image:type\" content=\"image\/jpeg\" \/>\n<meta name=\"twitter:card\" content=\"summary_large_image\" \/>\n<meta name=\"twitter:label1\" content=\"Est. reading time\" \/>\n\t<meta name=\"twitter:data1\" content=\"1 minute\" \/>\n<script type=\"application\/ld+json\" class=\"yoast-schema-graph\">{\"@context\":\"https:\/\/schema.org\",\"@graph\":[{\"@type\":\"WebPage\",\"@id\":\"https:\/\/www.istegroup.com\/en\/produit\/permanences-et-evolutions-des-relations-complexes-entre-educations-et-territoires\/\",\"url\":\"https:\/\/www.istegroup.com\/en\/produit\/permanences-et-evolutions-des-relations-complexes-entre-educations-et-territoires\/\",\"name\":\"Permanences et \u00e9volutions des relations complexes entre \u00e9ducations et territoires - ISTE Group\",\"isPartOf\":{\"@id\":\"https:\/\/www.istegroup.com\/#website\"},\"primaryImageOfPage\":{\"@id\":\"https:\/\/www.istegroup.com\/en\/produit\/permanences-et-evolutions-des-relations-complexes-entre-educations-et-territoires\/#primaryimage\"},\"image\":{\"@id\":\"https:\/\/www.istegroup.com\/en\/produit\/permanences-et-evolutions-des-relations-complexes-entre-educations-et-territoires\/#primaryimage\"},\"thumbnailUrl\":\"https:\/\/www.istegroup.com\/wp-content\/uploads\/2019\/04\/Barthes_Front.jpg\",\"datePublished\":\"2018-03-28T13:59:58+00:00\",\"dateModified\":\"2024-01-03T13:41:50+00:00\",\"breadcrumb\":{\"@id\":\"https:\/\/www.istegroup.com\/en\/produit\/permanences-et-evolutions-des-relations-complexes-entre-educations-et-territoires\/#breadcrumb\"},\"inLanguage\":\"fr-FR\",\"potentialAction\":[{\"@type\":\"ReadAction\",\"target\":[\"https:\/\/www.istegroup.com\/en\/produit\/permanences-et-evolutions-des-relations-complexes-entre-educations-et-territoires\/\"]}]},{\"@type\":\"ImageObject\",\"inLanguage\":\"fr-FR\",\"@id\":\"https:\/\/www.istegroup.com\/en\/produit\/permanences-et-evolutions-des-relations-complexes-entre-educations-et-territoires\/#primaryimage\",\"url\":\"https:\/\/www.istegroup.com\/wp-content\/uploads\/2019\/04\/Barthes_Front.jpg\",\"contentUrl\":\"https:\/\/www.istegroup.com\/wp-content\/uploads\/2019\/04\/Barthes_Front.jpg\",\"width\":300,\"height\":453,\"caption\":\"Permanences et \u00e9volutions des relations complexes entre \u00e9ducations et territoires\"},{\"@type\":\"BreadcrumbList\",\"@id\":\"https:\/\/www.istegroup.com\/en\/produit\/permanences-et-evolutions-des-relations-complexes-entre-educations-et-territoires\/#breadcrumb\",\"itemListElement\":[{\"@type\":\"ListItem\",\"position\":1,\"name\":\"Home\",\"item\":\"https:\/\/www.istegroup.com\/\"},{\"@type\":\"ListItem\",\"position\":2,\"name\":\"Shop\",\"item\":\"https:\/\/www.istegroup.com\/fr\/nouveautes\/\"},{\"@type\":\"ListItem\",\"position\":3,\"name\":\"Permanences et \u00e9volutions des relations complexes entre \u00e9ducations et territoires\"}]},{\"@type\":\"WebSite\",\"@id\":\"https:\/\/www.istegroup.com\/#website\",\"url\":\"https:\/\/www.istegroup.com\/\",\"name\":\"ISTE Group\",\"description\":\"\u00c9diteur des Sciences\",\"potentialAction\":[{\"@type\":\"SearchAction\",\"target\":{\"@type\":\"EntryPoint\",\"urlTemplate\":\"https:\/\/www.istegroup.com\/?s={search_term_string}\"},\"query-input\":{\"@type\":\"PropertyValueSpecification\",\"valueRequired\":true,\"valueName\":\"search_term_string\"}}],\"inLanguage\":\"fr-FR\"}]}<\/script>\n<!-- \/ Yoast SEO plugin. -->","yoast_head_json":{"title":"Permanences et \u00e9volutions des relations complexes entre \u00e9ducations et territoires - ISTE Group","robots":{"index":"index","follow":"follow","max-snippet":"max-snippet:-1","max-image-preview":"max-image-preview:large","max-video-preview":"max-video-preview:-1"},"canonical":"https:\/\/www.istegroup.com\/en\/produit\/permanences-et-evolutions-des-relations-complexes-entre-educations-et-territoires\/","og_locale":"fr_FR","og_type":"article","og_title":"Permanences et \u00e9volutions des relations complexes entre \u00e9ducations et territoires - ISTE Group","og_description":"Interrogeant le couple \u00e9ducation et territoire selon trois grands axes (\u00e9volutions historiques, interactions contemporaines, th\u00e9orisations originales), cet ouvrage expose l\u2019importance de la contextualisation territoriale de l\u2019\u00e9cole : celle-ci n\u2019appara\u00eet donc plus en cette mati\u00e8re comme le point aveugle d\u2019une recherche en sciences de l\u2019\u00e9ducation qui, jusqu\u2019ici, s\u2019occupait surtout des contextualisations sociales et institutionnelles. Ses quatorze [&hellip;]","og_url":"https:\/\/www.istegroup.com\/en\/produit\/permanences-et-evolutions-des-relations-complexes-entre-educations-et-territoires\/","og_site_name":"ISTE Group","article_modified_time":"2024-01-03T13:41:50+00:00","og_image":[{"width":300,"height":453,"url":"https:\/\/www.istegroup.com\/wp-content\/uploads\/2019\/04\/Barthes_Front.jpg","type":"image\/jpeg"}],"twitter_card":"summary_large_image","twitter_misc":{"Est. reading time":"1 minute"},"schema":{"@context":"https:\/\/schema.org","@graph":[{"@type":"WebPage","@id":"https:\/\/www.istegroup.com\/en\/produit\/permanences-et-evolutions-des-relations-complexes-entre-educations-et-territoires\/","url":"https:\/\/www.istegroup.com\/en\/produit\/permanences-et-evolutions-des-relations-complexes-entre-educations-et-territoires\/","name":"Permanences et \u00e9volutions des relations complexes entre \u00e9ducations et territoires - ISTE Group","isPartOf":{"@id":"https:\/\/www.istegroup.com\/#website"},"primaryImageOfPage":{"@id":"https:\/\/www.istegroup.com\/en\/produit\/permanences-et-evolutions-des-relations-complexes-entre-educations-et-territoires\/#primaryimage"},"image":{"@id":"https:\/\/www.istegroup.com\/en\/produit\/permanences-et-evolutions-des-relations-complexes-entre-educations-et-territoires\/#primaryimage"},"thumbnailUrl":"https:\/\/www.istegroup.com\/wp-content\/uploads\/2019\/04\/Barthes_Front.jpg","datePublished":"2018-03-28T13:59:58+00:00","dateModified":"2024-01-03T13:41:50+00:00","breadcrumb":{"@id":"https:\/\/www.istegroup.com\/en\/produit\/permanences-et-evolutions-des-relations-complexes-entre-educations-et-territoires\/#breadcrumb"},"inLanguage":"fr-FR","potentialAction":[{"@type":"ReadAction","target":["https:\/\/www.istegroup.com\/en\/produit\/permanences-et-evolutions-des-relations-complexes-entre-educations-et-territoires\/"]}]},{"@type":"ImageObject","inLanguage":"fr-FR","@id":"https:\/\/www.istegroup.com\/en\/produit\/permanences-et-evolutions-des-relations-complexes-entre-educations-et-territoires\/#primaryimage","url":"https:\/\/www.istegroup.com\/wp-content\/uploads\/2019\/04\/Barthes_Front.jpg","contentUrl":"https:\/\/www.istegroup.com\/wp-content\/uploads\/2019\/04\/Barthes_Front.jpg","width":300,"height":453,"caption":"Permanences et \u00e9volutions des relations complexes entre \u00e9ducations et territoires"},{"@type":"BreadcrumbList","@id":"https:\/\/www.istegroup.com\/en\/produit\/permanences-et-evolutions-des-relations-complexes-entre-educations-et-territoires\/#breadcrumb","itemListElement":[{"@type":"ListItem","position":1,"name":"Home","item":"https:\/\/www.istegroup.com\/"},{"@type":"ListItem","position":2,"name":"Shop","item":"https:\/\/www.istegroup.com\/fr\/nouveautes\/"},{"@type":"ListItem","position":3,"name":"Permanences et \u00e9volutions des relations complexes entre \u00e9ducations et territoires"}]},{"@type":"WebSite","@id":"https:\/\/www.istegroup.com\/#website","url":"https:\/\/www.istegroup.com\/","name":"ISTE Group","description":"\u00c9diteur des Sciences","potentialAction":[{"@type":"SearchAction","target":{"@type":"EntryPoint","urlTemplate":"https:\/\/www.istegroup.com\/?s={search_term_string}"},"query-input":{"@type":"PropertyValueSpecification","valueRequired":true,"valueName":"search_term_string"}}],"inLanguage":"fr-FR"}]}},"_links":{"self":[{"href":"https:\/\/www.istegroup.com\/fr\/wp-json\/wp\/v2\/product\/11710","targetHints":{"allow":["GET"]}}],"collection":[{"href":"https:\/\/www.istegroup.com\/fr\/wp-json\/wp\/v2\/product"}],"about":[{"href":"https:\/\/www.istegroup.com\/fr\/wp-json\/wp\/v2\/types\/product"}],"wp:featuredmedia":[{"embeddable":true,"href":"https:\/\/www.istegroup.com\/fr\/wp-json\/wp\/v2\/media\/20417"}],"wp:attachment":[{"href":"https:\/\/www.istegroup.com\/fr\/wp-json\/wp\/v2\/media?parent=11710"}],"wp:term":[{"taxonomy":"product_brand","embeddable":true,"href":"https:\/\/www.istegroup.com\/fr\/wp-json\/wp\/v2\/product_brand?post=11710"},{"taxonomy":"product_cat","embeddable":true,"href":"https:\/\/www.istegroup.com\/fr\/wp-json\/wp\/v2\/product_cat?post=11710"},{"taxonomy":"product_tag","embeddable":true,"href":"https:\/\/www.istegroup.com\/fr\/wp-json\/wp\/v2\/product_tag?post=11710"}],"curies":[{"name":"wp","href":"https:\/\/api.w.org\/{rel}","templated":true}]}}