{"id":11702,"date":"2018-03-28T15:37:16","date_gmt":"2018-03-28T13:37:16","guid":{"rendered":"https:\/\/iste.yhello.co\/?post_type=product&#038;p=11702"},"modified":"2024-01-03T13:41:49","modified_gmt":"2024-01-03T13:41:49","slug":"objets-communicants-securises","status":"publish","type":"product","link":"https:\/\/www.istegroup.com\/fr\/produit\/objets-communicants-securises\/","title":{"rendered":"Objets communicants s\u00e9curis\u00e9s"},"content":{"rendered":"<p>Cet ouvrage traite des aspects quotidiens de l\u2019IoT, et se concentre sur les conceptions, applications et concr\u00e9tisation d\u2019Objets connect\u00e9s (IoT\/IoE) s\u00e9curis\u00e9s.<\/p>\n<p>Les auteurs, experts reconnus en technologies RFID et IoT, pr\u00e9sentent de nombreux aspects (techniques, s\u00e9curitaires, ergonomiques, \u00e9conomiques, normatifs, r\u00e9glementaires, etc.) aff\u00e9rents aux projets li\u00e9s \u00e0 ces Objets.<\/p>\n<p><em>Objets communicants s\u00e9curis\u00e9s<\/em>\u00a0s\u2019adresse aussi bien aux lecteurs d\u00e9sireux de cerner la complexit\u00e9 de mise en r\u00e9seau des objets qu\u2019\u00e0 ceux qui les con\u00e7oivent.<\/p>\n","protected":false},"excerpt":{"rendered":"<p>Cet ouvrage traite des aspects quotidiens de l\u2019IoT, et se concentre sur les conceptions, applications et concr\u00e9tisation d\u2019Objets connect\u00e9s (IoT\/IoE) s\u00e9curis\u00e9s. Les auteurs, experts reconnus en technologies RFID et IoT, pr\u00e9sentent de nombreux aspects (techniques, s\u00e9curitaires, ergonomiques, \u00e9conomiques, normatifs, r\u00e9glementaires, etc.) aff\u00e9rents aux projets li\u00e9s \u00e0 ces Objets. Objets communicants s\u00e9curis\u00e9s\u00a0s\u2019adresse aussi bien aux lecteurs [&hellip;]<\/p>\n","protected":false},"featured_media":11709,"template":"","meta":{"_acf_changed":false,"_links_to":"","_links_to_target":""},"product_brand":[],"product_cat":[3262],"product_tag":[111,3555,949,18,19,20,144,3554,21,22,3553,25,26,27,3552,3551,281,28],"class_list":{"0":"post-11702","1":"product","2":"type-product","3":"status-publish","4":"has-post-thumbnail","6":"product_cat-non-classe","7":"product_tag-applications","8":"product_tag-conceptions-et-concretisation","9":"product_tag-dominique-paret","10":"product_tag-edition-scientifique","11":"product_tag-editions-francaise","12":"product_tag-editions-technique","13":"product_tag-internet-des-objets","14":"product_tag-iot","15":"product_tag-iste-group","16":"product_tag-istegroup","17":"product_tag-jean-paul-huon","18":"product_tag-livre-numerique","19":"product_tag-livre-scientifique-francais","20":"product_tag-livre-technique-francais","21":"product_tag-objets-communicants-securises","22":"product_tag-objets-connectes","23":"product_tag-ondes","24":"product_tag-ouvrage-scientifique-francais","26":"first","27":"instock","28":"shipping-taxable","29":"purchasable","30":"product-type-variable"},"acf":[],"yoast_head":"<!-- This site is optimized with the Yoast SEO plugin v27.2 - https:\/\/yoast.com\/product\/yoast-seo-wordpress\/ -->\n<title>Objets communicants s\u00e9curis\u00e9s - ISTE Group<\/title>\n<meta name=\"description\" content=\"Cet ouvrage traite des aspects quotidiens de l\u2019IoT, et se concentre sur les conceptions, applications et concr\u00e9tisation d\u2019Objets connect\u00e9s (IoT\/IoE) s\u00e9curis\u00e9s.\" \/>\n<meta name=\"robots\" content=\"index, follow, max-snippet:-1, max-image-preview:large, max-video-preview:-1\" \/>\n<link rel=\"canonical\" href=\"https:\/\/www.istegroup.com\/fr\/produit\/objets-communicants-securises\/\" \/>\n<meta property=\"og:locale\" content=\"fr_FR\" \/>\n<meta property=\"og:type\" content=\"article\" \/>\n<meta property=\"og:title\" content=\"Objets communicants s\u00e9curis\u00e9s - ISTE Group\" \/>\n<meta property=\"og:description\" content=\"Cet ouvrage traite des aspects quotidiens de l\u2019IoT, et se concentre sur les conceptions, applications et concr\u00e9tisation d\u2019Objets connect\u00e9s (IoT\/IoE) s\u00e9curis\u00e9s.\" \/>\n<meta property=\"og:url\" content=\"https:\/\/www.istegroup.com\/fr\/produit\/objets-communicants-securises\/\" \/>\n<meta property=\"og:site_name\" content=\"ISTE Group\" \/>\n<meta property=\"article:modified_time\" content=\"2024-01-03T13:41:49+00:00\" \/>\n<meta property=\"og:image\" content=\"https:\/\/www.istegroup.com\/wp-content\/uploads\/2018\/03\/Paret_Front.jpg\" \/>\n\t<meta property=\"og:image:width\" content=\"300\" \/>\n\t<meta property=\"og:image:height\" content=\"452\" \/>\n\t<meta property=\"og:image:type\" content=\"image\/jpeg\" \/>\n<meta name=\"twitter:card\" content=\"summary_large_image\" \/>\n<script type=\"application\/ld+json\" class=\"yoast-schema-graph\">{\"@context\":\"https:\/\/schema.org\",\"@graph\":[{\"@type\":\"WebPage\",\"@id\":\"https:\/\/www.istegroup.com\/fr\/produit\/objets-communicants-securises\/\",\"url\":\"https:\/\/www.istegroup.com\/fr\/produit\/objets-communicants-securises\/\",\"name\":\"Objets communicants s\u00e9curis\u00e9s - ISTE Group\",\"isPartOf\":{\"@id\":\"https:\/\/www.istegroup.com\/#website\"},\"primaryImageOfPage\":{\"@id\":\"https:\/\/www.istegroup.com\/fr\/produit\/objets-communicants-securises\/#primaryimage\"},\"image\":{\"@id\":\"https:\/\/www.istegroup.com\/fr\/produit\/objets-communicants-securises\/#primaryimage\"},\"thumbnailUrl\":\"https:\/\/www.istegroup.com\/wp-content\/uploads\/2018\/03\/Paret_Front.jpg\",\"datePublished\":\"2018-03-28T13:37:16+00:00\",\"dateModified\":\"2024-01-03T13:41:49+00:00\",\"description\":\"Cet ouvrage traite des aspects quotidiens de l\u2019IoT, et se concentre sur les conceptions, applications et concr\u00e9tisation d\u2019Objets connect\u00e9s (IoT\/IoE) s\u00e9curis\u00e9s.\",\"breadcrumb\":{\"@id\":\"https:\/\/www.istegroup.com\/fr\/produit\/objets-communicants-securises\/#breadcrumb\"},\"inLanguage\":\"fr-FR\",\"potentialAction\":[{\"@type\":\"ReadAction\",\"target\":[\"https:\/\/www.istegroup.com\/fr\/produit\/objets-communicants-securises\/\"]}]},{\"@type\":\"ImageObject\",\"inLanguage\":\"fr-FR\",\"@id\":\"https:\/\/www.istegroup.com\/fr\/produit\/objets-communicants-securises\/#primaryimage\",\"url\":\"https:\/\/www.istegroup.com\/wp-content\/uploads\/2018\/03\/Paret_Front.jpg\",\"contentUrl\":\"https:\/\/www.istegroup.com\/wp-content\/uploads\/2018\/03\/Paret_Front.jpg\",\"width\":300,\"height\":452,\"caption\":\"Applications, conceptions et concr\u00e9tisation\"},{\"@type\":\"BreadcrumbList\",\"@id\":\"https:\/\/www.istegroup.com\/fr\/produit\/objets-communicants-securises\/#breadcrumb\",\"itemListElement\":[{\"@type\":\"ListItem\",\"position\":1,\"name\":\"Home\",\"item\":\"https:\/\/www.istegroup.com\/\"},{\"@type\":\"ListItem\",\"position\":2,\"name\":\"Shop\",\"item\":\"https:\/\/www.istegroup.com\/fr\/nouveautes\/\"},{\"@type\":\"ListItem\",\"position\":3,\"name\":\"Objets communicants s\u00e9curis\u00e9s\"}]},{\"@type\":\"WebSite\",\"@id\":\"https:\/\/www.istegroup.com\/#website\",\"url\":\"https:\/\/www.istegroup.com\/\",\"name\":\"ISTE Group\",\"description\":\"\u00c9diteur des Sciences\",\"potentialAction\":[{\"@type\":\"SearchAction\",\"target\":{\"@type\":\"EntryPoint\",\"urlTemplate\":\"https:\/\/www.istegroup.com\/?s={search_term_string}\"},\"query-input\":{\"@type\":\"PropertyValueSpecification\",\"valueRequired\":true,\"valueName\":\"search_term_string\"}}],\"inLanguage\":\"fr-FR\"}]}<\/script>\n<!-- \/ Yoast SEO plugin. -->","yoast_head_json":{"title":"Objets communicants s\u00e9curis\u00e9s - ISTE Group","description":"Cet ouvrage traite des aspects quotidiens de l\u2019IoT, et se concentre sur les conceptions, applications et concr\u00e9tisation d\u2019Objets connect\u00e9s (IoT\/IoE) s\u00e9curis\u00e9s.","robots":{"index":"index","follow":"follow","max-snippet":"max-snippet:-1","max-image-preview":"max-image-preview:large","max-video-preview":"max-video-preview:-1"},"canonical":"https:\/\/www.istegroup.com\/fr\/produit\/objets-communicants-securises\/","og_locale":"fr_FR","og_type":"article","og_title":"Objets communicants s\u00e9curis\u00e9s - ISTE Group","og_description":"Cet ouvrage traite des aspects quotidiens de l\u2019IoT, et se concentre sur les conceptions, applications et concr\u00e9tisation d\u2019Objets connect\u00e9s (IoT\/IoE) s\u00e9curis\u00e9s.","og_url":"https:\/\/www.istegroup.com\/fr\/produit\/objets-communicants-securises\/","og_site_name":"ISTE Group","article_modified_time":"2024-01-03T13:41:49+00:00","og_image":[{"width":300,"height":452,"url":"https:\/\/www.istegroup.com\/wp-content\/uploads\/2018\/03\/Paret_Front.jpg","type":"image\/jpeg"}],"twitter_card":"summary_large_image","schema":{"@context":"https:\/\/schema.org","@graph":[{"@type":"WebPage","@id":"https:\/\/www.istegroup.com\/fr\/produit\/objets-communicants-securises\/","url":"https:\/\/www.istegroup.com\/fr\/produit\/objets-communicants-securises\/","name":"Objets communicants s\u00e9curis\u00e9s - ISTE Group","isPartOf":{"@id":"https:\/\/www.istegroup.com\/#website"},"primaryImageOfPage":{"@id":"https:\/\/www.istegroup.com\/fr\/produit\/objets-communicants-securises\/#primaryimage"},"image":{"@id":"https:\/\/www.istegroup.com\/fr\/produit\/objets-communicants-securises\/#primaryimage"},"thumbnailUrl":"https:\/\/www.istegroup.com\/wp-content\/uploads\/2018\/03\/Paret_Front.jpg","datePublished":"2018-03-28T13:37:16+00:00","dateModified":"2024-01-03T13:41:49+00:00","description":"Cet ouvrage traite des aspects quotidiens de l\u2019IoT, et se concentre sur les conceptions, applications et concr\u00e9tisation d\u2019Objets connect\u00e9s (IoT\/IoE) s\u00e9curis\u00e9s.","breadcrumb":{"@id":"https:\/\/www.istegroup.com\/fr\/produit\/objets-communicants-securises\/#breadcrumb"},"inLanguage":"fr-FR","potentialAction":[{"@type":"ReadAction","target":["https:\/\/www.istegroup.com\/fr\/produit\/objets-communicants-securises\/"]}]},{"@type":"ImageObject","inLanguage":"fr-FR","@id":"https:\/\/www.istegroup.com\/fr\/produit\/objets-communicants-securises\/#primaryimage","url":"https:\/\/www.istegroup.com\/wp-content\/uploads\/2018\/03\/Paret_Front.jpg","contentUrl":"https:\/\/www.istegroup.com\/wp-content\/uploads\/2018\/03\/Paret_Front.jpg","width":300,"height":452,"caption":"Applications, conceptions et concr\u00e9tisation"},{"@type":"BreadcrumbList","@id":"https:\/\/www.istegroup.com\/fr\/produit\/objets-communicants-securises\/#breadcrumb","itemListElement":[{"@type":"ListItem","position":1,"name":"Home","item":"https:\/\/www.istegroup.com\/"},{"@type":"ListItem","position":2,"name":"Shop","item":"https:\/\/www.istegroup.com\/fr\/nouveautes\/"},{"@type":"ListItem","position":3,"name":"Objets communicants s\u00e9curis\u00e9s"}]},{"@type":"WebSite","@id":"https:\/\/www.istegroup.com\/#website","url":"https:\/\/www.istegroup.com\/","name":"ISTE Group","description":"\u00c9diteur des Sciences","potentialAction":[{"@type":"SearchAction","target":{"@type":"EntryPoint","urlTemplate":"https:\/\/www.istegroup.com\/?s={search_term_string}"},"query-input":{"@type":"PropertyValueSpecification","valueRequired":true,"valueName":"search_term_string"}}],"inLanguage":"fr-FR"}]}},"_links":{"self":[{"href":"https:\/\/www.istegroup.com\/fr\/wp-json\/wp\/v2\/product\/11702","targetHints":{"allow":["GET"]}}],"collection":[{"href":"https:\/\/www.istegroup.com\/fr\/wp-json\/wp\/v2\/product"}],"about":[{"href":"https:\/\/www.istegroup.com\/fr\/wp-json\/wp\/v2\/types\/product"}],"wp:featuredmedia":[{"embeddable":true,"href":"https:\/\/www.istegroup.com\/fr\/wp-json\/wp\/v2\/media\/11709"}],"wp:attachment":[{"href":"https:\/\/www.istegroup.com\/fr\/wp-json\/wp\/v2\/media?parent=11702"}],"wp:term":[{"taxonomy":"product_brand","embeddable":true,"href":"https:\/\/www.istegroup.com\/fr\/wp-json\/wp\/v2\/product_brand?post=11702"},{"taxonomy":"product_cat","embeddable":true,"href":"https:\/\/www.istegroup.com\/fr\/wp-json\/wp\/v2\/product_cat?post=11702"},{"taxonomy":"product_tag","embeddable":true,"href":"https:\/\/www.istegroup.com\/fr\/wp-json\/wp\/v2\/product_tag?post=11702"}],"curies":[{"name":"wp","href":"https:\/\/api.w.org\/{rel}","templated":true}]}}