{"id":11677,"date":"2018-03-28T14:56:47","date_gmt":"2018-03-28T12:56:47","guid":{"rendered":"https:\/\/iste.yhello.co\/?post_type=product&#038;p=11677"},"modified":"2024-01-03T13:41:44","modified_gmt":"2024-01-03T13:41:44","slug":"naissance-et-essor-de-la-vaccinologie-et-de-limmunotherapie","status":"publish","type":"product","link":"https:\/\/www.istegroup.com\/fr\/produit\/naissance-et-essor-de-la-vaccinologie-et-de-limmunotherapie\/","title":{"rendered":"Naissance et essor de la vaccinologie et de l&rsquo;immunoth\u00e9rapie"},"content":{"rendered":"<p>La lutte vitale de l&rsquo;humanit\u00e9 contre le monde invisible des microorganismes pathog\u00e8nes n&rsquo;a pu \u00eatre gagn\u00e9e, en grande partie, que gr\u00e2ce \u00e0 la vaccination \u2013 et accessoirement l&rsquo;immunoth\u00e9rapie sp\u00e9cifique. Elle a ind\u00e9niablement permis de sauver des millions de vies humaines au cours des si\u00e8cles, a fait chuter significativement l&rsquo;incidence de plusieurs maladies infectieuses mortelles et en a m\u00eame \u00e9radiqu\u00e9 certaines.<\/p>\n<p><em>Naissance et essor de la vaccinologie et de l&rsquo;immunoth\u00e9rapie<\/em>\u00a0retrace l&rsquo;histoire de la vaccination \u00e0 partir de fragments d&rsquo;informations et de donn\u00e9es scientifiques, souvent \u00e9parses, collect\u00e9es avec patience durant presque trois d\u00e9cennies et \u00e9manant de sources diff\u00e9rentes. Il pr\u00e9sente les principales \u00e9tapes historiques de la naissance et de l&rsquo;essor de ces sciences bienfaitrices et offre un aper\u00e7u des multiples am\u00e9liorations apport\u00e9es au fil du temps \u00e0 cette pratique m\u00e9dicale. Il analyse ses r\u00e9ussites, sans omettre de pointer aussi ses \u00e9checs et les d\u00e9fis qui lui restent \u00e0 relever.<\/p>\n","protected":false},"excerpt":{"rendered":"<p>La lutte vitale de l&rsquo;humanit\u00e9 contre le monde invisible des microorganismes pathog\u00e8nes n&rsquo;a pu \u00eatre gagn\u00e9e, en grande partie, que gr\u00e2ce \u00e0 la vaccination \u2013 et accessoirement l&rsquo;immunoth\u00e9rapie sp\u00e9cifique. Elle a ind\u00e9niablement permis de sauver des millions de vies humaines au cours des si\u00e8cles, a fait chuter significativement l&rsquo;incidence de plusieurs maladies infectieuses mortelles et [&hellip;]<\/p>\n","protected":false},"featured_media":11681,"template":"","meta":{"_acf_changed":false,"_links_to":"","_links_to_target":""},"product_brand":[],"product_cat":[3262],"product_tag":[18,19,20,21,22,25,26,27,3564,3563,28],"class_list":{"0":"post-11677","1":"product","2":"type-product","3":"status-publish","4":"has-post-thumbnail","6":"product_cat-non-classe","7":"product_tag-edition-scientifique","8":"product_tag-editions-francaise","9":"product_tag-editions-technique","10":"product_tag-iste-group","11":"product_tag-istegroup","12":"product_tag-livre-numerique","13":"product_tag-livre-scientifique-francais","14":"product_tag-livre-technique-francais","15":"product_tag-mohamed-naceur-krifi","16":"product_tag-naissance-et-essor-de-la-vaccinologie-et-de-limmunotherapie","17":"product_tag-ouvrage-scientifique-francais","19":"first","20":"instock","21":"shipping-taxable","22":"purchasable","23":"product-type-variable"},"acf":[],"yoast_head":"<!-- This site is optimized with the Yoast SEO plugin v27.2 - https:\/\/yoast.com\/product\/yoast-seo-wordpress\/ -->\n<title>Naissance et essor de la vaccinologie et de l&#039;immunoth\u00e9rapie - ISTE Group<\/title>\n<meta name=\"description\" content=\"Naissance et essor de la vaccinologie et de l&#039;immunoth\u00e9rapie\u00a0retrace l&#039;histoire de la vaccination \u00e0 partir de fragments d&#039;informations et de donn\u00e9es scientifiques, souvent \u00e9parses, collect\u00e9es avec patience durant presque trois d\u00e9cennies et \u00e9manant de sources diff\u00e9rentes.\" \/>\n<meta name=\"robots\" content=\"index, follow, max-snippet:-1, max-image-preview:large, max-video-preview:-1\" \/>\n<link rel=\"canonical\" href=\"https:\/\/www.istegroup.com\/en\/produit\/naissance-et-essor-de-la-vaccinologie-et-de-limmunotherapie\/\" \/>\n<meta property=\"og:locale\" content=\"fr_FR\" \/>\n<meta property=\"og:type\" content=\"article\" \/>\n<meta property=\"og:title\" content=\"Naissance et essor de la vaccinologie et de l&#039;immunoth\u00e9rapie - ISTE Group\" \/>\n<meta property=\"og:description\" content=\"Naissance et essor de la vaccinologie et de l&#039;immunoth\u00e9rapie\u00a0retrace l&#039;histoire de la vaccination \u00e0 partir de fragments d&#039;informations et de donn\u00e9es scientifiques, souvent \u00e9parses, collect\u00e9es avec patience durant presque trois d\u00e9cennies et \u00e9manant de sources diff\u00e9rentes.\" \/>\n<meta property=\"og:url\" content=\"https:\/\/www.istegroup.com\/en\/produit\/naissance-et-essor-de-la-vaccinologie-et-de-limmunotherapie\/\" \/>\n<meta property=\"og:site_name\" content=\"ISTE Group\" \/>\n<meta property=\"article:modified_time\" content=\"2024-01-03T13:41:44+00:00\" \/>\n<meta property=\"og:image\" content=\"https:\/\/www.istegroup.com\/wp-content\/uploads\/2018\/03\/323_Naissance-et-essor-de-la-vaccinologie.jpg\" \/>\n\t<meta property=\"og:image:width\" content=\"300\" \/>\n\t<meta property=\"og:image:height\" content=\"452\" \/>\n\t<meta property=\"og:image:type\" content=\"image\/jpeg\" \/>\n<meta name=\"twitter:card\" content=\"summary_large_image\" \/>\n<meta name=\"twitter:label1\" content=\"Est. reading time\" \/>\n\t<meta name=\"twitter:data1\" content=\"1 minute\" \/>\n<script type=\"application\/ld+json\" class=\"yoast-schema-graph\">{\"@context\":\"https:\/\/schema.org\",\"@graph\":[{\"@type\":\"WebPage\",\"@id\":\"https:\/\/www.istegroup.com\/en\/produit\/naissance-et-essor-de-la-vaccinologie-et-de-limmunotherapie\/\",\"url\":\"https:\/\/www.istegroup.com\/en\/produit\/naissance-et-essor-de-la-vaccinologie-et-de-limmunotherapie\/\",\"name\":\"Naissance et essor de la vaccinologie et de l'immunoth\u00e9rapie - ISTE Group\",\"isPartOf\":{\"@id\":\"https:\/\/www.istegroup.com\/#website\"},\"primaryImageOfPage\":{\"@id\":\"https:\/\/www.istegroup.com\/en\/produit\/naissance-et-essor-de-la-vaccinologie-et-de-limmunotherapie\/#primaryimage\"},\"image\":{\"@id\":\"https:\/\/www.istegroup.com\/en\/produit\/naissance-et-essor-de-la-vaccinologie-et-de-limmunotherapie\/#primaryimage\"},\"thumbnailUrl\":\"https:\/\/www.istegroup.com\/wp-content\/uploads\/2018\/03\/323_Naissance-et-essor-de-la-vaccinologie.jpg\",\"datePublished\":\"2018-03-28T12:56:47+00:00\",\"dateModified\":\"2024-01-03T13:41:44+00:00\",\"description\":\"Naissance et essor de la vaccinologie et de l'immunoth\u00e9rapie\u00a0retrace l'histoire de la vaccination \u00e0 partir de fragments d'informations et de donn\u00e9es scientifiques, souvent \u00e9parses, collect\u00e9es avec patience durant presque trois d\u00e9cennies et \u00e9manant de sources diff\u00e9rentes.\",\"breadcrumb\":{\"@id\":\"https:\/\/www.istegroup.com\/en\/produit\/naissance-et-essor-de-la-vaccinologie-et-de-limmunotherapie\/#breadcrumb\"},\"inLanguage\":\"fr-FR\",\"potentialAction\":[{\"@type\":\"ReadAction\",\"target\":[\"https:\/\/www.istegroup.com\/en\/produit\/naissance-et-essor-de-la-vaccinologie-et-de-limmunotherapie\/\"]}]},{\"@type\":\"ImageObject\",\"inLanguage\":\"fr-FR\",\"@id\":\"https:\/\/www.istegroup.com\/en\/produit\/naissance-et-essor-de-la-vaccinologie-et-de-limmunotherapie\/#primaryimage\",\"url\":\"https:\/\/www.istegroup.com\/wp-content\/uploads\/2018\/03\/323_Naissance-et-essor-de-la-vaccinologie.jpg\",\"contentUrl\":\"https:\/\/www.istegroup.com\/wp-content\/uploads\/2018\/03\/323_Naissance-et-essor-de-la-vaccinologie.jpg\",\"width\":300,\"height\":452,\"caption\":\"Naissance et essor de la vaccinologie et de l\u2019immunoth\u00e9rapie iste group\"},{\"@type\":\"BreadcrumbList\",\"@id\":\"https:\/\/www.istegroup.com\/en\/produit\/naissance-et-essor-de-la-vaccinologie-et-de-limmunotherapie\/#breadcrumb\",\"itemListElement\":[{\"@type\":\"ListItem\",\"position\":1,\"name\":\"Home\",\"item\":\"https:\/\/www.istegroup.com\/\"},{\"@type\":\"ListItem\",\"position\":2,\"name\":\"Shop\",\"item\":\"https:\/\/www.istegroup.com\/fr\/nouveautes\/\"},{\"@type\":\"ListItem\",\"position\":3,\"name\":\"Naissance et essor de la vaccinologie et de l&#8217;immunoth\u00e9rapie\"}]},{\"@type\":\"WebSite\",\"@id\":\"https:\/\/www.istegroup.com\/#website\",\"url\":\"https:\/\/www.istegroup.com\/\",\"name\":\"ISTE Group\",\"description\":\"\u00c9diteur des Sciences\",\"potentialAction\":[{\"@type\":\"SearchAction\",\"target\":{\"@type\":\"EntryPoint\",\"urlTemplate\":\"https:\/\/www.istegroup.com\/?s={search_term_string}\"},\"query-input\":{\"@type\":\"PropertyValueSpecification\",\"valueRequired\":true,\"valueName\":\"search_term_string\"}}],\"inLanguage\":\"fr-FR\"}]}<\/script>\n<!-- \/ Yoast SEO plugin. -->","yoast_head_json":{"title":"Naissance et essor de la vaccinologie et de l'immunoth\u00e9rapie - ISTE Group","description":"Naissance et essor de la vaccinologie et de l'immunoth\u00e9rapie\u00a0retrace l'histoire de la vaccination \u00e0 partir de fragments d'informations et de donn\u00e9es scientifiques, souvent \u00e9parses, collect\u00e9es avec patience durant presque trois d\u00e9cennies et \u00e9manant de sources diff\u00e9rentes.","robots":{"index":"index","follow":"follow","max-snippet":"max-snippet:-1","max-image-preview":"max-image-preview:large","max-video-preview":"max-video-preview:-1"},"canonical":"https:\/\/www.istegroup.com\/en\/produit\/naissance-et-essor-de-la-vaccinologie-et-de-limmunotherapie\/","og_locale":"fr_FR","og_type":"article","og_title":"Naissance et essor de la vaccinologie et de l'immunoth\u00e9rapie - ISTE Group","og_description":"Naissance et essor de la vaccinologie et de l'immunoth\u00e9rapie\u00a0retrace l'histoire de la vaccination \u00e0 partir de fragments d'informations et de donn\u00e9es scientifiques, souvent \u00e9parses, collect\u00e9es avec patience durant presque trois d\u00e9cennies et \u00e9manant de sources diff\u00e9rentes.","og_url":"https:\/\/www.istegroup.com\/en\/produit\/naissance-et-essor-de-la-vaccinologie-et-de-limmunotherapie\/","og_site_name":"ISTE Group","article_modified_time":"2024-01-03T13:41:44+00:00","og_image":[{"width":300,"height":452,"url":"https:\/\/www.istegroup.com\/wp-content\/uploads\/2018\/03\/323_Naissance-et-essor-de-la-vaccinologie.jpg","type":"image\/jpeg"}],"twitter_card":"summary_large_image","twitter_misc":{"Est. reading time":"1 minute"},"schema":{"@context":"https:\/\/schema.org","@graph":[{"@type":"WebPage","@id":"https:\/\/www.istegroup.com\/en\/produit\/naissance-et-essor-de-la-vaccinologie-et-de-limmunotherapie\/","url":"https:\/\/www.istegroup.com\/en\/produit\/naissance-et-essor-de-la-vaccinologie-et-de-limmunotherapie\/","name":"Naissance et essor de la vaccinologie et de l'immunoth\u00e9rapie - ISTE Group","isPartOf":{"@id":"https:\/\/www.istegroup.com\/#website"},"primaryImageOfPage":{"@id":"https:\/\/www.istegroup.com\/en\/produit\/naissance-et-essor-de-la-vaccinologie-et-de-limmunotherapie\/#primaryimage"},"image":{"@id":"https:\/\/www.istegroup.com\/en\/produit\/naissance-et-essor-de-la-vaccinologie-et-de-limmunotherapie\/#primaryimage"},"thumbnailUrl":"https:\/\/www.istegroup.com\/wp-content\/uploads\/2018\/03\/323_Naissance-et-essor-de-la-vaccinologie.jpg","datePublished":"2018-03-28T12:56:47+00:00","dateModified":"2024-01-03T13:41:44+00:00","description":"Naissance et essor de la vaccinologie et de l'immunoth\u00e9rapie\u00a0retrace l'histoire de la vaccination \u00e0 partir de fragments d'informations et de donn\u00e9es scientifiques, souvent \u00e9parses, collect\u00e9es avec patience durant presque trois d\u00e9cennies et \u00e9manant de sources diff\u00e9rentes.","breadcrumb":{"@id":"https:\/\/www.istegroup.com\/en\/produit\/naissance-et-essor-de-la-vaccinologie-et-de-limmunotherapie\/#breadcrumb"},"inLanguage":"fr-FR","potentialAction":[{"@type":"ReadAction","target":["https:\/\/www.istegroup.com\/en\/produit\/naissance-et-essor-de-la-vaccinologie-et-de-limmunotherapie\/"]}]},{"@type":"ImageObject","inLanguage":"fr-FR","@id":"https:\/\/www.istegroup.com\/en\/produit\/naissance-et-essor-de-la-vaccinologie-et-de-limmunotherapie\/#primaryimage","url":"https:\/\/www.istegroup.com\/wp-content\/uploads\/2018\/03\/323_Naissance-et-essor-de-la-vaccinologie.jpg","contentUrl":"https:\/\/www.istegroup.com\/wp-content\/uploads\/2018\/03\/323_Naissance-et-essor-de-la-vaccinologie.jpg","width":300,"height":452,"caption":"Naissance et essor de la vaccinologie et de l\u2019immunoth\u00e9rapie iste group"},{"@type":"BreadcrumbList","@id":"https:\/\/www.istegroup.com\/en\/produit\/naissance-et-essor-de-la-vaccinologie-et-de-limmunotherapie\/#breadcrumb","itemListElement":[{"@type":"ListItem","position":1,"name":"Home","item":"https:\/\/www.istegroup.com\/"},{"@type":"ListItem","position":2,"name":"Shop","item":"https:\/\/www.istegroup.com\/fr\/nouveautes\/"},{"@type":"ListItem","position":3,"name":"Naissance et essor de la vaccinologie et de l&#8217;immunoth\u00e9rapie"}]},{"@type":"WebSite","@id":"https:\/\/www.istegroup.com\/#website","url":"https:\/\/www.istegroup.com\/","name":"ISTE Group","description":"\u00c9diteur des Sciences","potentialAction":[{"@type":"SearchAction","target":{"@type":"EntryPoint","urlTemplate":"https:\/\/www.istegroup.com\/?s={search_term_string}"},"query-input":{"@type":"PropertyValueSpecification","valueRequired":true,"valueName":"search_term_string"}}],"inLanguage":"fr-FR"}]}},"_links":{"self":[{"href":"https:\/\/www.istegroup.com\/fr\/wp-json\/wp\/v2\/product\/11677","targetHints":{"allow":["GET"]}}],"collection":[{"href":"https:\/\/www.istegroup.com\/fr\/wp-json\/wp\/v2\/product"}],"about":[{"href":"https:\/\/www.istegroup.com\/fr\/wp-json\/wp\/v2\/types\/product"}],"wp:featuredmedia":[{"embeddable":true,"href":"https:\/\/www.istegroup.com\/fr\/wp-json\/wp\/v2\/media\/11681"}],"wp:attachment":[{"href":"https:\/\/www.istegroup.com\/fr\/wp-json\/wp\/v2\/media?parent=11677"}],"wp:term":[{"taxonomy":"product_brand","embeddable":true,"href":"https:\/\/www.istegroup.com\/fr\/wp-json\/wp\/v2\/product_brand?post=11677"},{"taxonomy":"product_cat","embeddable":true,"href":"https:\/\/www.istegroup.com\/fr\/wp-json\/wp\/v2\/product_cat?post=11677"},{"taxonomy":"product_tag","embeddable":true,"href":"https:\/\/www.istegroup.com\/fr\/wp-json\/wp\/v2\/product_tag?post=11677"}],"curies":[{"name":"wp","href":"https:\/\/api.w.org\/{rel}","templated":true}]}}