{"id":11657,"date":"2018-03-28T13:29:16","date_gmt":"2018-03-28T11:29:16","guid":{"rendered":"https:\/\/iste.yhello.co\/?post_type=product&#038;p=11657"},"modified":"2024-01-03T13:46:32","modified_gmt":"2024-01-03T13:46:32","slug":"materiaux-et-systemes-thermodynamiques","status":"publish","type":"product","link":"https:\/\/www.istegroup.com\/fr\/produit\/materiaux-et-systemes-thermodynamiques\/","title":{"rendered":"Mat\u00e9riaux et syst\u00e8mes thermodynamiques"},"content":{"rendered":"<p>L\u2019histoire de l\u2019humanit\u00e9 peut se caract\u00e9riser par la nature des objets utilis\u00e9s : \u00e2ges de pierre, de bronze, de fer, du carbone (charbon) puis du silicium (ou des polym\u00e8res), etc. Les avanc\u00e9es techniques n\u2019ont fait que croitre et se multiplier, en d\u00e9veloppant l\u2019id\u00e9e de substance puis de mati\u00e8re, associ\u00e9e au progr\u00e8s des connaissances.<\/p>\n<p><em>Mat\u00e9riaux et syst\u00e8mes thermodynamiques<\/em>\u00a0expose une approche globale, compl\u00e9t\u00e9e par une description au niveau microscopique en physique statistique, qui permet l\u2019introduction de la physique quantique et celle de la th\u00e9orie de l\u2019information. Dans ce contexte, les domaines les plus novateurs sont ceux relevant du biomim\u00e9tisme, avec l\u2019\u00e9lectronique mol\u00e9culaire, la bionique et l\u2019informatique quantique.<\/p>\n<p>\u00c0 partir de la thermodynamique g\u00e9n\u00e9ralis\u00e9e, cet ouvrage propose une classification des mat\u00e9riaux et dispositifs, qui pr\u00e9sente un caract\u00e8re plus g\u00e9n\u00e9ral que la classification habituelle des mat\u00e9riaux \u00e0 partir de leur origine chimique. Elle est \u00e9tendue ensuite aux milieux vivants puis aux syst\u00e8mes \u00e9cologiques et \u00e9conomiques.<\/p>\n","protected":false},"excerpt":{"rendered":"<p>L\u2019histoire de l\u2019humanit\u00e9 peut se caract\u00e9riser par la nature des objets utilis\u00e9s : \u00e2ges de pierre, de bronze, de fer, du carbone (charbon) puis du silicium (ou des polym\u00e8res), etc. Les avanc\u00e9es techniques n\u2019ont fait que croitre et se multiplier, en d\u00e9veloppant l\u2019id\u00e9e de substance puis de mati\u00e8re, associ\u00e9e au progr\u00e8s des connaissances. Mat\u00e9riaux et [&hellip;]<\/p>\n","protected":false},"featured_media":11661,"template":"","meta":{"_acf_changed":false,"_links_to":"","_links_to_target":""},"product_brand":[],"product_cat":[3262],"product_tag":[18,19,20,3579,21,22,25,26,27,3578,28,3577],"class_list":{"0":"post-11657","1":"product","2":"type-product","3":"status-publish","4":"has-post-thumbnail","6":"product_cat-non-classe","7":"product_tag-edition-scientifique","8":"product_tag-editions-francaise","9":"product_tag-editions-technique","10":"product_tag-extensions-aux-organismes-vivants-et-economiques","11":"product_tag-iste-group","12":"product_tag-istegroup","13":"product_tag-livre-numerique","14":"product_tag-livre-scientifique-francais","15":"product_tag-livre-technique-francais","16":"product_tag-materiaux-et-systemes-thermodynamiques","17":"product_tag-ouvrage-scientifique-francais","18":"product_tag-pierre-delhaes","20":"first","21":"instock","22":"shipping-taxable","23":"purchasable","24":"product-type-variable"},"acf":[],"yoast_head":"<!-- This site is optimized with the Yoast SEO plugin v27.2 - https:\/\/yoast.com\/product\/yoast-seo-wordpress\/ -->\n<title>Mat\u00e9riaux et syst\u00e8mes thermodynamiques - ISTE Group<\/title>\n<meta name=\"description\" content=\"Mat\u00e9riaux et syst\u00e8mes thermodynamiques\u00a0expose une approche globale, compl\u00e9t\u00e9e par une description au niveau microscopique en physique statistique, qui permet l\u2019introduction de la physique quantique et celle de la th\u00e9orie de l\u2019information.\" \/>\n<meta name=\"robots\" content=\"index, follow, max-snippet:-1, max-image-preview:large, max-video-preview:-1\" \/>\n<link rel=\"canonical\" href=\"https:\/\/www.istegroup.com\/fr\/produit\/materiaux-et-systemes-thermodynamiques\/\" \/>\n<meta property=\"og:locale\" content=\"fr_FR\" \/>\n<meta property=\"og:type\" content=\"article\" \/>\n<meta property=\"og:title\" content=\"Mat\u00e9riaux et syst\u00e8mes thermodynamiques - ISTE Group\" \/>\n<meta property=\"og:description\" content=\"Mat\u00e9riaux et syst\u00e8mes thermodynamiques\u00a0expose une approche globale, compl\u00e9t\u00e9e par une description au niveau microscopique en physique statistique, qui permet l\u2019introduction de la physique quantique et celle de la th\u00e9orie de l\u2019information.\" \/>\n<meta property=\"og:url\" content=\"https:\/\/www.istegroup.com\/fr\/produit\/materiaux-et-systemes-thermodynamiques\/\" \/>\n<meta property=\"og:site_name\" content=\"ISTE Group\" \/>\n<meta property=\"article:modified_time\" content=\"2024-01-03T13:46:32+00:00\" \/>\n<meta property=\"og:image\" content=\"https:\/\/www.istegroup.com\/wp-content\/uploads\/2018\/03\/Delhaes-Cover_Front-scaled.jpg\" \/>\n\t<meta property=\"og:image:width\" content=\"1708\" \/>\n\t<meta property=\"og:image:height\" content=\"2560\" \/>\n\t<meta property=\"og:image:type\" content=\"image\/jpeg\" \/>\n<meta name=\"twitter:card\" content=\"summary_large_image\" \/>\n<meta name=\"twitter:label1\" content=\"Est. reading time\" \/>\n\t<meta name=\"twitter:data1\" content=\"1 minute\" \/>\n<script type=\"application\/ld+json\" class=\"yoast-schema-graph\">{\"@context\":\"https:\/\/schema.org\",\"@graph\":[{\"@type\":\"WebPage\",\"@id\":\"https:\/\/www.istegroup.com\/fr\/produit\/materiaux-et-systemes-thermodynamiques\/\",\"url\":\"https:\/\/www.istegroup.com\/fr\/produit\/materiaux-et-systemes-thermodynamiques\/\",\"name\":\"Mat\u00e9riaux et syst\u00e8mes thermodynamiques - ISTE Group\",\"isPartOf\":{\"@id\":\"https:\/\/www.istegroup.com\/#website\"},\"primaryImageOfPage\":{\"@id\":\"https:\/\/www.istegroup.com\/fr\/produit\/materiaux-et-systemes-thermodynamiques\/#primaryimage\"},\"image\":{\"@id\":\"https:\/\/www.istegroup.com\/fr\/produit\/materiaux-et-systemes-thermodynamiques\/#primaryimage\"},\"thumbnailUrl\":\"https:\/\/www.istegroup.com\/wp-content\/uploads\/2018\/03\/Delhaes-Cover_Front-scaled.jpg\",\"datePublished\":\"2018-03-28T11:29:16+00:00\",\"dateModified\":\"2024-01-03T13:46:32+00:00\",\"description\":\"Mat\u00e9riaux et syst\u00e8mes thermodynamiques\u00a0expose une approche globale, compl\u00e9t\u00e9e par une description au niveau microscopique en physique statistique, qui permet l\u2019introduction de la physique quantique et celle de la th\u00e9orie de l\u2019information.\",\"breadcrumb\":{\"@id\":\"https:\/\/www.istegroup.com\/fr\/produit\/materiaux-et-systemes-thermodynamiques\/#breadcrumb\"},\"inLanguage\":\"fr-FR\",\"potentialAction\":[{\"@type\":\"ReadAction\",\"target\":[\"https:\/\/www.istegroup.com\/fr\/produit\/materiaux-et-systemes-thermodynamiques\/\"]}]},{\"@type\":\"ImageObject\",\"inLanguage\":\"fr-FR\",\"@id\":\"https:\/\/www.istegroup.com\/fr\/produit\/materiaux-et-systemes-thermodynamiques\/#primaryimage\",\"url\":\"https:\/\/www.istegroup.com\/wp-content\/uploads\/2018\/03\/Delhaes-Cover_Front-scaled.jpg\",\"contentUrl\":\"https:\/\/www.istegroup.com\/wp-content\/uploads\/2018\/03\/Delhaes-Cover_Front-scaled.jpg\",\"width\":1708,\"height\":2560,\"caption\":\"Extensions aux organismes vivants et \u00e9conomiques\"},{\"@type\":\"BreadcrumbList\",\"@id\":\"https:\/\/www.istegroup.com\/fr\/produit\/materiaux-et-systemes-thermodynamiques\/#breadcrumb\",\"itemListElement\":[{\"@type\":\"ListItem\",\"position\":1,\"name\":\"Home\",\"item\":\"https:\/\/www.istegroup.com\/\"},{\"@type\":\"ListItem\",\"position\":2,\"name\":\"Shop\",\"item\":\"https:\/\/www.istegroup.com\/fr\/nouveautes\/\"},{\"@type\":\"ListItem\",\"position\":3,\"name\":\"Mat\u00e9riaux et syst\u00e8mes thermodynamiques\"}]},{\"@type\":\"WebSite\",\"@id\":\"https:\/\/www.istegroup.com\/#website\",\"url\":\"https:\/\/www.istegroup.com\/\",\"name\":\"ISTE Group\",\"description\":\"\u00c9diteur des Sciences\",\"potentialAction\":[{\"@type\":\"SearchAction\",\"target\":{\"@type\":\"EntryPoint\",\"urlTemplate\":\"https:\/\/www.istegroup.com\/?s={search_term_string}\"},\"query-input\":{\"@type\":\"PropertyValueSpecification\",\"valueRequired\":true,\"valueName\":\"search_term_string\"}}],\"inLanguage\":\"fr-FR\"}]}<\/script>\n<!-- \/ Yoast SEO plugin. -->","yoast_head_json":{"title":"Mat\u00e9riaux et syst\u00e8mes thermodynamiques - ISTE Group","description":"Mat\u00e9riaux et syst\u00e8mes thermodynamiques\u00a0expose une approche globale, compl\u00e9t\u00e9e par une description au niveau microscopique en physique statistique, qui permet l\u2019introduction de la physique quantique et celle de la th\u00e9orie de l\u2019information.","robots":{"index":"index","follow":"follow","max-snippet":"max-snippet:-1","max-image-preview":"max-image-preview:large","max-video-preview":"max-video-preview:-1"},"canonical":"https:\/\/www.istegroup.com\/fr\/produit\/materiaux-et-systemes-thermodynamiques\/","og_locale":"fr_FR","og_type":"article","og_title":"Mat\u00e9riaux et syst\u00e8mes thermodynamiques - ISTE Group","og_description":"Mat\u00e9riaux et syst\u00e8mes thermodynamiques\u00a0expose une approche globale, compl\u00e9t\u00e9e par une description au niveau microscopique en physique statistique, qui permet l\u2019introduction de la physique quantique et celle de la th\u00e9orie de l\u2019information.","og_url":"https:\/\/www.istegroup.com\/fr\/produit\/materiaux-et-systemes-thermodynamiques\/","og_site_name":"ISTE Group","article_modified_time":"2024-01-03T13:46:32+00:00","og_image":[{"width":1708,"height":2560,"url":"https:\/\/www.istegroup.com\/wp-content\/uploads\/2018\/03\/Delhaes-Cover_Front-scaled.jpg","type":"image\/jpeg"}],"twitter_card":"summary_large_image","twitter_misc":{"Est. reading time":"1 minute"},"schema":{"@context":"https:\/\/schema.org","@graph":[{"@type":"WebPage","@id":"https:\/\/www.istegroup.com\/fr\/produit\/materiaux-et-systemes-thermodynamiques\/","url":"https:\/\/www.istegroup.com\/fr\/produit\/materiaux-et-systemes-thermodynamiques\/","name":"Mat\u00e9riaux et syst\u00e8mes thermodynamiques - ISTE Group","isPartOf":{"@id":"https:\/\/www.istegroup.com\/#website"},"primaryImageOfPage":{"@id":"https:\/\/www.istegroup.com\/fr\/produit\/materiaux-et-systemes-thermodynamiques\/#primaryimage"},"image":{"@id":"https:\/\/www.istegroup.com\/fr\/produit\/materiaux-et-systemes-thermodynamiques\/#primaryimage"},"thumbnailUrl":"https:\/\/www.istegroup.com\/wp-content\/uploads\/2018\/03\/Delhaes-Cover_Front-scaled.jpg","datePublished":"2018-03-28T11:29:16+00:00","dateModified":"2024-01-03T13:46:32+00:00","description":"Mat\u00e9riaux et syst\u00e8mes thermodynamiques\u00a0expose une approche globale, compl\u00e9t\u00e9e par une description au niveau microscopique en physique statistique, qui permet l\u2019introduction de la physique quantique et celle de la th\u00e9orie de l\u2019information.","breadcrumb":{"@id":"https:\/\/www.istegroup.com\/fr\/produit\/materiaux-et-systemes-thermodynamiques\/#breadcrumb"},"inLanguage":"fr-FR","potentialAction":[{"@type":"ReadAction","target":["https:\/\/www.istegroup.com\/fr\/produit\/materiaux-et-systemes-thermodynamiques\/"]}]},{"@type":"ImageObject","inLanguage":"fr-FR","@id":"https:\/\/www.istegroup.com\/fr\/produit\/materiaux-et-systemes-thermodynamiques\/#primaryimage","url":"https:\/\/www.istegroup.com\/wp-content\/uploads\/2018\/03\/Delhaes-Cover_Front-scaled.jpg","contentUrl":"https:\/\/www.istegroup.com\/wp-content\/uploads\/2018\/03\/Delhaes-Cover_Front-scaled.jpg","width":1708,"height":2560,"caption":"Extensions aux organismes vivants et \u00e9conomiques"},{"@type":"BreadcrumbList","@id":"https:\/\/www.istegroup.com\/fr\/produit\/materiaux-et-systemes-thermodynamiques\/#breadcrumb","itemListElement":[{"@type":"ListItem","position":1,"name":"Home","item":"https:\/\/www.istegroup.com\/"},{"@type":"ListItem","position":2,"name":"Shop","item":"https:\/\/www.istegroup.com\/fr\/nouveautes\/"},{"@type":"ListItem","position":3,"name":"Mat\u00e9riaux et syst\u00e8mes thermodynamiques"}]},{"@type":"WebSite","@id":"https:\/\/www.istegroup.com\/#website","url":"https:\/\/www.istegroup.com\/","name":"ISTE Group","description":"\u00c9diteur des Sciences","potentialAction":[{"@type":"SearchAction","target":{"@type":"EntryPoint","urlTemplate":"https:\/\/www.istegroup.com\/?s={search_term_string}"},"query-input":{"@type":"PropertyValueSpecification","valueRequired":true,"valueName":"search_term_string"}}],"inLanguage":"fr-FR"}]}},"_links":{"self":[{"href":"https:\/\/www.istegroup.com\/fr\/wp-json\/wp\/v2\/product\/11657","targetHints":{"allow":["GET"]}}],"collection":[{"href":"https:\/\/www.istegroup.com\/fr\/wp-json\/wp\/v2\/product"}],"about":[{"href":"https:\/\/www.istegroup.com\/fr\/wp-json\/wp\/v2\/types\/product"}],"wp:featuredmedia":[{"embeddable":true,"href":"https:\/\/www.istegroup.com\/fr\/wp-json\/wp\/v2\/media\/11661"}],"wp:attachment":[{"href":"https:\/\/www.istegroup.com\/fr\/wp-json\/wp\/v2\/media?parent=11657"}],"wp:term":[{"taxonomy":"product_brand","embeddable":true,"href":"https:\/\/www.istegroup.com\/fr\/wp-json\/wp\/v2\/product_brand?post=11657"},{"taxonomy":"product_cat","embeddable":true,"href":"https:\/\/www.istegroup.com\/fr\/wp-json\/wp\/v2\/product_cat?post=11657"},{"taxonomy":"product_tag","embeddable":true,"href":"https:\/\/www.istegroup.com\/fr\/wp-json\/wp\/v2\/product_tag?post=11657"}],"curies":[{"name":"wp","href":"https:\/\/api.w.org\/{rel}","templated":true}]}}