{"id":11642,"date":"2017-07-29T11:46:28","date_gmt":"2017-07-29T09:46:28","guid":{"rendered":"https:\/\/iste.yhello.co\/?post_type=product&#038;p=11642"},"modified":"2024-01-03T13:41:43","modified_gmt":"2024-01-03T13:41:43","slug":"linnovation-entre-science-et-science-fiction","status":"publish","type":"product","link":"https:\/\/www.istegroup.com\/fr\/produit\/linnovation-entre-science-et-science-fiction\/","title":{"rendered":"L&rsquo;innovation entre science et science-fiction"},"content":{"rendered":"<p>La s\u00e9rie\u00a0<em>Smart innovation<\/em>\u00a0pr\u00e9sente les th\u00e8mes li\u00e9s \u00e0 la dynamique technologique, entrepreneuriale, territoriale et \u00e9conomique de l&rsquo;innovation. Elle privil\u00e9gie les approches novatrices des acteurs qui, par leurs comportements, strat\u00e9gies et politiques d&rsquo;innovation intelligente, modifient les mod\u00e8les \u00e9conomiques dans une perspective de croissance durable.<\/p>\n<p>L\u2019imaginaire et la science-fiction participent \u00e0 l\u2019innovation dans les soci\u00e9t\u00e9s technoscientifiques. Les organisations innovantes les utilisent pour stimuler la cr\u00e9ativit\u00e9 de leurs \u00e9quipes, et de plus en plus d\u2019entrepreneurs revendiquent leur influence pour d\u00e9velopper la prospective et l\u2019innovation.<\/p>\n<p>C\u2019est dans ce contexte que\u00a0<em>L&rsquo;innovation entre science et science-fiction<\/em>\u00a0pr\u00e9sente, \u00e0 travers une courte histoire de la science-fiction, quelques cas connus de technologies utopiques qui sont par la suite devenues des innovations, dont certaines ont contribu\u00e9 \u00e0 am\u00e9liorer les conditions de vie de l\u2019humanit\u00e9. Il examine aussi la psychologie des organisations, dont certaines utilisent des techniques de cr\u00e9ativit\u00e9 reposant sur l\u2019\u00e9laboration de r\u00e9cits de science-fiction.<\/p>\n<p>L\u2019ouvrage traite \u00e9galement de la dimension utopique et id\u00e9ologique de l\u2019innovation. Il analyse l\u2019industrie spatiale \u00e0 travers les discours sur la conqu\u00eate et la colonisation de la plan\u00e8te Mars, pose la question de l\u2019influence de la science-fiction sur les pionniers de ce grand projet et pr\u00e9sente le secteur des nanotechnologies.<\/p>\n<p>&nbsp;<\/p>\n<p><strong>La presse en parle<\/strong><\/p>\n<p><a style=\"color: #1e9691;\" href=\"https:\/\/blogs.alternatives-economiques.fr\/reseauinnovation\/2021\/06\/01\/terraformer-mars-du-mythe-a-la-realite\"><em>blogs.alternatives-economiques.fr, <\/em><em>6 juin 2021<\/em><\/a><\/p>\n<p><a style=\"color: #1e9691;\" href=\"https:\/\/www.lesechos.fr\/idees-debats\/sciences-prospective\/le-metavers-dans-la-fiction-matrix-ou-lutopie-dans-la-dystopie-1780076\"><em>Les Echos, <\/em><em>2 ao\u00fbt 2022<\/em><\/a><\/p>","protected":false},"excerpt":{"rendered":"<p>La s\u00e9rie\u00a0Smart innovation\u00a0pr\u00e9sente les th\u00e8mes li\u00e9s \u00e0 la dynamique technologique, entrepreneuriale, territoriale et \u00e9conomique de l&rsquo;innovation. Elle privil\u00e9gie les approches novatrices des acteurs qui, par leurs comportements, strat\u00e9gies et politiques d&rsquo;innovation intelligente, modifient les mod\u00e8les \u00e9conomiques dans une perspective de croissance durable. L\u2019imaginaire et la science-fiction participent \u00e0 l\u2019innovation dans les soci\u00e9t\u00e9s technoscientifiques. Les organisations [&hellip;]<\/p>\n","protected":false},"featured_media":11646,"template":"","meta":{"_acf_changed":false,"_links_to":"","_links_to_target":""},"product_brand":[],"product_cat":[3262],"product_tag":[18,19,20,21,22,3586,26,27,3585,145,28,3584,3583,3582],"class_list":{"0":"post-11642","1":"product","2":"type-product","3":"status-publish","4":"has-post-thumbnail","6":"product_cat-non-classe","7":"product_tag-edition-scientifique","8":"product_tag-editions-francaise","9":"product_tag-editions-technique","10":"product_tag-iste-group","11":"product_tag-istegroup","12":"product_tag-linnovation-entre-science-et-science-fiction","13":"product_tag-livre-scientifique-francais","14":"product_tag-livre-technique-francais","15":"product_tag-nanotechnologies","16":"product_tag-ouvrage-scientifique","17":"product_tag-ouvrage-scientifique-francais","18":"product_tag-science-fiction","19":"product_tag-smart-innovation","20":"product_tag-thomas-michaud","22":"first","23":"instock","24":"shipping-taxable","25":"purchasable","26":"product-type-variable"},"acf":[],"yoast_head":"<!-- This site is optimized with the Yoast SEO plugin v27.2 - https:\/\/yoast.com\/product\/yoast-seo-wordpress\/ -->\n<title>L&#039;innovation entre science et science-fiction - ISTE Group<\/title>\n<meta name=\"description\" content=\"L&#039;innovation entre science et science-fiction\u00a0pr\u00e9sente, \u00e0 travers une courte histoire de la science-fiction, quelques cas connus de technologies utopiques qui sont par la suite devenues des innovations, dont certaines ont contribu\u00e9 \u00e0 am\u00e9liorer les conditions de vie de l\u2019humanit\u00e9.\" \/>\n<meta name=\"robots\" content=\"index, follow, max-snippet:-1, max-image-preview:large, max-video-preview:-1\" \/>\n<link rel=\"canonical\" href=\"https:\/\/www.istegroup.com\/fr\/produit\/linnovation-entre-science-et-science-fiction\/\" \/>\n<meta property=\"og:locale\" content=\"fr_FR\" \/>\n<meta property=\"og:type\" content=\"article\" \/>\n<meta property=\"og:title\" content=\"L&#039;innovation entre science et science-fiction - ISTE Group\" \/>\n<meta property=\"og:description\" content=\"L&#039;innovation entre science et science-fiction\u00a0pr\u00e9sente, \u00e0 travers une courte histoire de la science-fiction, quelques cas connus de technologies utopiques qui sont par la suite devenues des innovations, dont certaines ont contribu\u00e9 \u00e0 am\u00e9liorer les conditions de vie de l\u2019humanit\u00e9.\" \/>\n<meta property=\"og:url\" content=\"https:\/\/www.istegroup.com\/fr\/produit\/linnovation-entre-science-et-science-fiction\/\" \/>\n<meta property=\"og:site_name\" content=\"ISTE Group\" \/>\n<meta property=\"article:modified_time\" content=\"2024-01-03T13:41:43+00:00\" \/>\n<meta property=\"og:image\" content=\"https:\/\/www.istegroup.com\/wp-content\/uploads\/2018\/03\/319_L\u2019innovation-entre-science-et-science-fiction_Michaud.jpg\" \/>\n\t<meta property=\"og:image:width\" content=\"300\" \/>\n\t<meta property=\"og:image:height\" content=\"452\" \/>\n\t<meta property=\"og:image:type\" content=\"image\/jpeg\" \/>\n<meta name=\"twitter:card\" content=\"summary_large_image\" \/>\n<meta name=\"twitter:label1\" content=\"Est. reading time\" \/>\n\t<meta name=\"twitter:data1\" content=\"2 minutes\" \/>\n<script type=\"application\/ld+json\" class=\"yoast-schema-graph\">{\"@context\":\"https:\/\/schema.org\",\"@graph\":[{\"@type\":\"WebPage\",\"@id\":\"https:\/\/www.istegroup.com\/fr\/produit\/linnovation-entre-science-et-science-fiction\/\",\"url\":\"https:\/\/www.istegroup.com\/fr\/produit\/linnovation-entre-science-et-science-fiction\/\",\"name\":\"L'innovation entre science et science-fiction - ISTE Group\",\"isPartOf\":{\"@id\":\"https:\/\/www.istegroup.com\/#website\"},\"primaryImageOfPage\":{\"@id\":\"https:\/\/www.istegroup.com\/fr\/produit\/linnovation-entre-science-et-science-fiction\/#primaryimage\"},\"image\":{\"@id\":\"https:\/\/www.istegroup.com\/fr\/produit\/linnovation-entre-science-et-science-fiction\/#primaryimage\"},\"thumbnailUrl\":\"https:\/\/www.istegroup.com\/wp-content\/uploads\/2018\/03\/319_L\u2019innovation-entre-science-et-science-fiction_Michaud.jpg\",\"datePublished\":\"2017-07-29T09:46:28+00:00\",\"dateModified\":\"2024-01-03T13:41:43+00:00\",\"description\":\"L'innovation entre science et science-fiction\u00a0pr\u00e9sente, \u00e0 travers une courte histoire de la science-fiction, quelques cas connus de technologies utopiques qui sont par la suite devenues des innovations, dont certaines ont contribu\u00e9 \u00e0 am\u00e9liorer les conditions de vie de l\u2019humanit\u00e9.\",\"breadcrumb\":{\"@id\":\"https:\/\/www.istegroup.com\/fr\/produit\/linnovation-entre-science-et-science-fiction\/#breadcrumb\"},\"inLanguage\":\"fr-FR\",\"potentialAction\":[{\"@type\":\"ReadAction\",\"target\":[\"https:\/\/www.istegroup.com\/fr\/produit\/linnovation-entre-science-et-science-fiction\/\"]}]},{\"@type\":\"ImageObject\",\"inLanguage\":\"fr-FR\",\"@id\":\"https:\/\/www.istegroup.com\/fr\/produit\/linnovation-entre-science-et-science-fiction\/#primaryimage\",\"url\":\"https:\/\/www.istegroup.com\/wp-content\/uploads\/2018\/03\/319_L\u2019innovation-entre-science-et-science-fiction_Michaud.jpg\",\"contentUrl\":\"https:\/\/www.istegroup.com\/wp-content\/uploads\/2018\/03\/319_L\u2019innovation-entre-science-et-science-fiction_Michaud.jpg\",\"width\":300,\"height\":452,\"caption\":\"L\u2019innovation entre science et science-fiction iste group\"},{\"@type\":\"BreadcrumbList\",\"@id\":\"https:\/\/www.istegroup.com\/fr\/produit\/linnovation-entre-science-et-science-fiction\/#breadcrumb\",\"itemListElement\":[{\"@type\":\"ListItem\",\"position\":1,\"name\":\"Home\",\"item\":\"https:\/\/www.istegroup.com\/\"},{\"@type\":\"ListItem\",\"position\":2,\"name\":\"Shop\",\"item\":\"https:\/\/www.istegroup.com\/fr\/nouveautes\/\"},{\"@type\":\"ListItem\",\"position\":3,\"name\":\"L&rsquo;innovation entre science et science-fiction\"}]},{\"@type\":\"WebSite\",\"@id\":\"https:\/\/www.istegroup.com\/#website\",\"url\":\"https:\/\/www.istegroup.com\/\",\"name\":\"ISTE Group\",\"description\":\"\u00c9diteur des Sciences\",\"potentialAction\":[{\"@type\":\"SearchAction\",\"target\":{\"@type\":\"EntryPoint\",\"urlTemplate\":\"https:\/\/www.istegroup.com\/?s={search_term_string}\"},\"query-input\":{\"@type\":\"PropertyValueSpecification\",\"valueRequired\":true,\"valueName\":\"search_term_string\"}}],\"inLanguage\":\"fr-FR\"}]}<\/script>\n<!-- \/ Yoast SEO plugin. -->","yoast_head_json":{"title":"L'innovation entre science et science-fiction - ISTE Group","description":"L'innovation entre science et science-fiction\u00a0pr\u00e9sente, \u00e0 travers une courte histoire de la science-fiction, quelques cas connus de technologies utopiques qui sont par la suite devenues des innovations, dont certaines ont contribu\u00e9 \u00e0 am\u00e9liorer les conditions de vie de l\u2019humanit\u00e9.","robots":{"index":"index","follow":"follow","max-snippet":"max-snippet:-1","max-image-preview":"max-image-preview:large","max-video-preview":"max-video-preview:-1"},"canonical":"https:\/\/www.istegroup.com\/fr\/produit\/linnovation-entre-science-et-science-fiction\/","og_locale":"fr_FR","og_type":"article","og_title":"L'innovation entre science et science-fiction - ISTE Group","og_description":"L'innovation entre science et science-fiction\u00a0pr\u00e9sente, \u00e0 travers une courte histoire de la science-fiction, quelques cas connus de technologies utopiques qui sont par la suite devenues des innovations, dont certaines ont contribu\u00e9 \u00e0 am\u00e9liorer les conditions de vie de l\u2019humanit\u00e9.","og_url":"https:\/\/www.istegroup.com\/fr\/produit\/linnovation-entre-science-et-science-fiction\/","og_site_name":"ISTE Group","article_modified_time":"2024-01-03T13:41:43+00:00","og_image":[{"width":300,"height":452,"url":"https:\/\/www.istegroup.com\/wp-content\/uploads\/2018\/03\/319_L\u2019innovation-entre-science-et-science-fiction_Michaud.jpg","type":"image\/jpeg"}],"twitter_card":"summary_large_image","twitter_misc":{"Est. reading time":"2 minutes"},"schema":{"@context":"https:\/\/schema.org","@graph":[{"@type":"WebPage","@id":"https:\/\/www.istegroup.com\/fr\/produit\/linnovation-entre-science-et-science-fiction\/","url":"https:\/\/www.istegroup.com\/fr\/produit\/linnovation-entre-science-et-science-fiction\/","name":"L'innovation entre science et science-fiction - ISTE Group","isPartOf":{"@id":"https:\/\/www.istegroup.com\/#website"},"primaryImageOfPage":{"@id":"https:\/\/www.istegroup.com\/fr\/produit\/linnovation-entre-science-et-science-fiction\/#primaryimage"},"image":{"@id":"https:\/\/www.istegroup.com\/fr\/produit\/linnovation-entre-science-et-science-fiction\/#primaryimage"},"thumbnailUrl":"https:\/\/www.istegroup.com\/wp-content\/uploads\/2018\/03\/319_L\u2019innovation-entre-science-et-science-fiction_Michaud.jpg","datePublished":"2017-07-29T09:46:28+00:00","dateModified":"2024-01-03T13:41:43+00:00","description":"L'innovation entre science et science-fiction\u00a0pr\u00e9sente, \u00e0 travers une courte histoire de la science-fiction, quelques cas connus de technologies utopiques qui sont par la suite devenues des innovations, dont certaines ont contribu\u00e9 \u00e0 am\u00e9liorer les conditions de vie de l\u2019humanit\u00e9.","breadcrumb":{"@id":"https:\/\/www.istegroup.com\/fr\/produit\/linnovation-entre-science-et-science-fiction\/#breadcrumb"},"inLanguage":"fr-FR","potentialAction":[{"@type":"ReadAction","target":["https:\/\/www.istegroup.com\/fr\/produit\/linnovation-entre-science-et-science-fiction\/"]}]},{"@type":"ImageObject","inLanguage":"fr-FR","@id":"https:\/\/www.istegroup.com\/fr\/produit\/linnovation-entre-science-et-science-fiction\/#primaryimage","url":"https:\/\/www.istegroup.com\/wp-content\/uploads\/2018\/03\/319_L\u2019innovation-entre-science-et-science-fiction_Michaud.jpg","contentUrl":"https:\/\/www.istegroup.com\/wp-content\/uploads\/2018\/03\/319_L\u2019innovation-entre-science-et-science-fiction_Michaud.jpg","width":300,"height":452,"caption":"L\u2019innovation entre science et science-fiction iste group"},{"@type":"BreadcrumbList","@id":"https:\/\/www.istegroup.com\/fr\/produit\/linnovation-entre-science-et-science-fiction\/#breadcrumb","itemListElement":[{"@type":"ListItem","position":1,"name":"Home","item":"https:\/\/www.istegroup.com\/"},{"@type":"ListItem","position":2,"name":"Shop","item":"https:\/\/www.istegroup.com\/fr\/nouveautes\/"},{"@type":"ListItem","position":3,"name":"L&rsquo;innovation entre science et science-fiction"}]},{"@type":"WebSite","@id":"https:\/\/www.istegroup.com\/#website","url":"https:\/\/www.istegroup.com\/","name":"ISTE Group","description":"\u00c9diteur des Sciences","potentialAction":[{"@type":"SearchAction","target":{"@type":"EntryPoint","urlTemplate":"https:\/\/www.istegroup.com\/?s={search_term_string}"},"query-input":{"@type":"PropertyValueSpecification","valueRequired":true,"valueName":"search_term_string"}}],"inLanguage":"fr-FR"}]}},"_links":{"self":[{"href":"https:\/\/www.istegroup.com\/fr\/wp-json\/wp\/v2\/product\/11642","targetHints":{"allow":["GET"]}}],"collection":[{"href":"https:\/\/www.istegroup.com\/fr\/wp-json\/wp\/v2\/product"}],"about":[{"href":"https:\/\/www.istegroup.com\/fr\/wp-json\/wp\/v2\/types\/product"}],"wp:featuredmedia":[{"embeddable":true,"href":"https:\/\/www.istegroup.com\/fr\/wp-json\/wp\/v2\/media\/11646"}],"wp:attachment":[{"href":"https:\/\/www.istegroup.com\/fr\/wp-json\/wp\/v2\/media?parent=11642"}],"wp:term":[{"taxonomy":"product_brand","embeddable":true,"href":"https:\/\/www.istegroup.com\/fr\/wp-json\/wp\/v2\/product_brand?post=11642"},{"taxonomy":"product_cat","embeddable":true,"href":"https:\/\/www.istegroup.com\/fr\/wp-json\/wp\/v2\/product_cat?post=11642"},{"taxonomy":"product_tag","embeddable":true,"href":"https:\/\/www.istegroup.com\/fr\/wp-json\/wp\/v2\/product_tag?post=11642"}],"curies":[{"name":"wp","href":"https:\/\/api.w.org\/{rel}","templated":true}]}}