{"id":11628,"date":"2018-03-28T11:20:56","date_gmt":"2018-03-28T09:20:56","guid":{"rendered":"https:\/\/iste.yhello.co\/?post_type=product&#038;p=11628"},"modified":"2024-01-03T13:41:42","modified_gmt":"2024-01-03T13:41:42","slug":"les-fondements-du-liberalisme-economique","status":"publish","type":"product","link":"https:\/\/www.istegroup.com\/fr\/produit\/les-fondements-du-liberalisme-economique\/","title":{"rendered":"Les fondements du lib\u00e9ralisme \u00e9conomique"},"content":{"rendered":"<p>Afin de souligner l\u2019importance des questions politiques et \u00e9conomiques actuelles aupr\u00e8s des lecteurs, cet ouvrage expose les origines du lib\u00e9ralisme \u00e0 travers les arguments de ses partisans.<\/p>\n<p>Il analyse les pens\u00e9es de 50 \u00e9conomistes fran\u00e7ais, du XIXe si\u00e8cle essentiellement, qui sont aujourd\u2019hui encore reprises par les d\u00e9fenseurs de ce syst\u00e8me \u00e9conomique : la primaut\u00e9 qui doit \u00eatre accord\u00e9e \u00e0 la libert\u00e9 individuelle, l\u2019importance du travail et de la production, les avantages de la concurrence au niveau national et du libre-\u00e9change par rapport au protectionnisme au niveau international, le r\u00f4le limit\u00e9 de l\u2019Etat \u00e0 ses seules fonctions r\u00e9galiennes et au strict n\u00e9cessaire \u00e9conomique, etc.<\/p>\n<p>Faisant appel \u00e0 des consid\u00e9rations non seulement \u00e9conomiques, mais aussi philosophiques et historiques,\u00a0<em>Les fondements du lib\u00e9ralisme \u00e9conomique<\/em>\u00a0pr\u00e9sente la vie et les th\u00e8ses d\u2019auteurs, certains c\u00e9l\u00e8bres, d\u2019autres oubli\u00e9s, \u00e0 l\u2019origine de l\u2019\u00e9cole \u00e9conomique lib\u00e9rale fran\u00e7aise.<\/p>\n","protected":false},"excerpt":{"rendered":"<p>Afin de souligner l\u2019importance des questions politiques et \u00e9conomiques actuelles aupr\u00e8s des lecteurs, cet ouvrage expose les origines du lib\u00e9ralisme \u00e0 travers les arguments de ses partisans. Il analyse les pens\u00e9es de 50 \u00e9conomistes fran\u00e7ais, du XIXe si\u00e8cle essentiellement, qui sont aujourd\u2019hui encore reprises par les d\u00e9fenseurs de ce syst\u00e8me \u00e9conomique : la primaut\u00e9 qui [&hellip;]<\/p>\n","protected":false},"featured_media":11635,"template":"","meta":{"_acf_changed":false,"_links_to":"","_links_to_target":""},"product_brand":[],"product_cat":[3262],"product_tag":[3590,18,19,20,3596,21,22,3595,3594,3593,25,26,27,28,3592,3591],"class_list":{"0":"post-11628","1":"product","2":"type-product","3":"status-publish","4":"has-post-thumbnail","6":"product_cat-non-classe","7":"product_tag-economiques","8":"product_tag-edition-scientifique","9":"product_tag-editions-francaise","10":"product_tag-editions-technique","11":"product_tag-histoire-des-sciences-et-des-techniques","12":"product_tag-iste-group","13":"product_tag-istegroup","14":"product_tag-les-50-economistes-a-lorigine-de-la-pensee-liberale-en-france","15":"product_tag-les-fondements-du-liberalisme-economique","16":"product_tag-liberalisme","17":"product_tag-livre-numerique","18":"product_tag-livre-scientifique-francais","19":"product_tag-livre-technique-francais","20":"product_tag-ouvrage-scientifique-francais","21":"product_tag-paul-jacques-lehmann","22":"product_tag-politiques","24":"first","25":"instock","26":"shipping-taxable","27":"purchasable","28":"product-type-variable"},"acf":[],"yoast_head":"<!-- This site is optimized with the Yoast SEO plugin v27.2 - https:\/\/yoast.com\/product\/yoast-seo-wordpress\/ -->\n<title>Les fondements du lib\u00e9ralisme \u00e9conomique - ISTE Group<\/title>\n<meta name=\"description\" content=\"Les fondements du lib\u00e9ralisme \u00e9conomique\u00a0pr\u00e9sente la vie et les th\u00e8ses d\u2019auteurs, certains c\u00e9l\u00e8bres, d\u2019autres oubli\u00e9s, \u00e0 l\u2019origine de l\u2019\u00e9cole \u00e9conomique lib\u00e9rale fran\u00e7aise.\" \/>\n<meta name=\"robots\" content=\"index, follow, max-snippet:-1, max-image-preview:large, max-video-preview:-1\" \/>\n<link rel=\"canonical\" href=\"https:\/\/www.istegroup.com\/fr\/produit\/les-fondements-du-liberalisme-economique\/\" \/>\n<meta property=\"og:locale\" content=\"fr_FR\" \/>\n<meta property=\"og:type\" content=\"article\" \/>\n<meta property=\"og:title\" content=\"Les fondements du lib\u00e9ralisme \u00e9conomique - ISTE Group\" \/>\n<meta property=\"og:description\" content=\"Les fondements du lib\u00e9ralisme \u00e9conomique\u00a0pr\u00e9sente la vie et les th\u00e8ses d\u2019auteurs, certains c\u00e9l\u00e8bres, d\u2019autres oubli\u00e9s, \u00e0 l\u2019origine de l\u2019\u00e9cole \u00e9conomique lib\u00e9rale fran\u00e7aise.\" \/>\n<meta property=\"og:url\" content=\"https:\/\/www.istegroup.com\/fr\/produit\/les-fondements-du-liberalisme-economique\/\" \/>\n<meta property=\"og:site_name\" content=\"ISTE Group\" \/>\n<meta property=\"article:modified_time\" content=\"2024-01-03T13:41:42+00:00\" \/>\n<meta property=\"og:image\" content=\"https:\/\/www.istegroup.com\/wp-content\/uploads\/2018\/03\/Lehmann_Front-scaled.jpg\" \/>\n\t<meta property=\"og:image:width\" content=\"1712\" \/>\n\t<meta property=\"og:image:height\" content=\"2560\" \/>\n\t<meta property=\"og:image:type\" content=\"image\/jpeg\" \/>\n<meta name=\"twitter:card\" content=\"summary_large_image\" \/>\n<meta name=\"twitter:label1\" content=\"Est. reading time\" \/>\n\t<meta name=\"twitter:data1\" content=\"1 minute\" \/>\n<script type=\"application\/ld+json\" class=\"yoast-schema-graph\">{\"@context\":\"https:\/\/schema.org\",\"@graph\":[{\"@type\":\"WebPage\",\"@id\":\"https:\/\/www.istegroup.com\/fr\/produit\/les-fondements-du-liberalisme-economique\/\",\"url\":\"https:\/\/www.istegroup.com\/fr\/produit\/les-fondements-du-liberalisme-economique\/\",\"name\":\"Les fondements du lib\u00e9ralisme \u00e9conomique - ISTE Group\",\"isPartOf\":{\"@id\":\"https:\/\/www.istegroup.com\/#website\"},\"primaryImageOfPage\":{\"@id\":\"https:\/\/www.istegroup.com\/fr\/produit\/les-fondements-du-liberalisme-economique\/#primaryimage\"},\"image\":{\"@id\":\"https:\/\/www.istegroup.com\/fr\/produit\/les-fondements-du-liberalisme-economique\/#primaryimage\"},\"thumbnailUrl\":\"https:\/\/www.istegroup.com\/wp-content\/uploads\/2018\/03\/Lehmann_Front-scaled.jpg\",\"datePublished\":\"2018-03-28T09:20:56+00:00\",\"dateModified\":\"2024-01-03T13:41:42+00:00\",\"description\":\"Les fondements du lib\u00e9ralisme \u00e9conomique\u00a0pr\u00e9sente la vie et les th\u00e8ses d\u2019auteurs, certains c\u00e9l\u00e8bres, d\u2019autres oubli\u00e9s, \u00e0 l\u2019origine de l\u2019\u00e9cole \u00e9conomique lib\u00e9rale fran\u00e7aise.\",\"breadcrumb\":{\"@id\":\"https:\/\/www.istegroup.com\/fr\/produit\/les-fondements-du-liberalisme-economique\/#breadcrumb\"},\"inLanguage\":\"fr-FR\",\"potentialAction\":[{\"@type\":\"ReadAction\",\"target\":[\"https:\/\/www.istegroup.com\/fr\/produit\/les-fondements-du-liberalisme-economique\/\"]}]},{\"@type\":\"ImageObject\",\"inLanguage\":\"fr-FR\",\"@id\":\"https:\/\/www.istegroup.com\/fr\/produit\/les-fondements-du-liberalisme-economique\/#primaryimage\",\"url\":\"https:\/\/www.istegroup.com\/wp-content\/uploads\/2018\/03\/Lehmann_Front-scaled.jpg\",\"contentUrl\":\"https:\/\/www.istegroup.com\/wp-content\/uploads\/2018\/03\/Lehmann_Front-scaled.jpg\",\"width\":1712,\"height\":2560,\"caption\":\"Les 50 \u00e9conomistes \u00e0 l'origine de la pens\u00e9e lib\u00e9rale en France\"},{\"@type\":\"BreadcrumbList\",\"@id\":\"https:\/\/www.istegroup.com\/fr\/produit\/les-fondements-du-liberalisme-economique\/#breadcrumb\",\"itemListElement\":[{\"@type\":\"ListItem\",\"position\":1,\"name\":\"Home\",\"item\":\"https:\/\/www.istegroup.com\/\"},{\"@type\":\"ListItem\",\"position\":2,\"name\":\"Shop\",\"item\":\"https:\/\/www.istegroup.com\/fr\/nouveautes\/\"},{\"@type\":\"ListItem\",\"position\":3,\"name\":\"Les fondements du lib\u00e9ralisme \u00e9conomique\"}]},{\"@type\":\"WebSite\",\"@id\":\"https:\/\/www.istegroup.com\/#website\",\"url\":\"https:\/\/www.istegroup.com\/\",\"name\":\"ISTE Group\",\"description\":\"\u00c9diteur des Sciences\",\"potentialAction\":[{\"@type\":\"SearchAction\",\"target\":{\"@type\":\"EntryPoint\",\"urlTemplate\":\"https:\/\/www.istegroup.com\/?s={search_term_string}\"},\"query-input\":{\"@type\":\"PropertyValueSpecification\",\"valueRequired\":true,\"valueName\":\"search_term_string\"}}],\"inLanguage\":\"fr-FR\"}]}<\/script>\n<!-- \/ Yoast SEO plugin. -->","yoast_head_json":{"title":"Les fondements du lib\u00e9ralisme \u00e9conomique - ISTE Group","description":"Les fondements du lib\u00e9ralisme \u00e9conomique\u00a0pr\u00e9sente la vie et les th\u00e8ses d\u2019auteurs, certains c\u00e9l\u00e8bres, d\u2019autres oubli\u00e9s, \u00e0 l\u2019origine de l\u2019\u00e9cole \u00e9conomique lib\u00e9rale fran\u00e7aise.","robots":{"index":"index","follow":"follow","max-snippet":"max-snippet:-1","max-image-preview":"max-image-preview:large","max-video-preview":"max-video-preview:-1"},"canonical":"https:\/\/www.istegroup.com\/fr\/produit\/les-fondements-du-liberalisme-economique\/","og_locale":"fr_FR","og_type":"article","og_title":"Les fondements du lib\u00e9ralisme \u00e9conomique - ISTE Group","og_description":"Les fondements du lib\u00e9ralisme \u00e9conomique\u00a0pr\u00e9sente la vie et les th\u00e8ses d\u2019auteurs, certains c\u00e9l\u00e8bres, d\u2019autres oubli\u00e9s, \u00e0 l\u2019origine de l\u2019\u00e9cole \u00e9conomique lib\u00e9rale fran\u00e7aise.","og_url":"https:\/\/www.istegroup.com\/fr\/produit\/les-fondements-du-liberalisme-economique\/","og_site_name":"ISTE Group","article_modified_time":"2024-01-03T13:41:42+00:00","og_image":[{"width":1712,"height":2560,"url":"https:\/\/www.istegroup.com\/wp-content\/uploads\/2018\/03\/Lehmann_Front-scaled.jpg","type":"image\/jpeg"}],"twitter_card":"summary_large_image","twitter_misc":{"Est. reading time":"1 minute"},"schema":{"@context":"https:\/\/schema.org","@graph":[{"@type":"WebPage","@id":"https:\/\/www.istegroup.com\/fr\/produit\/les-fondements-du-liberalisme-economique\/","url":"https:\/\/www.istegroup.com\/fr\/produit\/les-fondements-du-liberalisme-economique\/","name":"Les fondements du lib\u00e9ralisme \u00e9conomique - ISTE Group","isPartOf":{"@id":"https:\/\/www.istegroup.com\/#website"},"primaryImageOfPage":{"@id":"https:\/\/www.istegroup.com\/fr\/produit\/les-fondements-du-liberalisme-economique\/#primaryimage"},"image":{"@id":"https:\/\/www.istegroup.com\/fr\/produit\/les-fondements-du-liberalisme-economique\/#primaryimage"},"thumbnailUrl":"https:\/\/www.istegroup.com\/wp-content\/uploads\/2018\/03\/Lehmann_Front-scaled.jpg","datePublished":"2018-03-28T09:20:56+00:00","dateModified":"2024-01-03T13:41:42+00:00","description":"Les fondements du lib\u00e9ralisme \u00e9conomique\u00a0pr\u00e9sente la vie et les th\u00e8ses d\u2019auteurs, certains c\u00e9l\u00e8bres, d\u2019autres oubli\u00e9s, \u00e0 l\u2019origine de l\u2019\u00e9cole \u00e9conomique lib\u00e9rale fran\u00e7aise.","breadcrumb":{"@id":"https:\/\/www.istegroup.com\/fr\/produit\/les-fondements-du-liberalisme-economique\/#breadcrumb"},"inLanguage":"fr-FR","potentialAction":[{"@type":"ReadAction","target":["https:\/\/www.istegroup.com\/fr\/produit\/les-fondements-du-liberalisme-economique\/"]}]},{"@type":"ImageObject","inLanguage":"fr-FR","@id":"https:\/\/www.istegroup.com\/fr\/produit\/les-fondements-du-liberalisme-economique\/#primaryimage","url":"https:\/\/www.istegroup.com\/wp-content\/uploads\/2018\/03\/Lehmann_Front-scaled.jpg","contentUrl":"https:\/\/www.istegroup.com\/wp-content\/uploads\/2018\/03\/Lehmann_Front-scaled.jpg","width":1712,"height":2560,"caption":"Les 50 \u00e9conomistes \u00e0 l'origine de la pens\u00e9e lib\u00e9rale en France"},{"@type":"BreadcrumbList","@id":"https:\/\/www.istegroup.com\/fr\/produit\/les-fondements-du-liberalisme-economique\/#breadcrumb","itemListElement":[{"@type":"ListItem","position":1,"name":"Home","item":"https:\/\/www.istegroup.com\/"},{"@type":"ListItem","position":2,"name":"Shop","item":"https:\/\/www.istegroup.com\/fr\/nouveautes\/"},{"@type":"ListItem","position":3,"name":"Les fondements du lib\u00e9ralisme \u00e9conomique"}]},{"@type":"WebSite","@id":"https:\/\/www.istegroup.com\/#website","url":"https:\/\/www.istegroup.com\/","name":"ISTE Group","description":"\u00c9diteur des Sciences","potentialAction":[{"@type":"SearchAction","target":{"@type":"EntryPoint","urlTemplate":"https:\/\/www.istegroup.com\/?s={search_term_string}"},"query-input":{"@type":"PropertyValueSpecification","valueRequired":true,"valueName":"search_term_string"}}],"inLanguage":"fr-FR"}]}},"_links":{"self":[{"href":"https:\/\/www.istegroup.com\/fr\/wp-json\/wp\/v2\/product\/11628","targetHints":{"allow":["GET"]}}],"collection":[{"href":"https:\/\/www.istegroup.com\/fr\/wp-json\/wp\/v2\/product"}],"about":[{"href":"https:\/\/www.istegroup.com\/fr\/wp-json\/wp\/v2\/types\/product"}],"wp:featuredmedia":[{"embeddable":true,"href":"https:\/\/www.istegroup.com\/fr\/wp-json\/wp\/v2\/media\/11635"}],"wp:attachment":[{"href":"https:\/\/www.istegroup.com\/fr\/wp-json\/wp\/v2\/media?parent=11628"}],"wp:term":[{"taxonomy":"product_brand","embeddable":true,"href":"https:\/\/www.istegroup.com\/fr\/wp-json\/wp\/v2\/product_brand?post=11628"},{"taxonomy":"product_cat","embeddable":true,"href":"https:\/\/www.istegroup.com\/fr\/wp-json\/wp\/v2\/product_cat?post=11628"},{"taxonomy":"product_tag","embeddable":true,"href":"https:\/\/www.istegroup.com\/fr\/wp-json\/wp\/v2\/product_tag?post=11628"}],"curies":[{"name":"wp","href":"https:\/\/api.w.org\/{rel}","templated":true}]}}