{"id":11608,"date":"2018-03-28T10:56:22","date_gmt":"2018-03-28T08:56:22","guid":{"rendered":"https:\/\/iste.yhello.co\/?post_type=product&#038;p=11608"},"modified":"2024-01-03T13:41:42","modified_gmt":"2024-01-03T13:41:42","slug":"la-gestion-des-risques-dans-les-pme","status":"publish","type":"product","link":"https:\/\/www.istegroup.com\/fr\/produit\/la-gestion-des-risques-dans-les-pme\/","title":{"rendered":"La gestion des risques dans les PME"},"content":{"rendered":"<p>Les pratiques de gestion des risques se multiplient et se d\u00e9veloppent dans les entreprises, notamment sous l\u2019impulsion de nouvelles normes qui placent le management des risques au coeur des pr\u00e9occupations. Si les grandes entreprises sont plus susceptibles d\u2019adopter une approche holistique et formelle, l\u2019enjeu n\u2019est pas moins important pour les PME. Au contraire, la gestion des risques dans les PME peut contribuer \u00e0 une certaine dynamique partenariale, organisationnelle et entrepreneuriale, constituant une r\u00e9elle opportunit\u00e9 de faire \u00e9voluer les pratiques et d\u2019am\u00e9liorer les performances.<\/p>\n<p>La question est ainsi de comprendre en quoi la gestion des risques peut \u00eatre un levier de cr\u00e9ation de valeur et d\u2019innovation pour les PME. Cet ouvrage offre des \u00e9l\u00e9ments de r\u00e9ponse en m\u00ealant approches conceptuelles, illustrations empiriques et implications manag\u00e9riales. Il permet aux \u00e9tudiants, aux enseignants et aux dirigeants de mieux appr\u00e9hender les enjeux de la gestion des risques pour les PME d\u2019aujourd\u2019hui et de demain.<\/p>\n","protected":false},"excerpt":{"rendered":"<p>Les pratiques de gestion des risques se multiplient et se d\u00e9veloppent dans les entreprises, notamment sous l\u2019impulsion de nouvelles normes qui placent le management des risques au coeur des pr\u00e9occupations. Si les grandes entreprises sont plus susceptibles d\u2019adopter une approche holistique et formelle, l\u2019enjeu n\u2019est pas moins important pour les PME. Au contraire, la gestion [&hellip;]<\/p>\n","protected":false},"featured_media":18432,"template":"","meta":{"_acf_changed":false,"_links_to":"","_links_to_target":""},"product_brand":[],"product_cat":[3262],"product_tag":[3607,3608,18,19,20,3430,289,21,22,3606,3605,25,26,27,38,28],"class_list":{"0":"post-11608","1":"product","2":"type-product","3":"status-publish","4":"has-post-thumbnail","6":"product_cat-non-classe","7":"product_tag-celine-berard","8":"product_tag-christine-teyssier","9":"product_tag-edition-scientifique","10":"product_tag-editions-francaise","11":"product_tag-editions-technique","12":"product_tag-entrepreneuriat-et-gestion","13":"product_tag-innovation","14":"product_tag-iste-group","15":"product_tag-istegroup","16":"product_tag-la-gestion-des-risques-dans-les-pme","17":"product_tag-levier-de-developpement-et-de-creation-de-valeur-partenariale","18":"product_tag-livre-numerique","19":"product_tag-livre-scientifique-francais","20":"product_tag-livre-technique-francais","21":"product_tag-ouvrage-numerique","22":"product_tag-ouvrage-scientifique-francais","24":"first","25":"instock","26":"shipping-taxable","27":"purchasable","28":"product-type-variable"},"acf":[],"yoast_head":"<!-- This site is optimized with the Yoast SEO plugin v27.2 - https:\/\/yoast.com\/product\/yoast-seo-wordpress\/ -->\n<title>La gestion des risques dans les PME - ISTE Group<\/title>\n<meta name=\"robots\" content=\"index, follow, max-snippet:-1, max-image-preview:large, max-video-preview:-1\" \/>\n<link rel=\"canonical\" href=\"https:\/\/www.istegroup.com\/fr\/produit\/la-gestion-des-risques-dans-les-pme\/\" \/>\n<meta property=\"og:locale\" content=\"fr_FR\" \/>\n<meta property=\"og:type\" content=\"article\" \/>\n<meta property=\"og:title\" content=\"La gestion des risques dans les PME - ISTE Group\" \/>\n<meta property=\"og:description\" content=\"Les pratiques de gestion des risques se multiplient et se d\u00e9veloppent dans les entreprises, notamment sous l\u2019impulsion de nouvelles normes qui placent le management des risques au coeur des pr\u00e9occupations. Si les grandes entreprises sont plus susceptibles d\u2019adopter une approche holistique et formelle, l\u2019enjeu n\u2019est pas moins important pour les PME. Au contraire, la gestion [&hellip;]\" \/>\n<meta property=\"og:url\" content=\"https:\/\/www.istegroup.com\/fr\/produit\/la-gestion-des-risques-dans-les-pme\/\" \/>\n<meta property=\"og:site_name\" content=\"ISTE Group\" \/>\n<meta property=\"article:modified_time\" content=\"2024-01-03T13:41:42+00:00\" \/>\n<meta property=\"og:image\" content=\"https:\/\/www.istegroup.com\/wp-content\/uploads\/2019\/03\/Berard_Front_Fnege.jpg\" \/>\n\t<meta property=\"og:image:width\" content=\"604\" \/>\n\t<meta property=\"og:image:height\" content=\"907\" \/>\n\t<meta property=\"og:image:type\" content=\"image\/jpeg\" \/>\n<meta name=\"twitter:card\" content=\"summary_large_image\" \/>\n<meta name=\"twitter:label1\" content=\"Est. reading time\" \/>\n\t<meta name=\"twitter:data1\" content=\"1 minute\" \/>\n<script type=\"application\/ld+json\" class=\"yoast-schema-graph\">{\"@context\":\"https:\/\/schema.org\",\"@graph\":[{\"@type\":\"WebPage\",\"@id\":\"https:\/\/www.istegroup.com\/fr\/produit\/la-gestion-des-risques-dans-les-pme\/\",\"url\":\"https:\/\/www.istegroup.com\/fr\/produit\/la-gestion-des-risques-dans-les-pme\/\",\"name\":\"La gestion des risques dans les PME - ISTE Group\",\"isPartOf\":{\"@id\":\"https:\/\/www.istegroup.com\/#website\"},\"primaryImageOfPage\":{\"@id\":\"https:\/\/www.istegroup.com\/fr\/produit\/la-gestion-des-risques-dans-les-pme\/#primaryimage\"},\"image\":{\"@id\":\"https:\/\/www.istegroup.com\/fr\/produit\/la-gestion-des-risques-dans-les-pme\/#primaryimage\"},\"thumbnailUrl\":\"https:\/\/www.istegroup.com\/wp-content\/uploads\/2019\/03\/Berard_Front_Fnege.jpg\",\"datePublished\":\"2018-03-28T08:56:22+00:00\",\"dateModified\":\"2024-01-03T13:41:42+00:00\",\"breadcrumb\":{\"@id\":\"https:\/\/www.istegroup.com\/fr\/produit\/la-gestion-des-risques-dans-les-pme\/#breadcrumb\"},\"inLanguage\":\"fr-FR\",\"potentialAction\":[{\"@type\":\"ReadAction\",\"target\":[\"https:\/\/www.istegroup.com\/fr\/produit\/la-gestion-des-risques-dans-les-pme\/\"]}]},{\"@type\":\"ImageObject\",\"inLanguage\":\"fr-FR\",\"@id\":\"https:\/\/www.istegroup.com\/fr\/produit\/la-gestion-des-risques-dans-les-pme\/#primaryimage\",\"url\":\"https:\/\/www.istegroup.com\/wp-content\/uploads\/2019\/03\/Berard_Front_Fnege.jpg\",\"contentUrl\":\"https:\/\/www.istegroup.com\/wp-content\/uploads\/2019\/03\/Berard_Front_Fnege.jpg\",\"width\":604,\"height\":907,\"caption\":\"Levier de d\u00e9veloppement et de cr\u00e9ation de valeur partenariale\"},{\"@type\":\"BreadcrumbList\",\"@id\":\"https:\/\/www.istegroup.com\/fr\/produit\/la-gestion-des-risques-dans-les-pme\/#breadcrumb\",\"itemListElement\":[{\"@type\":\"ListItem\",\"position\":1,\"name\":\"Home\",\"item\":\"https:\/\/www.istegroup.com\/\"},{\"@type\":\"ListItem\",\"position\":2,\"name\":\"Shop\",\"item\":\"https:\/\/www.istegroup.com\/fr\/nouveautes\/\"},{\"@type\":\"ListItem\",\"position\":3,\"name\":\"La gestion des risques dans les PME\"}]},{\"@type\":\"WebSite\",\"@id\":\"https:\/\/www.istegroup.com\/#website\",\"url\":\"https:\/\/www.istegroup.com\/\",\"name\":\"ISTE Group\",\"description\":\"\u00c9diteur des Sciences\",\"potentialAction\":[{\"@type\":\"SearchAction\",\"target\":{\"@type\":\"EntryPoint\",\"urlTemplate\":\"https:\/\/www.istegroup.com\/?s={search_term_string}\"},\"query-input\":{\"@type\":\"PropertyValueSpecification\",\"valueRequired\":true,\"valueName\":\"search_term_string\"}}],\"inLanguage\":\"fr-FR\"}]}<\/script>\n<!-- \/ Yoast SEO plugin. -->","yoast_head_json":{"title":"La gestion des risques dans les PME - ISTE Group","robots":{"index":"index","follow":"follow","max-snippet":"max-snippet:-1","max-image-preview":"max-image-preview:large","max-video-preview":"max-video-preview:-1"},"canonical":"https:\/\/www.istegroup.com\/fr\/produit\/la-gestion-des-risques-dans-les-pme\/","og_locale":"fr_FR","og_type":"article","og_title":"La gestion des risques dans les PME - ISTE Group","og_description":"Les pratiques de gestion des risques se multiplient et se d\u00e9veloppent dans les entreprises, notamment sous l\u2019impulsion de nouvelles normes qui placent le management des risques au coeur des pr\u00e9occupations. Si les grandes entreprises sont plus susceptibles d\u2019adopter une approche holistique et formelle, l\u2019enjeu n\u2019est pas moins important pour les PME. Au contraire, la gestion [&hellip;]","og_url":"https:\/\/www.istegroup.com\/fr\/produit\/la-gestion-des-risques-dans-les-pme\/","og_site_name":"ISTE Group","article_modified_time":"2024-01-03T13:41:42+00:00","og_image":[{"width":604,"height":907,"url":"https:\/\/www.istegroup.com\/wp-content\/uploads\/2019\/03\/Berard_Front_Fnege.jpg","type":"image\/jpeg"}],"twitter_card":"summary_large_image","twitter_misc":{"Est. reading time":"1 minute"},"schema":{"@context":"https:\/\/schema.org","@graph":[{"@type":"WebPage","@id":"https:\/\/www.istegroup.com\/fr\/produit\/la-gestion-des-risques-dans-les-pme\/","url":"https:\/\/www.istegroup.com\/fr\/produit\/la-gestion-des-risques-dans-les-pme\/","name":"La gestion des risques dans les PME - ISTE Group","isPartOf":{"@id":"https:\/\/www.istegroup.com\/#website"},"primaryImageOfPage":{"@id":"https:\/\/www.istegroup.com\/fr\/produit\/la-gestion-des-risques-dans-les-pme\/#primaryimage"},"image":{"@id":"https:\/\/www.istegroup.com\/fr\/produit\/la-gestion-des-risques-dans-les-pme\/#primaryimage"},"thumbnailUrl":"https:\/\/www.istegroup.com\/wp-content\/uploads\/2019\/03\/Berard_Front_Fnege.jpg","datePublished":"2018-03-28T08:56:22+00:00","dateModified":"2024-01-03T13:41:42+00:00","breadcrumb":{"@id":"https:\/\/www.istegroup.com\/fr\/produit\/la-gestion-des-risques-dans-les-pme\/#breadcrumb"},"inLanguage":"fr-FR","potentialAction":[{"@type":"ReadAction","target":["https:\/\/www.istegroup.com\/fr\/produit\/la-gestion-des-risques-dans-les-pme\/"]}]},{"@type":"ImageObject","inLanguage":"fr-FR","@id":"https:\/\/www.istegroup.com\/fr\/produit\/la-gestion-des-risques-dans-les-pme\/#primaryimage","url":"https:\/\/www.istegroup.com\/wp-content\/uploads\/2019\/03\/Berard_Front_Fnege.jpg","contentUrl":"https:\/\/www.istegroup.com\/wp-content\/uploads\/2019\/03\/Berard_Front_Fnege.jpg","width":604,"height":907,"caption":"Levier de d\u00e9veloppement et de cr\u00e9ation de valeur partenariale"},{"@type":"BreadcrumbList","@id":"https:\/\/www.istegroup.com\/fr\/produit\/la-gestion-des-risques-dans-les-pme\/#breadcrumb","itemListElement":[{"@type":"ListItem","position":1,"name":"Home","item":"https:\/\/www.istegroup.com\/"},{"@type":"ListItem","position":2,"name":"Shop","item":"https:\/\/www.istegroup.com\/fr\/nouveautes\/"},{"@type":"ListItem","position":3,"name":"La gestion des risques dans les PME"}]},{"@type":"WebSite","@id":"https:\/\/www.istegroup.com\/#website","url":"https:\/\/www.istegroup.com\/","name":"ISTE Group","description":"\u00c9diteur des Sciences","potentialAction":[{"@type":"SearchAction","target":{"@type":"EntryPoint","urlTemplate":"https:\/\/www.istegroup.com\/?s={search_term_string}"},"query-input":{"@type":"PropertyValueSpecification","valueRequired":true,"valueName":"search_term_string"}}],"inLanguage":"fr-FR"}]}},"_links":{"self":[{"href":"https:\/\/www.istegroup.com\/fr\/wp-json\/wp\/v2\/product\/11608","targetHints":{"allow":["GET"]}}],"collection":[{"href":"https:\/\/www.istegroup.com\/fr\/wp-json\/wp\/v2\/product"}],"about":[{"href":"https:\/\/www.istegroup.com\/fr\/wp-json\/wp\/v2\/types\/product"}],"wp:featuredmedia":[{"embeddable":true,"href":"https:\/\/www.istegroup.com\/fr\/wp-json\/wp\/v2\/media\/18432"}],"wp:attachment":[{"href":"https:\/\/www.istegroup.com\/fr\/wp-json\/wp\/v2\/media?parent=11608"}],"wp:term":[{"taxonomy":"product_brand","embeddable":true,"href":"https:\/\/www.istegroup.com\/fr\/wp-json\/wp\/v2\/product_brand?post=11608"},{"taxonomy":"product_cat","embeddable":true,"href":"https:\/\/www.istegroup.com\/fr\/wp-json\/wp\/v2\/product_cat?post=11608"},{"taxonomy":"product_tag","embeddable":true,"href":"https:\/\/www.istegroup.com\/fr\/wp-json\/wp\/v2\/product_tag?post=11608"}],"curies":[{"name":"wp","href":"https:\/\/api.w.org\/{rel}","templated":true}]}}