{"id":11569,"date":"2018-03-27T18:48:35","date_gmt":"2018-03-27T16:48:35","guid":{"rendered":"https:\/\/iste.yhello.co\/?post_type=product&#038;p=11569"},"modified":"2024-01-03T13:41:37","modified_gmt":"2024-01-03T13:41:37","slug":"lere-du-numerique-1","status":"publish","type":"product","link":"https:\/\/www.istegroup.com\/fr\/produit\/lere-du-numerique-1\/","title":{"rendered":"L&rsquo;\u00e8re du num\u00e9rique 1"},"content":{"rendered":"<p>Pendant 200 ans, l&rsquo;industrie ma\u00eetrisa le fer, le feu, la force et l&rsquo;\u00e9nergie. Aujourd&rsquo;hui, en y int\u00e9grant des puces, l&rsquo;\u00e9lectronique fa\u00e7onne nos objets usuels : ordinateurs, t\u00e9l\u00e9phones, cl\u00e9s, jeux, \u00e9lectrom\u00e9nager, etc. Donn\u00e9es, logiciels et calculs encadrent la conduite des hommes et l&rsquo;administration des choses. Tout se traduit en donn\u00e9es : le chiffre est roi.<\/p>\n<p>Compos\u00e9 de trois volumes,\u00a0<em>L\u2019\u00e8re du num\u00e9rique<\/em>\u00a0explore les ph\u00e9nom\u00e8nes techniques, \u00e9conomiques et sociaux qui r\u00e9sultent de la g\u00e9n\u00e9ralisation d\u2019Internet.<\/p>\n<p>Ce premier ouvrage analyse l&rsquo;enjeu des donn\u00e9es massives qui s&rsquo;accumulent sur les plates-formes Internet et gardent la trace de l\u2019activit\u00e9 des hommes et des connaissances. Il offre une large vari\u00e9t\u00e9 de cas concrets pour illustrer l\u2019impact du num\u00e9rique sur l\u2019\u00e9volution de la soci\u00e9t\u00e9 humaine.<\/p>\n","protected":false},"excerpt":{"rendered":"<p>Pendant 200 ans, l&rsquo;industrie ma\u00eetrisa le fer, le feu, la force et l&rsquo;\u00e9nergie. Aujourd&rsquo;hui, en y int\u00e9grant des puces, l&rsquo;\u00e9lectronique fa\u00e7onne nos objets usuels : ordinateurs, t\u00e9l\u00e9phones, cl\u00e9s, jeux, \u00e9lectrom\u00e9nager, etc. Donn\u00e9es, logiciels et calculs encadrent la conduite des hommes et l&rsquo;administration des choses. Tout se traduit en donn\u00e9es : le chiffre est roi. Compos\u00e9 [&hellip;]<\/p>\n","protected":false},"featured_media":11575,"template":"","meta":{"_acf_changed":false,"_links_to":"","_links_to_target":""},"product_brand":[],"product_cat":[3262],"product_tag":[31,18,19,20,3624,21,22,3623,3622,25,26,27,28],"class_list":{"0":"post-11569","1":"product","2":"type-product","3":"status-publish","4":"has-post-thumbnail","6":"product_cat-non-classe","7":"product_tag-ebook","8":"product_tag-edition-scientifique","9":"product_tag-editions-francaise","10":"product_tag-editions-technique","11":"product_tag-enjeux-des-donnees-massives","12":"product_tag-iste-group","13":"product_tag-istegroup","14":"product_tag-jean-pierre-chamoux","15":"product_tag-lere-du-numerique-1","16":"product_tag-livre-numerique","17":"product_tag-livre-scientifique-francais","18":"product_tag-livre-technique-francais","19":"product_tag-ouvrage-scientifique-francais","21":"first","22":"instock","23":"shipping-taxable","24":"purchasable","25":"product-type-variable"},"acf":[],"yoast_head":"<!-- This site is optimized with the Yoast SEO plugin v27.2 - https:\/\/yoast.com\/product\/yoast-seo-wordpress\/ -->\n<title>L&#039;\u00e8re du num\u00e9rique 1 - ISTE Group<\/title>\n<meta name=\"description\" content=\"L&#039;\u00e8re du num\u00e9rique 1 analyse l&#039;enjeu des donn\u00e9es massives qui s&#039;accumulent sur les plates-formes Internet et gardent la trace de l\u2019activit\u00e9 des hommes et des connaissances.\" \/>\n<meta name=\"robots\" content=\"index, follow, max-snippet:-1, max-image-preview:large, max-video-preview:-1\" \/>\n<link rel=\"canonical\" href=\"https:\/\/www.istegroup.com\/en\/produit\/lere-du-numerique-1\/\" \/>\n<meta property=\"og:locale\" content=\"fr_FR\" \/>\n<meta property=\"og:type\" content=\"article\" \/>\n<meta property=\"og:title\" content=\"L&#039;\u00e8re du num\u00e9rique 1 - ISTE Group\" \/>\n<meta property=\"og:description\" content=\"L&#039;\u00e8re du num\u00e9rique 1 analyse l&#039;enjeu des donn\u00e9es massives qui s&#039;accumulent sur les plates-formes Internet et gardent la trace de l\u2019activit\u00e9 des hommes et des connaissances.\" \/>\n<meta property=\"og:url\" content=\"https:\/\/www.istegroup.com\/en\/produit\/lere-du-numerique-1\/\" \/>\n<meta property=\"og:site_name\" content=\"ISTE Group\" \/>\n<meta property=\"article:modified_time\" content=\"2024-01-03T13:41:37+00:00\" \/>\n<meta property=\"og:image\" content=\"https:\/\/www.istegroup.com\/wp-content\/uploads\/2018\/03\/Chamoux_Front-scaled.jpg\" \/>\n\t<meta property=\"og:image:width\" content=\"1700\" \/>\n\t<meta property=\"og:image:height\" content=\"2560\" \/>\n\t<meta property=\"og:image:type\" content=\"image\/jpeg\" \/>\n<meta name=\"twitter:card\" content=\"summary_large_image\" \/>\n<meta name=\"twitter:label1\" content=\"Est. reading time\" \/>\n\t<meta name=\"twitter:data1\" content=\"1 minute\" \/>\n<script type=\"application\/ld+json\" class=\"yoast-schema-graph\">{\"@context\":\"https:\/\/schema.org\",\"@graph\":[{\"@type\":\"WebPage\",\"@id\":\"https:\/\/www.istegroup.com\/en\/produit\/lere-du-numerique-1\/\",\"url\":\"https:\/\/www.istegroup.com\/en\/produit\/lere-du-numerique-1\/\",\"name\":\"L'\u00e8re du num\u00e9rique 1 - ISTE Group\",\"isPartOf\":{\"@id\":\"https:\/\/www.istegroup.com\/#website\"},\"primaryImageOfPage\":{\"@id\":\"https:\/\/www.istegroup.com\/en\/produit\/lere-du-numerique-1\/#primaryimage\"},\"image\":{\"@id\":\"https:\/\/www.istegroup.com\/en\/produit\/lere-du-numerique-1\/#primaryimage\"},\"thumbnailUrl\":\"https:\/\/www.istegroup.com\/wp-content\/uploads\/2018\/03\/Chamoux_Front-scaled.jpg\",\"datePublished\":\"2018-03-27T16:48:35+00:00\",\"dateModified\":\"2024-01-03T13:41:37+00:00\",\"description\":\"L'\u00e8re du num\u00e9rique 1 analyse l'enjeu des donn\u00e9es massives qui s'accumulent sur les plates-formes Internet et gardent la trace de l\u2019activit\u00e9 des hommes et des connaissances.\",\"breadcrumb\":{\"@id\":\"https:\/\/www.istegroup.com\/en\/produit\/lere-du-numerique-1\/#breadcrumb\"},\"inLanguage\":\"fr-FR\",\"potentialAction\":[{\"@type\":\"ReadAction\",\"target\":[\"https:\/\/www.istegroup.com\/en\/produit\/lere-du-numerique-1\/\"]}]},{\"@type\":\"ImageObject\",\"inLanguage\":\"fr-FR\",\"@id\":\"https:\/\/www.istegroup.com\/en\/produit\/lere-du-numerique-1\/#primaryimage\",\"url\":\"https:\/\/www.istegroup.com\/wp-content\/uploads\/2018\/03\/Chamoux_Front-scaled.jpg\",\"contentUrl\":\"https:\/\/www.istegroup.com\/wp-content\/uploads\/2018\/03\/Chamoux_Front-scaled.jpg\",\"width\":1700,\"height\":2560,\"caption\":\"Enjeux des donn\u00e9es massives\"},{\"@type\":\"BreadcrumbList\",\"@id\":\"https:\/\/www.istegroup.com\/en\/produit\/lere-du-numerique-1\/#breadcrumb\",\"itemListElement\":[{\"@type\":\"ListItem\",\"position\":1,\"name\":\"Home\",\"item\":\"https:\/\/www.istegroup.com\/\"},{\"@type\":\"ListItem\",\"position\":2,\"name\":\"Shop\",\"item\":\"https:\/\/www.istegroup.com\/fr\/nouveautes\/\"},{\"@type\":\"ListItem\",\"position\":3,\"name\":\"L&#8217;\u00e8re du num\u00e9rique 1\"}]},{\"@type\":\"WebSite\",\"@id\":\"https:\/\/www.istegroup.com\/#website\",\"url\":\"https:\/\/www.istegroup.com\/\",\"name\":\"ISTE Group\",\"description\":\"\u00c9diteur des Sciences\",\"potentialAction\":[{\"@type\":\"SearchAction\",\"target\":{\"@type\":\"EntryPoint\",\"urlTemplate\":\"https:\/\/www.istegroup.com\/?s={search_term_string}\"},\"query-input\":{\"@type\":\"PropertyValueSpecification\",\"valueRequired\":true,\"valueName\":\"search_term_string\"}}],\"inLanguage\":\"fr-FR\"}]}<\/script>\n<!-- \/ Yoast SEO plugin. -->","yoast_head_json":{"title":"L'\u00e8re du num\u00e9rique 1 - ISTE Group","description":"L'\u00e8re du num\u00e9rique 1 analyse l'enjeu des donn\u00e9es massives qui s'accumulent sur les plates-formes Internet et gardent la trace de l\u2019activit\u00e9 des hommes et des connaissances.","robots":{"index":"index","follow":"follow","max-snippet":"max-snippet:-1","max-image-preview":"max-image-preview:large","max-video-preview":"max-video-preview:-1"},"canonical":"https:\/\/www.istegroup.com\/en\/produit\/lere-du-numerique-1\/","og_locale":"fr_FR","og_type":"article","og_title":"L'\u00e8re du num\u00e9rique 1 - ISTE Group","og_description":"L'\u00e8re du num\u00e9rique 1 analyse l'enjeu des donn\u00e9es massives qui s'accumulent sur les plates-formes Internet et gardent la trace de l\u2019activit\u00e9 des hommes et des connaissances.","og_url":"https:\/\/www.istegroup.com\/en\/produit\/lere-du-numerique-1\/","og_site_name":"ISTE Group","article_modified_time":"2024-01-03T13:41:37+00:00","og_image":[{"width":1700,"height":2560,"url":"https:\/\/www.istegroup.com\/wp-content\/uploads\/2018\/03\/Chamoux_Front-scaled.jpg","type":"image\/jpeg"}],"twitter_card":"summary_large_image","twitter_misc":{"Est. reading time":"1 minute"},"schema":{"@context":"https:\/\/schema.org","@graph":[{"@type":"WebPage","@id":"https:\/\/www.istegroup.com\/en\/produit\/lere-du-numerique-1\/","url":"https:\/\/www.istegroup.com\/en\/produit\/lere-du-numerique-1\/","name":"L'\u00e8re du num\u00e9rique 1 - ISTE Group","isPartOf":{"@id":"https:\/\/www.istegroup.com\/#website"},"primaryImageOfPage":{"@id":"https:\/\/www.istegroup.com\/en\/produit\/lere-du-numerique-1\/#primaryimage"},"image":{"@id":"https:\/\/www.istegroup.com\/en\/produit\/lere-du-numerique-1\/#primaryimage"},"thumbnailUrl":"https:\/\/www.istegroup.com\/wp-content\/uploads\/2018\/03\/Chamoux_Front-scaled.jpg","datePublished":"2018-03-27T16:48:35+00:00","dateModified":"2024-01-03T13:41:37+00:00","description":"L'\u00e8re du num\u00e9rique 1 analyse l'enjeu des donn\u00e9es massives qui s'accumulent sur les plates-formes Internet et gardent la trace de l\u2019activit\u00e9 des hommes et des connaissances.","breadcrumb":{"@id":"https:\/\/www.istegroup.com\/en\/produit\/lere-du-numerique-1\/#breadcrumb"},"inLanguage":"fr-FR","potentialAction":[{"@type":"ReadAction","target":["https:\/\/www.istegroup.com\/en\/produit\/lere-du-numerique-1\/"]}]},{"@type":"ImageObject","inLanguage":"fr-FR","@id":"https:\/\/www.istegroup.com\/en\/produit\/lere-du-numerique-1\/#primaryimage","url":"https:\/\/www.istegroup.com\/wp-content\/uploads\/2018\/03\/Chamoux_Front-scaled.jpg","contentUrl":"https:\/\/www.istegroup.com\/wp-content\/uploads\/2018\/03\/Chamoux_Front-scaled.jpg","width":1700,"height":2560,"caption":"Enjeux des donn\u00e9es massives"},{"@type":"BreadcrumbList","@id":"https:\/\/www.istegroup.com\/en\/produit\/lere-du-numerique-1\/#breadcrumb","itemListElement":[{"@type":"ListItem","position":1,"name":"Home","item":"https:\/\/www.istegroup.com\/"},{"@type":"ListItem","position":2,"name":"Shop","item":"https:\/\/www.istegroup.com\/fr\/nouveautes\/"},{"@type":"ListItem","position":3,"name":"L&#8217;\u00e8re du num\u00e9rique 1"}]},{"@type":"WebSite","@id":"https:\/\/www.istegroup.com\/#website","url":"https:\/\/www.istegroup.com\/","name":"ISTE Group","description":"\u00c9diteur des Sciences","potentialAction":[{"@type":"SearchAction","target":{"@type":"EntryPoint","urlTemplate":"https:\/\/www.istegroup.com\/?s={search_term_string}"},"query-input":{"@type":"PropertyValueSpecification","valueRequired":true,"valueName":"search_term_string"}}],"inLanguage":"fr-FR"}]}},"_links":{"self":[{"href":"https:\/\/www.istegroup.com\/fr\/wp-json\/wp\/v2\/product\/11569","targetHints":{"allow":["GET"]}}],"collection":[{"href":"https:\/\/www.istegroup.com\/fr\/wp-json\/wp\/v2\/product"}],"about":[{"href":"https:\/\/www.istegroup.com\/fr\/wp-json\/wp\/v2\/types\/product"}],"wp:featuredmedia":[{"embeddable":true,"href":"https:\/\/www.istegroup.com\/fr\/wp-json\/wp\/v2\/media\/11575"}],"wp:attachment":[{"href":"https:\/\/www.istegroup.com\/fr\/wp-json\/wp\/v2\/media?parent=11569"}],"wp:term":[{"taxonomy":"product_brand","embeddable":true,"href":"https:\/\/www.istegroup.com\/fr\/wp-json\/wp\/v2\/product_brand?post=11569"},{"taxonomy":"product_cat","embeddable":true,"href":"https:\/\/www.istegroup.com\/fr\/wp-json\/wp\/v2\/product_cat?post=11569"},{"taxonomy":"product_tag","embeddable":true,"href":"https:\/\/www.istegroup.com\/fr\/wp-json\/wp\/v2\/product_tag?post=11569"}],"curies":[{"name":"wp","href":"https:\/\/api.w.org\/{rel}","templated":true}]}}