{"id":11552,"date":"2018-03-27T18:17:53","date_gmt":"2018-03-27T16:17:53","guid":{"rendered":"https:\/\/iste.yhello.co\/?post_type=product&#038;p=11552"},"modified":"2024-01-03T13:41:37","modified_gmt":"2024-01-03T13:41:37","slug":"le-lanceur-proton","status":"publish","type":"product","link":"https:\/\/www.istegroup.com\/fr\/produit\/le-lanceur-proton\/","title":{"rendered":"Le lanceur Proton"},"content":{"rendered":"<p>Le lanceur Proton, qui a \u00e9t\u00e9 lanc\u00e9 \u00e0 plus de 410 exemplaires depuis 1965, a \u00e9t\u00e9 le principal concurrent du lanceur europ\u00e9en Ariane sur le march\u00e9 commercial. Il fut d\u00e9velopp\u00e9 par le constructeur Vladimir Tchelomei, qui h\u00e9rita du missile allemand V-1 en 1944, r\u00e9alisa des missiles navals, puis devint le principal concurrent de Serguei Korolev, le p\u00e8re du programme spatial sovi\u00e9tique.<\/p>\n<p>Cet ouvrage est divis\u00e9 en deux parties : \u00ab le Proton \u00e0 l\u2019Est \u00bb raconte l\u2019histoire du lanceur en URSS\/Russie, tandis que \u00ab le Proton \u00e0 l\u2019Ouest \u00bb porte sur l\u2019histoire de la commercialisation du lanceur en occident par la soci\u00e9t\u00e9 am\u00e9ricano-russe International Launch Services (ILS) fond\u00e9e en 1995. L\u2019ouvrage int\u00e8gre les derni\u00e8res informations r\u00e9cemment d\u00e9voil\u00e9es par la Russie.<\/p>\n","protected":false},"excerpt":{"rendered":"<p>Le lanceur Proton, qui a \u00e9t\u00e9 lanc\u00e9 \u00e0 plus de 410 exemplaires depuis 1965, a \u00e9t\u00e9 le principal concurrent du lanceur europ\u00e9en Ariane sur le march\u00e9 commercial. Il fut d\u00e9velopp\u00e9 par le constructeur Vladimir Tchelomei, qui h\u00e9rita du missile allemand V-1 en 1944, r\u00e9alisa des missiles navals, puis devint le principal concurrent de Serguei Korolev, [&hellip;]<\/p>\n","protected":false},"featured_media":11561,"template":"","meta":{"_acf_changed":false,"_links_to":"","_links_to_target":""},"product_brand":[],"product_cat":[3262],"product_tag":[3631,18,19,20,3630,21,22,3629,25,26,27,28,29,3628,3627],"class_list":{"0":"post-11552","1":"product","2":"type-product","3":"status-publish","4":"has-post-thumbnail","6":"product_cat-non-classe","7":"product_tag-christian-lardier","8":"product_tag-edition-scientifique","9":"product_tag-editions-francaise","10":"product_tag-editions-technique","11":"product_tag-historique-et-commercialisation","12":"product_tag-iste-group","13":"product_tag-istegroup","14":"product_tag-le-lanceur-proton","15":"product_tag-livre-numerique","16":"product_tag-livre-scientifique-francais","17":"product_tag-livre-technique-francais","18":"product_tag-ouvrage-scientifique-francais","19":"product_tag-ouvrage-technique","20":"product_tag-spatiologie","21":"product_tag-stefan-barensky","23":"first","24":"instock","25":"shipping-taxable","26":"purchasable","27":"product-type-variable"},"acf":[],"yoast_head":"<!-- This site is optimized with the Yoast SEO plugin v27.2 - https:\/\/yoast.com\/product\/yoast-seo-wordpress\/ -->\n<title>Le lanceur Proton - ISTE Group<\/title>\n<meta name=\"description\" content=\"Cet ouvrage est divis\u00e9 en deux parties : \u00ab le Proton \u00e0 l\u2019Est \u00bb raconte l\u2019histoire du lanceur en URSS\/Russie, tandis que \u00ab le Proton \u00e0 l\u2019Ouest \u00bb porte sur l\u2019histoire de la commercialisation du lanceur en occident par la soci\u00e9t\u00e9 am\u00e9ricano-russe International Launch Services (ILS) fond\u00e9e en 1995.\" \/>\n<meta name=\"robots\" content=\"index, follow, max-snippet:-1, max-image-preview:large, max-video-preview:-1\" \/>\n<link rel=\"canonical\" href=\"https:\/\/www.istegroup.com\/en\/produit\/le-lanceur-proton\/\" \/>\n<meta property=\"og:locale\" content=\"fr_FR\" \/>\n<meta property=\"og:type\" content=\"article\" \/>\n<meta property=\"og:title\" content=\"Le lanceur Proton - ISTE Group\" \/>\n<meta property=\"og:description\" content=\"Cet ouvrage est divis\u00e9 en deux parties : \u00ab le Proton \u00e0 l\u2019Est \u00bb raconte l\u2019histoire du lanceur en URSS\/Russie, tandis que \u00ab le Proton \u00e0 l\u2019Ouest \u00bb porte sur l\u2019histoire de la commercialisation du lanceur en occident par la soci\u00e9t\u00e9 am\u00e9ricano-russe International Launch Services (ILS) fond\u00e9e en 1995.\" \/>\n<meta property=\"og:url\" content=\"https:\/\/www.istegroup.com\/en\/produit\/le-lanceur-proton\/\" \/>\n<meta property=\"og:site_name\" content=\"ISTE Group\" \/>\n<meta property=\"article:modified_time\" content=\"2024-01-03T13:41:37+00:00\" \/>\n<meta property=\"og:image\" content=\"https:\/\/www.istegroup.com\/wp-content\/uploads\/2018\/03\/Lardier_Front-scaled.jpg\" \/>\n\t<meta property=\"og:image:width\" content=\"1706\" \/>\n\t<meta property=\"og:image:height\" content=\"2560\" \/>\n\t<meta property=\"og:image:type\" content=\"image\/jpeg\" \/>\n<meta name=\"twitter:card\" content=\"summary_large_image\" \/>\n<meta name=\"twitter:label1\" content=\"Est. reading time\" \/>\n\t<meta name=\"twitter:data1\" content=\"1 minute\" \/>\n<script type=\"application\/ld+json\" class=\"yoast-schema-graph\">{\"@context\":\"https:\/\/schema.org\",\"@graph\":[{\"@type\":\"WebPage\",\"@id\":\"https:\/\/www.istegroup.com\/en\/produit\/le-lanceur-proton\/\",\"url\":\"https:\/\/www.istegroup.com\/en\/produit\/le-lanceur-proton\/\",\"name\":\"Le lanceur Proton - ISTE Group\",\"isPartOf\":{\"@id\":\"https:\/\/www.istegroup.com\/#website\"},\"primaryImageOfPage\":{\"@id\":\"https:\/\/www.istegroup.com\/en\/produit\/le-lanceur-proton\/#primaryimage\"},\"image\":{\"@id\":\"https:\/\/www.istegroup.com\/en\/produit\/le-lanceur-proton\/#primaryimage\"},\"thumbnailUrl\":\"https:\/\/www.istegroup.com\/wp-content\/uploads\/2018\/03\/Lardier_Front-scaled.jpg\",\"datePublished\":\"2018-03-27T16:17:53+00:00\",\"dateModified\":\"2024-01-03T13:41:37+00:00\",\"description\":\"Cet ouvrage est divis\u00e9 en deux parties : \u00ab le Proton \u00e0 l\u2019Est \u00bb raconte l\u2019histoire du lanceur en URSS\/Russie, tandis que \u00ab le Proton \u00e0 l\u2019Ouest \u00bb porte sur l\u2019histoire de la commercialisation du lanceur en occident par la soci\u00e9t\u00e9 am\u00e9ricano-russe International Launch Services (ILS) fond\u00e9e en 1995.\",\"breadcrumb\":{\"@id\":\"https:\/\/www.istegroup.com\/en\/produit\/le-lanceur-proton\/#breadcrumb\"},\"inLanguage\":\"fr-FR\",\"potentialAction\":[{\"@type\":\"ReadAction\",\"target\":[\"https:\/\/www.istegroup.com\/en\/produit\/le-lanceur-proton\/\"]}]},{\"@type\":\"ImageObject\",\"inLanguage\":\"fr-FR\",\"@id\":\"https:\/\/www.istegroup.com\/en\/produit\/le-lanceur-proton\/#primaryimage\",\"url\":\"https:\/\/www.istegroup.com\/wp-content\/uploads\/2018\/03\/Lardier_Front-scaled.jpg\",\"contentUrl\":\"https:\/\/www.istegroup.com\/wp-content\/uploads\/2018\/03\/Lardier_Front-scaled.jpg\",\"width\":1706,\"height\":2560,\"caption\":\"Historique et commercialisation\"},{\"@type\":\"BreadcrumbList\",\"@id\":\"https:\/\/www.istegroup.com\/en\/produit\/le-lanceur-proton\/#breadcrumb\",\"itemListElement\":[{\"@type\":\"ListItem\",\"position\":1,\"name\":\"Home\",\"item\":\"https:\/\/www.istegroup.com\/\"},{\"@type\":\"ListItem\",\"position\":2,\"name\":\"Shop\",\"item\":\"https:\/\/www.istegroup.com\/fr\/nouveautes\/\"},{\"@type\":\"ListItem\",\"position\":3,\"name\":\"Le lanceur Proton\"}]},{\"@type\":\"WebSite\",\"@id\":\"https:\/\/www.istegroup.com\/#website\",\"url\":\"https:\/\/www.istegroup.com\/\",\"name\":\"ISTE Group\",\"description\":\"\u00c9diteur des Sciences\",\"potentialAction\":[{\"@type\":\"SearchAction\",\"target\":{\"@type\":\"EntryPoint\",\"urlTemplate\":\"https:\/\/www.istegroup.com\/?s={search_term_string}\"},\"query-input\":{\"@type\":\"PropertyValueSpecification\",\"valueRequired\":true,\"valueName\":\"search_term_string\"}}],\"inLanguage\":\"fr-FR\"}]}<\/script>\n<!-- \/ Yoast SEO plugin. -->","yoast_head_json":{"title":"Le lanceur Proton - ISTE Group","description":"Cet ouvrage est divis\u00e9 en deux parties : \u00ab le Proton \u00e0 l\u2019Est \u00bb raconte l\u2019histoire du lanceur en URSS\/Russie, tandis que \u00ab le Proton \u00e0 l\u2019Ouest \u00bb porte sur l\u2019histoire de la commercialisation du lanceur en occident par la soci\u00e9t\u00e9 am\u00e9ricano-russe International Launch Services (ILS) fond\u00e9e en 1995.","robots":{"index":"index","follow":"follow","max-snippet":"max-snippet:-1","max-image-preview":"max-image-preview:large","max-video-preview":"max-video-preview:-1"},"canonical":"https:\/\/www.istegroup.com\/en\/produit\/le-lanceur-proton\/","og_locale":"fr_FR","og_type":"article","og_title":"Le lanceur Proton - ISTE Group","og_description":"Cet ouvrage est divis\u00e9 en deux parties : \u00ab le Proton \u00e0 l\u2019Est \u00bb raconte l\u2019histoire du lanceur en URSS\/Russie, tandis que \u00ab le Proton \u00e0 l\u2019Ouest \u00bb porte sur l\u2019histoire de la commercialisation du lanceur en occident par la soci\u00e9t\u00e9 am\u00e9ricano-russe International Launch Services (ILS) fond\u00e9e en 1995.","og_url":"https:\/\/www.istegroup.com\/en\/produit\/le-lanceur-proton\/","og_site_name":"ISTE Group","article_modified_time":"2024-01-03T13:41:37+00:00","og_image":[{"width":1706,"height":2560,"url":"https:\/\/www.istegroup.com\/wp-content\/uploads\/2018\/03\/Lardier_Front-scaled.jpg","type":"image\/jpeg"}],"twitter_card":"summary_large_image","twitter_misc":{"Est. reading time":"1 minute"},"schema":{"@context":"https:\/\/schema.org","@graph":[{"@type":"WebPage","@id":"https:\/\/www.istegroup.com\/en\/produit\/le-lanceur-proton\/","url":"https:\/\/www.istegroup.com\/en\/produit\/le-lanceur-proton\/","name":"Le lanceur Proton - ISTE Group","isPartOf":{"@id":"https:\/\/www.istegroup.com\/#website"},"primaryImageOfPage":{"@id":"https:\/\/www.istegroup.com\/en\/produit\/le-lanceur-proton\/#primaryimage"},"image":{"@id":"https:\/\/www.istegroup.com\/en\/produit\/le-lanceur-proton\/#primaryimage"},"thumbnailUrl":"https:\/\/www.istegroup.com\/wp-content\/uploads\/2018\/03\/Lardier_Front-scaled.jpg","datePublished":"2018-03-27T16:17:53+00:00","dateModified":"2024-01-03T13:41:37+00:00","description":"Cet ouvrage est divis\u00e9 en deux parties : \u00ab le Proton \u00e0 l\u2019Est \u00bb raconte l\u2019histoire du lanceur en URSS\/Russie, tandis que \u00ab le Proton \u00e0 l\u2019Ouest \u00bb porte sur l\u2019histoire de la commercialisation du lanceur en occident par la soci\u00e9t\u00e9 am\u00e9ricano-russe International Launch Services (ILS) fond\u00e9e en 1995.","breadcrumb":{"@id":"https:\/\/www.istegroup.com\/en\/produit\/le-lanceur-proton\/#breadcrumb"},"inLanguage":"fr-FR","potentialAction":[{"@type":"ReadAction","target":["https:\/\/www.istegroup.com\/en\/produit\/le-lanceur-proton\/"]}]},{"@type":"ImageObject","inLanguage":"fr-FR","@id":"https:\/\/www.istegroup.com\/en\/produit\/le-lanceur-proton\/#primaryimage","url":"https:\/\/www.istegroup.com\/wp-content\/uploads\/2018\/03\/Lardier_Front-scaled.jpg","contentUrl":"https:\/\/www.istegroup.com\/wp-content\/uploads\/2018\/03\/Lardier_Front-scaled.jpg","width":1706,"height":2560,"caption":"Historique et commercialisation"},{"@type":"BreadcrumbList","@id":"https:\/\/www.istegroup.com\/en\/produit\/le-lanceur-proton\/#breadcrumb","itemListElement":[{"@type":"ListItem","position":1,"name":"Home","item":"https:\/\/www.istegroup.com\/"},{"@type":"ListItem","position":2,"name":"Shop","item":"https:\/\/www.istegroup.com\/fr\/nouveautes\/"},{"@type":"ListItem","position":3,"name":"Le lanceur Proton"}]},{"@type":"WebSite","@id":"https:\/\/www.istegroup.com\/#website","url":"https:\/\/www.istegroup.com\/","name":"ISTE Group","description":"\u00c9diteur des Sciences","potentialAction":[{"@type":"SearchAction","target":{"@type":"EntryPoint","urlTemplate":"https:\/\/www.istegroup.com\/?s={search_term_string}"},"query-input":{"@type":"PropertyValueSpecification","valueRequired":true,"valueName":"search_term_string"}}],"inLanguage":"fr-FR"}]}},"_links":{"self":[{"href":"https:\/\/www.istegroup.com\/fr\/wp-json\/wp\/v2\/product\/11552","targetHints":{"allow":["GET"]}}],"collection":[{"href":"https:\/\/www.istegroup.com\/fr\/wp-json\/wp\/v2\/product"}],"about":[{"href":"https:\/\/www.istegroup.com\/fr\/wp-json\/wp\/v2\/types\/product"}],"wp:featuredmedia":[{"embeddable":true,"href":"https:\/\/www.istegroup.com\/fr\/wp-json\/wp\/v2\/media\/11561"}],"wp:attachment":[{"href":"https:\/\/www.istegroup.com\/fr\/wp-json\/wp\/v2\/media?parent=11552"}],"wp:term":[{"taxonomy":"product_brand","embeddable":true,"href":"https:\/\/www.istegroup.com\/fr\/wp-json\/wp\/v2\/product_brand?post=11552"},{"taxonomy":"product_cat","embeddable":true,"href":"https:\/\/www.istegroup.com\/fr\/wp-json\/wp\/v2\/product_cat?post=11552"},{"taxonomy":"product_tag","embeddable":true,"href":"https:\/\/www.istegroup.com\/fr\/wp-json\/wp\/v2\/product_tag?post=11552"}],"curies":[{"name":"wp","href":"https:\/\/api.w.org\/{rel}","templated":true}]}}