{"id":11547,"date":"2018-03-27T18:04:16","date_gmt":"2018-03-27T16:04:16","guid":{"rendered":"https:\/\/iste.yhello.co\/?post_type=product&#038;p=11547"},"modified":"2024-01-03T13:41:37","modified_gmt":"2024-01-03T13:41:37","slug":"le-big-data-pour-les-compagnies-dassurance","status":"publish","type":"product","link":"https:\/\/www.istegroup.com\/fr\/produit\/le-big-data-pour-les-compagnies-dassurance\/","title":{"rendered":"Le big data pour les compagnies d\u2019assurance"},"content":{"rendered":"<p>Cet ouvrage pr\u00e9sente de fa\u00e7on concise l\u2019\u00e9tat de l\u2019art des m\u00e9thodes big data appliqu\u00e9es aux probl\u00e8mes d\u2019assurance, en couvrant l\u2019impact de la \u00ab r\u00e9volution du big data \u00bb dans ce domaine.<\/p>\n<p>Son champ d\u2019\u00e9tude va des m\u00e9thodes classiques de l\u2019analyse des donn\u00e9es \u2013 incluant les m\u00e9thodes d\u2019apprentissage du type \u00ab machine learning \u00bb \u2013 jusqu\u2019\u00e0 l\u2019impact du big data sur le march\u00e9, pr\u00e9sent et futur, de l\u2019assurance.<\/p>\n<p><em>Le big data pour les compagnies d&rsquo;assurance<\/em>\u00a0d\u00e9montre que le big data est essentiel pour le d\u00e9veloppement de l\u2019assurance pour autant que les garde-fous n\u00e9cessaires soient mis en place.<\/p>\n<p>Il s\u2019adresse aux managers des assurances et des banques ainsi qu\u2019aux \u00e9tudiants en master de sciences actuarielles, d\u2019informatique, de finance et de statistique.<br \/>\n&nbsp;<\/p>\n<p><strong>La presse en parle<\/strong><\/p>\n<p><a style=\"color: #1e9691\" href=\"https:\/\/actualitte.com\/article\/105175\/inclassables\/une-societe-de-la-transparence-absolue-prevue-par-la-science-fiction\"><em>actualitte.com, mars 2022<\/em><\/a><\/p>","protected":false},"excerpt":{"rendered":"<p>Cet ouvrage pr\u00e9sente de fa\u00e7on concise l\u2019\u00e9tat de l\u2019art des m\u00e9thodes big data appliqu\u00e9es aux probl\u00e8mes d\u2019assurance, en couvrant l\u2019impact de la \u00ab r\u00e9volution du big data \u00bb dans ce domaine. Son champ d\u2019\u00e9tude va des m\u00e9thodes classiques de l\u2019analyse des donn\u00e9es \u2013 incluant les m\u00e9thodes d\u2019apprentissage du type \u00ab machine learning \u00bb \u2013 jusqu\u2019\u00e0 [&hellip;]<\/p>\n","protected":false},"featured_media":11551,"template":"","meta":{"_acf_changed":false,"_links_to":"","_links_to_target":""},"product_brand":[],"product_cat":[3262],"product_tag":[18,19,20,21,22,3634,3633,25,26,27,3632,28],"class_list":{"0":"post-11547","1":"product","2":"type-product","3":"status-publish","4":"has-post-thumbnail","6":"product_cat-non-classe","7":"product_tag-edition-scientifique","8":"product_tag-editions-francaise","9":"product_tag-editions-technique","10":"product_tag-iste-group","11":"product_tag-istegroup","12":"product_tag-jacques-janssen","13":"product_tag-le-big-data-pour-les-compagnies-dassurance","14":"product_tag-livre-numerique","15":"product_tag-livre-scientifique-francais","16":"product_tag-livre-technique-francais","17":"product_tag-marine-corlosquet-habart","18":"product_tag-ouvrage-scientifique-francais","20":"first","21":"instock","22":"shipping-taxable","23":"purchasable","24":"product-type-variable"},"acf":[],"yoast_head":"<!-- This site is optimized with the Yoast SEO plugin v27.2 - https:\/\/yoast.com\/product\/yoast-seo-wordpress\/ -->\n<title>Le big data pour les compagnies d\u2019assurance - ISTE Group<\/title>\n<meta name=\"description\" content=\"Le big data pour les compagnies d&#039;assurance\u00a0d\u00e9montre que le big data est essentiel pour le d\u00e9veloppement de l\u2019assurance pour autant que les garde-fous n\u00e9cessaires soient mis en place.\" \/>\n<meta name=\"robots\" content=\"index, follow, max-snippet:-1, max-image-preview:large, max-video-preview:-1\" \/>\n<link rel=\"canonical\" href=\"https:\/\/www.istegroup.com\/fr\/produit\/le-big-data-pour-les-compagnies-dassurance\/\" \/>\n<meta property=\"og:locale\" content=\"fr_FR\" \/>\n<meta property=\"og:type\" content=\"article\" \/>\n<meta property=\"og:title\" content=\"Le big data pour les compagnies d\u2019assurance - ISTE Group\" \/>\n<meta property=\"og:description\" content=\"Le big data pour les compagnies d&#039;assurance\u00a0d\u00e9montre que le big data est essentiel pour le d\u00e9veloppement de l\u2019assurance pour autant que les garde-fous n\u00e9cessaires soient mis en place.\" \/>\n<meta property=\"og:url\" content=\"https:\/\/www.istegroup.com\/fr\/produit\/le-big-data-pour-les-compagnies-dassurance\/\" \/>\n<meta property=\"og:site_name\" content=\"ISTE Group\" \/>\n<meta property=\"article:modified_time\" content=\"2024-01-03T13:41:37+00:00\" \/>\n<meta property=\"og:image\" content=\"https:\/\/www.istegroup.com\/wp-content\/uploads\/2018\/03\/Corlosquet_Front-scaled.jpg\" \/>\n\t<meta property=\"og:image:width\" content=\"1713\" \/>\n\t<meta property=\"og:image:height\" content=\"2560\" \/>\n\t<meta property=\"og:image:type\" content=\"image\/jpeg\" \/>\n<meta name=\"twitter:card\" content=\"summary_large_image\" \/>\n<meta name=\"twitter:label1\" content=\"Est. reading time\" \/>\n\t<meta name=\"twitter:data1\" content=\"1 minute\" \/>\n<script type=\"application\/ld+json\" class=\"yoast-schema-graph\">{\"@context\":\"https:\/\/schema.org\",\"@graph\":[{\"@type\":\"WebPage\",\"@id\":\"https:\/\/www.istegroup.com\/fr\/produit\/le-big-data-pour-les-compagnies-dassurance\/\",\"url\":\"https:\/\/www.istegroup.com\/fr\/produit\/le-big-data-pour-les-compagnies-dassurance\/\",\"name\":\"Le big data pour les compagnies d\u2019assurance - ISTE Group\",\"isPartOf\":{\"@id\":\"https:\/\/www.istegroup.com\/#website\"},\"primaryImageOfPage\":{\"@id\":\"https:\/\/www.istegroup.com\/fr\/produit\/le-big-data-pour-les-compagnies-dassurance\/#primaryimage\"},\"image\":{\"@id\":\"https:\/\/www.istegroup.com\/fr\/produit\/le-big-data-pour-les-compagnies-dassurance\/#primaryimage\"},\"thumbnailUrl\":\"https:\/\/www.istegroup.com\/wp-content\/uploads\/2018\/03\/Corlosquet_Front-scaled.jpg\",\"datePublished\":\"2018-03-27T16:04:16+00:00\",\"dateModified\":\"2024-01-03T13:41:37+00:00\",\"description\":\"Le big data pour les compagnies d'assurance\u00a0d\u00e9montre que le big data est essentiel pour le d\u00e9veloppement de l\u2019assurance pour autant que les garde-fous n\u00e9cessaires soient mis en place.\",\"breadcrumb\":{\"@id\":\"https:\/\/www.istegroup.com\/fr\/produit\/le-big-data-pour-les-compagnies-dassurance\/#breadcrumb\"},\"inLanguage\":\"fr-FR\",\"potentialAction\":[{\"@type\":\"ReadAction\",\"target\":[\"https:\/\/www.istegroup.com\/fr\/produit\/le-big-data-pour-les-compagnies-dassurance\/\"]}]},{\"@type\":\"ImageObject\",\"inLanguage\":\"fr-FR\",\"@id\":\"https:\/\/www.istegroup.com\/fr\/produit\/le-big-data-pour-les-compagnies-dassurance\/#primaryimage\",\"url\":\"https:\/\/www.istegroup.com\/wp-content\/uploads\/2018\/03\/Corlosquet_Front-scaled.jpg\",\"contentUrl\":\"https:\/\/www.istegroup.com\/wp-content\/uploads\/2018\/03\/Corlosquet_Front-scaled.jpg\",\"width\":1713,\"height\":2560,\"caption\":\"Le big data pour les compagnies d\u2019assurance iste group\"},{\"@type\":\"BreadcrumbList\",\"@id\":\"https:\/\/www.istegroup.com\/fr\/produit\/le-big-data-pour-les-compagnies-dassurance\/#breadcrumb\",\"itemListElement\":[{\"@type\":\"ListItem\",\"position\":1,\"name\":\"Home\",\"item\":\"https:\/\/www.istegroup.com\/\"},{\"@type\":\"ListItem\",\"position\":2,\"name\":\"Shop\",\"item\":\"https:\/\/www.istegroup.com\/fr\/nouveautes\/\"},{\"@type\":\"ListItem\",\"position\":3,\"name\":\"Le big data pour les compagnies d\u2019assurance\"}]},{\"@type\":\"WebSite\",\"@id\":\"https:\/\/www.istegroup.com\/#website\",\"url\":\"https:\/\/www.istegroup.com\/\",\"name\":\"ISTE Group\",\"description\":\"\u00c9diteur des Sciences\",\"potentialAction\":[{\"@type\":\"SearchAction\",\"target\":{\"@type\":\"EntryPoint\",\"urlTemplate\":\"https:\/\/www.istegroup.com\/?s={search_term_string}\"},\"query-input\":{\"@type\":\"PropertyValueSpecification\",\"valueRequired\":true,\"valueName\":\"search_term_string\"}}],\"inLanguage\":\"fr-FR\"}]}<\/script>\n<!-- \/ Yoast SEO plugin. -->","yoast_head_json":{"title":"Le big data pour les compagnies d\u2019assurance - ISTE Group","description":"Le big data pour les compagnies d'assurance\u00a0d\u00e9montre que le big data est essentiel pour le d\u00e9veloppement de l\u2019assurance pour autant que les garde-fous n\u00e9cessaires soient mis en place.","robots":{"index":"index","follow":"follow","max-snippet":"max-snippet:-1","max-image-preview":"max-image-preview:large","max-video-preview":"max-video-preview:-1"},"canonical":"https:\/\/www.istegroup.com\/fr\/produit\/le-big-data-pour-les-compagnies-dassurance\/","og_locale":"fr_FR","og_type":"article","og_title":"Le big data pour les compagnies d\u2019assurance - ISTE Group","og_description":"Le big data pour les compagnies d'assurance\u00a0d\u00e9montre que le big data est essentiel pour le d\u00e9veloppement de l\u2019assurance pour autant que les garde-fous n\u00e9cessaires soient mis en place.","og_url":"https:\/\/www.istegroup.com\/fr\/produit\/le-big-data-pour-les-compagnies-dassurance\/","og_site_name":"ISTE Group","article_modified_time":"2024-01-03T13:41:37+00:00","og_image":[{"width":1713,"height":2560,"url":"https:\/\/www.istegroup.com\/wp-content\/uploads\/2018\/03\/Corlosquet_Front-scaled.jpg","type":"image\/jpeg"}],"twitter_card":"summary_large_image","twitter_misc":{"Est. reading time":"1 minute"},"schema":{"@context":"https:\/\/schema.org","@graph":[{"@type":"WebPage","@id":"https:\/\/www.istegroup.com\/fr\/produit\/le-big-data-pour-les-compagnies-dassurance\/","url":"https:\/\/www.istegroup.com\/fr\/produit\/le-big-data-pour-les-compagnies-dassurance\/","name":"Le big data pour les compagnies d\u2019assurance - ISTE Group","isPartOf":{"@id":"https:\/\/www.istegroup.com\/#website"},"primaryImageOfPage":{"@id":"https:\/\/www.istegroup.com\/fr\/produit\/le-big-data-pour-les-compagnies-dassurance\/#primaryimage"},"image":{"@id":"https:\/\/www.istegroup.com\/fr\/produit\/le-big-data-pour-les-compagnies-dassurance\/#primaryimage"},"thumbnailUrl":"https:\/\/www.istegroup.com\/wp-content\/uploads\/2018\/03\/Corlosquet_Front-scaled.jpg","datePublished":"2018-03-27T16:04:16+00:00","dateModified":"2024-01-03T13:41:37+00:00","description":"Le big data pour les compagnies d'assurance\u00a0d\u00e9montre que le big data est essentiel pour le d\u00e9veloppement de l\u2019assurance pour autant que les garde-fous n\u00e9cessaires soient mis en place.","breadcrumb":{"@id":"https:\/\/www.istegroup.com\/fr\/produit\/le-big-data-pour-les-compagnies-dassurance\/#breadcrumb"},"inLanguage":"fr-FR","potentialAction":[{"@type":"ReadAction","target":["https:\/\/www.istegroup.com\/fr\/produit\/le-big-data-pour-les-compagnies-dassurance\/"]}]},{"@type":"ImageObject","inLanguage":"fr-FR","@id":"https:\/\/www.istegroup.com\/fr\/produit\/le-big-data-pour-les-compagnies-dassurance\/#primaryimage","url":"https:\/\/www.istegroup.com\/wp-content\/uploads\/2018\/03\/Corlosquet_Front-scaled.jpg","contentUrl":"https:\/\/www.istegroup.com\/wp-content\/uploads\/2018\/03\/Corlosquet_Front-scaled.jpg","width":1713,"height":2560,"caption":"Le big data pour les compagnies d\u2019assurance iste group"},{"@type":"BreadcrumbList","@id":"https:\/\/www.istegroup.com\/fr\/produit\/le-big-data-pour-les-compagnies-dassurance\/#breadcrumb","itemListElement":[{"@type":"ListItem","position":1,"name":"Home","item":"https:\/\/www.istegroup.com\/"},{"@type":"ListItem","position":2,"name":"Shop","item":"https:\/\/www.istegroup.com\/fr\/nouveautes\/"},{"@type":"ListItem","position":3,"name":"Le big data pour les compagnies d\u2019assurance"}]},{"@type":"WebSite","@id":"https:\/\/www.istegroup.com\/#website","url":"https:\/\/www.istegroup.com\/","name":"ISTE Group","description":"\u00c9diteur des Sciences","potentialAction":[{"@type":"SearchAction","target":{"@type":"EntryPoint","urlTemplate":"https:\/\/www.istegroup.com\/?s={search_term_string}"},"query-input":{"@type":"PropertyValueSpecification","valueRequired":true,"valueName":"search_term_string"}}],"inLanguage":"fr-FR"}]}},"_links":{"self":[{"href":"https:\/\/www.istegroup.com\/fr\/wp-json\/wp\/v2\/product\/11547","targetHints":{"allow":["GET"]}}],"collection":[{"href":"https:\/\/www.istegroup.com\/fr\/wp-json\/wp\/v2\/product"}],"about":[{"href":"https:\/\/www.istegroup.com\/fr\/wp-json\/wp\/v2\/types\/product"}],"wp:featuredmedia":[{"embeddable":true,"href":"https:\/\/www.istegroup.com\/fr\/wp-json\/wp\/v2\/media\/11551"}],"wp:attachment":[{"href":"https:\/\/www.istegroup.com\/fr\/wp-json\/wp\/v2\/media?parent=11547"}],"wp:term":[{"taxonomy":"product_brand","embeddable":true,"href":"https:\/\/www.istegroup.com\/fr\/wp-json\/wp\/v2\/product_brand?post=11547"},{"taxonomy":"product_cat","embeddable":true,"href":"https:\/\/www.istegroup.com\/fr\/wp-json\/wp\/v2\/product_cat?post=11547"},{"taxonomy":"product_tag","embeddable":true,"href":"https:\/\/www.istegroup.com\/fr\/wp-json\/wp\/v2\/product_tag?post=11547"}],"curies":[{"name":"wp","href":"https:\/\/api.w.org\/{rel}","templated":true}]}}