{"id":11530,"date":"2017-09-05T16:38:07","date_gmt":"2017-09-05T14:38:07","guid":{"rendered":"https:\/\/iste.yhello.co\/?post_type=product&#038;p=11530"},"modified":"2024-01-03T13:41:36","modified_gmt":"2024-01-03T13:41:36","slug":"la-marque-dans-le-conflit","status":"publish","type":"product","link":"https:\/\/www.istegroup.com\/fr\/produit\/la-marque-dans-le-conflit\/","title":{"rendered":"La Marque dans le conflit"},"content":{"rendered":"<p>Aujourd\u2019hui, les Marques font face \u00e0 des conflits dont les modalit\u00e9s ont nettement chang\u00e9 avec les \u00e9volutions des technologies num\u00e9riques. Plus soudains, plus impr\u00e9visibles, plus passionnels, plus longs aussi, les conflits ab\u00eement durablement la Marque qui ne s\u2019y est pas pr\u00e9par\u00e9e.<\/p>\n<p>Plut\u00f4t que de proposer une r\u00e9flexion sous l\u2019angle de la crise, cet ouvrage traite la question sous une autre temporalit\u00e9, plus large : le conflit. Ce parti pris lui permet notamment de pr\u00e9senter des solutions m\u00e9thodologiques innovantes qui font de la construction solide d\u2019une Marque la condition indispensable pour r\u00e9pondre avec s\u00e9r\u00e9nit\u00e9 aux conflits qui peuvent surgir.<\/p>\n<p>Entre cas d\u2019\u00e9tude, panorama th\u00e9orique et r\u00e9flexions pratiques,\u00a0<em>La Marque dans le conflit<\/em>\u00a0donne aux responsables les moyens de d\u00e9fendre leur Marque dans un environnement mouvant, o\u00f9 les nouvelles technologies et les techniques de manipulation ont rendu caducs les anciens sch\u00e9mas d\u2019organisation et les prises de parole classiques.<\/p>\n","protected":false},"excerpt":{"rendered":"<p>Aujourd\u2019hui, les Marques font face \u00e0 des conflits dont les modalit\u00e9s ont nettement chang\u00e9 avec les \u00e9volutions des technologies num\u00e9riques. Plus soudains, plus impr\u00e9visibles, plus passionnels, plus longs aussi, les conflits ab\u00eement durablement la Marque qui ne s\u2019y est pas pr\u00e9par\u00e9e. Plut\u00f4t que de proposer une r\u00e9flexion sous l\u2019angle de la crise, cet ouvrage traite [&hellip;]<\/p>\n","protected":false},"featured_media":11538,"template":"","meta":{"_acf_changed":false,"_links_to":"","_links_to_target":""},"product_brand":[],"product_cat":[3262],"product_tag":[18,19,20,575,21,22,3640,25,26,27,3639,28,3638,3637],"class_list":{"0":"post-11530","1":"product","2":"type-product","3":"status-publish","4":"has-post-thumbnail","6":"product_cat-non-classe","7":"product_tag-edition-scientifique","8":"product_tag-editions-francaise","9":"product_tag-editions-technique","10":"product_tag-innovation-et-technologies","11":"product_tag-iste-group","12":"product_tag-istegroup","13":"product_tag-la-marque-dans-le-conflit","14":"product_tag-livre-numerique","15":"product_tag-livre-scientifique-francais","16":"product_tag-livre-technique-francais","17":"product_tag-marques","18":"product_tag-ouvrage-scientifique-francais","19":"product_tag-philippe-sachetti","20":"product_tag-thibaud-zuppinger","22":"first","23":"instock","24":"shipping-taxable","25":"purchasable","26":"product-type-variable"},"acf":[],"yoast_head":"<!-- This site is optimized with the Yoast SEO plugin v27.2 - https:\/\/yoast.com\/product\/yoast-seo-wordpress\/ -->\n<title>La Marque dans le conflit - ISTE Group<\/title>\n<meta name=\"description\" content=\"Entre cas d\u2019\u00e9tude, panorama th\u00e9orique et r\u00e9flexions pratiques,\u00a0La Marque dans le conflit\u00a0donne aux responsables les moyens de d\u00e9fendre leur Marque dans un environnement mouvant, o\u00f9 les nouvelles technologies et les techniques de manipulation ont rendu caducs les anciens sch\u00e9mas d\u2019organisation et les prises de parole classiques.\" \/>\n<meta name=\"robots\" content=\"index, follow, max-snippet:-1, max-image-preview:large, max-video-preview:-1\" \/>\n<link rel=\"canonical\" href=\"https:\/\/www.istegroup.com\/en\/produit\/la-marque-dans-le-conflit\/\" \/>\n<meta property=\"og:locale\" content=\"fr_FR\" \/>\n<meta property=\"og:type\" content=\"article\" \/>\n<meta property=\"og:title\" content=\"La Marque dans le conflit - ISTE Group\" \/>\n<meta property=\"og:description\" content=\"Entre cas d\u2019\u00e9tude, panorama th\u00e9orique et r\u00e9flexions pratiques,\u00a0La Marque dans le conflit\u00a0donne aux responsables les moyens de d\u00e9fendre leur Marque dans un environnement mouvant, o\u00f9 les nouvelles technologies et les techniques de manipulation ont rendu caducs les anciens sch\u00e9mas d\u2019organisation et les prises de parole classiques.\" \/>\n<meta property=\"og:url\" content=\"https:\/\/www.istegroup.com\/en\/produit\/la-marque-dans-le-conflit\/\" \/>\n<meta property=\"og:site_name\" content=\"ISTE Group\" \/>\n<meta property=\"article:modified_time\" content=\"2024-01-03T13:41:36+00:00\" \/>\n<meta property=\"og:image\" content=\"https:\/\/www.istegroup.com\/wp-content\/uploads\/2018\/03\/Sachetti_Front.jpg\" \/>\n\t<meta property=\"og:image:width\" content=\"300\" \/>\n\t<meta property=\"og:image:height\" content=\"452\" \/>\n\t<meta property=\"og:image:type\" content=\"image\/jpeg\" \/>\n<meta name=\"twitter:card\" content=\"summary_large_image\" \/>\n<meta name=\"twitter:label1\" content=\"Est. reading time\" \/>\n\t<meta name=\"twitter:data1\" content=\"1 minute\" \/>\n<script type=\"application\/ld+json\" class=\"yoast-schema-graph\">{\"@context\":\"https:\/\/schema.org\",\"@graph\":[{\"@type\":\"WebPage\",\"@id\":\"https:\/\/www.istegroup.com\/en\/produit\/la-marque-dans-le-conflit\/\",\"url\":\"https:\/\/www.istegroup.com\/en\/produit\/la-marque-dans-le-conflit\/\",\"name\":\"La Marque dans le conflit - ISTE Group\",\"isPartOf\":{\"@id\":\"https:\/\/www.istegroup.com\/#website\"},\"primaryImageOfPage\":{\"@id\":\"https:\/\/www.istegroup.com\/en\/produit\/la-marque-dans-le-conflit\/#primaryimage\"},\"image\":{\"@id\":\"https:\/\/www.istegroup.com\/en\/produit\/la-marque-dans-le-conflit\/#primaryimage\"},\"thumbnailUrl\":\"https:\/\/www.istegroup.com\/wp-content\/uploads\/2018\/03\/Sachetti_Front.jpg\",\"datePublished\":\"2017-09-05T14:38:07+00:00\",\"dateModified\":\"2024-01-03T13:41:36+00:00\",\"description\":\"Entre cas d\u2019\u00e9tude, panorama th\u00e9orique et r\u00e9flexions pratiques,\u00a0La Marque dans le conflit\u00a0donne aux responsables les moyens de d\u00e9fendre leur Marque dans un environnement mouvant, o\u00f9 les nouvelles technologies et les techniques de manipulation ont rendu caducs les anciens sch\u00e9mas d\u2019organisation et les prises de parole classiques.\",\"breadcrumb\":{\"@id\":\"https:\/\/www.istegroup.com\/en\/produit\/la-marque-dans-le-conflit\/#breadcrumb\"},\"inLanguage\":\"fr-FR\",\"potentialAction\":[{\"@type\":\"ReadAction\",\"target\":[\"https:\/\/www.istegroup.com\/en\/produit\/la-marque-dans-le-conflit\/\"]}]},{\"@type\":\"ImageObject\",\"inLanguage\":\"fr-FR\",\"@id\":\"https:\/\/www.istegroup.com\/en\/produit\/la-marque-dans-le-conflit\/#primaryimage\",\"url\":\"https:\/\/www.istegroup.com\/wp-content\/uploads\/2018\/03\/Sachetti_Front.jpg\",\"contentUrl\":\"https:\/\/www.istegroup.com\/wp-content\/uploads\/2018\/03\/Sachetti_Front.jpg\",\"width\":300,\"height\":452,\"caption\":\"La Marque dans le conflit iste group\"},{\"@type\":\"BreadcrumbList\",\"@id\":\"https:\/\/www.istegroup.com\/en\/produit\/la-marque-dans-le-conflit\/#breadcrumb\",\"itemListElement\":[{\"@type\":\"ListItem\",\"position\":1,\"name\":\"Home\",\"item\":\"https:\/\/www.istegroup.com\/\"},{\"@type\":\"ListItem\",\"position\":2,\"name\":\"Shop\",\"item\":\"https:\/\/www.istegroup.com\/fr\/nouveautes\/\"},{\"@type\":\"ListItem\",\"position\":3,\"name\":\"La Marque dans le conflit\"}]},{\"@type\":\"WebSite\",\"@id\":\"https:\/\/www.istegroup.com\/#website\",\"url\":\"https:\/\/www.istegroup.com\/\",\"name\":\"ISTE Group\",\"description\":\"\u00c9diteur des Sciences\",\"potentialAction\":[{\"@type\":\"SearchAction\",\"target\":{\"@type\":\"EntryPoint\",\"urlTemplate\":\"https:\/\/www.istegroup.com\/?s={search_term_string}\"},\"query-input\":{\"@type\":\"PropertyValueSpecification\",\"valueRequired\":true,\"valueName\":\"search_term_string\"}}],\"inLanguage\":\"fr-FR\"}]}<\/script>\n<!-- \/ Yoast SEO plugin. -->","yoast_head_json":{"title":"La Marque dans le conflit - ISTE Group","description":"Entre cas d\u2019\u00e9tude, panorama th\u00e9orique et r\u00e9flexions pratiques,\u00a0La Marque dans le conflit\u00a0donne aux responsables les moyens de d\u00e9fendre leur Marque dans un environnement mouvant, o\u00f9 les nouvelles technologies et les techniques de manipulation ont rendu caducs les anciens sch\u00e9mas d\u2019organisation et les prises de parole classiques.","robots":{"index":"index","follow":"follow","max-snippet":"max-snippet:-1","max-image-preview":"max-image-preview:large","max-video-preview":"max-video-preview:-1"},"canonical":"https:\/\/www.istegroup.com\/en\/produit\/la-marque-dans-le-conflit\/","og_locale":"fr_FR","og_type":"article","og_title":"La Marque dans le conflit - ISTE Group","og_description":"Entre cas d\u2019\u00e9tude, panorama th\u00e9orique et r\u00e9flexions pratiques,\u00a0La Marque dans le conflit\u00a0donne aux responsables les moyens de d\u00e9fendre leur Marque dans un environnement mouvant, o\u00f9 les nouvelles technologies et les techniques de manipulation ont rendu caducs les anciens sch\u00e9mas d\u2019organisation et les prises de parole classiques.","og_url":"https:\/\/www.istegroup.com\/en\/produit\/la-marque-dans-le-conflit\/","og_site_name":"ISTE Group","article_modified_time":"2024-01-03T13:41:36+00:00","og_image":[{"width":300,"height":452,"url":"https:\/\/www.istegroup.com\/wp-content\/uploads\/2018\/03\/Sachetti_Front.jpg","type":"image\/jpeg"}],"twitter_card":"summary_large_image","twitter_misc":{"Est. reading time":"1 minute"},"schema":{"@context":"https:\/\/schema.org","@graph":[{"@type":"WebPage","@id":"https:\/\/www.istegroup.com\/en\/produit\/la-marque-dans-le-conflit\/","url":"https:\/\/www.istegroup.com\/en\/produit\/la-marque-dans-le-conflit\/","name":"La Marque dans le conflit - ISTE Group","isPartOf":{"@id":"https:\/\/www.istegroup.com\/#website"},"primaryImageOfPage":{"@id":"https:\/\/www.istegroup.com\/en\/produit\/la-marque-dans-le-conflit\/#primaryimage"},"image":{"@id":"https:\/\/www.istegroup.com\/en\/produit\/la-marque-dans-le-conflit\/#primaryimage"},"thumbnailUrl":"https:\/\/www.istegroup.com\/wp-content\/uploads\/2018\/03\/Sachetti_Front.jpg","datePublished":"2017-09-05T14:38:07+00:00","dateModified":"2024-01-03T13:41:36+00:00","description":"Entre cas d\u2019\u00e9tude, panorama th\u00e9orique et r\u00e9flexions pratiques,\u00a0La Marque dans le conflit\u00a0donne aux responsables les moyens de d\u00e9fendre leur Marque dans un environnement mouvant, o\u00f9 les nouvelles technologies et les techniques de manipulation ont rendu caducs les anciens sch\u00e9mas d\u2019organisation et les prises de parole classiques.","breadcrumb":{"@id":"https:\/\/www.istegroup.com\/en\/produit\/la-marque-dans-le-conflit\/#breadcrumb"},"inLanguage":"fr-FR","potentialAction":[{"@type":"ReadAction","target":["https:\/\/www.istegroup.com\/en\/produit\/la-marque-dans-le-conflit\/"]}]},{"@type":"ImageObject","inLanguage":"fr-FR","@id":"https:\/\/www.istegroup.com\/en\/produit\/la-marque-dans-le-conflit\/#primaryimage","url":"https:\/\/www.istegroup.com\/wp-content\/uploads\/2018\/03\/Sachetti_Front.jpg","contentUrl":"https:\/\/www.istegroup.com\/wp-content\/uploads\/2018\/03\/Sachetti_Front.jpg","width":300,"height":452,"caption":"La Marque dans le conflit iste group"},{"@type":"BreadcrumbList","@id":"https:\/\/www.istegroup.com\/en\/produit\/la-marque-dans-le-conflit\/#breadcrumb","itemListElement":[{"@type":"ListItem","position":1,"name":"Home","item":"https:\/\/www.istegroup.com\/"},{"@type":"ListItem","position":2,"name":"Shop","item":"https:\/\/www.istegroup.com\/fr\/nouveautes\/"},{"@type":"ListItem","position":3,"name":"La Marque dans le conflit"}]},{"@type":"WebSite","@id":"https:\/\/www.istegroup.com\/#website","url":"https:\/\/www.istegroup.com\/","name":"ISTE Group","description":"\u00c9diteur des Sciences","potentialAction":[{"@type":"SearchAction","target":{"@type":"EntryPoint","urlTemplate":"https:\/\/www.istegroup.com\/?s={search_term_string}"},"query-input":{"@type":"PropertyValueSpecification","valueRequired":true,"valueName":"search_term_string"}}],"inLanguage":"fr-FR"}]}},"_links":{"self":[{"href":"https:\/\/www.istegroup.com\/fr\/wp-json\/wp\/v2\/product\/11530","targetHints":{"allow":["GET"]}}],"collection":[{"href":"https:\/\/www.istegroup.com\/fr\/wp-json\/wp\/v2\/product"}],"about":[{"href":"https:\/\/www.istegroup.com\/fr\/wp-json\/wp\/v2\/types\/product"}],"wp:featuredmedia":[{"embeddable":true,"href":"https:\/\/www.istegroup.com\/fr\/wp-json\/wp\/v2\/media\/11538"}],"wp:attachment":[{"href":"https:\/\/www.istegroup.com\/fr\/wp-json\/wp\/v2\/media?parent=11530"}],"wp:term":[{"taxonomy":"product_brand","embeddable":true,"href":"https:\/\/www.istegroup.com\/fr\/wp-json\/wp\/v2\/product_brand?post=11530"},{"taxonomy":"product_cat","embeddable":true,"href":"https:\/\/www.istegroup.com\/fr\/wp-json\/wp\/v2\/product_cat?post=11530"},{"taxonomy":"product_tag","embeddable":true,"href":"https:\/\/www.istegroup.com\/fr\/wp-json\/wp\/v2\/product_tag?post=11530"}],"curies":[{"name":"wp","href":"https:\/\/api.w.org\/{rel}","templated":true}]}}