{"id":11525,"date":"2018-03-27T16:26:34","date_gmt":"2018-03-27T14:26:34","guid":{"rendered":"https:\/\/iste.yhello.co\/?post_type=product&#038;p=11525"},"modified":"2024-01-03T14:36:22","modified_gmt":"2024-01-03T14:36:22","slug":"la-fabrique-numerique-des-connaissances","status":"publish","type":"product","link":"https:\/\/www.istegroup.com\/fr\/produit\/la-fabrique-numerique-des-connaissances\/","title":{"rendered":"La fabrique num\u00e9rique des connaissances"},"content":{"rendered":"<p>Le raz de mar\u00e9e du num\u00e9rique et des nouvelles technologies n\u2019a pas \u00e9pargn\u00e9 le domaine de la recherche scientifique. Le num\u00e9rique, moteur de l\u2019innovation, facilitant le progr\u00e8s et l\u2019\u00e9change des r\u00e9sultats, est \u00e9galement la source de nouveaux enjeux sociaux, \u00e9conomiques et juridiques.<\/p>\n<p><em>La fabrique num\u00e9rique des connaissances<\/em>\u00a0pr\u00e9sente, analyse et appr\u00e9hende ces diff\u00e9rents enjeux auxquels la recherche fran\u00e7aise doit faire face pour maintenir son rayonnement \u00e0 l\u2019heure num\u00e9rique. Un \u00ab droit des donn\u00e9es distribu\u00e9es \u00bb se construit dans l&rsquo;espace international dynamique et illimit\u00e9 qu&rsquo;est celui de la diffusion des savoirs, en stimulant une nouvelle \u00e9conomie et de nouvelles formes de valorisation des savoirs, fortement marqu\u00e9s par l&rsquo;interop\u00e9rabilit\u00e9 et la tra\u00e7abilit\u00e9 des parcours.<\/p>\n<p>Cet ouvrage ne permet pas de clarifier les tensions issues du num\u00e9rique et qui mettent la recherche en tension entre sa qualit\u00e9 d\u2019outil \u00e9conomique et de bien commun au service de tous. Il a plut\u00f4t vocation \u00e0 confronter ces diff\u00e9rents aspects et montrer qu\u2019ils ne sont pas n\u00e9cessairement incompatibles.<\/p>\n","protected":false},"excerpt":{"rendered":"<p>avec la collaboration de Lucile Collin,\u00a0 Marie Blanquart et Louki-G\u00e9ronimo Richou<\/p>\n","protected":false},"featured_media":11930,"template":"","meta":{"_acf_changed":false,"_links_to":"","_links_to_target":""},"product_brand":[],"product_cat":[3262],"product_tag":[3646,18,19,20,21,22,3645,25,26,27,3644,3643,3642,28,29,3641,537],"class_list":{"0":"post-11525","1":"product","2":"type-product","3":"status-publish","4":"has-post-thumbnail","6":"product_cat-non-classe","7":"product_tag-alain-bensoussan","8":"product_tag-edition-scientifique","9":"product_tag-editions-francaise","10":"product_tag-editions-technique","11":"product_tag-iste-group","12":"product_tag-istegroup","13":"product_tag-la-fabrique-numerique-des-connaissances","14":"product_tag-livre-numerique","15":"product_tag-livre-scientifique-francais","16":"product_tag-livre-technique-francais","17":"product_tag-louki-geronimo-richou","18":"product_tag-lucile-collin","19":"product_tag-marie-blanquart","20":"product_tag-ouvrage-scientifique-francais","21":"product_tag-ouvrage-technique","22":"product_tag-production-et-valorisation-des-resultats-scientifiques","23":"product_tag-renaud-fabre","25":"first","26":"instock","27":"shipping-taxable","28":"purchasable","29":"product-type-variable"},"acf":[],"yoast_head":"<!-- This site is optimized with the Yoast SEO plugin v27.2 - https:\/\/yoast.com\/product\/yoast-seo-wordpress\/ -->\n<title>La fabrique num\u00e9rique des connaissances - ISTE Group<\/title>\n<meta name=\"description\" content=\"Le raz de mar\u00e9e du num\u00e9rique et des nouvelles technologies n\u2019a pas \u00e9pargn\u00e9 le domaine de la recherche scientifique. Le num\u00e9rique, moteur de l\u2019innovation, facilitant le progr\u00e8s et l\u2019\u00e9change des r\u00e9sultats, est \u00e9galement la source de nouveaux enjeux sociaux, \u00e9conomiques et juridiques.\" \/>\n<meta name=\"robots\" content=\"index, follow, max-snippet:-1, max-image-preview:large, max-video-preview:-1\" \/>\n<link rel=\"canonical\" href=\"https:\/\/www.istegroup.com\/en\/produit\/la-fabrique-numerique-des-connaissances\/\" \/>\n<meta property=\"og:locale\" content=\"fr_FR\" \/>\n<meta property=\"og:type\" content=\"article\" \/>\n<meta property=\"og:title\" content=\"La fabrique num\u00e9rique des connaissances - ISTE Group\" \/>\n<meta property=\"og:description\" content=\"Le raz de mar\u00e9e du num\u00e9rique et des nouvelles technologies n\u2019a pas \u00e9pargn\u00e9 le domaine de la recherche scientifique. Le num\u00e9rique, moteur de l\u2019innovation, facilitant le progr\u00e8s et l\u2019\u00e9change des r\u00e9sultats, est \u00e9galement la source de nouveaux enjeux sociaux, \u00e9conomiques et juridiques.\" \/>\n<meta property=\"og:url\" content=\"https:\/\/www.istegroup.com\/en\/produit\/la-fabrique-numerique-des-connaissances\/\" \/>\n<meta property=\"og:site_name\" content=\"ISTE Group\" \/>\n<meta property=\"article:modified_time\" content=\"2024-01-03T14:36:22+00:00\" \/>\n<meta property=\"og:image\" content=\"https:\/\/www.istegroup.com\/wp-content\/uploads\/2018\/03\/Fabre-Cover_Front.jpg\" \/>\n\t<meta property=\"og:image:width\" content=\"576\" \/>\n\t<meta property=\"og:image:height\" content=\"878\" \/>\n\t<meta property=\"og:image:type\" content=\"image\/jpeg\" \/>\n<meta name=\"twitter:card\" content=\"summary_large_image\" \/>\n<meta name=\"twitter:label1\" content=\"Est. reading time\" \/>\n\t<meta name=\"twitter:data1\" content=\"1 minute\" \/>\n<script type=\"application\/ld+json\" class=\"yoast-schema-graph\">{\"@context\":\"https:\/\/schema.org\",\"@graph\":[{\"@type\":\"WebPage\",\"@id\":\"https:\/\/www.istegroup.com\/en\/produit\/la-fabrique-numerique-des-connaissances\/\",\"url\":\"https:\/\/www.istegroup.com\/en\/produit\/la-fabrique-numerique-des-connaissances\/\",\"name\":\"La fabrique num\u00e9rique des connaissances - ISTE Group\",\"isPartOf\":{\"@id\":\"https:\/\/www.istegroup.com\/#website\"},\"primaryImageOfPage\":{\"@id\":\"https:\/\/www.istegroup.com\/en\/produit\/la-fabrique-numerique-des-connaissances\/#primaryimage\"},\"image\":{\"@id\":\"https:\/\/www.istegroup.com\/en\/produit\/la-fabrique-numerique-des-connaissances\/#primaryimage\"},\"thumbnailUrl\":\"https:\/\/www.istegroup.com\/wp-content\/uploads\/2018\/03\/Fabre-Cover_Front.jpg\",\"datePublished\":\"2018-03-27T14:26:34+00:00\",\"dateModified\":\"2024-01-03T14:36:22+00:00\",\"description\":\"Le raz de mar\u00e9e du num\u00e9rique et des nouvelles technologies n\u2019a pas \u00e9pargn\u00e9 le domaine de la recherche scientifique. Le num\u00e9rique, moteur de l\u2019innovation, facilitant le progr\u00e8s et l\u2019\u00e9change des r\u00e9sultats, est \u00e9galement la source de nouveaux enjeux sociaux, \u00e9conomiques et juridiques.\",\"breadcrumb\":{\"@id\":\"https:\/\/www.istegroup.com\/en\/produit\/la-fabrique-numerique-des-connaissances\/#breadcrumb\"},\"inLanguage\":\"fr-FR\",\"potentialAction\":[{\"@type\":\"ReadAction\",\"target\":[\"https:\/\/www.istegroup.com\/en\/produit\/la-fabrique-numerique-des-connaissances\/\"]}]},{\"@type\":\"ImageObject\",\"inLanguage\":\"fr-FR\",\"@id\":\"https:\/\/www.istegroup.com\/en\/produit\/la-fabrique-numerique-des-connaissances\/#primaryimage\",\"url\":\"https:\/\/www.istegroup.com\/wp-content\/uploads\/2018\/03\/Fabre-Cover_Front.jpg\",\"contentUrl\":\"https:\/\/www.istegroup.com\/wp-content\/uploads\/2018\/03\/Fabre-Cover_Front.jpg\",\"width\":576,\"height\":878,\"caption\":\"Production et valorisation des r\u00e9sultats scientifiques\"},{\"@type\":\"BreadcrumbList\",\"@id\":\"https:\/\/www.istegroup.com\/en\/produit\/la-fabrique-numerique-des-connaissances\/#breadcrumb\",\"itemListElement\":[{\"@type\":\"ListItem\",\"position\":1,\"name\":\"Home\",\"item\":\"https:\/\/www.istegroup.com\/\"},{\"@type\":\"ListItem\",\"position\":2,\"name\":\"Shop\",\"item\":\"https:\/\/www.istegroup.com\/fr\/nouveautes\/\"},{\"@type\":\"ListItem\",\"position\":3,\"name\":\"La fabrique num\u00e9rique des connaissances\"}]},{\"@type\":\"WebSite\",\"@id\":\"https:\/\/www.istegroup.com\/#website\",\"url\":\"https:\/\/www.istegroup.com\/\",\"name\":\"ISTE Group\",\"description\":\"\u00c9diteur des Sciences\",\"potentialAction\":[{\"@type\":\"SearchAction\",\"target\":{\"@type\":\"EntryPoint\",\"urlTemplate\":\"https:\/\/www.istegroup.com\/?s={search_term_string}\"},\"query-input\":{\"@type\":\"PropertyValueSpecification\",\"valueRequired\":true,\"valueName\":\"search_term_string\"}}],\"inLanguage\":\"fr-FR\"}]}<\/script>\n<!-- \/ Yoast SEO plugin. -->","yoast_head_json":{"title":"La fabrique num\u00e9rique des connaissances - ISTE Group","description":"Le raz de mar\u00e9e du num\u00e9rique et des nouvelles technologies n\u2019a pas \u00e9pargn\u00e9 le domaine de la recherche scientifique. Le num\u00e9rique, moteur de l\u2019innovation, facilitant le progr\u00e8s et l\u2019\u00e9change des r\u00e9sultats, est \u00e9galement la source de nouveaux enjeux sociaux, \u00e9conomiques et juridiques.","robots":{"index":"index","follow":"follow","max-snippet":"max-snippet:-1","max-image-preview":"max-image-preview:large","max-video-preview":"max-video-preview:-1"},"canonical":"https:\/\/www.istegroup.com\/en\/produit\/la-fabrique-numerique-des-connaissances\/","og_locale":"fr_FR","og_type":"article","og_title":"La fabrique num\u00e9rique des connaissances - ISTE Group","og_description":"Le raz de mar\u00e9e du num\u00e9rique et des nouvelles technologies n\u2019a pas \u00e9pargn\u00e9 le domaine de la recherche scientifique. Le num\u00e9rique, moteur de l\u2019innovation, facilitant le progr\u00e8s et l\u2019\u00e9change des r\u00e9sultats, est \u00e9galement la source de nouveaux enjeux sociaux, \u00e9conomiques et juridiques.","og_url":"https:\/\/www.istegroup.com\/en\/produit\/la-fabrique-numerique-des-connaissances\/","og_site_name":"ISTE Group","article_modified_time":"2024-01-03T14:36:22+00:00","og_image":[{"width":576,"height":878,"url":"https:\/\/www.istegroup.com\/wp-content\/uploads\/2018\/03\/Fabre-Cover_Front.jpg","type":"image\/jpeg"}],"twitter_card":"summary_large_image","twitter_misc":{"Est. reading time":"1 minute"},"schema":{"@context":"https:\/\/schema.org","@graph":[{"@type":"WebPage","@id":"https:\/\/www.istegroup.com\/en\/produit\/la-fabrique-numerique-des-connaissances\/","url":"https:\/\/www.istegroup.com\/en\/produit\/la-fabrique-numerique-des-connaissances\/","name":"La fabrique num\u00e9rique des connaissances - ISTE Group","isPartOf":{"@id":"https:\/\/www.istegroup.com\/#website"},"primaryImageOfPage":{"@id":"https:\/\/www.istegroup.com\/en\/produit\/la-fabrique-numerique-des-connaissances\/#primaryimage"},"image":{"@id":"https:\/\/www.istegroup.com\/en\/produit\/la-fabrique-numerique-des-connaissances\/#primaryimage"},"thumbnailUrl":"https:\/\/www.istegroup.com\/wp-content\/uploads\/2018\/03\/Fabre-Cover_Front.jpg","datePublished":"2018-03-27T14:26:34+00:00","dateModified":"2024-01-03T14:36:22+00:00","description":"Le raz de mar\u00e9e du num\u00e9rique et des nouvelles technologies n\u2019a pas \u00e9pargn\u00e9 le domaine de la recherche scientifique. Le num\u00e9rique, moteur de l\u2019innovation, facilitant le progr\u00e8s et l\u2019\u00e9change des r\u00e9sultats, est \u00e9galement la source de nouveaux enjeux sociaux, \u00e9conomiques et juridiques.","breadcrumb":{"@id":"https:\/\/www.istegroup.com\/en\/produit\/la-fabrique-numerique-des-connaissances\/#breadcrumb"},"inLanguage":"fr-FR","potentialAction":[{"@type":"ReadAction","target":["https:\/\/www.istegroup.com\/en\/produit\/la-fabrique-numerique-des-connaissances\/"]}]},{"@type":"ImageObject","inLanguage":"fr-FR","@id":"https:\/\/www.istegroup.com\/en\/produit\/la-fabrique-numerique-des-connaissances\/#primaryimage","url":"https:\/\/www.istegroup.com\/wp-content\/uploads\/2018\/03\/Fabre-Cover_Front.jpg","contentUrl":"https:\/\/www.istegroup.com\/wp-content\/uploads\/2018\/03\/Fabre-Cover_Front.jpg","width":576,"height":878,"caption":"Production et valorisation des r\u00e9sultats scientifiques"},{"@type":"BreadcrumbList","@id":"https:\/\/www.istegroup.com\/en\/produit\/la-fabrique-numerique-des-connaissances\/#breadcrumb","itemListElement":[{"@type":"ListItem","position":1,"name":"Home","item":"https:\/\/www.istegroup.com\/"},{"@type":"ListItem","position":2,"name":"Shop","item":"https:\/\/www.istegroup.com\/fr\/nouveautes\/"},{"@type":"ListItem","position":3,"name":"La fabrique num\u00e9rique des connaissances"}]},{"@type":"WebSite","@id":"https:\/\/www.istegroup.com\/#website","url":"https:\/\/www.istegroup.com\/","name":"ISTE Group","description":"\u00c9diteur des Sciences","potentialAction":[{"@type":"SearchAction","target":{"@type":"EntryPoint","urlTemplate":"https:\/\/www.istegroup.com\/?s={search_term_string}"},"query-input":{"@type":"PropertyValueSpecification","valueRequired":true,"valueName":"search_term_string"}}],"inLanguage":"fr-FR"}]}},"_links":{"self":[{"href":"https:\/\/www.istegroup.com\/fr\/wp-json\/wp\/v2\/product\/11525","targetHints":{"allow":["GET"]}}],"collection":[{"href":"https:\/\/www.istegroup.com\/fr\/wp-json\/wp\/v2\/product"}],"about":[{"href":"https:\/\/www.istegroup.com\/fr\/wp-json\/wp\/v2\/types\/product"}],"wp:featuredmedia":[{"embeddable":true,"href":"https:\/\/www.istegroup.com\/fr\/wp-json\/wp\/v2\/media\/11930"}],"wp:attachment":[{"href":"https:\/\/www.istegroup.com\/fr\/wp-json\/wp\/v2\/media?parent=11525"}],"wp:term":[{"taxonomy":"product_brand","embeddable":true,"href":"https:\/\/www.istegroup.com\/fr\/wp-json\/wp\/v2\/product_brand?post=11525"},{"taxonomy":"product_cat","embeddable":true,"href":"https:\/\/www.istegroup.com\/fr\/wp-json\/wp\/v2\/product_cat?post=11525"},{"taxonomy":"product_tag","embeddable":true,"href":"https:\/\/www.istegroup.com\/fr\/wp-json\/wp\/v2\/product_tag?post=11525"}],"curies":[{"name":"wp","href":"https:\/\/api.w.org\/{rel}","templated":true}]}}