{"id":11519,"date":"2017-09-10T15:59:31","date_gmt":"2017-09-10T13:59:31","guid":{"rendered":"https:\/\/iste.yhello.co\/?post_type=product&#038;p=11519"},"modified":"2024-01-03T13:41:36","modified_gmt":"2024-01-03T13:41:36","slug":"interactions-fluide-structure-et-incertitudes","status":"publish","type":"product","link":"https:\/\/www.istegroup.com\/fr\/produit\/interactions-fluide-structure-et-incertitudes\/","title":{"rendered":"Interactions fluide-structure et incertitudes"},"content":{"rendered":"<p>La s\u00e9rie\u00a0<em>Fiabilit\u00e9 des syst\u00e8mes multiphysiques<\/em>\u00a0s\u2019int\u00e9resse aux avanc\u00e9es de la recherche et de l\u2019industrie appliqu\u00e9es aux domaines de l\u2019optimisation, de la fiabilit\u00e9 et de la prise en compte des incertitudes des syst\u00e8mes. Ce couplage est \u00e0 la base de la comp\u00e9titivit\u00e9 des entreprises dans les secteurs de l\u2019automobile, de l\u2019a\u00e9ronautique, du g\u00e9nie civil ou de la d\u00e9fense.<\/p>\n<p>L\u2019\u00ab interaction fluide-structure \u00bb regroupe l&rsquo;\u00e9tude de tous les ph\u00e9nom\u00e8nes pr\u00e9sentant le couplage du mouvement d&rsquo;une structure avec celui d&rsquo;un fluide. La gamme des ph\u00e9nom\u00e8nes \u00e9tudi\u00e9s est tr\u00e8s \u00e9tendue, allant de l&rsquo;\u00e9tude de cylindres ou structures vibrants dans des \u00e9coulements \u00e0 des ph\u00e9nom\u00e8nes de surface libre dans des r\u00e9servoirs.<\/p>\n<p>Cet ouvrage pr\u00e9sente les diff\u00e9rents aspects de l\u2019interaction fluide-structure (vibroacoustique et a\u00e9rodynamique) ainsi que les diff\u00e9rentes m\u00e9thodes utilis\u00e9es afin de r\u00e9aliser des simulations num\u00e9riques. S\u2019appuyant sur deux logiciels, Ansys pour le calcul des structures et Fluent pour le calcul des fluides, il traite de la r\u00e9duction du mod\u00e8le coupl\u00e9 fluide-structure et de ses incertitudes, ainsi que de l\u2019aspect optimisation coupl\u00e9e \u00e0 la fiabilit\u00e9 (RBDO).<\/p>\n<p>Accompagn\u00e9 d\u2019exemples d\u00e9taill\u00e9s,\u00a0<em>Interactions fluide-structure et incertitudes<\/em>\u00a0pr\u00e9sente les outils r\u00e9cents de conception les plus performants. Il s\u2019adresse aux \u00e9tudiants et \u00e9l\u00e8ves ing\u00e9nieurs et constitue un support pr\u00e9cieux pour les ing\u00e9nieurs en activit\u00e9 et les enseignants-chercheurs.<\/p>\n","protected":false},"excerpt":{"rendered":"<p>La s\u00e9rie\u00a0Fiabilit\u00e9 des syst\u00e8mes multiphysiques\u00a0s\u2019int\u00e9resse aux avanc\u00e9es de la recherche et de l\u2019industrie appliqu\u00e9es aux domaines de l\u2019optimisation, de la fiabilit\u00e9 et de la prise en compte des incertitudes des syst\u00e8mes. Ce couplage est \u00e0 la base de la comp\u00e9titivit\u00e9 des entreprises dans les secteurs de l\u2019automobile, de l\u2019a\u00e9ronautique, du g\u00e9nie civil ou de la [&hellip;]<\/p>\n","protected":false},"featured_media":11524,"template":"","meta":{"_acf_changed":false,"_links_to":"","_links_to_target":""},"product_brand":[],"product_cat":[3262],"product_tag":[],"class_list":{"0":"post-11519","1":"product","2":"type-product","3":"status-publish","4":"has-post-thumbnail","6":"product_cat-non-classe","8":"first","9":"instock","10":"shipping-taxable","11":"purchasable","12":"product-type-variable"},"acf":[],"yoast_head":"<!-- This site is optimized with the Yoast SEO plugin v27.2 - https:\/\/yoast.com\/product\/yoast-seo-wordpress\/ -->\n<title>Interactions fluide-structure et incertitudes - ISTE Group<\/title>\n<meta name=\"description\" content=\"Cet ouvrage pr\u00e9sente les diff\u00e9rents aspects de l\u2019interaction fluide-structure (vibroacoustique et a\u00e9rodynamique) ainsi que les diff\u00e9rentes m\u00e9thodes utilis\u00e9es afin de r\u00e9aliser des simulations num\u00e9riques.\" \/>\n<meta name=\"robots\" content=\"index, follow, max-snippet:-1, max-image-preview:large, max-video-preview:-1\" \/>\n<link rel=\"canonical\" href=\"https:\/\/www.istegroup.com\/fr\/produit\/interactions-fluide-structure-et-incertitudes\/\" \/>\n<meta property=\"og:locale\" content=\"fr_FR\" \/>\n<meta property=\"og:type\" content=\"article\" \/>\n<meta property=\"og:title\" content=\"Interactions fluide-structure et incertitudes - ISTE Group\" \/>\n<meta property=\"og:description\" content=\"Cet ouvrage pr\u00e9sente les diff\u00e9rents aspects de l\u2019interaction fluide-structure (vibroacoustique et a\u00e9rodynamique) ainsi que les diff\u00e9rentes m\u00e9thodes utilis\u00e9es afin de r\u00e9aliser des simulations num\u00e9riques.\" \/>\n<meta property=\"og:url\" content=\"https:\/\/www.istegroup.com\/fr\/produit\/interactions-fluide-structure-et-incertitudes\/\" \/>\n<meta property=\"og:site_name\" content=\"ISTE Group\" \/>\n<meta property=\"article:modified_time\" content=\"2024-01-03T13:41:36+00:00\" \/>\n<meta property=\"og:image\" content=\"https:\/\/www.istegroup.com\/wp-content\/uploads\/2018\/03\/El-Hami_Radi_Front-scaled.jpg\" \/>\n\t<meta property=\"og:image:width\" content=\"1700\" \/>\n\t<meta property=\"og:image:height\" content=\"2560\" \/>\n\t<meta property=\"og:image:type\" content=\"image\/jpeg\" \/>\n<meta name=\"twitter:card\" content=\"summary_large_image\" \/>\n<meta name=\"twitter:label1\" content=\"Est. reading time\" \/>\n\t<meta name=\"twitter:data1\" content=\"1 minute\" \/>\n<script type=\"application\/ld+json\" class=\"yoast-schema-graph\">{\"@context\":\"https:\/\/schema.org\",\"@graph\":[{\"@type\":\"WebPage\",\"@id\":\"https:\/\/www.istegroup.com\/fr\/produit\/interactions-fluide-structure-et-incertitudes\/\",\"url\":\"https:\/\/www.istegroup.com\/fr\/produit\/interactions-fluide-structure-et-incertitudes\/\",\"name\":\"Interactions fluide-structure et incertitudes - ISTE Group\",\"isPartOf\":{\"@id\":\"https:\/\/www.istegroup.com\/#website\"},\"primaryImageOfPage\":{\"@id\":\"https:\/\/www.istegroup.com\/fr\/produit\/interactions-fluide-structure-et-incertitudes\/#primaryimage\"},\"image\":{\"@id\":\"https:\/\/www.istegroup.com\/fr\/produit\/interactions-fluide-structure-et-incertitudes\/#primaryimage\"},\"thumbnailUrl\":\"https:\/\/www.istegroup.com\/wp-content\/uploads\/2018\/03\/El-Hami_Radi_Front-scaled.jpg\",\"datePublished\":\"2017-09-10T13:59:31+00:00\",\"dateModified\":\"2024-01-03T13:41:36+00:00\",\"description\":\"Cet ouvrage pr\u00e9sente les diff\u00e9rents aspects de l\u2019interaction fluide-structure (vibroacoustique et a\u00e9rodynamique) ainsi que les diff\u00e9rentes m\u00e9thodes utilis\u00e9es afin de r\u00e9aliser des simulations num\u00e9riques.\",\"breadcrumb\":{\"@id\":\"https:\/\/www.istegroup.com\/fr\/produit\/interactions-fluide-structure-et-incertitudes\/#breadcrumb\"},\"inLanguage\":\"fr-FR\",\"potentialAction\":[{\"@type\":\"ReadAction\",\"target\":[\"https:\/\/www.istegroup.com\/fr\/produit\/interactions-fluide-structure-et-incertitudes\/\"]}]},{\"@type\":\"ImageObject\",\"inLanguage\":\"fr-FR\",\"@id\":\"https:\/\/www.istegroup.com\/fr\/produit\/interactions-fluide-structure-et-incertitudes\/#primaryimage\",\"url\":\"https:\/\/www.istegroup.com\/wp-content\/uploads\/2018\/03\/El-Hami_Radi_Front-scaled.jpg\",\"contentUrl\":\"https:\/\/www.istegroup.com\/wp-content\/uploads\/2018\/03\/El-Hami_Radi_Front-scaled.jpg\",\"width\":1700,\"height\":2560,\"caption\":\"Utilisation des outils Ansys et Fluent\"},{\"@type\":\"BreadcrumbList\",\"@id\":\"https:\/\/www.istegroup.com\/fr\/produit\/interactions-fluide-structure-et-incertitudes\/#breadcrumb\",\"itemListElement\":[{\"@type\":\"ListItem\",\"position\":1,\"name\":\"Home\",\"item\":\"https:\/\/www.istegroup.com\/\"},{\"@type\":\"ListItem\",\"position\":2,\"name\":\"Shop\",\"item\":\"https:\/\/www.istegroup.com\/fr\/nouveautes\/\"},{\"@type\":\"ListItem\",\"position\":3,\"name\":\"Interactions fluide-structure et incertitudes\"}]},{\"@type\":\"WebSite\",\"@id\":\"https:\/\/www.istegroup.com\/#website\",\"url\":\"https:\/\/www.istegroup.com\/\",\"name\":\"ISTE Group\",\"description\":\"\u00c9diteur des Sciences\",\"potentialAction\":[{\"@type\":\"SearchAction\",\"target\":{\"@type\":\"EntryPoint\",\"urlTemplate\":\"https:\/\/www.istegroup.com\/?s={search_term_string}\"},\"query-input\":{\"@type\":\"PropertyValueSpecification\",\"valueRequired\":true,\"valueName\":\"search_term_string\"}}],\"inLanguage\":\"fr-FR\"}]}<\/script>\n<!-- \/ Yoast SEO plugin. -->","yoast_head_json":{"title":"Interactions fluide-structure et incertitudes - ISTE Group","description":"Cet ouvrage pr\u00e9sente les diff\u00e9rents aspects de l\u2019interaction fluide-structure (vibroacoustique et a\u00e9rodynamique) ainsi que les diff\u00e9rentes m\u00e9thodes utilis\u00e9es afin de r\u00e9aliser des simulations num\u00e9riques.","robots":{"index":"index","follow":"follow","max-snippet":"max-snippet:-1","max-image-preview":"max-image-preview:large","max-video-preview":"max-video-preview:-1"},"canonical":"https:\/\/www.istegroup.com\/fr\/produit\/interactions-fluide-structure-et-incertitudes\/","og_locale":"fr_FR","og_type":"article","og_title":"Interactions fluide-structure et incertitudes - ISTE Group","og_description":"Cet ouvrage pr\u00e9sente les diff\u00e9rents aspects de l\u2019interaction fluide-structure (vibroacoustique et a\u00e9rodynamique) ainsi que les diff\u00e9rentes m\u00e9thodes utilis\u00e9es afin de r\u00e9aliser des simulations num\u00e9riques.","og_url":"https:\/\/www.istegroup.com\/fr\/produit\/interactions-fluide-structure-et-incertitudes\/","og_site_name":"ISTE Group","article_modified_time":"2024-01-03T13:41:36+00:00","og_image":[{"width":1700,"height":2560,"url":"https:\/\/www.istegroup.com\/wp-content\/uploads\/2018\/03\/El-Hami_Radi_Front-scaled.jpg","type":"image\/jpeg"}],"twitter_card":"summary_large_image","twitter_misc":{"Est. reading time":"1 minute"},"schema":{"@context":"https:\/\/schema.org","@graph":[{"@type":"WebPage","@id":"https:\/\/www.istegroup.com\/fr\/produit\/interactions-fluide-structure-et-incertitudes\/","url":"https:\/\/www.istegroup.com\/fr\/produit\/interactions-fluide-structure-et-incertitudes\/","name":"Interactions fluide-structure et incertitudes - ISTE Group","isPartOf":{"@id":"https:\/\/www.istegroup.com\/#website"},"primaryImageOfPage":{"@id":"https:\/\/www.istegroup.com\/fr\/produit\/interactions-fluide-structure-et-incertitudes\/#primaryimage"},"image":{"@id":"https:\/\/www.istegroup.com\/fr\/produit\/interactions-fluide-structure-et-incertitudes\/#primaryimage"},"thumbnailUrl":"https:\/\/www.istegroup.com\/wp-content\/uploads\/2018\/03\/El-Hami_Radi_Front-scaled.jpg","datePublished":"2017-09-10T13:59:31+00:00","dateModified":"2024-01-03T13:41:36+00:00","description":"Cet ouvrage pr\u00e9sente les diff\u00e9rents aspects de l\u2019interaction fluide-structure (vibroacoustique et a\u00e9rodynamique) ainsi que les diff\u00e9rentes m\u00e9thodes utilis\u00e9es afin de r\u00e9aliser des simulations num\u00e9riques.","breadcrumb":{"@id":"https:\/\/www.istegroup.com\/fr\/produit\/interactions-fluide-structure-et-incertitudes\/#breadcrumb"},"inLanguage":"fr-FR","potentialAction":[{"@type":"ReadAction","target":["https:\/\/www.istegroup.com\/fr\/produit\/interactions-fluide-structure-et-incertitudes\/"]}]},{"@type":"ImageObject","inLanguage":"fr-FR","@id":"https:\/\/www.istegroup.com\/fr\/produit\/interactions-fluide-structure-et-incertitudes\/#primaryimage","url":"https:\/\/www.istegroup.com\/wp-content\/uploads\/2018\/03\/El-Hami_Radi_Front-scaled.jpg","contentUrl":"https:\/\/www.istegroup.com\/wp-content\/uploads\/2018\/03\/El-Hami_Radi_Front-scaled.jpg","width":1700,"height":2560,"caption":"Utilisation des outils Ansys et Fluent"},{"@type":"BreadcrumbList","@id":"https:\/\/www.istegroup.com\/fr\/produit\/interactions-fluide-structure-et-incertitudes\/#breadcrumb","itemListElement":[{"@type":"ListItem","position":1,"name":"Home","item":"https:\/\/www.istegroup.com\/"},{"@type":"ListItem","position":2,"name":"Shop","item":"https:\/\/www.istegroup.com\/fr\/nouveautes\/"},{"@type":"ListItem","position":3,"name":"Interactions fluide-structure et incertitudes"}]},{"@type":"WebSite","@id":"https:\/\/www.istegroup.com\/#website","url":"https:\/\/www.istegroup.com\/","name":"ISTE Group","description":"\u00c9diteur des Sciences","potentialAction":[{"@type":"SearchAction","target":{"@type":"EntryPoint","urlTemplate":"https:\/\/www.istegroup.com\/?s={search_term_string}"},"query-input":{"@type":"PropertyValueSpecification","valueRequired":true,"valueName":"search_term_string"}}],"inLanguage":"fr-FR"}]}},"_links":{"self":[{"href":"https:\/\/www.istegroup.com\/fr\/wp-json\/wp\/v2\/product\/11519","targetHints":{"allow":["GET"]}}],"collection":[{"href":"https:\/\/www.istegroup.com\/fr\/wp-json\/wp\/v2\/product"}],"about":[{"href":"https:\/\/www.istegroup.com\/fr\/wp-json\/wp\/v2\/types\/product"}],"wp:featuredmedia":[{"embeddable":true,"href":"https:\/\/www.istegroup.com\/fr\/wp-json\/wp\/v2\/media\/11524"}],"wp:attachment":[{"href":"https:\/\/www.istegroup.com\/fr\/wp-json\/wp\/v2\/media?parent=11519"}],"wp:term":[{"taxonomy":"product_brand","embeddable":true,"href":"https:\/\/www.istegroup.com\/fr\/wp-json\/wp\/v2\/product_brand?post=11519"},{"taxonomy":"product_cat","embeddable":true,"href":"https:\/\/www.istegroup.com\/fr\/wp-json\/wp\/v2\/product_cat?post=11519"},{"taxonomy":"product_tag","embeddable":true,"href":"https:\/\/www.istegroup.com\/fr\/wp-json\/wp\/v2\/product_tag?post=11519"}],"curies":[{"name":"wp","href":"https:\/\/api.w.org\/{rel}","templated":true}]}}