{"id":11508,"date":"2018-03-27T15:41:44","date_gmt":"2018-03-27T13:41:44","guid":{"rendered":"https:\/\/iste.yhello.co\/?post_type=product&#038;p=11508"},"modified":"2024-01-03T13:41:35","modified_gmt":"2024-01-03T13:41:35","slug":"h2ptm17","status":"publish","type":"product","link":"https:\/\/www.istegroup.com\/fr\/produit\/h2ptm17\/","title":{"rendered":"H2PTM\u201917"},"content":{"rendered":"<p>La quatorzi\u00e8me \u00e9dition, en plus des th\u00e8mes r\u00e9currents qui constituent la trame des conf\u00e9rences H2PTM, offre un \u00e9clairage plus approfondi sur les designs, tout particuli\u00e8rement sous les angles informationnel et communicationnel et sur les exp\u00e9riences in\u00e9dites que les dispositifs innovants proposent \u00e0 leurs usagers.<\/p>\n<p>\u00c9troitement li\u00e9 \u00e0 l\u2019information et \u00e0 la communication \u2013 dont il rel\u00e8ve de fa\u00e7on d\u00e9cisive \u2013, le design recouvre l\u2019ensemble des \u00e9tapes cr\u00e9atives et\/ou de conception pr\u00e9alable \u00e0 l\u2019existence v\u00e9ritable d&rsquo;un artefact ou d&rsquo;un dispositif. L&rsquo;analyse de l&rsquo;hyperexp\u00e9rience permet alors un retour significatif sur ce domaine.<\/p>\n<p>Cet ouvrage regroupe l\u2019ensemble des communications de la conf\u00e9rence internationale H2PTM\u201917 : le num\u00e9rique \u00e0 l&rsquo;\u00e8re des designs, de l\u2019hypertexte \u00e0 l\u2019hyper-exp\u00e9rience.<\/p>\n","protected":false},"excerpt":{"rendered":"<p>La quatorzi\u00e8me \u00e9dition, en plus des th\u00e8mes r\u00e9currents qui constituent la trame des conf\u00e9rences H2PTM, offre un \u00e9clairage plus approfondi sur les designs, tout particuli\u00e8rement sous les angles informationnel et communicationnel et sur les exp\u00e9riences in\u00e9dites que les dispositifs innovants proposent \u00e0 leurs usagers. \u00c9troitement li\u00e9 \u00e0 l\u2019information et \u00e0 la communication \u2013 dont il [&hellip;]<\/p>\n","protected":false},"featured_media":11511,"template":"","meta":{"_acf_changed":false,"_links_to":"","_links_to_target":""},"product_brand":[],"product_cat":[3262],"product_tag":[],"class_list":{"0":"post-11508","1":"product","2":"type-product","3":"status-publish","4":"has-post-thumbnail","6":"product_cat-non-classe","8":"first","9":"instock","10":"shipping-taxable","11":"purchasable","12":"product-type-variable"},"acf":[],"yoast_head":"<!-- This site is optimized with the Yoast SEO plugin v27.2 - https:\/\/yoast.com\/product\/yoast-seo-wordpress\/ -->\n<title>H2PTM\u201917 - ISTE Group<\/title>\n<meta name=\"description\" content=\"Cet ouvrage regroupe l\u2019ensemble des communications de la conf\u00e9rence internationale H2PTM\u201917 : le num\u00e9rique \u00e0 l&#039;\u00e8re des designs, de l\u2019hypertexte \u00e0 l\u2019hyper-exp\u00e9rience.\" \/>\n<meta name=\"robots\" content=\"index, follow, max-snippet:-1, max-image-preview:large, max-video-preview:-1\" \/>\n<link rel=\"canonical\" href=\"https:\/\/www.istegroup.com\/en\/produit\/h2ptm17\/\" \/>\n<meta property=\"og:locale\" content=\"fr_FR\" \/>\n<meta property=\"og:type\" content=\"article\" \/>\n<meta property=\"og:title\" content=\"H2PTM\u201917 - ISTE Group\" \/>\n<meta property=\"og:description\" content=\"Cet ouvrage regroupe l\u2019ensemble des communications de la conf\u00e9rence internationale H2PTM\u201917 : le num\u00e9rique \u00e0 l&#039;\u00e8re des designs, de l\u2019hypertexte \u00e0 l\u2019hyper-exp\u00e9rience.\" \/>\n<meta property=\"og:url\" content=\"https:\/\/www.istegroup.com\/en\/produit\/h2ptm17\/\" \/>\n<meta property=\"og:site_name\" content=\"ISTE Group\" \/>\n<meta property=\"article:modified_time\" content=\"2024-01-03T13:41:35+00:00\" \/>\n<meta property=\"og:image\" content=\"https:\/\/www.istegroup.com\/wp-content\/uploads\/2018\/03\/H2PTM17_Front-scaled.jpg\" \/>\n\t<meta property=\"og:image:width\" content=\"1485\" \/>\n\t<meta property=\"og:image:height\" content=\"2560\" \/>\n\t<meta property=\"og:image:type\" content=\"image\/jpeg\" \/>\n<meta name=\"twitter:card\" content=\"summary_large_image\" \/>\n<meta name=\"twitter:label1\" content=\"Est. reading time\" \/>\n\t<meta name=\"twitter:data1\" content=\"1 minute\" \/>\n<script type=\"application\/ld+json\" class=\"yoast-schema-graph\">{\"@context\":\"https:\/\/schema.org\",\"@graph\":[{\"@type\":\"WebPage\",\"@id\":\"https:\/\/www.istegroup.com\/en\/produit\/h2ptm17\/\",\"url\":\"https:\/\/www.istegroup.com\/en\/produit\/h2ptm17\/\",\"name\":\"H2PTM\u201917 - ISTE Group\",\"isPartOf\":{\"@id\":\"https:\/\/www.istegroup.com\/#website\"},\"primaryImageOfPage\":{\"@id\":\"https:\/\/www.istegroup.com\/en\/produit\/h2ptm17\/#primaryimage\"},\"image\":{\"@id\":\"https:\/\/www.istegroup.com\/en\/produit\/h2ptm17\/#primaryimage\"},\"thumbnailUrl\":\"https:\/\/www.istegroup.com\/wp-content\/uploads\/2018\/03\/H2PTM17_Front-scaled.jpg\",\"datePublished\":\"2018-03-27T13:41:44+00:00\",\"dateModified\":\"2024-01-03T13:41:35+00:00\",\"description\":\"Cet ouvrage regroupe l\u2019ensemble des communications de la conf\u00e9rence internationale H2PTM\u201917 : le num\u00e9rique \u00e0 l'\u00e8re des designs, de l\u2019hypertexte \u00e0 l\u2019hyper-exp\u00e9rience.\",\"breadcrumb\":{\"@id\":\"https:\/\/www.istegroup.com\/en\/produit\/h2ptm17\/#breadcrumb\"},\"inLanguage\":\"fr-FR\",\"potentialAction\":[{\"@type\":\"ReadAction\",\"target\":[\"https:\/\/www.istegroup.com\/en\/produit\/h2ptm17\/\"]}]},{\"@type\":\"ImageObject\",\"inLanguage\":\"fr-FR\",\"@id\":\"https:\/\/www.istegroup.com\/en\/produit\/h2ptm17\/#primaryimage\",\"url\":\"https:\/\/www.istegroup.com\/wp-content\/uploads\/2018\/03\/H2PTM17_Front-scaled.jpg\",\"contentUrl\":\"https:\/\/www.istegroup.com\/wp-content\/uploads\/2018\/03\/H2PTM17_Front-scaled.jpg\",\"width\":1485,\"height\":2560,\"caption\":\"Le num\u00e9rique \u00e0 l\u2019\u00e8re des designs, de l\u2019hypertexte \u00e0 l\u2019hyper-exp\u00e9rience\"},{\"@type\":\"BreadcrumbList\",\"@id\":\"https:\/\/www.istegroup.com\/en\/produit\/h2ptm17\/#breadcrumb\",\"itemListElement\":[{\"@type\":\"ListItem\",\"position\":1,\"name\":\"Home\",\"item\":\"https:\/\/www.istegroup.com\/\"},{\"@type\":\"ListItem\",\"position\":2,\"name\":\"Shop\",\"item\":\"https:\/\/www.istegroup.com\/fr\/nouveautes\/\"},{\"@type\":\"ListItem\",\"position\":3,\"name\":\"H2PTM\u201917\"}]},{\"@type\":\"WebSite\",\"@id\":\"https:\/\/www.istegroup.com\/#website\",\"url\":\"https:\/\/www.istegroup.com\/\",\"name\":\"ISTE Group\",\"description\":\"\u00c9diteur des Sciences\",\"potentialAction\":[{\"@type\":\"SearchAction\",\"target\":{\"@type\":\"EntryPoint\",\"urlTemplate\":\"https:\/\/www.istegroup.com\/?s={search_term_string}\"},\"query-input\":{\"@type\":\"PropertyValueSpecification\",\"valueRequired\":true,\"valueName\":\"search_term_string\"}}],\"inLanguage\":\"fr-FR\"}]}<\/script>\n<!-- \/ Yoast SEO plugin. -->","yoast_head_json":{"title":"H2PTM\u201917 - ISTE Group","description":"Cet ouvrage regroupe l\u2019ensemble des communications de la conf\u00e9rence internationale H2PTM\u201917 : le num\u00e9rique \u00e0 l'\u00e8re des designs, de l\u2019hypertexte \u00e0 l\u2019hyper-exp\u00e9rience.","robots":{"index":"index","follow":"follow","max-snippet":"max-snippet:-1","max-image-preview":"max-image-preview:large","max-video-preview":"max-video-preview:-1"},"canonical":"https:\/\/www.istegroup.com\/en\/produit\/h2ptm17\/","og_locale":"fr_FR","og_type":"article","og_title":"H2PTM\u201917 - ISTE Group","og_description":"Cet ouvrage regroupe l\u2019ensemble des communications de la conf\u00e9rence internationale H2PTM\u201917 : le num\u00e9rique \u00e0 l'\u00e8re des designs, de l\u2019hypertexte \u00e0 l\u2019hyper-exp\u00e9rience.","og_url":"https:\/\/www.istegroup.com\/en\/produit\/h2ptm17\/","og_site_name":"ISTE Group","article_modified_time":"2024-01-03T13:41:35+00:00","og_image":[{"width":1485,"height":2560,"url":"https:\/\/www.istegroup.com\/wp-content\/uploads\/2018\/03\/H2PTM17_Front-scaled.jpg","type":"image\/jpeg"}],"twitter_card":"summary_large_image","twitter_misc":{"Est. reading time":"1 minute"},"schema":{"@context":"https:\/\/schema.org","@graph":[{"@type":"WebPage","@id":"https:\/\/www.istegroup.com\/en\/produit\/h2ptm17\/","url":"https:\/\/www.istegroup.com\/en\/produit\/h2ptm17\/","name":"H2PTM\u201917 - ISTE Group","isPartOf":{"@id":"https:\/\/www.istegroup.com\/#website"},"primaryImageOfPage":{"@id":"https:\/\/www.istegroup.com\/en\/produit\/h2ptm17\/#primaryimage"},"image":{"@id":"https:\/\/www.istegroup.com\/en\/produit\/h2ptm17\/#primaryimage"},"thumbnailUrl":"https:\/\/www.istegroup.com\/wp-content\/uploads\/2018\/03\/H2PTM17_Front-scaled.jpg","datePublished":"2018-03-27T13:41:44+00:00","dateModified":"2024-01-03T13:41:35+00:00","description":"Cet ouvrage regroupe l\u2019ensemble des communications de la conf\u00e9rence internationale H2PTM\u201917 : le num\u00e9rique \u00e0 l'\u00e8re des designs, de l\u2019hypertexte \u00e0 l\u2019hyper-exp\u00e9rience.","breadcrumb":{"@id":"https:\/\/www.istegroup.com\/en\/produit\/h2ptm17\/#breadcrumb"},"inLanguage":"fr-FR","potentialAction":[{"@type":"ReadAction","target":["https:\/\/www.istegroup.com\/en\/produit\/h2ptm17\/"]}]},{"@type":"ImageObject","inLanguage":"fr-FR","@id":"https:\/\/www.istegroup.com\/en\/produit\/h2ptm17\/#primaryimage","url":"https:\/\/www.istegroup.com\/wp-content\/uploads\/2018\/03\/H2PTM17_Front-scaled.jpg","contentUrl":"https:\/\/www.istegroup.com\/wp-content\/uploads\/2018\/03\/H2PTM17_Front-scaled.jpg","width":1485,"height":2560,"caption":"Le num\u00e9rique \u00e0 l\u2019\u00e8re des designs, de l\u2019hypertexte \u00e0 l\u2019hyper-exp\u00e9rience"},{"@type":"BreadcrumbList","@id":"https:\/\/www.istegroup.com\/en\/produit\/h2ptm17\/#breadcrumb","itemListElement":[{"@type":"ListItem","position":1,"name":"Home","item":"https:\/\/www.istegroup.com\/"},{"@type":"ListItem","position":2,"name":"Shop","item":"https:\/\/www.istegroup.com\/fr\/nouveautes\/"},{"@type":"ListItem","position":3,"name":"H2PTM\u201917"}]},{"@type":"WebSite","@id":"https:\/\/www.istegroup.com\/#website","url":"https:\/\/www.istegroup.com\/","name":"ISTE Group","description":"\u00c9diteur des Sciences","potentialAction":[{"@type":"SearchAction","target":{"@type":"EntryPoint","urlTemplate":"https:\/\/www.istegroup.com\/?s={search_term_string}"},"query-input":{"@type":"PropertyValueSpecification","valueRequired":true,"valueName":"search_term_string"}}],"inLanguage":"fr-FR"}]}},"_links":{"self":[{"href":"https:\/\/www.istegroup.com\/fr\/wp-json\/wp\/v2\/product\/11508","targetHints":{"allow":["GET"]}}],"collection":[{"href":"https:\/\/www.istegroup.com\/fr\/wp-json\/wp\/v2\/product"}],"about":[{"href":"https:\/\/www.istegroup.com\/fr\/wp-json\/wp\/v2\/types\/product"}],"wp:featuredmedia":[{"embeddable":true,"href":"https:\/\/www.istegroup.com\/fr\/wp-json\/wp\/v2\/media\/11511"}],"wp:attachment":[{"href":"https:\/\/www.istegroup.com\/fr\/wp-json\/wp\/v2\/media?parent=11508"}],"wp:term":[{"taxonomy":"product_brand","embeddable":true,"href":"https:\/\/www.istegroup.com\/fr\/wp-json\/wp\/v2\/product_brand?post=11508"},{"taxonomy":"product_cat","embeddable":true,"href":"https:\/\/www.istegroup.com\/fr\/wp-json\/wp\/v2\/product_cat?post=11508"},{"taxonomy":"product_tag","embeddable":true,"href":"https:\/\/www.istegroup.com\/fr\/wp-json\/wp\/v2\/product_tag?post=11508"}],"curies":[{"name":"wp","href":"https:\/\/api.w.org\/{rel}","templated":true}]}}