{"id":11488,"date":"2018-03-27T15:22:14","date_gmt":"2018-03-27T13:22:14","guid":{"rendered":"https:\/\/iste.yhello.co\/?post_type=product&#038;p=11488"},"modified":"2024-01-03T13:41:35","modified_gmt":"2024-01-03T13:41:35","slug":"espaces-de-banach-frechet-hilbert-et-neumann","status":"publish","type":"product","link":"https:\/\/www.istegroup.com\/fr\/produit\/espaces-de-banach-frechet-hilbert-et-neumann\/","title":{"rendered":"Espaces de Banach, Fr\u00e9chet, Hilbert et Neumann"},"content":{"rendered":"<p>Cet ouvrage est consacr\u00e9 aux espaces vectoriels norm\u00e9s ou semi-norm\u00e9s, dont les espaces de Banach, Fr\u00e9chet et Hilbert, avec des d\u00e9veloppements nouveaux sur les espaces de Neumann \u2013 c\u2019est-\u00e0-dire dans lesquels toute suite de Cauchy converge \u2013 et sur les espaces extractables \u2013 c\u2019est-\u00e0-dire dans lesquels toute suite born\u00e9e a une sous-suite faiblement convergente.<\/p>\n<p>Il pr\u00e9sente les principales propri\u00e9t\u00e9s de ces espaces utiles pour la construction des espaces de distributions, de Lebesgue et de Sobolev, \u00e0 valeurs r\u00e9elles ou vectorielles, ainsi que pour la r\u00e9solution d\u2019\u00e9quations aux d\u00e9riv\u00e9es partielles. Dans ce but, le calcul diff\u00e9rentiel est \u00e9tendu aux espaces semi-norm\u00e9s.<\/p>\n<p><em>Espaces de Banach, Fr\u00e9chet, Hilbert et Neumann<\/em>\u00a0privil\u00e9gie les m\u00e9thodes simples, les semi-normes, les propri\u00e9t\u00e9s s\u00e9quentielles et bien d\u2019autres encore, afin de rendre ces outils accessibles au plus grand nombre \u2013 doctorants, \u00e9tudiants de troisi\u00e8me cycle, ing\u00e9nieurs \u2013 sans en restreindre la g\u00e9n\u00e9ralit\u00e9.<\/p>\n","protected":false},"excerpt":{"rendered":"<p>Cet ouvrage est consacr\u00e9 aux espaces vectoriels norm\u00e9s ou semi-norm\u00e9s, dont les espaces de Banach, Fr\u00e9chet et Hilbert, avec des d\u00e9veloppements nouveaux sur les espaces de Neumann \u2013 c\u2019est-\u00e0-dire dans lesquels toute suite de Cauchy converge \u2013 et sur les espaces extractables \u2013 c\u2019est-\u00e0-dire dans lesquels toute suite born\u00e9e a une sous-suite faiblement convergente. Il [&hellip;]<\/p>\n","protected":false},"featured_media":11492,"template":"","meta":{"_acf_changed":false,"_links_to":"","_links_to_target":""},"product_brand":[],"product_cat":[3262],"product_tag":[],"class_list":{"0":"post-11488","1":"product","2":"type-product","3":"status-publish","4":"has-post-thumbnail","6":"product_cat-non-classe","8":"first","9":"instock","10":"shipping-taxable","11":"purchasable","12":"product-type-variable"},"acf":[],"yoast_head":"<!-- This site is optimized with the Yoast SEO plugin v27.2 - https:\/\/yoast.com\/product\/yoast-seo-wordpress\/ -->\n<title>Espaces de Banach, Fr\u00e9chet, Hilbert et Neumann - ISTE Group<\/title>\n<meta name=\"description\" content=\"Cet ouvrage est consacr\u00e9 aux espaces vectoriels norm\u00e9s ou semi-norm\u00e9s, dont les espaces de Banach, Fr\u00e9chet et Hilbert, avec des d\u00e9veloppements nouveaux sur les espaces de Neumann \u2013 c\u2019est-\u00e0-dire dans lesquels toute suite de Cauchy converge \u2013 et sur les espaces extractables \u2013 c\u2019est-\u00e0-dire dans lesquels toute suite born\u00e9e a une sous-suite faiblement convergente.\" \/>\n<meta name=\"robots\" content=\"index, follow, max-snippet:-1, max-image-preview:large, max-video-preview:-1\" \/>\n<link rel=\"canonical\" href=\"https:\/\/www.istegroup.com\/fr\/produit\/espaces-de-banach-frechet-hilbert-et-neumann\/\" \/>\n<meta property=\"og:locale\" content=\"fr_FR\" \/>\n<meta property=\"og:type\" content=\"article\" \/>\n<meta property=\"og:title\" content=\"Espaces de Banach, Fr\u00e9chet, Hilbert et Neumann - ISTE Group\" \/>\n<meta property=\"og:description\" content=\"Cet ouvrage est consacr\u00e9 aux espaces vectoriels norm\u00e9s ou semi-norm\u00e9s, dont les espaces de Banach, Fr\u00e9chet et Hilbert, avec des d\u00e9veloppements nouveaux sur les espaces de Neumann \u2013 c\u2019est-\u00e0-dire dans lesquels toute suite de Cauchy converge \u2013 et sur les espaces extractables \u2013 c\u2019est-\u00e0-dire dans lesquels toute suite born\u00e9e a une sous-suite faiblement convergente.\" \/>\n<meta property=\"og:url\" content=\"https:\/\/www.istegroup.com\/fr\/produit\/espaces-de-banach-frechet-hilbert-et-neumann\/\" \/>\n<meta property=\"og:site_name\" content=\"ISTE Group\" \/>\n<meta property=\"article:modified_time\" content=\"2024-01-03T13:41:35+00:00\" \/>\n<meta property=\"og:image\" content=\"https:\/\/www.istegroup.com\/wp-content\/uploads\/2018\/03\/Simon_Front-scaled.jpg\" \/>\n\t<meta property=\"og:image:width\" content=\"1700\" \/>\n\t<meta property=\"og:image:height\" content=\"2560\" \/>\n\t<meta property=\"og:image:type\" content=\"image\/jpeg\" \/>\n<meta name=\"twitter:card\" content=\"summary_large_image\" \/>\n<meta name=\"twitter:label1\" content=\"Est. reading time\" \/>\n\t<meta name=\"twitter:data1\" content=\"1 minute\" \/>\n<script type=\"application\/ld+json\" class=\"yoast-schema-graph\">{\"@context\":\"https:\/\/schema.org\",\"@graph\":[{\"@type\":\"WebPage\",\"@id\":\"https:\/\/www.istegroup.com\/fr\/produit\/espaces-de-banach-frechet-hilbert-et-neumann\/\",\"url\":\"https:\/\/www.istegroup.com\/fr\/produit\/espaces-de-banach-frechet-hilbert-et-neumann\/\",\"name\":\"Espaces de Banach, Fr\u00e9chet, Hilbert et Neumann - ISTE Group\",\"isPartOf\":{\"@id\":\"https:\/\/www.istegroup.com\/#website\"},\"primaryImageOfPage\":{\"@id\":\"https:\/\/www.istegroup.com\/fr\/produit\/espaces-de-banach-frechet-hilbert-et-neumann\/#primaryimage\"},\"image\":{\"@id\":\"https:\/\/www.istegroup.com\/fr\/produit\/espaces-de-banach-frechet-hilbert-et-neumann\/#primaryimage\"},\"thumbnailUrl\":\"https:\/\/www.istegroup.com\/wp-content\/uploads\/2018\/03\/Simon_Front-scaled.jpg\",\"datePublished\":\"2018-03-27T13:22:14+00:00\",\"dateModified\":\"2024-01-03T13:41:35+00:00\",\"description\":\"Cet ouvrage est consacr\u00e9 aux espaces vectoriels norm\u00e9s ou semi-norm\u00e9s, dont les espaces de Banach, Fr\u00e9chet et Hilbert, avec des d\u00e9veloppements nouveaux sur les espaces de Neumann \u2013 c\u2019est-\u00e0-dire dans lesquels toute suite de Cauchy converge \u2013 et sur les espaces extractables \u2013 c\u2019est-\u00e0-dire dans lesquels toute suite born\u00e9e a une sous-suite faiblement convergente.\",\"breadcrumb\":{\"@id\":\"https:\/\/www.istegroup.com\/fr\/produit\/espaces-de-banach-frechet-hilbert-et-neumann\/#breadcrumb\"},\"inLanguage\":\"fr-FR\",\"potentialAction\":[{\"@type\":\"ReadAction\",\"target\":[\"https:\/\/www.istegroup.com\/fr\/produit\/espaces-de-banach-frechet-hilbert-et-neumann\/\"]}]},{\"@type\":\"ImageObject\",\"inLanguage\":\"fr-FR\",\"@id\":\"https:\/\/www.istegroup.com\/fr\/produit\/espaces-de-banach-frechet-hilbert-et-neumann\/#primaryimage\",\"url\":\"https:\/\/www.istegroup.com\/wp-content\/uploads\/2018\/03\/Simon_Front-scaled.jpg\",\"contentUrl\":\"https:\/\/www.istegroup.com\/wp-content\/uploads\/2018\/03\/Simon_Front-scaled.jpg\",\"width\":1700,\"height\":2560,\"caption\":\"Espaces de Banach, Fr\u00e9chet, Hilbert et Neumann iste group\"},{\"@type\":\"BreadcrumbList\",\"@id\":\"https:\/\/www.istegroup.com\/fr\/produit\/espaces-de-banach-frechet-hilbert-et-neumann\/#breadcrumb\",\"itemListElement\":[{\"@type\":\"ListItem\",\"position\":1,\"name\":\"Home\",\"item\":\"https:\/\/www.istegroup.com\/\"},{\"@type\":\"ListItem\",\"position\":2,\"name\":\"Shop\",\"item\":\"https:\/\/www.istegroup.com\/fr\/nouveautes\/\"},{\"@type\":\"ListItem\",\"position\":3,\"name\":\"Espaces de Banach, Fr\u00e9chet, Hilbert et Neumann\"}]},{\"@type\":\"WebSite\",\"@id\":\"https:\/\/www.istegroup.com\/#website\",\"url\":\"https:\/\/www.istegroup.com\/\",\"name\":\"ISTE Group\",\"description\":\"\u00c9diteur des Sciences\",\"potentialAction\":[{\"@type\":\"SearchAction\",\"target\":{\"@type\":\"EntryPoint\",\"urlTemplate\":\"https:\/\/www.istegroup.com\/?s={search_term_string}\"},\"query-input\":{\"@type\":\"PropertyValueSpecification\",\"valueRequired\":true,\"valueName\":\"search_term_string\"}}],\"inLanguage\":\"fr-FR\"}]}<\/script>\n<!-- \/ Yoast SEO plugin. -->","yoast_head_json":{"title":"Espaces de Banach, Fr\u00e9chet, Hilbert et Neumann - ISTE Group","description":"Cet ouvrage est consacr\u00e9 aux espaces vectoriels norm\u00e9s ou semi-norm\u00e9s, dont les espaces de Banach, Fr\u00e9chet et Hilbert, avec des d\u00e9veloppements nouveaux sur les espaces de Neumann \u2013 c\u2019est-\u00e0-dire dans lesquels toute suite de Cauchy converge \u2013 et sur les espaces extractables \u2013 c\u2019est-\u00e0-dire dans lesquels toute suite born\u00e9e a une sous-suite faiblement convergente.","robots":{"index":"index","follow":"follow","max-snippet":"max-snippet:-1","max-image-preview":"max-image-preview:large","max-video-preview":"max-video-preview:-1"},"canonical":"https:\/\/www.istegroup.com\/fr\/produit\/espaces-de-banach-frechet-hilbert-et-neumann\/","og_locale":"fr_FR","og_type":"article","og_title":"Espaces de Banach, Fr\u00e9chet, Hilbert et Neumann - ISTE Group","og_description":"Cet ouvrage est consacr\u00e9 aux espaces vectoriels norm\u00e9s ou semi-norm\u00e9s, dont les espaces de Banach, Fr\u00e9chet et Hilbert, avec des d\u00e9veloppements nouveaux sur les espaces de Neumann \u2013 c\u2019est-\u00e0-dire dans lesquels toute suite de Cauchy converge \u2013 et sur les espaces extractables \u2013 c\u2019est-\u00e0-dire dans lesquels toute suite born\u00e9e a une sous-suite faiblement convergente.","og_url":"https:\/\/www.istegroup.com\/fr\/produit\/espaces-de-banach-frechet-hilbert-et-neumann\/","og_site_name":"ISTE Group","article_modified_time":"2024-01-03T13:41:35+00:00","og_image":[{"width":1700,"height":2560,"url":"https:\/\/www.istegroup.com\/wp-content\/uploads\/2018\/03\/Simon_Front-scaled.jpg","type":"image\/jpeg"}],"twitter_card":"summary_large_image","twitter_misc":{"Est. reading time":"1 minute"},"schema":{"@context":"https:\/\/schema.org","@graph":[{"@type":"WebPage","@id":"https:\/\/www.istegroup.com\/fr\/produit\/espaces-de-banach-frechet-hilbert-et-neumann\/","url":"https:\/\/www.istegroup.com\/fr\/produit\/espaces-de-banach-frechet-hilbert-et-neumann\/","name":"Espaces de Banach, Fr\u00e9chet, Hilbert et Neumann - ISTE Group","isPartOf":{"@id":"https:\/\/www.istegroup.com\/#website"},"primaryImageOfPage":{"@id":"https:\/\/www.istegroup.com\/fr\/produit\/espaces-de-banach-frechet-hilbert-et-neumann\/#primaryimage"},"image":{"@id":"https:\/\/www.istegroup.com\/fr\/produit\/espaces-de-banach-frechet-hilbert-et-neumann\/#primaryimage"},"thumbnailUrl":"https:\/\/www.istegroup.com\/wp-content\/uploads\/2018\/03\/Simon_Front-scaled.jpg","datePublished":"2018-03-27T13:22:14+00:00","dateModified":"2024-01-03T13:41:35+00:00","description":"Cet ouvrage est consacr\u00e9 aux espaces vectoriels norm\u00e9s ou semi-norm\u00e9s, dont les espaces de Banach, Fr\u00e9chet et Hilbert, avec des d\u00e9veloppements nouveaux sur les espaces de Neumann \u2013 c\u2019est-\u00e0-dire dans lesquels toute suite de Cauchy converge \u2013 et sur les espaces extractables \u2013 c\u2019est-\u00e0-dire dans lesquels toute suite born\u00e9e a une sous-suite faiblement convergente.","breadcrumb":{"@id":"https:\/\/www.istegroup.com\/fr\/produit\/espaces-de-banach-frechet-hilbert-et-neumann\/#breadcrumb"},"inLanguage":"fr-FR","potentialAction":[{"@type":"ReadAction","target":["https:\/\/www.istegroup.com\/fr\/produit\/espaces-de-banach-frechet-hilbert-et-neumann\/"]}]},{"@type":"ImageObject","inLanguage":"fr-FR","@id":"https:\/\/www.istegroup.com\/fr\/produit\/espaces-de-banach-frechet-hilbert-et-neumann\/#primaryimage","url":"https:\/\/www.istegroup.com\/wp-content\/uploads\/2018\/03\/Simon_Front-scaled.jpg","contentUrl":"https:\/\/www.istegroup.com\/wp-content\/uploads\/2018\/03\/Simon_Front-scaled.jpg","width":1700,"height":2560,"caption":"Espaces de Banach, Fr\u00e9chet, Hilbert et Neumann iste group"},{"@type":"BreadcrumbList","@id":"https:\/\/www.istegroup.com\/fr\/produit\/espaces-de-banach-frechet-hilbert-et-neumann\/#breadcrumb","itemListElement":[{"@type":"ListItem","position":1,"name":"Home","item":"https:\/\/www.istegroup.com\/"},{"@type":"ListItem","position":2,"name":"Shop","item":"https:\/\/www.istegroup.com\/fr\/nouveautes\/"},{"@type":"ListItem","position":3,"name":"Espaces de Banach, Fr\u00e9chet, Hilbert et Neumann"}]},{"@type":"WebSite","@id":"https:\/\/www.istegroup.com\/#website","url":"https:\/\/www.istegroup.com\/","name":"ISTE Group","description":"\u00c9diteur des Sciences","potentialAction":[{"@type":"SearchAction","target":{"@type":"EntryPoint","urlTemplate":"https:\/\/www.istegroup.com\/?s={search_term_string}"},"query-input":{"@type":"PropertyValueSpecification","valueRequired":true,"valueName":"search_term_string"}}],"inLanguage":"fr-FR"}]}},"_links":{"self":[{"href":"https:\/\/www.istegroup.com\/fr\/wp-json\/wp\/v2\/product\/11488","targetHints":{"allow":["GET"]}}],"collection":[{"href":"https:\/\/www.istegroup.com\/fr\/wp-json\/wp\/v2\/product"}],"about":[{"href":"https:\/\/www.istegroup.com\/fr\/wp-json\/wp\/v2\/types\/product"}],"wp:featuredmedia":[{"embeddable":true,"href":"https:\/\/www.istegroup.com\/fr\/wp-json\/wp\/v2\/media\/11492"}],"wp:attachment":[{"href":"https:\/\/www.istegroup.com\/fr\/wp-json\/wp\/v2\/media?parent=11488"}],"wp:term":[{"taxonomy":"product_brand","embeddable":true,"href":"https:\/\/www.istegroup.com\/fr\/wp-json\/wp\/v2\/product_brand?post=11488"},{"taxonomy":"product_cat","embeddable":true,"href":"https:\/\/www.istegroup.com\/fr\/wp-json\/wp\/v2\/product_cat?post=11488"},{"taxonomy":"product_tag","embeddable":true,"href":"https:\/\/www.istegroup.com\/fr\/wp-json\/wp\/v2\/product_tag?post=11488"}],"curies":[{"name":"wp","href":"https:\/\/api.w.org\/{rel}","templated":true}]}}