{"id":11466,"date":"2017-10-27T14:42:42","date_gmt":"2017-10-27T12:42:42","guid":{"rendered":"https:\/\/iste.yhello.co\/?post_type=product&#038;p=11466"},"modified":"2024-01-03T13:41:32","modified_gmt":"2024-01-03T13:41:32","slug":"ecotoxicologie-des-communautes-au-fonctionnement-des-ecosystemes","status":"publish","type":"product","link":"https:\/\/www.istegroup.com\/fr\/produit\/ecotoxicologie-des-communautes-au-fonctionnement-des-ecosystemes\/","title":{"rendered":"\u00c9cotoxicologie, des communaut\u00e9s au fonctionnement des \u00e9cosyst\u00e8mes"},"content":{"rendered":"<p>L\u2019\u00e9chelle des communaut\u00e9s est une \u00e9chelle cl\u00e9 en \u00e9cotoxicologie pour comprendre les perturbations du fonctionnement des \u00e9cosyst\u00e8mes.<\/p>\n<p>Ce fonctionnement peut \u00eatre significativement alt\u00e9r\u00e9 par les substances toxiques, et ce de mani\u00e8re directe ou indirecte via les effets sur les organismes ou leurs habitats, et les cons\u00e9quences sur les interactions entre les diff\u00e9rents groupes fonctionnels qui constituent les r\u00e9seaux trophiques.<\/p>\n<p>Afin d\u2019identifier, analyser et comprendre les effets de substances toxiques sur la structure et le fonctionnement des communaut\u00e9s et des \u00e9cosyst\u00e8mes, cet ouvrage pr\u00e9sente l\u2019\u00e9tat de l\u2019art ainsi que les perspectives de recherche pour une meilleure \u00e9valuation \u00e9cotoxicologique des \u00e9cosyst\u00e8mes, en s\u2019int\u00e9ressant \u00e0 diff\u00e9rents milieux (aquatiques, terrestres, a\u00e9riens) et \u00e0 diff\u00e9rentes communaut\u00e9s (depuis les communaut\u00e9s microbiennes jusqu\u2019\u00e0 celles d\u2019insectes, de v\u00e9g\u00e9taux, de poissons et de vert\u00e9br\u00e9s terrestres), int\u00e9grant plusieurs \u00e9chelles d\u2019observation allant jusqu\u2019au paysage.<\/p>\n","protected":false},"excerpt":{"rendered":"<p>L\u2019\u00e9chelle des communaut\u00e9s est une \u00e9chelle cl\u00e9 en \u00e9cotoxicologie pour comprendre les perturbations du fonctionnement des \u00e9cosyst\u00e8mes. Ce fonctionnement peut \u00eatre significativement alt\u00e9r\u00e9 par les substances toxiques, et ce de mani\u00e8re directe ou indirecte via les effets sur les organismes ou leurs habitats, et les cons\u00e9quences sur les interactions entre les diff\u00e9rents groupes fonctionnels qui [&hellip;]<\/p>\n","protected":false},"featured_media":20426,"template":"","meta":{"_acf_changed":false,"_links_to":"","_links_to_target":""},"product_brand":[],"product_cat":[3262],"product_tag":[],"class_list":{"0":"post-11466","1":"product","2":"type-product","3":"status-publish","4":"has-post-thumbnail","6":"product_cat-non-classe","8":"first","9":"instock","10":"shipping-taxable","11":"purchasable","12":"product-type-variable"},"acf":[],"yoast_head":"<!-- This site is optimized with the Yoast SEO plugin v27.2 - https:\/\/yoast.com\/product\/yoast-seo-wordpress\/ -->\n<title>\u00c9cotoxicologie, des communaut\u00e9s au fonctionnement des \u00e9cosyst\u00e8mes - ISTE Group<\/title>\n<meta name=\"robots\" content=\"index, follow, max-snippet:-1, max-image-preview:large, max-video-preview:-1\" \/>\n<link rel=\"canonical\" href=\"https:\/\/www.istegroup.com\/fr\/produit\/ecotoxicologie-des-communautes-au-fonctionnement-des-ecosystemes\/\" \/>\n<meta property=\"og:locale\" content=\"fr_FR\" \/>\n<meta property=\"og:type\" content=\"article\" \/>\n<meta property=\"og:title\" content=\"\u00c9cotoxicologie, des communaut\u00e9s au fonctionnement des \u00e9cosyst\u00e8mes - ISTE Group\" \/>\n<meta property=\"og:description\" content=\"L\u2019\u00e9chelle des communaut\u00e9s est une \u00e9chelle cl\u00e9 en \u00e9cotoxicologie pour comprendre les perturbations du fonctionnement des \u00e9cosyst\u00e8mes. Ce fonctionnement peut \u00eatre significativement alt\u00e9r\u00e9 par les substances toxiques, et ce de mani\u00e8re directe ou indirecte via les effets sur les organismes ou leurs habitats, et les cons\u00e9quences sur les interactions entre les diff\u00e9rents groupes fonctionnels qui [&hellip;]\" \/>\n<meta property=\"og:url\" content=\"https:\/\/www.istegroup.com\/fr\/produit\/ecotoxicologie-des-communautes-au-fonctionnement-des-ecosystemes\/\" \/>\n<meta property=\"og:site_name\" content=\"ISTE Group\" \/>\n<meta property=\"article:modified_time\" content=\"2024-01-03T13:41:32+00:00\" \/>\n<meta property=\"og:image\" content=\"https:\/\/www.istegroup.com\/wp-content\/uploads\/2019\/04\/Bernard_Front.jpg\" \/>\n\t<meta property=\"og:image:width\" content=\"300\" \/>\n\t<meta property=\"og:image:height\" content=\"452\" \/>\n\t<meta property=\"og:image:type\" content=\"image\/jpeg\" \/>\n<meta name=\"twitter:card\" content=\"summary_large_image\" \/>\n<meta name=\"twitter:label1\" content=\"Est. reading time\" \/>\n\t<meta name=\"twitter:data1\" content=\"1 minute\" \/>\n<script type=\"application\/ld+json\" class=\"yoast-schema-graph\">{\"@context\":\"https:\/\/schema.org\",\"@graph\":[{\"@type\":\"WebPage\",\"@id\":\"https:\/\/www.istegroup.com\/fr\/produit\/ecotoxicologie-des-communautes-au-fonctionnement-des-ecosystemes\/\",\"url\":\"https:\/\/www.istegroup.com\/fr\/produit\/ecotoxicologie-des-communautes-au-fonctionnement-des-ecosystemes\/\",\"name\":\"\u00c9cotoxicologie, des communaut\u00e9s au fonctionnement des \u00e9cosyst\u00e8mes - ISTE Group\",\"isPartOf\":{\"@id\":\"https:\/\/www.istegroup.com\/#website\"},\"primaryImageOfPage\":{\"@id\":\"https:\/\/www.istegroup.com\/fr\/produit\/ecotoxicologie-des-communautes-au-fonctionnement-des-ecosystemes\/#primaryimage\"},\"image\":{\"@id\":\"https:\/\/www.istegroup.com\/fr\/produit\/ecotoxicologie-des-communautes-au-fonctionnement-des-ecosystemes\/#primaryimage\"},\"thumbnailUrl\":\"https:\/\/www.istegroup.com\/wp-content\/uploads\/2019\/04\/Bernard_Front.jpg\",\"datePublished\":\"2017-10-27T12:42:42+00:00\",\"dateModified\":\"2024-01-03T13:41:32+00:00\",\"breadcrumb\":{\"@id\":\"https:\/\/www.istegroup.com\/fr\/produit\/ecotoxicologie-des-communautes-au-fonctionnement-des-ecosystemes\/#breadcrumb\"},\"inLanguage\":\"fr-FR\",\"potentialAction\":[{\"@type\":\"ReadAction\",\"target\":[\"https:\/\/www.istegroup.com\/fr\/produit\/ecotoxicologie-des-communautes-au-fonctionnement-des-ecosystemes\/\"]}]},{\"@type\":\"ImageObject\",\"inLanguage\":\"fr-FR\",\"@id\":\"https:\/\/www.istegroup.com\/fr\/produit\/ecotoxicologie-des-communautes-au-fonctionnement-des-ecosystemes\/#primaryimage\",\"url\":\"https:\/\/www.istegroup.com\/wp-content\/uploads\/2019\/04\/Bernard_Front.jpg\",\"contentUrl\":\"https:\/\/www.istegroup.com\/wp-content\/uploads\/2019\/04\/Bernard_Front.jpg\",\"width\":300,\"height\":452,\"caption\":\"\u00c9cotoxicologie, des communaut\u00e9s au fonctionnement des \u00e9cosyst\u00e8mes\"},{\"@type\":\"BreadcrumbList\",\"@id\":\"https:\/\/www.istegroup.com\/fr\/produit\/ecotoxicologie-des-communautes-au-fonctionnement-des-ecosystemes\/#breadcrumb\",\"itemListElement\":[{\"@type\":\"ListItem\",\"position\":1,\"name\":\"Home\",\"item\":\"https:\/\/www.istegroup.com\/\"},{\"@type\":\"ListItem\",\"position\":2,\"name\":\"Shop\",\"item\":\"https:\/\/www.istegroup.com\/fr\/nouveautes\/\"},{\"@type\":\"ListItem\",\"position\":3,\"name\":\"\u00c9cotoxicologie, des communaut\u00e9s au fonctionnement des \u00e9cosyst\u00e8mes\"}]},{\"@type\":\"WebSite\",\"@id\":\"https:\/\/www.istegroup.com\/#website\",\"url\":\"https:\/\/www.istegroup.com\/\",\"name\":\"ISTE Group\",\"description\":\"\u00c9diteur des Sciences\",\"potentialAction\":[{\"@type\":\"SearchAction\",\"target\":{\"@type\":\"EntryPoint\",\"urlTemplate\":\"https:\/\/www.istegroup.com\/?s={search_term_string}\"},\"query-input\":{\"@type\":\"PropertyValueSpecification\",\"valueRequired\":true,\"valueName\":\"search_term_string\"}}],\"inLanguage\":\"fr-FR\"}]}<\/script>\n<!-- \/ Yoast SEO plugin. -->","yoast_head_json":{"title":"\u00c9cotoxicologie, des communaut\u00e9s au fonctionnement des \u00e9cosyst\u00e8mes - ISTE Group","robots":{"index":"index","follow":"follow","max-snippet":"max-snippet:-1","max-image-preview":"max-image-preview:large","max-video-preview":"max-video-preview:-1"},"canonical":"https:\/\/www.istegroup.com\/fr\/produit\/ecotoxicologie-des-communautes-au-fonctionnement-des-ecosystemes\/","og_locale":"fr_FR","og_type":"article","og_title":"\u00c9cotoxicologie, des communaut\u00e9s au fonctionnement des \u00e9cosyst\u00e8mes - ISTE Group","og_description":"L\u2019\u00e9chelle des communaut\u00e9s est une \u00e9chelle cl\u00e9 en \u00e9cotoxicologie pour comprendre les perturbations du fonctionnement des \u00e9cosyst\u00e8mes. Ce fonctionnement peut \u00eatre significativement alt\u00e9r\u00e9 par les substances toxiques, et ce de mani\u00e8re directe ou indirecte via les effets sur les organismes ou leurs habitats, et les cons\u00e9quences sur les interactions entre les diff\u00e9rents groupes fonctionnels qui [&hellip;]","og_url":"https:\/\/www.istegroup.com\/fr\/produit\/ecotoxicologie-des-communautes-au-fonctionnement-des-ecosystemes\/","og_site_name":"ISTE Group","article_modified_time":"2024-01-03T13:41:32+00:00","og_image":[{"width":300,"height":452,"url":"https:\/\/www.istegroup.com\/wp-content\/uploads\/2019\/04\/Bernard_Front.jpg","type":"image\/jpeg"}],"twitter_card":"summary_large_image","twitter_misc":{"Est. reading time":"1 minute"},"schema":{"@context":"https:\/\/schema.org","@graph":[{"@type":"WebPage","@id":"https:\/\/www.istegroup.com\/fr\/produit\/ecotoxicologie-des-communautes-au-fonctionnement-des-ecosystemes\/","url":"https:\/\/www.istegroup.com\/fr\/produit\/ecotoxicologie-des-communautes-au-fonctionnement-des-ecosystemes\/","name":"\u00c9cotoxicologie, des communaut\u00e9s au fonctionnement des \u00e9cosyst\u00e8mes - ISTE Group","isPartOf":{"@id":"https:\/\/www.istegroup.com\/#website"},"primaryImageOfPage":{"@id":"https:\/\/www.istegroup.com\/fr\/produit\/ecotoxicologie-des-communautes-au-fonctionnement-des-ecosystemes\/#primaryimage"},"image":{"@id":"https:\/\/www.istegroup.com\/fr\/produit\/ecotoxicologie-des-communautes-au-fonctionnement-des-ecosystemes\/#primaryimage"},"thumbnailUrl":"https:\/\/www.istegroup.com\/wp-content\/uploads\/2019\/04\/Bernard_Front.jpg","datePublished":"2017-10-27T12:42:42+00:00","dateModified":"2024-01-03T13:41:32+00:00","breadcrumb":{"@id":"https:\/\/www.istegroup.com\/fr\/produit\/ecotoxicologie-des-communautes-au-fonctionnement-des-ecosystemes\/#breadcrumb"},"inLanguage":"fr-FR","potentialAction":[{"@type":"ReadAction","target":["https:\/\/www.istegroup.com\/fr\/produit\/ecotoxicologie-des-communautes-au-fonctionnement-des-ecosystemes\/"]}]},{"@type":"ImageObject","inLanguage":"fr-FR","@id":"https:\/\/www.istegroup.com\/fr\/produit\/ecotoxicologie-des-communautes-au-fonctionnement-des-ecosystemes\/#primaryimage","url":"https:\/\/www.istegroup.com\/wp-content\/uploads\/2019\/04\/Bernard_Front.jpg","contentUrl":"https:\/\/www.istegroup.com\/wp-content\/uploads\/2019\/04\/Bernard_Front.jpg","width":300,"height":452,"caption":"\u00c9cotoxicologie, des communaut\u00e9s au fonctionnement des \u00e9cosyst\u00e8mes"},{"@type":"BreadcrumbList","@id":"https:\/\/www.istegroup.com\/fr\/produit\/ecotoxicologie-des-communautes-au-fonctionnement-des-ecosystemes\/#breadcrumb","itemListElement":[{"@type":"ListItem","position":1,"name":"Home","item":"https:\/\/www.istegroup.com\/"},{"@type":"ListItem","position":2,"name":"Shop","item":"https:\/\/www.istegroup.com\/fr\/nouveautes\/"},{"@type":"ListItem","position":3,"name":"\u00c9cotoxicologie, des communaut\u00e9s au fonctionnement des \u00e9cosyst\u00e8mes"}]},{"@type":"WebSite","@id":"https:\/\/www.istegroup.com\/#website","url":"https:\/\/www.istegroup.com\/","name":"ISTE Group","description":"\u00c9diteur des Sciences","potentialAction":[{"@type":"SearchAction","target":{"@type":"EntryPoint","urlTemplate":"https:\/\/www.istegroup.com\/?s={search_term_string}"},"query-input":{"@type":"PropertyValueSpecification","valueRequired":true,"valueName":"search_term_string"}}],"inLanguage":"fr-FR"}]}},"_links":{"self":[{"href":"https:\/\/www.istegroup.com\/fr\/wp-json\/wp\/v2\/product\/11466","targetHints":{"allow":["GET"]}}],"collection":[{"href":"https:\/\/www.istegroup.com\/fr\/wp-json\/wp\/v2\/product"}],"about":[{"href":"https:\/\/www.istegroup.com\/fr\/wp-json\/wp\/v2\/types\/product"}],"wp:featuredmedia":[{"embeddable":true,"href":"https:\/\/www.istegroup.com\/fr\/wp-json\/wp\/v2\/media\/20426"}],"wp:attachment":[{"href":"https:\/\/www.istegroup.com\/fr\/wp-json\/wp\/v2\/media?parent=11466"}],"wp:term":[{"taxonomy":"product_brand","embeddable":true,"href":"https:\/\/www.istegroup.com\/fr\/wp-json\/wp\/v2\/product_brand?post=11466"},{"taxonomy":"product_cat","embeddable":true,"href":"https:\/\/www.istegroup.com\/fr\/wp-json\/wp\/v2\/product_cat?post=11466"},{"taxonomy":"product_tag","embeddable":true,"href":"https:\/\/www.istegroup.com\/fr\/wp-json\/wp\/v2\/product_tag?post=11466"}],"curies":[{"name":"wp","href":"https:\/\/api.w.org\/{rel}","templated":true}]}}