{"id":11460,"date":"2017-09-05T14:32:43","date_gmt":"2017-09-05T12:32:43","guid":{"rendered":"https:\/\/iste.yhello.co\/?post_type=product&#038;p=11460"},"modified":"2024-01-03T13:41:31","modified_gmt":"2024-01-03T13:41:31","slug":"dynamique-stochastique-des-structures","status":"publish","type":"product","link":"https:\/\/www.istegroup.com\/fr\/produit\/dynamique-stochastique-des-structures\/","title":{"rendered":"Dynamique stochastique des structures"},"content":{"rendered":"<p>Au cours des derni\u00e8res ann\u00e9es, ing\u00e9nieurs, scientifiques et d\u00e9cideurs ont manifest\u00e9 un fort int\u00e9r\u00eat pour la dynamique stochastique et l\u2019optimisation des syst\u00e8mes m\u00e9caniques, cela en raison des difficult\u00e9s th\u00e9oriques et des applications industrielles de ces deux domaines. Qui plus est, les mod\u00e8les d\u00e9terministes ne prennent actuellement pas en compte la variabilit\u00e9 des param\u00e8tres, souvent mal identifi\u00e9e, et donnent des r\u00e9sultats erron\u00e9s de la r\u00e9alit\u00e9 du probl\u00e8me trait\u00e9.<\/p>\n<p><em>Dynamique stochastique des structures<\/em>\u00a0examine les id\u00e9es et les outils les plus r\u00e9cents, issus de la recherche et de l\u2019industrie, dans les domaines de la dynamique stochastique, de la fiabilit\u00e9 et de l\u2019optimisation m\u00e9canique des structures. Il traite du couplage optimisation-fiabilit\u00e9 en dynamique des structures, afin de mettre en valeur les incertitudes dans la mod\u00e9lisation et la r\u00e9solution des probl\u00e8mes rencontr\u00e9s. Enfin, chaque chapitre expose clairement les techniques utilis\u00e9es et d\u00e9velopp\u00e9es et les accompagne par des exemples illustratifs.<\/p>\n","protected":false},"excerpt":{"rendered":"<p>Au cours des derni\u00e8res ann\u00e9es, ing\u00e9nieurs, scientifiques et d\u00e9cideurs ont manifest\u00e9 un fort int\u00e9r\u00eat pour la dynamique stochastique et l\u2019optimisation des syst\u00e8mes m\u00e9caniques, cela en raison des difficult\u00e9s th\u00e9oriques et des applications industrielles de ces deux domaines. Qui plus est, les mod\u00e8les d\u00e9terministes ne prennent actuellement pas en compte la variabilit\u00e9 des param\u00e8tres, souvent mal [&hellip;]<\/p>\n","protected":false},"featured_media":11465,"template":"","meta":{"_acf_changed":false,"_links_to":"","_links_to_target":""},"product_brand":[],"product_cat":[3262],"product_tag":[],"class_list":{"0":"post-11460","1":"product","2":"type-product","3":"status-publish","4":"has-post-thumbnail","6":"product_cat-non-classe","8":"first","9":"instock","10":"shipping-taxable","11":"purchasable","12":"product-type-variable"},"acf":[],"yoast_head":"<!-- This site is optimized with the Yoast SEO plugin v27.2 - https:\/\/yoast.com\/product\/yoast-seo-wordpress\/ -->\n<title>Dynamique stochastique des structures - ISTE Group<\/title>\n<meta name=\"description\" content=\"Dynamique stochastique des structures\u00a0examine les id\u00e9es et les outils les plus r\u00e9cents, issus de la recherche et de l\u2019industrie, dans les domaines de la dynamique stochastique, de la fiabilit\u00e9 et de l\u2019optimisation m\u00e9canique des structures.\" \/>\n<meta name=\"robots\" content=\"index, follow, max-snippet:-1, max-image-preview:large, max-video-preview:-1\" \/>\n<link rel=\"canonical\" href=\"https:\/\/www.istegroup.com\/en\/produit\/dynamique-stochastique-des-structures\/\" \/>\n<meta property=\"og:locale\" content=\"fr_FR\" \/>\n<meta property=\"og:type\" content=\"article\" \/>\n<meta property=\"og:title\" content=\"Dynamique stochastique des structures - ISTE Group\" \/>\n<meta property=\"og:description\" content=\"Dynamique stochastique des structures\u00a0examine les id\u00e9es et les outils les plus r\u00e9cents, issus de la recherche et de l\u2019industrie, dans les domaines de la dynamique stochastique, de la fiabilit\u00e9 et de l\u2019optimisation m\u00e9canique des structures.\" \/>\n<meta property=\"og:url\" content=\"https:\/\/www.istegroup.com\/en\/produit\/dynamique-stochastique-des-structures\/\" \/>\n<meta property=\"og:site_name\" content=\"ISTE Group\" \/>\n<meta property=\"article:modified_time\" content=\"2024-01-03T13:41:31+00:00\" \/>\n<meta property=\"og:image\" content=\"https:\/\/www.istegroup.com\/wp-content\/uploads\/2018\/03\/El-Hami_Radi-Dynamque_Front-scaled.jpg\" \/>\n\t<meta property=\"og:image:width\" content=\"1707\" \/>\n\t<meta property=\"og:image:height\" content=\"2560\" \/>\n\t<meta property=\"og:image:type\" content=\"image\/jpeg\" \/>\n<meta name=\"twitter:card\" content=\"summary_large_image\" \/>\n<meta name=\"twitter:label1\" content=\"Est. reading time\" \/>\n\t<meta name=\"twitter:data1\" content=\"1 minute\" \/>\n<script type=\"application\/ld+json\" class=\"yoast-schema-graph\">{\"@context\":\"https:\/\/schema.org\",\"@graph\":[{\"@type\":\"WebPage\",\"@id\":\"https:\/\/www.istegroup.com\/en\/produit\/dynamique-stochastique-des-structures\/\",\"url\":\"https:\/\/www.istegroup.com\/en\/produit\/dynamique-stochastique-des-structures\/\",\"name\":\"Dynamique stochastique des structures - ISTE Group\",\"isPartOf\":{\"@id\":\"https:\/\/www.istegroup.com\/#website\"},\"primaryImageOfPage\":{\"@id\":\"https:\/\/www.istegroup.com\/en\/produit\/dynamique-stochastique-des-structures\/#primaryimage\"},\"image\":{\"@id\":\"https:\/\/www.istegroup.com\/en\/produit\/dynamique-stochastique-des-structures\/#primaryimage\"},\"thumbnailUrl\":\"https:\/\/www.istegroup.com\/wp-content\/uploads\/2018\/03\/El-Hami_Radi-Dynamque_Front-scaled.jpg\",\"datePublished\":\"2017-09-05T12:32:43+00:00\",\"dateModified\":\"2024-01-03T13:41:31+00:00\",\"description\":\"Dynamique stochastique des structures\u00a0examine les id\u00e9es et les outils les plus r\u00e9cents, issus de la recherche et de l\u2019industrie, dans les domaines de la dynamique stochastique, de la fiabilit\u00e9 et de l\u2019optimisation m\u00e9canique des structures.\",\"breadcrumb\":{\"@id\":\"https:\/\/www.istegroup.com\/en\/produit\/dynamique-stochastique-des-structures\/#breadcrumb\"},\"inLanguage\":\"fr-FR\",\"potentialAction\":[{\"@type\":\"ReadAction\",\"target\":[\"https:\/\/www.istegroup.com\/en\/produit\/dynamique-stochastique-des-structures\/\"]}]},{\"@type\":\"ImageObject\",\"inLanguage\":\"fr-FR\",\"@id\":\"https:\/\/www.istegroup.com\/en\/produit\/dynamique-stochastique-des-structures\/#primaryimage\",\"url\":\"https:\/\/www.istegroup.com\/wp-content\/uploads\/2018\/03\/El-Hami_Radi-Dynamque_Front-scaled.jpg\",\"contentUrl\":\"https:\/\/www.istegroup.com\/wp-content\/uploads\/2018\/03\/El-Hami_Radi-Dynamque_Front-scaled.jpg\",\"width\":1707,\"height\":2560,\"caption\":\"Dynamique stochastique des structures iste group\"},{\"@type\":\"BreadcrumbList\",\"@id\":\"https:\/\/www.istegroup.com\/en\/produit\/dynamique-stochastique-des-structures\/#breadcrumb\",\"itemListElement\":[{\"@type\":\"ListItem\",\"position\":1,\"name\":\"Home\",\"item\":\"https:\/\/www.istegroup.com\/\"},{\"@type\":\"ListItem\",\"position\":2,\"name\":\"Shop\",\"item\":\"https:\/\/www.istegroup.com\/fr\/nouveautes\/\"},{\"@type\":\"ListItem\",\"position\":3,\"name\":\"Dynamique stochastique des structures\"}]},{\"@type\":\"WebSite\",\"@id\":\"https:\/\/www.istegroup.com\/#website\",\"url\":\"https:\/\/www.istegroup.com\/\",\"name\":\"ISTE Group\",\"description\":\"\u00c9diteur des Sciences\",\"potentialAction\":[{\"@type\":\"SearchAction\",\"target\":{\"@type\":\"EntryPoint\",\"urlTemplate\":\"https:\/\/www.istegroup.com\/?s={search_term_string}\"},\"query-input\":{\"@type\":\"PropertyValueSpecification\",\"valueRequired\":true,\"valueName\":\"search_term_string\"}}],\"inLanguage\":\"fr-FR\"}]}<\/script>\n<!-- \/ Yoast SEO plugin. -->","yoast_head_json":{"title":"Dynamique stochastique des structures - ISTE Group","description":"Dynamique stochastique des structures\u00a0examine les id\u00e9es et les outils les plus r\u00e9cents, issus de la recherche et de l\u2019industrie, dans les domaines de la dynamique stochastique, de la fiabilit\u00e9 et de l\u2019optimisation m\u00e9canique des structures.","robots":{"index":"index","follow":"follow","max-snippet":"max-snippet:-1","max-image-preview":"max-image-preview:large","max-video-preview":"max-video-preview:-1"},"canonical":"https:\/\/www.istegroup.com\/en\/produit\/dynamique-stochastique-des-structures\/","og_locale":"fr_FR","og_type":"article","og_title":"Dynamique stochastique des structures - ISTE Group","og_description":"Dynamique stochastique des structures\u00a0examine les id\u00e9es et les outils les plus r\u00e9cents, issus de la recherche et de l\u2019industrie, dans les domaines de la dynamique stochastique, de la fiabilit\u00e9 et de l\u2019optimisation m\u00e9canique des structures.","og_url":"https:\/\/www.istegroup.com\/en\/produit\/dynamique-stochastique-des-structures\/","og_site_name":"ISTE Group","article_modified_time":"2024-01-03T13:41:31+00:00","og_image":[{"width":1707,"height":2560,"url":"https:\/\/www.istegroup.com\/wp-content\/uploads\/2018\/03\/El-Hami_Radi-Dynamque_Front-scaled.jpg","type":"image\/jpeg"}],"twitter_card":"summary_large_image","twitter_misc":{"Est. reading time":"1 minute"},"schema":{"@context":"https:\/\/schema.org","@graph":[{"@type":"WebPage","@id":"https:\/\/www.istegroup.com\/en\/produit\/dynamique-stochastique-des-structures\/","url":"https:\/\/www.istegroup.com\/en\/produit\/dynamique-stochastique-des-structures\/","name":"Dynamique stochastique des structures - ISTE Group","isPartOf":{"@id":"https:\/\/www.istegroup.com\/#website"},"primaryImageOfPage":{"@id":"https:\/\/www.istegroup.com\/en\/produit\/dynamique-stochastique-des-structures\/#primaryimage"},"image":{"@id":"https:\/\/www.istegroup.com\/en\/produit\/dynamique-stochastique-des-structures\/#primaryimage"},"thumbnailUrl":"https:\/\/www.istegroup.com\/wp-content\/uploads\/2018\/03\/El-Hami_Radi-Dynamque_Front-scaled.jpg","datePublished":"2017-09-05T12:32:43+00:00","dateModified":"2024-01-03T13:41:31+00:00","description":"Dynamique stochastique des structures\u00a0examine les id\u00e9es et les outils les plus r\u00e9cents, issus de la recherche et de l\u2019industrie, dans les domaines de la dynamique stochastique, de la fiabilit\u00e9 et de l\u2019optimisation m\u00e9canique des structures.","breadcrumb":{"@id":"https:\/\/www.istegroup.com\/en\/produit\/dynamique-stochastique-des-structures\/#breadcrumb"},"inLanguage":"fr-FR","potentialAction":[{"@type":"ReadAction","target":["https:\/\/www.istegroup.com\/en\/produit\/dynamique-stochastique-des-structures\/"]}]},{"@type":"ImageObject","inLanguage":"fr-FR","@id":"https:\/\/www.istegroup.com\/en\/produit\/dynamique-stochastique-des-structures\/#primaryimage","url":"https:\/\/www.istegroup.com\/wp-content\/uploads\/2018\/03\/El-Hami_Radi-Dynamque_Front-scaled.jpg","contentUrl":"https:\/\/www.istegroup.com\/wp-content\/uploads\/2018\/03\/El-Hami_Radi-Dynamque_Front-scaled.jpg","width":1707,"height":2560,"caption":"Dynamique stochastique des structures iste group"},{"@type":"BreadcrumbList","@id":"https:\/\/www.istegroup.com\/en\/produit\/dynamique-stochastique-des-structures\/#breadcrumb","itemListElement":[{"@type":"ListItem","position":1,"name":"Home","item":"https:\/\/www.istegroup.com\/"},{"@type":"ListItem","position":2,"name":"Shop","item":"https:\/\/www.istegroup.com\/fr\/nouveautes\/"},{"@type":"ListItem","position":3,"name":"Dynamique stochastique des structures"}]},{"@type":"WebSite","@id":"https:\/\/www.istegroup.com\/#website","url":"https:\/\/www.istegroup.com\/","name":"ISTE Group","description":"\u00c9diteur des Sciences","potentialAction":[{"@type":"SearchAction","target":{"@type":"EntryPoint","urlTemplate":"https:\/\/www.istegroup.com\/?s={search_term_string}"},"query-input":{"@type":"PropertyValueSpecification","valueRequired":true,"valueName":"search_term_string"}}],"inLanguage":"fr-FR"}]}},"_links":{"self":[{"href":"https:\/\/www.istegroup.com\/fr\/wp-json\/wp\/v2\/product\/11460","targetHints":{"allow":["GET"]}}],"collection":[{"href":"https:\/\/www.istegroup.com\/fr\/wp-json\/wp\/v2\/product"}],"about":[{"href":"https:\/\/www.istegroup.com\/fr\/wp-json\/wp\/v2\/types\/product"}],"wp:featuredmedia":[{"embeddable":true,"href":"https:\/\/www.istegroup.com\/fr\/wp-json\/wp\/v2\/media\/11465"}],"wp:attachment":[{"href":"https:\/\/www.istegroup.com\/fr\/wp-json\/wp\/v2\/media?parent=11460"}],"wp:term":[{"taxonomy":"product_brand","embeddable":true,"href":"https:\/\/www.istegroup.com\/fr\/wp-json\/wp\/v2\/product_brand?post=11460"},{"taxonomy":"product_cat","embeddable":true,"href":"https:\/\/www.istegroup.com\/fr\/wp-json\/wp\/v2\/product_cat?post=11460"},{"taxonomy":"product_tag","embeddable":true,"href":"https:\/\/www.istegroup.com\/fr\/wp-json\/wp\/v2\/product_tag?post=11460"}],"curies":[{"name":"wp","href":"https:\/\/api.w.org\/{rel}","templated":true}]}}