{"id":11445,"date":"2018-03-27T14:13:01","date_gmt":"2018-03-27T12:13:01","guid":{"rendered":"https:\/\/iste.yhello.co\/?post_type=product&#038;p=11445"},"modified":"2024-01-03T13:41:31","modified_gmt":"2024-01-03T13:41:31","slug":"concurrence-et-coherence-dans-les-systemes-repartis","status":"publish","type":"product","link":"https:\/\/www.istegroup.com\/fr\/produit\/concurrence-et-coherence-dans-les-systemes-repartis\/","title":{"rendered":"Concurrence et coh\u00e9rence dans les syst\u00e8mes r\u00e9partis"},"content":{"rendered":"<p>La soci\u00e9t\u00e9 moderne est de plus en plus domin\u00e9e par la soci\u00e9t\u00e9 virtuelle, le nombre d\u2019internautes dans le monde ayant d\u00e9pass\u00e9 les trois milliards en 2015. A la diff\u00e9rence de leurs homologues s\u00e9quentiels, les syst\u00e8mes r\u00e9partis sont beaucoup plus difficiles \u00e0 concevoir, et sont donc sujets \u00e0 de nombreux probl\u00e8mes.<\/p>\n<p>La coh\u00e9rence s\u00e9quentielle fournit la m\u00eame vue globale \u00e0 tous les utilisateurs, mais le confort d&rsquo;utilisation qu&rsquo;elle apporte est trop co\u00fbteux, voire impossible, \u00e0 mettre en oeuvre \u00e0 grande \u00e9chelle.\u00a0<em>Concurrence et coh\u00e9rence dans les syst\u00e8mes r\u00e9partis<\/em>\u00a0examine les meilleures fa\u00e7ons de sp\u00e9cifier les objets que l\u2019on peut tout de m\u00eame impl\u00e9menter dans ces syst\u00e8mes.<\/p>\n<p>Cet ouvrage explore la zone grise des syst\u00e8mes r\u00e9partis et dresse une carte des crit\u00e8res de coh\u00e9rence faible, identifiant plusieurs familles et d\u00e9montrant comment elles peuvent s\u2019int\u00e9grer dans un langage de programmation.<\/p>\n","protected":false},"excerpt":{"rendered":"<p>La soci\u00e9t\u00e9 moderne est de plus en plus domin\u00e9e par la soci\u00e9t\u00e9 virtuelle, le nombre d\u2019internautes dans le monde ayant d\u00e9pass\u00e9 les trois milliards en 2015. A la diff\u00e9rence de leurs homologues s\u00e9quentiels, les syst\u00e8mes r\u00e9partis sont beaucoup plus difficiles \u00e0 concevoir, et sont donc sujets \u00e0 de nombreux probl\u00e8mes. La coh\u00e9rence s\u00e9quentielle fournit la [&hellip;]<\/p>\n","protected":false},"featured_media":11449,"template":"","meta":{"_acf_changed":false,"_links_to":"","_links_to_target":""},"product_brand":[],"product_cat":[3262],"product_tag":[],"class_list":{"0":"post-11445","1":"product","2":"type-product","3":"status-publish","4":"has-post-thumbnail","6":"product_cat-non-classe","8":"first","9":"instock","10":"shipping-taxable","11":"purchasable","12":"product-type-variable"},"acf":[],"yoast_head":"<!-- This site is optimized with the Yoast SEO plugin v27.2 - https:\/\/yoast.com\/product\/yoast-seo-wordpress\/ -->\n<title>Concurrence et coh\u00e9rence dans les syst\u00e8mes r\u00e9partis - ISTE Group<\/title>\n<meta name=\"description\" content=\"Cet ouvrage explore la zone grise des syst\u00e8mes r\u00e9partis et dresse une carte des crit\u00e8res de coh\u00e9rence faible, identifiant plusieurs familles et d\u00e9montrant comment elles peuvent s\u2019int\u00e9grer dans un langage de programmation.\" \/>\n<meta name=\"robots\" content=\"index, follow, max-snippet:-1, max-image-preview:large, max-video-preview:-1\" \/>\n<link rel=\"canonical\" href=\"https:\/\/www.istegroup.com\/fr\/produit\/concurrence-et-coherence-dans-les-systemes-repartis\/\" \/>\n<meta property=\"og:locale\" content=\"fr_FR\" \/>\n<meta property=\"og:type\" content=\"article\" \/>\n<meta property=\"og:title\" content=\"Concurrence et coh\u00e9rence dans les syst\u00e8mes r\u00e9partis - ISTE Group\" \/>\n<meta property=\"og:description\" content=\"Cet ouvrage explore la zone grise des syst\u00e8mes r\u00e9partis et dresse une carte des crit\u00e8res de coh\u00e9rence faible, identifiant plusieurs familles et d\u00e9montrant comment elles peuvent s\u2019int\u00e9grer dans un langage de programmation.\" \/>\n<meta property=\"og:url\" content=\"https:\/\/www.istegroup.com\/fr\/produit\/concurrence-et-coherence-dans-les-systemes-repartis\/\" \/>\n<meta property=\"og:site_name\" content=\"ISTE Group\" \/>\n<meta property=\"article:modified_time\" content=\"2024-01-03T13:41:31+00:00\" \/>\n<meta property=\"og:image\" content=\"https:\/\/www.istegroup.com\/wp-content\/uploads\/2018\/03\/Perrin_Front.jpg\" \/>\n\t<meta property=\"og:image:width\" content=\"300\" \/>\n\t<meta property=\"og:image:height\" content=\"452\" \/>\n\t<meta property=\"og:image:type\" content=\"image\/jpeg\" \/>\n<meta name=\"twitter:card\" content=\"summary_large_image\" \/>\n<meta name=\"twitter:label1\" content=\"Est. reading time\" \/>\n\t<meta name=\"twitter:data1\" content=\"1 minute\" \/>\n<script type=\"application\/ld+json\" class=\"yoast-schema-graph\">{\"@context\":\"https:\/\/schema.org\",\"@graph\":[{\"@type\":\"WebPage\",\"@id\":\"https:\/\/www.istegroup.com\/fr\/produit\/concurrence-et-coherence-dans-les-systemes-repartis\/\",\"url\":\"https:\/\/www.istegroup.com\/fr\/produit\/concurrence-et-coherence-dans-les-systemes-repartis\/\",\"name\":\"Concurrence et coh\u00e9rence dans les syst\u00e8mes r\u00e9partis - ISTE Group\",\"isPartOf\":{\"@id\":\"https:\/\/www.istegroup.com\/#website\"},\"primaryImageOfPage\":{\"@id\":\"https:\/\/www.istegroup.com\/fr\/produit\/concurrence-et-coherence-dans-les-systemes-repartis\/#primaryimage\"},\"image\":{\"@id\":\"https:\/\/www.istegroup.com\/fr\/produit\/concurrence-et-coherence-dans-les-systemes-repartis\/#primaryimage\"},\"thumbnailUrl\":\"https:\/\/www.istegroup.com\/wp-content\/uploads\/2018\/03\/Perrin_Front.jpg\",\"datePublished\":\"2018-03-27T12:13:01+00:00\",\"dateModified\":\"2024-01-03T13:41:31+00:00\",\"description\":\"Cet ouvrage explore la zone grise des syst\u00e8mes r\u00e9partis et dresse une carte des crit\u00e8res de coh\u00e9rence faible, identifiant plusieurs familles et d\u00e9montrant comment elles peuvent s\u2019int\u00e9grer dans un langage de programmation.\",\"breadcrumb\":{\"@id\":\"https:\/\/www.istegroup.com\/fr\/produit\/concurrence-et-coherence-dans-les-systemes-repartis\/#breadcrumb\"},\"inLanguage\":\"fr-FR\",\"potentialAction\":[{\"@type\":\"ReadAction\",\"target\":[\"https:\/\/www.istegroup.com\/fr\/produit\/concurrence-et-coherence-dans-les-systemes-repartis\/\"]}]},{\"@type\":\"ImageObject\",\"inLanguage\":\"fr-FR\",\"@id\":\"https:\/\/www.istegroup.com\/fr\/produit\/concurrence-et-coherence-dans-les-systemes-repartis\/#primaryimage\",\"url\":\"https:\/\/www.istegroup.com\/wp-content\/uploads\/2018\/03\/Perrin_Front.jpg\",\"contentUrl\":\"https:\/\/www.istegroup.com\/wp-content\/uploads\/2018\/03\/Perrin_Front.jpg\",\"width\":300,\"height\":452,\"caption\":\"Concurrence et coh\u00e9rence dans les syst\u00e8mes r\u00e9partis iste group\"},{\"@type\":\"BreadcrumbList\",\"@id\":\"https:\/\/www.istegroup.com\/fr\/produit\/concurrence-et-coherence-dans-les-systemes-repartis\/#breadcrumb\",\"itemListElement\":[{\"@type\":\"ListItem\",\"position\":1,\"name\":\"Home\",\"item\":\"https:\/\/www.istegroup.com\/\"},{\"@type\":\"ListItem\",\"position\":2,\"name\":\"Shop\",\"item\":\"https:\/\/www.istegroup.com\/fr\/nouveautes\/\"},{\"@type\":\"ListItem\",\"position\":3,\"name\":\"Concurrence et coh\u00e9rence dans les syst\u00e8mes r\u00e9partis\"}]},{\"@type\":\"WebSite\",\"@id\":\"https:\/\/www.istegroup.com\/#website\",\"url\":\"https:\/\/www.istegroup.com\/\",\"name\":\"ISTE Group\",\"description\":\"\u00c9diteur des Sciences\",\"potentialAction\":[{\"@type\":\"SearchAction\",\"target\":{\"@type\":\"EntryPoint\",\"urlTemplate\":\"https:\/\/www.istegroup.com\/?s={search_term_string}\"},\"query-input\":{\"@type\":\"PropertyValueSpecification\",\"valueRequired\":true,\"valueName\":\"search_term_string\"}}],\"inLanguage\":\"fr-FR\"}]}<\/script>\n<!-- \/ Yoast SEO plugin. -->","yoast_head_json":{"title":"Concurrence et coh\u00e9rence dans les syst\u00e8mes r\u00e9partis - ISTE Group","description":"Cet ouvrage explore la zone grise des syst\u00e8mes r\u00e9partis et dresse une carte des crit\u00e8res de coh\u00e9rence faible, identifiant plusieurs familles et d\u00e9montrant comment elles peuvent s\u2019int\u00e9grer dans un langage de programmation.","robots":{"index":"index","follow":"follow","max-snippet":"max-snippet:-1","max-image-preview":"max-image-preview:large","max-video-preview":"max-video-preview:-1"},"canonical":"https:\/\/www.istegroup.com\/fr\/produit\/concurrence-et-coherence-dans-les-systemes-repartis\/","og_locale":"fr_FR","og_type":"article","og_title":"Concurrence et coh\u00e9rence dans les syst\u00e8mes r\u00e9partis - ISTE Group","og_description":"Cet ouvrage explore la zone grise des syst\u00e8mes r\u00e9partis et dresse une carte des crit\u00e8res de coh\u00e9rence faible, identifiant plusieurs familles et d\u00e9montrant comment elles peuvent s\u2019int\u00e9grer dans un langage de programmation.","og_url":"https:\/\/www.istegroup.com\/fr\/produit\/concurrence-et-coherence-dans-les-systemes-repartis\/","og_site_name":"ISTE Group","article_modified_time":"2024-01-03T13:41:31+00:00","og_image":[{"width":300,"height":452,"url":"https:\/\/www.istegroup.com\/wp-content\/uploads\/2018\/03\/Perrin_Front.jpg","type":"image\/jpeg"}],"twitter_card":"summary_large_image","twitter_misc":{"Est. reading time":"1 minute"},"schema":{"@context":"https:\/\/schema.org","@graph":[{"@type":"WebPage","@id":"https:\/\/www.istegroup.com\/fr\/produit\/concurrence-et-coherence-dans-les-systemes-repartis\/","url":"https:\/\/www.istegroup.com\/fr\/produit\/concurrence-et-coherence-dans-les-systemes-repartis\/","name":"Concurrence et coh\u00e9rence dans les syst\u00e8mes r\u00e9partis - ISTE Group","isPartOf":{"@id":"https:\/\/www.istegroup.com\/#website"},"primaryImageOfPage":{"@id":"https:\/\/www.istegroup.com\/fr\/produit\/concurrence-et-coherence-dans-les-systemes-repartis\/#primaryimage"},"image":{"@id":"https:\/\/www.istegroup.com\/fr\/produit\/concurrence-et-coherence-dans-les-systemes-repartis\/#primaryimage"},"thumbnailUrl":"https:\/\/www.istegroup.com\/wp-content\/uploads\/2018\/03\/Perrin_Front.jpg","datePublished":"2018-03-27T12:13:01+00:00","dateModified":"2024-01-03T13:41:31+00:00","description":"Cet ouvrage explore la zone grise des syst\u00e8mes r\u00e9partis et dresse une carte des crit\u00e8res de coh\u00e9rence faible, identifiant plusieurs familles et d\u00e9montrant comment elles peuvent s\u2019int\u00e9grer dans un langage de programmation.","breadcrumb":{"@id":"https:\/\/www.istegroup.com\/fr\/produit\/concurrence-et-coherence-dans-les-systemes-repartis\/#breadcrumb"},"inLanguage":"fr-FR","potentialAction":[{"@type":"ReadAction","target":["https:\/\/www.istegroup.com\/fr\/produit\/concurrence-et-coherence-dans-les-systemes-repartis\/"]}]},{"@type":"ImageObject","inLanguage":"fr-FR","@id":"https:\/\/www.istegroup.com\/fr\/produit\/concurrence-et-coherence-dans-les-systemes-repartis\/#primaryimage","url":"https:\/\/www.istegroup.com\/wp-content\/uploads\/2018\/03\/Perrin_Front.jpg","contentUrl":"https:\/\/www.istegroup.com\/wp-content\/uploads\/2018\/03\/Perrin_Front.jpg","width":300,"height":452,"caption":"Concurrence et coh\u00e9rence dans les syst\u00e8mes r\u00e9partis iste group"},{"@type":"BreadcrumbList","@id":"https:\/\/www.istegroup.com\/fr\/produit\/concurrence-et-coherence-dans-les-systemes-repartis\/#breadcrumb","itemListElement":[{"@type":"ListItem","position":1,"name":"Home","item":"https:\/\/www.istegroup.com\/"},{"@type":"ListItem","position":2,"name":"Shop","item":"https:\/\/www.istegroup.com\/fr\/nouveautes\/"},{"@type":"ListItem","position":3,"name":"Concurrence et coh\u00e9rence dans les syst\u00e8mes r\u00e9partis"}]},{"@type":"WebSite","@id":"https:\/\/www.istegroup.com\/#website","url":"https:\/\/www.istegroup.com\/","name":"ISTE Group","description":"\u00c9diteur des Sciences","potentialAction":[{"@type":"SearchAction","target":{"@type":"EntryPoint","urlTemplate":"https:\/\/www.istegroup.com\/?s={search_term_string}"},"query-input":{"@type":"PropertyValueSpecification","valueRequired":true,"valueName":"search_term_string"}}],"inLanguage":"fr-FR"}]}},"_links":{"self":[{"href":"https:\/\/www.istegroup.com\/fr\/wp-json\/wp\/v2\/product\/11445","targetHints":{"allow":["GET"]}}],"collection":[{"href":"https:\/\/www.istegroup.com\/fr\/wp-json\/wp\/v2\/product"}],"about":[{"href":"https:\/\/www.istegroup.com\/fr\/wp-json\/wp\/v2\/types\/product"}],"wp:featuredmedia":[{"embeddable":true,"href":"https:\/\/www.istegroup.com\/fr\/wp-json\/wp\/v2\/media\/11449"}],"wp:attachment":[{"href":"https:\/\/www.istegroup.com\/fr\/wp-json\/wp\/v2\/media?parent=11445"}],"wp:term":[{"taxonomy":"product_brand","embeddable":true,"href":"https:\/\/www.istegroup.com\/fr\/wp-json\/wp\/v2\/product_brand?post=11445"},{"taxonomy":"product_cat","embeddable":true,"href":"https:\/\/www.istegroup.com\/fr\/wp-json\/wp\/v2\/product_cat?post=11445"},{"taxonomy":"product_tag","embeddable":true,"href":"https:\/\/www.istegroup.com\/fr\/wp-json\/wp\/v2\/product_tag?post=11445"}],"curies":[{"name":"wp","href":"https:\/\/api.w.org\/{rel}","templated":true}]}}