{"id":11415,"date":"2018-03-27T12:44:38","date_gmt":"2018-03-27T10:44:38","guid":{"rendered":"https:\/\/iste.yhello.co\/?post_type=product&#038;p=11415"},"modified":"2024-01-03T13:41:31","modified_gmt":"2024-01-03T13:41:31","slug":"biostatistique-et-analyse-informatique-des-donnees-de-sante-avec-sas","status":"publish","type":"product","link":"https:\/\/www.istegroup.com\/fr\/produit\/biostatistique-et-analyse-informatique-des-donnees-de-sante-avec-sas\/","title":{"rendered":"Biostatistique et analyse informatique des donn\u00e9es de sant\u00e9 avec SAS"},"content":{"rendered":"<p>La s\u00e9rie\u00a0<em>Biostatistique et sciences de la sant\u00e9<\/em>\u00a0pr\u00e9sente des ouvrages de statistique appliqu\u00e9e \u00e0 la recherche clinique, \u00e9pid\u00e9miologique, en \u00e9conomie et sociologie de la sant\u00e9, et en biologie m\u00e9dicale\u2026<\/p>\n<p>Les biostatistiques m\u00e9dicales constituent un champ scientifique pr\u00e9cieux pour le praticien qui souhaite calculer la valeur normale d\u2019une grandeur biologique, \u00e9valuer la fiabilit\u00e9 d\u2019un examen ou estimer le risque de complication d\u2019un \u00e9tat pathologique. Le logiciel de statistique SAS permet de compiler et d\u2019analyser efficacement ces donn\u00e9es m\u00e9dicales.<\/p>\n<p>Cet ouvrage fait suite au volume consacr\u00e9 au logiciel R et facilite un apprentissage progressif de SAS pour pouvoir r\u00e9aliser ses propres analyses. Con\u00e7u \u00e0 l\u2019origine pour un enseignement pratique, il propose une approche coh\u00e9rente et unifi\u00e9e des techniques de biostatistique rencontr\u00e9es dans les \u00e9tudes de recherche clinique et en \u00e9pid\u00e9miologie.<\/p>\n<p>Depuis l\u2019importation de sources de donn\u00e9es jusqu\u2019aux \u00e9tapes de mod\u00e9lisation statistique, la structuration d\u2019une base de donn\u00e9es et l\u2019exploration num\u00e9rique ou graphique des variables qui la composent jouent un r\u00f4le essentiel. Les principales commandes SAS permettant de manipuler des variables num\u00e9riques ou cat\u00e9gorielles sont illustr\u00e9es de fa\u00e7on \u00e0 pouvoir obtenir rapidement un r\u00e9sultat correctement interpr\u00e9table.<\/p>\n<p><em><a href=\"https:\/\/www.istegroup.com\/wp-content\/uploads\/2020\/05\/Donn\u00e9es.zip\">Jeux de donn\u00e9es t\u00e9l\u00e9chargeables ici<\/a><\/em><\/p>\n","protected":false},"excerpt":{"rendered":"<p>La s\u00e9rie\u00a0Biostatistique et sciences de la sant\u00e9\u00a0pr\u00e9sente des ouvrages de statistique appliqu\u00e9e \u00e0 la recherche clinique, \u00e9pid\u00e9miologique, en \u00e9conomie et sociologie de la sant\u00e9, et en biologie m\u00e9dicale\u2026 Les biostatistiques m\u00e9dicales constituent un champ scientifique pr\u00e9cieux pour le praticien qui souhaite calculer la valeur normale d\u2019une grandeur biologique, \u00e9valuer la fiabilit\u00e9 d\u2019un examen ou estimer [&hellip;]<\/p>\n","protected":false},"featured_media":11419,"template":"","meta":{"_acf_changed":false,"_links_to":"","_links_to_target":""},"product_brand":[],"product_cat":[3262],"product_tag":[],"class_list":{"0":"post-11415","1":"product","2":"type-product","3":"status-publish","4":"has-post-thumbnail","6":"product_cat-non-classe","8":"first","9":"instock","10":"shipping-taxable","11":"purchasable","12":"product-type-variable"},"acf":[],"yoast_head":"<!-- This site is optimized with the Yoast SEO plugin v27.2 - https:\/\/yoast.com\/product\/yoast-seo-wordpress\/ -->\n<title>Biostatistique et analyse informatique des donn\u00e9es de sant\u00e9 avec SAS - ISTE Group<\/title>\n<meta name=\"description\" content=\"Cet ouvrage fait suite au volume consacr\u00e9 au logiciel R et facilite un apprentissage progressif de SAS pour pouvoir r\u00e9aliser ses propres analyses. Con\u00e7u \u00e0 l\u2019origine pour un enseignement pratique, il propose une approche coh\u00e9rente et unifi\u00e9e des techniques de biostatistique rencontr\u00e9es dans les \u00e9tudes de recherche clinique et en \u00e9pid\u00e9miologie.\" \/>\n<meta name=\"robots\" content=\"index, follow, max-snippet:-1, max-image-preview:large, max-video-preview:-1\" \/>\n<link rel=\"canonical\" href=\"https:\/\/www.istegroup.com\/en\/produit\/biostatistique-et-analyse-informatique-des-donnees-de-sante-avec-sas\/\" \/>\n<meta property=\"og:locale\" content=\"fr_FR\" \/>\n<meta property=\"og:type\" content=\"article\" \/>\n<meta property=\"og:title\" content=\"Biostatistique et analyse informatique des donn\u00e9es de sant\u00e9 avec SAS - ISTE Group\" \/>\n<meta property=\"og:description\" content=\"Cet ouvrage fait suite au volume consacr\u00e9 au logiciel R et facilite un apprentissage progressif de SAS pour pouvoir r\u00e9aliser ses propres analyses. Con\u00e7u \u00e0 l\u2019origine pour un enseignement pratique, il propose une approche coh\u00e9rente et unifi\u00e9e des techniques de biostatistique rencontr\u00e9es dans les \u00e9tudes de recherche clinique et en \u00e9pid\u00e9miologie.\" \/>\n<meta property=\"og:url\" content=\"https:\/\/www.istegroup.com\/en\/produit\/biostatistique-et-analyse-informatique-des-donnees-de-sante-avec-sas\/\" \/>\n<meta property=\"og:site_name\" content=\"ISTE Group\" \/>\n<meta property=\"article:modified_time\" content=\"2024-01-03T13:41:31+00:00\" \/>\n<meta property=\"og:image\" content=\"https:\/\/www.istegroup.com\/wp-content\/uploads\/2018\/03\/Lalanne-Cover_Front-scaled.jpg\" \/>\n\t<meta property=\"og:image:width\" content=\"1633\" \/>\n\t<meta property=\"og:image:height\" content=\"2560\" \/>\n\t<meta property=\"og:image:type\" content=\"image\/jpeg\" \/>\n<meta name=\"twitter:card\" content=\"summary_large_image\" \/>\n<meta name=\"twitter:label1\" content=\"Est. reading time\" \/>\n\t<meta name=\"twitter:data1\" content=\"1 minute\" \/>\n<script type=\"application\/ld+json\" class=\"yoast-schema-graph\">{\"@context\":\"https:\/\/schema.org\",\"@graph\":[{\"@type\":\"WebPage\",\"@id\":\"https:\/\/www.istegroup.com\/en\/produit\/biostatistique-et-analyse-informatique-des-donnees-de-sante-avec-sas\/\",\"url\":\"https:\/\/www.istegroup.com\/en\/produit\/biostatistique-et-analyse-informatique-des-donnees-de-sante-avec-sas\/\",\"name\":\"Biostatistique et analyse informatique des donn\u00e9es de sant\u00e9 avec SAS - ISTE Group\",\"isPartOf\":{\"@id\":\"https:\/\/www.istegroup.com\/#website\"},\"primaryImageOfPage\":{\"@id\":\"https:\/\/www.istegroup.com\/en\/produit\/biostatistique-et-analyse-informatique-des-donnees-de-sante-avec-sas\/#primaryimage\"},\"image\":{\"@id\":\"https:\/\/www.istegroup.com\/en\/produit\/biostatistique-et-analyse-informatique-des-donnees-de-sante-avec-sas\/#primaryimage\"},\"thumbnailUrl\":\"https:\/\/www.istegroup.com\/wp-content\/uploads\/2018\/03\/Lalanne-Cover_Front-scaled.jpg\",\"datePublished\":\"2018-03-27T10:44:38+00:00\",\"dateModified\":\"2024-01-03T13:41:31+00:00\",\"description\":\"Cet ouvrage fait suite au volume consacr\u00e9 au logiciel R et facilite un apprentissage progressif de SAS pour pouvoir r\u00e9aliser ses propres analyses. Con\u00e7u \u00e0 l\u2019origine pour un enseignement pratique, il propose une approche coh\u00e9rente et unifi\u00e9e des techniques de biostatistique rencontr\u00e9es dans les \u00e9tudes de recherche clinique et en \u00e9pid\u00e9miologie.\",\"breadcrumb\":{\"@id\":\"https:\/\/www.istegroup.com\/en\/produit\/biostatistique-et-analyse-informatique-des-donnees-de-sante-avec-sas\/#breadcrumb\"},\"inLanguage\":\"fr-FR\",\"potentialAction\":[{\"@type\":\"ReadAction\",\"target\":[\"https:\/\/www.istegroup.com\/en\/produit\/biostatistique-et-analyse-informatique-des-donnees-de-sante-avec-sas\/\"]}]},{\"@type\":\"ImageObject\",\"inLanguage\":\"fr-FR\",\"@id\":\"https:\/\/www.istegroup.com\/en\/produit\/biostatistique-et-analyse-informatique-des-donnees-de-sante-avec-sas\/#primaryimage\",\"url\":\"https:\/\/www.istegroup.com\/wp-content\/uploads\/2018\/03\/Lalanne-Cover_Front-scaled.jpg\",\"contentUrl\":\"https:\/\/www.istegroup.com\/wp-content\/uploads\/2018\/03\/Lalanne-Cover_Front-scaled.jpg\",\"width\":1633,\"height\":2560,\"caption\":\"Biostatistique et analyse informatique des donn\u00e9es de sant\u00e9 avec SAS iste group\"},{\"@type\":\"BreadcrumbList\",\"@id\":\"https:\/\/www.istegroup.com\/en\/produit\/biostatistique-et-analyse-informatique-des-donnees-de-sante-avec-sas\/#breadcrumb\",\"itemListElement\":[{\"@type\":\"ListItem\",\"position\":1,\"name\":\"Home\",\"item\":\"https:\/\/www.istegroup.com\/\"},{\"@type\":\"ListItem\",\"position\":2,\"name\":\"Shop\",\"item\":\"https:\/\/www.istegroup.com\/fr\/nouveautes\/\"},{\"@type\":\"ListItem\",\"position\":3,\"name\":\"Biostatistique et analyse informatique des donn\u00e9es de sant\u00e9 avec SAS\"}]},{\"@type\":\"WebSite\",\"@id\":\"https:\/\/www.istegroup.com\/#website\",\"url\":\"https:\/\/www.istegroup.com\/\",\"name\":\"ISTE Group\",\"description\":\"\u00c9diteur des Sciences\",\"potentialAction\":[{\"@type\":\"SearchAction\",\"target\":{\"@type\":\"EntryPoint\",\"urlTemplate\":\"https:\/\/www.istegroup.com\/?s={search_term_string}\"},\"query-input\":{\"@type\":\"PropertyValueSpecification\",\"valueRequired\":true,\"valueName\":\"search_term_string\"}}],\"inLanguage\":\"fr-FR\"}]}<\/script>\n<!-- \/ Yoast SEO plugin. -->","yoast_head_json":{"title":"Biostatistique et analyse informatique des donn\u00e9es de sant\u00e9 avec SAS - ISTE Group","description":"Cet ouvrage fait suite au volume consacr\u00e9 au logiciel R et facilite un apprentissage progressif de SAS pour pouvoir r\u00e9aliser ses propres analyses. Con\u00e7u \u00e0 l\u2019origine pour un enseignement pratique, il propose une approche coh\u00e9rente et unifi\u00e9e des techniques de biostatistique rencontr\u00e9es dans les \u00e9tudes de recherche clinique et en \u00e9pid\u00e9miologie.","robots":{"index":"index","follow":"follow","max-snippet":"max-snippet:-1","max-image-preview":"max-image-preview:large","max-video-preview":"max-video-preview:-1"},"canonical":"https:\/\/www.istegroup.com\/en\/produit\/biostatistique-et-analyse-informatique-des-donnees-de-sante-avec-sas\/","og_locale":"fr_FR","og_type":"article","og_title":"Biostatistique et analyse informatique des donn\u00e9es de sant\u00e9 avec SAS - ISTE Group","og_description":"Cet ouvrage fait suite au volume consacr\u00e9 au logiciel R et facilite un apprentissage progressif de SAS pour pouvoir r\u00e9aliser ses propres analyses. Con\u00e7u \u00e0 l\u2019origine pour un enseignement pratique, il propose une approche coh\u00e9rente et unifi\u00e9e des techniques de biostatistique rencontr\u00e9es dans les \u00e9tudes de recherche clinique et en \u00e9pid\u00e9miologie.","og_url":"https:\/\/www.istegroup.com\/en\/produit\/biostatistique-et-analyse-informatique-des-donnees-de-sante-avec-sas\/","og_site_name":"ISTE Group","article_modified_time":"2024-01-03T13:41:31+00:00","og_image":[{"width":1633,"height":2560,"url":"https:\/\/www.istegroup.com\/wp-content\/uploads\/2018\/03\/Lalanne-Cover_Front-scaled.jpg","type":"image\/jpeg"}],"twitter_card":"summary_large_image","twitter_misc":{"Est. reading time":"1 minute"},"schema":{"@context":"https:\/\/schema.org","@graph":[{"@type":"WebPage","@id":"https:\/\/www.istegroup.com\/en\/produit\/biostatistique-et-analyse-informatique-des-donnees-de-sante-avec-sas\/","url":"https:\/\/www.istegroup.com\/en\/produit\/biostatistique-et-analyse-informatique-des-donnees-de-sante-avec-sas\/","name":"Biostatistique et analyse informatique des donn\u00e9es de sant\u00e9 avec SAS - ISTE Group","isPartOf":{"@id":"https:\/\/www.istegroup.com\/#website"},"primaryImageOfPage":{"@id":"https:\/\/www.istegroup.com\/en\/produit\/biostatistique-et-analyse-informatique-des-donnees-de-sante-avec-sas\/#primaryimage"},"image":{"@id":"https:\/\/www.istegroup.com\/en\/produit\/biostatistique-et-analyse-informatique-des-donnees-de-sante-avec-sas\/#primaryimage"},"thumbnailUrl":"https:\/\/www.istegroup.com\/wp-content\/uploads\/2018\/03\/Lalanne-Cover_Front-scaled.jpg","datePublished":"2018-03-27T10:44:38+00:00","dateModified":"2024-01-03T13:41:31+00:00","description":"Cet ouvrage fait suite au volume consacr\u00e9 au logiciel R et facilite un apprentissage progressif de SAS pour pouvoir r\u00e9aliser ses propres analyses. Con\u00e7u \u00e0 l\u2019origine pour un enseignement pratique, il propose une approche coh\u00e9rente et unifi\u00e9e des techniques de biostatistique rencontr\u00e9es dans les \u00e9tudes de recherche clinique et en \u00e9pid\u00e9miologie.","breadcrumb":{"@id":"https:\/\/www.istegroup.com\/en\/produit\/biostatistique-et-analyse-informatique-des-donnees-de-sante-avec-sas\/#breadcrumb"},"inLanguage":"fr-FR","potentialAction":[{"@type":"ReadAction","target":["https:\/\/www.istegroup.com\/en\/produit\/biostatistique-et-analyse-informatique-des-donnees-de-sante-avec-sas\/"]}]},{"@type":"ImageObject","inLanguage":"fr-FR","@id":"https:\/\/www.istegroup.com\/en\/produit\/biostatistique-et-analyse-informatique-des-donnees-de-sante-avec-sas\/#primaryimage","url":"https:\/\/www.istegroup.com\/wp-content\/uploads\/2018\/03\/Lalanne-Cover_Front-scaled.jpg","contentUrl":"https:\/\/www.istegroup.com\/wp-content\/uploads\/2018\/03\/Lalanne-Cover_Front-scaled.jpg","width":1633,"height":2560,"caption":"Biostatistique et analyse informatique des donn\u00e9es de sant\u00e9 avec SAS iste group"},{"@type":"BreadcrumbList","@id":"https:\/\/www.istegroup.com\/en\/produit\/biostatistique-et-analyse-informatique-des-donnees-de-sante-avec-sas\/#breadcrumb","itemListElement":[{"@type":"ListItem","position":1,"name":"Home","item":"https:\/\/www.istegroup.com\/"},{"@type":"ListItem","position":2,"name":"Shop","item":"https:\/\/www.istegroup.com\/fr\/nouveautes\/"},{"@type":"ListItem","position":3,"name":"Biostatistique et analyse informatique des donn\u00e9es de sant\u00e9 avec SAS"}]},{"@type":"WebSite","@id":"https:\/\/www.istegroup.com\/#website","url":"https:\/\/www.istegroup.com\/","name":"ISTE Group","description":"\u00c9diteur des Sciences","potentialAction":[{"@type":"SearchAction","target":{"@type":"EntryPoint","urlTemplate":"https:\/\/www.istegroup.com\/?s={search_term_string}"},"query-input":{"@type":"PropertyValueSpecification","valueRequired":true,"valueName":"search_term_string"}}],"inLanguage":"fr-FR"}]}},"_links":{"self":[{"href":"https:\/\/www.istegroup.com\/fr\/wp-json\/wp\/v2\/product\/11415","targetHints":{"allow":["GET"]}}],"collection":[{"href":"https:\/\/www.istegroup.com\/fr\/wp-json\/wp\/v2\/product"}],"about":[{"href":"https:\/\/www.istegroup.com\/fr\/wp-json\/wp\/v2\/types\/product"}],"wp:featuredmedia":[{"embeddable":true,"href":"https:\/\/www.istegroup.com\/fr\/wp-json\/wp\/v2\/media\/11419"}],"wp:attachment":[{"href":"https:\/\/www.istegroup.com\/fr\/wp-json\/wp\/v2\/media?parent=11415"}],"wp:term":[{"taxonomy":"product_brand","embeddable":true,"href":"https:\/\/www.istegroup.com\/fr\/wp-json\/wp\/v2\/product_brand?post=11415"},{"taxonomy":"product_cat","embeddable":true,"href":"https:\/\/www.istegroup.com\/fr\/wp-json\/wp\/v2\/product_cat?post=11415"},{"taxonomy":"product_tag","embeddable":true,"href":"https:\/\/www.istegroup.com\/fr\/wp-json\/wp\/v2\/product_tag?post=11415"}],"curies":[{"name":"wp","href":"https:\/\/api.w.org\/{rel}","templated":true}]}}